{"id":8009,"date":"2024-03-14T17:51:41","date_gmt":"2024-03-14T17:51:41","guid":{"rendered":"https:\/\/bunnyboo.ro\/product\/lullaby-dozy-dinkums-lyra-buttercream\/"},"modified":"2026-02-04T14:52:00","modified_gmt":"2026-02-04T12:52:00","slug":"lullaby-dozy-dinkums-lyra-buttercream","status":"publish","type":"product","link":"https:\/\/bunnyboo.ro\/en\/produs\/lullaby-dozy-dinkums-lyra-buttercream\/","title":{"rendered":"Papusa Lullaby Dozy Dinkums &#8211; Lyra &#8211; Buttercream"},"content":{"rendered":"<p class=\"MsoNormal\" style=\"margin: 0cm 0cm 0.0001pt;\"><span lang=\"RO\"><b>De ce o s\u0103-\u021bi plac\u0103:\u00a0<\/b><\/span><\/p>\n<p class=\"MsoNormal\" style=\"margin: 0cm 0cm 0.0001pt;\"><span lang=\"RO\">\u00a0<\/span><\/p>\n<p class=\"MsoNormal\" style=\"margin: 0cm 0cm 0.0001pt;\"><span lang=\"RO\">Twinkle, Twinkle Little Star, Lullaby Dozy Dinkums, here you are! Cu acela\u0219i design \u00eembr\u0103\u021bi\u0219abil, moale \u0219i reconfortant ca \u0219i cei mai iubi\u021bi Dozy Dinkums, Lullaby Lyra vine cu un mic pompon la cap\u0103tul bonetei, care, atunci c\u00e2nd este tras, red\u0103 o melodie de somn. <\/span><\/p>\n<p class=\"MsoNormal\" style=\"margin: 0cm 0cm 0.0001pt;\"><span lang=\"RO\">Baby Lyra este un cadou special pentru a intampina un nou-n\u0103scut.\u00a0<\/span><\/p>\n<p class=\"MsoNormal\" style=\"margin: 0cm 0cm 0.0001pt;\"><span lang=\"RO\">\u00a0<\/span><\/p>\n<p class=\"MsoNormal\" style=\"margin: 0cm 0cm 0.0001pt;\"><span lang=\"RO\"><b>Caracteristicile produsului:\u00a0\u00a0<\/b><\/span><\/p>\n<p class=\"MsoNormal\" style=\"margin: 0cm 0cm 0.0001pt;\"><span lang=\"RO\"><b>\u00a0<\/b><\/span><\/p>\n<p class=\"MsoNormal\" style=\"margin: 0cm 0cm 0.0001pt;\"><span lang=\"RO\">&#8211; Potrivit pentru v\u00e2rsta de 0+ <\/span><\/p>\n<p class=\"MsoNormal\" style=\"margin: 0cm 0cm 0.0001pt;\"><span lang=\"RO\">&#8211; Lullaby are incorporata o cutie muzical\u0103 minunata care se activeaza prin tragerea unui \u0219nur<\/span><\/p>\n<p class=\"MsoNormal\" style=\"margin: 0cm 0cm 0.0001pt;\"><span lang=\"RO\">&#8211; Lyra este articulat\u0103 \u0219i u\u0219oara pentru un plus de calm <\/span><\/p>\n<p class=\"MsoNormal\" style=\"margin: 0cm 0cm 0.0001pt;\"><span lang=\"RO\">&#8211; Caracteristici \u0219i stele brodate \u0219i un curcubeu Dinkum deasupra inimii <\/span><\/p>\n<p class=\"MsoNormal\" style=\"margin: 0cm 0cm 0.0001pt;\"><span lang=\"RO\">&#8211; <\/span><span lang=\"RO\">Costumas de catifea nedeta\u0219abil<\/span><\/p>\n<p class=\"MsoNormal\" style=\"margin: 0cm 0cm 0.0001pt;\"><span lang=\"RO\">&#8211; Fabricata din bumbac \u0219i poliester <\/span><\/p>\n<p class=\"MsoNormal\" style=\"margin: 0cm 0cm 0.0001pt;\"><span lang=\"RO\">&#8211; Umplutura interioar\u0103 con\u021bine fibre de poliester \u0219i pelete de plastic.<\/span><\/p>\n<p class=\"MsoNormal\" style=\"margin: 0cm 0cm 0.0001pt;\"><span lang=\"RO\">\u00a0<\/span><\/p>\n<p class=\"MsoNormal\" style=\"margin: 0cm 0cm 0.0001pt;\"><span lang=\"RO\">Dozy Dinkums poate fi pozat \u00een mai multe pozi\u021bii de dormit, cu capul, bra\u021bele \u0219i picioarele unite de corp printr-o band\u0103 interioar\u0103 din material textil. <\/span><\/p>\n<p class=\"MsoNormal\" style=\"margin: 0cm 0cm 0.0001pt;\"><span lang=\"RO\">&#8211; Ambalat \u00eentr-un saculet imprimat care se leaga cu \u0219nur din muselin\u0103 din bambus<\/span><\/p>\n<p class=\"MsoNormal\" style=\"margin: 0cm 0cm 0.0001pt;\"><span lang=\"RO\">\u00a0<\/span><\/p>\n<p class=\"MsoNormal\" style=\"margin: 0cm 0cm 0.0001pt;\"><span lang=\"RO\">Supravegherea este recomandat\u0103 \u00een orice moment. Inspecta\u021bi regulat juc\u0103ria pentru uzur\u0103. Respecta\u021bi \u00eentotdeauna regulile de somn sigur ale SIDS. Nu l\u0103sa\u021bi un bebelu\u0219 nesupravegheat cu ceva \u00een p\u0103tu\u021b. \u00cen timpul somnului, asigura\u021bi-v\u0103 c\u0103 Lullaby Dozy Dinkum Lyra nu este la \u00eendem\u00e2na copiilor sub 12 luni. De\u0219i este posibil ca juc\u0103ria s\u0103 nu fie la \u00eendem\u00e2na lor, bebelu\u0219ii vor g\u0103si totu\u0219i confort s\u0103 o vad\u0103 \u0219i s\u0103 o aud\u0103 \u00een timpul somnului. <\/span><\/p>\n<p class=\"MsoNormal\" style=\"margin: 0cm 0cm 0.0001pt;\"><span lang=\"RO\">\u00a0<\/span><\/p>\n<p class=\"MsoNormal\" style=\"margin: 0cm 0cm 0.0001pt;\"><span lang=\"RO\"><b>Dimensiuni:\u00a0 <\/b><\/span><\/p>\n<p class=\"MsoNormal\" style=\"margin: 0cm 0cm 0.0001pt;\"><span lang=\"RO\">papusa : 31 cm <\/span><\/p>\n<p class=\"MsoNormal\" style=\"margin: 0cm 0cm 0.0001pt;\"><span lang=\"RO\">Snur de tragere: 16 cm <\/span><\/p>\n<p class=\"MsoNormal\" style=\"margin: 0cm 0cm 0.0001pt;\"><span lang=\"RO\">Greutate: 0,16 kg<\/span><\/p>\n<p class=\"MsoNormal\" style=\"margin: 0cm 0cm 0.0001pt;\">\n","protected":false},"excerpt":{"rendered":"<p>De ce o s\u0103-\u021bi plac\u0103:\u00a0 \u00a0 Twinkle, Twinkle Little Star, Lullaby Dozy Dinkums, here you are! Cu acela\u0219i design \u00eembr\u0103\u021bi\u0219abil, moale \u0219i reconfortant ca \u0219i cei mai iubi\u021bi Dozy Dinkums, Lullaby Lyra vine cu un mic pompon la cap\u0103tul bonetei, care, atunci c\u00e2nd este tras, red\u0103 o melodie de somn. Baby Lyra este un cadou [&hellip;]<\/p>\n","protected":false},"featured_media":7996,"comment_status":"open","ping_status":"closed","template":"","meta":{"site-sidebar-layout":"default","site-content-layout":"","ast-site-content-layout":"default","site-content-style":"default","site-sidebar-style":"default","ast-global-header-display":"","ast-banner-title-visibility":"","ast-main-header-display":"","ast-hfb-above-header-display":"","ast-hfb-below-header-display":"","ast-hfb-mobile-header-display":"","site-post-title":"","ast-breadcrumbs-content":"","ast-featured-img":"","footer-sml-layout":"","theme-transparent-header-meta":"default","adv-header-id-meta":"","stick-header-meta":"default","header-above-stick-meta":"","header-main-stick-meta":"","header-below-stick-meta":"","astra-migrate-meta-layouts":"set","ast-page-background-enabled":"default","ast-page-background-meta":{"desktop":{"background-color":"","background-image":"","background-repeat":"repeat","background-position":"center center","background-size":"auto","background-attachment":"scroll","background-type":"","background-media":"","overlay-type":"","overlay-color":"","overlay-opacity":"","overlay-gradient":""},"tablet":{"background-color":"","background-image":"","background-repeat":"repeat","background-position":"center center","background-size":"auto","background-attachment":"scroll","background-type":"","background-media":"","overlay-type":"","overlay-color":"","overlay-opacity":"","overlay-gradient":""},"mobile":{"background-color":"","background-image":"","background-repeat":"repeat","background-position":"center center","background-size":"auto","background-attachment":"scroll","background-type":"","background-media":"","overlay-type":"","overlay-color":"","overlay-opacity":"","overlay-gradient":""}},"ast-content-background-meta":{"desktop":{"background-color":"var(--ast-global-color-5)","background-image":"","background-repeat":"repeat","background-position":"center center","background-size":"auto","background-attachment":"scroll","background-type":"","background-media":"","overlay-type":"","overlay-color":"","overlay-opacity":"","overlay-gradient":""},"tablet":{"background-color":"var(--ast-global-color-5)","background-image":"","background-repeat":"repeat","background-position":"center center","background-size":"auto","background-attachment":"scroll","background-type":"","background-media":"","overlay-type":"","overlay-color":"","overlay-opacity":"","overlay-gradient":""},"mobile":{"background-color":"var(--ast-global-color-5)","background-image":"","background-repeat":"repeat","background-position":"center center","background-size":"auto","background-attachment":"scroll","background-type":"","background-media":"","overlay-type":"","overlay-color":"","overlay-opacity":"","overlay-gradient":""}}},"product_brand":[],"product_cat":[293,52,65,67,132],"product_tag":[],"class_list":{"0":"post-8009","1":"product","2":"type-product","3":"status-publish","4":"has-post-thumbnail","6":"product_cat-decoratiuni-fairytale-si-jucarii-minunate","7":"product_cat-cei-mai-buni-prieteni","8":"product_cat-noutati-minunate-pentru-puiul-tau","9":"product_cat-papusi-adorabile-si-accesoriile-lor-deosebite","10":"product_cat-reduceri-pentru-tine","11":"desktop-align-left","12":"tablet-align-left","13":"mobile-align-left","14":"ast-product-gallery-layout-horizontal-slider","15":"ast-product-tabs-layout-vertical","16":"ast-qv-on-image","18":"first","19":"instock","20":"sale","21":"shipping-taxable","22":"purchasable","23":"product-type-simple"},"yoast_head":"<!-- This site is optimized with the Yoast SEO plugin v22.6 - https:\/\/yoast.com\/wordpress\/plugins\/seo\/ -->\n<title>Papusa Lullaby Dozy Dinkums - Lyra - Buttercream<\/title>\n<meta name=\"robots\" content=\"index, follow, max-snippet:-1, max-image-preview:large, max-video-preview:-1\" \/>\n<link rel=\"canonical\" href=\"https:\/\/bunnyboo.ro\/produs\/lullaby-dozy-dinkums-lyra-buttercream\/\" \/>\n<meta property=\"og:locale\" content=\"en_US\" \/>\n<meta property=\"og:type\" content=\"article\" \/>\n<meta property=\"og:title\" content=\"Papusa Lullaby Dozy Dinkums - Lyra - Buttercream\" \/>\n<meta property=\"og:description\" content=\"De ce o s\u0103-\u021bi plac\u0103:\u00a0 \u00a0 Twinkle, Twinkle Little Star, Lullaby Dozy Dinkums, here you are! Cu acela\u0219i design \u00eembr\u0103\u021bi\u0219abil, moale \u0219i reconfortant ca \u0219i cei mai iubi\u021bi Dozy Dinkums, Lullaby Lyra vine cu un mic pompon la cap\u0103tul bonetei, care, atunci c\u00e2nd este tras, red\u0103 o melodie de somn. Baby Lyra este un cadou [&hellip;]\" \/>\n<meta property=\"og:url\" content=\"https:\/\/bunnyboo.ro\/produs\/lullaby-dozy-dinkums-lyra-buttercream\/\" \/>\n<meta property=\"og:site_name\" content=\"Bunny Boo\" \/>\n<meta property=\"article:modified_time\" content=\"2026-02-04T12:52:00+00:00\" \/>\n<meta property=\"og:image\" content=\"https:\/\/bunnyboo.ro\/wp-content\/uploads\/2024\/03\/Lullaby-Dozy-Dinkum-Lyra-1-scaled.png\" \/>\n\t<meta property=\"og:image:width\" content=\"2560\" \/>\n\t<meta property=\"og:image:height\" content=\"2560\" \/>\n\t<meta property=\"og:image:type\" content=\"image\/png\" \/>\n<meta name=\"twitter:card\" content=\"summary_large_image\" \/>\n<meta name=\"twitter:label1\" content=\"Est. reading time\" \/>\n\t<meta name=\"twitter:data1\" content=\"2 minutes\" \/>\n<script type=\"application\/ld+json\" class=\"yoast-schema-graph\">{\"@context\":\"https:\/\/schema.org\",\"@graph\":[{\"@type\":\"WebPage\",\"@id\":\"https:\/\/bunnyboo.ro\/produs\/lullaby-dozy-dinkums-lyra-buttercream\/\",\"url\":\"https:\/\/bunnyboo.ro\/produs\/lullaby-dozy-dinkums-lyra-buttercream\/\",\"name\":\"Papusa Lullaby Dozy Dinkums - Lyra - Buttercream\",\"isPartOf\":{\"@id\":\"https:\/\/bunnyboo.ro\/#website\"},\"primaryImageOfPage\":{\"@id\":\"https:\/\/bunnyboo.ro\/produs\/lullaby-dozy-dinkums-lyra-buttercream\/#primaryimage\"},\"image\":{\"@id\":\"https:\/\/bunnyboo.ro\/produs\/lullaby-dozy-dinkums-lyra-buttercream\/#primaryimage\"},\"thumbnailUrl\":\"https:\/\/bunnyboo.ro\/wp-content\/uploads\/2024\/03\/Lullaby-Dozy-Dinkum-Lyra-1-scaled.png\",\"datePublished\":\"2024-03-14T17:51:41+00:00\",\"dateModified\":\"2026-02-04T12:52:00+00:00\",\"breadcrumb\":{\"@id\":\"https:\/\/bunnyboo.ro\/produs\/lullaby-dozy-dinkums-lyra-buttercream\/#breadcrumb\"},\"inLanguage\":\"en-US\",\"potentialAction\":[{\"@type\":\"ReadAction\",\"target\":[\"https:\/\/bunnyboo.ro\/produs\/lullaby-dozy-dinkums-lyra-buttercream\/\"]}]},{\"@type\":\"ImageObject\",\"inLanguage\":\"en-US\",\"@id\":\"https:\/\/bunnyboo.ro\/produs\/lullaby-dozy-dinkums-lyra-buttercream\/#primaryimage\",\"url\":\"https:\/\/bunnyboo.ro\/wp-content\/uploads\/2024\/03\/Lullaby-Dozy-Dinkum-Lyra-1-scaled.png\",\"contentUrl\":\"https:\/\/bunnyboo.ro\/wp-content\/uploads\/2024\/03\/Lullaby-Dozy-Dinkum-Lyra-1-scaled.png\",\"width\":2560,\"height\":2560,\"caption\":\"Lullaby Dozy Dinkum Lyra-1\"},{\"@type\":\"BreadcrumbList\",\"@id\":\"https:\/\/bunnyboo.ro\/produs\/lullaby-dozy-dinkums-lyra-buttercream\/#breadcrumb\",\"itemListElement\":[{\"@type\":\"ListItem\",\"position\":1,\"name\":\"Home\",\"item\":\"https:\/\/bunnyboo.ro\/en\/\"},{\"@type\":\"ListItem\",\"position\":2,\"name\":\"New\",\"item\":\"https:\/\/bunnyboo.ro\/en\/shop\/\"},{\"@type\":\"ListItem\",\"position\":3,\"name\":\"Papusa Lullaby Dozy Dinkums &#8211; Lyra &#8211; Buttercream\"}]},{\"@type\":\"WebSite\",\"@id\":\"https:\/\/bunnyboo.ro\/#website\",\"url\":\"https:\/\/bunnyboo.ro\/\",\"name\":\"Bunny Boo\",\"description\":\"Bunny Boo\",\"publisher\":{\"@id\":\"https:\/\/bunnyboo.ro\/#organization\"},\"potentialAction\":[{\"@type\":\"SearchAction\",\"target\":{\"@type\":\"EntryPoint\",\"urlTemplate\":\"https:\/\/bunnyboo.ro\/?s={search_term_string}\"},\"query-input\":\"required name=search_term_string\"}],\"inLanguage\":\"en-US\"},{\"@type\":\"Organization\",\"@id\":\"https:\/\/bunnyboo.ro\/#organization\",\"name\":\"Bunny Boo\",\"url\":\"https:\/\/bunnyboo.ro\/\",\"logo\":{\"@type\":\"ImageObject\",\"inLanguage\":\"en-US\",\"@id\":\"https:\/\/bunnyboo.ro\/#\/schema\/logo\/image\/\",\"url\":\"https:\/\/bunnyboo.ro\/wp-content\/uploads\/2024\/03\/Logo-website-black.png\",\"contentUrl\":\"https:\/\/bunnyboo.ro\/wp-content\/uploads\/2024\/03\/Logo-website-black.png\",\"width\":2422,\"height\":946,\"caption\":\"Bunny Boo\"},\"image\":{\"@id\":\"https:\/\/bunnyboo.ro\/#\/schema\/logo\/image\/\"}}]}<\/script>\n<!-- \/ Yoast SEO plugin. -->","yoast_head_json":{"title":"Papusa Lullaby Dozy Dinkums - Lyra - Buttercream","robots":{"index":"index","follow":"follow","max-snippet":"max-snippet:-1","max-image-preview":"max-image-preview:large","max-video-preview":"max-video-preview:-1"},"canonical":"https:\/\/bunnyboo.ro\/produs\/lullaby-dozy-dinkums-lyra-buttercream\/","og_locale":"en_US","og_type":"article","og_title":"Papusa Lullaby Dozy Dinkums - Lyra - Buttercream","og_description":"De ce o s\u0103-\u021bi plac\u0103:\u00a0 \u00a0 Twinkle, Twinkle Little Star, Lullaby Dozy Dinkums, here you are! Cu acela\u0219i design \u00eembr\u0103\u021bi\u0219abil, moale \u0219i reconfortant ca \u0219i cei mai iubi\u021bi Dozy Dinkums, Lullaby Lyra vine cu un mic pompon la cap\u0103tul bonetei, care, atunci c\u00e2nd este tras, red\u0103 o melodie de somn. Baby Lyra este un cadou [&hellip;]","og_url":"https:\/\/bunnyboo.ro\/produs\/lullaby-dozy-dinkums-lyra-buttercream\/","og_site_name":"Bunny Boo","article_modified_time":"2026-02-04T12:52:00+00:00","og_image":[{"width":2560,"height":2560,"url":"https:\/\/bunnyboo.ro\/wp-content\/uploads\/2024\/03\/Lullaby-Dozy-Dinkum-Lyra-1-scaled.png","type":"image\/png"}],"twitter_card":"summary_large_image","twitter_misc":{"Est. reading time":"2 minutes"},"schema":{"@context":"https:\/\/schema.org","@graph":[{"@type":"WebPage","@id":"https:\/\/bunnyboo.ro\/produs\/lullaby-dozy-dinkums-lyra-buttercream\/","url":"https:\/\/bunnyboo.ro\/produs\/lullaby-dozy-dinkums-lyra-buttercream\/","name":"Papusa Lullaby Dozy Dinkums - Lyra - Buttercream","isPartOf":{"@id":"https:\/\/bunnyboo.ro\/#website"},"primaryImageOfPage":{"@id":"https:\/\/bunnyboo.ro\/produs\/lullaby-dozy-dinkums-lyra-buttercream\/#primaryimage"},"image":{"@id":"https:\/\/bunnyboo.ro\/produs\/lullaby-dozy-dinkums-lyra-buttercream\/#primaryimage"},"thumbnailUrl":"https:\/\/bunnyboo.ro\/wp-content\/uploads\/2024\/03\/Lullaby-Dozy-Dinkum-Lyra-1-scaled.png","datePublished":"2024-03-14T17:51:41+00:00","dateModified":"2026-02-04T12:52:00+00:00","breadcrumb":{"@id":"https:\/\/bunnyboo.ro\/produs\/lullaby-dozy-dinkums-lyra-buttercream\/#breadcrumb"},"inLanguage":"en-US","potentialAction":[{"@type":"ReadAction","target":["https:\/\/bunnyboo.ro\/produs\/lullaby-dozy-dinkums-lyra-buttercream\/"]}]},{"@type":"ImageObject","inLanguage":"en-US","@id":"https:\/\/bunnyboo.ro\/produs\/lullaby-dozy-dinkums-lyra-buttercream\/#primaryimage","url":"https:\/\/bunnyboo.ro\/wp-content\/uploads\/2024\/03\/Lullaby-Dozy-Dinkum-Lyra-1-scaled.png","contentUrl":"https:\/\/bunnyboo.ro\/wp-content\/uploads\/2024\/03\/Lullaby-Dozy-Dinkum-Lyra-1-scaled.png","width":2560,"height":2560,"caption":"Lullaby Dozy Dinkum Lyra-1"},{"@type":"BreadcrumbList","@id":"https:\/\/bunnyboo.ro\/produs\/lullaby-dozy-dinkums-lyra-buttercream\/#breadcrumb","itemListElement":[{"@type":"ListItem","position":1,"name":"Home","item":"https:\/\/bunnyboo.ro\/en\/"},{"@type":"ListItem","position":2,"name":"New","item":"https:\/\/bunnyboo.ro\/en\/shop\/"},{"@type":"ListItem","position":3,"name":"Papusa Lullaby Dozy Dinkums &#8211; Lyra &#8211; Buttercream"}]},{"@type":"WebSite","@id":"https:\/\/bunnyboo.ro\/#website","url":"https:\/\/bunnyboo.ro\/","name":"Bunny Boo","description":"Bunny Boo","publisher":{"@id":"https:\/\/bunnyboo.ro\/#organization"},"potentialAction":[{"@type":"SearchAction","target":{"@type":"EntryPoint","urlTemplate":"https:\/\/bunnyboo.ro\/?s={search_term_string}"},"query-input":"required name=search_term_string"}],"inLanguage":"en-US"},{"@type":"Organization","@id":"https:\/\/bunnyboo.ro\/#organization","name":"Bunny Boo","url":"https:\/\/bunnyboo.ro\/","logo":{"@type":"ImageObject","inLanguage":"en-US","@id":"https:\/\/bunnyboo.ro\/#\/schema\/logo\/image\/","url":"https:\/\/bunnyboo.ro\/wp-content\/uploads\/2024\/03\/Logo-website-black.png","contentUrl":"https:\/\/bunnyboo.ro\/wp-content\/uploads\/2024\/03\/Logo-website-black.png","width":2422,"height":946,"caption":"Bunny Boo"},"image":{"@id":"https:\/\/bunnyboo.ro\/#\/schema\/logo\/image\/"}}]}},"_links":{"self":[{"href":"https:\/\/bunnyboo.ro\/en\/wp-json\/wp\/v2\/product\/8009","targetHints":{"allow":["GET"]}}],"collection":[{"href":"https:\/\/bunnyboo.ro\/en\/wp-json\/wp\/v2\/product"}],"about":[{"href":"https:\/\/bunnyboo.ro\/en\/wp-json\/wp\/v2\/types\/product"}],"replies":[{"embeddable":true,"href":"https:\/\/bunnyboo.ro\/en\/wp-json\/wp\/v2\/comments?post=8009"}],"wp:featuredmedia":[{"embeddable":true,"href":"https:\/\/bunnyboo.ro\/en\/wp-json\/wp\/v2\/media\/7996"}],"wp:attachment":[{"href":"https:\/\/bunnyboo.ro\/en\/wp-json\/wp\/v2\/media?parent=8009"}],"wp:term":[{"taxonomy":"product_brand","embeddable":true,"href":"https:\/\/bunnyboo.ro\/en\/wp-json\/wp\/v2\/product_brand?post=8009"},{"taxonomy":"product_cat","embeddable":true,"href":"https:\/\/bunnyboo.ro\/en\/wp-json\/wp\/v2\/product_cat?post=8009"},{"taxonomy":"product_tag","embeddable":true,"href":"https:\/\/bunnyboo.ro\/en\/wp-json\/wp\/v2\/product_tag?post=8009"}],"curies":[{"name":"wp","href":"https:\/\/api.w.org\/{rel}","templated":true}]}}