{"id":7984,"date":"2024-03-14T16:37:46","date_gmt":"2024-03-14T16:37:46","guid":{"rendered":"https:\/\/bunnyboo.ro\/product\/cozy-dinkums-lamby-pookie-vanilla\/"},"modified":"2026-02-04T16:16:11","modified_gmt":"2026-02-04T14:16:11","slug":"cozy-dinkums-lamby-pookie-vanilla","status":"publish","type":"product","link":"https:\/\/bunnyboo.ro\/en\/produs\/cozy-dinkums-lamby-pookie-vanilla\/","title":{"rendered":"Papusa Cozy Dinkums &#8211; Lamby Pookie &#8211; Vanilla"},"content":{"rendered":"<p class=\"MsoNormal\" style=\"margin: 0cm 0cm 0.0001pt;\"><span lang=\"RO\"><b>De ce o s\u0103-\u021bi plac\u0103:\u00a0<\/b><\/span><\/p>\n<p class=\"MsoNormal\" style=\"margin: 0cm 0cm 0.0001pt;\"><span lang=\"RO\"><b>\u00a0<\/b><\/span><\/p>\n<p class=\"MsoNormal\" style=\"margin: 0cm 0cm 0.0001pt;\"><span lang=\"RO\">Cozy Lamby Pookie se refer\u0103 la acel plu\u0219 insufletit, cu z\u00e2mbetul molipsitor, cre\u021b \u0219i moale. Pune\u021bi Lamby Pookie \u00eentr-o cutie pentru o surpriz\u0103 minunata \u00een diminea\u021ba de Pa\u0219te.\u00a0\u00a0\u00a0\u00a0\u00a0<\/span><\/p>\n<p class=\"MsoNormal\" style=\"margin: 0cm 0cm 0.0001pt;\"><span lang=\"RO\">\u00a0<\/span><\/p>\n<p class=\"MsoNormal\" style=\"margin: 0cm 0cm 0.0001pt;\"><span lang=\"RO\"><b>Caracteristici produs:<\/b><\/span><\/p>\n<p class=\"MsoNormal\" style=\"margin: 0cm 0cm 0.0001pt;\"><span lang=\"RO\">\u00a0<\/span><\/p>\n<p class=\"MsoNormal\" style=\"margin: 0cm 0cm 0.0001pt;\"><span lang=\"RO\">\u00b7 Potrivit pentru v\u00e2rsta de 0+\u00a0 <\/span><\/p>\n<p class=\"MsoNormal\" style=\"margin: 0cm 0cm 0.0001pt;\"><span lang=\"RO\">\u00b7 Posibil \u0219i u\u0219or ponderat pentru calm\u00a0 <\/span><\/p>\n<p class=\"MsoNormal\" style=\"margin: 0cm 0cm 0.0001pt;\"><span lang=\"RO\">\u00b7 Caracteristici brodate \u0219i un curcubeu Dinkum peste inim\u0103\u00a0 <\/span><\/p>\n<p class=\"MsoNormal\" style=\"margin: 0cm 0cm 0.0001pt;\"><span lang=\"RO\">\u00b7 Costume de plu\u0219 nedeta\u0219abil\u00a0 <\/span><\/p>\n<p class=\"MsoNormal\" style=\"margin: 0cm 0cm 0.0001pt;\"><span lang=\"RO\">\u00b7 \u00cen timpul jocului, \u021bine-l pe Bebelus Pookie aproape cu un purt\u0103tor Dinkum Dolls Cottontail\u00a0 \u00b7<\/span><\/p>\n<p class=\"MsoNormal\" style=\"margin: 0cm 0cm 0.0001pt;\"><span lang=\"RO\"> Fabricat din bumbac \u0219i poliester. Umplutura interioar\u0103 con\u021bine fibre de poliester \u0219i pelete de plastic. Capul, bra\u021bele \u0219i picioarele confortabile Dinkum sunt unite cu corpul lor printr-o band\u0103 interioar\u0103 din material textil.\u00a0 <\/span><\/p>\n<p class=\"MsoNormal\" style=\"margin: 0cm 0cm 0.0001pt;\"><span lang=\"RO\">\u00b7 Ambalat \u00eentr-o pung\u0103 de bumbac cu \u0219nur\u00a0 <\/span><\/p>\n<p class=\"MsoNormal\" style=\"margin: 0cm 0cm 0.0001pt;\"><span lang=\"RO\">\u00b7 Acest produs este testat \u0219i este \u00een conformitate cu standardele 0+. <\/span><\/p>\n<p class=\"MsoNormal\" style=\"margin: 0cm 0cm 0.0001pt;\"><span lang=\"RO\">Olli Ella recomand\u0103 supravegherea sugarilor \u0219i copiilor cu juc\u0103riile lor \u00een orice moment. Inspecta\u021bi regulat juc\u0103ria pentru uzur\u0103.\u00a0 \u00b7 Respecta\u021bi \u00eentotdeauna regulile SIDS privind somnul sigur. Nu l\u0103sa\u021bi un bebelu\u0219 nesupravegheat cu ceva \u00een p\u0103tu\u021b sau p\u0103tu\u021b. \u00cen timpul somnului, asigura\u021bi-v\u0103 c\u0103 Cozy Dinkum nu este la \u00eendem\u00e2na copiilor sub 12 luni. De\u0219i este posibil ca juc\u0103ria s\u0103 nu fie la \u00eendem\u00e2na lor, bebelu\u0219ii vor g\u0103si totu\u0219i confort s\u0103 o vad\u0103 \u0219i s\u0103 o aud\u0103 \u00een timpul somnului.\u00a0\u00a0\u00a0\u00a0 <\/span><\/p>\n<p class=\"MsoNormal\" style=\"margin: 0cm 0cm 0.0001pt;\"><span lang=\"RO\">\u00a0<\/span><\/p>\n<p class=\"MsoNormal\" style=\"margin: 0cm 0cm 0.0001pt;\"><span lang=\"RO\"><b>Dimensiuni<\/b>: Cozy Dinkums au 32 cm \u00een\u0103l\u021bime \u0219i 8 cm l\u0103\u021bime. Greutate: 0,16 kg<\/span><\/p>\n","protected":false},"excerpt":{"rendered":"<p>De ce o s\u0103-\u021bi plac\u0103:\u00a0 \u00a0 Cozy Lamby Pookie se refer\u0103 la acel plu\u0219 insufletit, cu z\u00e2mbetul molipsitor, cre\u021b \u0219i moale. Pune\u021bi Lamby Pookie \u00eentr-o cutie pentru o surpriz\u0103 minunata \u00een diminea\u021ba de Pa\u0219te.\u00a0\u00a0\u00a0\u00a0\u00a0 \u00a0 Caracteristici produs: \u00a0 \u00b7 Potrivit pentru v\u00e2rsta de 0+\u00a0 \u00b7 Posibil \u0219i u\u0219or ponderat pentru calm\u00a0 \u00b7 Caracteristici brodate \u0219i [&hellip;]<\/p>\n","protected":false},"featured_media":7974,"comment_status":"open","ping_status":"closed","template":"","meta":{"site-sidebar-layout":"default","site-content-layout":"","ast-site-content-layout":"default","site-content-style":"default","site-sidebar-style":"default","ast-global-header-display":"","ast-banner-title-visibility":"","ast-main-header-display":"","ast-hfb-above-header-display":"","ast-hfb-below-header-display":"","ast-hfb-mobile-header-display":"","site-post-title":"","ast-breadcrumbs-content":"","ast-featured-img":"","footer-sml-layout":"","theme-transparent-header-meta":"default","adv-header-id-meta":"","stick-header-meta":"default","header-above-stick-meta":"","header-main-stick-meta":"","header-below-stick-meta":"","astra-migrate-meta-layouts":"set","ast-page-background-enabled":"default","ast-page-background-meta":{"desktop":{"background-color":"","background-image":"","background-repeat":"repeat","background-position":"center center","background-size":"auto","background-attachment":"scroll","background-type":"","background-media":"","overlay-type":"","overlay-color":"","overlay-opacity":"","overlay-gradient":""},"tablet":{"background-color":"","background-image":"","background-repeat":"repeat","background-position":"center center","background-size":"auto","background-attachment":"scroll","background-type":"","background-media":"","overlay-type":"","overlay-color":"","overlay-opacity":"","overlay-gradient":""},"mobile":{"background-color":"","background-image":"","background-repeat":"repeat","background-position":"center center","background-size":"auto","background-attachment":"scroll","background-type":"","background-media":"","overlay-type":"","overlay-color":"","overlay-opacity":"","overlay-gradient":""}},"ast-content-background-meta":{"desktop":{"background-color":"var(--ast-global-color-5)","background-image":"","background-repeat":"repeat","background-position":"center center","background-size":"auto","background-attachment":"scroll","background-type":"","background-media":"","overlay-type":"","overlay-color":"","overlay-opacity":"","overlay-gradient":""},"tablet":{"background-color":"var(--ast-global-color-5)","background-image":"","background-repeat":"repeat","background-position":"center center","background-size":"auto","background-attachment":"scroll","background-type":"","background-media":"","overlay-type":"","overlay-color":"","overlay-opacity":"","overlay-gradient":""},"mobile":{"background-color":"var(--ast-global-color-5)","background-image":"","background-repeat":"repeat","background-position":"center center","background-size":"auto","background-attachment":"scroll","background-type":"","background-media":"","overlay-type":"","overlay-color":"","overlay-opacity":"","overlay-gradient":""}}},"product_brand":[],"product_cat":[52,65,67,132],"product_tag":[],"class_list":{"0":"post-7984","1":"product","2":"type-product","3":"status-publish","4":"has-post-thumbnail","6":"product_cat-cei-mai-buni-prieteni","7":"product_cat-noutati-minunate-pentru-puiul-tau","8":"product_cat-papusi-adorabile-si-accesoriile-lor-deosebite","9":"product_cat-reduceri-pentru-tine","10":"desktop-align-left","11":"tablet-align-left","12":"mobile-align-left","13":"ast-product-gallery-layout-horizontal-slider","14":"ast-product-tabs-layout-vertical","15":"ast-qv-on-image","17":"first","18":"instock","19":"sale","20":"shipping-taxable","21":"purchasable","22":"product-type-simple"},"yoast_head":"<!-- This site is optimized with the Yoast SEO plugin v22.6 - https:\/\/yoast.com\/wordpress\/plugins\/seo\/ -->\n<title>Papusa Cozy Dinkums - Lamby Pookie - Vanilla<\/title>\n<meta name=\"robots\" content=\"index, follow, max-snippet:-1, max-image-preview:large, max-video-preview:-1\" \/>\n<link rel=\"canonical\" href=\"https:\/\/bunnyboo.ro\/produs\/cozy-dinkums-lamby-pookie-vanilla\/\" \/>\n<meta property=\"og:locale\" content=\"en_US\" \/>\n<meta property=\"og:type\" content=\"article\" \/>\n<meta property=\"og:title\" content=\"Papusa Cozy Dinkums - Lamby Pookie - Vanilla\" \/>\n<meta property=\"og:description\" content=\"De ce o s\u0103-\u021bi plac\u0103:\u00a0 \u00a0 Cozy Lamby Pookie se refer\u0103 la acel plu\u0219 insufletit, cu z\u00e2mbetul molipsitor, cre\u021b \u0219i moale. Pune\u021bi Lamby Pookie \u00eentr-o cutie pentru o surpriz\u0103 minunata \u00een diminea\u021ba de Pa\u0219te.\u00a0\u00a0\u00a0\u00a0\u00a0 \u00a0 Caracteristici produs: \u00a0 \u00b7 Potrivit pentru v\u00e2rsta de 0+\u00a0 \u00b7 Posibil \u0219i u\u0219or ponderat pentru calm\u00a0 \u00b7 Caracteristici brodate \u0219i [&hellip;]\" \/>\n<meta property=\"og:url\" content=\"https:\/\/bunnyboo.ro\/produs\/cozy-dinkums-lamby-pookie-vanilla\/\" \/>\n<meta property=\"og:site_name\" content=\"Bunny Boo\" \/>\n<meta property=\"article:modified_time\" content=\"2026-02-04T14:16:11+00:00\" \/>\n<meta property=\"og:image\" content=\"https:\/\/bunnyboo.ro\/wp-content\/uploads\/2024\/03\/Cozy-Dinkums-Lamby-Pookie-1-scaled.png\" \/>\n\t<meta property=\"og:image:width\" content=\"2560\" \/>\n\t<meta property=\"og:image:height\" content=\"2560\" \/>\n\t<meta property=\"og:image:type\" content=\"image\/png\" \/>\n<meta name=\"twitter:card\" content=\"summary_large_image\" \/>\n<meta name=\"twitter:label1\" content=\"Est. reading time\" \/>\n\t<meta name=\"twitter:data1\" content=\"1 minute\" \/>\n<script type=\"application\/ld+json\" class=\"yoast-schema-graph\">{\"@context\":\"https:\/\/schema.org\",\"@graph\":[{\"@type\":\"WebPage\",\"@id\":\"https:\/\/bunnyboo.ro\/produs\/cozy-dinkums-lamby-pookie-vanilla\/\",\"url\":\"https:\/\/bunnyboo.ro\/produs\/cozy-dinkums-lamby-pookie-vanilla\/\",\"name\":\"Papusa Cozy Dinkums - Lamby Pookie - Vanilla\",\"isPartOf\":{\"@id\":\"https:\/\/bunnyboo.ro\/#website\"},\"primaryImageOfPage\":{\"@id\":\"https:\/\/bunnyboo.ro\/produs\/cozy-dinkums-lamby-pookie-vanilla\/#primaryimage\"},\"image\":{\"@id\":\"https:\/\/bunnyboo.ro\/produs\/cozy-dinkums-lamby-pookie-vanilla\/#primaryimage\"},\"thumbnailUrl\":\"https:\/\/bunnyboo.ro\/wp-content\/uploads\/2024\/03\/Cozy-Dinkums-Lamby-Pookie-1-scaled.png\",\"datePublished\":\"2024-03-14T16:37:46+00:00\",\"dateModified\":\"2026-02-04T14:16:11+00:00\",\"breadcrumb\":{\"@id\":\"https:\/\/bunnyboo.ro\/produs\/cozy-dinkums-lamby-pookie-vanilla\/#breadcrumb\"},\"inLanguage\":\"en-US\",\"potentialAction\":[{\"@type\":\"ReadAction\",\"target\":[\"https:\/\/bunnyboo.ro\/produs\/cozy-dinkums-lamby-pookie-vanilla\/\"]}]},{\"@type\":\"ImageObject\",\"inLanguage\":\"en-US\",\"@id\":\"https:\/\/bunnyboo.ro\/produs\/cozy-dinkums-lamby-pookie-vanilla\/#primaryimage\",\"url\":\"https:\/\/bunnyboo.ro\/wp-content\/uploads\/2024\/03\/Cozy-Dinkums-Lamby-Pookie-1-scaled.png\",\"contentUrl\":\"https:\/\/bunnyboo.ro\/wp-content\/uploads\/2024\/03\/Cozy-Dinkums-Lamby-Pookie-1-scaled.png\",\"width\":2560,\"height\":2560,\"caption\":\"Cozy Dinkums Lamby-Pookie-1\"},{\"@type\":\"BreadcrumbList\",\"@id\":\"https:\/\/bunnyboo.ro\/produs\/cozy-dinkums-lamby-pookie-vanilla\/#breadcrumb\",\"itemListElement\":[{\"@type\":\"ListItem\",\"position\":1,\"name\":\"Home\",\"item\":\"https:\/\/bunnyboo.ro\/en\/\"},{\"@type\":\"ListItem\",\"position\":2,\"name\":\"New\",\"item\":\"https:\/\/bunnyboo.ro\/en\/shop\/\"},{\"@type\":\"ListItem\",\"position\":3,\"name\":\"Papusa Cozy Dinkums &#8211; Lamby Pookie &#8211; Vanilla\"}]},{\"@type\":\"WebSite\",\"@id\":\"https:\/\/bunnyboo.ro\/#website\",\"url\":\"https:\/\/bunnyboo.ro\/\",\"name\":\"Bunny Boo\",\"description\":\"Bunny Boo\",\"publisher\":{\"@id\":\"https:\/\/bunnyboo.ro\/#organization\"},\"potentialAction\":[{\"@type\":\"SearchAction\",\"target\":{\"@type\":\"EntryPoint\",\"urlTemplate\":\"https:\/\/bunnyboo.ro\/?s={search_term_string}\"},\"query-input\":\"required name=search_term_string\"}],\"inLanguage\":\"en-US\"},{\"@type\":\"Organization\",\"@id\":\"https:\/\/bunnyboo.ro\/#organization\",\"name\":\"Bunny Boo\",\"url\":\"https:\/\/bunnyboo.ro\/\",\"logo\":{\"@type\":\"ImageObject\",\"inLanguage\":\"en-US\",\"@id\":\"https:\/\/bunnyboo.ro\/#\/schema\/logo\/image\/\",\"url\":\"https:\/\/bunnyboo.ro\/wp-content\/uploads\/2024\/03\/Logo-website-black.png\",\"contentUrl\":\"https:\/\/bunnyboo.ro\/wp-content\/uploads\/2024\/03\/Logo-website-black.png\",\"width\":2422,\"height\":946,\"caption\":\"Bunny Boo\"},\"image\":{\"@id\":\"https:\/\/bunnyboo.ro\/#\/schema\/logo\/image\/\"}}]}<\/script>\n<!-- \/ Yoast SEO plugin. -->","yoast_head_json":{"title":"Papusa Cozy Dinkums - Lamby Pookie - Vanilla","robots":{"index":"index","follow":"follow","max-snippet":"max-snippet:-1","max-image-preview":"max-image-preview:large","max-video-preview":"max-video-preview:-1"},"canonical":"https:\/\/bunnyboo.ro\/produs\/cozy-dinkums-lamby-pookie-vanilla\/","og_locale":"en_US","og_type":"article","og_title":"Papusa Cozy Dinkums - Lamby Pookie - Vanilla","og_description":"De ce o s\u0103-\u021bi plac\u0103:\u00a0 \u00a0 Cozy Lamby Pookie se refer\u0103 la acel plu\u0219 insufletit, cu z\u00e2mbetul molipsitor, cre\u021b \u0219i moale. Pune\u021bi Lamby Pookie \u00eentr-o cutie pentru o surpriz\u0103 minunata \u00een diminea\u021ba de Pa\u0219te.\u00a0\u00a0\u00a0\u00a0\u00a0 \u00a0 Caracteristici produs: \u00a0 \u00b7 Potrivit pentru v\u00e2rsta de 0+\u00a0 \u00b7 Posibil \u0219i u\u0219or ponderat pentru calm\u00a0 \u00b7 Caracteristici brodate \u0219i [&hellip;]","og_url":"https:\/\/bunnyboo.ro\/produs\/cozy-dinkums-lamby-pookie-vanilla\/","og_site_name":"Bunny Boo","article_modified_time":"2026-02-04T14:16:11+00:00","og_image":[{"width":2560,"height":2560,"url":"https:\/\/bunnyboo.ro\/wp-content\/uploads\/2024\/03\/Cozy-Dinkums-Lamby-Pookie-1-scaled.png","type":"image\/png"}],"twitter_card":"summary_large_image","twitter_misc":{"Est. reading time":"1 minute"},"schema":{"@context":"https:\/\/schema.org","@graph":[{"@type":"WebPage","@id":"https:\/\/bunnyboo.ro\/produs\/cozy-dinkums-lamby-pookie-vanilla\/","url":"https:\/\/bunnyboo.ro\/produs\/cozy-dinkums-lamby-pookie-vanilla\/","name":"Papusa Cozy Dinkums - Lamby Pookie - Vanilla","isPartOf":{"@id":"https:\/\/bunnyboo.ro\/#website"},"primaryImageOfPage":{"@id":"https:\/\/bunnyboo.ro\/produs\/cozy-dinkums-lamby-pookie-vanilla\/#primaryimage"},"image":{"@id":"https:\/\/bunnyboo.ro\/produs\/cozy-dinkums-lamby-pookie-vanilla\/#primaryimage"},"thumbnailUrl":"https:\/\/bunnyboo.ro\/wp-content\/uploads\/2024\/03\/Cozy-Dinkums-Lamby-Pookie-1-scaled.png","datePublished":"2024-03-14T16:37:46+00:00","dateModified":"2026-02-04T14:16:11+00:00","breadcrumb":{"@id":"https:\/\/bunnyboo.ro\/produs\/cozy-dinkums-lamby-pookie-vanilla\/#breadcrumb"},"inLanguage":"en-US","potentialAction":[{"@type":"ReadAction","target":["https:\/\/bunnyboo.ro\/produs\/cozy-dinkums-lamby-pookie-vanilla\/"]}]},{"@type":"ImageObject","inLanguage":"en-US","@id":"https:\/\/bunnyboo.ro\/produs\/cozy-dinkums-lamby-pookie-vanilla\/#primaryimage","url":"https:\/\/bunnyboo.ro\/wp-content\/uploads\/2024\/03\/Cozy-Dinkums-Lamby-Pookie-1-scaled.png","contentUrl":"https:\/\/bunnyboo.ro\/wp-content\/uploads\/2024\/03\/Cozy-Dinkums-Lamby-Pookie-1-scaled.png","width":2560,"height":2560,"caption":"Cozy Dinkums Lamby-Pookie-1"},{"@type":"BreadcrumbList","@id":"https:\/\/bunnyboo.ro\/produs\/cozy-dinkums-lamby-pookie-vanilla\/#breadcrumb","itemListElement":[{"@type":"ListItem","position":1,"name":"Home","item":"https:\/\/bunnyboo.ro\/en\/"},{"@type":"ListItem","position":2,"name":"New","item":"https:\/\/bunnyboo.ro\/en\/shop\/"},{"@type":"ListItem","position":3,"name":"Papusa Cozy Dinkums &#8211; Lamby Pookie &#8211; Vanilla"}]},{"@type":"WebSite","@id":"https:\/\/bunnyboo.ro\/#website","url":"https:\/\/bunnyboo.ro\/","name":"Bunny Boo","description":"Bunny Boo","publisher":{"@id":"https:\/\/bunnyboo.ro\/#organization"},"potentialAction":[{"@type":"SearchAction","target":{"@type":"EntryPoint","urlTemplate":"https:\/\/bunnyboo.ro\/?s={search_term_string}"},"query-input":"required name=search_term_string"}],"inLanguage":"en-US"},{"@type":"Organization","@id":"https:\/\/bunnyboo.ro\/#organization","name":"Bunny Boo","url":"https:\/\/bunnyboo.ro\/","logo":{"@type":"ImageObject","inLanguage":"en-US","@id":"https:\/\/bunnyboo.ro\/#\/schema\/logo\/image\/","url":"https:\/\/bunnyboo.ro\/wp-content\/uploads\/2024\/03\/Logo-website-black.png","contentUrl":"https:\/\/bunnyboo.ro\/wp-content\/uploads\/2024\/03\/Logo-website-black.png","width":2422,"height":946,"caption":"Bunny Boo"},"image":{"@id":"https:\/\/bunnyboo.ro\/#\/schema\/logo\/image\/"}}]}},"_links":{"self":[{"href":"https:\/\/bunnyboo.ro\/en\/wp-json\/wp\/v2\/product\/7984","targetHints":{"allow":["GET"]}}],"collection":[{"href":"https:\/\/bunnyboo.ro\/en\/wp-json\/wp\/v2\/product"}],"about":[{"href":"https:\/\/bunnyboo.ro\/en\/wp-json\/wp\/v2\/types\/product"}],"replies":[{"embeddable":true,"href":"https:\/\/bunnyboo.ro\/en\/wp-json\/wp\/v2\/comments?post=7984"}],"wp:featuredmedia":[{"embeddable":true,"href":"https:\/\/bunnyboo.ro\/en\/wp-json\/wp\/v2\/media\/7974"}],"wp:attachment":[{"href":"https:\/\/bunnyboo.ro\/en\/wp-json\/wp\/v2\/media?parent=7984"}],"wp:term":[{"taxonomy":"product_brand","embeddable":true,"href":"https:\/\/bunnyboo.ro\/en\/wp-json\/wp\/v2\/product_brand?post=7984"},{"taxonomy":"product_cat","embeddable":true,"href":"https:\/\/bunnyboo.ro\/en\/wp-json\/wp\/v2\/product_cat?post=7984"},{"taxonomy":"product_tag","embeddable":true,"href":"https:\/\/bunnyboo.ro\/en\/wp-json\/wp\/v2\/product_tag?post=7984"}],"curies":[{"name":"wp","href":"https:\/\/api.w.org\/{rel}","templated":true}]}}