{"id":7861,"date":"2024-03-08T09:48:49","date_gmt":"2024-03-08T09:48:49","guid":{"rendered":"https:\/\/bunnyboo.ro\/product\/costum-de-baie-amel-shell-pale-tuscany-liewood\/"},"modified":"2026-04-04T11:59:29","modified_gmt":"2026-04-04T08:59:29","slug":"costum-de-baie-amel-shell-pale-tuscany-liewood","status":"publish","type":"product","link":"https:\/\/bunnyboo.ro\/en\/produs\/costum-de-baie-amel-shell-pale-tuscany-liewood\/","title":{"rendered":"Costum de baie Amel &#8211; Shell \/ Pale tuscany &#8211; Liewood"},"content":{"rendered":"<p class=\"MsoNormal\" style=\"margin: 0cm 0cm 0.0001pt;\"><span lang=\"RO\">Protectie si design jucaus in acelasi timp, costumul de baie Amel imbina protectia UV in timpul inotului cu detalii decorative pentru un aspect extra special. Fabricat din poliester reciclat cu uscare rapid\u0103 \u0219i cu fermoar \u00een centru fa\u021b\u0103 pentru schimbarea u\u0219oar\u0103.\u00a0\u00a0\u00a0\u00a0 <\/span><\/p>\n<p class=\"MsoNormal\" style=\"margin: 0cm 0cm 0.0001pt;\"><span lang=\"RO\">\u00a0<\/span><\/p>\n<p class=\"MsoNormal\" style=\"margin: 0cm 0cm 0.0001pt;\"><span lang=\"RO\">\u2022 Costum de baie cu protec\u021bie UV <\/span><\/p>\n<p class=\"MsoNormal\" style=\"margin: 0cm 0cm 0.0001pt;\"><span lang=\"RO\">\u2022 \u021aes\u0103tur\u0103 imprimat\u0103 \u00een culori de var\u0103 <\/span><\/p>\n<p class=\"MsoNormal\" style=\"margin: 0cm 0cm 0.0001pt;\"><span lang=\"RO\">\u2022 Detaliu decorativ cu volan la um\u0103r <\/span><\/p>\n<p class=\"MsoNormal\" style=\"margin: 0cm 0cm 0.0001pt;\"><span lang=\"RO\">\u2022 \u00cenchidere cu fermoar \u00een fa\u021b\u0103 <\/span><\/p>\n<p class=\"MsoNormal\" style=\"margin: 0cm 0cm 0.0001pt;\"><span lang=\"RO\">\u2022 Fabricat din poliester reciclat \u0219i elastan <\/span><\/p>\n<p class=\"MsoNormal\" style=\"margin: 0cm 0cm 0.0001pt;\"><span lang=\"RO\">\u2022 Factor de protec\u021bie UV 40+ <\/span><\/p>\n<p class=\"MsoNormal\" style=\"margin: 0cm 0cm 0.0001pt;\"><span lang=\"RO\">\u2022 Marcat CE <\/span><\/p>\n<p class=\"MsoNormal\" style=\"margin: 0cm 0cm 0.0001pt;\"><span lang=\"RO\">\u2022 Marcat CA<\/span><\/p>\n<p class=\"MsoNormal\" style=\"margin: 0cm 0cm 0.0001pt;\"><span lang=\"RO\">\u00a0<\/span><\/p>\n<p class=\"MsoNormal\" style=\"margin: 0cm 0cm 0.0001pt;\"><span lang=\"RO\">Brand: Liewood<\/span><\/p>\n<p class=\"MsoNormal\" style=\"margin: 0cm 0cm 0.0001pt; font-size: 12pt; font-family: Cambria;\">\n","protected":false},"excerpt":{"rendered":"<p>Protectie si design jucaus in acelasi timp, costumul de baie Amel imbina protectia UV in timpul inotului cu detalii decorative pentru un aspect extra special. Fabricat din poliester reciclat cu uscare rapid\u0103 \u0219i cu fermoar \u00een centru fa\u021b\u0103 pentru schimbarea u\u0219oar\u0103.\u00a0\u00a0\u00a0\u00a0 \u00a0 \u2022 Costum de baie cu protec\u021bie UV \u2022 \u021aes\u0103tur\u0103 imprimat\u0103 \u00een culori de [&hellip;]<\/p>\n","protected":false},"featured_media":7858,"comment_status":"open","ping_status":"closed","template":"","meta":{"site-sidebar-layout":"default","site-content-layout":"","ast-site-content-layout":"default","site-content-style":"default","site-sidebar-style":"default","ast-global-header-display":"","ast-banner-title-visibility":"","ast-main-header-display":"","ast-hfb-above-header-display":"","ast-hfb-below-header-display":"","ast-hfb-mobile-header-display":"","site-post-title":"","ast-breadcrumbs-content":"","ast-featured-img":"","footer-sml-layout":"","theme-transparent-header-meta":"default","adv-header-id-meta":"","stick-header-meta":"default","header-above-stick-meta":"","header-main-stick-meta":"","header-below-stick-meta":"","astra-migrate-meta-layouts":"set","ast-page-background-enabled":"default","ast-page-background-meta":{"desktop":{"background-color":"","background-image":"","background-repeat":"repeat","background-position":"center center","background-size":"auto","background-attachment":"scroll","background-type":"","background-media":"","overlay-type":"","overlay-color":"","overlay-opacity":"","overlay-gradient":""},"tablet":{"background-color":"","background-image":"","background-repeat":"repeat","background-position":"center center","background-size":"auto","background-attachment":"scroll","background-type":"","background-media":"","overlay-type":"","overlay-color":"","overlay-opacity":"","overlay-gradient":""},"mobile":{"background-color":"","background-image":"","background-repeat":"repeat","background-position":"center center","background-size":"auto","background-attachment":"scroll","background-type":"","background-media":"","overlay-type":"","overlay-color":"","overlay-opacity":"","overlay-gradient":""}},"ast-content-background-meta":{"desktop":{"background-color":"var(--ast-global-color-5)","background-image":"","background-repeat":"repeat","background-position":"center center","background-size":"auto","background-attachment":"scroll","background-type":"","background-media":"","overlay-type":"","overlay-color":"","overlay-opacity":"","overlay-gradient":""},"tablet":{"background-color":"var(--ast-global-color-5)","background-image":"","background-repeat":"repeat","background-position":"center center","background-size":"auto","background-attachment":"scroll","background-type":"","background-media":"","overlay-type":"","overlay-color":"","overlay-opacity":"","overlay-gradient":""},"mobile":{"background-color":"var(--ast-global-color-5)","background-image":"","background-repeat":"repeat","background-position":"center center","background-size":"auto","background-attachment":"scroll","background-type":"","background-media":"","overlay-type":"","overlay-color":"","overlay-opacity":"","overlay-gradient":""}}},"product_brand":[],"product_cat":[65,84,106],"product_tag":[],"class_list":{"0":"post-7861","1":"product","2":"type-product","3":"status-publish","4":"has-post-thumbnail","6":"product_cat-noutati-minunate-pentru-puiul-tau","7":"product_cat-esentiale-pentru-plaja","8":"product_cat-esentiale-pentru-vara","9":"pa_marime-110inaltime110_116cm5_6ani","10":"pa_marime-80inaltime80_86cm12_18luni","11":"pa_marime-86inaltime86_92cm18_24luni","12":"pa_marime-92inaltime92_98cm2_3ani","13":"pa_marime-98inaltime98_104cm3_4ani","14":"pa_marime-104inaltime104_110cm4_5ani","15":"desktop-align-left","16":"tablet-align-left","17":"mobile-align-left","18":"ast-product-gallery-layout-horizontal-slider","19":"ast-product-single-variable","20":"ast-product-tabs-layout-vertical","21":"ast-qv-on-image","23":"first","24":"instock","25":"sale","26":"shipping-taxable","27":"purchasable","28":"product-type-variable"},"yoast_head":"<!-- This site is optimized with the Yoast SEO plugin v22.6 - https:\/\/yoast.com\/wordpress\/plugins\/seo\/ -->\n<title>Costum de baie Amel - Shell \/ Pale tuscany - Liewood<\/title>\n<meta name=\"robots\" content=\"index, follow, max-snippet:-1, max-image-preview:large, max-video-preview:-1\" \/>\n<link rel=\"canonical\" href=\"https:\/\/bunnyboo.ro\/produs\/costum-de-baie-amel-shell-pale-tuscany-liewood\/\" \/>\n<meta property=\"og:locale\" content=\"en_US\" \/>\n<meta property=\"og:type\" content=\"article\" \/>\n<meta property=\"og:title\" content=\"Costum de baie Amel - Shell \/ Pale tuscany - Liewood\" \/>\n<meta property=\"og:description\" content=\"Protectie si design jucaus in acelasi timp, costumul de baie Amel imbina protectia UV in timpul inotului cu detalii decorative pentru un aspect extra special. Fabricat din poliester reciclat cu uscare rapid\u0103 \u0219i cu fermoar \u00een centru fa\u021b\u0103 pentru schimbarea u\u0219oar\u0103.\u00a0\u00a0\u00a0\u00a0 \u00a0 \u2022 Costum de baie cu protec\u021bie UV \u2022 \u021aes\u0103tur\u0103 imprimat\u0103 \u00een culori de [&hellip;]\" \/>\n<meta property=\"og:url\" content=\"https:\/\/bunnyboo.ro\/produs\/costum-de-baie-amel-shell-pale-tuscany-liewood\/\" \/>\n<meta property=\"og:site_name\" content=\"Bunny Boo\" \/>\n<meta property=\"article:modified_time\" content=\"2026-04-04T08:59:29+00:00\" \/>\n<meta property=\"og:image\" content=\"https:\/\/bunnyboo.ro\/wp-content\/uploads\/2024\/03\/Amel_Printed_Swim_Jumpsuit_LW18587_1503_Shell_Pale_tuscany_1.png\" \/>\n\t<meta property=\"og:image:width\" content=\"2000\" \/>\n\t<meta property=\"og:image:height\" content=\"2000\" \/>\n\t<meta property=\"og:image:type\" content=\"image\/png\" \/>\n<meta name=\"twitter:card\" content=\"summary_large_image\" \/>\n<meta name=\"twitter:label1\" content=\"Est. reading time\" \/>\n\t<meta name=\"twitter:data1\" content=\"1 minute\" \/>\n<script type=\"application\/ld+json\" class=\"yoast-schema-graph\">{\"@context\":\"https:\/\/schema.org\",\"@graph\":[{\"@type\":\"WebPage\",\"@id\":\"https:\/\/bunnyboo.ro\/produs\/costum-de-baie-amel-shell-pale-tuscany-liewood\/\",\"url\":\"https:\/\/bunnyboo.ro\/produs\/costum-de-baie-amel-shell-pale-tuscany-liewood\/\",\"name\":\"Costum de baie Amel - Shell \/ Pale tuscany - Liewood\",\"isPartOf\":{\"@id\":\"https:\/\/bunnyboo.ro\/#website\"},\"primaryImageOfPage\":{\"@id\":\"https:\/\/bunnyboo.ro\/produs\/costum-de-baie-amel-shell-pale-tuscany-liewood\/#primaryimage\"},\"image\":{\"@id\":\"https:\/\/bunnyboo.ro\/produs\/costum-de-baie-amel-shell-pale-tuscany-liewood\/#primaryimage\"},\"thumbnailUrl\":\"https:\/\/bunnyboo.ro\/wp-content\/uploads\/2024\/03\/Amel_Printed_Swim_Jumpsuit_LW18587_1503_Shell_Pale_tuscany_1.png\",\"datePublished\":\"2024-03-08T09:48:49+00:00\",\"dateModified\":\"2026-04-04T08:59:29+00:00\",\"breadcrumb\":{\"@id\":\"https:\/\/bunnyboo.ro\/produs\/costum-de-baie-amel-shell-pale-tuscany-liewood\/#breadcrumb\"},\"inLanguage\":\"en-US\",\"potentialAction\":[{\"@type\":\"ReadAction\",\"target\":[\"https:\/\/bunnyboo.ro\/produs\/costum-de-baie-amel-shell-pale-tuscany-liewood\/\"]}]},{\"@type\":\"ImageObject\",\"inLanguage\":\"en-US\",\"@id\":\"https:\/\/bunnyboo.ro\/produs\/costum-de-baie-amel-shell-pale-tuscany-liewood\/#primaryimage\",\"url\":\"https:\/\/bunnyboo.ro\/wp-content\/uploads\/2024\/03\/Amel_Printed_Swim_Jumpsuit_LW18587_1503_Shell_Pale_tuscany_1.png\",\"contentUrl\":\"https:\/\/bunnyboo.ro\/wp-content\/uploads\/2024\/03\/Amel_Printed_Swim_Jumpsuit_LW18587_1503_Shell_Pale_tuscany_1.png\",\"width\":2000,\"height\":2000,\"caption\":\"Amel_Printed_Swim_Jumpsuit_LW18587_1503_Shell_Pale_tuscany_1\"},{\"@type\":\"BreadcrumbList\",\"@id\":\"https:\/\/bunnyboo.ro\/produs\/costum-de-baie-amel-shell-pale-tuscany-liewood\/#breadcrumb\",\"itemListElement\":[{\"@type\":\"ListItem\",\"position\":1,\"name\":\"Home\",\"item\":\"https:\/\/bunnyboo.ro\/en\/\"},{\"@type\":\"ListItem\",\"position\":2,\"name\":\"New\",\"item\":\"https:\/\/bunnyboo.ro\/en\/shop\/\"},{\"@type\":\"ListItem\",\"position\":3,\"name\":\"Costum de baie Amel &#8211; Shell \/ Pale tuscany &#8211; Liewood\"}]},{\"@type\":\"WebSite\",\"@id\":\"https:\/\/bunnyboo.ro\/#website\",\"url\":\"https:\/\/bunnyboo.ro\/\",\"name\":\"Bunny Boo\",\"description\":\"Bunny Boo\",\"publisher\":{\"@id\":\"https:\/\/bunnyboo.ro\/#organization\"},\"potentialAction\":[{\"@type\":\"SearchAction\",\"target\":{\"@type\":\"EntryPoint\",\"urlTemplate\":\"https:\/\/bunnyboo.ro\/?s={search_term_string}\"},\"query-input\":\"required name=search_term_string\"}],\"inLanguage\":\"en-US\"},{\"@type\":\"Organization\",\"@id\":\"https:\/\/bunnyboo.ro\/#organization\",\"name\":\"Bunny Boo\",\"url\":\"https:\/\/bunnyboo.ro\/\",\"logo\":{\"@type\":\"ImageObject\",\"inLanguage\":\"en-US\",\"@id\":\"https:\/\/bunnyboo.ro\/#\/schema\/logo\/image\/\",\"url\":\"https:\/\/bunnyboo.ro\/wp-content\/uploads\/2024\/03\/Logo-website-black.png\",\"contentUrl\":\"https:\/\/bunnyboo.ro\/wp-content\/uploads\/2024\/03\/Logo-website-black.png\",\"width\":2422,\"height\":946,\"caption\":\"Bunny Boo\"},\"image\":{\"@id\":\"https:\/\/bunnyboo.ro\/#\/schema\/logo\/image\/\"}}]}<\/script>\n<!-- \/ Yoast SEO plugin. -->","yoast_head_json":{"title":"Costum de baie Amel - Shell \/ Pale tuscany - Liewood","robots":{"index":"index","follow":"follow","max-snippet":"max-snippet:-1","max-image-preview":"max-image-preview:large","max-video-preview":"max-video-preview:-1"},"canonical":"https:\/\/bunnyboo.ro\/produs\/costum-de-baie-amel-shell-pale-tuscany-liewood\/","og_locale":"en_US","og_type":"article","og_title":"Costum de baie Amel - Shell \/ Pale tuscany - Liewood","og_description":"Protectie si design jucaus in acelasi timp, costumul de baie Amel imbina protectia UV in timpul inotului cu detalii decorative pentru un aspect extra special. Fabricat din poliester reciclat cu uscare rapid\u0103 \u0219i cu fermoar \u00een centru fa\u021b\u0103 pentru schimbarea u\u0219oar\u0103.\u00a0\u00a0\u00a0\u00a0 \u00a0 \u2022 Costum de baie cu protec\u021bie UV \u2022 \u021aes\u0103tur\u0103 imprimat\u0103 \u00een culori de [&hellip;]","og_url":"https:\/\/bunnyboo.ro\/produs\/costum-de-baie-amel-shell-pale-tuscany-liewood\/","og_site_name":"Bunny Boo","article_modified_time":"2026-04-04T08:59:29+00:00","og_image":[{"width":2000,"height":2000,"url":"https:\/\/bunnyboo.ro\/wp-content\/uploads\/2024\/03\/Amel_Printed_Swim_Jumpsuit_LW18587_1503_Shell_Pale_tuscany_1.png","type":"image\/png"}],"twitter_card":"summary_large_image","twitter_misc":{"Est. reading time":"1 minute"},"schema":{"@context":"https:\/\/schema.org","@graph":[{"@type":"WebPage","@id":"https:\/\/bunnyboo.ro\/produs\/costum-de-baie-amel-shell-pale-tuscany-liewood\/","url":"https:\/\/bunnyboo.ro\/produs\/costum-de-baie-amel-shell-pale-tuscany-liewood\/","name":"Costum de baie Amel - Shell \/ Pale tuscany - Liewood","isPartOf":{"@id":"https:\/\/bunnyboo.ro\/#website"},"primaryImageOfPage":{"@id":"https:\/\/bunnyboo.ro\/produs\/costum-de-baie-amel-shell-pale-tuscany-liewood\/#primaryimage"},"image":{"@id":"https:\/\/bunnyboo.ro\/produs\/costum-de-baie-amel-shell-pale-tuscany-liewood\/#primaryimage"},"thumbnailUrl":"https:\/\/bunnyboo.ro\/wp-content\/uploads\/2024\/03\/Amel_Printed_Swim_Jumpsuit_LW18587_1503_Shell_Pale_tuscany_1.png","datePublished":"2024-03-08T09:48:49+00:00","dateModified":"2026-04-04T08:59:29+00:00","breadcrumb":{"@id":"https:\/\/bunnyboo.ro\/produs\/costum-de-baie-amel-shell-pale-tuscany-liewood\/#breadcrumb"},"inLanguage":"en-US","potentialAction":[{"@type":"ReadAction","target":["https:\/\/bunnyboo.ro\/produs\/costum-de-baie-amel-shell-pale-tuscany-liewood\/"]}]},{"@type":"ImageObject","inLanguage":"en-US","@id":"https:\/\/bunnyboo.ro\/produs\/costum-de-baie-amel-shell-pale-tuscany-liewood\/#primaryimage","url":"https:\/\/bunnyboo.ro\/wp-content\/uploads\/2024\/03\/Amel_Printed_Swim_Jumpsuit_LW18587_1503_Shell_Pale_tuscany_1.png","contentUrl":"https:\/\/bunnyboo.ro\/wp-content\/uploads\/2024\/03\/Amel_Printed_Swim_Jumpsuit_LW18587_1503_Shell_Pale_tuscany_1.png","width":2000,"height":2000,"caption":"Amel_Printed_Swim_Jumpsuit_LW18587_1503_Shell_Pale_tuscany_1"},{"@type":"BreadcrumbList","@id":"https:\/\/bunnyboo.ro\/produs\/costum-de-baie-amel-shell-pale-tuscany-liewood\/#breadcrumb","itemListElement":[{"@type":"ListItem","position":1,"name":"Home","item":"https:\/\/bunnyboo.ro\/en\/"},{"@type":"ListItem","position":2,"name":"New","item":"https:\/\/bunnyboo.ro\/en\/shop\/"},{"@type":"ListItem","position":3,"name":"Costum de baie Amel &#8211; Shell \/ Pale tuscany &#8211; Liewood"}]},{"@type":"WebSite","@id":"https:\/\/bunnyboo.ro\/#website","url":"https:\/\/bunnyboo.ro\/","name":"Bunny Boo","description":"Bunny Boo","publisher":{"@id":"https:\/\/bunnyboo.ro\/#organization"},"potentialAction":[{"@type":"SearchAction","target":{"@type":"EntryPoint","urlTemplate":"https:\/\/bunnyboo.ro\/?s={search_term_string}"},"query-input":"required name=search_term_string"}],"inLanguage":"en-US"},{"@type":"Organization","@id":"https:\/\/bunnyboo.ro\/#organization","name":"Bunny Boo","url":"https:\/\/bunnyboo.ro\/","logo":{"@type":"ImageObject","inLanguage":"en-US","@id":"https:\/\/bunnyboo.ro\/#\/schema\/logo\/image\/","url":"https:\/\/bunnyboo.ro\/wp-content\/uploads\/2024\/03\/Logo-website-black.png","contentUrl":"https:\/\/bunnyboo.ro\/wp-content\/uploads\/2024\/03\/Logo-website-black.png","width":2422,"height":946,"caption":"Bunny Boo"},"image":{"@id":"https:\/\/bunnyboo.ro\/#\/schema\/logo\/image\/"}}]}},"_links":{"self":[{"href":"https:\/\/bunnyboo.ro\/en\/wp-json\/wp\/v2\/product\/7861","targetHints":{"allow":["GET"]}}],"collection":[{"href":"https:\/\/bunnyboo.ro\/en\/wp-json\/wp\/v2\/product"}],"about":[{"href":"https:\/\/bunnyboo.ro\/en\/wp-json\/wp\/v2\/types\/product"}],"replies":[{"embeddable":true,"href":"https:\/\/bunnyboo.ro\/en\/wp-json\/wp\/v2\/comments?post=7861"}],"wp:featuredmedia":[{"embeddable":true,"href":"https:\/\/bunnyboo.ro\/en\/wp-json\/wp\/v2\/media\/7858"}],"wp:attachment":[{"href":"https:\/\/bunnyboo.ro\/en\/wp-json\/wp\/v2\/media?parent=7861"}],"wp:term":[{"taxonomy":"product_brand","embeddable":true,"href":"https:\/\/bunnyboo.ro\/en\/wp-json\/wp\/v2\/product_brand?post=7861"},{"taxonomy":"product_cat","embeddable":true,"href":"https:\/\/bunnyboo.ro\/en\/wp-json\/wp\/v2\/product_cat?post=7861"},{"taxonomy":"product_tag","embeddable":true,"href":"https:\/\/bunnyboo.ro\/en\/wp-json\/wp\/v2\/product_tag?post=7861"}],"curies":[{"name":"wp","href":"https:\/\/api.w.org\/{rel}","templated":true}]}}