{"id":7809,"date":"2024-03-05T15:50:55","date_gmt":"2024-03-05T15:50:55","guid":{"rendered":"https:\/\/bunnyboo.ro\/product\/geaca-softshell-blue\/"},"modified":"2026-03-31T09:33:49","modified_gmt":"2026-03-31T06:33:49","slug":"geaca-softshell-blue","status":"publish","type":"product","link":"https:\/\/bunnyboo.ro\/en\/produs\/geaca-softshell-blue\/","title":{"rendered":"Geaca Softshell Color Block &#8220;BLUE CAPE&#8221;"},"content":{"rendered":"<p class=\"MsoNormal\" style=\"margin: 0cm 0cm 0.0001pt;\"><span lang=\"RO\">Jacheta Leokid Softshell Color Block este conceput\u0103 pentru copiii de la 1,5 la 7 ani. Jacheta este potrivit\u0103 pentru temperaturi de la +5 \u00b0C la +18 \u00b0C. Sezon &#8211; prim\u0103var\u0103, var\u0103, toamn\u0103. Jacheta este confec\u021bionat\u0103 din \u021bes\u0103tur\u0103 durabil\u0103, cu impregnare hidrofug\u0103, cu o rezisten\u021b\u0103 la ap\u0103 de 8.000 mm. Durabilitate &#8211; 40.000 de cicluri (confirmat\u0103 de testul de abraziune Martindale). Permeabilitatea la vapori de ap\u0103 \u2014 3.000 g\/m\u00b2\/24h. Jacheta este realizat\u0103 dintr-un material Softshell cu trei straturi, tehnologic \u0219i modern. \u021aes\u0103tura elastic\u0103 a exteriorului permite jachetei s\u0103 se \u00eentind\u0103 bine, oferind u\u0219urin\u021b\u0103 \u00een mi\u0219care \u0219i confort. Jacheta Softshell are o c\u0103ptu\u0219eal\u0103 moale din l\u00e2n\u0103 care ofer\u0103 un plus de c\u0103ldur\u0103. Structura sa de material cu mai multe straturi elimin\u0103 necesitatea a dou\u0103 sau mai multe straturi de \u00eembr\u0103c\u0103minte. Pentru a feri de aer rece, jacheta are man\u0219ete elastice care se potrivesc perfect \u00een jurul \u00eencheieturilor copilului. Pentru vizibilitate pe vreme nefavorabil\u0103 \u0219i \u00eentuneric, jacheta are elemente reflectorizante. Fermoarul central, echipat cu ap\u0103r\u0103toare pentru b\u0103rbie, are un interior rezistent la v\u00e2nt. \u00cen plus, exist\u0103 dou\u0103 buzunare cu fermoar situate \u00een partea din fa\u021b\u0103 a jachetei. \u00cen produsele Leokid sunt folosite doar accesorii de \u00eenalt\u0103 calitate. \u00a0\u00a0\u00a0\u00a0<\/span><\/p>\n<p class=\"MsoNormal\" style=\"margin: 0cm 0cm 0.0001pt;\"><span lang=\"RO\">\u00a0<\/span><\/p>\n<p class=\"MsoNormal\" style=\"margin: 0cm 0cm 0.0001pt;\"><span lang=\"RO\">MATERIAL\u00a0 <\/span><\/p>\n<p class=\"MsoNormal\" style=\"margin: 0cm 0cm 0.0001pt;\"><span lang=\"RO\">Strat exterior: 96 % poliester, 4 % spandex <\/span><\/p>\n<p class=\"MsoNormal\" style=\"margin: 0cm 0cm 0.0001pt;\"><span lang=\"RO\">Strat intermediar: 100 % poliuretan termoplastic Strat de baz\u0103: 100 % poliester <\/span><\/p>\n<p class=\"MsoNormal\" style=\"margin: 0cm 0cm 0.0001pt;\"><span lang=\"RO\">Accesorii: fermoar din plastic cu glisor metalic, cleme metalice cu capace metalice, plasture din silicon cu sigla Leokid\u00a0\u00a0 <\/span><\/p>\n<p class=\"MsoNormal\" style=\"margin: 0cm 0cm 0.0001pt;\"><span lang=\"RO\">\u00a0<\/span><\/p>\n<p class=\"MsoNormal\" style=\"margin: 0cm 0cm 0.0001pt;\"><span lang=\"RO\">\u00ceNGRIJIRE\u00a0 <\/span><\/p>\n<p class=\"MsoNormal\" style=\"margin: 0cm 0cm 0.0001pt;\"><span lang=\"RO\">\u2022 Scoate\u021bi toate elementele de ambalare \u00eenainte de utilizare. <\/span><\/p>\n<p class=\"MsoNormal\" style=\"margin: 0cm 0cm 0.0001pt;\"><span lang=\"RO\">\u2022 Se spal\u0103 delicat la ma\u0219in\u0103 la 30 \u00b0C. Nu este potrivit pentru uscare cu rufe. Nu sp\u0103la\u021bi cu \u00een\u0103lbitor. Nu c\u0103lca\u021bi. Nu cur\u0103\u021ba\u021bi chimic. <\/span><\/p>\n<p class=\"MsoNormal\" style=\"margin: 0cm 0cm 0.0001pt;\"><span lang=\"RO\">\u2022 Sp\u0103la\u021bi separat de alte articole. \u00centoarce\u021bi-l pe dos \u0219i \u00eenchide\u021bi fermoarele \u0219i nasturii \u00eenainte de sp\u0103lare. Viteza de centrifugare recomandat\u0103 nu este mai mare de 600 rpm. Pentru a evita pierderea propriet\u0103\u021bilor de protec\u021bie \u00eempotriva umezelii ale \u021bes\u0103turii, nu se recomand\u0103 sp\u0103larea frecvent\u0103 a produsului; petele minore pot fi \u00eendep\u0103rtate cu o c\u00e2rp\u0103 umed\u0103, f\u0103r\u0103 substan\u021be chimice. Nu folosi\u021bi produse de cur\u0103\u021bare care con\u021bin \u00een\u0103lbitor \u0219i nu folosi\u021bi balsamuri pentru \u021bes\u0103turi.\u00a0<\/span><\/p>\n<p class=\"MsoNormal\" style=\"margin: 0cm 0cm 0.0001pt;\">\n","protected":false},"excerpt":{"rendered":"<p>Jacheta Leokid Softshell Color Block este conceput\u0103 pentru copiii de la 1,5 la 7 ani. Jacheta este potrivit\u0103 pentru temperaturi de la +5 \u00b0C la +18 \u00b0C. Sezon &#8211; prim\u0103var\u0103, var\u0103, toamn\u0103. Jacheta este confec\u021bionat\u0103 din \u021bes\u0103tur\u0103 durabil\u0103, cu impregnare hidrofug\u0103, cu o rezisten\u021b\u0103 la ap\u0103 de 8.000 mm. Durabilitate &#8211; 40.000 de cicluri (confirmat\u0103 [&hellip;]<\/p>\n","protected":false},"featured_media":8553,"comment_status":"open","ping_status":"closed","template":"","meta":{"site-sidebar-layout":"default","site-content-layout":"","ast-site-content-layout":"default","site-content-style":"default","site-sidebar-style":"default","ast-global-header-display":"","ast-banner-title-visibility":"","ast-main-header-display":"","ast-hfb-above-header-display":"","ast-hfb-below-header-display":"","ast-hfb-mobile-header-display":"","site-post-title":"","ast-breadcrumbs-content":"","ast-featured-img":"","footer-sml-layout":"","theme-transparent-header-meta":"default","adv-header-id-meta":"","stick-header-meta":"default","header-above-stick-meta":"","header-main-stick-meta":"","header-below-stick-meta":"","astra-migrate-meta-layouts":"set","ast-page-background-enabled":"default","ast-page-background-meta":{"desktop":{"background-color":"","background-image":"","background-repeat":"repeat","background-position":"center center","background-size":"auto","background-attachment":"scroll","background-type":"","background-media":"","overlay-type":"","overlay-color":"","overlay-opacity":"","overlay-gradient":""},"tablet":{"background-color":"","background-image":"","background-repeat":"repeat","background-position":"center center","background-size":"auto","background-attachment":"scroll","background-type":"","background-media":"","overlay-type":"","overlay-color":"","overlay-opacity":"","overlay-gradient":""},"mobile":{"background-color":"","background-image":"","background-repeat":"repeat","background-position":"center center","background-size":"auto","background-attachment":"scroll","background-type":"","background-media":"","overlay-type":"","overlay-color":"","overlay-opacity":"","overlay-gradient":""}},"ast-content-background-meta":{"desktop":{"background-color":"var(--ast-global-color-5)","background-image":"","background-repeat":"repeat","background-position":"center center","background-size":"auto","background-attachment":"scroll","background-type":"","background-media":"","overlay-type":"","overlay-color":"","overlay-opacity":"","overlay-gradient":""},"tablet":{"background-color":"var(--ast-global-color-5)","background-image":"","background-repeat":"repeat","background-position":"center center","background-size":"auto","background-attachment":"scroll","background-type":"","background-media":"","overlay-type":"","overlay-color":"","overlay-opacity":"","overlay-gradient":""},"mobile":{"background-color":"var(--ast-global-color-5)","background-image":"","background-repeat":"repeat","background-position":"center center","background-size":"auto","background-attachment":"scroll","background-type":"","background-media":"","overlay-type":"","overlay-color":"","overlay-opacity":"","overlay-gradient":""}}},"product_brand":[],"product_cat":[65,66,91,132],"product_tag":[],"class_list":{"0":"post-7809","1":"product","2":"type-product","3":"status-publish","4":"has-post-thumbnail","6":"product_cat-noutati-minunate-pentru-puiul-tau","7":"product_cat-salopete-impermeabile-pentru-micul-tau-explorator","8":"product_cat-geci-pentru-micul-tau-explorator","9":"product_cat-reduceri-pentru-tine","10":"pa_marime-110inaltime110_116cm5_6ani","11":"pa_marime-116inaltime116_120cm6_7ani","12":"pa_marime-86inaltime86_92cm18_24luni","13":"pa_marime-92inaltime92_98cm2_3ani","14":"pa_marime-98inaltime98_104cm3_4ani","15":"pa_marime-104inaltime104_110cm4_5ani","16":"desktop-align-left","17":"tablet-align-left","18":"mobile-align-left","19":"ast-product-gallery-layout-horizontal-slider","20":"ast-product-single-variable","21":"ast-product-tabs-layout-vertical","22":"ast-qv-on-image","24":"first","25":"instock","26":"sale","27":"shipping-taxable","28":"purchasable","29":"product-type-variable"},"yoast_head":"<!-- This site is optimized with the Yoast SEO plugin v22.6 - https:\/\/yoast.com\/wordpress\/plugins\/seo\/ -->\n<title>Geaca Softshell Color Block &quot;BLUE CAPE&quot;<\/title>\n<meta name=\"robots\" content=\"index, follow, max-snippet:-1, max-image-preview:large, max-video-preview:-1\" \/>\n<link rel=\"canonical\" href=\"https:\/\/bunnyboo.ro\/produs\/geaca-softshell-blue\/\" \/>\n<meta property=\"og:locale\" content=\"en_US\" \/>\n<meta property=\"og:type\" content=\"article\" \/>\n<meta property=\"og:title\" content=\"Geaca Softshell Color Block &quot;BLUE CAPE&quot;\" \/>\n<meta property=\"og:description\" content=\"Jacheta Leokid Softshell Color Block este conceput\u0103 pentru copiii de la 1,5 la 7 ani. Jacheta este potrivit\u0103 pentru temperaturi de la +5 \u00b0C la +18 \u00b0C. Sezon &#8211; prim\u0103var\u0103, var\u0103, toamn\u0103. Jacheta este confec\u021bionat\u0103 din \u021bes\u0103tur\u0103 durabil\u0103, cu impregnare hidrofug\u0103, cu o rezisten\u021b\u0103 la ap\u0103 de 8.000 mm. Durabilitate &#8211; 40.000 de cicluri (confirmat\u0103 [&hellip;]\" \/>\n<meta property=\"og:url\" content=\"https:\/\/bunnyboo.ro\/produs\/geaca-softshell-blue\/\" \/>\n<meta property=\"og:site_name\" content=\"Bunny Boo\" \/>\n<meta property=\"article:modified_time\" content=\"2026-03-31T06:33:49+00:00\" \/>\n<meta property=\"og:image\" content=\"https:\/\/bunnyboo.ro\/wp-content\/uploads\/2024\/03\/blue-j.png\" \/>\n\t<meta property=\"og:image:width\" content=\"1600\" \/>\n\t<meta property=\"og:image:height\" content=\"2000\" \/>\n\t<meta property=\"og:image:type\" content=\"image\/png\" \/>\n<meta name=\"twitter:card\" content=\"summary_large_image\" \/>\n<meta name=\"twitter:label1\" content=\"Est. reading time\" \/>\n\t<meta name=\"twitter:data1\" content=\"3 minutes\" \/>\n<script type=\"application\/ld+json\" class=\"yoast-schema-graph\">{\"@context\":\"https:\/\/schema.org\",\"@graph\":[{\"@type\":\"WebPage\",\"@id\":\"https:\/\/bunnyboo.ro\/produs\/geaca-softshell-blue\/\",\"url\":\"https:\/\/bunnyboo.ro\/produs\/geaca-softshell-blue\/\",\"name\":\"Geaca Softshell Color Block \\\"BLUE CAPE\\\"\",\"isPartOf\":{\"@id\":\"https:\/\/bunnyboo.ro\/#website\"},\"primaryImageOfPage\":{\"@id\":\"https:\/\/bunnyboo.ro\/produs\/geaca-softshell-blue\/#primaryimage\"},\"image\":{\"@id\":\"https:\/\/bunnyboo.ro\/produs\/geaca-softshell-blue\/#primaryimage\"},\"thumbnailUrl\":\"https:\/\/bunnyboo.ro\/wp-content\/uploads\/2024\/03\/blue-j.png\",\"datePublished\":\"2024-03-05T15:50:55+00:00\",\"dateModified\":\"2026-03-31T06:33:49+00:00\",\"breadcrumb\":{\"@id\":\"https:\/\/bunnyboo.ro\/produs\/geaca-softshell-blue\/#breadcrumb\"},\"inLanguage\":\"en-US\",\"potentialAction\":[{\"@type\":\"ReadAction\",\"target\":[\"https:\/\/bunnyboo.ro\/produs\/geaca-softshell-blue\/\"]}]},{\"@type\":\"ImageObject\",\"inLanguage\":\"en-US\",\"@id\":\"https:\/\/bunnyboo.ro\/produs\/geaca-softshell-blue\/#primaryimage\",\"url\":\"https:\/\/bunnyboo.ro\/wp-content\/uploads\/2024\/03\/blue-j.png\",\"contentUrl\":\"https:\/\/bunnyboo.ro\/wp-content\/uploads\/2024\/03\/blue-j.png\",\"width\":1600,\"height\":2000},{\"@type\":\"BreadcrumbList\",\"@id\":\"https:\/\/bunnyboo.ro\/produs\/geaca-softshell-blue\/#breadcrumb\",\"itemListElement\":[{\"@type\":\"ListItem\",\"position\":1,\"name\":\"Home\",\"item\":\"https:\/\/bunnyboo.ro\/en\/\"},{\"@type\":\"ListItem\",\"position\":2,\"name\":\"New\",\"item\":\"https:\/\/bunnyboo.ro\/en\/shop\/\"},{\"@type\":\"ListItem\",\"position\":3,\"name\":\"Geaca Softshell Color Block &#8220;BLUE CAPE&#8221;\"}]},{\"@type\":\"WebSite\",\"@id\":\"https:\/\/bunnyboo.ro\/#website\",\"url\":\"https:\/\/bunnyboo.ro\/\",\"name\":\"Bunny Boo\",\"description\":\"Bunny Boo\",\"publisher\":{\"@id\":\"https:\/\/bunnyboo.ro\/#organization\"},\"potentialAction\":[{\"@type\":\"SearchAction\",\"target\":{\"@type\":\"EntryPoint\",\"urlTemplate\":\"https:\/\/bunnyboo.ro\/?s={search_term_string}\"},\"query-input\":\"required name=search_term_string\"}],\"inLanguage\":\"en-US\"},{\"@type\":\"Organization\",\"@id\":\"https:\/\/bunnyboo.ro\/#organization\",\"name\":\"Bunny Boo\",\"url\":\"https:\/\/bunnyboo.ro\/\",\"logo\":{\"@type\":\"ImageObject\",\"inLanguage\":\"en-US\",\"@id\":\"https:\/\/bunnyboo.ro\/#\/schema\/logo\/image\/\",\"url\":\"https:\/\/bunnyboo.ro\/wp-content\/uploads\/2024\/03\/Logo-website-black.png\",\"contentUrl\":\"https:\/\/bunnyboo.ro\/wp-content\/uploads\/2024\/03\/Logo-website-black.png\",\"width\":2422,\"height\":946,\"caption\":\"Bunny Boo\"},\"image\":{\"@id\":\"https:\/\/bunnyboo.ro\/#\/schema\/logo\/image\/\"}}]}<\/script>\n<!-- \/ Yoast SEO plugin. -->","yoast_head_json":{"title":"Geaca Softshell Color Block \"BLUE CAPE\"","robots":{"index":"index","follow":"follow","max-snippet":"max-snippet:-1","max-image-preview":"max-image-preview:large","max-video-preview":"max-video-preview:-1"},"canonical":"https:\/\/bunnyboo.ro\/produs\/geaca-softshell-blue\/","og_locale":"en_US","og_type":"article","og_title":"Geaca Softshell Color Block \"BLUE CAPE\"","og_description":"Jacheta Leokid Softshell Color Block este conceput\u0103 pentru copiii de la 1,5 la 7 ani. Jacheta este potrivit\u0103 pentru temperaturi de la +5 \u00b0C la +18 \u00b0C. Sezon &#8211; prim\u0103var\u0103, var\u0103, toamn\u0103. Jacheta este confec\u021bionat\u0103 din \u021bes\u0103tur\u0103 durabil\u0103, cu impregnare hidrofug\u0103, cu o rezisten\u021b\u0103 la ap\u0103 de 8.000 mm. Durabilitate &#8211; 40.000 de cicluri (confirmat\u0103 [&hellip;]","og_url":"https:\/\/bunnyboo.ro\/produs\/geaca-softshell-blue\/","og_site_name":"Bunny Boo","article_modified_time":"2026-03-31T06:33:49+00:00","og_image":[{"width":1600,"height":2000,"url":"https:\/\/bunnyboo.ro\/wp-content\/uploads\/2024\/03\/blue-j.png","type":"image\/png"}],"twitter_card":"summary_large_image","twitter_misc":{"Est. reading time":"3 minutes"},"schema":{"@context":"https:\/\/schema.org","@graph":[{"@type":"WebPage","@id":"https:\/\/bunnyboo.ro\/produs\/geaca-softshell-blue\/","url":"https:\/\/bunnyboo.ro\/produs\/geaca-softshell-blue\/","name":"Geaca Softshell Color Block \"BLUE CAPE\"","isPartOf":{"@id":"https:\/\/bunnyboo.ro\/#website"},"primaryImageOfPage":{"@id":"https:\/\/bunnyboo.ro\/produs\/geaca-softshell-blue\/#primaryimage"},"image":{"@id":"https:\/\/bunnyboo.ro\/produs\/geaca-softshell-blue\/#primaryimage"},"thumbnailUrl":"https:\/\/bunnyboo.ro\/wp-content\/uploads\/2024\/03\/blue-j.png","datePublished":"2024-03-05T15:50:55+00:00","dateModified":"2026-03-31T06:33:49+00:00","breadcrumb":{"@id":"https:\/\/bunnyboo.ro\/produs\/geaca-softshell-blue\/#breadcrumb"},"inLanguage":"en-US","potentialAction":[{"@type":"ReadAction","target":["https:\/\/bunnyboo.ro\/produs\/geaca-softshell-blue\/"]}]},{"@type":"ImageObject","inLanguage":"en-US","@id":"https:\/\/bunnyboo.ro\/produs\/geaca-softshell-blue\/#primaryimage","url":"https:\/\/bunnyboo.ro\/wp-content\/uploads\/2024\/03\/blue-j.png","contentUrl":"https:\/\/bunnyboo.ro\/wp-content\/uploads\/2024\/03\/blue-j.png","width":1600,"height":2000},{"@type":"BreadcrumbList","@id":"https:\/\/bunnyboo.ro\/produs\/geaca-softshell-blue\/#breadcrumb","itemListElement":[{"@type":"ListItem","position":1,"name":"Home","item":"https:\/\/bunnyboo.ro\/en\/"},{"@type":"ListItem","position":2,"name":"New","item":"https:\/\/bunnyboo.ro\/en\/shop\/"},{"@type":"ListItem","position":3,"name":"Geaca Softshell Color Block &#8220;BLUE CAPE&#8221;"}]},{"@type":"WebSite","@id":"https:\/\/bunnyboo.ro\/#website","url":"https:\/\/bunnyboo.ro\/","name":"Bunny Boo","description":"Bunny Boo","publisher":{"@id":"https:\/\/bunnyboo.ro\/#organization"},"potentialAction":[{"@type":"SearchAction","target":{"@type":"EntryPoint","urlTemplate":"https:\/\/bunnyboo.ro\/?s={search_term_string}"},"query-input":"required name=search_term_string"}],"inLanguage":"en-US"},{"@type":"Organization","@id":"https:\/\/bunnyboo.ro\/#organization","name":"Bunny Boo","url":"https:\/\/bunnyboo.ro\/","logo":{"@type":"ImageObject","inLanguage":"en-US","@id":"https:\/\/bunnyboo.ro\/#\/schema\/logo\/image\/","url":"https:\/\/bunnyboo.ro\/wp-content\/uploads\/2024\/03\/Logo-website-black.png","contentUrl":"https:\/\/bunnyboo.ro\/wp-content\/uploads\/2024\/03\/Logo-website-black.png","width":2422,"height":946,"caption":"Bunny Boo"},"image":{"@id":"https:\/\/bunnyboo.ro\/#\/schema\/logo\/image\/"}}]}},"_links":{"self":[{"href":"https:\/\/bunnyboo.ro\/en\/wp-json\/wp\/v2\/product\/7809","targetHints":{"allow":["GET"]}}],"collection":[{"href":"https:\/\/bunnyboo.ro\/en\/wp-json\/wp\/v2\/product"}],"about":[{"href":"https:\/\/bunnyboo.ro\/en\/wp-json\/wp\/v2\/types\/product"}],"replies":[{"embeddable":true,"href":"https:\/\/bunnyboo.ro\/en\/wp-json\/wp\/v2\/comments?post=7809"}],"wp:featuredmedia":[{"embeddable":true,"href":"https:\/\/bunnyboo.ro\/en\/wp-json\/wp\/v2\/media\/8553"}],"wp:attachment":[{"href":"https:\/\/bunnyboo.ro\/en\/wp-json\/wp\/v2\/media?parent=7809"}],"wp:term":[{"taxonomy":"product_brand","embeddable":true,"href":"https:\/\/bunnyboo.ro\/en\/wp-json\/wp\/v2\/product_brand?post=7809"},{"taxonomy":"product_cat","embeddable":true,"href":"https:\/\/bunnyboo.ro\/en\/wp-json\/wp\/v2\/product_cat?post=7809"},{"taxonomy":"product_tag","embeddable":true,"href":"https:\/\/bunnyboo.ro\/en\/wp-json\/wp\/v2\/product_tag?post=7809"}],"curies":[{"name":"wp","href":"https:\/\/api.w.org\/{rel}","templated":true}]}}