{"id":7781,"date":"2024-03-05T15:31:37","date_gmt":"2024-03-05T15:31:37","guid":{"rendered":"https:\/\/bunnyboo.ro\/product\/geaca-de-vant-sea-tot-green\/"},"modified":"2026-03-26T12:22:17","modified_gmt":"2026-03-26T10:22:17","slug":"geaca-de-vant-sea-tot-green","status":"publish","type":"product","link":"https:\/\/bunnyboo.ro\/en\/produs\/geaca-de-vant-sea-tot-green\/","title":{"rendered":"Geaca de vant Windbreaker Shells &#8221;SEA TOT GREEN&#8221;"},"content":{"rendered":"<p class=\"MsoNormal\" style=\"margin: 0cm 0cm 0.0001pt;\"><span lang=\"RO\">Leokid Windbreaker Shells este conceput pentru copii de la 9 luni la 7 ani. Geaca de v\u00e2nt este potrivit\u0103 pentru temperaturi de la +10 \u00b0C la +25 \u00b0C. Sezon &#8211; prim\u0103var\u0103, var\u0103, toamn\u0103. Blazerul este confectionat din material practic cu impregnare hidrofuga. C\u0103ptu\u0219eala din plas\u0103 are o bun\u0103 respirabilitate, permite corpului s\u0103 respire \u0219i se usuc\u0103 rapid. Fermoarul cu captuseala interioara rezistenta la vant, situat in partea centrala, este prevazut cu barbie. Exist\u0103 dou\u0103 buzunare usor accesibile \u00een partea din fa\u021b\u0103 a gecii de v\u00e2nt. Are, de asemenea, elemente reflectorizante, f\u0103c\u00e2ndu-l vizibil de la distan\u021b\u0103 pe vreme nefavorabil\u0103 \u0219i \u00eentuneric. Pentru a preveni intrarea aerului rece \u0219i pentru a asigura o potrivire confortabil\u0103, parca de v\u00e2nt are o band\u0103 elastic\u0103 la man\u0219ete \u0219i in partea de jos. Geaca este confec\u021bionata dintr-o \u021bes\u0103tur\u0103 u\u0219oar\u0103 \u0219i practic\u0103, astfel \u00eenc\u00e2t este u\u0219or de transportat \u0219i nu ocup\u0103 mult spa\u021biu atunci c\u00e2nd este depozitata. \u00cen produsele Leokid sunt folosite doar accesorii de \u00eenalt\u0103 calitate.\u00a0<\/span><\/p>\n<p class=\"MsoNormal\" style=\"margin: 0cm 0cm 0.0001pt;\"><span lang=\"RO\">\u00a0<\/span><\/p>\n<p class=\"MsoNormal\" style=\"margin: 0cm 0cm 0.0001pt;\"><span lang=\"RO\">MATERIAL\u00a0<\/span><\/p>\n<p class=\"MsoNormal\" style=\"margin: 0cm 0cm 0.0001pt;\"><span lang=\"RO\">Exterior: 100 % poliester<\/span><\/p>\n<p class=\"MsoNormal\" style=\"margin: 0cm 0cm 0.0001pt;\"><span lang=\"RO\">Captuseala: 100 % poliester<\/span><\/p>\n<p class=\"MsoNormal\" style=\"margin: 0cm 0cm 0.0001pt;\"><span lang=\"RO\">Accesorii: fermoar din plastic cu glisor metalic, cleme metalice cu capace metalice, plasture din silicon cu sigla Leokid\u00a0<\/span><\/p>\n<p class=\"MsoNormal\" style=\"margin: 0cm 0cm 0.0001pt;\"><span lang=\"RO\">\u00a0<\/span><\/p>\n<p class=\"MsoNormal\" style=\"margin: 0cm 0cm 0.0001pt;\"><span lang=\"RO\">\u00ceNGRIJIRE<\/span><\/p>\n<p class=\"MsoNormal\" style=\"margin: 0cm 0cm 0.0001pt;\"><span lang=\"RO\">\u2022 Scoate\u021bi toate elementele de ambalare \u00eenainte de utilizare.<\/span><\/p>\n<p class=\"MsoNormal\" style=\"margin: 0cm 0cm 0.0001pt;\"><span lang=\"RO\">\u2022 Se spala la masina la 40 \u00b0C. Nu este potrivit pentru uscare cu rufe. Nu sp\u0103la\u021bi cu \u00een\u0103lbitor. Nu c\u0103lca\u021bi. Nu cur\u0103\u021ba\u021bi chimic.<\/span><\/p>\n<p class=\"MsoNormal\" style=\"margin: 0cm 0cm 0.0001pt;\"><span lang=\"RO\">\u2022 Sp\u0103la\u021bi separat de alte articole. \u00cenainte de sp\u0103lare, \u00eentoarce\u021bi-v\u0103 pe dos, \u00eenchide\u021bi toate fermoarele \u0219i clemele. Viteza de centrifugare recomandat\u0103 nu este mai mare de 600 rpm. Nu se recomand\u0103 sp\u0103larea frecvent\u0103 a produsului; petele minore pot fi \u00eendep\u0103rtate cu o c\u00e2rp\u0103 umed\u0103, f\u0103r\u0103 substan\u021be chimice. Nu folosi\u021bi produse de cur\u0103\u021bare care con\u021bin \u00een\u0103lbitor \u0219i nu folosi\u021bi balsamuri pentru \u021bes\u0103turi.<\/span><\/p>\n<p class=\"MsoNormal\" style=\"margin: 0cm 0cm 0.0001pt;\">\n","protected":false},"excerpt":{"rendered":"<p>Leokid Windbreaker Shells este conceput pentru copii de la 9 luni la 7 ani. Geaca de v\u00e2nt este potrivit\u0103 pentru temperaturi de la +10 \u00b0C la +25 \u00b0C. Sezon &#8211; prim\u0103var\u0103, var\u0103, toamn\u0103. Blazerul este confectionat din material practic cu impregnare hidrofuga. C\u0103ptu\u0219eala din plas\u0103 are o bun\u0103 respirabilitate, permite corpului s\u0103 respire \u0219i se [&hellip;]<\/p>\n","protected":false},"featured_media":8555,"comment_status":"open","ping_status":"closed","template":"","meta":{"site-sidebar-layout":"default","site-content-layout":"","ast-site-content-layout":"default","site-content-style":"default","site-sidebar-style":"default","ast-global-header-display":"","ast-banner-title-visibility":"","ast-main-header-display":"","ast-hfb-above-header-display":"","ast-hfb-below-header-display":"","ast-hfb-mobile-header-display":"","site-post-title":"","ast-breadcrumbs-content":"","ast-featured-img":"","footer-sml-layout":"","theme-transparent-header-meta":"default","adv-header-id-meta":"","stick-header-meta":"default","header-above-stick-meta":"","header-main-stick-meta":"","header-below-stick-meta":"","astra-migrate-meta-layouts":"set","ast-page-background-enabled":"default","ast-page-background-meta":{"desktop":{"background-color":"","background-image":"","background-repeat":"repeat","background-position":"center center","background-size":"auto","background-attachment":"scroll","background-type":"","background-media":"","overlay-type":"","overlay-color":"","overlay-opacity":"","overlay-gradient":""},"tablet":{"background-color":"","background-image":"","background-repeat":"repeat","background-position":"center center","background-size":"auto","background-attachment":"scroll","background-type":"","background-media":"","overlay-type":"","overlay-color":"","overlay-opacity":"","overlay-gradient":""},"mobile":{"background-color":"","background-image":"","background-repeat":"repeat","background-position":"center center","background-size":"auto","background-attachment":"scroll","background-type":"","background-media":"","overlay-type":"","overlay-color":"","overlay-opacity":"","overlay-gradient":""}},"ast-content-background-meta":{"desktop":{"background-color":"var(--ast-global-color-5)","background-image":"","background-repeat":"repeat","background-position":"center center","background-size":"auto","background-attachment":"scroll","background-type":"","background-media":"","overlay-type":"","overlay-color":"","overlay-opacity":"","overlay-gradient":""},"tablet":{"background-color":"var(--ast-global-color-5)","background-image":"","background-repeat":"repeat","background-position":"center center","background-size":"auto","background-attachment":"scroll","background-type":"","background-media":"","overlay-type":"","overlay-color":"","overlay-opacity":"","overlay-gradient":""},"mobile":{"background-color":"var(--ast-global-color-5)","background-image":"","background-repeat":"repeat","background-position":"center center","background-size":"auto","background-attachment":"scroll","background-type":"","background-media":"","overlay-type":"","overlay-color":"","overlay-opacity":"","overlay-gradient":""}}},"product_brand":[],"product_cat":[65,91,132],"product_tag":[],"class_list":{"0":"post-7781","1":"product","2":"type-product","3":"status-publish","4":"has-post-thumbnail","6":"product_cat-noutati-minunate-pentru-puiul-tau","7":"product_cat-geci-pentru-micul-tau-explorator","8":"product_cat-reduceri-pentru-tine","9":"pa_marime-110inaltime110_116cm5_6ani","10":"pa_marime-116inaltime116_120cm6_7ani","11":"pa_marime-80inaltime80_86cm12_18luni","12":"pa_marime-86inaltime86_92cm18_24luni","13":"pa_marime-92inaltime92_98cm2_3ani","14":"pa_marime-98inaltime98_104cm3_4ani","15":"pa_marime-104inaltime104_110cm4_5ani","16":"desktop-align-left","17":"tablet-align-left","18":"mobile-align-left","19":"ast-product-gallery-layout-horizontal-slider","20":"ast-product-single-variable","21":"ast-product-tabs-layout-vertical","22":"ast-qv-on-image","24":"first","25":"instock","26":"sale","27":"shipping-taxable","28":"purchasable","29":"product-type-variable"},"yoast_head":"<!-- This site is optimized with the Yoast SEO plugin v22.6 - https:\/\/yoast.com\/wordpress\/plugins\/seo\/ -->\n<title>Geaca de vant Windbreaker Shells &#039;&#039;SEA TOT GREEN&#039;&#039;<\/title>\n<meta name=\"robots\" content=\"index, follow, max-snippet:-1, max-image-preview:large, max-video-preview:-1\" \/>\n<link rel=\"canonical\" href=\"https:\/\/bunnyboo.ro\/produs\/geaca-de-vant-sea-tot-green\/\" \/>\n<meta property=\"og:locale\" content=\"en_US\" \/>\n<meta property=\"og:type\" content=\"article\" \/>\n<meta property=\"og:title\" content=\"Geaca de vant Windbreaker Shells &#039;&#039;SEA TOT GREEN&#039;&#039;\" \/>\n<meta property=\"og:description\" content=\"Leokid Windbreaker Shells este conceput pentru copii de la 9 luni la 7 ani. Geaca de v\u00e2nt este potrivit\u0103 pentru temperaturi de la +10 \u00b0C la +25 \u00b0C. Sezon &#8211; prim\u0103var\u0103, var\u0103, toamn\u0103. Blazerul este confectionat din material practic cu impregnare hidrofuga. C\u0103ptu\u0219eala din plas\u0103 are o bun\u0103 respirabilitate, permite corpului s\u0103 respire \u0219i se [&hellip;]\" \/>\n<meta property=\"og:url\" content=\"https:\/\/bunnyboo.ro\/produs\/geaca-de-vant-sea-tot-green\/\" \/>\n<meta property=\"og:site_name\" content=\"Bunny Boo\" \/>\n<meta property=\"article:modified_time\" content=\"2026-03-26T10:22:17+00:00\" \/>\n<meta property=\"og:image\" content=\"https:\/\/bunnyboo.ro\/wp-content\/uploads\/2024\/03\/front.png\" \/>\n\t<meta property=\"og:image:width\" content=\"1600\" \/>\n\t<meta property=\"og:image:height\" content=\"2000\" \/>\n\t<meta property=\"og:image:type\" content=\"image\/png\" \/>\n<meta name=\"twitter:card\" content=\"summary_large_image\" \/>\n<meta name=\"twitter:label1\" content=\"Est. reading time\" \/>\n\t<meta name=\"twitter:data1\" content=\"2 minutes\" \/>\n<script type=\"application\/ld+json\" class=\"yoast-schema-graph\">{\"@context\":\"https:\/\/schema.org\",\"@graph\":[{\"@type\":\"WebPage\",\"@id\":\"https:\/\/bunnyboo.ro\/produs\/geaca-de-vant-sea-tot-green\/\",\"url\":\"https:\/\/bunnyboo.ro\/produs\/geaca-de-vant-sea-tot-green\/\",\"name\":\"Geaca de vant Windbreaker Shells ''SEA TOT GREEN''\",\"isPartOf\":{\"@id\":\"https:\/\/bunnyboo.ro\/#website\"},\"primaryImageOfPage\":{\"@id\":\"https:\/\/bunnyboo.ro\/produs\/geaca-de-vant-sea-tot-green\/#primaryimage\"},\"image\":{\"@id\":\"https:\/\/bunnyboo.ro\/produs\/geaca-de-vant-sea-tot-green\/#primaryimage\"},\"thumbnailUrl\":\"https:\/\/bunnyboo.ro\/wp-content\/uploads\/2024\/03\/front.png\",\"datePublished\":\"2024-03-05T15:31:37+00:00\",\"dateModified\":\"2026-03-26T10:22:17+00:00\",\"breadcrumb\":{\"@id\":\"https:\/\/bunnyboo.ro\/produs\/geaca-de-vant-sea-tot-green\/#breadcrumb\"},\"inLanguage\":\"en-US\",\"potentialAction\":[{\"@type\":\"ReadAction\",\"target\":[\"https:\/\/bunnyboo.ro\/produs\/geaca-de-vant-sea-tot-green\/\"]}]},{\"@type\":\"ImageObject\",\"inLanguage\":\"en-US\",\"@id\":\"https:\/\/bunnyboo.ro\/produs\/geaca-de-vant-sea-tot-green\/#primaryimage\",\"url\":\"https:\/\/bunnyboo.ro\/wp-content\/uploads\/2024\/03\/front.png\",\"contentUrl\":\"https:\/\/bunnyboo.ro\/wp-content\/uploads\/2024\/03\/front.png\",\"width\":1600,\"height\":2000},{\"@type\":\"BreadcrumbList\",\"@id\":\"https:\/\/bunnyboo.ro\/produs\/geaca-de-vant-sea-tot-green\/#breadcrumb\",\"itemListElement\":[{\"@type\":\"ListItem\",\"position\":1,\"name\":\"Home\",\"item\":\"https:\/\/bunnyboo.ro\/en\/\"},{\"@type\":\"ListItem\",\"position\":2,\"name\":\"New\",\"item\":\"https:\/\/bunnyboo.ro\/en\/shop\/\"},{\"@type\":\"ListItem\",\"position\":3,\"name\":\"Geaca de vant Windbreaker Shells &#8221;SEA TOT GREEN&#8221;\"}]},{\"@type\":\"WebSite\",\"@id\":\"https:\/\/bunnyboo.ro\/#website\",\"url\":\"https:\/\/bunnyboo.ro\/\",\"name\":\"Bunny Boo\",\"description\":\"Bunny Boo\",\"publisher\":{\"@id\":\"https:\/\/bunnyboo.ro\/#organization\"},\"potentialAction\":[{\"@type\":\"SearchAction\",\"target\":{\"@type\":\"EntryPoint\",\"urlTemplate\":\"https:\/\/bunnyboo.ro\/?s={search_term_string}\"},\"query-input\":\"required name=search_term_string\"}],\"inLanguage\":\"en-US\"},{\"@type\":\"Organization\",\"@id\":\"https:\/\/bunnyboo.ro\/#organization\",\"name\":\"Bunny Boo\",\"url\":\"https:\/\/bunnyboo.ro\/\",\"logo\":{\"@type\":\"ImageObject\",\"inLanguage\":\"en-US\",\"@id\":\"https:\/\/bunnyboo.ro\/#\/schema\/logo\/image\/\",\"url\":\"https:\/\/bunnyboo.ro\/wp-content\/uploads\/2024\/03\/Logo-website-black.png\",\"contentUrl\":\"https:\/\/bunnyboo.ro\/wp-content\/uploads\/2024\/03\/Logo-website-black.png\",\"width\":2422,\"height\":946,\"caption\":\"Bunny Boo\"},\"image\":{\"@id\":\"https:\/\/bunnyboo.ro\/#\/schema\/logo\/image\/\"}}]}<\/script>\n<!-- \/ Yoast SEO plugin. -->","yoast_head_json":{"title":"Geaca de vant Windbreaker Shells ''SEA TOT GREEN''","robots":{"index":"index","follow":"follow","max-snippet":"max-snippet:-1","max-image-preview":"max-image-preview:large","max-video-preview":"max-video-preview:-1"},"canonical":"https:\/\/bunnyboo.ro\/produs\/geaca-de-vant-sea-tot-green\/","og_locale":"en_US","og_type":"article","og_title":"Geaca de vant Windbreaker Shells ''SEA TOT GREEN''","og_description":"Leokid Windbreaker Shells este conceput pentru copii de la 9 luni la 7 ani. Geaca de v\u00e2nt este potrivit\u0103 pentru temperaturi de la +10 \u00b0C la +25 \u00b0C. Sezon &#8211; prim\u0103var\u0103, var\u0103, toamn\u0103. Blazerul este confectionat din material practic cu impregnare hidrofuga. C\u0103ptu\u0219eala din plas\u0103 are o bun\u0103 respirabilitate, permite corpului s\u0103 respire \u0219i se [&hellip;]","og_url":"https:\/\/bunnyboo.ro\/produs\/geaca-de-vant-sea-tot-green\/","og_site_name":"Bunny Boo","article_modified_time":"2026-03-26T10:22:17+00:00","og_image":[{"width":1600,"height":2000,"url":"https:\/\/bunnyboo.ro\/wp-content\/uploads\/2024\/03\/front.png","type":"image\/png"}],"twitter_card":"summary_large_image","twitter_misc":{"Est. reading time":"2 minutes"},"schema":{"@context":"https:\/\/schema.org","@graph":[{"@type":"WebPage","@id":"https:\/\/bunnyboo.ro\/produs\/geaca-de-vant-sea-tot-green\/","url":"https:\/\/bunnyboo.ro\/produs\/geaca-de-vant-sea-tot-green\/","name":"Geaca de vant Windbreaker Shells ''SEA TOT GREEN''","isPartOf":{"@id":"https:\/\/bunnyboo.ro\/#website"},"primaryImageOfPage":{"@id":"https:\/\/bunnyboo.ro\/produs\/geaca-de-vant-sea-tot-green\/#primaryimage"},"image":{"@id":"https:\/\/bunnyboo.ro\/produs\/geaca-de-vant-sea-tot-green\/#primaryimage"},"thumbnailUrl":"https:\/\/bunnyboo.ro\/wp-content\/uploads\/2024\/03\/front.png","datePublished":"2024-03-05T15:31:37+00:00","dateModified":"2026-03-26T10:22:17+00:00","breadcrumb":{"@id":"https:\/\/bunnyboo.ro\/produs\/geaca-de-vant-sea-tot-green\/#breadcrumb"},"inLanguage":"en-US","potentialAction":[{"@type":"ReadAction","target":["https:\/\/bunnyboo.ro\/produs\/geaca-de-vant-sea-tot-green\/"]}]},{"@type":"ImageObject","inLanguage":"en-US","@id":"https:\/\/bunnyboo.ro\/produs\/geaca-de-vant-sea-tot-green\/#primaryimage","url":"https:\/\/bunnyboo.ro\/wp-content\/uploads\/2024\/03\/front.png","contentUrl":"https:\/\/bunnyboo.ro\/wp-content\/uploads\/2024\/03\/front.png","width":1600,"height":2000},{"@type":"BreadcrumbList","@id":"https:\/\/bunnyboo.ro\/produs\/geaca-de-vant-sea-tot-green\/#breadcrumb","itemListElement":[{"@type":"ListItem","position":1,"name":"Home","item":"https:\/\/bunnyboo.ro\/en\/"},{"@type":"ListItem","position":2,"name":"New","item":"https:\/\/bunnyboo.ro\/en\/shop\/"},{"@type":"ListItem","position":3,"name":"Geaca de vant Windbreaker Shells &#8221;SEA TOT GREEN&#8221;"}]},{"@type":"WebSite","@id":"https:\/\/bunnyboo.ro\/#website","url":"https:\/\/bunnyboo.ro\/","name":"Bunny Boo","description":"Bunny Boo","publisher":{"@id":"https:\/\/bunnyboo.ro\/#organization"},"potentialAction":[{"@type":"SearchAction","target":{"@type":"EntryPoint","urlTemplate":"https:\/\/bunnyboo.ro\/?s={search_term_string}"},"query-input":"required name=search_term_string"}],"inLanguage":"en-US"},{"@type":"Organization","@id":"https:\/\/bunnyboo.ro\/#organization","name":"Bunny Boo","url":"https:\/\/bunnyboo.ro\/","logo":{"@type":"ImageObject","inLanguage":"en-US","@id":"https:\/\/bunnyboo.ro\/#\/schema\/logo\/image\/","url":"https:\/\/bunnyboo.ro\/wp-content\/uploads\/2024\/03\/Logo-website-black.png","contentUrl":"https:\/\/bunnyboo.ro\/wp-content\/uploads\/2024\/03\/Logo-website-black.png","width":2422,"height":946,"caption":"Bunny Boo"},"image":{"@id":"https:\/\/bunnyboo.ro\/#\/schema\/logo\/image\/"}}]}},"_links":{"self":[{"href":"https:\/\/bunnyboo.ro\/en\/wp-json\/wp\/v2\/product\/7781","targetHints":{"allow":["GET"]}}],"collection":[{"href":"https:\/\/bunnyboo.ro\/en\/wp-json\/wp\/v2\/product"}],"about":[{"href":"https:\/\/bunnyboo.ro\/en\/wp-json\/wp\/v2\/types\/product"}],"replies":[{"embeddable":true,"href":"https:\/\/bunnyboo.ro\/en\/wp-json\/wp\/v2\/comments?post=7781"}],"wp:featuredmedia":[{"embeddable":true,"href":"https:\/\/bunnyboo.ro\/en\/wp-json\/wp\/v2\/media\/8555"}],"wp:attachment":[{"href":"https:\/\/bunnyboo.ro\/en\/wp-json\/wp\/v2\/media?parent=7781"}],"wp:term":[{"taxonomy":"product_brand","embeddable":true,"href":"https:\/\/bunnyboo.ro\/en\/wp-json\/wp\/v2\/product_brand?post=7781"},{"taxonomy":"product_cat","embeddable":true,"href":"https:\/\/bunnyboo.ro\/en\/wp-json\/wp\/v2\/product_cat?post=7781"},{"taxonomy":"product_tag","embeddable":true,"href":"https:\/\/bunnyboo.ro\/en\/wp-json\/wp\/v2\/product_tag?post=7781"}],"curies":[{"name":"wp","href":"https:\/\/api.w.org\/{rel}","templated":true}]}}