{"id":7659,"date":"2024-02-21T12:38:03","date_gmt":"2024-02-21T12:38:03","guid":{"rendered":"https:\/\/bunnyboo.ro\/product\/ghiozdan-mr-dino\/"},"modified":"2025-11-12T13:45:15","modified_gmt":"2025-11-12T11:45:15","slug":"ghiozdan-mr-dino","status":"publish","type":"product","link":"https:\/\/bunnyboo.ro\/en\/produs\/ghiozdan-mr-dino\/","title":{"rendered":"Ghiozdan &#8211; Mr. Dino"},"content":{"rendered":"<p class=\"MsoNormal\" style=\"margin: 0cm 0cm 0.0001pt;\"><span lang=\"RO\">Cu acest rucsac dr\u0103gu\u021b copilul t\u0103u este complet preg\u0103tit pentru orice aventur\u0103 sau prima zi la \u0219coal\u0103!\u00a0Rucsacul are curele de um\u0103r reglabile \u0219i c\u0103ptu\u0219ite \u0219i un m\u00e2ner scurt \u00een partea de sus pentru a-l \u021bine \u0219i ag\u0103\u021ba cu u\u0219urin\u021b\u0103 oriunde te duci. Cureaua de piept previne c\u0103derea curelelor de um\u0103r.\u00a0 Rucsacul are un compartiment mare \u0219i un mic buzunar frontal, unde po\u021bi depozita frumos o mic\u0103 gustare, servetele sau alte obiecte. Buzunarul principal \u0219i frontal au un fermoar care permite copiilor s\u0103 deschid\u0103 \u0219i s\u0103 \u00eenchid\u0103 cu u\u0219urin\u021b\u0103 ei \u00een\u0219i\u0219i ghiozdanul.\u00a0Pentru a nu-\u021bi pierde \u00eenso\u021bitorul de c\u0103l\u0103torie, pe interiorul gen\u021bii este prev\u0103zut\u0103 o etichet\u0103 cu numele.\u00a0 \u00cen plus, rucsacul este rezistent la apa.\u00a0<\/span><\/p>\n<p class=\"MsoNormal\" style=\"margin: 0cm 0cm 0.0001pt;\"><span lang=\"RO\">\u00a0<\/span><\/p>\n<p class=\"MsoNormal\" style=\"margin: 0cm 0cm 0.0001pt;\"><span lang=\"RO\">\u00a0<\/span><\/p>\n<p class=\"MsoNormal\" style=\"margin: 0cm 0cm 0.0001pt;\"><span lang=\"RO\">Compozi\u0163ie 100% bumbac &#8211; c\u0103ptu\u0219eal\u0103: 100% bumbac &#8211; \u00eenveli\u0219 acrilic hidrofug Recomandare de v\u00e2rst\u0103 3 ani+<\/span><\/p>\n<p class=\"MsoNormal\" style=\"margin: 0cm 0cm 0.0001pt;\"><span lang=\"RO\">Dimensiuni (Lxlxh) 31x23x10<\/span><\/p>\n<p class=\"MsoNormal\" style=\"margin: 0cm 0cm 0.0001pt;\"><span lang=\"RO\">\u00a0<\/span><\/p>\n<p class=\"MsoNormal\" style=\"margin: 0cm 0cm 0.0001pt;\"><span style=\"-webkit-text-size-adjust: 100%;\">Brand: Trixie<\/span><\/p>\n","protected":false},"excerpt":{"rendered":"<p>Cu acest rucsac dr\u0103gu\u021b copilul t\u0103u este complet preg\u0103tit pentru orice aventur\u0103 sau prima zi la \u0219coal\u0103!\u00a0Rucsacul are curele de um\u0103r reglabile \u0219i c\u0103ptu\u0219ite \u0219i un m\u00e2ner scurt \u00een partea de sus pentru a-l \u021bine \u0219i ag\u0103\u021ba cu u\u0219urin\u021b\u0103 oriunde te duci. Cureaua de piept previne c\u0103derea curelelor de um\u0103r.\u00a0 Rucsacul are un compartiment mare [&hellip;]<\/p>\n","protected":false},"featured_media":7653,"comment_status":"open","ping_status":"closed","template":"","meta":{"site-sidebar-layout":"default","site-content-layout":"","ast-site-content-layout":"default","site-content-style":"default","site-sidebar-style":"default","ast-global-header-display":"","ast-banner-title-visibility":"","ast-main-header-display":"","ast-hfb-above-header-display":"","ast-hfb-below-header-display":"","ast-hfb-mobile-header-display":"","site-post-title":"","ast-breadcrumbs-content":"","ast-featured-img":"","footer-sml-layout":"","theme-transparent-header-meta":"default","adv-header-id-meta":"","stick-header-meta":"default","header-above-stick-meta":"","header-main-stick-meta":"","header-below-stick-meta":"","astra-migrate-meta-layouts":"set","ast-page-background-enabled":"default","ast-page-background-meta":{"desktop":{"background-color":"","background-image":"","background-repeat":"repeat","background-position":"center center","background-size":"auto","background-attachment":"scroll","background-type":"","background-media":"","overlay-type":"","overlay-color":"","overlay-opacity":"","overlay-gradient":""},"tablet":{"background-color":"","background-image":"","background-repeat":"repeat","background-position":"center center","background-size":"auto","background-attachment":"scroll","background-type":"","background-media":"","overlay-type":"","overlay-color":"","overlay-opacity":"","overlay-gradient":""},"mobile":{"background-color":"","background-image":"","background-repeat":"repeat","background-position":"center center","background-size":"auto","background-attachment":"scroll","background-type":"","background-media":"","overlay-type":"","overlay-color":"","overlay-opacity":"","overlay-gradient":""}},"ast-content-background-meta":{"desktop":{"background-color":"var(--ast-global-color-5)","background-image":"","background-repeat":"repeat","background-position":"center center","background-size":"auto","background-attachment":"scroll","background-type":"","background-media":"","overlay-type":"","overlay-color":"","overlay-opacity":"","overlay-gradient":""},"tablet":{"background-color":"var(--ast-global-color-5)","background-image":"","background-repeat":"repeat","background-position":"center center","background-size":"auto","background-attachment":"scroll","background-type":"","background-media":"","overlay-type":"","overlay-color":"","overlay-opacity":"","overlay-gradient":""},"mobile":{"background-color":"var(--ast-global-color-5)","background-image":"","background-repeat":"repeat","background-position":"center center","background-size":"auto","background-attachment":"scroll","background-type":"","background-media":"","overlay-type":"","overlay-color":"","overlay-opacity":"","overlay-gradient":""}}},"product_brand":[],"product_cat":[65,99,132],"product_tag":[],"class_list":{"0":"post-7659","1":"product","2":"type-product","3":"status-publish","4":"has-post-thumbnail","6":"product_cat-noutati-minunate-pentru-puiul-tau","7":"product_cat-genti-ghiozdane-pentru-mama-si-pui","8":"product_cat-reduceri-pentru-tine","9":"desktop-align-left","10":"tablet-align-left","11":"mobile-align-left","12":"ast-product-gallery-layout-horizontal-slider","13":"ast-product-tabs-layout-vertical","14":"ast-qv-on-image","16":"first","17":"instock","18":"sale","19":"shipping-taxable","20":"purchasable","21":"product-type-simple"},"yoast_head":"<!-- This site is optimized with the Yoast SEO plugin v22.6 - https:\/\/yoast.com\/wordpress\/plugins\/seo\/ -->\n<title>Ghiozdan - Mr. Dino<\/title>\n<meta name=\"robots\" content=\"index, follow, max-snippet:-1, max-image-preview:large, max-video-preview:-1\" \/>\n<link rel=\"canonical\" href=\"https:\/\/bunnyboo.ro\/produs\/ghiozdan-mr-dino\/\" \/>\n<meta property=\"og:locale\" content=\"en_US\" \/>\n<meta property=\"og:type\" content=\"article\" \/>\n<meta property=\"og:title\" content=\"Ghiozdan - Mr. Dino\" \/>\n<meta property=\"og:description\" content=\"Cu acest rucsac dr\u0103gu\u021b copilul t\u0103u este complet preg\u0103tit pentru orice aventur\u0103 sau prima zi la \u0219coal\u0103!\u00a0Rucsacul are curele de um\u0103r reglabile \u0219i c\u0103ptu\u0219ite \u0219i un m\u00e2ner scurt \u00een partea de sus pentru a-l \u021bine \u0219i ag\u0103\u021ba cu u\u0219urin\u021b\u0103 oriunde te duci. Cureaua de piept previne c\u0103derea curelelor de um\u0103r.\u00a0 Rucsacul are un compartiment mare [&hellip;]\" \/>\n<meta property=\"og:url\" content=\"https:\/\/bunnyboo.ro\/produs\/ghiozdan-mr-dino\/\" \/>\n<meta property=\"og:site_name\" content=\"Bunny Boo\" \/>\n<meta property=\"article:modified_time\" content=\"2025-11-12T11:45:15+00:00\" \/>\n<meta property=\"og:image\" content=\"https:\/\/bunnyboo.ro\/wp-content\/uploads\/2024\/02\/P_90_201_1.jpeg\" \/>\n\t<meta property=\"og:image:width\" content=\"1000\" \/>\n\t<meta property=\"og:image:height\" content=\"1000\" \/>\n\t<meta property=\"og:image:type\" content=\"image\/jpeg\" \/>\n<meta name=\"twitter:card\" content=\"summary_large_image\" \/>\n<meta name=\"twitter:label1\" content=\"Est. reading time\" \/>\n\t<meta name=\"twitter:data1\" content=\"1 minute\" \/>\n<script type=\"application\/ld+json\" class=\"yoast-schema-graph\">{\"@context\":\"https:\/\/schema.org\",\"@graph\":[{\"@type\":\"WebPage\",\"@id\":\"https:\/\/bunnyboo.ro\/produs\/ghiozdan-mr-dino\/\",\"url\":\"https:\/\/bunnyboo.ro\/produs\/ghiozdan-mr-dino\/\",\"name\":\"Ghiozdan - Mr. Dino\",\"isPartOf\":{\"@id\":\"https:\/\/bunnyboo.ro\/#website\"},\"primaryImageOfPage\":{\"@id\":\"https:\/\/bunnyboo.ro\/produs\/ghiozdan-mr-dino\/#primaryimage\"},\"image\":{\"@id\":\"https:\/\/bunnyboo.ro\/produs\/ghiozdan-mr-dino\/#primaryimage\"},\"thumbnailUrl\":\"https:\/\/bunnyboo.ro\/wp-content\/uploads\/2024\/02\/P_90_201_1.jpeg\",\"datePublished\":\"2024-02-21T12:38:03+00:00\",\"dateModified\":\"2025-11-12T11:45:15+00:00\",\"breadcrumb\":{\"@id\":\"https:\/\/bunnyboo.ro\/produs\/ghiozdan-mr-dino\/#breadcrumb\"},\"inLanguage\":\"en-US\",\"potentialAction\":[{\"@type\":\"ReadAction\",\"target\":[\"https:\/\/bunnyboo.ro\/produs\/ghiozdan-mr-dino\/\"]}]},{\"@type\":\"ImageObject\",\"inLanguage\":\"en-US\",\"@id\":\"https:\/\/bunnyboo.ro\/produs\/ghiozdan-mr-dino\/#primaryimage\",\"url\":\"https:\/\/bunnyboo.ro\/wp-content\/uploads\/2024\/02\/P_90_201_1.jpeg\",\"contentUrl\":\"https:\/\/bunnyboo.ro\/wp-content\/uploads\/2024\/02\/P_90_201_1.jpeg\",\"width\":1000,\"height\":1000,\"caption\":\"P_90_201_1\"},{\"@type\":\"BreadcrumbList\",\"@id\":\"https:\/\/bunnyboo.ro\/produs\/ghiozdan-mr-dino\/#breadcrumb\",\"itemListElement\":[{\"@type\":\"ListItem\",\"position\":1,\"name\":\"Home\",\"item\":\"https:\/\/bunnyboo.ro\/en\/\"},{\"@type\":\"ListItem\",\"position\":2,\"name\":\"New\",\"item\":\"https:\/\/bunnyboo.ro\/en\/shop\/\"},{\"@type\":\"ListItem\",\"position\":3,\"name\":\"Ghiozdan &#8211; Mr. Dino\"}]},{\"@type\":\"WebSite\",\"@id\":\"https:\/\/bunnyboo.ro\/#website\",\"url\":\"https:\/\/bunnyboo.ro\/\",\"name\":\"Bunny Boo\",\"description\":\"Bunny Boo\",\"publisher\":{\"@id\":\"https:\/\/bunnyboo.ro\/#organization\"},\"potentialAction\":[{\"@type\":\"SearchAction\",\"target\":{\"@type\":\"EntryPoint\",\"urlTemplate\":\"https:\/\/bunnyboo.ro\/?s={search_term_string}\"},\"query-input\":\"required name=search_term_string\"}],\"inLanguage\":\"en-US\"},{\"@type\":\"Organization\",\"@id\":\"https:\/\/bunnyboo.ro\/#organization\",\"name\":\"Bunny Boo\",\"url\":\"https:\/\/bunnyboo.ro\/\",\"logo\":{\"@type\":\"ImageObject\",\"inLanguage\":\"en-US\",\"@id\":\"https:\/\/bunnyboo.ro\/#\/schema\/logo\/image\/\",\"url\":\"https:\/\/bunnyboo.ro\/wp-content\/uploads\/2024\/03\/Logo-website-black.png\",\"contentUrl\":\"https:\/\/bunnyboo.ro\/wp-content\/uploads\/2024\/03\/Logo-website-black.png\",\"width\":2422,\"height\":946,\"caption\":\"Bunny Boo\"},\"image\":{\"@id\":\"https:\/\/bunnyboo.ro\/#\/schema\/logo\/image\/\"}}]}<\/script>\n<!-- \/ Yoast SEO plugin. -->","yoast_head_json":{"title":"Ghiozdan - Mr. Dino","robots":{"index":"index","follow":"follow","max-snippet":"max-snippet:-1","max-image-preview":"max-image-preview:large","max-video-preview":"max-video-preview:-1"},"canonical":"https:\/\/bunnyboo.ro\/produs\/ghiozdan-mr-dino\/","og_locale":"en_US","og_type":"article","og_title":"Ghiozdan - Mr. Dino","og_description":"Cu acest rucsac dr\u0103gu\u021b copilul t\u0103u este complet preg\u0103tit pentru orice aventur\u0103 sau prima zi la \u0219coal\u0103!\u00a0Rucsacul are curele de um\u0103r reglabile \u0219i c\u0103ptu\u0219ite \u0219i un m\u00e2ner scurt \u00een partea de sus pentru a-l \u021bine \u0219i ag\u0103\u021ba cu u\u0219urin\u021b\u0103 oriunde te duci. Cureaua de piept previne c\u0103derea curelelor de um\u0103r.\u00a0 Rucsacul are un compartiment mare [&hellip;]","og_url":"https:\/\/bunnyboo.ro\/produs\/ghiozdan-mr-dino\/","og_site_name":"Bunny Boo","article_modified_time":"2025-11-12T11:45:15+00:00","og_image":[{"width":1000,"height":1000,"url":"https:\/\/bunnyboo.ro\/wp-content\/uploads\/2024\/02\/P_90_201_1.jpeg","type":"image\/jpeg"}],"twitter_card":"summary_large_image","twitter_misc":{"Est. reading time":"1 minute"},"schema":{"@context":"https:\/\/schema.org","@graph":[{"@type":"WebPage","@id":"https:\/\/bunnyboo.ro\/produs\/ghiozdan-mr-dino\/","url":"https:\/\/bunnyboo.ro\/produs\/ghiozdan-mr-dino\/","name":"Ghiozdan - Mr. Dino","isPartOf":{"@id":"https:\/\/bunnyboo.ro\/#website"},"primaryImageOfPage":{"@id":"https:\/\/bunnyboo.ro\/produs\/ghiozdan-mr-dino\/#primaryimage"},"image":{"@id":"https:\/\/bunnyboo.ro\/produs\/ghiozdan-mr-dino\/#primaryimage"},"thumbnailUrl":"https:\/\/bunnyboo.ro\/wp-content\/uploads\/2024\/02\/P_90_201_1.jpeg","datePublished":"2024-02-21T12:38:03+00:00","dateModified":"2025-11-12T11:45:15+00:00","breadcrumb":{"@id":"https:\/\/bunnyboo.ro\/produs\/ghiozdan-mr-dino\/#breadcrumb"},"inLanguage":"en-US","potentialAction":[{"@type":"ReadAction","target":["https:\/\/bunnyboo.ro\/produs\/ghiozdan-mr-dino\/"]}]},{"@type":"ImageObject","inLanguage":"en-US","@id":"https:\/\/bunnyboo.ro\/produs\/ghiozdan-mr-dino\/#primaryimage","url":"https:\/\/bunnyboo.ro\/wp-content\/uploads\/2024\/02\/P_90_201_1.jpeg","contentUrl":"https:\/\/bunnyboo.ro\/wp-content\/uploads\/2024\/02\/P_90_201_1.jpeg","width":1000,"height":1000,"caption":"P_90_201_1"},{"@type":"BreadcrumbList","@id":"https:\/\/bunnyboo.ro\/produs\/ghiozdan-mr-dino\/#breadcrumb","itemListElement":[{"@type":"ListItem","position":1,"name":"Home","item":"https:\/\/bunnyboo.ro\/en\/"},{"@type":"ListItem","position":2,"name":"New","item":"https:\/\/bunnyboo.ro\/en\/shop\/"},{"@type":"ListItem","position":3,"name":"Ghiozdan &#8211; Mr. Dino"}]},{"@type":"WebSite","@id":"https:\/\/bunnyboo.ro\/#website","url":"https:\/\/bunnyboo.ro\/","name":"Bunny Boo","description":"Bunny Boo","publisher":{"@id":"https:\/\/bunnyboo.ro\/#organization"},"potentialAction":[{"@type":"SearchAction","target":{"@type":"EntryPoint","urlTemplate":"https:\/\/bunnyboo.ro\/?s={search_term_string}"},"query-input":"required name=search_term_string"}],"inLanguage":"en-US"},{"@type":"Organization","@id":"https:\/\/bunnyboo.ro\/#organization","name":"Bunny Boo","url":"https:\/\/bunnyboo.ro\/","logo":{"@type":"ImageObject","inLanguage":"en-US","@id":"https:\/\/bunnyboo.ro\/#\/schema\/logo\/image\/","url":"https:\/\/bunnyboo.ro\/wp-content\/uploads\/2024\/03\/Logo-website-black.png","contentUrl":"https:\/\/bunnyboo.ro\/wp-content\/uploads\/2024\/03\/Logo-website-black.png","width":2422,"height":946,"caption":"Bunny Boo"},"image":{"@id":"https:\/\/bunnyboo.ro\/#\/schema\/logo\/image\/"}}]}},"_links":{"self":[{"href":"https:\/\/bunnyboo.ro\/en\/wp-json\/wp\/v2\/product\/7659","targetHints":{"allow":["GET"]}}],"collection":[{"href":"https:\/\/bunnyboo.ro\/en\/wp-json\/wp\/v2\/product"}],"about":[{"href":"https:\/\/bunnyboo.ro\/en\/wp-json\/wp\/v2\/types\/product"}],"replies":[{"embeddable":true,"href":"https:\/\/bunnyboo.ro\/en\/wp-json\/wp\/v2\/comments?post=7659"}],"wp:featuredmedia":[{"embeddable":true,"href":"https:\/\/bunnyboo.ro\/en\/wp-json\/wp\/v2\/media\/7653"}],"wp:attachment":[{"href":"https:\/\/bunnyboo.ro\/en\/wp-json\/wp\/v2\/media?parent=7659"}],"wp:term":[{"taxonomy":"product_brand","embeddable":true,"href":"https:\/\/bunnyboo.ro\/en\/wp-json\/wp\/v2\/product_brand?post=7659"},{"taxonomy":"product_cat","embeddable":true,"href":"https:\/\/bunnyboo.ro\/en\/wp-json\/wp\/v2\/product_cat?post=7659"},{"taxonomy":"product_tag","embeddable":true,"href":"https:\/\/bunnyboo.ro\/en\/wp-json\/wp\/v2\/product_tag?post=7659"}],"curies":[{"name":"wp","href":"https:\/\/api.w.org\/{rel}","templated":true}]}}