{"id":7646,"date":"2024-02-21T12:23:37","date_gmt":"2024-02-21T12:23:37","guid":{"rendered":"https:\/\/bunnyboo.ro\/product\/baveta-cu-maneci-mr-lion\/"},"modified":"2026-03-26T12:23:34","modified_gmt":"2026-03-26T10:23:34","slug":"baveta-cu-maneci-mr-lion","status":"publish","type":"product","link":"https:\/\/bunnyboo.ro\/en\/produs\/baveta-cu-maneci-mr-lion\/","title":{"rendered":"Baveta cu maneci &#8211; Mr. Lion"},"content":{"rendered":"<p class=\"MsoNormal\" style=\"margin: 0cm 0cm 0.0001pt;\"><span lang=\"RO\">Distrac\u021bie \u0219i zambete la mas\u0103 cu prietenul t\u0103u animal preferat! Aceast\u0103 bavet\u0103 vesel\u0103 vine cu m\u00e2neci lungi practice \u0219i men\u021bine hainele bebelu\u0219ului t\u0103u curate \u00een timp ce se bucur\u0103 de o mas\u0103, b\u0103utur\u0103 sau gustare pl\u0103cut\u0103. Buzunarul la \u00eendem\u00e2n\u0103 se asigur\u0103 c\u0103 toate alimentele v\u0103rsate sunt bine prinse, f\u0103c\u00e2nd mult mai pu\u021bina dezordine. Mai multe ve\u0219ti bune: materialul este impermeabil \u0219i fabricat 100% din poliester reciclat!<\/span><\/p>\n<p class=\"MsoNormal\" style=\"margin: 0cm 0cm 0.0001pt;\"><span lang=\"RO\">\u00a0<\/span><\/p>\n<p class=\"MsoNormal\" style=\"margin: 0cm 0cm 0.0001pt;\">\n<p class=\"MsoNormal\" style=\"margin: 0cm 0cm 0.0001pt;\"><span lang=\"RO\">Este u\u0219or de cur\u0103\u021bat \u0219i v\u0103 economise\u0219te mult timp de sp\u0103lare sau cur\u0103\u021bare.<\/span><\/p>\n<p class=\"MsoNormal\" style=\"margin: 0cm 0cm 0.0001pt;\"><span lang=\"RO\">\u00a0<\/span><\/p>\n<p class=\"MsoNormal\" style=\"margin: 0cm 0cm 0.0001pt;\">\n<p class=\"MsoNormal\" style=\"margin: 0cm 0cm 0.0001pt;\"><span lang=\"RO\">Compozi\u0163ie Acoperire din poliuretan hidrofug\u0103 &#8211; \u021bes\u0103tur\u0103: 100% PES reciclat <\/span><\/p>\n<p class=\"MsoNormal\" style=\"margin: 0cm 0cm 0.0001pt;\"><span lang=\"RO\">Recomandare de v\u00e2rst\u0103 6m+ <\/span><\/p>\n<p class=\"MsoNormal\" style=\"margin: 0cm 0cm 0.0001pt;\"><span lang=\"RO\">Dimensiuni (Lxlxh) 42x30x0<\/span><\/p>\n<p class=\"MsoNormal\" style=\"margin: 0cm 0cm 0.0001pt;\">\n<p class=\"MsoNormal\" style=\"margin: 0cm 0cm 0.0001pt;\"><span lang=\"RO\">\u00a0<\/span><\/p>\n<p class=\"MsoNormal\" style=\"margin: 0cm 0cm 0.0001pt;\"><span lang=\"RO\">Brand: Trixie<\/span><\/p>\n","protected":false},"excerpt":{"rendered":"<p>Distrac\u021bie \u0219i zambete la mas\u0103 cu prietenul t\u0103u animal preferat! Aceast\u0103 bavet\u0103 vesel\u0103 vine cu m\u00e2neci lungi practice \u0219i men\u021bine hainele bebelu\u0219ului t\u0103u curate \u00een timp ce se bucur\u0103 de o mas\u0103, b\u0103utur\u0103 sau gustare pl\u0103cut\u0103. Buzunarul la \u00eendem\u00e2n\u0103 se asigur\u0103 c\u0103 toate alimentele v\u0103rsate sunt bine prinse, f\u0103c\u00e2nd mult mai pu\u021bina dezordine. Mai multe [&hellip;]<\/p>\n","protected":false},"featured_media":7645,"comment_status":"open","ping_status":"closed","template":"","meta":{"site-sidebar-layout":"default","site-content-layout":"","ast-site-content-layout":"default","site-content-style":"default","site-sidebar-style":"default","ast-global-header-display":"","ast-banner-title-visibility":"","ast-main-header-display":"","ast-hfb-above-header-display":"","ast-hfb-below-header-display":"","ast-hfb-mobile-header-display":"","site-post-title":"","ast-breadcrumbs-content":"","ast-featured-img":"","footer-sml-layout":"","theme-transparent-header-meta":"default","adv-header-id-meta":"","stick-header-meta":"default","header-above-stick-meta":"","header-main-stick-meta":"","header-below-stick-meta":"","astra-migrate-meta-layouts":"set","ast-page-background-enabled":"default","ast-page-background-meta":{"desktop":{"background-color":"","background-image":"","background-repeat":"repeat","background-position":"center center","background-size":"auto","background-attachment":"scroll","background-type":"","background-media":"","overlay-type":"","overlay-color":"","overlay-opacity":"","overlay-gradient":""},"tablet":{"background-color":"","background-image":"","background-repeat":"repeat","background-position":"center center","background-size":"auto","background-attachment":"scroll","background-type":"","background-media":"","overlay-type":"","overlay-color":"","overlay-opacity":"","overlay-gradient":""},"mobile":{"background-color":"","background-image":"","background-repeat":"repeat","background-position":"center center","background-size":"auto","background-attachment":"scroll","background-type":"","background-media":"","overlay-type":"","overlay-color":"","overlay-opacity":"","overlay-gradient":""}},"ast-content-background-meta":{"desktop":{"background-color":"var(--ast-global-color-5)","background-image":"","background-repeat":"repeat","background-position":"center center","background-size":"auto","background-attachment":"scroll","background-type":"","background-media":"","overlay-type":"","overlay-color":"","overlay-opacity":"","overlay-gradient":""},"tablet":{"background-color":"var(--ast-global-color-5)","background-image":"","background-repeat":"repeat","background-position":"center center","background-size":"auto","background-attachment":"scroll","background-type":"","background-media":"","overlay-type":"","overlay-color":"","overlay-opacity":"","overlay-gradient":""},"mobile":{"background-color":"var(--ast-global-color-5)","background-image":"","background-repeat":"repeat","background-position":"center center","background-size":"auto","background-attachment":"scroll","background-type":"","background-media":"","overlay-type":"","overlay-color":"","overlay-opacity":"","overlay-gradient":""}}},"product_brand":[],"product_cat":[63,65,132],"product_tag":[],"class_list":{"0":"post-7646","1":"product","2":"type-product","3":"status-publish","4":"has-post-thumbnail","6":"product_cat-inceput-de-diversificare-distractiv","7":"product_cat-noutati-minunate-pentru-puiul-tau","8":"product_cat-reduceri-pentru-tine","9":"desktop-align-left","10":"tablet-align-left","11":"mobile-align-left","12":"ast-product-gallery-layout-horizontal-slider","13":"ast-product-gallery-with-no-image","14":"ast-product-tabs-layout-vertical","15":"ast-qv-on-image","17":"first","18":"instock","19":"sale","20":"shipping-taxable","21":"purchasable","22":"product-type-simple"},"yoast_head":"<!-- This site is optimized with the Yoast SEO plugin v22.6 - https:\/\/yoast.com\/wordpress\/plugins\/seo\/ -->\n<title>Baveta cu maneci - Mr. Lion<\/title>\n<meta name=\"robots\" content=\"index, follow, max-snippet:-1, max-image-preview:large, max-video-preview:-1\" \/>\n<link rel=\"canonical\" href=\"https:\/\/bunnyboo.ro\/produs\/baveta-cu-maneci-mr-lion\/\" \/>\n<meta property=\"og:locale\" content=\"en_US\" \/>\n<meta property=\"og:type\" content=\"article\" \/>\n<meta property=\"og:title\" content=\"Baveta cu maneci - Mr. Lion\" \/>\n<meta property=\"og:description\" content=\"Distrac\u021bie \u0219i zambete la mas\u0103 cu prietenul t\u0103u animal preferat! Aceast\u0103 bavet\u0103 vesel\u0103 vine cu m\u00e2neci lungi practice \u0219i men\u021bine hainele bebelu\u0219ului t\u0103u curate \u00een timp ce se bucur\u0103 de o mas\u0103, b\u0103utur\u0103 sau gustare pl\u0103cut\u0103. Buzunarul la \u00eendem\u00e2n\u0103 se asigur\u0103 c\u0103 toate alimentele v\u0103rsate sunt bine prinse, f\u0103c\u00e2nd mult mai pu\u021bina dezordine. Mai multe [&hellip;]\" \/>\n<meta property=\"og:url\" content=\"https:\/\/bunnyboo.ro\/produs\/baveta-cu-maneci-mr-lion\/\" \/>\n<meta property=\"og:site_name\" content=\"Bunny Boo\" \/>\n<meta property=\"article:modified_time\" content=\"2026-03-26T10:23:34+00:00\" \/>\n<meta property=\"og:image\" content=\"https:\/\/bunnyboo.ro\/wp-content\/uploads\/2024\/02\/Trixie_96_327_1.jpeg\" \/>\n\t<meta property=\"og:image:width\" content=\"1800\" \/>\n\t<meta property=\"og:image:height\" content=\"1800\" \/>\n\t<meta property=\"og:image:type\" content=\"image\/jpeg\" \/>\n<meta name=\"twitter:card\" content=\"summary_large_image\" \/>\n<meta name=\"twitter:label1\" content=\"Est. reading time\" \/>\n\t<meta name=\"twitter:data1\" content=\"1 minute\" \/>\n<script type=\"application\/ld+json\" class=\"yoast-schema-graph\">{\"@context\":\"https:\/\/schema.org\",\"@graph\":[{\"@type\":\"WebPage\",\"@id\":\"https:\/\/bunnyboo.ro\/produs\/baveta-cu-maneci-mr-lion\/\",\"url\":\"https:\/\/bunnyboo.ro\/produs\/baveta-cu-maneci-mr-lion\/\",\"name\":\"Baveta cu maneci - Mr. Lion\",\"isPartOf\":{\"@id\":\"https:\/\/bunnyboo.ro\/#website\"},\"primaryImageOfPage\":{\"@id\":\"https:\/\/bunnyboo.ro\/produs\/baveta-cu-maneci-mr-lion\/#primaryimage\"},\"image\":{\"@id\":\"https:\/\/bunnyboo.ro\/produs\/baveta-cu-maneci-mr-lion\/#primaryimage\"},\"thumbnailUrl\":\"https:\/\/bunnyboo.ro\/wp-content\/uploads\/2024\/02\/Trixie_96_327_1.jpeg\",\"datePublished\":\"2024-02-21T12:23:37+00:00\",\"dateModified\":\"2026-03-26T10:23:34+00:00\",\"breadcrumb\":{\"@id\":\"https:\/\/bunnyboo.ro\/produs\/baveta-cu-maneci-mr-lion\/#breadcrumb\"},\"inLanguage\":\"en-US\",\"potentialAction\":[{\"@type\":\"ReadAction\",\"target\":[\"https:\/\/bunnyboo.ro\/produs\/baveta-cu-maneci-mr-lion\/\"]}]},{\"@type\":\"ImageObject\",\"inLanguage\":\"en-US\",\"@id\":\"https:\/\/bunnyboo.ro\/produs\/baveta-cu-maneci-mr-lion\/#primaryimage\",\"url\":\"https:\/\/bunnyboo.ro\/wp-content\/uploads\/2024\/02\/Trixie_96_327_1.jpeg\",\"contentUrl\":\"https:\/\/bunnyboo.ro\/wp-content\/uploads\/2024\/02\/Trixie_96_327_1.jpeg\",\"width\":1800,\"height\":1800,\"caption\":\"Trixie_96_327_1\"},{\"@type\":\"BreadcrumbList\",\"@id\":\"https:\/\/bunnyboo.ro\/produs\/baveta-cu-maneci-mr-lion\/#breadcrumb\",\"itemListElement\":[{\"@type\":\"ListItem\",\"position\":1,\"name\":\"Home\",\"item\":\"https:\/\/bunnyboo.ro\/en\/\"},{\"@type\":\"ListItem\",\"position\":2,\"name\":\"New\",\"item\":\"https:\/\/bunnyboo.ro\/en\/shop\/\"},{\"@type\":\"ListItem\",\"position\":3,\"name\":\"Baveta cu maneci &#8211; Mr. Lion\"}]},{\"@type\":\"WebSite\",\"@id\":\"https:\/\/bunnyboo.ro\/#website\",\"url\":\"https:\/\/bunnyboo.ro\/\",\"name\":\"Bunny Boo\",\"description\":\"Bunny Boo\",\"publisher\":{\"@id\":\"https:\/\/bunnyboo.ro\/#organization\"},\"potentialAction\":[{\"@type\":\"SearchAction\",\"target\":{\"@type\":\"EntryPoint\",\"urlTemplate\":\"https:\/\/bunnyboo.ro\/?s={search_term_string}\"},\"query-input\":\"required name=search_term_string\"}],\"inLanguage\":\"en-US\"},{\"@type\":\"Organization\",\"@id\":\"https:\/\/bunnyboo.ro\/#organization\",\"name\":\"Bunny Boo\",\"url\":\"https:\/\/bunnyboo.ro\/\",\"logo\":{\"@type\":\"ImageObject\",\"inLanguage\":\"en-US\",\"@id\":\"https:\/\/bunnyboo.ro\/#\/schema\/logo\/image\/\",\"url\":\"https:\/\/bunnyboo.ro\/wp-content\/uploads\/2024\/03\/Logo-website-black.png\",\"contentUrl\":\"https:\/\/bunnyboo.ro\/wp-content\/uploads\/2024\/03\/Logo-website-black.png\",\"width\":2422,\"height\":946,\"caption\":\"Bunny Boo\"},\"image\":{\"@id\":\"https:\/\/bunnyboo.ro\/#\/schema\/logo\/image\/\"}}]}<\/script>\n<!-- \/ Yoast SEO plugin. -->","yoast_head_json":{"title":"Baveta cu maneci - Mr. Lion","robots":{"index":"index","follow":"follow","max-snippet":"max-snippet:-1","max-image-preview":"max-image-preview:large","max-video-preview":"max-video-preview:-1"},"canonical":"https:\/\/bunnyboo.ro\/produs\/baveta-cu-maneci-mr-lion\/","og_locale":"en_US","og_type":"article","og_title":"Baveta cu maneci - Mr. Lion","og_description":"Distrac\u021bie \u0219i zambete la mas\u0103 cu prietenul t\u0103u animal preferat! Aceast\u0103 bavet\u0103 vesel\u0103 vine cu m\u00e2neci lungi practice \u0219i men\u021bine hainele bebelu\u0219ului t\u0103u curate \u00een timp ce se bucur\u0103 de o mas\u0103, b\u0103utur\u0103 sau gustare pl\u0103cut\u0103. Buzunarul la \u00eendem\u00e2n\u0103 se asigur\u0103 c\u0103 toate alimentele v\u0103rsate sunt bine prinse, f\u0103c\u00e2nd mult mai pu\u021bina dezordine. Mai multe [&hellip;]","og_url":"https:\/\/bunnyboo.ro\/produs\/baveta-cu-maneci-mr-lion\/","og_site_name":"Bunny Boo","article_modified_time":"2026-03-26T10:23:34+00:00","og_image":[{"width":1800,"height":1800,"url":"https:\/\/bunnyboo.ro\/wp-content\/uploads\/2024\/02\/Trixie_96_327_1.jpeg","type":"image\/jpeg"}],"twitter_card":"summary_large_image","twitter_misc":{"Est. reading time":"1 minute"},"schema":{"@context":"https:\/\/schema.org","@graph":[{"@type":"WebPage","@id":"https:\/\/bunnyboo.ro\/produs\/baveta-cu-maneci-mr-lion\/","url":"https:\/\/bunnyboo.ro\/produs\/baveta-cu-maneci-mr-lion\/","name":"Baveta cu maneci - Mr. Lion","isPartOf":{"@id":"https:\/\/bunnyboo.ro\/#website"},"primaryImageOfPage":{"@id":"https:\/\/bunnyboo.ro\/produs\/baveta-cu-maneci-mr-lion\/#primaryimage"},"image":{"@id":"https:\/\/bunnyboo.ro\/produs\/baveta-cu-maneci-mr-lion\/#primaryimage"},"thumbnailUrl":"https:\/\/bunnyboo.ro\/wp-content\/uploads\/2024\/02\/Trixie_96_327_1.jpeg","datePublished":"2024-02-21T12:23:37+00:00","dateModified":"2026-03-26T10:23:34+00:00","breadcrumb":{"@id":"https:\/\/bunnyboo.ro\/produs\/baveta-cu-maneci-mr-lion\/#breadcrumb"},"inLanguage":"en-US","potentialAction":[{"@type":"ReadAction","target":["https:\/\/bunnyboo.ro\/produs\/baveta-cu-maneci-mr-lion\/"]}]},{"@type":"ImageObject","inLanguage":"en-US","@id":"https:\/\/bunnyboo.ro\/produs\/baveta-cu-maneci-mr-lion\/#primaryimage","url":"https:\/\/bunnyboo.ro\/wp-content\/uploads\/2024\/02\/Trixie_96_327_1.jpeg","contentUrl":"https:\/\/bunnyboo.ro\/wp-content\/uploads\/2024\/02\/Trixie_96_327_1.jpeg","width":1800,"height":1800,"caption":"Trixie_96_327_1"},{"@type":"BreadcrumbList","@id":"https:\/\/bunnyboo.ro\/produs\/baveta-cu-maneci-mr-lion\/#breadcrumb","itemListElement":[{"@type":"ListItem","position":1,"name":"Home","item":"https:\/\/bunnyboo.ro\/en\/"},{"@type":"ListItem","position":2,"name":"New","item":"https:\/\/bunnyboo.ro\/en\/shop\/"},{"@type":"ListItem","position":3,"name":"Baveta cu maneci &#8211; Mr. Lion"}]},{"@type":"WebSite","@id":"https:\/\/bunnyboo.ro\/#website","url":"https:\/\/bunnyboo.ro\/","name":"Bunny Boo","description":"Bunny Boo","publisher":{"@id":"https:\/\/bunnyboo.ro\/#organization"},"potentialAction":[{"@type":"SearchAction","target":{"@type":"EntryPoint","urlTemplate":"https:\/\/bunnyboo.ro\/?s={search_term_string}"},"query-input":"required name=search_term_string"}],"inLanguage":"en-US"},{"@type":"Organization","@id":"https:\/\/bunnyboo.ro\/#organization","name":"Bunny Boo","url":"https:\/\/bunnyboo.ro\/","logo":{"@type":"ImageObject","inLanguage":"en-US","@id":"https:\/\/bunnyboo.ro\/#\/schema\/logo\/image\/","url":"https:\/\/bunnyboo.ro\/wp-content\/uploads\/2024\/03\/Logo-website-black.png","contentUrl":"https:\/\/bunnyboo.ro\/wp-content\/uploads\/2024\/03\/Logo-website-black.png","width":2422,"height":946,"caption":"Bunny Boo"},"image":{"@id":"https:\/\/bunnyboo.ro\/#\/schema\/logo\/image\/"}}]}},"_links":{"self":[{"href":"https:\/\/bunnyboo.ro\/en\/wp-json\/wp\/v2\/product\/7646","targetHints":{"allow":["GET"]}}],"collection":[{"href":"https:\/\/bunnyboo.ro\/en\/wp-json\/wp\/v2\/product"}],"about":[{"href":"https:\/\/bunnyboo.ro\/en\/wp-json\/wp\/v2\/types\/product"}],"replies":[{"embeddable":true,"href":"https:\/\/bunnyboo.ro\/en\/wp-json\/wp\/v2\/comments?post=7646"}],"wp:featuredmedia":[{"embeddable":true,"href":"https:\/\/bunnyboo.ro\/en\/wp-json\/wp\/v2\/media\/7645"}],"wp:attachment":[{"href":"https:\/\/bunnyboo.ro\/en\/wp-json\/wp\/v2\/media?parent=7646"}],"wp:term":[{"taxonomy":"product_brand","embeddable":true,"href":"https:\/\/bunnyboo.ro\/en\/wp-json\/wp\/v2\/product_brand?post=7646"},{"taxonomy":"product_cat","embeddable":true,"href":"https:\/\/bunnyboo.ro\/en\/wp-json\/wp\/v2\/product_cat?post=7646"},{"taxonomy":"product_tag","embeddable":true,"href":"https:\/\/bunnyboo.ro\/en\/wp-json\/wp\/v2\/product_tag?post=7646"}],"curies":[{"name":"wp","href":"https:\/\/api.w.org\/{rel}","templated":true}]}}