{"id":7644,"date":"2024-02-21T12:17:11","date_gmt":"2024-02-21T12:17:11","guid":{"rendered":"https:\/\/bunnyboo.ro\/product\/sticla-pentru-apa-500ml-mr-lion\/"},"modified":"2026-03-26T12:23:28","modified_gmt":"2026-03-26T10:23:28","slug":"sticla-pentru-apa-500ml-mr-lion","status":"publish","type":"product","link":"https:\/\/bunnyboo.ro\/en\/produs\/sticla-pentru-apa-500ml-mr-lion\/","title":{"rendered":"Sticla pentru apa 500ml &#8211; Mr. Lion"},"content":{"rendered":"<p class=\"MsoNormal\" style=\"margin: 0cm 0cm 0.0001pt;\"><span lang=\"RO\">Sticlele de ap\u0103 de b\u0103ut cu animalutele preferate sunt alternativa perfect\u0103 \u0219i durabil\u0103 la sticlele de plastic de unic\u0103 folosin\u021b\u0103!\u200b\u00a0 Aceste sticle distractive pentru b\u0103ut ap\u0103 sunt o necesitate c\u00e2nd sunte\u021bi \u00een c\u0103l\u0103torie cu copiii, in parc sau la gradi\/scoala. Cu o varietate de animale din care s\u0103 aleag\u0103, fiecare micu\u021b \u00ee\u0219i va g\u0103si \u00eenso\u021bitorul preferat pentru a pleca \u00eentr-o alt\u0103 aventur\u0103 grozav\u0103!\u00a0 Aceast\u0103 sticl\u0103 este fabricat\u0103 din o\u021bel inoxidabil, ceea ce o face alternativa perfect\u0103 \u0219i durabil\u0103 la sticlele de plastic de unic\u0103 folosin\u021b\u0103. Sticla este usoara, bine rezistenta la orice impact si nu elibereaza substante toxice in apa.\u00a0 Designul elegant \u00eel face u\u0219or de cur\u0103\u021bat. Sp\u0103la\u021bi manual sticla cu ap\u0103 cu s\u0103pun pentru a maximiza durata de via\u021b\u0103 a sticlei. Sticlele sunt complet rezistente la scurgeri. Sticla este conceput\u0103 pentru copiii mici \u0219i poate fi deschis\u0103 \u0219i \u00eenchis\u0103 cu u\u0219urin\u021b\u0103 datorit\u0103 m\u00e2nerului de deasupra. Fiecare sticl\u0103 vine cu un snur pentru a transporta sticla sau a o at\u00e2rna pe un rucsac. Sticla are o capacitate de 500 ml. \u00a0Are design compact, astfel \u00eenc\u00e2t se potrive\u0219te bine \u00een m\u00e2inile copiilor \u0219i pot fi depozitate cu u\u0219urin\u021b\u0103 \u00eentr-un rucsac sau ghiozdan. Sticla de ap\u0103 vine cu capac.\u00a0<\/span><\/p>\n<p class=\"MsoNormal\" style=\"margin: 0cm 0cm 0.0001pt;\"><span lang=\"RO\">\u00a0<\/span><\/p>\n<p class=\"MsoNormal\" style=\"margin: 0cm 0cm 0.0001pt;\"><span lang=\"RO\">Compozi\u0163ie Sticl\u0103: 100% o\u021bel inoxidabil &#8211; Capac: 100% PP &#8211; Snur: 100% poliester Recomandare de v\u00e2rst\u0103 3 ani+<\/span><\/p>\n<p class=\"MsoNormal\" style=\"margin: 0cm 0cm 0.0001pt;\"><span lang=\"RO\">Dimensiuni (Lxlxh) 20&#215;6,5&#215;0<\/span><\/p>\n<p class=\"MsoNormal\" style=\"margin: 0cm 0cm 0.0001pt;\"><span lang=\"RO\">\u00a0<\/span><\/p>\n<p class=\"MsoNormal\" style=\"margin: 0cm 0cm 0.0001pt;\"><span style=\"-webkit-text-size-adjust: 100%;\">Brand: Trixie<\/span><\/p>\n<p class=\"MsoNormal\" style=\"margin: 0cm 0cm 0.0001pt;\">\n<p class=\"MsoNormal\" style=\"margin: 0cm 0cm 0.0001pt;\">\n<p class=\"MsoNormal\" style=\"margin: 0cm 0cm 0.0001pt;\">\n","protected":false},"excerpt":{"rendered":"<p>Sticlele de ap\u0103 de b\u0103ut cu animalutele preferate sunt alternativa perfect\u0103 \u0219i durabil\u0103 la sticlele de plastic de unic\u0103 folosin\u021b\u0103!\u200b\u00a0 Aceste sticle distractive pentru b\u0103ut ap\u0103 sunt o necesitate c\u00e2nd sunte\u021bi \u00een c\u0103l\u0103torie cu copiii, in parc sau la gradi\/scoala. Cu o varietate de animale din care s\u0103 aleag\u0103, fiecare micu\u021b \u00ee\u0219i va g\u0103si \u00eenso\u021bitorul [&hellip;]<\/p>\n","protected":false},"featured_media":7640,"comment_status":"open","ping_status":"closed","template":"","meta":{"site-sidebar-layout":"default","site-content-layout":"","ast-site-content-layout":"default","site-content-style":"default","site-sidebar-style":"default","ast-global-header-display":"","ast-banner-title-visibility":"","ast-main-header-display":"","ast-hfb-above-header-display":"","ast-hfb-below-header-display":"","ast-hfb-mobile-header-display":"","site-post-title":"","ast-breadcrumbs-content":"","ast-featured-img":"","footer-sml-layout":"","theme-transparent-header-meta":"default","adv-header-id-meta":"","stick-header-meta":"default","header-above-stick-meta":"","header-main-stick-meta":"","header-below-stick-meta":"","astra-migrate-meta-layouts":"set","ast-page-background-enabled":"default","ast-page-background-meta":{"desktop":{"background-color":"","background-image":"","background-repeat":"repeat","background-position":"center center","background-size":"auto","background-attachment":"scroll","background-type":"","background-media":"","overlay-type":"","overlay-color":"","overlay-opacity":"","overlay-gradient":""},"tablet":{"background-color":"","background-image":"","background-repeat":"repeat","background-position":"center center","background-size":"auto","background-attachment":"scroll","background-type":"","background-media":"","overlay-type":"","overlay-color":"","overlay-opacity":"","overlay-gradient":""},"mobile":{"background-color":"","background-image":"","background-repeat":"repeat","background-position":"center center","background-size":"auto","background-attachment":"scroll","background-type":"","background-media":"","overlay-type":"","overlay-color":"","overlay-opacity":"","overlay-gradient":""}},"ast-content-background-meta":{"desktop":{"background-color":"var(--ast-global-color-5)","background-image":"","background-repeat":"repeat","background-position":"center center","background-size":"auto","background-attachment":"scroll","background-type":"","background-media":"","overlay-type":"","overlay-color":"","overlay-opacity":"","overlay-gradient":""},"tablet":{"background-color":"var(--ast-global-color-5)","background-image":"","background-repeat":"repeat","background-position":"center center","background-size":"auto","background-attachment":"scroll","background-type":"","background-media":"","overlay-type":"","overlay-color":"","overlay-opacity":"","overlay-gradient":""},"mobile":{"background-color":"var(--ast-global-color-5)","background-image":"","background-repeat":"repeat","background-position":"center center","background-size":"auto","background-attachment":"scroll","background-type":"","background-media":"","overlay-type":"","overlay-color":"","overlay-opacity":"","overlay-gradient":""}}},"product_brand":[],"product_cat":[65,75,132],"product_tag":[],"class_list":{"0":"post-7644","1":"product","2":"type-product","3":"status-publish","4":"has-post-thumbnail","6":"product_cat-noutati-minunate-pentru-puiul-tau","7":"product_cat-sticla-de-apa-favorita","8":"product_cat-reduceri-pentru-tine","9":"desktop-align-left","10":"tablet-align-left","11":"mobile-align-left","12":"ast-product-gallery-layout-horizontal-slider","13":"ast-product-tabs-layout-vertical","14":"ast-qv-on-image","16":"first","17":"instock","18":"sale","19":"shipping-taxable","20":"purchasable","21":"product-type-simple"},"yoast_head":"<!-- This site is optimized with the Yoast SEO plugin v22.6 - https:\/\/yoast.com\/wordpress\/plugins\/seo\/ -->\n<title>Sticla pentru apa 500ml - Mr. Lion<\/title>\n<meta name=\"robots\" content=\"index, follow, max-snippet:-1, max-image-preview:large, max-video-preview:-1\" \/>\n<link rel=\"canonical\" href=\"https:\/\/bunnyboo.ro\/produs\/sticla-pentru-apa-500ml-mr-lion\/\" \/>\n<meta property=\"og:locale\" content=\"en_US\" \/>\n<meta property=\"og:type\" content=\"article\" \/>\n<meta property=\"og:title\" content=\"Sticla pentru apa 500ml - Mr. Lion\" \/>\n<meta property=\"og:description\" content=\"Sticlele de ap\u0103 de b\u0103ut cu animalutele preferate sunt alternativa perfect\u0103 \u0219i durabil\u0103 la sticlele de plastic de unic\u0103 folosin\u021b\u0103!\u200b\u00a0 Aceste sticle distractive pentru b\u0103ut ap\u0103 sunt o necesitate c\u00e2nd sunte\u021bi \u00een c\u0103l\u0103torie cu copiii, in parc sau la gradi\/scoala. Cu o varietate de animale din care s\u0103 aleag\u0103, fiecare micu\u021b \u00ee\u0219i va g\u0103si \u00eenso\u021bitorul [&hellip;]\" \/>\n<meta property=\"og:url\" content=\"https:\/\/bunnyboo.ro\/produs\/sticla-pentru-apa-500ml-mr-lion\/\" \/>\n<meta property=\"og:site_name\" content=\"Bunny Boo\" \/>\n<meta property=\"article:modified_time\" content=\"2026-03-26T10:23:28+00:00\" \/>\n<meta property=\"og:image\" content=\"https:\/\/bunnyboo.ro\/wp-content\/uploads\/2024\/02\/P_41_213_1.jpeg\" \/>\n\t<meta property=\"og:image:width\" content=\"1000\" \/>\n\t<meta property=\"og:image:height\" content=\"1000\" \/>\n\t<meta property=\"og:image:type\" content=\"image\/jpeg\" \/>\n<meta name=\"twitter:card\" content=\"summary_large_image\" \/>\n<meta name=\"twitter:label1\" content=\"Est. reading time\" \/>\n\t<meta name=\"twitter:data1\" content=\"1 minute\" \/>\n<script type=\"application\/ld+json\" class=\"yoast-schema-graph\">{\"@context\":\"https:\/\/schema.org\",\"@graph\":[{\"@type\":\"WebPage\",\"@id\":\"https:\/\/bunnyboo.ro\/produs\/sticla-pentru-apa-500ml-mr-lion\/\",\"url\":\"https:\/\/bunnyboo.ro\/produs\/sticla-pentru-apa-500ml-mr-lion\/\",\"name\":\"Sticla pentru apa 500ml - Mr. Lion\",\"isPartOf\":{\"@id\":\"https:\/\/bunnyboo.ro\/#website\"},\"primaryImageOfPage\":{\"@id\":\"https:\/\/bunnyboo.ro\/produs\/sticla-pentru-apa-500ml-mr-lion\/#primaryimage\"},\"image\":{\"@id\":\"https:\/\/bunnyboo.ro\/produs\/sticla-pentru-apa-500ml-mr-lion\/#primaryimage\"},\"thumbnailUrl\":\"https:\/\/bunnyboo.ro\/wp-content\/uploads\/2024\/02\/P_41_213_1.jpeg\",\"datePublished\":\"2024-02-21T12:17:11+00:00\",\"dateModified\":\"2026-03-26T10:23:28+00:00\",\"breadcrumb\":{\"@id\":\"https:\/\/bunnyboo.ro\/produs\/sticla-pentru-apa-500ml-mr-lion\/#breadcrumb\"},\"inLanguage\":\"en-US\",\"potentialAction\":[{\"@type\":\"ReadAction\",\"target\":[\"https:\/\/bunnyboo.ro\/produs\/sticla-pentru-apa-500ml-mr-lion\/\"]}]},{\"@type\":\"ImageObject\",\"inLanguage\":\"en-US\",\"@id\":\"https:\/\/bunnyboo.ro\/produs\/sticla-pentru-apa-500ml-mr-lion\/#primaryimage\",\"url\":\"https:\/\/bunnyboo.ro\/wp-content\/uploads\/2024\/02\/P_41_213_1.jpeg\",\"contentUrl\":\"https:\/\/bunnyboo.ro\/wp-content\/uploads\/2024\/02\/P_41_213_1.jpeg\",\"width\":1000,\"height\":1000,\"caption\":\"P_41_213_1\"},{\"@type\":\"BreadcrumbList\",\"@id\":\"https:\/\/bunnyboo.ro\/produs\/sticla-pentru-apa-500ml-mr-lion\/#breadcrumb\",\"itemListElement\":[{\"@type\":\"ListItem\",\"position\":1,\"name\":\"Home\",\"item\":\"https:\/\/bunnyboo.ro\/en\/\"},{\"@type\":\"ListItem\",\"position\":2,\"name\":\"New\",\"item\":\"https:\/\/bunnyboo.ro\/en\/shop\/\"},{\"@type\":\"ListItem\",\"position\":3,\"name\":\"Sticla pentru apa 500ml &#8211; Mr. Lion\"}]},{\"@type\":\"WebSite\",\"@id\":\"https:\/\/bunnyboo.ro\/#website\",\"url\":\"https:\/\/bunnyboo.ro\/\",\"name\":\"Bunny Boo\",\"description\":\"Bunny Boo\",\"publisher\":{\"@id\":\"https:\/\/bunnyboo.ro\/#organization\"},\"potentialAction\":[{\"@type\":\"SearchAction\",\"target\":{\"@type\":\"EntryPoint\",\"urlTemplate\":\"https:\/\/bunnyboo.ro\/?s={search_term_string}\"},\"query-input\":\"required name=search_term_string\"}],\"inLanguage\":\"en-US\"},{\"@type\":\"Organization\",\"@id\":\"https:\/\/bunnyboo.ro\/#organization\",\"name\":\"Bunny Boo\",\"url\":\"https:\/\/bunnyboo.ro\/\",\"logo\":{\"@type\":\"ImageObject\",\"inLanguage\":\"en-US\",\"@id\":\"https:\/\/bunnyboo.ro\/#\/schema\/logo\/image\/\",\"url\":\"https:\/\/bunnyboo.ro\/wp-content\/uploads\/2024\/03\/Logo-website-black.png\",\"contentUrl\":\"https:\/\/bunnyboo.ro\/wp-content\/uploads\/2024\/03\/Logo-website-black.png\",\"width\":2422,\"height\":946,\"caption\":\"Bunny Boo\"},\"image\":{\"@id\":\"https:\/\/bunnyboo.ro\/#\/schema\/logo\/image\/\"}}]}<\/script>\n<!-- \/ Yoast SEO plugin. -->","yoast_head_json":{"title":"Sticla pentru apa 500ml - Mr. Lion","robots":{"index":"index","follow":"follow","max-snippet":"max-snippet:-1","max-image-preview":"max-image-preview:large","max-video-preview":"max-video-preview:-1"},"canonical":"https:\/\/bunnyboo.ro\/produs\/sticla-pentru-apa-500ml-mr-lion\/","og_locale":"en_US","og_type":"article","og_title":"Sticla pentru apa 500ml - Mr. Lion","og_description":"Sticlele de ap\u0103 de b\u0103ut cu animalutele preferate sunt alternativa perfect\u0103 \u0219i durabil\u0103 la sticlele de plastic de unic\u0103 folosin\u021b\u0103!\u200b\u00a0 Aceste sticle distractive pentru b\u0103ut ap\u0103 sunt o necesitate c\u00e2nd sunte\u021bi \u00een c\u0103l\u0103torie cu copiii, in parc sau la gradi\/scoala. Cu o varietate de animale din care s\u0103 aleag\u0103, fiecare micu\u021b \u00ee\u0219i va g\u0103si \u00eenso\u021bitorul [&hellip;]","og_url":"https:\/\/bunnyboo.ro\/produs\/sticla-pentru-apa-500ml-mr-lion\/","og_site_name":"Bunny Boo","article_modified_time":"2026-03-26T10:23:28+00:00","og_image":[{"width":1000,"height":1000,"url":"https:\/\/bunnyboo.ro\/wp-content\/uploads\/2024\/02\/P_41_213_1.jpeg","type":"image\/jpeg"}],"twitter_card":"summary_large_image","twitter_misc":{"Est. reading time":"1 minute"},"schema":{"@context":"https:\/\/schema.org","@graph":[{"@type":"WebPage","@id":"https:\/\/bunnyboo.ro\/produs\/sticla-pentru-apa-500ml-mr-lion\/","url":"https:\/\/bunnyboo.ro\/produs\/sticla-pentru-apa-500ml-mr-lion\/","name":"Sticla pentru apa 500ml - Mr. Lion","isPartOf":{"@id":"https:\/\/bunnyboo.ro\/#website"},"primaryImageOfPage":{"@id":"https:\/\/bunnyboo.ro\/produs\/sticla-pentru-apa-500ml-mr-lion\/#primaryimage"},"image":{"@id":"https:\/\/bunnyboo.ro\/produs\/sticla-pentru-apa-500ml-mr-lion\/#primaryimage"},"thumbnailUrl":"https:\/\/bunnyboo.ro\/wp-content\/uploads\/2024\/02\/P_41_213_1.jpeg","datePublished":"2024-02-21T12:17:11+00:00","dateModified":"2026-03-26T10:23:28+00:00","breadcrumb":{"@id":"https:\/\/bunnyboo.ro\/produs\/sticla-pentru-apa-500ml-mr-lion\/#breadcrumb"},"inLanguage":"en-US","potentialAction":[{"@type":"ReadAction","target":["https:\/\/bunnyboo.ro\/produs\/sticla-pentru-apa-500ml-mr-lion\/"]}]},{"@type":"ImageObject","inLanguage":"en-US","@id":"https:\/\/bunnyboo.ro\/produs\/sticla-pentru-apa-500ml-mr-lion\/#primaryimage","url":"https:\/\/bunnyboo.ro\/wp-content\/uploads\/2024\/02\/P_41_213_1.jpeg","contentUrl":"https:\/\/bunnyboo.ro\/wp-content\/uploads\/2024\/02\/P_41_213_1.jpeg","width":1000,"height":1000,"caption":"P_41_213_1"},{"@type":"BreadcrumbList","@id":"https:\/\/bunnyboo.ro\/produs\/sticla-pentru-apa-500ml-mr-lion\/#breadcrumb","itemListElement":[{"@type":"ListItem","position":1,"name":"Home","item":"https:\/\/bunnyboo.ro\/en\/"},{"@type":"ListItem","position":2,"name":"New","item":"https:\/\/bunnyboo.ro\/en\/shop\/"},{"@type":"ListItem","position":3,"name":"Sticla pentru apa 500ml &#8211; Mr. Lion"}]},{"@type":"WebSite","@id":"https:\/\/bunnyboo.ro\/#website","url":"https:\/\/bunnyboo.ro\/","name":"Bunny Boo","description":"Bunny Boo","publisher":{"@id":"https:\/\/bunnyboo.ro\/#organization"},"potentialAction":[{"@type":"SearchAction","target":{"@type":"EntryPoint","urlTemplate":"https:\/\/bunnyboo.ro\/?s={search_term_string}"},"query-input":"required name=search_term_string"}],"inLanguage":"en-US"},{"@type":"Organization","@id":"https:\/\/bunnyboo.ro\/#organization","name":"Bunny Boo","url":"https:\/\/bunnyboo.ro\/","logo":{"@type":"ImageObject","inLanguage":"en-US","@id":"https:\/\/bunnyboo.ro\/#\/schema\/logo\/image\/","url":"https:\/\/bunnyboo.ro\/wp-content\/uploads\/2024\/03\/Logo-website-black.png","contentUrl":"https:\/\/bunnyboo.ro\/wp-content\/uploads\/2024\/03\/Logo-website-black.png","width":2422,"height":946,"caption":"Bunny Boo"},"image":{"@id":"https:\/\/bunnyboo.ro\/#\/schema\/logo\/image\/"}}]}},"_links":{"self":[{"href":"https:\/\/bunnyboo.ro\/en\/wp-json\/wp\/v2\/product\/7644","targetHints":{"allow":["GET"]}}],"collection":[{"href":"https:\/\/bunnyboo.ro\/en\/wp-json\/wp\/v2\/product"}],"about":[{"href":"https:\/\/bunnyboo.ro\/en\/wp-json\/wp\/v2\/types\/product"}],"replies":[{"embeddable":true,"href":"https:\/\/bunnyboo.ro\/en\/wp-json\/wp\/v2\/comments?post=7644"}],"wp:featuredmedia":[{"embeddable":true,"href":"https:\/\/bunnyboo.ro\/en\/wp-json\/wp\/v2\/media\/7640"}],"wp:attachment":[{"href":"https:\/\/bunnyboo.ro\/en\/wp-json\/wp\/v2\/media?parent=7644"}],"wp:term":[{"taxonomy":"product_brand","embeddable":true,"href":"https:\/\/bunnyboo.ro\/en\/wp-json\/wp\/v2\/product_brand?post=7644"},{"taxonomy":"product_cat","embeddable":true,"href":"https:\/\/bunnyboo.ro\/en\/wp-json\/wp\/v2\/product_cat?post=7644"},{"taxonomy":"product_tag","embeddable":true,"href":"https:\/\/bunnyboo.ro\/en\/wp-json\/wp\/v2\/product_tag?post=7644"}],"curies":[{"name":"wp","href":"https:\/\/api.w.org\/{rel}","templated":true}]}}