{"id":7620,"date":"2024-02-21T11:50:32","date_gmt":"2024-02-21T11:50:32","guid":{"rendered":"https:\/\/bunnyboo.ro\/product\/geanta-de-pranz-termica-mr-fox\/"},"modified":"2026-03-26T12:23:57","modified_gmt":"2026-03-26T10:23:57","slug":"geanta-de-pranz-termica-mr-fox","status":"publish","type":"product","link":"https:\/\/bunnyboo.ro\/en\/produs\/geanta-de-pranz-termica-mr-fox\/","title":{"rendered":"Geanta de pranz termica &#8211; Mr. Fox"},"content":{"rendered":"<p class=\"MsoNormal\" style=\"margin: 0cm 0cm 0.0001pt;\"><span lang=\"RO\">De acum \u00eencolo po\u021bi lua pr\u00e2nzul t\u0103u preferat cu tine \u00een aceast\u0103 geanta de pranz la \u00eendem\u00e2n\u0103. Aceasta este o geant\u0103 termic\u0103, ceea ce \u00eenseamn\u0103 c\u0103 v\u0103 va men\u021bine pr\u00e2nzul fie cald, fie rece. Geanta de pr\u00e2nz are \u0219i un strat exterior care o face impermeabil\u0103! Urechile catifelate adaug\u0103 o not\u0103 juc\u0103u\u0219\u0103, iar m\u00e2nerul face ca geanta de pr\u00e2nz s\u0103 fie portabil\u0103 \u0219i compact\u0103. Geanta are fermoar mare pentru deschidere \u0219i \u00eenchidere u\u0219oar\u0103. Exist\u0103, de asemenea, o etichet\u0103 cu numele de-a lungul interiorului, astfel \u00eenc\u00e2t s\u0103 nu trebuie s\u0103 v\u0103 face\u021bi griji c\u0103 v\u0103 pierde\u021bi prietenul de pr\u00e2nz.<\/span><\/p>\n<p class=\"MsoNormal\" style=\"margin: 0cm 0cm 0.0001pt;\"><span lang=\"RO\">\u00a0<\/span><\/p>\n<p class=\"MsoNormal\" style=\"margin: 0cm 0cm 0.0001pt;\">\n<p class=\"MsoNormal\" style=\"margin: 0cm 0cm 0.0001pt;\"><span lang=\"RO\">Un mic buzunar separat pe spatele pungii se potrive\u0219te cu o pr\u0103jitur\u0103 sau o gustare care nu trebuie p\u0103strat\u0103 la temperatur\u0103. <\/span><\/p>\n<p class=\"MsoNormal\" style=\"margin: 0cm 0cm 0.0001pt;\"><span lang=\"RO\">Aceast\u0103 geant\u0103 de pr\u00e2nz distractiv\u0103 se potrive\u0219te perfect cu o sticl\u0103 de ap\u0103 Trixie \u0219i cutie de pr\u00e2nz. <\/span><\/p>\n<p class=\"MsoNormal\" style=\"margin: 0cm 0cm 0.0001pt;\"><span lang=\"RO\">Compozi\u0163ie 100% bumbac &#8211; Captuseala: 95% poliester, 5% bumbac <\/span><\/p>\n<p class=\"MsoNormal\" style=\"margin: 0cm 0cm 0.0001pt;\"><span lang=\"RO\">Recomandare de v\u00e2rst\u0103 3 ani+ <\/span><\/p>\n<p class=\"MsoNormal\" style=\"margin: 0cm 0cm 0.0001pt;\"><span lang=\"RO\">Dimensiuni (Lxlxh) 20x14x14 cm<\/span><\/p>\n<p class=\"MsoNormal\" style=\"margin: 0cm 0cm 0.0001pt;\"><span lang=\"RO\">\u00a0<\/span><\/p>\n<p class=\"MsoNormal\" style=\"margin: 0cm 0cm 0.0001pt;\"><span style=\"-webkit-text-size-adjust: 100%;\">Brand: Trixie<\/span><\/p>\n<p class=\"MsoNormal\" style=\"margin: 0cm 0cm 0.0001pt;\">\n<p class=\"MsoNormal\" style=\"margin: 0cm 0cm 0.0001pt; font-size: 12pt; font-family: Cambria;\">\n","protected":false},"excerpt":{"rendered":"<p>De acum \u00eencolo po\u021bi lua pr\u00e2nzul t\u0103u preferat cu tine \u00een aceast\u0103 geanta de pranz la \u00eendem\u00e2n\u0103. Aceasta este o geant\u0103 termic\u0103, ceea ce \u00eenseamn\u0103 c\u0103 v\u0103 va men\u021bine pr\u00e2nzul fie cald, fie rece. Geanta de pr\u00e2nz are \u0219i un strat exterior care o face impermeabil\u0103! Urechile catifelate adaug\u0103 o not\u0103 juc\u0103u\u0219\u0103, iar m\u00e2nerul face [&hellip;]<\/p>\n","protected":false},"featured_media":7613,"comment_status":"open","ping_status":"closed","template":"","meta":{"site-sidebar-layout":"default","site-content-layout":"","ast-site-content-layout":"default","site-content-style":"default","site-sidebar-style":"default","ast-global-header-display":"","ast-banner-title-visibility":"","ast-main-header-display":"","ast-hfb-above-header-display":"","ast-hfb-below-header-display":"","ast-hfb-mobile-header-display":"","site-post-title":"","ast-breadcrumbs-content":"","ast-featured-img":"","footer-sml-layout":"","theme-transparent-header-meta":"default","adv-header-id-meta":"","stick-header-meta":"default","header-above-stick-meta":"","header-main-stick-meta":"","header-below-stick-meta":"","astra-migrate-meta-layouts":"set","ast-page-background-enabled":"default","ast-page-background-meta":{"desktop":{"background-color":"","background-image":"","background-repeat":"repeat","background-position":"center center","background-size":"auto","background-attachment":"scroll","background-type":"","background-media":"","overlay-type":"","overlay-color":"","overlay-opacity":"","overlay-gradient":""},"tablet":{"background-color":"","background-image":"","background-repeat":"repeat","background-position":"center center","background-size":"auto","background-attachment":"scroll","background-type":"","background-media":"","overlay-type":"","overlay-color":"","overlay-opacity":"","overlay-gradient":""},"mobile":{"background-color":"","background-image":"","background-repeat":"repeat","background-position":"center center","background-size":"auto","background-attachment":"scroll","background-type":"","background-media":"","overlay-type":"","overlay-color":"","overlay-opacity":"","overlay-gradient":""}},"ast-content-background-meta":{"desktop":{"background-color":"var(--ast-global-color-5)","background-image":"","background-repeat":"repeat","background-position":"center center","background-size":"auto","background-attachment":"scroll","background-type":"","background-media":"","overlay-type":"","overlay-color":"","overlay-opacity":"","overlay-gradient":""},"tablet":{"background-color":"var(--ast-global-color-5)","background-image":"","background-repeat":"repeat","background-position":"center center","background-size":"auto","background-attachment":"scroll","background-type":"","background-media":"","overlay-type":"","overlay-color":"","overlay-opacity":"","overlay-gradient":""},"mobile":{"background-color":"var(--ast-global-color-5)","background-image":"","background-repeat":"repeat","background-position":"center center","background-size":"auto","background-attachment":"scroll","background-type":"","background-media":"","overlay-type":"","overlay-color":"","overlay-opacity":"","overlay-gradient":""}}},"product_brand":[],"product_cat":[64,65,99,132],"product_tag":[],"class_list":{"0":"post-7620","1":"product","2":"type-product","3":"status-publish","4":"has-post-thumbnail","6":"product_cat-cutii-de-pranz-adorabile","7":"product_cat-noutati-minunate-pentru-puiul-tau","8":"product_cat-genti-ghiozdane-pentru-mama-si-pui","9":"product_cat-reduceri-pentru-tine","10":"desktop-align-left","11":"tablet-align-left","12":"mobile-align-left","13":"ast-product-gallery-layout-horizontal-slider","14":"ast-product-tabs-layout-vertical","15":"ast-qv-on-image","17":"first","18":"instock","19":"sale","20":"shipping-taxable","21":"purchasable","22":"product-type-simple"},"yoast_head":"<!-- This site is optimized with the Yoast SEO plugin v22.6 - https:\/\/yoast.com\/wordpress\/plugins\/seo\/ -->\n<title>Geanta de pranz termica - Mr. Fox<\/title>\n<meta name=\"robots\" content=\"index, follow, max-snippet:-1, max-image-preview:large, max-video-preview:-1\" \/>\n<link rel=\"canonical\" href=\"https:\/\/bunnyboo.ro\/produs\/geanta-de-pranz-termica-mr-fox\/\" \/>\n<meta property=\"og:locale\" content=\"en_US\" \/>\n<meta property=\"og:type\" content=\"article\" \/>\n<meta property=\"og:title\" content=\"Geanta de pranz termica - Mr. Fox\" \/>\n<meta property=\"og:description\" content=\"De acum \u00eencolo po\u021bi lua pr\u00e2nzul t\u0103u preferat cu tine \u00een aceast\u0103 geanta de pranz la \u00eendem\u00e2n\u0103. Aceasta este o geant\u0103 termic\u0103, ceea ce \u00eenseamn\u0103 c\u0103 v\u0103 va men\u021bine pr\u00e2nzul fie cald, fie rece. Geanta de pr\u00e2nz are \u0219i un strat exterior care o face impermeabil\u0103! Urechile catifelate adaug\u0103 o not\u0103 juc\u0103u\u0219\u0103, iar m\u00e2nerul face [&hellip;]\" \/>\n<meta property=\"og:url\" content=\"https:\/\/bunnyboo.ro\/produs\/geanta-de-pranz-termica-mr-fox\/\" \/>\n<meta property=\"og:site_name\" content=\"Bunny Boo\" \/>\n<meta property=\"article:modified_time\" content=\"2026-03-26T10:23:57+00:00\" \/>\n<meta property=\"og:image\" content=\"https:\/\/bunnyboo.ro\/wp-content\/uploads\/2024\/02\/Trixie_20_210-scaled.jpeg\" \/>\n\t<meta property=\"og:image:width\" content=\"2560\" \/>\n\t<meta property=\"og:image:height\" content=\"2560\" \/>\n\t<meta property=\"og:image:type\" content=\"image\/jpeg\" \/>\n<meta name=\"twitter:card\" content=\"summary_large_image\" \/>\n<meta name=\"twitter:label1\" content=\"Est. reading time\" \/>\n\t<meta name=\"twitter:data1\" content=\"1 minute\" \/>\n<script type=\"application\/ld+json\" class=\"yoast-schema-graph\">{\"@context\":\"https:\/\/schema.org\",\"@graph\":[{\"@type\":\"WebPage\",\"@id\":\"https:\/\/bunnyboo.ro\/produs\/geanta-de-pranz-termica-mr-fox\/\",\"url\":\"https:\/\/bunnyboo.ro\/produs\/geanta-de-pranz-termica-mr-fox\/\",\"name\":\"Geanta de pranz termica - Mr. Fox\",\"isPartOf\":{\"@id\":\"https:\/\/bunnyboo.ro\/#website\"},\"primaryImageOfPage\":{\"@id\":\"https:\/\/bunnyboo.ro\/produs\/geanta-de-pranz-termica-mr-fox\/#primaryimage\"},\"image\":{\"@id\":\"https:\/\/bunnyboo.ro\/produs\/geanta-de-pranz-termica-mr-fox\/#primaryimage\"},\"thumbnailUrl\":\"https:\/\/bunnyboo.ro\/wp-content\/uploads\/2024\/02\/Trixie_20_210-scaled.jpeg\",\"datePublished\":\"2024-02-21T11:50:32+00:00\",\"dateModified\":\"2026-03-26T10:23:57+00:00\",\"breadcrumb\":{\"@id\":\"https:\/\/bunnyboo.ro\/produs\/geanta-de-pranz-termica-mr-fox\/#breadcrumb\"},\"inLanguage\":\"en-US\",\"potentialAction\":[{\"@type\":\"ReadAction\",\"target\":[\"https:\/\/bunnyboo.ro\/produs\/geanta-de-pranz-termica-mr-fox\/\"]}]},{\"@type\":\"ImageObject\",\"inLanguage\":\"en-US\",\"@id\":\"https:\/\/bunnyboo.ro\/produs\/geanta-de-pranz-termica-mr-fox\/#primaryimage\",\"url\":\"https:\/\/bunnyboo.ro\/wp-content\/uploads\/2024\/02\/Trixie_20_210-scaled.jpeg\",\"contentUrl\":\"https:\/\/bunnyboo.ro\/wp-content\/uploads\/2024\/02\/Trixie_20_210-scaled.jpeg\",\"width\":2560,\"height\":2560,\"caption\":\"Trixie_20_210\"},{\"@type\":\"BreadcrumbList\",\"@id\":\"https:\/\/bunnyboo.ro\/produs\/geanta-de-pranz-termica-mr-fox\/#breadcrumb\",\"itemListElement\":[{\"@type\":\"ListItem\",\"position\":1,\"name\":\"Home\",\"item\":\"https:\/\/bunnyboo.ro\/en\/\"},{\"@type\":\"ListItem\",\"position\":2,\"name\":\"New\",\"item\":\"https:\/\/bunnyboo.ro\/en\/shop\/\"},{\"@type\":\"ListItem\",\"position\":3,\"name\":\"Geanta de pranz termica &#8211; Mr. Fox\"}]},{\"@type\":\"WebSite\",\"@id\":\"https:\/\/bunnyboo.ro\/#website\",\"url\":\"https:\/\/bunnyboo.ro\/\",\"name\":\"Bunny Boo\",\"description\":\"Bunny Boo\",\"publisher\":{\"@id\":\"https:\/\/bunnyboo.ro\/#organization\"},\"potentialAction\":[{\"@type\":\"SearchAction\",\"target\":{\"@type\":\"EntryPoint\",\"urlTemplate\":\"https:\/\/bunnyboo.ro\/?s={search_term_string}\"},\"query-input\":\"required name=search_term_string\"}],\"inLanguage\":\"en-US\"},{\"@type\":\"Organization\",\"@id\":\"https:\/\/bunnyboo.ro\/#organization\",\"name\":\"Bunny Boo\",\"url\":\"https:\/\/bunnyboo.ro\/\",\"logo\":{\"@type\":\"ImageObject\",\"inLanguage\":\"en-US\",\"@id\":\"https:\/\/bunnyboo.ro\/#\/schema\/logo\/image\/\",\"url\":\"https:\/\/bunnyboo.ro\/wp-content\/uploads\/2024\/03\/Logo-website-black.png\",\"contentUrl\":\"https:\/\/bunnyboo.ro\/wp-content\/uploads\/2024\/03\/Logo-website-black.png\",\"width\":2422,\"height\":946,\"caption\":\"Bunny Boo\"},\"image\":{\"@id\":\"https:\/\/bunnyboo.ro\/#\/schema\/logo\/image\/\"}}]}<\/script>\n<!-- \/ Yoast SEO plugin. -->","yoast_head_json":{"title":"Geanta de pranz termica - Mr. Fox","robots":{"index":"index","follow":"follow","max-snippet":"max-snippet:-1","max-image-preview":"max-image-preview:large","max-video-preview":"max-video-preview:-1"},"canonical":"https:\/\/bunnyboo.ro\/produs\/geanta-de-pranz-termica-mr-fox\/","og_locale":"en_US","og_type":"article","og_title":"Geanta de pranz termica - Mr. Fox","og_description":"De acum \u00eencolo po\u021bi lua pr\u00e2nzul t\u0103u preferat cu tine \u00een aceast\u0103 geanta de pranz la \u00eendem\u00e2n\u0103. Aceasta este o geant\u0103 termic\u0103, ceea ce \u00eenseamn\u0103 c\u0103 v\u0103 va men\u021bine pr\u00e2nzul fie cald, fie rece. Geanta de pr\u00e2nz are \u0219i un strat exterior care o face impermeabil\u0103! Urechile catifelate adaug\u0103 o not\u0103 juc\u0103u\u0219\u0103, iar m\u00e2nerul face [&hellip;]","og_url":"https:\/\/bunnyboo.ro\/produs\/geanta-de-pranz-termica-mr-fox\/","og_site_name":"Bunny Boo","article_modified_time":"2026-03-26T10:23:57+00:00","og_image":[{"width":2560,"height":2560,"url":"https:\/\/bunnyboo.ro\/wp-content\/uploads\/2024\/02\/Trixie_20_210-scaled.jpeg","type":"image\/jpeg"}],"twitter_card":"summary_large_image","twitter_misc":{"Est. reading time":"1 minute"},"schema":{"@context":"https:\/\/schema.org","@graph":[{"@type":"WebPage","@id":"https:\/\/bunnyboo.ro\/produs\/geanta-de-pranz-termica-mr-fox\/","url":"https:\/\/bunnyboo.ro\/produs\/geanta-de-pranz-termica-mr-fox\/","name":"Geanta de pranz termica - Mr. Fox","isPartOf":{"@id":"https:\/\/bunnyboo.ro\/#website"},"primaryImageOfPage":{"@id":"https:\/\/bunnyboo.ro\/produs\/geanta-de-pranz-termica-mr-fox\/#primaryimage"},"image":{"@id":"https:\/\/bunnyboo.ro\/produs\/geanta-de-pranz-termica-mr-fox\/#primaryimage"},"thumbnailUrl":"https:\/\/bunnyboo.ro\/wp-content\/uploads\/2024\/02\/Trixie_20_210-scaled.jpeg","datePublished":"2024-02-21T11:50:32+00:00","dateModified":"2026-03-26T10:23:57+00:00","breadcrumb":{"@id":"https:\/\/bunnyboo.ro\/produs\/geanta-de-pranz-termica-mr-fox\/#breadcrumb"},"inLanguage":"en-US","potentialAction":[{"@type":"ReadAction","target":["https:\/\/bunnyboo.ro\/produs\/geanta-de-pranz-termica-mr-fox\/"]}]},{"@type":"ImageObject","inLanguage":"en-US","@id":"https:\/\/bunnyboo.ro\/produs\/geanta-de-pranz-termica-mr-fox\/#primaryimage","url":"https:\/\/bunnyboo.ro\/wp-content\/uploads\/2024\/02\/Trixie_20_210-scaled.jpeg","contentUrl":"https:\/\/bunnyboo.ro\/wp-content\/uploads\/2024\/02\/Trixie_20_210-scaled.jpeg","width":2560,"height":2560,"caption":"Trixie_20_210"},{"@type":"BreadcrumbList","@id":"https:\/\/bunnyboo.ro\/produs\/geanta-de-pranz-termica-mr-fox\/#breadcrumb","itemListElement":[{"@type":"ListItem","position":1,"name":"Home","item":"https:\/\/bunnyboo.ro\/en\/"},{"@type":"ListItem","position":2,"name":"New","item":"https:\/\/bunnyboo.ro\/en\/shop\/"},{"@type":"ListItem","position":3,"name":"Geanta de pranz termica &#8211; Mr. Fox"}]},{"@type":"WebSite","@id":"https:\/\/bunnyboo.ro\/#website","url":"https:\/\/bunnyboo.ro\/","name":"Bunny Boo","description":"Bunny Boo","publisher":{"@id":"https:\/\/bunnyboo.ro\/#organization"},"potentialAction":[{"@type":"SearchAction","target":{"@type":"EntryPoint","urlTemplate":"https:\/\/bunnyboo.ro\/?s={search_term_string}"},"query-input":"required name=search_term_string"}],"inLanguage":"en-US"},{"@type":"Organization","@id":"https:\/\/bunnyboo.ro\/#organization","name":"Bunny Boo","url":"https:\/\/bunnyboo.ro\/","logo":{"@type":"ImageObject","inLanguage":"en-US","@id":"https:\/\/bunnyboo.ro\/#\/schema\/logo\/image\/","url":"https:\/\/bunnyboo.ro\/wp-content\/uploads\/2024\/03\/Logo-website-black.png","contentUrl":"https:\/\/bunnyboo.ro\/wp-content\/uploads\/2024\/03\/Logo-website-black.png","width":2422,"height":946,"caption":"Bunny Boo"},"image":{"@id":"https:\/\/bunnyboo.ro\/#\/schema\/logo\/image\/"}}]}},"_links":{"self":[{"href":"https:\/\/bunnyboo.ro\/en\/wp-json\/wp\/v2\/product\/7620","targetHints":{"allow":["GET"]}}],"collection":[{"href":"https:\/\/bunnyboo.ro\/en\/wp-json\/wp\/v2\/product"}],"about":[{"href":"https:\/\/bunnyboo.ro\/en\/wp-json\/wp\/v2\/types\/product"}],"replies":[{"embeddable":true,"href":"https:\/\/bunnyboo.ro\/en\/wp-json\/wp\/v2\/comments?post=7620"}],"wp:featuredmedia":[{"embeddable":true,"href":"https:\/\/bunnyboo.ro\/en\/wp-json\/wp\/v2\/media\/7613"}],"wp:attachment":[{"href":"https:\/\/bunnyboo.ro\/en\/wp-json\/wp\/v2\/media?parent=7620"}],"wp:term":[{"taxonomy":"product_brand","embeddable":true,"href":"https:\/\/bunnyboo.ro\/en\/wp-json\/wp\/v2\/product_brand?post=7620"},{"taxonomy":"product_cat","embeddable":true,"href":"https:\/\/bunnyboo.ro\/en\/wp-json\/wp\/v2\/product_cat?post=7620"},{"taxonomy":"product_tag","embeddable":true,"href":"https:\/\/bunnyboo.ro\/en\/wp-json\/wp\/v2\/product_tag?post=7620"}],"curies":[{"name":"wp","href":"https:\/\/api.w.org\/{rel}","templated":true}]}}