{"id":7612,"date":"2024-02-21T11:42:51","date_gmt":"2024-02-21T11:42:51","guid":{"rendered":"https:\/\/bunnyboo.ro\/product\/rucsac-mr-lion\/"},"modified":"2025-11-04T09:53:39","modified_gmt":"2025-11-04T07:53:39","slug":"rucsac-mr-lion","status":"publish","type":"product","link":"https:\/\/bunnyboo.ro\/en\/produs\/rucsac-mr-lion\/","title":{"rendered":"Rucsac &#8211; Mr. Lion"},"content":{"rendered":"<p class=\"MsoNormal\" style=\"margin: 0cm 0cm 0.0001pt;\"><span lang=\"RO\">O geant\u0103 de sport distractiv\u0103 \u0219i la \u00eendem\u00e2n\u0103, cu design cu prietenii nostri animalutele, pe care o pute\u021bi folosi \u0219i ca geant\u0103 de \u00eenot datorit\u0103 \u00eenveli\u0219ului s\u0103u rezistent la apa. Urechile simpatice ofer\u0103 un detaliu dr\u0103gu\u021b juc\u0103u\u0219. Utiliza\u021bi cele 2 \u0219nururi la \u00eendem\u00e2n\u0103 pentru a deschide \u0219i \u00eenchide cu u\u0219urin\u021b\u0103 geanta de sport.<\/span><\/p>\n<p class=\"MsoNormal\" style=\"margin: 0cm 0cm 0.0001pt;\"><span lang=\"RO\">\u00a0<\/span><\/p>\n<p class=\"MsoNormal\" style=\"margin: 0cm 0cm 0.0001pt;\"><span lang=\"RO\">Exist\u0103 o etichet\u0103 cu numele \u0219i un buzunar mic \u00een interior; acesta din urm\u0103 pentru a p\u0103stra ni\u0219te obiecte mici, bani sau un card de membru.\u00a0<\/span><\/p>\n<p class=\"MsoNormal\" style=\"margin: 0cm 0cm 0.0001pt;\"><span lang=\"RO\">\u00a0<\/span><\/p>\n<p class=\"MsoNormal\" style=\"margin: 0cm 0cm 0.0001pt;\"><span lang=\"RO\">Compozi\u0163ie \u00cenveli\u0219 acrilic hidrofug<\/span><\/p>\n<p class=\"MsoNormal\" style=\"margin: 0cm 0cm 0.0001pt;\"><span lang=\"RO\">Material: 62% bumbac reciclat, 35% bumbac, 3% viscoz\u0103<\/span><\/p>\n<p class=\"MsoNormal\" style=\"margin: 0cm 0cm 0.0001pt;\"><span lang=\"RO\">C\u0103ptu\u0219eal\u0103: 85% PES reciclat, 15% bumbac<\/span><\/p>\n<p class=\"MsoNormal\" style=\"margin: 0cm 0cm 0.0001pt;\"><span lang=\"RO\">Recomandare de v\u00e2rst\u0103 3 ani+<\/span><\/p>\n<p class=\"MsoNormal\" style=\"margin: 0cm 0cm 0.0001pt;\"><span lang=\"RO\">Dimensiuni (Lxlxh) 40x34x2 cm<\/span><\/p>\n<p class=\"MsoNormal\" style=\"margin: 0cm 0cm 0.0001pt;\"><span lang=\"RO\">\u00a0<\/span><\/p>\n<p class=\"MsoNormal\" style=\"margin: 0cm 0cm 0.0001pt;\"><span style=\"-webkit-text-size-adjust: 100%;\">Brand: Trixie<\/span><\/p>\n<p class=\"MsoNormal\" style=\"margin: 0cm 0cm 0.0001pt;\">\n<p class=\"MsoNormal\" style=\"margin: 0cm 0cm 0.0001pt;\">\n","protected":false},"excerpt":{"rendered":"<p>O geant\u0103 de sport distractiv\u0103 \u0219i la \u00eendem\u00e2n\u0103, cu design cu prietenii nostri animalutele, pe care o pute\u021bi folosi \u0219i ca geant\u0103 de \u00eenot datorit\u0103 \u00eenveli\u0219ului s\u0103u rezistent la apa. Urechile simpatice ofer\u0103 un detaliu dr\u0103gu\u021b juc\u0103u\u0219. Utiliza\u021bi cele 2 \u0219nururi la \u00eendem\u00e2n\u0103 pentru a deschide \u0219i \u00eenchide cu u\u0219urin\u021b\u0103 geanta de sport. \u00a0 Exist\u0103 [&hellip;]<\/p>\n","protected":false},"featured_media":7609,"comment_status":"open","ping_status":"closed","template":"","meta":{"site-sidebar-layout":"default","site-content-layout":"","ast-site-content-layout":"default","site-content-style":"default","site-sidebar-style":"default","ast-global-header-display":"","ast-banner-title-visibility":"","ast-main-header-display":"","ast-hfb-above-header-display":"","ast-hfb-below-header-display":"","ast-hfb-mobile-header-display":"","site-post-title":"","ast-breadcrumbs-content":"","ast-featured-img":"","footer-sml-layout":"","theme-transparent-header-meta":"default","adv-header-id-meta":"","stick-header-meta":"default","header-above-stick-meta":"","header-main-stick-meta":"","header-below-stick-meta":"","astra-migrate-meta-layouts":"set","ast-page-background-enabled":"default","ast-page-background-meta":{"desktop":{"background-color":"","background-image":"","background-repeat":"repeat","background-position":"center center","background-size":"auto","background-attachment":"scroll","background-type":"","background-media":"","overlay-type":"","overlay-color":"","overlay-opacity":"","overlay-gradient":""},"tablet":{"background-color":"","background-image":"","background-repeat":"repeat","background-position":"center center","background-size":"auto","background-attachment":"scroll","background-type":"","background-media":"","overlay-type":"","overlay-color":"","overlay-opacity":"","overlay-gradient":""},"mobile":{"background-color":"","background-image":"","background-repeat":"repeat","background-position":"center center","background-size":"auto","background-attachment":"scroll","background-type":"","background-media":"","overlay-type":"","overlay-color":"","overlay-opacity":"","overlay-gradient":""}},"ast-content-background-meta":{"desktop":{"background-color":"var(--ast-global-color-5)","background-image":"","background-repeat":"repeat","background-position":"center center","background-size":"auto","background-attachment":"scroll","background-type":"","background-media":"","overlay-type":"","overlay-color":"","overlay-opacity":"","overlay-gradient":""},"tablet":{"background-color":"var(--ast-global-color-5)","background-image":"","background-repeat":"repeat","background-position":"center center","background-size":"auto","background-attachment":"scroll","background-type":"","background-media":"","overlay-type":"","overlay-color":"","overlay-opacity":"","overlay-gradient":""},"mobile":{"background-color":"var(--ast-global-color-5)","background-image":"","background-repeat":"repeat","background-position":"center center","background-size":"auto","background-attachment":"scroll","background-type":"","background-media":"","overlay-type":"","overlay-color":"","overlay-opacity":"","overlay-gradient":""}}},"product_brand":[],"product_cat":[65,99],"product_tag":[],"class_list":{"0":"post-7612","1":"product","2":"type-product","3":"status-publish","4":"has-post-thumbnail","6":"product_cat-noutati-minunate-pentru-puiul-tau","7":"product_cat-genti-ghiozdane-pentru-mama-si-pui","8":"desktop-align-left","9":"tablet-align-left","10":"mobile-align-left","11":"ast-product-gallery-layout-horizontal-slider","12":"ast-product-tabs-layout-vertical","13":"ast-qv-on-image","15":"first","16":"instock","17":"sale","18":"shipping-taxable","19":"purchasable","20":"product-type-simple"},"yoast_head":"<!-- This site is optimized with the Yoast SEO plugin v22.6 - https:\/\/yoast.com\/wordpress\/plugins\/seo\/ -->\n<title>Rucsac - Mr. Lion<\/title>\n<meta name=\"robots\" content=\"index, follow, max-snippet:-1, max-image-preview:large, max-video-preview:-1\" \/>\n<link rel=\"canonical\" href=\"https:\/\/bunnyboo.ro\/produs\/rucsac-mr-lion\/\" \/>\n<meta property=\"og:locale\" content=\"en_US\" \/>\n<meta property=\"og:type\" content=\"article\" \/>\n<meta property=\"og:title\" content=\"Rucsac - Mr. Lion\" \/>\n<meta property=\"og:description\" content=\"O geant\u0103 de sport distractiv\u0103 \u0219i la \u00eendem\u00e2n\u0103, cu design cu prietenii nostri animalutele, pe care o pute\u021bi folosi \u0219i ca geant\u0103 de \u00eenot datorit\u0103 \u00eenveli\u0219ului s\u0103u rezistent la apa. Urechile simpatice ofer\u0103 un detaliu dr\u0103gu\u021b juc\u0103u\u0219. Utiliza\u021bi cele 2 \u0219nururi la \u00eendem\u00e2n\u0103 pentru a deschide \u0219i \u00eenchide cu u\u0219urin\u021b\u0103 geanta de sport. \u00a0 Exist\u0103 [&hellip;]\" \/>\n<meta property=\"og:url\" content=\"https:\/\/bunnyboo.ro\/produs\/rucsac-mr-lion\/\" \/>\n<meta property=\"og:site_name\" content=\"Bunny Boo\" \/>\n<meta property=\"article:modified_time\" content=\"2025-11-04T07:53:39+00:00\" \/>\n<meta property=\"og:image\" content=\"https:\/\/bunnyboo.ro\/wp-content\/uploads\/2024\/02\/Trixie_19_213-scaled.jpeg\" \/>\n\t<meta property=\"og:image:width\" content=\"2560\" \/>\n\t<meta property=\"og:image:height\" content=\"2560\" \/>\n\t<meta property=\"og:image:type\" content=\"image\/jpeg\" \/>\n<meta name=\"twitter:card\" content=\"summary_large_image\" \/>\n<meta name=\"twitter:label1\" content=\"Est. reading time\" \/>\n\t<meta name=\"twitter:data1\" content=\"1 minute\" \/>\n<script type=\"application\/ld+json\" class=\"yoast-schema-graph\">{\"@context\":\"https:\/\/schema.org\",\"@graph\":[{\"@type\":\"WebPage\",\"@id\":\"https:\/\/bunnyboo.ro\/produs\/rucsac-mr-lion\/\",\"url\":\"https:\/\/bunnyboo.ro\/produs\/rucsac-mr-lion\/\",\"name\":\"Rucsac - Mr. Lion\",\"isPartOf\":{\"@id\":\"https:\/\/bunnyboo.ro\/#website\"},\"primaryImageOfPage\":{\"@id\":\"https:\/\/bunnyboo.ro\/produs\/rucsac-mr-lion\/#primaryimage\"},\"image\":{\"@id\":\"https:\/\/bunnyboo.ro\/produs\/rucsac-mr-lion\/#primaryimage\"},\"thumbnailUrl\":\"https:\/\/bunnyboo.ro\/wp-content\/uploads\/2024\/02\/Trixie_19_213-scaled.jpeg\",\"datePublished\":\"2024-02-21T11:42:51+00:00\",\"dateModified\":\"2025-11-04T07:53:39+00:00\",\"breadcrumb\":{\"@id\":\"https:\/\/bunnyboo.ro\/produs\/rucsac-mr-lion\/#breadcrumb\"},\"inLanguage\":\"en-US\",\"potentialAction\":[{\"@type\":\"ReadAction\",\"target\":[\"https:\/\/bunnyboo.ro\/produs\/rucsac-mr-lion\/\"]}]},{\"@type\":\"ImageObject\",\"inLanguage\":\"en-US\",\"@id\":\"https:\/\/bunnyboo.ro\/produs\/rucsac-mr-lion\/#primaryimage\",\"url\":\"https:\/\/bunnyboo.ro\/wp-content\/uploads\/2024\/02\/Trixie_19_213-scaled.jpeg\",\"contentUrl\":\"https:\/\/bunnyboo.ro\/wp-content\/uploads\/2024\/02\/Trixie_19_213-scaled.jpeg\",\"width\":2560,\"height\":2560,\"caption\":\"Trixie_19_213\"},{\"@type\":\"BreadcrumbList\",\"@id\":\"https:\/\/bunnyboo.ro\/produs\/rucsac-mr-lion\/#breadcrumb\",\"itemListElement\":[{\"@type\":\"ListItem\",\"position\":1,\"name\":\"Home\",\"item\":\"https:\/\/bunnyboo.ro\/en\/\"},{\"@type\":\"ListItem\",\"position\":2,\"name\":\"New\",\"item\":\"https:\/\/bunnyboo.ro\/en\/shop\/\"},{\"@type\":\"ListItem\",\"position\":3,\"name\":\"Rucsac &#8211; Mr. Lion\"}]},{\"@type\":\"WebSite\",\"@id\":\"https:\/\/bunnyboo.ro\/#website\",\"url\":\"https:\/\/bunnyboo.ro\/\",\"name\":\"Bunny Boo\",\"description\":\"Bunny Boo\",\"publisher\":{\"@id\":\"https:\/\/bunnyboo.ro\/#organization\"},\"potentialAction\":[{\"@type\":\"SearchAction\",\"target\":{\"@type\":\"EntryPoint\",\"urlTemplate\":\"https:\/\/bunnyboo.ro\/?s={search_term_string}\"},\"query-input\":\"required name=search_term_string\"}],\"inLanguage\":\"en-US\"},{\"@type\":\"Organization\",\"@id\":\"https:\/\/bunnyboo.ro\/#organization\",\"name\":\"Bunny Boo\",\"url\":\"https:\/\/bunnyboo.ro\/\",\"logo\":{\"@type\":\"ImageObject\",\"inLanguage\":\"en-US\",\"@id\":\"https:\/\/bunnyboo.ro\/#\/schema\/logo\/image\/\",\"url\":\"https:\/\/bunnyboo.ro\/wp-content\/uploads\/2024\/03\/Logo-website-black.png\",\"contentUrl\":\"https:\/\/bunnyboo.ro\/wp-content\/uploads\/2024\/03\/Logo-website-black.png\",\"width\":2422,\"height\":946,\"caption\":\"Bunny Boo\"},\"image\":{\"@id\":\"https:\/\/bunnyboo.ro\/#\/schema\/logo\/image\/\"}}]}<\/script>\n<!-- \/ Yoast SEO plugin. -->","yoast_head_json":{"title":"Rucsac - Mr. Lion","robots":{"index":"index","follow":"follow","max-snippet":"max-snippet:-1","max-image-preview":"max-image-preview:large","max-video-preview":"max-video-preview:-1"},"canonical":"https:\/\/bunnyboo.ro\/produs\/rucsac-mr-lion\/","og_locale":"en_US","og_type":"article","og_title":"Rucsac - Mr. Lion","og_description":"O geant\u0103 de sport distractiv\u0103 \u0219i la \u00eendem\u00e2n\u0103, cu design cu prietenii nostri animalutele, pe care o pute\u021bi folosi \u0219i ca geant\u0103 de \u00eenot datorit\u0103 \u00eenveli\u0219ului s\u0103u rezistent la apa. Urechile simpatice ofer\u0103 un detaliu dr\u0103gu\u021b juc\u0103u\u0219. Utiliza\u021bi cele 2 \u0219nururi la \u00eendem\u00e2n\u0103 pentru a deschide \u0219i \u00eenchide cu u\u0219urin\u021b\u0103 geanta de sport. \u00a0 Exist\u0103 [&hellip;]","og_url":"https:\/\/bunnyboo.ro\/produs\/rucsac-mr-lion\/","og_site_name":"Bunny Boo","article_modified_time":"2025-11-04T07:53:39+00:00","og_image":[{"width":2560,"height":2560,"url":"https:\/\/bunnyboo.ro\/wp-content\/uploads\/2024\/02\/Trixie_19_213-scaled.jpeg","type":"image\/jpeg"}],"twitter_card":"summary_large_image","twitter_misc":{"Est. reading time":"1 minute"},"schema":{"@context":"https:\/\/schema.org","@graph":[{"@type":"WebPage","@id":"https:\/\/bunnyboo.ro\/produs\/rucsac-mr-lion\/","url":"https:\/\/bunnyboo.ro\/produs\/rucsac-mr-lion\/","name":"Rucsac - Mr. Lion","isPartOf":{"@id":"https:\/\/bunnyboo.ro\/#website"},"primaryImageOfPage":{"@id":"https:\/\/bunnyboo.ro\/produs\/rucsac-mr-lion\/#primaryimage"},"image":{"@id":"https:\/\/bunnyboo.ro\/produs\/rucsac-mr-lion\/#primaryimage"},"thumbnailUrl":"https:\/\/bunnyboo.ro\/wp-content\/uploads\/2024\/02\/Trixie_19_213-scaled.jpeg","datePublished":"2024-02-21T11:42:51+00:00","dateModified":"2025-11-04T07:53:39+00:00","breadcrumb":{"@id":"https:\/\/bunnyboo.ro\/produs\/rucsac-mr-lion\/#breadcrumb"},"inLanguage":"en-US","potentialAction":[{"@type":"ReadAction","target":["https:\/\/bunnyboo.ro\/produs\/rucsac-mr-lion\/"]}]},{"@type":"ImageObject","inLanguage":"en-US","@id":"https:\/\/bunnyboo.ro\/produs\/rucsac-mr-lion\/#primaryimage","url":"https:\/\/bunnyboo.ro\/wp-content\/uploads\/2024\/02\/Trixie_19_213-scaled.jpeg","contentUrl":"https:\/\/bunnyboo.ro\/wp-content\/uploads\/2024\/02\/Trixie_19_213-scaled.jpeg","width":2560,"height":2560,"caption":"Trixie_19_213"},{"@type":"BreadcrumbList","@id":"https:\/\/bunnyboo.ro\/produs\/rucsac-mr-lion\/#breadcrumb","itemListElement":[{"@type":"ListItem","position":1,"name":"Home","item":"https:\/\/bunnyboo.ro\/en\/"},{"@type":"ListItem","position":2,"name":"New","item":"https:\/\/bunnyboo.ro\/en\/shop\/"},{"@type":"ListItem","position":3,"name":"Rucsac &#8211; Mr. Lion"}]},{"@type":"WebSite","@id":"https:\/\/bunnyboo.ro\/#website","url":"https:\/\/bunnyboo.ro\/","name":"Bunny Boo","description":"Bunny Boo","publisher":{"@id":"https:\/\/bunnyboo.ro\/#organization"},"potentialAction":[{"@type":"SearchAction","target":{"@type":"EntryPoint","urlTemplate":"https:\/\/bunnyboo.ro\/?s={search_term_string}"},"query-input":"required name=search_term_string"}],"inLanguage":"en-US"},{"@type":"Organization","@id":"https:\/\/bunnyboo.ro\/#organization","name":"Bunny Boo","url":"https:\/\/bunnyboo.ro\/","logo":{"@type":"ImageObject","inLanguage":"en-US","@id":"https:\/\/bunnyboo.ro\/#\/schema\/logo\/image\/","url":"https:\/\/bunnyboo.ro\/wp-content\/uploads\/2024\/03\/Logo-website-black.png","contentUrl":"https:\/\/bunnyboo.ro\/wp-content\/uploads\/2024\/03\/Logo-website-black.png","width":2422,"height":946,"caption":"Bunny Boo"},"image":{"@id":"https:\/\/bunnyboo.ro\/#\/schema\/logo\/image\/"}}]}},"_links":{"self":[{"href":"https:\/\/bunnyboo.ro\/en\/wp-json\/wp\/v2\/product\/7612","targetHints":{"allow":["GET"]}}],"collection":[{"href":"https:\/\/bunnyboo.ro\/en\/wp-json\/wp\/v2\/product"}],"about":[{"href":"https:\/\/bunnyboo.ro\/en\/wp-json\/wp\/v2\/types\/product"}],"replies":[{"embeddable":true,"href":"https:\/\/bunnyboo.ro\/en\/wp-json\/wp\/v2\/comments?post=7612"}],"wp:featuredmedia":[{"embeddable":true,"href":"https:\/\/bunnyboo.ro\/en\/wp-json\/wp\/v2\/media\/7609"}],"wp:attachment":[{"href":"https:\/\/bunnyboo.ro\/en\/wp-json\/wp\/v2\/media?parent=7612"}],"wp:term":[{"taxonomy":"product_brand","embeddable":true,"href":"https:\/\/bunnyboo.ro\/en\/wp-json\/wp\/v2\/product_brand?post=7612"},{"taxonomy":"product_cat","embeddable":true,"href":"https:\/\/bunnyboo.ro\/en\/wp-json\/wp\/v2\/product_cat?post=7612"},{"taxonomy":"product_tag","embeddable":true,"href":"https:\/\/bunnyboo.ro\/en\/wp-json\/wp\/v2\/product_tag?post=7612"}],"curies":[{"name":"wp","href":"https:\/\/api.w.org\/{rel}","templated":true}]}}