{"id":7474,"date":"2024-01-17T14:12:00","date_gmt":"2024-01-17T14:12:00","guid":{"rendered":"https:\/\/bunnyboo.ro\/product\/set-de-plaja-dante\/"},"modified":"2026-02-04T14:54:04","modified_gmt":"2026-02-04T12:54:04","slug":"set-de-plaja-dante","status":"publish","type":"product","link":"https:\/\/bunnyboo.ro\/en\/produs\/set-de-plaja-dante\/","title":{"rendered":"Set jucarii de plaja Dante &#8211; All together sandy"},"content":{"rendered":"<p class=\"MsoNormal\" style=\"margin: 0cm 0cm 0.0001pt;\"><span lang=\"RO\">Setul de plaj\u0103 Dante garanteaz\u0103 ore de distrac\u021bie la plaj\u0103 \u0219i \u00eent\u0103re\u0219te abilit\u0103\u021bile motorii fine ale micu\u021bului t\u0103u. Un kit ideal de purtat la plaj\u0103, la piscin\u0103 sau \u00een vacan\u021b\u0103.<\/span><\/p>\n<p class=\"MsoNormal\" style=\"margin: 0cm 0cm 0.0001pt;\"><span lang=\"RO\">\u00a0<\/span><\/p>\n<p class=\"MsoNormal\" style=\"margin: 0cm 0cm 0.0001pt;\"><span lang=\"RO\"> Material: 100% silicon <\/span><\/p>\n<p class=\"MsoNormal\" style=\"margin: 0cm 0cm 0.0001pt;\"><span lang=\"RO\">Material durabil, moale \u0219i de lung\u0103 durat\u0103 <\/span><\/p>\n<p class=\"MsoNormal\" style=\"margin: 0cm 0cm 0.0001pt;\"><span lang=\"RO\">Usor de curatat <\/span><\/p>\n<p class=\"MsoNormal\" style=\"margin: 0cm 0cm 0.0001pt;\"><span lang=\"RO\">Setul include: G\u0103leat\u0103 cu m\u00e2ner, lopat\u0103 \u0219i patru matri\u021be <\/span><\/p>\n<p class=\"MsoNormal\" style=\"margin: 0cm 0cm 0.0001pt;\"><span lang=\"RO\">Marcat CE <\/span><\/p>\n<p class=\"MsoNormal\" style=\"margin: 0cm 0cm 0.0001pt;\"><span lang=\"RO\">Marcat CA <\/span><\/p>\n<p class=\"MsoNormal\" style=\"margin: 0cm 0cm 0.0001pt;\"><span lang=\"RO\">Dimensiuni: G\u0103leat\u0103: Diametru (cm) 15, Inaltime (cm) 14. Lopat\u0103: L\u0103\u021bime (cm) 7, Lungime (cm) 23. Crocodil: Inaltime\u00a0(cm) 3,75, L\u0103\u021bime (cm) 12, Lungime (cm) 11. Elephant: Inaltime\u00a0(cm) 3,5, Latime (cm) 13, Lungime (cm) 11,8. Hippo: Inaltime\u00a0(cm) 3,2, Latime (cm) 9, Lungime (cm)<\/span><\/p>\n<p class=\"MsoNormal\" style=\"margin: 0cm 0cm 0.0001pt;\"><span lang=\"RO\">\u00a0<\/span><\/p>\n<p class=\"MsoNormal\" style=\"margin: 0cm 0cm 0.0001pt;\"><span lang=\"RO\">Brand: Liewood<\/span><\/p>\n","protected":false},"excerpt":{"rendered":"<p>Setul de plaj\u0103 Dante garanteaz\u0103 ore de distrac\u021bie la plaj\u0103 \u0219i \u00eent\u0103re\u0219te abilit\u0103\u021bile motorii fine ale micu\u021bului t\u0103u. Un kit ideal de purtat la plaj\u0103, la piscin\u0103 sau \u00een vacan\u021b\u0103. \u00a0 Material: 100% silicon Material durabil, moale \u0219i de lung\u0103 durat\u0103 Usor de curatat Setul include: G\u0103leat\u0103 cu m\u00e2ner, lopat\u0103 \u0219i patru matri\u021be Marcat CE [&hellip;]<\/p>\n","protected":false},"featured_media":7472,"comment_status":"open","ping_status":"closed","template":"","meta":{"site-sidebar-layout":"default","site-content-layout":"","ast-site-content-layout":"default","site-content-style":"default","site-sidebar-style":"default","ast-global-header-display":"","ast-banner-title-visibility":"","ast-main-header-display":"","ast-hfb-above-header-display":"","ast-hfb-below-header-display":"","ast-hfb-mobile-header-display":"","site-post-title":"","ast-breadcrumbs-content":"","ast-featured-img":"","footer-sml-layout":"","theme-transparent-header-meta":"default","adv-header-id-meta":"","stick-header-meta":"default","header-above-stick-meta":"","header-main-stick-meta":"","header-below-stick-meta":"","astra-migrate-meta-layouts":"set","ast-page-background-enabled":"default","ast-page-background-meta":{"desktop":{"background-color":"","background-image":"","background-repeat":"repeat","background-position":"center center","background-size":"auto","background-attachment":"scroll","background-type":"","background-media":"","overlay-type":"","overlay-color":"","overlay-opacity":"","overlay-gradient":""},"tablet":{"background-color":"","background-image":"","background-repeat":"repeat","background-position":"center center","background-size":"auto","background-attachment":"scroll","background-type":"","background-media":"","overlay-type":"","overlay-color":"","overlay-opacity":"","overlay-gradient":""},"mobile":{"background-color":"","background-image":"","background-repeat":"repeat","background-position":"center center","background-size":"auto","background-attachment":"scroll","background-type":"","background-media":"","overlay-type":"","overlay-color":"","overlay-opacity":"","overlay-gradient":""}},"ast-content-background-meta":{"desktop":{"background-color":"var(--ast-global-color-5)","background-image":"","background-repeat":"repeat","background-position":"center center","background-size":"auto","background-attachment":"scroll","background-type":"","background-media":"","overlay-type":"","overlay-color":"","overlay-opacity":"","overlay-gradient":""},"tablet":{"background-color":"var(--ast-global-color-5)","background-image":"","background-repeat":"repeat","background-position":"center center","background-size":"auto","background-attachment":"scroll","background-type":"","background-media":"","overlay-type":"","overlay-color":"","overlay-opacity":"","overlay-gradient":""},"mobile":{"background-color":"var(--ast-global-color-5)","background-image":"","background-repeat":"repeat","background-position":"center center","background-size":"auto","background-attachment":"scroll","background-type":"","background-media":"","overlay-type":"","overlay-color":"","overlay-opacity":"","overlay-gradient":""}}},"product_brand":[],"product_cat":[65,84,94],"product_tag":[],"class_list":{"0":"post-7474","1":"product","2":"type-product","3":"status-publish","4":"has-post-thumbnail","6":"product_cat-noutati-minunate-pentru-puiul-tau","7":"product_cat-esentiale-pentru-plaja","8":"product_cat-distractie-in-natura","9":"desktop-align-left","10":"tablet-align-left","11":"mobile-align-left","12":"ast-product-gallery-layout-horizontal-slider","13":"ast-product-tabs-layout-vertical","14":"ast-qv-on-image","16":"first","17":"instock","18":"sale","19":"shipping-taxable","20":"purchasable","21":"product-type-simple"},"yoast_head":"<!-- This site is optimized with the Yoast SEO plugin v22.6 - https:\/\/yoast.com\/wordpress\/plugins\/seo\/ -->\n<title>Set jucarii de plaja Dante - All together sandy<\/title>\n<meta name=\"robots\" content=\"index, follow, max-snippet:-1, max-image-preview:large, max-video-preview:-1\" \/>\n<link rel=\"canonical\" href=\"https:\/\/bunnyboo.ro\/produs\/set-de-plaja-dante\/\" \/>\n<meta property=\"og:locale\" content=\"en_US\" \/>\n<meta property=\"og:type\" content=\"article\" \/>\n<meta property=\"og:title\" content=\"Set jucarii de plaja Dante - All together sandy\" \/>\n<meta property=\"og:description\" content=\"Setul de plaj\u0103 Dante garanteaz\u0103 ore de distrac\u021bie la plaj\u0103 \u0219i \u00eent\u0103re\u0219te abilit\u0103\u021bile motorii fine ale micu\u021bului t\u0103u. Un kit ideal de purtat la plaj\u0103, la piscin\u0103 sau \u00een vacan\u021b\u0103. \u00a0 Material: 100% silicon Material durabil, moale \u0219i de lung\u0103 durat\u0103 Usor de curatat Setul include: G\u0103leat\u0103 cu m\u00e2ner, lopat\u0103 \u0219i patru matri\u021be Marcat CE [&hellip;]\" \/>\n<meta property=\"og:url\" content=\"https:\/\/bunnyboo.ro\/produs\/set-de-plaja-dante\/\" \/>\n<meta property=\"og:site_name\" content=\"Bunny Boo\" \/>\n<meta property=\"article:modified_time\" content=\"2026-02-04T12:54:04+00:00\" \/>\n<meta property=\"og:image\" content=\"https:\/\/bunnyboo.ro\/wp-content\/uploads\/2024\/01\/Dante-beach-set-All-together-copy_LW17524_1499_All-Together-Sandy-_1-23_1-scaled.png\" \/>\n\t<meta property=\"og:image:width\" content=\"1024\" \/>\n\t<meta property=\"og:image:height\" content=\"794\" \/>\n\t<meta property=\"og:image:type\" content=\"image\/png\" \/>\n<meta name=\"twitter:card\" content=\"summary_large_image\" \/>\n<meta name=\"twitter:label1\" content=\"Est. reading time\" \/>\n\t<meta name=\"twitter:data1\" content=\"1 minute\" \/>\n<script type=\"application\/ld+json\" class=\"yoast-schema-graph\">{\"@context\":\"https:\/\/schema.org\",\"@graph\":[{\"@type\":\"WebPage\",\"@id\":\"https:\/\/bunnyboo.ro\/produs\/set-de-plaja-dante\/\",\"url\":\"https:\/\/bunnyboo.ro\/produs\/set-de-plaja-dante\/\",\"name\":\"Set jucarii de plaja Dante - All together sandy\",\"isPartOf\":{\"@id\":\"https:\/\/bunnyboo.ro\/#website\"},\"primaryImageOfPage\":{\"@id\":\"https:\/\/bunnyboo.ro\/produs\/set-de-plaja-dante\/#primaryimage\"},\"image\":{\"@id\":\"https:\/\/bunnyboo.ro\/produs\/set-de-plaja-dante\/#primaryimage\"},\"thumbnailUrl\":\"https:\/\/bunnyboo.ro\/wp-content\/uploads\/2024\/01\/Dante-beach-set-All-together-copy_LW17524_1499_All-Together-Sandy-_1-23_1-scaled.png\",\"datePublished\":\"2024-01-17T14:12:00+00:00\",\"dateModified\":\"2026-02-04T12:54:04+00:00\",\"breadcrumb\":{\"@id\":\"https:\/\/bunnyboo.ro\/produs\/set-de-plaja-dante\/#breadcrumb\"},\"inLanguage\":\"en-US\",\"potentialAction\":[{\"@type\":\"ReadAction\",\"target\":[\"https:\/\/bunnyboo.ro\/produs\/set-de-plaja-dante\/\"]}]},{\"@type\":\"ImageObject\",\"inLanguage\":\"en-US\",\"@id\":\"https:\/\/bunnyboo.ro\/produs\/set-de-plaja-dante\/#primaryimage\",\"url\":\"https:\/\/bunnyboo.ro\/wp-content\/uploads\/2024\/01\/Dante-beach-set-All-together-copy_LW17524_1499_All-Together-Sandy-_1-23_1-scaled.png\",\"contentUrl\":\"https:\/\/bunnyboo.ro\/wp-content\/uploads\/2024\/01\/Dante-beach-set-All-together-copy_LW17524_1499_All-Together-Sandy-_1-23_1-scaled.png\",\"width\":2560,\"height\":1985,\"caption\":\"Dante beach set - All together copy_LW17524_1499_All Together Sandy _1-23_1\"},{\"@type\":\"BreadcrumbList\",\"@id\":\"https:\/\/bunnyboo.ro\/produs\/set-de-plaja-dante\/#breadcrumb\",\"itemListElement\":[{\"@type\":\"ListItem\",\"position\":1,\"name\":\"Home\",\"item\":\"https:\/\/bunnyboo.ro\/en\/\"},{\"@type\":\"ListItem\",\"position\":2,\"name\":\"New\",\"item\":\"https:\/\/bunnyboo.ro\/en\/shop\/\"},{\"@type\":\"ListItem\",\"position\":3,\"name\":\"Set jucarii de plaja Dante &#8211; All together sandy\"}]},{\"@type\":\"WebSite\",\"@id\":\"https:\/\/bunnyboo.ro\/#website\",\"url\":\"https:\/\/bunnyboo.ro\/\",\"name\":\"Bunny Boo\",\"description\":\"Bunny Boo\",\"publisher\":{\"@id\":\"https:\/\/bunnyboo.ro\/#organization\"},\"potentialAction\":[{\"@type\":\"SearchAction\",\"target\":{\"@type\":\"EntryPoint\",\"urlTemplate\":\"https:\/\/bunnyboo.ro\/?s={search_term_string}\"},\"query-input\":\"required name=search_term_string\"}],\"inLanguage\":\"en-US\"},{\"@type\":\"Organization\",\"@id\":\"https:\/\/bunnyboo.ro\/#organization\",\"name\":\"Bunny Boo\",\"url\":\"https:\/\/bunnyboo.ro\/\",\"logo\":{\"@type\":\"ImageObject\",\"inLanguage\":\"en-US\",\"@id\":\"https:\/\/bunnyboo.ro\/#\/schema\/logo\/image\/\",\"url\":\"https:\/\/bunnyboo.ro\/wp-content\/uploads\/2024\/03\/Logo-website-black.png\",\"contentUrl\":\"https:\/\/bunnyboo.ro\/wp-content\/uploads\/2024\/03\/Logo-website-black.png\",\"width\":2422,\"height\":946,\"caption\":\"Bunny Boo\"},\"image\":{\"@id\":\"https:\/\/bunnyboo.ro\/#\/schema\/logo\/image\/\"}}]}<\/script>\n<!-- \/ Yoast SEO plugin. -->","yoast_head_json":{"title":"Set jucarii de plaja Dante - All together sandy","robots":{"index":"index","follow":"follow","max-snippet":"max-snippet:-1","max-image-preview":"max-image-preview:large","max-video-preview":"max-video-preview:-1"},"canonical":"https:\/\/bunnyboo.ro\/produs\/set-de-plaja-dante\/","og_locale":"en_US","og_type":"article","og_title":"Set jucarii de plaja Dante - All together sandy","og_description":"Setul de plaj\u0103 Dante garanteaz\u0103 ore de distrac\u021bie la plaj\u0103 \u0219i \u00eent\u0103re\u0219te abilit\u0103\u021bile motorii fine ale micu\u021bului t\u0103u. Un kit ideal de purtat la plaj\u0103, la piscin\u0103 sau \u00een vacan\u021b\u0103. \u00a0 Material: 100% silicon Material durabil, moale \u0219i de lung\u0103 durat\u0103 Usor de curatat Setul include: G\u0103leat\u0103 cu m\u00e2ner, lopat\u0103 \u0219i patru matri\u021be Marcat CE [&hellip;]","og_url":"https:\/\/bunnyboo.ro\/produs\/set-de-plaja-dante\/","og_site_name":"Bunny Boo","article_modified_time":"2026-02-04T12:54:04+00:00","og_image":[{"url":"https:\/\/bunnyboo.ro\/wp-content\/uploads\/2024\/01\/Dante-beach-set-All-together-copy_LW17524_1499_All-Together-Sandy-_1-23_1-scaled.png","width":1024,"height":794,"type":"image\/png"}],"twitter_card":"summary_large_image","twitter_misc":{"Est. reading time":"1 minute"},"schema":{"@context":"https:\/\/schema.org","@graph":[{"@type":"WebPage","@id":"https:\/\/bunnyboo.ro\/produs\/set-de-plaja-dante\/","url":"https:\/\/bunnyboo.ro\/produs\/set-de-plaja-dante\/","name":"Set jucarii de plaja Dante - All together sandy","isPartOf":{"@id":"https:\/\/bunnyboo.ro\/#website"},"primaryImageOfPage":{"@id":"https:\/\/bunnyboo.ro\/produs\/set-de-plaja-dante\/#primaryimage"},"image":{"@id":"https:\/\/bunnyboo.ro\/produs\/set-de-plaja-dante\/#primaryimage"},"thumbnailUrl":"https:\/\/bunnyboo.ro\/wp-content\/uploads\/2024\/01\/Dante-beach-set-All-together-copy_LW17524_1499_All-Together-Sandy-_1-23_1-scaled.png","datePublished":"2024-01-17T14:12:00+00:00","dateModified":"2026-02-04T12:54:04+00:00","breadcrumb":{"@id":"https:\/\/bunnyboo.ro\/produs\/set-de-plaja-dante\/#breadcrumb"},"inLanguage":"en-US","potentialAction":[{"@type":"ReadAction","target":["https:\/\/bunnyboo.ro\/produs\/set-de-plaja-dante\/"]}]},{"@type":"ImageObject","inLanguage":"en-US","@id":"https:\/\/bunnyboo.ro\/produs\/set-de-plaja-dante\/#primaryimage","url":"https:\/\/bunnyboo.ro\/wp-content\/uploads\/2024\/01\/Dante-beach-set-All-together-copy_LW17524_1499_All-Together-Sandy-_1-23_1-scaled.png","contentUrl":"https:\/\/bunnyboo.ro\/wp-content\/uploads\/2024\/01\/Dante-beach-set-All-together-copy_LW17524_1499_All-Together-Sandy-_1-23_1-scaled.png","width":2560,"height":1985,"caption":"Dante beach set - All together copy_LW17524_1499_All Together Sandy _1-23_1"},{"@type":"BreadcrumbList","@id":"https:\/\/bunnyboo.ro\/produs\/set-de-plaja-dante\/#breadcrumb","itemListElement":[{"@type":"ListItem","position":1,"name":"Home","item":"https:\/\/bunnyboo.ro\/en\/"},{"@type":"ListItem","position":2,"name":"New","item":"https:\/\/bunnyboo.ro\/en\/shop\/"},{"@type":"ListItem","position":3,"name":"Set jucarii de plaja Dante &#8211; All together sandy"}]},{"@type":"WebSite","@id":"https:\/\/bunnyboo.ro\/#website","url":"https:\/\/bunnyboo.ro\/","name":"Bunny Boo","description":"Bunny Boo","publisher":{"@id":"https:\/\/bunnyboo.ro\/#organization"},"potentialAction":[{"@type":"SearchAction","target":{"@type":"EntryPoint","urlTemplate":"https:\/\/bunnyboo.ro\/?s={search_term_string}"},"query-input":"required name=search_term_string"}],"inLanguage":"en-US"},{"@type":"Organization","@id":"https:\/\/bunnyboo.ro\/#organization","name":"Bunny Boo","url":"https:\/\/bunnyboo.ro\/","logo":{"@type":"ImageObject","inLanguage":"en-US","@id":"https:\/\/bunnyboo.ro\/#\/schema\/logo\/image\/","url":"https:\/\/bunnyboo.ro\/wp-content\/uploads\/2024\/03\/Logo-website-black.png","contentUrl":"https:\/\/bunnyboo.ro\/wp-content\/uploads\/2024\/03\/Logo-website-black.png","width":2422,"height":946,"caption":"Bunny Boo"},"image":{"@id":"https:\/\/bunnyboo.ro\/#\/schema\/logo\/image\/"}}]}},"_links":{"self":[{"href":"https:\/\/bunnyboo.ro\/en\/wp-json\/wp\/v2\/product\/7474","targetHints":{"allow":["GET"]}}],"collection":[{"href":"https:\/\/bunnyboo.ro\/en\/wp-json\/wp\/v2\/product"}],"about":[{"href":"https:\/\/bunnyboo.ro\/en\/wp-json\/wp\/v2\/types\/product"}],"replies":[{"embeddable":true,"href":"https:\/\/bunnyboo.ro\/en\/wp-json\/wp\/v2\/comments?post=7474"}],"wp:featuredmedia":[{"embeddable":true,"href":"https:\/\/bunnyboo.ro\/en\/wp-json\/wp\/v2\/media\/7472"}],"wp:attachment":[{"href":"https:\/\/bunnyboo.ro\/en\/wp-json\/wp\/v2\/media?parent=7474"}],"wp:term":[{"taxonomy":"product_brand","embeddable":true,"href":"https:\/\/bunnyboo.ro\/en\/wp-json\/wp\/v2\/product_brand?post=7474"},{"taxonomy":"product_cat","embeddable":true,"href":"https:\/\/bunnyboo.ro\/en\/wp-json\/wp\/v2\/product_cat?post=7474"},{"taxonomy":"product_tag","embeddable":true,"href":"https:\/\/bunnyboo.ro\/en\/wp-json\/wp\/v2\/product_tag?post=7474"}],"curies":[{"name":"wp","href":"https:\/\/api.w.org\/{rel}","templated":true}]}}