{"id":7466,"date":"2024-01-16T18:44:19","date_gmt":"2024-01-16T18:44:19","guid":{"rendered":"https:\/\/bunnyboo.ro\/product\/food-feeder-tuscany\/"},"modified":"2026-03-06T05:50:10","modified_gmt":"2026-03-06T03:50:10","slug":"food-feeder-tuscany","status":"publish","type":"product","link":"https:\/\/bunnyboo.ro\/en\/produs\/food-feeder-tuscany\/","title":{"rendered":"Miranda Food Feeder &#8211; set de 2 &#8211; Tuscany Rose\/ Apple Blossom"},"content":{"rendered":"<p class=\"MsoNormal\" style=\"margin: 0cm 0cm 0.0001pt;\"><span lang=\"RO\">\u00cen timp ce toate \u00eenceputurile pot fi dificile, lumea alimentelor solide desf\u0103\u0219oar\u0103 o aventur\u0103 plin\u0103 de gust. Hr\u0103nitorul Miranda este accesoriul perfect pentru a introduce alimente solide celor mai tineri. Un recipient u\u0219or pentru alimente mici, cu blaturi perforate pentru a l\u0103sa doar pu\u021bin\u0103 m\u00e2ncare s\u0103 treac\u0103 \u0219i o caracteristic\u0103 juc\u0103u\u0219\u0103. Hran\u0103 alimentar\u0103 din tritan \u0219i silicon &#8211; pachet de 2:<\/span><\/p>\n<p class=\"MsoNormal\" style=\"margin: 0cm 0cm 0.0001pt;\"><span lang=\"RO\">\u00a0<\/span><\/p>\n<p class=\"MsoNormal\" style=\"margin: 0cm 0cm 0.0001pt;\"><span lang=\"RO\">&#8211; Accesoriu perfect pentru introducerea alimentelor solide <\/span><\/p>\n<p class=\"MsoNormal\" style=\"margin: 0cm 0cm 0.0001pt;\"><span lang=\"RO\">&#8211; Un recipient u\u0219or pentru alimente mici <\/span><\/p>\n<p class=\"MsoNormal\" style=\"margin: 0cm 0cm 0.0001pt;\"><span lang=\"RO\">&#8211; Cu blaturi de hr\u0103nire perforate \u00een 2 m\u0103rimi <\/span><\/p>\n<p class=\"MsoNormal\" style=\"margin: 0cm 0cm 0.0001pt;\"><span lang=\"RO\">&#8211; Cu o func\u021bie juc\u0103u\u0219\u0103 de denti\u021bie <\/span><\/p>\n<p class=\"MsoNormal\" style=\"margin: 0cm 0cm 0.0001pt;\"><span lang=\"RO\">&#8211; Se poate sp\u0103la \u00een ma\u0219ina de sp\u0103lat vase <\/span><\/p>\n<p class=\"MsoNormal\" style=\"margin: 0cm 0cm 0.0001pt;\"><span lang=\"RO\">&#8211; Dimensiuni: Diametru (cm) 5, Inaltime (cm) 10<\/span><\/p>\n<p class=\"MsoNormal\" style=\"margin: 0cm 0cm 0.0001pt;\"><span lang=\"RO\">\u00a0<\/span><\/p>\n<p class=\"MsoNormal\" style=\"margin: 0cm 0cm 0.0001pt;\"><span lang=\"RO\">Brand: Liewood<\/span><\/p>\n","protected":false},"excerpt":{"rendered":"<p>\u00cen timp ce toate \u00eenceputurile pot fi dificile, lumea alimentelor solide desf\u0103\u0219oar\u0103 o aventur\u0103 plin\u0103 de gust. Hr\u0103nitorul Miranda este accesoriul perfect pentru a introduce alimente solide celor mai tineri. Un recipient u\u0219or pentru alimente mici, cu blaturi perforate pentru a l\u0103sa doar pu\u021bin\u0103 m\u00e2ncare s\u0103 treac\u0103 \u0219i o caracteristic\u0103 juc\u0103u\u0219\u0103. Hran\u0103 alimentar\u0103 din tritan [&hellip;]<\/p>\n","protected":false},"featured_media":7460,"comment_status":"open","ping_status":"closed","template":"","meta":{"site-sidebar-layout":"default","site-content-layout":"","ast-site-content-layout":"default","site-content-style":"default","site-sidebar-style":"default","ast-global-header-display":"","ast-banner-title-visibility":"","ast-main-header-display":"","ast-hfb-above-header-display":"","ast-hfb-below-header-display":"","ast-hfb-mobile-header-display":"","site-post-title":"","ast-breadcrumbs-content":"","ast-featured-img":"","footer-sml-layout":"","theme-transparent-header-meta":"default","adv-header-id-meta":"","stick-header-meta":"default","header-above-stick-meta":"","header-main-stick-meta":"","header-below-stick-meta":"","astra-migrate-meta-layouts":"set","ast-page-background-enabled":"default","ast-page-background-meta":{"desktop":{"background-color":"","background-image":"","background-repeat":"repeat","background-position":"center center","background-size":"auto","background-attachment":"scroll","background-type":"","background-media":"","overlay-type":"","overlay-color":"","overlay-opacity":"","overlay-gradient":""},"tablet":{"background-color":"","background-image":"","background-repeat":"repeat","background-position":"center center","background-size":"auto","background-attachment":"scroll","background-type":"","background-media":"","overlay-type":"","overlay-color":"","overlay-opacity":"","overlay-gradient":""},"mobile":{"background-color":"","background-image":"","background-repeat":"repeat","background-position":"center center","background-size":"auto","background-attachment":"scroll","background-type":"","background-media":"","overlay-type":"","overlay-color":"","overlay-opacity":"","overlay-gradient":""}},"ast-content-background-meta":{"desktop":{"background-color":"var(--ast-global-color-5)","background-image":"","background-repeat":"repeat","background-position":"center center","background-size":"auto","background-attachment":"scroll","background-type":"","background-media":"","overlay-type":"","overlay-color":"","overlay-opacity":"","overlay-gradient":""},"tablet":{"background-color":"var(--ast-global-color-5)","background-image":"","background-repeat":"repeat","background-position":"center center","background-size":"auto","background-attachment":"scroll","background-type":"","background-media":"","overlay-type":"","overlay-color":"","overlay-opacity":"","overlay-gradient":""},"mobile":{"background-color":"var(--ast-global-color-5)","background-image":"","background-repeat":"repeat","background-position":"center center","background-size":"auto","background-attachment":"scroll","background-type":"","background-media":"","overlay-type":"","overlay-color":"","overlay-opacity":"","overlay-gradient":""}}},"product_brand":[],"product_cat":[65,83,86,132],"product_tag":[],"class_list":{"0":"post-7466","1":"product","2":"type-product","3":"status-publish","4":"has-post-thumbnail","6":"product_cat-noutati-minunate-pentru-puiul-tau","7":"product_cat-seturi-de-masa-moderne","8":"product_cat-ingrijire-pentru-puiul-tau-mic","9":"product_cat-reduceri-pentru-tine","10":"desktop-align-left","11":"tablet-align-left","12":"mobile-align-left","13":"ast-product-gallery-layout-horizontal-slider","14":"ast-product-tabs-layout-vertical","15":"ast-qv-on-image","17":"first","18":"instock","19":"sale","20":"shipping-taxable","21":"purchasable","22":"product-type-simple"},"yoast_head":"<!-- This site is optimized with the Yoast SEO plugin v22.6 - https:\/\/yoast.com\/wordpress\/plugins\/seo\/ -->\n<title>Miranda Food Feeder - set de 2 - Tuscany Rose\/ Apple Blossom<\/title>\n<meta name=\"robots\" content=\"index, follow, max-snippet:-1, max-image-preview:large, max-video-preview:-1\" \/>\n<link rel=\"canonical\" href=\"https:\/\/bunnyboo.ro\/produs\/food-feeder-tuscany\/\" \/>\n<meta property=\"og:locale\" content=\"en_US\" \/>\n<meta property=\"og:type\" content=\"article\" \/>\n<meta property=\"og:title\" content=\"Miranda Food Feeder - set de 2 - Tuscany Rose\/ Apple Blossom\" \/>\n<meta property=\"og:description\" content=\"\u00cen timp ce toate \u00eenceputurile pot fi dificile, lumea alimentelor solide desf\u0103\u0219oar\u0103 o aventur\u0103 plin\u0103 de gust. Hr\u0103nitorul Miranda este accesoriul perfect pentru a introduce alimente solide celor mai tineri. Un recipient u\u0219or pentru alimente mici, cu blaturi perforate pentru a l\u0103sa doar pu\u021bin\u0103 m\u00e2ncare s\u0103 treac\u0103 \u0219i o caracteristic\u0103 juc\u0103u\u0219\u0103. Hran\u0103 alimentar\u0103 din tritan [&hellip;]\" \/>\n<meta property=\"og:url\" content=\"https:\/\/bunnyboo.ro\/produs\/food-feeder-tuscany\/\" \/>\n<meta property=\"og:site_name\" content=\"Bunny Boo\" \/>\n<meta property=\"article:modified_time\" content=\"2026-03-06T03:50:10+00:00\" \/>\n<meta property=\"og:image\" content=\"https:\/\/bunnyboo.ro\/wp-content\/uploads\/2024\/01\/Miranda-food-feeder-2-pack_LW17918_1037_Tuscany-rose-Apple-blossom_1-1024x983.png\" \/>\n\t<meta property=\"og:image:width\" content=\"1024\" \/>\n\t<meta property=\"og:image:height\" content=\"983\" \/>\n\t<meta property=\"og:image:type\" content=\"image\/png\" \/>\n<meta name=\"twitter:card\" content=\"summary_large_image\" \/>\n<meta name=\"twitter:label1\" content=\"Est. reading time\" \/>\n\t<meta name=\"twitter:data1\" content=\"1 minute\" \/>\n<script type=\"application\/ld+json\" class=\"yoast-schema-graph\">{\"@context\":\"https:\/\/schema.org\",\"@graph\":[{\"@type\":\"WebPage\",\"@id\":\"https:\/\/bunnyboo.ro\/produs\/food-feeder-tuscany\/\",\"url\":\"https:\/\/bunnyboo.ro\/produs\/food-feeder-tuscany\/\",\"name\":\"Miranda Food Feeder - set de 2 - Tuscany Rose\/ Apple Blossom\",\"isPartOf\":{\"@id\":\"https:\/\/bunnyboo.ro\/#website\"},\"primaryImageOfPage\":{\"@id\":\"https:\/\/bunnyboo.ro\/produs\/food-feeder-tuscany\/#primaryimage\"},\"image\":{\"@id\":\"https:\/\/bunnyboo.ro\/produs\/food-feeder-tuscany\/#primaryimage\"},\"thumbnailUrl\":\"https:\/\/bunnyboo.ro\/wp-content\/uploads\/2024\/01\/Miranda-food-feeder-2-pack_LW17918_1037_Tuscany-rose-Apple-blossom_1-scaled.png\",\"datePublished\":\"2024-01-16T18:44:19+00:00\",\"dateModified\":\"2026-03-06T03:50:10+00:00\",\"breadcrumb\":{\"@id\":\"https:\/\/bunnyboo.ro\/produs\/food-feeder-tuscany\/#breadcrumb\"},\"inLanguage\":\"en-US\",\"potentialAction\":[{\"@type\":\"ReadAction\",\"target\":[\"https:\/\/bunnyboo.ro\/produs\/food-feeder-tuscany\/\"]}]},{\"@type\":\"ImageObject\",\"inLanguage\":\"en-US\",\"@id\":\"https:\/\/bunnyboo.ro\/produs\/food-feeder-tuscany\/#primaryimage\",\"url\":\"https:\/\/bunnyboo.ro\/wp-content\/uploads\/2024\/01\/Miranda-food-feeder-2-pack_LW17918_1037_Tuscany-rose-Apple-blossom_1-scaled.png\",\"contentUrl\":\"https:\/\/bunnyboo.ro\/wp-content\/uploads\/2024\/01\/Miranda-food-feeder-2-pack_LW17918_1037_Tuscany-rose-Apple-blossom_1-scaled.png\",\"width\":2560,\"height\":2459,\"caption\":\"Miranda food feeder 2-pack_LW17918_1037_Tuscany rose - Apple blossom_1\"},{\"@type\":\"BreadcrumbList\",\"@id\":\"https:\/\/bunnyboo.ro\/produs\/food-feeder-tuscany\/#breadcrumb\",\"itemListElement\":[{\"@type\":\"ListItem\",\"position\":1,\"name\":\"Home\",\"item\":\"https:\/\/bunnyboo.ro\/en\/\"},{\"@type\":\"ListItem\",\"position\":2,\"name\":\"New\",\"item\":\"https:\/\/bunnyboo.ro\/en\/shop\/\"},{\"@type\":\"ListItem\",\"position\":3,\"name\":\"Miranda Food Feeder &#8211; set de 2 &#8211; Tuscany Rose\/ Apple Blossom\"}]},{\"@type\":\"WebSite\",\"@id\":\"https:\/\/bunnyboo.ro\/#website\",\"url\":\"https:\/\/bunnyboo.ro\/\",\"name\":\"Bunny Boo\",\"description\":\"Bunny Boo\",\"publisher\":{\"@id\":\"https:\/\/bunnyboo.ro\/#organization\"},\"potentialAction\":[{\"@type\":\"SearchAction\",\"target\":{\"@type\":\"EntryPoint\",\"urlTemplate\":\"https:\/\/bunnyboo.ro\/?s={search_term_string}\"},\"query-input\":\"required name=search_term_string\"}],\"inLanguage\":\"en-US\"},{\"@type\":\"Organization\",\"@id\":\"https:\/\/bunnyboo.ro\/#organization\",\"name\":\"Bunny Boo\",\"url\":\"https:\/\/bunnyboo.ro\/\",\"logo\":{\"@type\":\"ImageObject\",\"inLanguage\":\"en-US\",\"@id\":\"https:\/\/bunnyboo.ro\/#\/schema\/logo\/image\/\",\"url\":\"https:\/\/bunnyboo.ro\/wp-content\/uploads\/2024\/03\/Logo-website-black.png\",\"contentUrl\":\"https:\/\/bunnyboo.ro\/wp-content\/uploads\/2024\/03\/Logo-website-black.png\",\"width\":2422,\"height\":946,\"caption\":\"Bunny Boo\"},\"image\":{\"@id\":\"https:\/\/bunnyboo.ro\/#\/schema\/logo\/image\/\"}}]}<\/script>\n<!-- \/ Yoast SEO plugin. -->","yoast_head_json":{"title":"Miranda Food Feeder - set de 2 - Tuscany Rose\/ Apple Blossom","robots":{"index":"index","follow":"follow","max-snippet":"max-snippet:-1","max-image-preview":"max-image-preview:large","max-video-preview":"max-video-preview:-1"},"canonical":"https:\/\/bunnyboo.ro\/produs\/food-feeder-tuscany\/","og_locale":"en_US","og_type":"article","og_title":"Miranda Food Feeder - set de 2 - Tuscany Rose\/ Apple Blossom","og_description":"\u00cen timp ce toate \u00eenceputurile pot fi dificile, lumea alimentelor solide desf\u0103\u0219oar\u0103 o aventur\u0103 plin\u0103 de gust. Hr\u0103nitorul Miranda este accesoriul perfect pentru a introduce alimente solide celor mai tineri. Un recipient u\u0219or pentru alimente mici, cu blaturi perforate pentru a l\u0103sa doar pu\u021bin\u0103 m\u00e2ncare s\u0103 treac\u0103 \u0219i o caracteristic\u0103 juc\u0103u\u0219\u0103. Hran\u0103 alimentar\u0103 din tritan [&hellip;]","og_url":"https:\/\/bunnyboo.ro\/produs\/food-feeder-tuscany\/","og_site_name":"Bunny Boo","article_modified_time":"2026-03-06T03:50:10+00:00","og_image":[{"width":1024,"height":983,"url":"https:\/\/bunnyboo.ro\/wp-content\/uploads\/2024\/01\/Miranda-food-feeder-2-pack_LW17918_1037_Tuscany-rose-Apple-blossom_1-1024x983.png","type":"image\/png"}],"twitter_card":"summary_large_image","twitter_misc":{"Est. reading time":"1 minute"},"schema":{"@context":"https:\/\/schema.org","@graph":[{"@type":"WebPage","@id":"https:\/\/bunnyboo.ro\/produs\/food-feeder-tuscany\/","url":"https:\/\/bunnyboo.ro\/produs\/food-feeder-tuscany\/","name":"Miranda Food Feeder - set de 2 - Tuscany Rose\/ Apple Blossom","isPartOf":{"@id":"https:\/\/bunnyboo.ro\/#website"},"primaryImageOfPage":{"@id":"https:\/\/bunnyboo.ro\/produs\/food-feeder-tuscany\/#primaryimage"},"image":{"@id":"https:\/\/bunnyboo.ro\/produs\/food-feeder-tuscany\/#primaryimage"},"thumbnailUrl":"https:\/\/bunnyboo.ro\/wp-content\/uploads\/2024\/01\/Miranda-food-feeder-2-pack_LW17918_1037_Tuscany-rose-Apple-blossom_1-scaled.png","datePublished":"2024-01-16T18:44:19+00:00","dateModified":"2026-03-06T03:50:10+00:00","breadcrumb":{"@id":"https:\/\/bunnyboo.ro\/produs\/food-feeder-tuscany\/#breadcrumb"},"inLanguage":"en-US","potentialAction":[{"@type":"ReadAction","target":["https:\/\/bunnyboo.ro\/produs\/food-feeder-tuscany\/"]}]},{"@type":"ImageObject","inLanguage":"en-US","@id":"https:\/\/bunnyboo.ro\/produs\/food-feeder-tuscany\/#primaryimage","url":"https:\/\/bunnyboo.ro\/wp-content\/uploads\/2024\/01\/Miranda-food-feeder-2-pack_LW17918_1037_Tuscany-rose-Apple-blossom_1-scaled.png","contentUrl":"https:\/\/bunnyboo.ro\/wp-content\/uploads\/2024\/01\/Miranda-food-feeder-2-pack_LW17918_1037_Tuscany-rose-Apple-blossom_1-scaled.png","width":2560,"height":2459,"caption":"Miranda food feeder 2-pack_LW17918_1037_Tuscany rose - Apple blossom_1"},{"@type":"BreadcrumbList","@id":"https:\/\/bunnyboo.ro\/produs\/food-feeder-tuscany\/#breadcrumb","itemListElement":[{"@type":"ListItem","position":1,"name":"Home","item":"https:\/\/bunnyboo.ro\/en\/"},{"@type":"ListItem","position":2,"name":"New","item":"https:\/\/bunnyboo.ro\/en\/shop\/"},{"@type":"ListItem","position":3,"name":"Miranda Food Feeder &#8211; set de 2 &#8211; Tuscany Rose\/ Apple Blossom"}]},{"@type":"WebSite","@id":"https:\/\/bunnyboo.ro\/#website","url":"https:\/\/bunnyboo.ro\/","name":"Bunny Boo","description":"Bunny Boo","publisher":{"@id":"https:\/\/bunnyboo.ro\/#organization"},"potentialAction":[{"@type":"SearchAction","target":{"@type":"EntryPoint","urlTemplate":"https:\/\/bunnyboo.ro\/?s={search_term_string}"},"query-input":"required name=search_term_string"}],"inLanguage":"en-US"},{"@type":"Organization","@id":"https:\/\/bunnyboo.ro\/#organization","name":"Bunny Boo","url":"https:\/\/bunnyboo.ro\/","logo":{"@type":"ImageObject","inLanguage":"en-US","@id":"https:\/\/bunnyboo.ro\/#\/schema\/logo\/image\/","url":"https:\/\/bunnyboo.ro\/wp-content\/uploads\/2024\/03\/Logo-website-black.png","contentUrl":"https:\/\/bunnyboo.ro\/wp-content\/uploads\/2024\/03\/Logo-website-black.png","width":2422,"height":946,"caption":"Bunny Boo"},"image":{"@id":"https:\/\/bunnyboo.ro\/#\/schema\/logo\/image\/"}}]}},"_links":{"self":[{"href":"https:\/\/bunnyboo.ro\/en\/wp-json\/wp\/v2\/product\/7466","targetHints":{"allow":["GET"]}}],"collection":[{"href":"https:\/\/bunnyboo.ro\/en\/wp-json\/wp\/v2\/product"}],"about":[{"href":"https:\/\/bunnyboo.ro\/en\/wp-json\/wp\/v2\/types\/product"}],"replies":[{"embeddable":true,"href":"https:\/\/bunnyboo.ro\/en\/wp-json\/wp\/v2\/comments?post=7466"}],"wp:featuredmedia":[{"embeddable":true,"href":"https:\/\/bunnyboo.ro\/en\/wp-json\/wp\/v2\/media\/7460"}],"wp:attachment":[{"href":"https:\/\/bunnyboo.ro\/en\/wp-json\/wp\/v2\/media?parent=7466"}],"wp:term":[{"taxonomy":"product_brand","embeddable":true,"href":"https:\/\/bunnyboo.ro\/en\/wp-json\/wp\/v2\/product_brand?post=7466"},{"taxonomy":"product_cat","embeddable":true,"href":"https:\/\/bunnyboo.ro\/en\/wp-json\/wp\/v2\/product_cat?post=7466"},{"taxonomy":"product_tag","embeddable":true,"href":"https:\/\/bunnyboo.ro\/en\/wp-json\/wp\/v2\/product_tag?post=7466"}],"curies":[{"name":"wp","href":"https:\/\/api.w.org\/{rel}","templated":true}]}}