{"id":7417,"date":"2023-12-07T16:07:38","date_gmt":"2023-12-07T16:07:38","guid":{"rendered":"https:\/\/bunnyboo.ro\/product\/ursuletul-lou-brown-heartbeat-comforter-flow-amsterdam\/"},"modified":"2026-03-26T12:11:42","modified_gmt":"2026-03-26T10:11:42","slug":"ursuletul-lou-brown-heartbeat-comforter-flow-amsterdam","status":"publish","type":"product","link":"https:\/\/bunnyboo.ro\/en\/produs\/ursuletul-lou-brown-heartbeat-comforter-flow-amsterdam\/","title":{"rendered":"Ursuletul Lou (brown) &#8211; Heartbeat Comforter &#8211; Flow Amsterdam"},"content":{"rendered":"<p class=\"MsoNormal\" style=\"margin: 0cm 0cm 0.0001pt;\"><span lang=\"RO\">Ajuta\u021bi-v\u0103 bebelu\u0219ul s\u0103 adoarm\u0103 lini\u015ftit cu ursuletul Lou care imita b\u0103t\u0103ile inimii \u0219i c\u00e2nt\u0103 melodii lini\u0219titoare. Alege\u021bi dintre sunetele albe, b\u0103t\u0103i ale inimii sau 2 c\u00e2ntece de leag\u0103n diferite. Seta\u021bi ora preferat\u0103 pentru ca sunetele s\u0103 se opreasc\u0103. Senzorul de plans va activa modulul de sunet si va \u00eencepe automat redarea la sunetul pl\u00e2nsului bebelusului. Ace\u0219ti prieteni dr\u0103g\u0103la\u0219i \u00eel vor ajuta pe micutul t\u0103u s\u0103 se simt\u0103 \u00een largul t\u0103u \u0219i s\u0103 adoarm\u0103 lini\u0219tit.\u00a0 <\/span><\/p>\n<p class=\"MsoNormal\" style=\"margin: 0cm 0cm 0.0001pt;\"><span lang=\"RO\">\u00a0<\/span><\/p>\n<p class=\"MsoNormal\" style=\"margin: 0cm 0cm 0.0001pt;\"><span lang=\"RO\">Material juc\u0103rie: 100% poliester <\/span><\/p>\n<p class=\"MsoNormal\" style=\"margin: 0cm 0cm 0.0001pt;\"><span lang=\"RO\">Material cutie muzicala: ABS <\/span><\/p>\n<p class=\"MsoNormal\" style=\"margin: 0cm 0cm 0.0001pt;\"><span lang=\"RO\">Dimensiuni: 15 x 16 x 29 cm <\/span><\/p>\n<p class=\"MsoNormal\" style=\"margin: 0cm 0cm 0.0001pt;\"><span lang=\"RO\">Greutate: 160 gr <\/span><\/p>\n<p class=\"MsoNormal\" style=\"margin: 0cm 0cm 0.0001pt;\"><span lang=\"RO\">Cronometru: cronometru de 15, 30 sau 60 de minute <\/span><\/p>\n<p class=\"MsoNormal\" style=\"margin: 0cm 0cm 0.0001pt;\"><span lang=\"RO\">Putere: 2 baterii AA (nu sunt incluse)<\/span><\/p>\n<p class=\"MsoNormal\" style=\"margin: 0cm 0cm 0.0001pt;\"><span lang=\"RO\">Brand: Flow Amsterdam<\/span><\/p>\n","protected":false},"excerpt":{"rendered":"<p>Ajuta\u021bi-v\u0103 bebelu\u0219ul s\u0103 adoarm\u0103 lini\u015ftit cu ursuletul Lou care imita b\u0103t\u0103ile inimii \u0219i c\u00e2nt\u0103 melodii lini\u0219titoare. Alege\u021bi dintre sunetele albe, b\u0103t\u0103i ale inimii sau 2 c\u00e2ntece de leag\u0103n diferite. Seta\u021bi ora preferat\u0103 pentru ca sunetele s\u0103 se opreasc\u0103. Senzorul de plans va activa modulul de sunet si va \u00eencepe automat redarea la sunetul pl\u00e2nsului bebelusului. [&hellip;]<\/p>\n","protected":false},"featured_media":7412,"comment_status":"open","ping_status":"closed","template":"","meta":{"site-sidebar-layout":"default","site-content-layout":"","ast-site-content-layout":"default","site-content-style":"default","site-sidebar-style":"default","ast-global-header-display":"","ast-banner-title-visibility":"","ast-main-header-display":"","ast-hfb-above-header-display":"","ast-hfb-below-header-display":"","ast-hfb-mobile-header-display":"","site-post-title":"","ast-breadcrumbs-content":"","ast-featured-img":"","footer-sml-layout":"","theme-transparent-header-meta":"default","adv-header-id-meta":"","stick-header-meta":"default","header-above-stick-meta":"","header-main-stick-meta":"","header-below-stick-meta":"","astra-migrate-meta-layouts":"set","ast-page-background-enabled":"default","ast-page-background-meta":{"desktop":{"background-color":"","background-image":"","background-repeat":"repeat","background-position":"center center","background-size":"auto","background-attachment":"scroll","background-type":"","background-media":"","overlay-type":"","overlay-color":"","overlay-opacity":"","overlay-gradient":""},"tablet":{"background-color":"","background-image":"","background-repeat":"repeat","background-position":"center center","background-size":"auto","background-attachment":"scroll","background-type":"","background-media":"","overlay-type":"","overlay-color":"","overlay-opacity":"","overlay-gradient":""},"mobile":{"background-color":"","background-image":"","background-repeat":"repeat","background-position":"center center","background-size":"auto","background-attachment":"scroll","background-type":"","background-media":"","overlay-type":"","overlay-color":"","overlay-opacity":"","overlay-gradient":""}},"ast-content-background-meta":{"desktop":{"background-color":"var(--ast-global-color-5)","background-image":"","background-repeat":"repeat","background-position":"center center","background-size":"auto","background-attachment":"scroll","background-type":"","background-media":"","overlay-type":"","overlay-color":"","overlay-opacity":"","overlay-gradient":""},"tablet":{"background-color":"var(--ast-global-color-5)","background-image":"","background-repeat":"repeat","background-position":"center center","background-size":"auto","background-attachment":"scroll","background-type":"","background-media":"","overlay-type":"","overlay-color":"","overlay-opacity":"","overlay-gradient":""},"mobile":{"background-color":"var(--ast-global-color-5)","background-image":"","background-repeat":"repeat","background-position":"center center","background-size":"auto","background-attachment":"scroll","background-type":"","background-media":"","overlay-type":"","overlay-color":"","overlay-opacity":"","overlay-gradient":""}}},"product_brand":[],"product_cat":[51,65,132],"product_tag":[],"class_list":{"0":"post-7417","1":"product","2":"type-product","3":"status-publish","4":"has-post-thumbnail","6":"product_cat-jucarii-pentru-puiul-tau-mic","7":"product_cat-noutati-minunate-pentru-puiul-tau","8":"product_cat-reduceri-pentru-tine","9":"desktop-align-left","10":"tablet-align-left","11":"mobile-align-left","12":"ast-product-gallery-layout-horizontal-slider","13":"ast-product-tabs-layout-vertical","14":"ast-qv-on-image","16":"first","17":"instock","18":"sale","19":"shipping-taxable","20":"purchasable","21":"product-type-simple"},"yoast_head":"<!-- This site is optimized with the Yoast SEO plugin v22.6 - https:\/\/yoast.com\/wordpress\/plugins\/seo\/ -->\n<title>Ursuletul Lou (brown) - Heartbeat Comforter - Flow Amsterdam<\/title>\n<meta name=\"robots\" content=\"index, follow, max-snippet:-1, max-image-preview:large, max-video-preview:-1\" \/>\n<link rel=\"canonical\" href=\"https:\/\/bunnyboo.ro\/produs\/ursuletul-lou-brown-heartbeat-comforter-flow-amsterdam\/\" \/>\n<meta property=\"og:locale\" content=\"en_US\" \/>\n<meta property=\"og:type\" content=\"article\" \/>\n<meta property=\"og:title\" content=\"Ursuletul Lou (brown) - Heartbeat Comforter - Flow Amsterdam\" \/>\n<meta property=\"og:description\" content=\"Ajuta\u021bi-v\u0103 bebelu\u0219ul s\u0103 adoarm\u0103 lini\u015ftit cu ursuletul Lou care imita b\u0103t\u0103ile inimii \u0219i c\u00e2nt\u0103 melodii lini\u0219titoare. Alege\u021bi dintre sunetele albe, b\u0103t\u0103i ale inimii sau 2 c\u00e2ntece de leag\u0103n diferite. Seta\u021bi ora preferat\u0103 pentru ca sunetele s\u0103 se opreasc\u0103. Senzorul de plans va activa modulul de sunet si va \u00eencepe automat redarea la sunetul pl\u00e2nsului bebelusului. [&hellip;]\" \/>\n<meta property=\"og:url\" content=\"https:\/\/bunnyboo.ro\/produs\/ursuletul-lou-brown-heartbeat-comforter-flow-amsterdam\/\" \/>\n<meta property=\"og:site_name\" content=\"Bunny Boo\" \/>\n<meta property=\"article:modified_time\" content=\"2026-03-26T10:11:42+00:00\" \/>\n<meta property=\"og:image\" content=\"https:\/\/bunnyboo.ro\/wp-content\/uploads\/2023\/12\/4D01FAC4-D5E6-44EE-A0E5-41B428FA1375.jpeg\" \/>\n\t<meta property=\"og:image:width\" content=\"1600\" \/>\n\t<meta property=\"og:image:height\" content=\"1600\" \/>\n\t<meta property=\"og:image:type\" content=\"image\/jpeg\" \/>\n<meta name=\"twitter:card\" content=\"summary_large_image\" \/>\n<meta name=\"twitter:label1\" content=\"Est. reading time\" \/>\n\t<meta name=\"twitter:data1\" content=\"1 minute\" \/>\n<script type=\"application\/ld+json\" class=\"yoast-schema-graph\">{\"@context\":\"https:\/\/schema.org\",\"@graph\":[{\"@type\":\"WebPage\",\"@id\":\"https:\/\/bunnyboo.ro\/produs\/ursuletul-lou-brown-heartbeat-comforter-flow-amsterdam\/\",\"url\":\"https:\/\/bunnyboo.ro\/produs\/ursuletul-lou-brown-heartbeat-comforter-flow-amsterdam\/\",\"name\":\"Ursuletul Lou (brown) - Heartbeat Comforter - Flow Amsterdam\",\"isPartOf\":{\"@id\":\"https:\/\/bunnyboo.ro\/#website\"},\"primaryImageOfPage\":{\"@id\":\"https:\/\/bunnyboo.ro\/produs\/ursuletul-lou-brown-heartbeat-comforter-flow-amsterdam\/#primaryimage\"},\"image\":{\"@id\":\"https:\/\/bunnyboo.ro\/produs\/ursuletul-lou-brown-heartbeat-comforter-flow-amsterdam\/#primaryimage\"},\"thumbnailUrl\":\"https:\/\/bunnyboo.ro\/wp-content\/uploads\/2023\/12\/4D01FAC4-D5E6-44EE-A0E5-41B428FA1375.jpeg\",\"datePublished\":\"2023-12-07T16:07:38+00:00\",\"dateModified\":\"2026-03-26T10:11:42+00:00\",\"breadcrumb\":{\"@id\":\"https:\/\/bunnyboo.ro\/produs\/ursuletul-lou-brown-heartbeat-comforter-flow-amsterdam\/#breadcrumb\"},\"inLanguage\":\"en-US\",\"potentialAction\":[{\"@type\":\"ReadAction\",\"target\":[\"https:\/\/bunnyboo.ro\/produs\/ursuletul-lou-brown-heartbeat-comforter-flow-amsterdam\/\"]}]},{\"@type\":\"ImageObject\",\"inLanguage\":\"en-US\",\"@id\":\"https:\/\/bunnyboo.ro\/produs\/ursuletul-lou-brown-heartbeat-comforter-flow-amsterdam\/#primaryimage\",\"url\":\"https:\/\/bunnyboo.ro\/wp-content\/uploads\/2023\/12\/4D01FAC4-D5E6-44EE-A0E5-41B428FA1375.jpeg\",\"contentUrl\":\"https:\/\/bunnyboo.ro\/wp-content\/uploads\/2023\/12\/4D01FAC4-D5E6-44EE-A0E5-41B428FA1375.jpeg\",\"width\":1600,\"height\":1600,\"caption\":\"4D01FAC4-D5E6-44EE-A0E5-41B428FA1375\"},{\"@type\":\"BreadcrumbList\",\"@id\":\"https:\/\/bunnyboo.ro\/produs\/ursuletul-lou-brown-heartbeat-comforter-flow-amsterdam\/#breadcrumb\",\"itemListElement\":[{\"@type\":\"ListItem\",\"position\":1,\"name\":\"Home\",\"item\":\"https:\/\/bunnyboo.ro\/en\/\"},{\"@type\":\"ListItem\",\"position\":2,\"name\":\"New\",\"item\":\"https:\/\/bunnyboo.ro\/en\/shop\/\"},{\"@type\":\"ListItem\",\"position\":3,\"name\":\"Ursuletul Lou (brown) &#8211; Heartbeat Comforter &#8211; Flow Amsterdam\"}]},{\"@type\":\"WebSite\",\"@id\":\"https:\/\/bunnyboo.ro\/#website\",\"url\":\"https:\/\/bunnyboo.ro\/\",\"name\":\"Bunny Boo\",\"description\":\"Bunny Boo\",\"publisher\":{\"@id\":\"https:\/\/bunnyboo.ro\/#organization\"},\"potentialAction\":[{\"@type\":\"SearchAction\",\"target\":{\"@type\":\"EntryPoint\",\"urlTemplate\":\"https:\/\/bunnyboo.ro\/?s={search_term_string}\"},\"query-input\":\"required name=search_term_string\"}],\"inLanguage\":\"en-US\"},{\"@type\":\"Organization\",\"@id\":\"https:\/\/bunnyboo.ro\/#organization\",\"name\":\"Bunny Boo\",\"url\":\"https:\/\/bunnyboo.ro\/\",\"logo\":{\"@type\":\"ImageObject\",\"inLanguage\":\"en-US\",\"@id\":\"https:\/\/bunnyboo.ro\/#\/schema\/logo\/image\/\",\"url\":\"https:\/\/bunnyboo.ro\/wp-content\/uploads\/2024\/03\/Logo-website-black.png\",\"contentUrl\":\"https:\/\/bunnyboo.ro\/wp-content\/uploads\/2024\/03\/Logo-website-black.png\",\"width\":2422,\"height\":946,\"caption\":\"Bunny Boo\"},\"image\":{\"@id\":\"https:\/\/bunnyboo.ro\/#\/schema\/logo\/image\/\"}}]}<\/script>\n<!-- \/ Yoast SEO plugin. -->","yoast_head_json":{"title":"Ursuletul Lou (brown) - Heartbeat Comforter - Flow Amsterdam","robots":{"index":"index","follow":"follow","max-snippet":"max-snippet:-1","max-image-preview":"max-image-preview:large","max-video-preview":"max-video-preview:-1"},"canonical":"https:\/\/bunnyboo.ro\/produs\/ursuletul-lou-brown-heartbeat-comforter-flow-amsterdam\/","og_locale":"en_US","og_type":"article","og_title":"Ursuletul Lou (brown) - Heartbeat Comforter - Flow Amsterdam","og_description":"Ajuta\u021bi-v\u0103 bebelu\u0219ul s\u0103 adoarm\u0103 lini\u015ftit cu ursuletul Lou care imita b\u0103t\u0103ile inimii \u0219i c\u00e2nt\u0103 melodii lini\u0219titoare. Alege\u021bi dintre sunetele albe, b\u0103t\u0103i ale inimii sau 2 c\u00e2ntece de leag\u0103n diferite. Seta\u021bi ora preferat\u0103 pentru ca sunetele s\u0103 se opreasc\u0103. Senzorul de plans va activa modulul de sunet si va \u00eencepe automat redarea la sunetul pl\u00e2nsului bebelusului. [&hellip;]","og_url":"https:\/\/bunnyboo.ro\/produs\/ursuletul-lou-brown-heartbeat-comforter-flow-amsterdam\/","og_site_name":"Bunny Boo","article_modified_time":"2026-03-26T10:11:42+00:00","og_image":[{"width":1600,"height":1600,"url":"https:\/\/bunnyboo.ro\/wp-content\/uploads\/2023\/12\/4D01FAC4-D5E6-44EE-A0E5-41B428FA1375.jpeg","type":"image\/jpeg"}],"twitter_card":"summary_large_image","twitter_misc":{"Est. reading time":"1 minute"},"schema":{"@context":"https:\/\/schema.org","@graph":[{"@type":"WebPage","@id":"https:\/\/bunnyboo.ro\/produs\/ursuletul-lou-brown-heartbeat-comforter-flow-amsterdam\/","url":"https:\/\/bunnyboo.ro\/produs\/ursuletul-lou-brown-heartbeat-comforter-flow-amsterdam\/","name":"Ursuletul Lou (brown) - Heartbeat Comforter - Flow Amsterdam","isPartOf":{"@id":"https:\/\/bunnyboo.ro\/#website"},"primaryImageOfPage":{"@id":"https:\/\/bunnyboo.ro\/produs\/ursuletul-lou-brown-heartbeat-comforter-flow-amsterdam\/#primaryimage"},"image":{"@id":"https:\/\/bunnyboo.ro\/produs\/ursuletul-lou-brown-heartbeat-comforter-flow-amsterdam\/#primaryimage"},"thumbnailUrl":"https:\/\/bunnyboo.ro\/wp-content\/uploads\/2023\/12\/4D01FAC4-D5E6-44EE-A0E5-41B428FA1375.jpeg","datePublished":"2023-12-07T16:07:38+00:00","dateModified":"2026-03-26T10:11:42+00:00","breadcrumb":{"@id":"https:\/\/bunnyboo.ro\/produs\/ursuletul-lou-brown-heartbeat-comforter-flow-amsterdam\/#breadcrumb"},"inLanguage":"en-US","potentialAction":[{"@type":"ReadAction","target":["https:\/\/bunnyboo.ro\/produs\/ursuletul-lou-brown-heartbeat-comforter-flow-amsterdam\/"]}]},{"@type":"ImageObject","inLanguage":"en-US","@id":"https:\/\/bunnyboo.ro\/produs\/ursuletul-lou-brown-heartbeat-comforter-flow-amsterdam\/#primaryimage","url":"https:\/\/bunnyboo.ro\/wp-content\/uploads\/2023\/12\/4D01FAC4-D5E6-44EE-A0E5-41B428FA1375.jpeg","contentUrl":"https:\/\/bunnyboo.ro\/wp-content\/uploads\/2023\/12\/4D01FAC4-D5E6-44EE-A0E5-41B428FA1375.jpeg","width":1600,"height":1600,"caption":"4D01FAC4-D5E6-44EE-A0E5-41B428FA1375"},{"@type":"BreadcrumbList","@id":"https:\/\/bunnyboo.ro\/produs\/ursuletul-lou-brown-heartbeat-comforter-flow-amsterdam\/#breadcrumb","itemListElement":[{"@type":"ListItem","position":1,"name":"Home","item":"https:\/\/bunnyboo.ro\/en\/"},{"@type":"ListItem","position":2,"name":"New","item":"https:\/\/bunnyboo.ro\/en\/shop\/"},{"@type":"ListItem","position":3,"name":"Ursuletul Lou (brown) &#8211; Heartbeat Comforter &#8211; Flow Amsterdam"}]},{"@type":"WebSite","@id":"https:\/\/bunnyboo.ro\/#website","url":"https:\/\/bunnyboo.ro\/","name":"Bunny Boo","description":"Bunny Boo","publisher":{"@id":"https:\/\/bunnyboo.ro\/#organization"},"potentialAction":[{"@type":"SearchAction","target":{"@type":"EntryPoint","urlTemplate":"https:\/\/bunnyboo.ro\/?s={search_term_string}"},"query-input":"required name=search_term_string"}],"inLanguage":"en-US"},{"@type":"Organization","@id":"https:\/\/bunnyboo.ro\/#organization","name":"Bunny Boo","url":"https:\/\/bunnyboo.ro\/","logo":{"@type":"ImageObject","inLanguage":"en-US","@id":"https:\/\/bunnyboo.ro\/#\/schema\/logo\/image\/","url":"https:\/\/bunnyboo.ro\/wp-content\/uploads\/2024\/03\/Logo-website-black.png","contentUrl":"https:\/\/bunnyboo.ro\/wp-content\/uploads\/2024\/03\/Logo-website-black.png","width":2422,"height":946,"caption":"Bunny Boo"},"image":{"@id":"https:\/\/bunnyboo.ro\/#\/schema\/logo\/image\/"}}]}},"_links":{"self":[{"href":"https:\/\/bunnyboo.ro\/en\/wp-json\/wp\/v2\/product\/7417","targetHints":{"allow":["GET"]}}],"collection":[{"href":"https:\/\/bunnyboo.ro\/en\/wp-json\/wp\/v2\/product"}],"about":[{"href":"https:\/\/bunnyboo.ro\/en\/wp-json\/wp\/v2\/types\/product"}],"replies":[{"embeddable":true,"href":"https:\/\/bunnyboo.ro\/en\/wp-json\/wp\/v2\/comments?post=7417"}],"wp:featuredmedia":[{"embeddable":true,"href":"https:\/\/bunnyboo.ro\/en\/wp-json\/wp\/v2\/media\/7412"}],"wp:attachment":[{"href":"https:\/\/bunnyboo.ro\/en\/wp-json\/wp\/v2\/media?parent=7417"}],"wp:term":[{"taxonomy":"product_brand","embeddable":true,"href":"https:\/\/bunnyboo.ro\/en\/wp-json\/wp\/v2\/product_brand?post=7417"},{"taxonomy":"product_cat","embeddable":true,"href":"https:\/\/bunnyboo.ro\/en\/wp-json\/wp\/v2\/product_cat?post=7417"},{"taxonomy":"product_tag","embeddable":true,"href":"https:\/\/bunnyboo.ro\/en\/wp-json\/wp\/v2\/product_tag?post=7417"}],"curies":[{"name":"wp","href":"https:\/\/api.w.org\/{rel}","templated":true}]}}