{"id":7408,"date":"2023-12-05T15:41:13","date_gmt":"2023-12-05T15:41:13","guid":{"rendered":"https:\/\/bunnyboo.ro\/product\/set-husa-pilota-si-husa-perna-effiki-95x135\/"},"modified":"2026-03-26T12:12:05","modified_gmt":"2026-03-26T10:12:05","slug":"set-husa-pilota-si-husa-perna-effiki-95x135","status":"publish","type":"product","link":"https:\/\/bunnyboo.ro\/en\/produs\/set-husa-pilota-si-husa-perna-effiki-95x135\/","title":{"rendered":"Set Lenjerie de pat Husa Perna si Husa Pilota &#8211; Cotton Candy 95&#215;135 cm"},"content":{"rendered":"<p class=\"MsoNormal\" style=\"margin: 0cm 0cm 0.0001pt; font-size: 12pt; font-family: Cambria;\"><span lang=\"RO\" style=\"font-size: 9pt; font-family: Helvetica;\">Lenjerii de pat din colec\u021bia Effiki: elegan\u021b\u0103 \u0219i confort pentru bebelu\u0219i \u0219i copii. Transform\u0103 dormitorul micu\u021bului t\u0103u \u00eentr-un paradis de stil \u0219i lux cu lenjeriile de pat Effiki French Collection. Realizate cu o aten\u021bie deosebit\u0103 la detalii, aceste lenjerii de pat au designuri elegante de inspira\u021bie francez\u0103, care adaug\u0103 o not\u0103 de rafinament oric\u0103rei camere pentru copii. Fabricate din materiale de calitate premium, lenjeriile noastre de pat sunt extrem de moi si ofera durabilitate excep\u021bionala. R\u0103sf\u0103\u021ba\u021bi-v\u0103 copilul cu cel mai mare confort \u0219i crea\u021bi un mediu de somn de vis. Descoperi\u021bi gama noastr\u0103 de modele \u0219i culori fermec\u0103toare.<\/span><\/p>\n<p class=\"MsoNormal\" style=\"margin: 0cm 0cm 0.0001pt; font-size: 12pt; font-family: Cambria;\"><span lang=\"RO\" style=\"font-size: 9pt; font-family: Helvetica;\"><\/p>\n<p><\/span><\/p>\n<p class=\"MsoNormal\" style=\"margin: 0cm 0cm 0.0001pt; font-size: 12pt; font-family: Cambria;\"><span lang=\"RO\" style=\"font-size: 9pt; font-family: Helvetica;\">Dimensiune hus\u0103 pilota &#8211; 95&#215;135 cm, fa\u021b\u0103 de pern\u0103 &#8211; 40&#215;60 cm<\/span><\/p>\n<p class=\"MsoNormal\" style=\"margin: 0cm 0cm 0.0001pt; font-size: 12pt; font-family: Cambria;\"><span lang=\"RO\" style=\"font-size: 9pt; font-family: Helvetica;\">Compozitie: 100% bumbac satinat<\/span><\/p>\n<p class=\"MsoNormal\" style=\"margin: 0cm 0cm 0.0001pt; font-size: 12pt; font-family: Cambria;\"><span lang=\"RO\" style=\"font-size: 9pt; font-family: Helvetica;\">Materialul este certificat OEKO-TEX.<\/span><\/p>\n<p class=\"MsoNormal\" style=\"margin: 0cm 0cm 0.0001pt; font-size: 12pt; font-family: Cambria;\"><span lang=\"RO\" style=\"font-size: 9pt; font-family: Helvetica;\"><\/p>\n<p><\/span><\/p>\n<p class=\"MsoNormal\" style=\"margin: 0cm 0cm 0.0001pt; font-size: 12pt; font-family: Cambria;\"><span lang=\"RO\" style=\"font-size: 9pt; font-family: Helvetica;\">Brand: Effiki<\/span><\/p>\n<p class=\"MsoNormal\" style=\"margin: 0cm 0cm 0.0001pt; font-size: 12pt; font-family: Cambria;\">\n","protected":false},"excerpt":{"rendered":"<p>Lenjerii de pat din colec\u021bia Effiki: elegan\u021b\u0103 \u0219i confort pentru bebelu\u0219i \u0219i copii. Transform\u0103 dormitorul micu\u021bului t\u0103u \u00eentr-un paradis de stil \u0219i lux cu lenjeriile de pat Effiki French Collection. Realizate cu o aten\u021bie deosebit\u0103 la detalii, aceste lenjerii de pat au designuri elegante de inspira\u021bie francez\u0103, care adaug\u0103 o not\u0103 de rafinament oric\u0103rei camere [&hellip;]<\/p>\n","protected":false},"featured_media":6616,"comment_status":"open","ping_status":"closed","template":"","meta":{"site-sidebar-layout":"default","site-content-layout":"","ast-site-content-layout":"default","site-content-style":"default","site-sidebar-style":"default","ast-global-header-display":"","ast-banner-title-visibility":"","ast-main-header-display":"","ast-hfb-above-header-display":"","ast-hfb-below-header-display":"","ast-hfb-mobile-header-display":"","site-post-title":"","ast-breadcrumbs-content":"","ast-featured-img":"","footer-sml-layout":"","theme-transparent-header-meta":"default","adv-header-id-meta":"","stick-header-meta":"default","header-above-stick-meta":"","header-main-stick-meta":"","header-below-stick-meta":"","astra-migrate-meta-layouts":"set","ast-page-background-enabled":"default","ast-page-background-meta":{"desktop":{"background-color":"","background-image":"","background-repeat":"repeat","background-position":"center center","background-size":"auto","background-attachment":"scroll","background-type":"","background-media":"","overlay-type":"","overlay-color":"","overlay-opacity":"","overlay-gradient":""},"tablet":{"background-color":"","background-image":"","background-repeat":"repeat","background-position":"center center","background-size":"auto","background-attachment":"scroll","background-type":"","background-media":"","overlay-type":"","overlay-color":"","overlay-opacity":"","overlay-gradient":""},"mobile":{"background-color":"","background-image":"","background-repeat":"repeat","background-position":"center center","background-size":"auto","background-attachment":"scroll","background-type":"","background-media":"","overlay-type":"","overlay-color":"","overlay-opacity":"","overlay-gradient":""}},"ast-content-background-meta":{"desktop":{"background-color":"var(--ast-global-color-5)","background-image":"","background-repeat":"repeat","background-position":"center center","background-size":"auto","background-attachment":"scroll","background-type":"","background-media":"","overlay-type":"","overlay-color":"","overlay-opacity":"","overlay-gradient":""},"tablet":{"background-color":"var(--ast-global-color-5)","background-image":"","background-repeat":"repeat","background-position":"center center","background-size":"auto","background-attachment":"scroll","background-type":"","background-media":"","overlay-type":"","overlay-color":"","overlay-opacity":"","overlay-gradient":""},"mobile":{"background-color":"var(--ast-global-color-5)","background-image":"","background-repeat":"repeat","background-position":"center center","background-size":"auto","background-attachment":"scroll","background-type":"","background-media":"","overlay-type":"","overlay-color":"","overlay-opacity":"","overlay-gradient":""}}},"product_brand":[],"product_cat":[62,65,132],"product_tag":[],"class_list":{"0":"post-7408","1":"product","2":"type-product","3":"status-publish","4":"has-post-thumbnail","6":"product_cat-lenjerii-pentru-patutul-copilului-tau","7":"product_cat-noutati-minunate-pentru-puiul-tau","8":"product_cat-reduceri-pentru-tine","9":"desktop-align-left","10":"tablet-align-left","11":"mobile-align-left","12":"ast-product-gallery-layout-horizontal-slider","13":"ast-product-tabs-layout-vertical","14":"ast-qv-on-image","16":"first","17":"instock","18":"sale","19":"shipping-taxable","20":"purchasable","21":"product-type-simple"},"yoast_head":"<!-- This site is optimized with the Yoast SEO plugin v22.6 - https:\/\/yoast.com\/wordpress\/plugins\/seo\/ -->\n<title>Set Lenjerie de pat Husa Perna si Husa Pilota - Cotton Candy 95x135 cm<\/title>\n<meta name=\"robots\" content=\"index, follow, max-snippet:-1, max-image-preview:large, max-video-preview:-1\" \/>\n<link rel=\"canonical\" href=\"https:\/\/bunnyboo.ro\/produs\/set-husa-pilota-si-husa-perna-effiki-95x135\/\" \/>\n<meta property=\"og:locale\" content=\"en_US\" \/>\n<meta property=\"og:type\" content=\"article\" \/>\n<meta property=\"og:title\" content=\"Set Lenjerie de pat Husa Perna si Husa Pilota - Cotton Candy 95x135 cm\" \/>\n<meta property=\"og:description\" content=\"Lenjerii de pat din colec\u021bia Effiki: elegan\u021b\u0103 \u0219i confort pentru bebelu\u0219i \u0219i copii. Transform\u0103 dormitorul micu\u021bului t\u0103u \u00eentr-un paradis de stil \u0219i lux cu lenjeriile de pat Effiki French Collection. Realizate cu o aten\u021bie deosebit\u0103 la detalii, aceste lenjerii de pat au designuri elegante de inspira\u021bie francez\u0103, care adaug\u0103 o not\u0103 de rafinament oric\u0103rei camere [&hellip;]\" \/>\n<meta property=\"og:url\" content=\"https:\/\/bunnyboo.ro\/produs\/set-husa-pilota-si-husa-perna-effiki-95x135\/\" \/>\n<meta property=\"og:site_name\" content=\"Bunny Boo\" \/>\n<meta property=\"article:modified_time\" content=\"2026-03-26T10:12:05+00:00\" \/>\n<meta property=\"og:image\" content=\"https:\/\/bunnyboo.ro\/wp-content\/uploads\/2023\/07\/NS-1011copy_1_3000x.jpg\" \/>\n\t<meta property=\"og:image:width\" content=\"1200\" \/>\n\t<meta property=\"og:image:height\" content=\"1200\" \/>\n\t<meta property=\"og:image:type\" content=\"image\/jpeg\" \/>\n<meta name=\"twitter:card\" content=\"summary_large_image\" \/>\n<meta name=\"twitter:label1\" content=\"Est. reading time\" \/>\n\t<meta name=\"twitter:data1\" content=\"1 minute\" \/>\n<script type=\"application\/ld+json\" class=\"yoast-schema-graph\">{\"@context\":\"https:\/\/schema.org\",\"@graph\":[{\"@type\":\"WebPage\",\"@id\":\"https:\/\/bunnyboo.ro\/produs\/set-husa-pilota-si-husa-perna-effiki-95x135\/\",\"url\":\"https:\/\/bunnyboo.ro\/produs\/set-husa-pilota-si-husa-perna-effiki-95x135\/\",\"name\":\"Set Lenjerie de pat Husa Perna si Husa Pilota - Cotton Candy 95x135 cm\",\"isPartOf\":{\"@id\":\"https:\/\/bunnyboo.ro\/#website\"},\"primaryImageOfPage\":{\"@id\":\"https:\/\/bunnyboo.ro\/produs\/set-husa-pilota-si-husa-perna-effiki-95x135\/#primaryimage\"},\"image\":{\"@id\":\"https:\/\/bunnyboo.ro\/produs\/set-husa-pilota-si-husa-perna-effiki-95x135\/#primaryimage\"},\"thumbnailUrl\":\"https:\/\/bunnyboo.ro\/wp-content\/uploads\/2023\/07\/NS-1011copy_1_3000x.jpg\",\"datePublished\":\"2023-12-05T15:41:13+00:00\",\"dateModified\":\"2026-03-26T10:12:05+00:00\",\"breadcrumb\":{\"@id\":\"https:\/\/bunnyboo.ro\/produs\/set-husa-pilota-si-husa-perna-effiki-95x135\/#breadcrumb\"},\"inLanguage\":\"en-US\",\"potentialAction\":[{\"@type\":\"ReadAction\",\"target\":[\"https:\/\/bunnyboo.ro\/produs\/set-husa-pilota-si-husa-perna-effiki-95x135\/\"]}]},{\"@type\":\"ImageObject\",\"inLanguage\":\"en-US\",\"@id\":\"https:\/\/bunnyboo.ro\/produs\/set-husa-pilota-si-husa-perna-effiki-95x135\/#primaryimage\",\"url\":\"https:\/\/bunnyboo.ro\/wp-content\/uploads\/2023\/07\/NS-1011copy_1_3000x.jpg\",\"contentUrl\":\"https:\/\/bunnyboo.ro\/wp-content\/uploads\/2023\/07\/NS-1011copy_1_3000x.jpg\",\"width\":1200,\"height\":1200,\"caption\":\"NS-1011copy_1_3000x\"},{\"@type\":\"BreadcrumbList\",\"@id\":\"https:\/\/bunnyboo.ro\/produs\/set-husa-pilota-si-husa-perna-effiki-95x135\/#breadcrumb\",\"itemListElement\":[{\"@type\":\"ListItem\",\"position\":1,\"name\":\"Home\",\"item\":\"https:\/\/bunnyboo.ro\/en\/\"},{\"@type\":\"ListItem\",\"position\":2,\"name\":\"New\",\"item\":\"https:\/\/bunnyboo.ro\/en\/shop\/\"},{\"@type\":\"ListItem\",\"position\":3,\"name\":\"Set Lenjerie de pat Husa Perna si Husa Pilota &#8211; Cotton Candy 95&#215;135 cm\"}]},{\"@type\":\"WebSite\",\"@id\":\"https:\/\/bunnyboo.ro\/#website\",\"url\":\"https:\/\/bunnyboo.ro\/\",\"name\":\"Bunny Boo\",\"description\":\"Bunny Boo\",\"publisher\":{\"@id\":\"https:\/\/bunnyboo.ro\/#organization\"},\"potentialAction\":[{\"@type\":\"SearchAction\",\"target\":{\"@type\":\"EntryPoint\",\"urlTemplate\":\"https:\/\/bunnyboo.ro\/?s={search_term_string}\"},\"query-input\":\"required name=search_term_string\"}],\"inLanguage\":\"en-US\"},{\"@type\":\"Organization\",\"@id\":\"https:\/\/bunnyboo.ro\/#organization\",\"name\":\"Bunny Boo\",\"url\":\"https:\/\/bunnyboo.ro\/\",\"logo\":{\"@type\":\"ImageObject\",\"inLanguage\":\"en-US\",\"@id\":\"https:\/\/bunnyboo.ro\/#\/schema\/logo\/image\/\",\"url\":\"https:\/\/bunnyboo.ro\/wp-content\/uploads\/2024\/03\/Logo-website-black.png\",\"contentUrl\":\"https:\/\/bunnyboo.ro\/wp-content\/uploads\/2024\/03\/Logo-website-black.png\",\"width\":2422,\"height\":946,\"caption\":\"Bunny Boo\"},\"image\":{\"@id\":\"https:\/\/bunnyboo.ro\/#\/schema\/logo\/image\/\"}}]}<\/script>\n<!-- \/ Yoast SEO plugin. -->","yoast_head_json":{"title":"Set Lenjerie de pat Husa Perna si Husa Pilota - Cotton Candy 95x135 cm","robots":{"index":"index","follow":"follow","max-snippet":"max-snippet:-1","max-image-preview":"max-image-preview:large","max-video-preview":"max-video-preview:-1"},"canonical":"https:\/\/bunnyboo.ro\/produs\/set-husa-pilota-si-husa-perna-effiki-95x135\/","og_locale":"en_US","og_type":"article","og_title":"Set Lenjerie de pat Husa Perna si Husa Pilota - Cotton Candy 95x135 cm","og_description":"Lenjerii de pat din colec\u021bia Effiki: elegan\u021b\u0103 \u0219i confort pentru bebelu\u0219i \u0219i copii. Transform\u0103 dormitorul micu\u021bului t\u0103u \u00eentr-un paradis de stil \u0219i lux cu lenjeriile de pat Effiki French Collection. Realizate cu o aten\u021bie deosebit\u0103 la detalii, aceste lenjerii de pat au designuri elegante de inspira\u021bie francez\u0103, care adaug\u0103 o not\u0103 de rafinament oric\u0103rei camere [&hellip;]","og_url":"https:\/\/bunnyboo.ro\/produs\/set-husa-pilota-si-husa-perna-effiki-95x135\/","og_site_name":"Bunny Boo","article_modified_time":"2026-03-26T10:12:05+00:00","og_image":[{"width":1200,"height":1200,"url":"https:\/\/bunnyboo.ro\/wp-content\/uploads\/2023\/07\/NS-1011copy_1_3000x.jpg","type":"image\/jpeg"}],"twitter_card":"summary_large_image","twitter_misc":{"Est. reading time":"1 minute"},"schema":{"@context":"https:\/\/schema.org","@graph":[{"@type":"WebPage","@id":"https:\/\/bunnyboo.ro\/produs\/set-husa-pilota-si-husa-perna-effiki-95x135\/","url":"https:\/\/bunnyboo.ro\/produs\/set-husa-pilota-si-husa-perna-effiki-95x135\/","name":"Set Lenjerie de pat Husa Perna si Husa Pilota - Cotton Candy 95x135 cm","isPartOf":{"@id":"https:\/\/bunnyboo.ro\/#website"},"primaryImageOfPage":{"@id":"https:\/\/bunnyboo.ro\/produs\/set-husa-pilota-si-husa-perna-effiki-95x135\/#primaryimage"},"image":{"@id":"https:\/\/bunnyboo.ro\/produs\/set-husa-pilota-si-husa-perna-effiki-95x135\/#primaryimage"},"thumbnailUrl":"https:\/\/bunnyboo.ro\/wp-content\/uploads\/2023\/07\/NS-1011copy_1_3000x.jpg","datePublished":"2023-12-05T15:41:13+00:00","dateModified":"2026-03-26T10:12:05+00:00","breadcrumb":{"@id":"https:\/\/bunnyboo.ro\/produs\/set-husa-pilota-si-husa-perna-effiki-95x135\/#breadcrumb"},"inLanguage":"en-US","potentialAction":[{"@type":"ReadAction","target":["https:\/\/bunnyboo.ro\/produs\/set-husa-pilota-si-husa-perna-effiki-95x135\/"]}]},{"@type":"ImageObject","inLanguage":"en-US","@id":"https:\/\/bunnyboo.ro\/produs\/set-husa-pilota-si-husa-perna-effiki-95x135\/#primaryimage","url":"https:\/\/bunnyboo.ro\/wp-content\/uploads\/2023\/07\/NS-1011copy_1_3000x.jpg","contentUrl":"https:\/\/bunnyboo.ro\/wp-content\/uploads\/2023\/07\/NS-1011copy_1_3000x.jpg","width":1200,"height":1200,"caption":"NS-1011copy_1_3000x"},{"@type":"BreadcrumbList","@id":"https:\/\/bunnyboo.ro\/produs\/set-husa-pilota-si-husa-perna-effiki-95x135\/#breadcrumb","itemListElement":[{"@type":"ListItem","position":1,"name":"Home","item":"https:\/\/bunnyboo.ro\/en\/"},{"@type":"ListItem","position":2,"name":"New","item":"https:\/\/bunnyboo.ro\/en\/shop\/"},{"@type":"ListItem","position":3,"name":"Set Lenjerie de pat Husa Perna si Husa Pilota &#8211; Cotton Candy 95&#215;135 cm"}]},{"@type":"WebSite","@id":"https:\/\/bunnyboo.ro\/#website","url":"https:\/\/bunnyboo.ro\/","name":"Bunny Boo","description":"Bunny Boo","publisher":{"@id":"https:\/\/bunnyboo.ro\/#organization"},"potentialAction":[{"@type":"SearchAction","target":{"@type":"EntryPoint","urlTemplate":"https:\/\/bunnyboo.ro\/?s={search_term_string}"},"query-input":"required name=search_term_string"}],"inLanguage":"en-US"},{"@type":"Organization","@id":"https:\/\/bunnyboo.ro\/#organization","name":"Bunny Boo","url":"https:\/\/bunnyboo.ro\/","logo":{"@type":"ImageObject","inLanguage":"en-US","@id":"https:\/\/bunnyboo.ro\/#\/schema\/logo\/image\/","url":"https:\/\/bunnyboo.ro\/wp-content\/uploads\/2024\/03\/Logo-website-black.png","contentUrl":"https:\/\/bunnyboo.ro\/wp-content\/uploads\/2024\/03\/Logo-website-black.png","width":2422,"height":946,"caption":"Bunny Boo"},"image":{"@id":"https:\/\/bunnyboo.ro\/#\/schema\/logo\/image\/"}}]}},"_links":{"self":[{"href":"https:\/\/bunnyboo.ro\/en\/wp-json\/wp\/v2\/product\/7408","targetHints":{"allow":["GET"]}}],"collection":[{"href":"https:\/\/bunnyboo.ro\/en\/wp-json\/wp\/v2\/product"}],"about":[{"href":"https:\/\/bunnyboo.ro\/en\/wp-json\/wp\/v2\/types\/product"}],"replies":[{"embeddable":true,"href":"https:\/\/bunnyboo.ro\/en\/wp-json\/wp\/v2\/comments?post=7408"}],"wp:featuredmedia":[{"embeddable":true,"href":"https:\/\/bunnyboo.ro\/en\/wp-json\/wp\/v2\/media\/6616"}],"wp:attachment":[{"href":"https:\/\/bunnyboo.ro\/en\/wp-json\/wp\/v2\/media?parent=7408"}],"wp:term":[{"taxonomy":"product_brand","embeddable":true,"href":"https:\/\/bunnyboo.ro\/en\/wp-json\/wp\/v2\/product_brand?post=7408"},{"taxonomy":"product_cat","embeddable":true,"href":"https:\/\/bunnyboo.ro\/en\/wp-json\/wp\/v2\/product_cat?post=7408"},{"taxonomy":"product_tag","embeddable":true,"href":"https:\/\/bunnyboo.ro\/en\/wp-json\/wp\/v2\/product_tag?post=7408"}],"curies":[{"name":"wp","href":"https:\/\/api.w.org\/{rel}","templated":true}]}}