{"id":7329,"date":"2023-10-30T13:04:49","date_gmt":"2023-10-30T13:04:49","guid":{"rendered":"https:\/\/bunnyboo.ro\/product\/papusa-moale-cozy-dinkums-bunny-twinkle\/"},"modified":"2026-02-04T16:17:32","modified_gmt":"2026-02-04T14:17:32","slug":"papusa-moale-cozy-dinkums-bunny-twinkle","status":"publish","type":"product","link":"https:\/\/bunnyboo.ro\/en\/produs\/papusa-moale-cozy-dinkums-bunny-twinkle\/","title":{"rendered":"Papusa Cozy Dinkums &#8211; Bunny Twinkle"},"content":{"rendered":"<p class=\"MsoNormal\" style=\"margin: 0cm 0cm 0.0001pt;\"><span lang=\"RO\">Fie ca sezonul s\u0103rb\u0103torilor s\u0103 fie cosy cu Bunny Twinkle! Un Cozy Dinkum cu edi\u021bie limitat\u0103 foarte special\u0103, pentru a s\u0103rb\u0103tori acest moment minunat cu tine.\u00a0 La fel ca toate Cozy Dinkums, Twinkle este articulat \u0219i realizat din cel mai moale plus. F\u0103cut pentru a fi iubit de micu\u021bii t\u0103i \u00eenc\u0103 de la na\u0219tere, Baby Twinkle este o surpriz\u0103 minunat\u0103 pentru ghetute de Mos Nicolae \u0219i cadoul perfect pentru a s\u0103rb\u0103tori primul Cr\u0103ciun.\u00a0 Fiecare detaliu este brodat cu grij\u0103, de la chipul lor dulce p\u00e2n\u0103 la curcubeul de deasupra inimii lor. Twinkle are un smoc de p\u0103r \u0219i poart\u0103 un costum de plu\u0219 cu dou\u0103 urechi de iepura\u0219 (perfecte pentru cuib\u0103rit) c\u0103ptu\u0219ite cu imprimeul nostru Evergreen de colec\u021bie. Cozy Dinkums sunt u\u0219oare pentru un plus de calm \u0219i potrivite pentru m\u00e2inile mici, perfecte pentru joaca nesf\u00e2r\u0219it\u0103 \u0219i \u00eembr\u0103\u021bi\u0219\u0103ri.\u00a0 Baby Twinkle vine ambalat \u00eentr-un saculet din bumbac moale &#8211; care func\u021bioneaz\u0103 ca un saculet de rufe la \u00eendem\u00e2n\u0103 pentru Cozy atunci c\u00e2nd are nevoie de o baie (asigura\u021bi-v\u0103 c\u0103 este o spalare usoara, bl\u00e2nd\u0103 sau optati pentru sp\u0103lare manual\u0103).<\/span><\/p>\n<p class=\"MsoNormal\" style=\"margin: 0cm 0cm 0.0001pt;\"><span lang=\"RO\">* P\u0103pu\u0219ile Cozy Dinkum pot fi pozate \u00een mai multe pozi\u021bii de dormit, cu capul, bra\u021bele \u0219i picioarele unite<\/span><\/p>\n<p class=\"MsoNormal\" style=\"margin: 0cm 0cm 0.0001pt;\"><span lang=\"RO\">* Poart\u0103 un costum de plu\u0219 reciclat, nedeta\u0219abil, cu urechi c\u0103ptu\u0219ite \u0219i curcubeu brodat deasupra inimii<\/span><\/p>\n<p class=\"MsoNormal\" style=\"margin: 0cm 0cm 0.0001pt;\"><span lang=\"RO\">* Fa\u021ba are ochi \u0219i gurita brodate cu un nas in form\u0103 oval\u0103<\/span><\/p>\n<p class=\"MsoNormal\" style=\"margin: 0cm 0cm 0.0001pt;\"><span lang=\"RO\">* Extrem de u\u0219or pentru un plus de calm<\/span><\/p>\n<p class=\"MsoNormal\" style=\"margin: 0cm 0cm 0.0001pt;\"><span lang=\"RO\">* Realizate din bumbac \u0219i polietilen\u0103. Umplutura interioar\u0103 con\u021bine fibre de poliester\u00a0<\/span><\/p>\n<p class=\"MsoNormal\" style=\"margin: 0cm 0cm 0.0001pt;\"><span lang=\"RO\">\u00a0<\/span><\/p>\n<p class=\"MsoNormal\" style=\"margin: 0cm 0cm 0.0001pt;\"><span lang=\"RO\">Dimensiuni: 32 x 8 cm<\/span><\/p>\n<p class=\"MsoNormal\" style=\"margin: 0cm 0cm 0.0001pt;\"><span lang=\"RO\">Greutate: 0,16 kg<\/span><\/p>\n<p class=\"MsoNormal\" style=\"margin: 0cm 0cm 0.0001pt;\"><span lang=\"RO\">\u00a0<\/span><\/p>\n<p class=\"MsoNormal\" style=\"margin: 0cm 0cm 0.0001pt;\"><span lang=\"RO\">Brand: Olli Ella<\/span><\/p>\n","protected":false},"excerpt":{"rendered":"<p>Fie ca sezonul s\u0103rb\u0103torilor s\u0103 fie cosy cu Bunny Twinkle! Un Cozy Dinkum cu edi\u021bie limitat\u0103 foarte special\u0103, pentru a s\u0103rb\u0103tori acest moment minunat cu tine.\u00a0 La fel ca toate Cozy Dinkums, Twinkle este articulat \u0219i realizat din cel mai moale plus. F\u0103cut pentru a fi iubit de micu\u021bii t\u0103i \u00eenc\u0103 de la na\u0219tere, Baby [&hellip;]<\/p>\n","protected":false},"featured_media":7328,"comment_status":"open","ping_status":"closed","template":"","meta":{"site-sidebar-layout":"default","site-content-layout":"","ast-site-content-layout":"default","site-content-style":"default","site-sidebar-style":"default","ast-global-header-display":"","ast-banner-title-visibility":"","ast-main-header-display":"","ast-hfb-above-header-display":"","ast-hfb-below-header-display":"","ast-hfb-mobile-header-display":"","site-post-title":"","ast-breadcrumbs-content":"","ast-featured-img":"","footer-sml-layout":"","theme-transparent-header-meta":"default","adv-header-id-meta":"","stick-header-meta":"default","header-above-stick-meta":"","header-main-stick-meta":"","header-below-stick-meta":"","astra-migrate-meta-layouts":"set","ast-page-background-enabled":"default","ast-page-background-meta":{"desktop":{"background-color":"","background-image":"","background-repeat":"repeat","background-position":"center center","background-size":"auto","background-attachment":"scroll","background-type":"","background-media":"","overlay-type":"","overlay-color":"","overlay-opacity":"","overlay-gradient":""},"tablet":{"background-color":"","background-image":"","background-repeat":"repeat","background-position":"center center","background-size":"auto","background-attachment":"scroll","background-type":"","background-media":"","overlay-type":"","overlay-color":"","overlay-opacity":"","overlay-gradient":""},"mobile":{"background-color":"","background-image":"","background-repeat":"repeat","background-position":"center center","background-size":"auto","background-attachment":"scroll","background-type":"","background-media":"","overlay-type":"","overlay-color":"","overlay-opacity":"","overlay-gradient":""}},"ast-content-background-meta":{"desktop":{"background-color":"var(--ast-global-color-5)","background-image":"","background-repeat":"repeat","background-position":"center center","background-size":"auto","background-attachment":"scroll","background-type":"","background-media":"","overlay-type":"","overlay-color":"","overlay-opacity":"","overlay-gradient":""},"tablet":{"background-color":"var(--ast-global-color-5)","background-image":"","background-repeat":"repeat","background-position":"center center","background-size":"auto","background-attachment":"scroll","background-type":"","background-media":"","overlay-type":"","overlay-color":"","overlay-opacity":"","overlay-gradient":""},"mobile":{"background-color":"var(--ast-global-color-5)","background-image":"","background-repeat":"repeat","background-position":"center center","background-size":"auto","background-attachment":"scroll","background-type":"","background-media":"","overlay-type":"","overlay-color":"","overlay-opacity":"","overlay-gradient":""}}},"product_brand":[],"product_cat":[293,52,67,132],"product_tag":[],"class_list":{"0":"post-7329","1":"product","2":"type-product","3":"status-publish","4":"has-post-thumbnail","6":"product_cat-decoratiuni-fairytale-si-jucarii-minunate","7":"product_cat-cei-mai-buni-prieteni","8":"product_cat-papusi-adorabile-si-accesoriile-lor-deosebite","9":"product_cat-reduceri-pentru-tine","10":"desktop-align-left","11":"tablet-align-left","12":"mobile-align-left","13":"ast-product-gallery-layout-horizontal-slider","14":"ast-product-tabs-layout-vertical","15":"ast-qv-on-image","17":"first","18":"instock","19":"sale","20":"shipping-taxable","21":"purchasable","22":"product-type-simple"},"yoast_head":"<!-- This site is optimized with the Yoast SEO plugin v22.6 - https:\/\/yoast.com\/wordpress\/plugins\/seo\/ -->\n<title>Papusa Cozy Dinkums - Bunny Twinkle<\/title>\n<meta name=\"robots\" content=\"index, follow, max-snippet:-1, max-image-preview:large, max-video-preview:-1\" \/>\n<link rel=\"canonical\" href=\"https:\/\/bunnyboo.ro\/produs\/papusa-moale-cozy-dinkums-bunny-twinkle\/\" \/>\n<meta property=\"og:locale\" content=\"en_US\" \/>\n<meta property=\"og:type\" content=\"article\" \/>\n<meta property=\"og:title\" content=\"Papusa Cozy Dinkums - Bunny Twinkle\" \/>\n<meta property=\"og:description\" content=\"Fie ca sezonul s\u0103rb\u0103torilor s\u0103 fie cosy cu Bunny Twinkle! Un Cozy Dinkum cu edi\u021bie limitat\u0103 foarte special\u0103, pentru a s\u0103rb\u0103tori acest moment minunat cu tine.\u00a0 La fel ca toate Cozy Dinkums, Twinkle este articulat \u0219i realizat din cel mai moale plus. F\u0103cut pentru a fi iubit de micu\u021bii t\u0103i \u00eenc\u0103 de la na\u0219tere, Baby [&hellip;]\" \/>\n<meta property=\"og:url\" content=\"https:\/\/bunnyboo.ro\/produs\/papusa-moale-cozy-dinkums-bunny-twinkle\/\" \/>\n<meta property=\"og:site_name\" content=\"Bunny Boo\" \/>\n<meta property=\"article:modified_time\" content=\"2026-02-04T14:17:32+00:00\" \/>\n<meta property=\"og:image\" content=\"https:\/\/bunnyboo.ro\/wp-content\/uploads\/2023\/10\/Olli-Ella-Cozy-Dinkum-Bunny-Twinkle-1.png\" \/>\n\t<meta property=\"og:image:width\" content=\"2048\" \/>\n\t<meta property=\"og:image:height\" content=\"2048\" \/>\n\t<meta property=\"og:image:type\" content=\"image\/png\" \/>\n<meta name=\"twitter:card\" content=\"summary_large_image\" \/>\n<meta name=\"twitter:label1\" content=\"Est. reading time\" \/>\n\t<meta name=\"twitter:data1\" content=\"1 minute\" \/>\n<script type=\"application\/ld+json\" class=\"yoast-schema-graph\">{\"@context\":\"https:\/\/schema.org\",\"@graph\":[{\"@type\":\"WebPage\",\"@id\":\"https:\/\/bunnyboo.ro\/produs\/papusa-moale-cozy-dinkums-bunny-twinkle\/\",\"url\":\"https:\/\/bunnyboo.ro\/produs\/papusa-moale-cozy-dinkums-bunny-twinkle\/\",\"name\":\"Papusa Cozy Dinkums - Bunny Twinkle\",\"isPartOf\":{\"@id\":\"https:\/\/bunnyboo.ro\/#website\"},\"primaryImageOfPage\":{\"@id\":\"https:\/\/bunnyboo.ro\/produs\/papusa-moale-cozy-dinkums-bunny-twinkle\/#primaryimage\"},\"image\":{\"@id\":\"https:\/\/bunnyboo.ro\/produs\/papusa-moale-cozy-dinkums-bunny-twinkle\/#primaryimage\"},\"thumbnailUrl\":\"https:\/\/bunnyboo.ro\/wp-content\/uploads\/2023\/10\/Olli-Ella-Cozy-Dinkum-Bunny-Twinkle-1.png\",\"datePublished\":\"2023-10-30T13:04:49+00:00\",\"dateModified\":\"2026-02-04T14:17:32+00:00\",\"breadcrumb\":{\"@id\":\"https:\/\/bunnyboo.ro\/produs\/papusa-moale-cozy-dinkums-bunny-twinkle\/#breadcrumb\"},\"inLanguage\":\"en-US\",\"potentialAction\":[{\"@type\":\"ReadAction\",\"target\":[\"https:\/\/bunnyboo.ro\/produs\/papusa-moale-cozy-dinkums-bunny-twinkle\/\"]}]},{\"@type\":\"ImageObject\",\"inLanguage\":\"en-US\",\"@id\":\"https:\/\/bunnyboo.ro\/produs\/papusa-moale-cozy-dinkums-bunny-twinkle\/#primaryimage\",\"url\":\"https:\/\/bunnyboo.ro\/wp-content\/uploads\/2023\/10\/Olli-Ella-Cozy-Dinkum-Bunny-Twinkle-1.png\",\"contentUrl\":\"https:\/\/bunnyboo.ro\/wp-content\/uploads\/2023\/10\/Olli-Ella-Cozy-Dinkum-Bunny-Twinkle-1.png\",\"width\":2048,\"height\":2048,\"caption\":\"Olli Ella-Cozy-Dinkum-Bunny-Twinkle-1\"},{\"@type\":\"BreadcrumbList\",\"@id\":\"https:\/\/bunnyboo.ro\/produs\/papusa-moale-cozy-dinkums-bunny-twinkle\/#breadcrumb\",\"itemListElement\":[{\"@type\":\"ListItem\",\"position\":1,\"name\":\"Home\",\"item\":\"https:\/\/bunnyboo.ro\/en\/\"},{\"@type\":\"ListItem\",\"position\":2,\"name\":\"New\",\"item\":\"https:\/\/bunnyboo.ro\/en\/shop\/\"},{\"@type\":\"ListItem\",\"position\":3,\"name\":\"Papusa Cozy Dinkums &#8211; Bunny Twinkle\"}]},{\"@type\":\"WebSite\",\"@id\":\"https:\/\/bunnyboo.ro\/#website\",\"url\":\"https:\/\/bunnyboo.ro\/\",\"name\":\"Bunny Boo\",\"description\":\"Bunny Boo\",\"publisher\":{\"@id\":\"https:\/\/bunnyboo.ro\/#organization\"},\"potentialAction\":[{\"@type\":\"SearchAction\",\"target\":{\"@type\":\"EntryPoint\",\"urlTemplate\":\"https:\/\/bunnyboo.ro\/?s={search_term_string}\"},\"query-input\":\"required name=search_term_string\"}],\"inLanguage\":\"en-US\"},{\"@type\":\"Organization\",\"@id\":\"https:\/\/bunnyboo.ro\/#organization\",\"name\":\"Bunny Boo\",\"url\":\"https:\/\/bunnyboo.ro\/\",\"logo\":{\"@type\":\"ImageObject\",\"inLanguage\":\"en-US\",\"@id\":\"https:\/\/bunnyboo.ro\/#\/schema\/logo\/image\/\",\"url\":\"https:\/\/bunnyboo.ro\/wp-content\/uploads\/2024\/03\/Logo-website-black.png\",\"contentUrl\":\"https:\/\/bunnyboo.ro\/wp-content\/uploads\/2024\/03\/Logo-website-black.png\",\"width\":2422,\"height\":946,\"caption\":\"Bunny Boo\"},\"image\":{\"@id\":\"https:\/\/bunnyboo.ro\/#\/schema\/logo\/image\/\"}}]}<\/script>\n<!-- \/ Yoast SEO plugin. -->","yoast_head_json":{"title":"Papusa Cozy Dinkums - Bunny Twinkle","robots":{"index":"index","follow":"follow","max-snippet":"max-snippet:-1","max-image-preview":"max-image-preview:large","max-video-preview":"max-video-preview:-1"},"canonical":"https:\/\/bunnyboo.ro\/produs\/papusa-moale-cozy-dinkums-bunny-twinkle\/","og_locale":"en_US","og_type":"article","og_title":"Papusa Cozy Dinkums - Bunny Twinkle","og_description":"Fie ca sezonul s\u0103rb\u0103torilor s\u0103 fie cosy cu Bunny Twinkle! Un Cozy Dinkum cu edi\u021bie limitat\u0103 foarte special\u0103, pentru a s\u0103rb\u0103tori acest moment minunat cu tine.\u00a0 La fel ca toate Cozy Dinkums, Twinkle este articulat \u0219i realizat din cel mai moale plus. F\u0103cut pentru a fi iubit de micu\u021bii t\u0103i \u00eenc\u0103 de la na\u0219tere, Baby [&hellip;]","og_url":"https:\/\/bunnyboo.ro\/produs\/papusa-moale-cozy-dinkums-bunny-twinkle\/","og_site_name":"Bunny Boo","article_modified_time":"2026-02-04T14:17:32+00:00","og_image":[{"width":2048,"height":2048,"url":"https:\/\/bunnyboo.ro\/wp-content\/uploads\/2023\/10\/Olli-Ella-Cozy-Dinkum-Bunny-Twinkle-1.png","type":"image\/png"}],"twitter_card":"summary_large_image","twitter_misc":{"Est. reading time":"1 minute"},"schema":{"@context":"https:\/\/schema.org","@graph":[{"@type":"WebPage","@id":"https:\/\/bunnyboo.ro\/produs\/papusa-moale-cozy-dinkums-bunny-twinkle\/","url":"https:\/\/bunnyboo.ro\/produs\/papusa-moale-cozy-dinkums-bunny-twinkle\/","name":"Papusa Cozy Dinkums - Bunny Twinkle","isPartOf":{"@id":"https:\/\/bunnyboo.ro\/#website"},"primaryImageOfPage":{"@id":"https:\/\/bunnyboo.ro\/produs\/papusa-moale-cozy-dinkums-bunny-twinkle\/#primaryimage"},"image":{"@id":"https:\/\/bunnyboo.ro\/produs\/papusa-moale-cozy-dinkums-bunny-twinkle\/#primaryimage"},"thumbnailUrl":"https:\/\/bunnyboo.ro\/wp-content\/uploads\/2023\/10\/Olli-Ella-Cozy-Dinkum-Bunny-Twinkle-1.png","datePublished":"2023-10-30T13:04:49+00:00","dateModified":"2026-02-04T14:17:32+00:00","breadcrumb":{"@id":"https:\/\/bunnyboo.ro\/produs\/papusa-moale-cozy-dinkums-bunny-twinkle\/#breadcrumb"},"inLanguage":"en-US","potentialAction":[{"@type":"ReadAction","target":["https:\/\/bunnyboo.ro\/produs\/papusa-moale-cozy-dinkums-bunny-twinkle\/"]}]},{"@type":"ImageObject","inLanguage":"en-US","@id":"https:\/\/bunnyboo.ro\/produs\/papusa-moale-cozy-dinkums-bunny-twinkle\/#primaryimage","url":"https:\/\/bunnyboo.ro\/wp-content\/uploads\/2023\/10\/Olli-Ella-Cozy-Dinkum-Bunny-Twinkle-1.png","contentUrl":"https:\/\/bunnyboo.ro\/wp-content\/uploads\/2023\/10\/Olli-Ella-Cozy-Dinkum-Bunny-Twinkle-1.png","width":2048,"height":2048,"caption":"Olli Ella-Cozy-Dinkum-Bunny-Twinkle-1"},{"@type":"BreadcrumbList","@id":"https:\/\/bunnyboo.ro\/produs\/papusa-moale-cozy-dinkums-bunny-twinkle\/#breadcrumb","itemListElement":[{"@type":"ListItem","position":1,"name":"Home","item":"https:\/\/bunnyboo.ro\/en\/"},{"@type":"ListItem","position":2,"name":"New","item":"https:\/\/bunnyboo.ro\/en\/shop\/"},{"@type":"ListItem","position":3,"name":"Papusa Cozy Dinkums &#8211; Bunny Twinkle"}]},{"@type":"WebSite","@id":"https:\/\/bunnyboo.ro\/#website","url":"https:\/\/bunnyboo.ro\/","name":"Bunny Boo","description":"Bunny Boo","publisher":{"@id":"https:\/\/bunnyboo.ro\/#organization"},"potentialAction":[{"@type":"SearchAction","target":{"@type":"EntryPoint","urlTemplate":"https:\/\/bunnyboo.ro\/?s={search_term_string}"},"query-input":"required name=search_term_string"}],"inLanguage":"en-US"},{"@type":"Organization","@id":"https:\/\/bunnyboo.ro\/#organization","name":"Bunny Boo","url":"https:\/\/bunnyboo.ro\/","logo":{"@type":"ImageObject","inLanguage":"en-US","@id":"https:\/\/bunnyboo.ro\/#\/schema\/logo\/image\/","url":"https:\/\/bunnyboo.ro\/wp-content\/uploads\/2024\/03\/Logo-website-black.png","contentUrl":"https:\/\/bunnyboo.ro\/wp-content\/uploads\/2024\/03\/Logo-website-black.png","width":2422,"height":946,"caption":"Bunny Boo"},"image":{"@id":"https:\/\/bunnyboo.ro\/#\/schema\/logo\/image\/"}}]}},"_links":{"self":[{"href":"https:\/\/bunnyboo.ro\/en\/wp-json\/wp\/v2\/product\/7329","targetHints":{"allow":["GET"]}}],"collection":[{"href":"https:\/\/bunnyboo.ro\/en\/wp-json\/wp\/v2\/product"}],"about":[{"href":"https:\/\/bunnyboo.ro\/en\/wp-json\/wp\/v2\/types\/product"}],"replies":[{"embeddable":true,"href":"https:\/\/bunnyboo.ro\/en\/wp-json\/wp\/v2\/comments?post=7329"}],"wp:featuredmedia":[{"embeddable":true,"href":"https:\/\/bunnyboo.ro\/en\/wp-json\/wp\/v2\/media\/7328"}],"wp:attachment":[{"href":"https:\/\/bunnyboo.ro\/en\/wp-json\/wp\/v2\/media?parent=7329"}],"wp:term":[{"taxonomy":"product_brand","embeddable":true,"href":"https:\/\/bunnyboo.ro\/en\/wp-json\/wp\/v2\/product_brand?post=7329"},{"taxonomy":"product_cat","embeddable":true,"href":"https:\/\/bunnyboo.ro\/en\/wp-json\/wp\/v2\/product_cat?post=7329"},{"taxonomy":"product_tag","embeddable":true,"href":"https:\/\/bunnyboo.ro\/en\/wp-json\/wp\/v2\/product_tag?post=7329"}],"curies":[{"name":"wp","href":"https:\/\/api.w.org\/{rel}","templated":true}]}}