{"id":7163,"date":"2023-10-12T22:36:34","date_gmt":"2023-10-12T22:36:34","guid":{"rendered":"https:\/\/bunnyboo.ro\/product\/tractor-din-lemn-fsc-little-dutch\/"},"modified":"2026-02-09T17:05:51","modified_gmt":"2026-02-09T15:05:51","slug":"tractor-din-lemn-fsc-little-dutch","status":"publish","type":"product","link":"https:\/\/bunnyboo.ro\/en\/produs\/tractor-din-lemn-fsc-little-dutch\/","title":{"rendered":"Tractor din lemn FSC cu remorca &#8211; Little Farm"},"content":{"rendered":"<p class=\"MsoNormal\" style=\"margin: 0cm 0cm 0.0001pt;\"><span lang=\"RO\">Vroom vroom, iat\u0103 c\u0103 vine tractorul cu toate animalele! Juc\u0103rie super distractiv\u0103 pentru a stimula imagina\u021bia micu\u021bului t\u0103u. Pe l\u00e2ng\u0103 animale, ve\u021bi g\u0103si \u0219i dou\u0103 sticle de lapte \u00een remorc\u0103. Adu totul la ferm\u0103 \u0219i sarcina ta este finalizat\u0103. Totul este din lemn, deci poate rezista mult timp de acum inainte!<\/span><\/p>\n<p class=\"MsoNormal\" style=\"margin: 0cm 0cm 0.0001pt;\"><span lang=\"RO\">\u00a0<\/span><\/p>\n<p>18 luni+<\/p>\n<p>Brand: Little Dutch<\/p>\n","protected":false},"excerpt":{"rendered":"<p>Vroom vroom, iat\u0103 c\u0103 vine tractorul cu toate animalele! Juc\u0103rie super distractiv\u0103 pentru a stimula imagina\u021bia micu\u021bului t\u0103u. Pe l\u00e2ng\u0103 animale, ve\u021bi g\u0103si \u0219i dou\u0103 sticle de lapte \u00een remorc\u0103. Adu totul la ferm\u0103 \u0219i sarcina ta este finalizat\u0103. Totul este din lemn, deci poate rezista mult timp de acum inainte! \u00a0 18 luni+ Brand: [&hellip;]<\/p>\n","protected":false},"featured_media":8394,"comment_status":"open","ping_status":"closed","template":"","meta":{"site-sidebar-layout":"default","site-content-layout":"","ast-site-content-layout":"default","site-content-style":"default","site-sidebar-style":"default","ast-global-header-display":"","ast-banner-title-visibility":"","ast-main-header-display":"","ast-hfb-above-header-display":"","ast-hfb-below-header-display":"","ast-hfb-mobile-header-display":"","site-post-title":"","ast-breadcrumbs-content":"","ast-featured-img":"","footer-sml-layout":"","theme-transparent-header-meta":"default","adv-header-id-meta":"","stick-header-meta":"default","header-above-stick-meta":"","header-main-stick-meta":"","header-below-stick-meta":"","astra-migrate-meta-layouts":"set","ast-page-background-enabled":"default","ast-page-background-meta":{"desktop":{"background-color":"","background-image":"","background-repeat":"repeat","background-position":"center center","background-size":"auto","background-attachment":"scroll","background-type":"","background-media":"","overlay-type":"","overlay-color":"","overlay-opacity":"","overlay-gradient":""},"tablet":{"background-color":"","background-image":"","background-repeat":"repeat","background-position":"center center","background-size":"auto","background-attachment":"scroll","background-type":"","background-media":"","overlay-type":"","overlay-color":"","overlay-opacity":"","overlay-gradient":""},"mobile":{"background-color":"","background-image":"","background-repeat":"repeat","background-position":"center center","background-size":"auto","background-attachment":"scroll","background-type":"","background-media":"","overlay-type":"","overlay-color":"","overlay-opacity":"","overlay-gradient":""}},"ast-content-background-meta":{"desktop":{"background-color":"var(--ast-global-color-5)","background-image":"","background-repeat":"repeat","background-position":"center center","background-size":"auto","background-attachment":"scroll","background-type":"","background-media":"","overlay-type":"","overlay-color":"","overlay-opacity":"","overlay-gradient":""},"tablet":{"background-color":"var(--ast-global-color-5)","background-image":"","background-repeat":"repeat","background-position":"center center","background-size":"auto","background-attachment":"scroll","background-type":"","background-media":"","overlay-type":"","overlay-color":"","overlay-opacity":"","overlay-gradient":""},"mobile":{"background-color":"var(--ast-global-color-5)","background-image":"","background-repeat":"repeat","background-position":"center center","background-size":"auto","background-attachment":"scroll","background-type":"","background-media":"","overlay-type":"","overlay-color":"","overlay-opacity":"","overlay-gradient":""}}},"product_brand":[],"product_cat":[50],"product_tag":[],"class_list":{"0":"post-7163","1":"product","2":"type-product","3":"status-publish","4":"has-post-thumbnail","6":"product_cat-jucarii-din-lemn-pentru-puiul-tau","7":"desktop-align-left","8":"tablet-align-left","9":"mobile-align-left","10":"ast-product-gallery-layout-horizontal-slider","11":"ast-product-tabs-layout-vertical","12":"ast-qv-on-image","14":"first","15":"instock","16":"shipping-taxable","17":"purchasable","18":"product-type-simple"},"yoast_head":"<!-- This site is optimized with the Yoast SEO plugin v22.6 - https:\/\/yoast.com\/wordpress\/plugins\/seo\/ -->\n<title>Tractor din lemn FSC cu remorca - Little Farm<\/title>\n<meta name=\"robots\" content=\"index, follow, max-snippet:-1, max-image-preview:large, max-video-preview:-1\" \/>\n<link rel=\"canonical\" href=\"https:\/\/bunnyboo.ro\/produs\/tractor-din-lemn-fsc-little-dutch\/\" \/>\n<meta property=\"og:locale\" content=\"en_US\" \/>\n<meta property=\"og:type\" content=\"article\" \/>\n<meta property=\"og:title\" content=\"Tractor din lemn FSC cu remorca - Little Farm\" \/>\n<meta property=\"og:description\" content=\"Vroom vroom, iat\u0103 c\u0103 vine tractorul cu toate animalele! Juc\u0103rie super distractiv\u0103 pentru a stimula imagina\u021bia micu\u021bului t\u0103u. Pe l\u00e2ng\u0103 animale, ve\u021bi g\u0103si \u0219i dou\u0103 sticle de lapte \u00een remorc\u0103. Adu totul la ferm\u0103 \u0219i sarcina ta este finalizat\u0103. Totul este din lemn, deci poate rezista mult timp de acum inainte! \u00a0 18 luni+ Brand: [&hellip;]\" \/>\n<meta property=\"og:url\" content=\"https:\/\/bunnyboo.ro\/produs\/tractor-din-lemn-fsc-little-dutch\/\" \/>\n<meta property=\"og:site_name\" content=\"Bunny Boo\" \/>\n<meta property=\"article:modified_time\" content=\"2026-02-09T15:05:51+00:00\" \/>\n<meta property=\"og:image\" content=\"https:\/\/bunnyboo.ro\/wp-content\/uploads\/2023\/10\/LD7149-Tractor-with-trailer-2.png\" \/>\n\t<meta property=\"og:image:width\" content=\"800\" \/>\n\t<meta property=\"og:image:height\" content=\"800\" \/>\n\t<meta property=\"og:image:type\" content=\"image\/png\" \/>\n<meta name=\"twitter:card\" content=\"summary_large_image\" \/>\n<script type=\"application\/ld+json\" class=\"yoast-schema-graph\">{\"@context\":\"https:\/\/schema.org\",\"@graph\":[{\"@type\":\"WebPage\",\"@id\":\"https:\/\/bunnyboo.ro\/produs\/tractor-din-lemn-fsc-little-dutch\/\",\"url\":\"https:\/\/bunnyboo.ro\/produs\/tractor-din-lemn-fsc-little-dutch\/\",\"name\":\"Tractor din lemn FSC cu remorca - Little Farm\",\"isPartOf\":{\"@id\":\"https:\/\/bunnyboo.ro\/#website\"},\"primaryImageOfPage\":{\"@id\":\"https:\/\/bunnyboo.ro\/produs\/tractor-din-lemn-fsc-little-dutch\/#primaryimage\"},\"image\":{\"@id\":\"https:\/\/bunnyboo.ro\/produs\/tractor-din-lemn-fsc-little-dutch\/#primaryimage\"},\"thumbnailUrl\":\"https:\/\/bunnyboo.ro\/wp-content\/uploads\/2023\/10\/LD7149-Tractor-with-trailer-2.png\",\"datePublished\":\"2023-10-12T22:36:34+00:00\",\"dateModified\":\"2026-02-09T15:05:51+00:00\",\"breadcrumb\":{\"@id\":\"https:\/\/bunnyboo.ro\/produs\/tractor-din-lemn-fsc-little-dutch\/#breadcrumb\"},\"inLanguage\":\"en-US\",\"potentialAction\":[{\"@type\":\"ReadAction\",\"target\":[\"https:\/\/bunnyboo.ro\/produs\/tractor-din-lemn-fsc-little-dutch\/\"]}]},{\"@type\":\"ImageObject\",\"inLanguage\":\"en-US\",\"@id\":\"https:\/\/bunnyboo.ro\/produs\/tractor-din-lemn-fsc-little-dutch\/#primaryimage\",\"url\":\"https:\/\/bunnyboo.ro\/wp-content\/uploads\/2023\/10\/LD7149-Tractor-with-trailer-2.png\",\"contentUrl\":\"https:\/\/bunnyboo.ro\/wp-content\/uploads\/2023\/10\/LD7149-Tractor-with-trailer-2.png\",\"width\":800,\"height\":800},{\"@type\":\"BreadcrumbList\",\"@id\":\"https:\/\/bunnyboo.ro\/produs\/tractor-din-lemn-fsc-little-dutch\/#breadcrumb\",\"itemListElement\":[{\"@type\":\"ListItem\",\"position\":1,\"name\":\"Home\",\"item\":\"https:\/\/bunnyboo.ro\/en\/\"},{\"@type\":\"ListItem\",\"position\":2,\"name\":\"New\",\"item\":\"https:\/\/bunnyboo.ro\/en\/shop\/\"},{\"@type\":\"ListItem\",\"position\":3,\"name\":\"Tractor din lemn FSC cu remorca &#8211; Little Farm\"}]},{\"@type\":\"WebSite\",\"@id\":\"https:\/\/bunnyboo.ro\/#website\",\"url\":\"https:\/\/bunnyboo.ro\/\",\"name\":\"Bunny Boo\",\"description\":\"Bunny Boo\",\"publisher\":{\"@id\":\"https:\/\/bunnyboo.ro\/#organization\"},\"potentialAction\":[{\"@type\":\"SearchAction\",\"target\":{\"@type\":\"EntryPoint\",\"urlTemplate\":\"https:\/\/bunnyboo.ro\/?s={search_term_string}\"},\"query-input\":\"required name=search_term_string\"}],\"inLanguage\":\"en-US\"},{\"@type\":\"Organization\",\"@id\":\"https:\/\/bunnyboo.ro\/#organization\",\"name\":\"Bunny Boo\",\"url\":\"https:\/\/bunnyboo.ro\/\",\"logo\":{\"@type\":\"ImageObject\",\"inLanguage\":\"en-US\",\"@id\":\"https:\/\/bunnyboo.ro\/#\/schema\/logo\/image\/\",\"url\":\"https:\/\/bunnyboo.ro\/wp-content\/uploads\/2024\/03\/Logo-website-black.png\",\"contentUrl\":\"https:\/\/bunnyboo.ro\/wp-content\/uploads\/2024\/03\/Logo-website-black.png\",\"width\":2422,\"height\":946,\"caption\":\"Bunny Boo\"},\"image\":{\"@id\":\"https:\/\/bunnyboo.ro\/#\/schema\/logo\/image\/\"}}]}<\/script>\n<!-- \/ Yoast SEO plugin. -->","yoast_head_json":{"title":"Tractor din lemn FSC cu remorca - Little Farm","robots":{"index":"index","follow":"follow","max-snippet":"max-snippet:-1","max-image-preview":"max-image-preview:large","max-video-preview":"max-video-preview:-1"},"canonical":"https:\/\/bunnyboo.ro\/produs\/tractor-din-lemn-fsc-little-dutch\/","og_locale":"en_US","og_type":"article","og_title":"Tractor din lemn FSC cu remorca - Little Farm","og_description":"Vroom vroom, iat\u0103 c\u0103 vine tractorul cu toate animalele! Juc\u0103rie super distractiv\u0103 pentru a stimula imagina\u021bia micu\u021bului t\u0103u. Pe l\u00e2ng\u0103 animale, ve\u021bi g\u0103si \u0219i dou\u0103 sticle de lapte \u00een remorc\u0103. Adu totul la ferm\u0103 \u0219i sarcina ta este finalizat\u0103. Totul este din lemn, deci poate rezista mult timp de acum inainte! \u00a0 18 luni+ Brand: [&hellip;]","og_url":"https:\/\/bunnyboo.ro\/produs\/tractor-din-lemn-fsc-little-dutch\/","og_site_name":"Bunny Boo","article_modified_time":"2026-02-09T15:05:51+00:00","og_image":[{"width":800,"height":800,"url":"https:\/\/bunnyboo.ro\/wp-content\/uploads\/2023\/10\/LD7149-Tractor-with-trailer-2.png","type":"image\/png"}],"twitter_card":"summary_large_image","schema":{"@context":"https:\/\/schema.org","@graph":[{"@type":"WebPage","@id":"https:\/\/bunnyboo.ro\/produs\/tractor-din-lemn-fsc-little-dutch\/","url":"https:\/\/bunnyboo.ro\/produs\/tractor-din-lemn-fsc-little-dutch\/","name":"Tractor din lemn FSC cu remorca - Little Farm","isPartOf":{"@id":"https:\/\/bunnyboo.ro\/#website"},"primaryImageOfPage":{"@id":"https:\/\/bunnyboo.ro\/produs\/tractor-din-lemn-fsc-little-dutch\/#primaryimage"},"image":{"@id":"https:\/\/bunnyboo.ro\/produs\/tractor-din-lemn-fsc-little-dutch\/#primaryimage"},"thumbnailUrl":"https:\/\/bunnyboo.ro\/wp-content\/uploads\/2023\/10\/LD7149-Tractor-with-trailer-2.png","datePublished":"2023-10-12T22:36:34+00:00","dateModified":"2026-02-09T15:05:51+00:00","breadcrumb":{"@id":"https:\/\/bunnyboo.ro\/produs\/tractor-din-lemn-fsc-little-dutch\/#breadcrumb"},"inLanguage":"en-US","potentialAction":[{"@type":"ReadAction","target":["https:\/\/bunnyboo.ro\/produs\/tractor-din-lemn-fsc-little-dutch\/"]}]},{"@type":"ImageObject","inLanguage":"en-US","@id":"https:\/\/bunnyboo.ro\/produs\/tractor-din-lemn-fsc-little-dutch\/#primaryimage","url":"https:\/\/bunnyboo.ro\/wp-content\/uploads\/2023\/10\/LD7149-Tractor-with-trailer-2.png","contentUrl":"https:\/\/bunnyboo.ro\/wp-content\/uploads\/2023\/10\/LD7149-Tractor-with-trailer-2.png","width":800,"height":800},{"@type":"BreadcrumbList","@id":"https:\/\/bunnyboo.ro\/produs\/tractor-din-lemn-fsc-little-dutch\/#breadcrumb","itemListElement":[{"@type":"ListItem","position":1,"name":"Home","item":"https:\/\/bunnyboo.ro\/en\/"},{"@type":"ListItem","position":2,"name":"New","item":"https:\/\/bunnyboo.ro\/en\/shop\/"},{"@type":"ListItem","position":3,"name":"Tractor din lemn FSC cu remorca &#8211; Little Farm"}]},{"@type":"WebSite","@id":"https:\/\/bunnyboo.ro\/#website","url":"https:\/\/bunnyboo.ro\/","name":"Bunny Boo","description":"Bunny Boo","publisher":{"@id":"https:\/\/bunnyboo.ro\/#organization"},"potentialAction":[{"@type":"SearchAction","target":{"@type":"EntryPoint","urlTemplate":"https:\/\/bunnyboo.ro\/?s={search_term_string}"},"query-input":"required name=search_term_string"}],"inLanguage":"en-US"},{"@type":"Organization","@id":"https:\/\/bunnyboo.ro\/#organization","name":"Bunny Boo","url":"https:\/\/bunnyboo.ro\/","logo":{"@type":"ImageObject","inLanguage":"en-US","@id":"https:\/\/bunnyboo.ro\/#\/schema\/logo\/image\/","url":"https:\/\/bunnyboo.ro\/wp-content\/uploads\/2024\/03\/Logo-website-black.png","contentUrl":"https:\/\/bunnyboo.ro\/wp-content\/uploads\/2024\/03\/Logo-website-black.png","width":2422,"height":946,"caption":"Bunny Boo"},"image":{"@id":"https:\/\/bunnyboo.ro\/#\/schema\/logo\/image\/"}}]}},"_links":{"self":[{"href":"https:\/\/bunnyboo.ro\/en\/wp-json\/wp\/v2\/product\/7163","targetHints":{"allow":["GET"]}}],"collection":[{"href":"https:\/\/bunnyboo.ro\/en\/wp-json\/wp\/v2\/product"}],"about":[{"href":"https:\/\/bunnyboo.ro\/en\/wp-json\/wp\/v2\/types\/product"}],"replies":[{"embeddable":true,"href":"https:\/\/bunnyboo.ro\/en\/wp-json\/wp\/v2\/comments?post=7163"}],"wp:featuredmedia":[{"embeddable":true,"href":"https:\/\/bunnyboo.ro\/en\/wp-json\/wp\/v2\/media\/8394"}],"wp:attachment":[{"href":"https:\/\/bunnyboo.ro\/en\/wp-json\/wp\/v2\/media?parent=7163"}],"wp:term":[{"taxonomy":"product_brand","embeddable":true,"href":"https:\/\/bunnyboo.ro\/en\/wp-json\/wp\/v2\/product_brand?post=7163"},{"taxonomy":"product_cat","embeddable":true,"href":"https:\/\/bunnyboo.ro\/en\/wp-json\/wp\/v2\/product_cat?post=7163"},{"taxonomy":"product_tag","embeddable":true,"href":"https:\/\/bunnyboo.ro\/en\/wp-json\/wp\/v2\/product_tag?post=7163"}],"curies":[{"name":"wp","href":"https:\/\/api.w.org\/{rel}","templated":true}]}}