{"id":7120,"date":"2023-09-25T13:53:57","date_gmt":"2023-09-25T13:53:57","guid":{"rendered":"https:\/\/bunnyboo.ro\/product\/traseu-airport-toddleroad\/"},"modified":"2026-01-21T14:59:18","modified_gmt":"2026-01-21T12:59:18","slug":"traseu-airport-toddleroad","status":"publish","type":"product","link":"https:\/\/bunnyboo.ro\/en\/produs\/traseu-airport-toddleroad\/","title":{"rendered":"ToddleRoad Airport"},"content":{"rendered":"<p class=\"MsoNormal\" style=\"margin: 0cm 0cm 0.0001pt;\"><span lang=\"RO\" style=\"\">Setul AIRPORT include o pist\u0103 care poate fi construit\u0103 \u00eentr-o varietate de moduri \u0219i GriPlanes (concepute pentru a exersa prinderea corect\u0103 a scrisului), ambalate \u00eentr-o cutie care poate fi folosita si ea la constructii. <\/span><\/p>\n<p class=\"MsoNormal\" style=\"margin: 0cm 0cm 0.0001pt;\"><span lang=\"RO\" style=\"\"><br \/><\/span><\/p>\n<p class=\"MsoNormal\" style=\"margin: 0cm 0cm 0.0001pt;\"><span lang=\"RO\" style=\"\">Piesele aeroportului pot fi combinate cu str\u0103zile ToddleRoad &#8211; \u0219i po\u021bi folosi orice avioane pentru a te juca!&nbsp; Include elemente flexibile pentru realizarea pistei \u0219i avioane GriPlanes.&nbsp;Setul are&nbsp;14 elemente care pot fi construite \u0219i interconectate \u00een diferite moduri pentru a crea o platform\u0103 \u0219i o pista. \u00cen total, elementele ocup\u0103 2,7 m, singura pist\u0103 av\u00e2nd o lungime de p\u00e2n\u0103 la 1,5 m. Elementele sunt durabile \u0219i rezistente la ap\u0103 (inclusiv se pot spala in ma\u0219ina de sp\u0103lat vase), realizate din silicon \u0219i sigure pentru copiii 1+ \u0219i concepute pentru a permite jocul independent al pre\u0219colarilor (nu este necesar ajutorul p\u0103rin\u021bilor la asamblare). Fiecare element cu dou\u0103 fe\u021be se potrive\u0219te tuturor celorlalte (\u0219i elementelor rutiere ToddleRoad din alte linii).&nbsp; Aeroportul poate fi folosit cu aproape orice model de avion.&nbsp; <\/span><\/p>\n<p class=\"MsoNormal\" style=\"margin: 0cm 0cm 0.0001pt;\"><span lang=\"RO\" style=\"\"><br \/><\/span><\/p>\n<p class=\"MsoNormal\" style=\"margin: 0cm 0cm 0.0001pt;\"><span lang=\"RO\" style=\"\">GriPlanes sunt avioane din silicon special concepute, care sunt u\u0219or de apucat pentru degetele mici \u0219i \u00eei oblig\u0103 pe copii s\u0103 antreneze prinderea corect\u0103 a creionului. \u00cen acest fel, f\u0103r\u0103 s\u0103 \u0219tie, copiii \u00ee\u0219i antreneaz\u0103 memoria muscular\u0103 \u00een degete (pentru prinderea corect\u0103 a creionului) \u0219i \u00eencheieturile m\u00e2inilor (pentru mi\u0219c\u0103ri fine) cu mult \u00eenainte de a \u00eencepe s\u0103 scrie.&nbsp;&nbsp;<\/span><\/p>\n<p class=\"MsoNormal\" style=\"margin: 0cm 0cm 0.0001pt;\"><span lang=\"RO\" style=\"\"><br \/><\/span><\/p>\n<p class=\"MsoNormal\" style=\"margin: 0cm 0cm 0.0001pt;\"><span lang=\"RO\" style=\"\">Brand: ToddleRoad<\/span><o:p><\/o:p><\/p>\n<p class=\"MsoNormal\" style=\"margin: 0cm 0cm 0.0001pt;\"><o:p style=\"\">&nbsp;<\/o:p><\/p>\n","protected":false},"excerpt":{"rendered":"<p>Setul AIRPORT include o pist\u0103 care poate fi construit\u0103 \u00eentr-o varietate de moduri \u0219i GriPlanes (concepute pentru a exersa prinderea corect\u0103 a scrisului), ambalate \u00eentr-o cutie care poate fi folosita si ea la constructii. Piesele aeroportului pot fi combinate cu str\u0103zile ToddleRoad &#8211; \u0219i po\u021bi folosi orice avioane pentru a te juca!&nbsp; Include elemente flexibile [&hellip;]<\/p>\n","protected":false},"featured_media":7111,"comment_status":"open","ping_status":"closed","template":"","meta":{"site-sidebar-layout":"default","site-content-layout":"","ast-site-content-layout":"default","site-content-style":"default","site-sidebar-style":"default","ast-global-header-display":"","ast-banner-title-visibility":"","ast-main-header-display":"","ast-hfb-above-header-display":"","ast-hfb-below-header-display":"","ast-hfb-mobile-header-display":"","site-post-title":"","ast-breadcrumbs-content":"","ast-featured-img":"","footer-sml-layout":"","theme-transparent-header-meta":"default","adv-header-id-meta":"","stick-header-meta":"default","header-above-stick-meta":"","header-main-stick-meta":"","header-below-stick-meta":"","astra-migrate-meta-layouts":"set","ast-page-background-enabled":"default","ast-page-background-meta":{"desktop":{"background-color":"","background-image":"","background-repeat":"repeat","background-position":"center center","background-size":"auto","background-attachment":"scroll","background-type":"","background-media":"","overlay-type":"","overlay-color":"","overlay-opacity":"","overlay-gradient":""},"tablet":{"background-color":"","background-image":"","background-repeat":"repeat","background-position":"center center","background-size":"auto","background-attachment":"scroll","background-type":"","background-media":"","overlay-type":"","overlay-color":"","overlay-opacity":"","overlay-gradient":""},"mobile":{"background-color":"","background-image":"","background-repeat":"repeat","background-position":"center center","background-size":"auto","background-attachment":"scroll","background-type":"","background-media":"","overlay-type":"","overlay-color":"","overlay-opacity":"","overlay-gradient":""}},"ast-content-background-meta":{"desktop":{"background-color":"var(--ast-global-color-5)","background-image":"","background-repeat":"repeat","background-position":"center center","background-size":"auto","background-attachment":"scroll","background-type":"","background-media":"","overlay-type":"","overlay-color":"","overlay-opacity":"","overlay-gradient":""},"tablet":{"background-color":"var(--ast-global-color-5)","background-image":"","background-repeat":"repeat","background-position":"center center","background-size":"auto","background-attachment":"scroll","background-type":"","background-media":"","overlay-type":"","overlay-color":"","overlay-opacity":"","overlay-gradient":""},"mobile":{"background-color":"var(--ast-global-color-5)","background-image":"","background-repeat":"repeat","background-position":"center center","background-size":"auto","background-attachment":"scroll","background-type":"","background-media":"","overlay-type":"","overlay-color":"","overlay-opacity":"","overlay-gradient":""}}},"product_brand":[],"product_cat":[61,132],"product_tag":[],"class_list":{"0":"post-7120","1":"product","2":"type-product","3":"status-publish","4":"has-post-thumbnail","6":"product_cat-iubitori-de-masini-si-avioane","7":"product_cat-reduceri-pentru-tine","8":"desktop-align-left","9":"tablet-align-left","10":"mobile-align-left","11":"ast-product-gallery-layout-horizontal-slider","12":"ast-product-tabs-layout-vertical","13":"ast-qv-on-image","15":"first","16":"instock","17":"sale","18":"shipping-taxable","19":"purchasable","20":"product-type-simple"},"yoast_head":"<!-- This site is optimized with the Yoast SEO plugin v22.6 - https:\/\/yoast.com\/wordpress\/plugins\/seo\/ -->\n<title>ToddleRoad Airport<\/title>\n<meta name=\"robots\" content=\"index, follow, max-snippet:-1, max-image-preview:large, max-video-preview:-1\" \/>\n<link rel=\"canonical\" href=\"https:\/\/bunnyboo.ro\/produs\/traseu-airport-toddleroad\/\" \/>\n<meta property=\"og:locale\" content=\"en_US\" \/>\n<meta property=\"og:type\" content=\"article\" \/>\n<meta property=\"og:title\" content=\"ToddleRoad Airport\" \/>\n<meta property=\"og:description\" content=\"Setul AIRPORT include o pist\u0103 care poate fi construit\u0103 \u00eentr-o varietate de moduri \u0219i GriPlanes (concepute pentru a exersa prinderea corect\u0103 a scrisului), ambalate \u00eentr-o cutie care poate fi folosita si ea la constructii. Piesele aeroportului pot fi combinate cu str\u0103zile ToddleRoad &#8211; \u0219i po\u021bi folosi orice avioane pentru a te juca!&nbsp; Include elemente flexibile [&hellip;]\" \/>\n<meta property=\"og:url\" content=\"https:\/\/bunnyboo.ro\/produs\/traseu-airport-toddleroad\/\" \/>\n<meta property=\"og:site_name\" content=\"Bunny Boo\" \/>\n<meta property=\"article:modified_time\" content=\"2026-01-21T12:59:18+00:00\" \/>\n<meta property=\"og:image\" content=\"https:\/\/bunnyboo.ro\/wp-content\/uploads\/2023\/09\/69942E76-2562-4D91-B73A-E0FD90A5146F.jpeg\" \/>\n\t<meta property=\"og:image:width\" content=\"1500\" \/>\n\t<meta property=\"og:image:height\" content=\"1500\" \/>\n\t<meta property=\"og:image:type\" content=\"image\/jpeg\" \/>\n<meta name=\"twitter:card\" content=\"summary_large_image\" \/>\n<meta name=\"twitter:label1\" content=\"Est. reading time\" \/>\n\t<meta name=\"twitter:data1\" content=\"1 minute\" \/>\n<script type=\"application\/ld+json\" class=\"yoast-schema-graph\">{\"@context\":\"https:\/\/schema.org\",\"@graph\":[{\"@type\":\"WebPage\",\"@id\":\"https:\/\/bunnyboo.ro\/produs\/traseu-airport-toddleroad\/\",\"url\":\"https:\/\/bunnyboo.ro\/produs\/traseu-airport-toddleroad\/\",\"name\":\"ToddleRoad Airport\",\"isPartOf\":{\"@id\":\"https:\/\/bunnyboo.ro\/#website\"},\"primaryImageOfPage\":{\"@id\":\"https:\/\/bunnyboo.ro\/produs\/traseu-airport-toddleroad\/#primaryimage\"},\"image\":{\"@id\":\"https:\/\/bunnyboo.ro\/produs\/traseu-airport-toddleroad\/#primaryimage\"},\"thumbnailUrl\":\"https:\/\/bunnyboo.ro\/wp-content\/uploads\/2023\/09\/69942E76-2562-4D91-B73A-E0FD90A5146F.jpeg\",\"datePublished\":\"2023-09-25T13:53:57+00:00\",\"dateModified\":\"2026-01-21T12:59:18+00:00\",\"breadcrumb\":{\"@id\":\"https:\/\/bunnyboo.ro\/produs\/traseu-airport-toddleroad\/#breadcrumb\"},\"inLanguage\":\"en-US\",\"potentialAction\":[{\"@type\":\"ReadAction\",\"target\":[\"https:\/\/bunnyboo.ro\/produs\/traseu-airport-toddleroad\/\"]}]},{\"@type\":\"ImageObject\",\"inLanguage\":\"en-US\",\"@id\":\"https:\/\/bunnyboo.ro\/produs\/traseu-airport-toddleroad\/#primaryimage\",\"url\":\"https:\/\/bunnyboo.ro\/wp-content\/uploads\/2023\/09\/69942E76-2562-4D91-B73A-E0FD90A5146F.jpeg\",\"contentUrl\":\"https:\/\/bunnyboo.ro\/wp-content\/uploads\/2023\/09\/69942E76-2562-4D91-B73A-E0FD90A5146F.jpeg\",\"width\":1500,\"height\":1500,\"caption\":\"69942E76-2562-4D91-B73A-E0FD90A5146F\"},{\"@type\":\"BreadcrumbList\",\"@id\":\"https:\/\/bunnyboo.ro\/produs\/traseu-airport-toddleroad\/#breadcrumb\",\"itemListElement\":[{\"@type\":\"ListItem\",\"position\":1,\"name\":\"Home\",\"item\":\"https:\/\/bunnyboo.ro\/en\/\"},{\"@type\":\"ListItem\",\"position\":2,\"name\":\"New\",\"item\":\"https:\/\/bunnyboo.ro\/en\/shop\/\"},{\"@type\":\"ListItem\",\"position\":3,\"name\":\"ToddleRoad Airport\"}]},{\"@type\":\"WebSite\",\"@id\":\"https:\/\/bunnyboo.ro\/#website\",\"url\":\"https:\/\/bunnyboo.ro\/\",\"name\":\"Bunny Boo\",\"description\":\"Bunny Boo\",\"publisher\":{\"@id\":\"https:\/\/bunnyboo.ro\/#organization\"},\"potentialAction\":[{\"@type\":\"SearchAction\",\"target\":{\"@type\":\"EntryPoint\",\"urlTemplate\":\"https:\/\/bunnyboo.ro\/?s={search_term_string}\"},\"query-input\":\"required name=search_term_string\"}],\"inLanguage\":\"en-US\"},{\"@type\":\"Organization\",\"@id\":\"https:\/\/bunnyboo.ro\/#organization\",\"name\":\"Bunny Boo\",\"url\":\"https:\/\/bunnyboo.ro\/\",\"logo\":{\"@type\":\"ImageObject\",\"inLanguage\":\"en-US\",\"@id\":\"https:\/\/bunnyboo.ro\/#\/schema\/logo\/image\/\",\"url\":\"https:\/\/bunnyboo.ro\/wp-content\/uploads\/2024\/03\/Logo-website-black.png\",\"contentUrl\":\"https:\/\/bunnyboo.ro\/wp-content\/uploads\/2024\/03\/Logo-website-black.png\",\"width\":2422,\"height\":946,\"caption\":\"Bunny Boo\"},\"image\":{\"@id\":\"https:\/\/bunnyboo.ro\/#\/schema\/logo\/image\/\"}}]}<\/script>\n<!-- \/ Yoast SEO plugin. -->","yoast_head_json":{"title":"ToddleRoad Airport","robots":{"index":"index","follow":"follow","max-snippet":"max-snippet:-1","max-image-preview":"max-image-preview:large","max-video-preview":"max-video-preview:-1"},"canonical":"https:\/\/bunnyboo.ro\/produs\/traseu-airport-toddleroad\/","og_locale":"en_US","og_type":"article","og_title":"ToddleRoad Airport","og_description":"Setul AIRPORT include o pist\u0103 care poate fi construit\u0103 \u00eentr-o varietate de moduri \u0219i GriPlanes (concepute pentru a exersa prinderea corect\u0103 a scrisului), ambalate \u00eentr-o cutie care poate fi folosita si ea la constructii. Piesele aeroportului pot fi combinate cu str\u0103zile ToddleRoad &#8211; \u0219i po\u021bi folosi orice avioane pentru a te juca!&nbsp; Include elemente flexibile [&hellip;]","og_url":"https:\/\/bunnyboo.ro\/produs\/traseu-airport-toddleroad\/","og_site_name":"Bunny Boo","article_modified_time":"2026-01-21T12:59:18+00:00","og_image":[{"width":1500,"height":1500,"url":"https:\/\/bunnyboo.ro\/wp-content\/uploads\/2023\/09\/69942E76-2562-4D91-B73A-E0FD90A5146F.jpeg","type":"image\/jpeg"}],"twitter_card":"summary_large_image","twitter_misc":{"Est. reading time":"1 minute"},"schema":{"@context":"https:\/\/schema.org","@graph":[{"@type":"WebPage","@id":"https:\/\/bunnyboo.ro\/produs\/traseu-airport-toddleroad\/","url":"https:\/\/bunnyboo.ro\/produs\/traseu-airport-toddleroad\/","name":"ToddleRoad Airport","isPartOf":{"@id":"https:\/\/bunnyboo.ro\/#website"},"primaryImageOfPage":{"@id":"https:\/\/bunnyboo.ro\/produs\/traseu-airport-toddleroad\/#primaryimage"},"image":{"@id":"https:\/\/bunnyboo.ro\/produs\/traseu-airport-toddleroad\/#primaryimage"},"thumbnailUrl":"https:\/\/bunnyboo.ro\/wp-content\/uploads\/2023\/09\/69942E76-2562-4D91-B73A-E0FD90A5146F.jpeg","datePublished":"2023-09-25T13:53:57+00:00","dateModified":"2026-01-21T12:59:18+00:00","breadcrumb":{"@id":"https:\/\/bunnyboo.ro\/produs\/traseu-airport-toddleroad\/#breadcrumb"},"inLanguage":"en-US","potentialAction":[{"@type":"ReadAction","target":["https:\/\/bunnyboo.ro\/produs\/traseu-airport-toddleroad\/"]}]},{"@type":"ImageObject","inLanguage":"en-US","@id":"https:\/\/bunnyboo.ro\/produs\/traseu-airport-toddleroad\/#primaryimage","url":"https:\/\/bunnyboo.ro\/wp-content\/uploads\/2023\/09\/69942E76-2562-4D91-B73A-E0FD90A5146F.jpeg","contentUrl":"https:\/\/bunnyboo.ro\/wp-content\/uploads\/2023\/09\/69942E76-2562-4D91-B73A-E0FD90A5146F.jpeg","width":1500,"height":1500,"caption":"69942E76-2562-4D91-B73A-E0FD90A5146F"},{"@type":"BreadcrumbList","@id":"https:\/\/bunnyboo.ro\/produs\/traseu-airport-toddleroad\/#breadcrumb","itemListElement":[{"@type":"ListItem","position":1,"name":"Home","item":"https:\/\/bunnyboo.ro\/en\/"},{"@type":"ListItem","position":2,"name":"New","item":"https:\/\/bunnyboo.ro\/en\/shop\/"},{"@type":"ListItem","position":3,"name":"ToddleRoad Airport"}]},{"@type":"WebSite","@id":"https:\/\/bunnyboo.ro\/#website","url":"https:\/\/bunnyboo.ro\/","name":"Bunny Boo","description":"Bunny Boo","publisher":{"@id":"https:\/\/bunnyboo.ro\/#organization"},"potentialAction":[{"@type":"SearchAction","target":{"@type":"EntryPoint","urlTemplate":"https:\/\/bunnyboo.ro\/?s={search_term_string}"},"query-input":"required name=search_term_string"}],"inLanguage":"en-US"},{"@type":"Organization","@id":"https:\/\/bunnyboo.ro\/#organization","name":"Bunny Boo","url":"https:\/\/bunnyboo.ro\/","logo":{"@type":"ImageObject","inLanguage":"en-US","@id":"https:\/\/bunnyboo.ro\/#\/schema\/logo\/image\/","url":"https:\/\/bunnyboo.ro\/wp-content\/uploads\/2024\/03\/Logo-website-black.png","contentUrl":"https:\/\/bunnyboo.ro\/wp-content\/uploads\/2024\/03\/Logo-website-black.png","width":2422,"height":946,"caption":"Bunny Boo"},"image":{"@id":"https:\/\/bunnyboo.ro\/#\/schema\/logo\/image\/"}}]}},"_links":{"self":[{"href":"https:\/\/bunnyboo.ro\/en\/wp-json\/wp\/v2\/product\/7120","targetHints":{"allow":["GET"]}}],"collection":[{"href":"https:\/\/bunnyboo.ro\/en\/wp-json\/wp\/v2\/product"}],"about":[{"href":"https:\/\/bunnyboo.ro\/en\/wp-json\/wp\/v2\/types\/product"}],"replies":[{"embeddable":true,"href":"https:\/\/bunnyboo.ro\/en\/wp-json\/wp\/v2\/comments?post=7120"}],"wp:featuredmedia":[{"embeddable":true,"href":"https:\/\/bunnyboo.ro\/en\/wp-json\/wp\/v2\/media\/7111"}],"wp:attachment":[{"href":"https:\/\/bunnyboo.ro\/en\/wp-json\/wp\/v2\/media?parent=7120"}],"wp:term":[{"taxonomy":"product_brand","embeddable":true,"href":"https:\/\/bunnyboo.ro\/en\/wp-json\/wp\/v2\/product_brand?post=7120"},{"taxonomy":"product_cat","embeddable":true,"href":"https:\/\/bunnyboo.ro\/en\/wp-json\/wp\/v2\/product_cat?post=7120"},{"taxonomy":"product_tag","embeddable":true,"href":"https:\/\/bunnyboo.ro\/en\/wp-json\/wp\/v2\/product_tag?post=7120"}],"curies":[{"name":"wp","href":"https:\/\/api.w.org\/{rel}","templated":true}]}}