{"id":7034,"date":"2023-08-04T14:23:33","date_gmt":"2023-08-04T14:23:33","guid":{"rendered":"https:\/\/bunnyboo.ro\/product\/set-de-tacamuri-tove-blue-fog-mix\/"},"modified":"2025-11-04T09:34:54","modified_gmt":"2025-11-04T07:34:54","slug":"set-de-tacamuri-tove-blue-fog-mix","status":"publish","type":"product","link":"https:\/\/bunnyboo.ro\/en\/produs\/set-de-tacamuri-tove-blue-fog-mix\/","title":{"rendered":"Set de Tacamuri Tove &#8211; Blue Fog Mix"},"content":{"rendered":"<div bis_skin_checked=\"1\">Aduce\u021bi o not\u0103 de distrac\u021bie orelor de mas\u0103 cu setul de tac\u00e2muri Tove. Fabricat din o\u021bel inoxidabil \u0219i cu m\u00e2nere din silicon 3D pentru aderen\u021b\u0103 suplimentar\u0103, acest set de tac\u00e2muri este perfect pentru m\u00e2inile mici ale copiilor.<\/div>\n<div bis_skin_checked=\"1\"><\/div>\n<ul>\n<li>Tac\u00e2muri din o\u021bel inoxidabil cu m\u00e2nere din silicon 3D<\/li>\n<li>Se poate sp\u0103la \u00een ma\u0219ina de sp\u0103lat vase<\/li>\n<\/ul>\n<p>Dimensiuni: cutit: 3.4 x 16.5 cm, furculita:&nbsp; 2.8 x 15 cm, lingurita:&nbsp; 3.5 x 15.2 cm<\/p>\n","protected":false},"excerpt":{"rendered":"<p>Aduce\u021bi o not\u0103 de distrac\u021bie orelor de mas\u0103 cu setul de tac\u00e2muri Tove. Fabricat din o\u021bel inoxidabil \u0219i cu m\u00e2nere din silicon 3D pentru aderen\u021b\u0103 suplimentar\u0103, acest set de tac\u00e2muri este perfect pentru m\u00e2inile mici ale copiilor. Tac\u00e2muri din o\u021bel inoxidabil cu m\u00e2nere din silicon 3D Se poate sp\u0103la \u00een ma\u0219ina de sp\u0103lat vase Dimensiuni: [&hellip;]<\/p>\n","protected":false},"featured_media":7032,"comment_status":"open","ping_status":"closed","template":"","meta":{"site-sidebar-layout":"default","site-content-layout":"","ast-site-content-layout":"","site-content-style":"default","site-sidebar-style":"default","ast-global-header-display":"","ast-banner-title-visibility":"","ast-main-header-display":"","ast-hfb-above-header-display":"","ast-hfb-below-header-display":"","ast-hfb-mobile-header-display":"","site-post-title":"","ast-breadcrumbs-content":"","ast-featured-img":"","footer-sml-layout":"","theme-transparent-header-meta":"","adv-header-id-meta":"","stick-header-meta":"","header-above-stick-meta":"","header-main-stick-meta":"","header-below-stick-meta":"","astra-migrate-meta-layouts":"default","ast-page-background-enabled":"default","ast-page-background-meta":{"desktop":{"background-color":"","background-image":"","background-repeat":"repeat","background-position":"center center","background-size":"auto","background-attachment":"scroll","background-type":"","background-media":"","overlay-type":"","overlay-color":"","overlay-opacity":"","overlay-gradient":""},"tablet":{"background-color":"","background-image":"","background-repeat":"repeat","background-position":"center center","background-size":"auto","background-attachment":"scroll","background-type":"","background-media":"","overlay-type":"","overlay-color":"","overlay-opacity":"","overlay-gradient":""},"mobile":{"background-color":"","background-image":"","background-repeat":"repeat","background-position":"center center","background-size":"auto","background-attachment":"scroll","background-type":"","background-media":"","overlay-type":"","overlay-color":"","overlay-opacity":"","overlay-gradient":""}},"ast-content-background-meta":{"desktop":{"background-color":"var(--ast-global-color-5)","background-image":"","background-repeat":"repeat","background-position":"center center","background-size":"auto","background-attachment":"scroll","background-type":"","background-media":"","overlay-type":"","overlay-color":"","overlay-opacity":"","overlay-gradient":""},"tablet":{"background-color":"var(--ast-global-color-5)","background-image":"","background-repeat":"repeat","background-position":"center center","background-size":"auto","background-attachment":"scroll","background-type":"","background-media":"","overlay-type":"","overlay-color":"","overlay-opacity":"","overlay-gradient":""},"mobile":{"background-color":"var(--ast-global-color-5)","background-image":"","background-repeat":"repeat","background-position":"center center","background-size":"auto","background-attachment":"scroll","background-type":"","background-media":"","overlay-type":"","overlay-color":"","overlay-opacity":"","overlay-gradient":""}}},"product_brand":[],"product_cat":[65,83,132],"product_tag":[],"class_list":{"0":"post-7034","1":"product","2":"type-product","3":"status-publish","4":"has-post-thumbnail","6":"product_cat-noutati-minunate-pentru-puiul-tau","7":"product_cat-seturi-de-masa-moderne","8":"product_cat-reduceri-pentru-tine","9":"desktop-align-left","10":"tablet-align-left","11":"mobile-align-left","12":"ast-product-gallery-layout-horizontal-slider","13":"ast-product-tabs-layout-vertical","14":"ast-qv-on-image","16":"first","17":"instock","18":"sale","19":"shipping-taxable","20":"purchasable","21":"product-type-simple"},"yoast_head":"<!-- This site is optimized with the Yoast SEO plugin v22.6 - https:\/\/yoast.com\/wordpress\/plugins\/seo\/ -->\n<title>Set de Tacamuri Tove - Blue Fog Mix<\/title>\n<meta name=\"robots\" content=\"index, follow, max-snippet:-1, max-image-preview:large, max-video-preview:-1\" \/>\n<link rel=\"canonical\" href=\"https:\/\/bunnyboo.ro\/produs\/set-de-tacamuri-tove-blue-fog-mix\/\" \/>\n<meta property=\"og:locale\" content=\"en_US\" \/>\n<meta property=\"og:type\" content=\"article\" \/>\n<meta property=\"og:title\" content=\"Set de Tacamuri Tove - Blue Fog Mix\" \/>\n<meta property=\"og:description\" content=\"Aduce\u021bi o not\u0103 de distrac\u021bie orelor de mas\u0103 cu setul de tac\u00e2muri Tove. Fabricat din o\u021bel inoxidabil \u0219i cu m\u00e2nere din silicon 3D pentru aderen\u021b\u0103 suplimentar\u0103, acest set de tac\u00e2muri este perfect pentru m\u00e2inile mici ale copiilor. Tac\u00e2muri din o\u021bel inoxidabil cu m\u00e2nere din silicon 3D Se poate sp\u0103la \u00een ma\u0219ina de sp\u0103lat vase Dimensiuni: [&hellip;]\" \/>\n<meta property=\"og:url\" content=\"https:\/\/bunnyboo.ro\/produs\/set-de-tacamuri-tove-blue-fog-mix\/\" \/>\n<meta property=\"og:site_name\" content=\"Bunny Boo\" \/>\n<meta property=\"article:modified_time\" content=\"2025-11-04T07:34:54+00:00\" \/>\n<meta property=\"og:image\" content=\"https:\/\/bunnyboo.ro\/wp-content\/uploads\/2023\/08\/18452-1563-1-600.jpeg\" \/>\n\t<meta property=\"og:image:width\" content=\"515\" \/>\n\t<meta property=\"og:image:height\" content=\"600\" \/>\n\t<meta property=\"og:image:type\" content=\"image\/jpeg\" \/>\n<meta name=\"twitter:card\" content=\"summary_large_image\" \/>\n<script type=\"application\/ld+json\" class=\"yoast-schema-graph\">{\"@context\":\"https:\/\/schema.org\",\"@graph\":[{\"@type\":\"WebPage\",\"@id\":\"https:\/\/bunnyboo.ro\/produs\/set-de-tacamuri-tove-blue-fog-mix\/\",\"url\":\"https:\/\/bunnyboo.ro\/produs\/set-de-tacamuri-tove-blue-fog-mix\/\",\"name\":\"Set de Tacamuri Tove - Blue Fog Mix\",\"isPartOf\":{\"@id\":\"https:\/\/bunnyboo.ro\/#website\"},\"primaryImageOfPage\":{\"@id\":\"https:\/\/bunnyboo.ro\/produs\/set-de-tacamuri-tove-blue-fog-mix\/#primaryimage\"},\"image\":{\"@id\":\"https:\/\/bunnyboo.ro\/produs\/set-de-tacamuri-tove-blue-fog-mix\/#primaryimage\"},\"thumbnailUrl\":\"https:\/\/bunnyboo.ro\/wp-content\/uploads\/2023\/08\/18452-1563-1-600.jpeg\",\"datePublished\":\"2023-08-04T14:23:33+00:00\",\"dateModified\":\"2025-11-04T07:34:54+00:00\",\"breadcrumb\":{\"@id\":\"https:\/\/bunnyboo.ro\/produs\/set-de-tacamuri-tove-blue-fog-mix\/#breadcrumb\"},\"inLanguage\":\"en-US\",\"potentialAction\":[{\"@type\":\"ReadAction\",\"target\":[\"https:\/\/bunnyboo.ro\/produs\/set-de-tacamuri-tove-blue-fog-mix\/\"]}]},{\"@type\":\"ImageObject\",\"inLanguage\":\"en-US\",\"@id\":\"https:\/\/bunnyboo.ro\/produs\/set-de-tacamuri-tove-blue-fog-mix\/#primaryimage\",\"url\":\"https:\/\/bunnyboo.ro\/wp-content\/uploads\/2023\/08\/18452-1563-1-600.jpeg\",\"contentUrl\":\"https:\/\/bunnyboo.ro\/wp-content\/uploads\/2023\/08\/18452-1563-1-600.jpeg\",\"width\":515,\"height\":600,\"caption\":\"18452-1563-1-600\"},{\"@type\":\"BreadcrumbList\",\"@id\":\"https:\/\/bunnyboo.ro\/produs\/set-de-tacamuri-tove-blue-fog-mix\/#breadcrumb\",\"itemListElement\":[{\"@type\":\"ListItem\",\"position\":1,\"name\":\"Home\",\"item\":\"https:\/\/bunnyboo.ro\/en\/\"},{\"@type\":\"ListItem\",\"position\":2,\"name\":\"New\",\"item\":\"https:\/\/bunnyboo.ro\/en\/shop\/\"},{\"@type\":\"ListItem\",\"position\":3,\"name\":\"Set de Tacamuri Tove &#8211; Blue Fog Mix\"}]},{\"@type\":\"WebSite\",\"@id\":\"https:\/\/bunnyboo.ro\/#website\",\"url\":\"https:\/\/bunnyboo.ro\/\",\"name\":\"Bunny Boo\",\"description\":\"Bunny Boo\",\"publisher\":{\"@id\":\"https:\/\/bunnyboo.ro\/#organization\"},\"potentialAction\":[{\"@type\":\"SearchAction\",\"target\":{\"@type\":\"EntryPoint\",\"urlTemplate\":\"https:\/\/bunnyboo.ro\/?s={search_term_string}\"},\"query-input\":\"required name=search_term_string\"}],\"inLanguage\":\"en-US\"},{\"@type\":\"Organization\",\"@id\":\"https:\/\/bunnyboo.ro\/#organization\",\"name\":\"Bunny Boo\",\"url\":\"https:\/\/bunnyboo.ro\/\",\"logo\":{\"@type\":\"ImageObject\",\"inLanguage\":\"en-US\",\"@id\":\"https:\/\/bunnyboo.ro\/#\/schema\/logo\/image\/\",\"url\":\"https:\/\/bunnyboo.ro\/wp-content\/uploads\/2024\/03\/Logo-website-black.png\",\"contentUrl\":\"https:\/\/bunnyboo.ro\/wp-content\/uploads\/2024\/03\/Logo-website-black.png\",\"width\":2422,\"height\":946,\"caption\":\"Bunny Boo\"},\"image\":{\"@id\":\"https:\/\/bunnyboo.ro\/#\/schema\/logo\/image\/\"}}]}<\/script>\n<!-- \/ Yoast SEO plugin. -->","yoast_head_json":{"title":"Set de Tacamuri Tove - Blue Fog Mix","robots":{"index":"index","follow":"follow","max-snippet":"max-snippet:-1","max-image-preview":"max-image-preview:large","max-video-preview":"max-video-preview:-1"},"canonical":"https:\/\/bunnyboo.ro\/produs\/set-de-tacamuri-tove-blue-fog-mix\/","og_locale":"en_US","og_type":"article","og_title":"Set de Tacamuri Tove - Blue Fog Mix","og_description":"Aduce\u021bi o not\u0103 de distrac\u021bie orelor de mas\u0103 cu setul de tac\u00e2muri Tove. Fabricat din o\u021bel inoxidabil \u0219i cu m\u00e2nere din silicon 3D pentru aderen\u021b\u0103 suplimentar\u0103, acest set de tac\u00e2muri este perfect pentru m\u00e2inile mici ale copiilor. Tac\u00e2muri din o\u021bel inoxidabil cu m\u00e2nere din silicon 3D Se poate sp\u0103la \u00een ma\u0219ina de sp\u0103lat vase Dimensiuni: [&hellip;]","og_url":"https:\/\/bunnyboo.ro\/produs\/set-de-tacamuri-tove-blue-fog-mix\/","og_site_name":"Bunny Boo","article_modified_time":"2025-11-04T07:34:54+00:00","og_image":[{"width":515,"height":600,"url":"https:\/\/bunnyboo.ro\/wp-content\/uploads\/2023\/08\/18452-1563-1-600.jpeg","type":"image\/jpeg"}],"twitter_card":"summary_large_image","schema":{"@context":"https:\/\/schema.org","@graph":[{"@type":"WebPage","@id":"https:\/\/bunnyboo.ro\/produs\/set-de-tacamuri-tove-blue-fog-mix\/","url":"https:\/\/bunnyboo.ro\/produs\/set-de-tacamuri-tove-blue-fog-mix\/","name":"Set de Tacamuri Tove - Blue Fog Mix","isPartOf":{"@id":"https:\/\/bunnyboo.ro\/#website"},"primaryImageOfPage":{"@id":"https:\/\/bunnyboo.ro\/produs\/set-de-tacamuri-tove-blue-fog-mix\/#primaryimage"},"image":{"@id":"https:\/\/bunnyboo.ro\/produs\/set-de-tacamuri-tove-blue-fog-mix\/#primaryimage"},"thumbnailUrl":"https:\/\/bunnyboo.ro\/wp-content\/uploads\/2023\/08\/18452-1563-1-600.jpeg","datePublished":"2023-08-04T14:23:33+00:00","dateModified":"2025-11-04T07:34:54+00:00","breadcrumb":{"@id":"https:\/\/bunnyboo.ro\/produs\/set-de-tacamuri-tove-blue-fog-mix\/#breadcrumb"},"inLanguage":"en-US","potentialAction":[{"@type":"ReadAction","target":["https:\/\/bunnyboo.ro\/produs\/set-de-tacamuri-tove-blue-fog-mix\/"]}]},{"@type":"ImageObject","inLanguage":"en-US","@id":"https:\/\/bunnyboo.ro\/produs\/set-de-tacamuri-tove-blue-fog-mix\/#primaryimage","url":"https:\/\/bunnyboo.ro\/wp-content\/uploads\/2023\/08\/18452-1563-1-600.jpeg","contentUrl":"https:\/\/bunnyboo.ro\/wp-content\/uploads\/2023\/08\/18452-1563-1-600.jpeg","width":515,"height":600,"caption":"18452-1563-1-600"},{"@type":"BreadcrumbList","@id":"https:\/\/bunnyboo.ro\/produs\/set-de-tacamuri-tove-blue-fog-mix\/#breadcrumb","itemListElement":[{"@type":"ListItem","position":1,"name":"Home","item":"https:\/\/bunnyboo.ro\/en\/"},{"@type":"ListItem","position":2,"name":"New","item":"https:\/\/bunnyboo.ro\/en\/shop\/"},{"@type":"ListItem","position":3,"name":"Set de Tacamuri Tove &#8211; Blue Fog Mix"}]},{"@type":"WebSite","@id":"https:\/\/bunnyboo.ro\/#website","url":"https:\/\/bunnyboo.ro\/","name":"Bunny Boo","description":"Bunny Boo","publisher":{"@id":"https:\/\/bunnyboo.ro\/#organization"},"potentialAction":[{"@type":"SearchAction","target":{"@type":"EntryPoint","urlTemplate":"https:\/\/bunnyboo.ro\/?s={search_term_string}"},"query-input":"required name=search_term_string"}],"inLanguage":"en-US"},{"@type":"Organization","@id":"https:\/\/bunnyboo.ro\/#organization","name":"Bunny Boo","url":"https:\/\/bunnyboo.ro\/","logo":{"@type":"ImageObject","inLanguage":"en-US","@id":"https:\/\/bunnyboo.ro\/#\/schema\/logo\/image\/","url":"https:\/\/bunnyboo.ro\/wp-content\/uploads\/2024\/03\/Logo-website-black.png","contentUrl":"https:\/\/bunnyboo.ro\/wp-content\/uploads\/2024\/03\/Logo-website-black.png","width":2422,"height":946,"caption":"Bunny Boo"},"image":{"@id":"https:\/\/bunnyboo.ro\/#\/schema\/logo\/image\/"}}]}},"_links":{"self":[{"href":"https:\/\/bunnyboo.ro\/en\/wp-json\/wp\/v2\/product\/7034","targetHints":{"allow":["GET"]}}],"collection":[{"href":"https:\/\/bunnyboo.ro\/en\/wp-json\/wp\/v2\/product"}],"about":[{"href":"https:\/\/bunnyboo.ro\/en\/wp-json\/wp\/v2\/types\/product"}],"replies":[{"embeddable":true,"href":"https:\/\/bunnyboo.ro\/en\/wp-json\/wp\/v2\/comments?post=7034"}],"wp:featuredmedia":[{"embeddable":true,"href":"https:\/\/bunnyboo.ro\/en\/wp-json\/wp\/v2\/media\/7032"}],"wp:attachment":[{"href":"https:\/\/bunnyboo.ro\/en\/wp-json\/wp\/v2\/media?parent=7034"}],"wp:term":[{"taxonomy":"product_brand","embeddable":true,"href":"https:\/\/bunnyboo.ro\/en\/wp-json\/wp\/v2\/product_brand?post=7034"},{"taxonomy":"product_cat","embeddable":true,"href":"https:\/\/bunnyboo.ro\/en\/wp-json\/wp\/v2\/product_cat?post=7034"},{"taxonomy":"product_tag","embeddable":true,"href":"https:\/\/bunnyboo.ro\/en\/wp-json\/wp\/v2\/product_tag?post=7034"}],"curies":[{"name":"wp","href":"https:\/\/api.w.org\/{rel}","templated":true}]}}