{"id":6964,"date":"2023-08-02T13:51:36","date_gmt":"2023-08-02T13:51:36","guid":{"rendered":"https:\/\/bunnyboo.ro\/product\/leokid-manusi-color-block-green-scape\/"},"modified":"2026-03-26T12:13:58","modified_gmt":"2026-03-26T10:13:58","slug":"leokid-manusi-color-block-green-scape","status":"publish","type":"product","link":"https:\/\/bunnyboo.ro\/en\/produs\/leokid-manusi-color-block-green-scape\/","title":{"rendered":"Leokid Manusi Color Block Green Scape"},"content":{"rendered":"<p>M\u0103nu\u015fi groase \u015fi c\u0103lduroase, perfecte pentru z\u0103pad\u0103 sau ski. Manu\u0163ele copiilor vor fi protejate de frig, iar joaca \u00een z\u0103pad\u0103 poate \u00eencepe.<\/p>\n<p>Manusile Leokid sunt concepute pentru copii de la 6 luni la 6 ani \u0219i sunt izolate p\u00e2n\u0103 la -25\u00b0\u0421.<\/p>\n<ul>\n<li style=\"margin-bottom: 0px; padding: 0px;\">Perfecte pentru sezonul rece<\/li>\n<li style=\"margin-bottom: 0px; padding: 0px;\">Realizate din polyester reciclat<\/li>\n<li style=\"margin-bottom: 0px; padding: 0px;\">Interior c\u0103ptu\u015fit cu fleece<\/li>\n<li style=\"margin-bottom: 0px; padding: 0px;\">Curea elastica la incheietura mainii si catarama reglabila<\/li>\n<li style=\"margin-bottom: 0px; padding: 0px;\">Man\u015fete cu elastic \u015fi clipsuri pe margine, pentru o depozitare mai u\u015foar\u0103<\/li>\n<\/ul>\n<p>&nbsp;<\/p>\n<p>Materiale:<\/p>\n<p>Partea superioar\u0103: \u021bes\u0103tur\u0103 rezistent\u0103 la ap\u0103 si vant<\/p>\n<p>Umplutur\u0103: DuPont\u2122 Sorona\u00ae<\/p>\n<p>Accesorii: capse metalice, cleme din plastic, curea reglabila<\/p>\n<p>&nbsp;<\/p>\n<p>\u00cengrijire:<\/p>\n<p>Este usor de intretinut, se poate spala la masina de spalat haine la 30 de grade, pre-sp\u0103larea si spalarea separata fiind recomandate.<\/p>\n<p>F\u0103r\u0103 uscare. Nu calcati.<\/p>\n<p>&nbsp;<\/p>\n<p>Marimi:<\/p>\n<p>Marimea 1: 6 &#8211; 18 luni \/ Lungime 9 cm \/ Circumferinta 11.5 cm<\/p>\n<p>Marimea 2: 1 &#8211; 2 ani\u00a0 \/ Lungime 10 cm \/ Circumferinta 12.5 cm<\/p>\n<p>Marimea 3: 2 &#8211; 4 ani\u00a0 \/ Lungime 11.5 cm \/ Circumferinta 13.5 cm<\/p>\n<p>Marimea 4: 4 &#8211; 6 ani\u00a0 \/ Lungime 13 cm \/ Circumferinta Girth 15 cm<\/p>\n<p>&nbsp;<\/p>\n<p>&nbsp;<\/p>\n","protected":false},"excerpt":{"rendered":"<p>M\u0103nu\u015fi groase \u015fi c\u0103lduroase, perfecte pentru z\u0103pad\u0103 sau ski. Manu\u0163ele copiilor vor fi protejate de frig, iar joaca \u00een z\u0103pad\u0103 poate \u00eencepe. Manusile Leokid sunt concepute pentru copii de la 6 luni la 6 ani \u0219i sunt izolate p\u00e2n\u0103 la -25\u00b0\u0421. Perfecte pentru sezonul rece Realizate din polyester reciclat Interior c\u0103ptu\u015fit cu fleece Curea elastica [&hellip;]<\/p>\n","protected":false},"featured_media":8567,"comment_status":"open","ping_status":"closed","template":"","meta":{"site-sidebar-layout":"default","site-content-layout":"","ast-site-content-layout":"default","site-content-style":"default","site-sidebar-style":"default","ast-global-header-display":"","ast-banner-title-visibility":"","ast-main-header-display":"","ast-hfb-above-header-display":"","ast-hfb-below-header-display":"","ast-hfb-mobile-header-display":"","site-post-title":"","ast-breadcrumbs-content":"","ast-featured-img":"","footer-sml-layout":"","theme-transparent-header-meta":"default","adv-header-id-meta":"","stick-header-meta":"default","header-above-stick-meta":"","header-main-stick-meta":"","header-below-stick-meta":"","astra-migrate-meta-layouts":"set","ast-page-background-enabled":"default","ast-page-background-meta":{"desktop":{"background-color":"","background-image":"","background-repeat":"repeat","background-position":"center center","background-size":"auto","background-attachment":"scroll","background-type":"","background-media":"","overlay-type":"","overlay-color":"","overlay-opacity":"","overlay-gradient":""},"tablet":{"background-color":"","background-image":"","background-repeat":"repeat","background-position":"center center","background-size":"auto","background-attachment":"scroll","background-type":"","background-media":"","overlay-type":"","overlay-color":"","overlay-opacity":"","overlay-gradient":""},"mobile":{"background-color":"","background-image":"","background-repeat":"repeat","background-position":"center center","background-size":"auto","background-attachment":"scroll","background-type":"","background-media":"","overlay-type":"","overlay-color":"","overlay-opacity":"","overlay-gradient":""}},"ast-content-background-meta":{"desktop":{"background-color":"var(--ast-global-color-5)","background-image":"","background-repeat":"repeat","background-position":"center center","background-size":"auto","background-attachment":"scroll","background-type":"","background-media":"","overlay-type":"","overlay-color":"","overlay-opacity":"","overlay-gradient":""},"tablet":{"background-color":"var(--ast-global-color-5)","background-image":"","background-repeat":"repeat","background-position":"center center","background-size":"auto","background-attachment":"scroll","background-type":"","background-media":"","overlay-type":"","overlay-color":"","overlay-opacity":"","overlay-gradient":""},"mobile":{"background-color":"var(--ast-global-color-5)","background-image":"","background-repeat":"repeat","background-position":"center center","background-size":"auto","background-attachment":"scroll","background-type":"","background-media":"","overlay-type":"","overlay-color":"","overlay-opacity":"","overlay-gradient":""}}},"product_brand":[],"product_cat":[101],"product_tag":[],"class_list":{"0":"post-6964","1":"product","2":"type-product","3":"status-publish","4":"has-post-thumbnail","6":"product_cat-accesoriul-perfect-exista","7":"pa_marime-61-marimea16_18lunilungime9cm","8":"pa_marime-81-marimea21_2anilungime10cmc","9":"pa_marime-c2-marimea32_4anilungime115cm","10":"pa_marime-79-marimea44_6anilungime13cmc","11":"desktop-align-left","12":"tablet-align-left","13":"mobile-align-left","14":"ast-product-gallery-layout-horizontal-slider","15":"ast-product-single-variable","16":"ast-product-tabs-layout-vertical","17":"ast-qv-on-image","19":"first","20":"instock","21":"shipping-taxable","22":"purchasable","23":"product-type-variable"},"yoast_head":"<!-- This site is optimized with the Yoast SEO plugin v22.6 - https:\/\/yoast.com\/wordpress\/plugins\/seo\/ -->\n<title>Leokid Manusi Color Block Green Scape<\/title>\n<meta name=\"robots\" content=\"index, follow, max-snippet:-1, max-image-preview:large, max-video-preview:-1\" \/>\n<link rel=\"canonical\" href=\"https:\/\/bunnyboo.ro\/produs\/leokid-manusi-color-block-green-scape\/\" \/>\n<meta property=\"og:locale\" content=\"en_US\" \/>\n<meta property=\"og:type\" content=\"article\" \/>\n<meta property=\"og:title\" content=\"Leokid Manusi Color Block Green Scape\" \/>\n<meta property=\"og:description\" content=\"M\u0103nu\u015fi groase \u015fi c\u0103lduroase, perfecte pentru z\u0103pad\u0103 sau ski. Manu\u0163ele copiilor vor fi protejate de frig, iar joaca \u00een z\u0103pad\u0103 poate \u00eencepe. Manusile Leokid sunt concepute pentru copii de la 6 luni la 6 ani \u0219i sunt izolate p\u00e2n\u0103 la -25\u00b0\u0421. Perfecte pentru sezonul rece Realizate din polyester reciclat Interior c\u0103ptu\u015fit cu fleece Curea elastica [&hellip;]\" \/>\n<meta property=\"og:url\" content=\"https:\/\/bunnyboo.ro\/produs\/leokid-manusi-color-block-green-scape\/\" \/>\n<meta property=\"og:site_name\" content=\"Bunny Boo\" \/>\n<meta property=\"article:modified_time\" content=\"2026-03-26T10:13:58+00:00\" \/>\n<meta property=\"og:image\" content=\"https:\/\/bunnyboo.ro\/wp-content\/uploads\/2023\/08\/green-scape-2.png\" \/>\n\t<meta property=\"og:image:width\" content=\"1600\" \/>\n\t<meta property=\"og:image:height\" content=\"2000\" \/>\n\t<meta property=\"og:image:type\" content=\"image\/png\" \/>\n<meta name=\"twitter:card\" content=\"summary_large_image\" \/>\n<meta name=\"twitter:label1\" content=\"Est. reading time\" \/>\n\t<meta name=\"twitter:data1\" content=\"2 minutes\" \/>\n<script type=\"application\/ld+json\" class=\"yoast-schema-graph\">{\"@context\":\"https:\/\/schema.org\",\"@graph\":[{\"@type\":\"WebPage\",\"@id\":\"https:\/\/bunnyboo.ro\/produs\/leokid-manusi-color-block-green-scape\/\",\"url\":\"https:\/\/bunnyboo.ro\/produs\/leokid-manusi-color-block-green-scape\/\",\"name\":\"Leokid Manusi Color Block Green Scape\",\"isPartOf\":{\"@id\":\"https:\/\/bunnyboo.ro\/#website\"},\"primaryImageOfPage\":{\"@id\":\"https:\/\/bunnyboo.ro\/produs\/leokid-manusi-color-block-green-scape\/#primaryimage\"},\"image\":{\"@id\":\"https:\/\/bunnyboo.ro\/produs\/leokid-manusi-color-block-green-scape\/#primaryimage\"},\"thumbnailUrl\":\"https:\/\/bunnyboo.ro\/wp-content\/uploads\/2023\/08\/green-scape-2.png\",\"datePublished\":\"2023-08-02T13:51:36+00:00\",\"dateModified\":\"2026-03-26T10:13:58+00:00\",\"breadcrumb\":{\"@id\":\"https:\/\/bunnyboo.ro\/produs\/leokid-manusi-color-block-green-scape\/#breadcrumb\"},\"inLanguage\":\"en-US\",\"potentialAction\":[{\"@type\":\"ReadAction\",\"target\":[\"https:\/\/bunnyboo.ro\/produs\/leokid-manusi-color-block-green-scape\/\"]}]},{\"@type\":\"ImageObject\",\"inLanguage\":\"en-US\",\"@id\":\"https:\/\/bunnyboo.ro\/produs\/leokid-manusi-color-block-green-scape\/#primaryimage\",\"url\":\"https:\/\/bunnyboo.ro\/wp-content\/uploads\/2023\/08\/green-scape-2.png\",\"contentUrl\":\"https:\/\/bunnyboo.ro\/wp-content\/uploads\/2023\/08\/green-scape-2.png\",\"width\":1600,\"height\":2000},{\"@type\":\"BreadcrumbList\",\"@id\":\"https:\/\/bunnyboo.ro\/produs\/leokid-manusi-color-block-green-scape\/#breadcrumb\",\"itemListElement\":[{\"@type\":\"ListItem\",\"position\":1,\"name\":\"Home\",\"item\":\"https:\/\/bunnyboo.ro\/en\/\"},{\"@type\":\"ListItem\",\"position\":2,\"name\":\"New\",\"item\":\"https:\/\/bunnyboo.ro\/en\/shop\/\"},{\"@type\":\"ListItem\",\"position\":3,\"name\":\"Leokid Manusi Color Block Green Scape\"}]},{\"@type\":\"WebSite\",\"@id\":\"https:\/\/bunnyboo.ro\/#website\",\"url\":\"https:\/\/bunnyboo.ro\/\",\"name\":\"Bunny Boo\",\"description\":\"Bunny Boo\",\"publisher\":{\"@id\":\"https:\/\/bunnyboo.ro\/#organization\"},\"potentialAction\":[{\"@type\":\"SearchAction\",\"target\":{\"@type\":\"EntryPoint\",\"urlTemplate\":\"https:\/\/bunnyboo.ro\/?s={search_term_string}\"},\"query-input\":\"required name=search_term_string\"}],\"inLanguage\":\"en-US\"},{\"@type\":\"Organization\",\"@id\":\"https:\/\/bunnyboo.ro\/#organization\",\"name\":\"Bunny Boo\",\"url\":\"https:\/\/bunnyboo.ro\/\",\"logo\":{\"@type\":\"ImageObject\",\"inLanguage\":\"en-US\",\"@id\":\"https:\/\/bunnyboo.ro\/#\/schema\/logo\/image\/\",\"url\":\"https:\/\/bunnyboo.ro\/wp-content\/uploads\/2024\/03\/Logo-website-black.png\",\"contentUrl\":\"https:\/\/bunnyboo.ro\/wp-content\/uploads\/2024\/03\/Logo-website-black.png\",\"width\":2422,\"height\":946,\"caption\":\"Bunny Boo\"},\"image\":{\"@id\":\"https:\/\/bunnyboo.ro\/#\/schema\/logo\/image\/\"}}]}<\/script>\n<!-- \/ Yoast SEO plugin. -->","yoast_head_json":{"title":"Leokid Manusi Color Block Green Scape","robots":{"index":"index","follow":"follow","max-snippet":"max-snippet:-1","max-image-preview":"max-image-preview:large","max-video-preview":"max-video-preview:-1"},"canonical":"https:\/\/bunnyboo.ro\/produs\/leokid-manusi-color-block-green-scape\/","og_locale":"en_US","og_type":"article","og_title":"Leokid Manusi Color Block Green Scape","og_description":"M\u0103nu\u015fi groase \u015fi c\u0103lduroase, perfecte pentru z\u0103pad\u0103 sau ski. Manu\u0163ele copiilor vor fi protejate de frig, iar joaca \u00een z\u0103pad\u0103 poate \u00eencepe. Manusile Leokid sunt concepute pentru copii de la 6 luni la 6 ani \u0219i sunt izolate p\u00e2n\u0103 la -25\u00b0\u0421. Perfecte pentru sezonul rece Realizate din polyester reciclat Interior c\u0103ptu\u015fit cu fleece Curea elastica [&hellip;]","og_url":"https:\/\/bunnyboo.ro\/produs\/leokid-manusi-color-block-green-scape\/","og_site_name":"Bunny Boo","article_modified_time":"2026-03-26T10:13:58+00:00","og_image":[{"width":1600,"height":2000,"url":"https:\/\/bunnyboo.ro\/wp-content\/uploads\/2023\/08\/green-scape-2.png","type":"image\/png"}],"twitter_card":"summary_large_image","twitter_misc":{"Est. reading time":"2 minutes"},"schema":{"@context":"https:\/\/schema.org","@graph":[{"@type":"WebPage","@id":"https:\/\/bunnyboo.ro\/produs\/leokid-manusi-color-block-green-scape\/","url":"https:\/\/bunnyboo.ro\/produs\/leokid-manusi-color-block-green-scape\/","name":"Leokid Manusi Color Block Green Scape","isPartOf":{"@id":"https:\/\/bunnyboo.ro\/#website"},"primaryImageOfPage":{"@id":"https:\/\/bunnyboo.ro\/produs\/leokid-manusi-color-block-green-scape\/#primaryimage"},"image":{"@id":"https:\/\/bunnyboo.ro\/produs\/leokid-manusi-color-block-green-scape\/#primaryimage"},"thumbnailUrl":"https:\/\/bunnyboo.ro\/wp-content\/uploads\/2023\/08\/green-scape-2.png","datePublished":"2023-08-02T13:51:36+00:00","dateModified":"2026-03-26T10:13:58+00:00","breadcrumb":{"@id":"https:\/\/bunnyboo.ro\/produs\/leokid-manusi-color-block-green-scape\/#breadcrumb"},"inLanguage":"en-US","potentialAction":[{"@type":"ReadAction","target":["https:\/\/bunnyboo.ro\/produs\/leokid-manusi-color-block-green-scape\/"]}]},{"@type":"ImageObject","inLanguage":"en-US","@id":"https:\/\/bunnyboo.ro\/produs\/leokid-manusi-color-block-green-scape\/#primaryimage","url":"https:\/\/bunnyboo.ro\/wp-content\/uploads\/2023\/08\/green-scape-2.png","contentUrl":"https:\/\/bunnyboo.ro\/wp-content\/uploads\/2023\/08\/green-scape-2.png","width":1600,"height":2000},{"@type":"BreadcrumbList","@id":"https:\/\/bunnyboo.ro\/produs\/leokid-manusi-color-block-green-scape\/#breadcrumb","itemListElement":[{"@type":"ListItem","position":1,"name":"Home","item":"https:\/\/bunnyboo.ro\/en\/"},{"@type":"ListItem","position":2,"name":"New","item":"https:\/\/bunnyboo.ro\/en\/shop\/"},{"@type":"ListItem","position":3,"name":"Leokid Manusi Color Block Green Scape"}]},{"@type":"WebSite","@id":"https:\/\/bunnyboo.ro\/#website","url":"https:\/\/bunnyboo.ro\/","name":"Bunny Boo","description":"Bunny Boo","publisher":{"@id":"https:\/\/bunnyboo.ro\/#organization"},"potentialAction":[{"@type":"SearchAction","target":{"@type":"EntryPoint","urlTemplate":"https:\/\/bunnyboo.ro\/?s={search_term_string}"},"query-input":"required name=search_term_string"}],"inLanguage":"en-US"},{"@type":"Organization","@id":"https:\/\/bunnyboo.ro\/#organization","name":"Bunny Boo","url":"https:\/\/bunnyboo.ro\/","logo":{"@type":"ImageObject","inLanguage":"en-US","@id":"https:\/\/bunnyboo.ro\/#\/schema\/logo\/image\/","url":"https:\/\/bunnyboo.ro\/wp-content\/uploads\/2024\/03\/Logo-website-black.png","contentUrl":"https:\/\/bunnyboo.ro\/wp-content\/uploads\/2024\/03\/Logo-website-black.png","width":2422,"height":946,"caption":"Bunny Boo"},"image":{"@id":"https:\/\/bunnyboo.ro\/#\/schema\/logo\/image\/"}}]}},"_links":{"self":[{"href":"https:\/\/bunnyboo.ro\/en\/wp-json\/wp\/v2\/product\/6964","targetHints":{"allow":["GET"]}}],"collection":[{"href":"https:\/\/bunnyboo.ro\/en\/wp-json\/wp\/v2\/product"}],"about":[{"href":"https:\/\/bunnyboo.ro\/en\/wp-json\/wp\/v2\/types\/product"}],"replies":[{"embeddable":true,"href":"https:\/\/bunnyboo.ro\/en\/wp-json\/wp\/v2\/comments?post=6964"}],"wp:featuredmedia":[{"embeddable":true,"href":"https:\/\/bunnyboo.ro\/en\/wp-json\/wp\/v2\/media\/8567"}],"wp:attachment":[{"href":"https:\/\/bunnyboo.ro\/en\/wp-json\/wp\/v2\/media?parent=6964"}],"wp:term":[{"taxonomy":"product_brand","embeddable":true,"href":"https:\/\/bunnyboo.ro\/en\/wp-json\/wp\/v2\/product_brand?post=6964"},{"taxonomy":"product_cat","embeddable":true,"href":"https:\/\/bunnyboo.ro\/en\/wp-json\/wp\/v2\/product_cat?post=6964"},{"taxonomy":"product_tag","embeddable":true,"href":"https:\/\/bunnyboo.ro\/en\/wp-json\/wp\/v2\/product_tag?post=6964"}],"curies":[{"name":"wp","href":"https:\/\/api.w.org\/{rel}","templated":true}]}}