{"id":6944,"date":"2023-08-02T13:38:50","date_gmt":"2023-08-02T13:38:50","guid":{"rendered":"https:\/\/bunnyboo.ro\/product\/salopeta-fleece-snowberry-gray-stellar\/"},"modified":"2026-02-04T15:51:51","modified_gmt":"2026-02-04T13:51:51","slug":"salopeta-fleece-snowberry-gray-stellar","status":"publish","type":"product","link":"https:\/\/bunnyboo.ro\/en\/produs\/salopeta-fleece-snowberry-gray-stellar\/","title":{"rendered":"Salopeta Fleece Snowberry Gray Stellar"},"content":{"rendered":"<p>Elegant\u0103 \u0219i practic\u0103, salopeta din fleece Leokid este conceput\u0103 pentru copiii de la 9 luni la 5 ani.<\/p>\n<p>Aceasta este confec\u021bionat\u0103 dintr-o \u021bes\u0103tur\u0103 moale, cu o densitate de 200 g\/m2, care elimin\u0103 eficient umezeala, p\u0103str\u00e2nd \u00een acela\u0219i timp c\u0103ldura \u00een interior. Structura fleece permite pielii s\u0103 respire.<\/p>\n<p>Materialul s\u0103u tehnologic elimin\u0103 eficient umezeala chiar \u0219i atunci c\u00e2nd este ud, p\u0103str\u00e2nd \u00een acela\u0219i timp c\u0103ldura \u0219i men\u021bin\u00e2nd o temperatur\u0103 confortabil\u0103 a corpului.<\/p>\n<p>&nbsp;<\/p>\n<p>Fermoarul central lung face imbracatul mai usor. Acesta este prevazut cu protectie pentru barbie. Gulerul salopetei asigur\u0103 o protec\u021bie suplimentar\u0103 \u00eempotriva frigului.<\/p>\n<p>Salopeta din fleece poate fi purtat\u0103 ca strat izolator intermediar sau ca \u00eembr\u0103c\u0103minte independent\u0103.<\/p>\n<p>&nbsp;<\/p>\n<p>Salopeta elastic\u0103 \u0219i lejera garanteaz\u0103 confortul celui mic si mi\u0219cari f\u0103r\u0103 restric\u021bii.<\/p>\n<p>Man\u0219etele elastice de pe m\u00e2neci \u0219i pantaloni se potrivesc bine pe bra\u021be \u0219i picioare, nu se \u00eendoaie \u0219i \u00eempiedic\u0103 infiltrarea aerului rece.<\/p>\n<p>U\u0219oar\u0103 \u0219i durabil\u0103, salopeta din fleece Leokid este u\u0219or de \u00eentre\u021binut \u0219i se usuc\u0103 rapid.<\/p>\n<p>&nbsp;<\/p>\n<p>Ofera-i fiecarei plimbari alaturi de micutul tau mult confort si bucurie!<\/p>\n<div><\/div>\n<div>\n<div>Materiale:<\/div>\n<div>C\u0103ptu\u0219eal\u0103: 94% poliester, 6% spandex<\/div>\n<div>Interior: fleece moale<\/div>\n<div>Accesorii: fermoare din plastic.<\/div>\n<div><\/div>\n<div>\u00cengrijire:<\/div>\n<div>Este usor de intretinut, se poate spala la masina de spalat haine la temperatura de 30 de grade si turatii maxime de 600; p<span style=\"text-size-adjust: 100%;\">re-sp\u0103larea si spalarea separata fiind recomandate.<\/span><\/div>\n<div>\u00cenainte de sp\u0103lare, asigura\u021bi-v\u0103 c\u0103 fermoarele sunt inchise. Spalati costumul pe dos. F\u0103r\u0103 uscare. Nu calcati. Nu folositi balsam de rufe.<\/div>\n<\/div>\n<div><\/div>\n<div>Marimi:<\/div>\n<div>\n<div>M\u0103rime 74 \/ V\u00e2rst\u0103 9-12 luni \/ \u00cen\u0103l\u021bime 74-80 cm<\/div>\n<div>M\u0103rime 80 \/ V\u00e2rst\u0103 12\u201318 luni \/ \u00cen\u0103l\u021bime 80\u201386 cm<\/div>\n<div>M\u0103rime 86 \/ V\u00e2rst\u0103 18\u201324 luni \/ \u00cen\u0103l\u021bime 86-92 cm<\/div>\n<div>M\u0103rime 92 \/ V\u00e2rst\u0103 2-3 ani \/ \u00cen\u0103l\u021bime 92-98 cm<\/div>\n<div>M\u0103rime 98 \/ V\u00e2rst\u0103 3-4 ani \/ \u00cen\u0103l\u021bime 98-104 cm<\/div>\n<div>M\u0103rime 104 \/ V\u00e2rst\u0103 4-5 ani \/<\/div>\n<\/div>\n","protected":false},"excerpt":{"rendered":"<p>Elegant\u0103 \u0219i practic\u0103, salopeta din fleece Leokid este conceput\u0103 pentru copiii de la 9 luni la 5 ani. Aceasta este confec\u021bionat\u0103 dintr-o \u021bes\u0103tur\u0103 moale, cu o densitate de 200 g\/m2, care elimin\u0103 eficient umezeala, p\u0103str\u00e2nd \u00een acela\u0219i timp c\u0103ldura \u00een interior. Structura fleece permite pielii s\u0103 respire. Materialul s\u0103u tehnologic elimin\u0103 eficient umezeala chiar \u0219i [&hellip;]<\/p>\n","protected":false},"featured_media":8568,"comment_status":"open","ping_status":"closed","template":"","meta":{"site-sidebar-layout":"default","site-content-layout":"","ast-site-content-layout":"default","site-content-style":"default","site-sidebar-style":"default","ast-global-header-display":"","ast-banner-title-visibility":"","ast-main-header-display":"","ast-hfb-above-header-display":"","ast-hfb-below-header-display":"","ast-hfb-mobile-header-display":"","site-post-title":"","ast-breadcrumbs-content":"","ast-featured-img":"","footer-sml-layout":"","theme-transparent-header-meta":"default","adv-header-id-meta":"","stick-header-meta":"default","header-above-stick-meta":"","header-main-stick-meta":"","header-below-stick-meta":"","astra-migrate-meta-layouts":"set","ast-page-background-enabled":"default","ast-page-background-meta":{"desktop":{"background-color":"","background-image":"","background-repeat":"repeat","background-position":"center center","background-size":"auto","background-attachment":"scroll","background-type":"","background-media":"","overlay-type":"","overlay-color":"","overlay-opacity":"","overlay-gradient":""},"tablet":{"background-color":"","background-image":"","background-repeat":"repeat","background-position":"center center","background-size":"auto","background-attachment":"scroll","background-type":"","background-media":"","overlay-type":"","overlay-color":"","overlay-opacity":"","overlay-gradient":""},"mobile":{"background-color":"","background-image":"","background-repeat":"repeat","background-position":"center center","background-size":"auto","background-attachment":"scroll","background-type":"","background-media":"","overlay-type":"","overlay-color":"","overlay-opacity":"","overlay-gradient":""}},"ast-content-background-meta":{"desktop":{"background-color":"var(--ast-global-color-5)","background-image":"","background-repeat":"repeat","background-position":"center center","background-size":"auto","background-attachment":"scroll","background-type":"","background-media":"","overlay-type":"","overlay-color":"","overlay-opacity":"","overlay-gradient":""},"tablet":{"background-color":"var(--ast-global-color-5)","background-image":"","background-repeat":"repeat","background-position":"center center","background-size":"auto","background-attachment":"scroll","background-type":"","background-media":"","overlay-type":"","overlay-color":"","overlay-opacity":"","overlay-gradient":""},"mobile":{"background-color":"var(--ast-global-color-5)","background-image":"","background-repeat":"repeat","background-position":"center center","background-size":"auto","background-attachment":"scroll","background-type":"","background-media":"","overlay-type":"","overlay-color":"","overlay-opacity":"","overlay-gradient":""}}},"product_brand":[],"product_cat":[76,132],"product_tag":[],"class_list":{"0":"post-6944","1":"product","2":"type-product","3":"status-publish","4":"has-post-thumbnail","6":"product_cat-salopete-moi-perfecte-pentru-micul-explorator","7":"product_cat-reduceri-pentru-tine","8":"pa_marime-74inaltime74_80cm9_12luni","9":"pa_marime-80inaltime80_86cm12_18luni","10":"pa_marime-86inaltime86_92cm18_24luni","11":"pa_marime-92inaltime92_98cm2_3ani","12":"pa_marime-98inaltime98_104cm3_4ani","13":"pa_marime-104inaltime104_110cm4_5ani","14":"desktop-align-left","15":"tablet-align-left","16":"mobile-align-left","17":"ast-product-gallery-layout-horizontal-slider","18":"ast-product-single-variable","19":"ast-product-tabs-layout-vertical","20":"ast-qv-on-image","22":"first","23":"instock","24":"sale","25":"shipping-taxable","26":"purchasable","27":"product-type-variable"},"yoast_head":"<!-- This site is optimized with the Yoast SEO plugin v22.6 - https:\/\/yoast.com\/wordpress\/plugins\/seo\/ -->\n<title>Salopeta Fleece Snowberry Gray Stellar<\/title>\n<meta name=\"robots\" content=\"index, follow, max-snippet:-1, max-image-preview:large, max-video-preview:-1\" \/>\n<link rel=\"canonical\" href=\"https:\/\/bunnyboo.ro\/produs\/salopeta-fleece-snowberry-gray-stellar\/\" \/>\n<meta property=\"og:locale\" content=\"en_US\" \/>\n<meta property=\"og:type\" content=\"article\" \/>\n<meta property=\"og:title\" content=\"Salopeta Fleece Snowberry Gray Stellar\" \/>\n<meta property=\"og:description\" content=\"Elegant\u0103 \u0219i practic\u0103, salopeta din fleece Leokid este conceput\u0103 pentru copiii de la 9 luni la 5 ani. Aceasta este confec\u021bionat\u0103 dintr-o \u021bes\u0103tur\u0103 moale, cu o densitate de 200 g\/m2, care elimin\u0103 eficient umezeala, p\u0103str\u00e2nd \u00een acela\u0219i timp c\u0103ldura \u00een interior. Structura fleece permite pielii s\u0103 respire. Materialul s\u0103u tehnologic elimin\u0103 eficient umezeala chiar \u0219i [&hellip;]\" \/>\n<meta property=\"og:url\" content=\"https:\/\/bunnyboo.ro\/produs\/salopeta-fleece-snowberry-gray-stellar\/\" \/>\n<meta property=\"og:site_name\" content=\"Bunny Boo\" \/>\n<meta property=\"article:modified_time\" content=\"2026-02-04T13:51:51+00:00\" \/>\n<meta property=\"og:image\" content=\"https:\/\/bunnyboo.ro\/wp-content\/uploads\/2023\/08\/gray-stellar_1-1.png\" \/>\n\t<meta property=\"og:image:width\" content=\"1600\" \/>\n\t<meta property=\"og:image:height\" content=\"2000\" \/>\n\t<meta property=\"og:image:type\" content=\"image\/png\" \/>\n<meta name=\"twitter:card\" content=\"summary_large_image\" \/>\n<meta name=\"twitter:label1\" content=\"Est. reading time\" \/>\n\t<meta name=\"twitter:data1\" content=\"2 minutes\" \/>\n<script type=\"application\/ld+json\" class=\"yoast-schema-graph\">{\"@context\":\"https:\/\/schema.org\",\"@graph\":[{\"@type\":\"WebPage\",\"@id\":\"https:\/\/bunnyboo.ro\/produs\/salopeta-fleece-snowberry-gray-stellar\/\",\"url\":\"https:\/\/bunnyboo.ro\/produs\/salopeta-fleece-snowberry-gray-stellar\/\",\"name\":\"Salopeta Fleece Snowberry Gray Stellar\",\"isPartOf\":{\"@id\":\"https:\/\/bunnyboo.ro\/#website\"},\"primaryImageOfPage\":{\"@id\":\"https:\/\/bunnyboo.ro\/produs\/salopeta-fleece-snowberry-gray-stellar\/#primaryimage\"},\"image\":{\"@id\":\"https:\/\/bunnyboo.ro\/produs\/salopeta-fleece-snowberry-gray-stellar\/#primaryimage\"},\"thumbnailUrl\":\"https:\/\/bunnyboo.ro\/wp-content\/uploads\/2023\/08\/gray-stellar_1-1.png\",\"datePublished\":\"2023-08-02T13:38:50+00:00\",\"dateModified\":\"2026-02-04T13:51:51+00:00\",\"breadcrumb\":{\"@id\":\"https:\/\/bunnyboo.ro\/produs\/salopeta-fleece-snowberry-gray-stellar\/#breadcrumb\"},\"inLanguage\":\"en-US\",\"potentialAction\":[{\"@type\":\"ReadAction\",\"target\":[\"https:\/\/bunnyboo.ro\/produs\/salopeta-fleece-snowberry-gray-stellar\/\"]}]},{\"@type\":\"ImageObject\",\"inLanguage\":\"en-US\",\"@id\":\"https:\/\/bunnyboo.ro\/produs\/salopeta-fleece-snowberry-gray-stellar\/#primaryimage\",\"url\":\"https:\/\/bunnyboo.ro\/wp-content\/uploads\/2023\/08\/gray-stellar_1-1.png\",\"contentUrl\":\"https:\/\/bunnyboo.ro\/wp-content\/uploads\/2023\/08\/gray-stellar_1-1.png\",\"width\":1600,\"height\":2000},{\"@type\":\"BreadcrumbList\",\"@id\":\"https:\/\/bunnyboo.ro\/produs\/salopeta-fleece-snowberry-gray-stellar\/#breadcrumb\",\"itemListElement\":[{\"@type\":\"ListItem\",\"position\":1,\"name\":\"Home\",\"item\":\"https:\/\/bunnyboo.ro\/en\/\"},{\"@type\":\"ListItem\",\"position\":2,\"name\":\"New\",\"item\":\"https:\/\/bunnyboo.ro\/en\/shop\/\"},{\"@type\":\"ListItem\",\"position\":3,\"name\":\"Salopeta Fleece Snowberry Gray Stellar\"}]},{\"@type\":\"WebSite\",\"@id\":\"https:\/\/bunnyboo.ro\/#website\",\"url\":\"https:\/\/bunnyboo.ro\/\",\"name\":\"Bunny Boo\",\"description\":\"Bunny Boo\",\"publisher\":{\"@id\":\"https:\/\/bunnyboo.ro\/#organization\"},\"potentialAction\":[{\"@type\":\"SearchAction\",\"target\":{\"@type\":\"EntryPoint\",\"urlTemplate\":\"https:\/\/bunnyboo.ro\/?s={search_term_string}\"},\"query-input\":\"required name=search_term_string\"}],\"inLanguage\":\"en-US\"},{\"@type\":\"Organization\",\"@id\":\"https:\/\/bunnyboo.ro\/#organization\",\"name\":\"Bunny Boo\",\"url\":\"https:\/\/bunnyboo.ro\/\",\"logo\":{\"@type\":\"ImageObject\",\"inLanguage\":\"en-US\",\"@id\":\"https:\/\/bunnyboo.ro\/#\/schema\/logo\/image\/\",\"url\":\"https:\/\/bunnyboo.ro\/wp-content\/uploads\/2024\/03\/Logo-website-black.png\",\"contentUrl\":\"https:\/\/bunnyboo.ro\/wp-content\/uploads\/2024\/03\/Logo-website-black.png\",\"width\":2422,\"height\":946,\"caption\":\"Bunny Boo\"},\"image\":{\"@id\":\"https:\/\/bunnyboo.ro\/#\/schema\/logo\/image\/\"}}]}<\/script>\n<!-- \/ Yoast SEO plugin. -->","yoast_head_json":{"title":"Salopeta Fleece Snowberry Gray Stellar","robots":{"index":"index","follow":"follow","max-snippet":"max-snippet:-1","max-image-preview":"max-image-preview:large","max-video-preview":"max-video-preview:-1"},"canonical":"https:\/\/bunnyboo.ro\/produs\/salopeta-fleece-snowberry-gray-stellar\/","og_locale":"en_US","og_type":"article","og_title":"Salopeta Fleece Snowberry Gray Stellar","og_description":"Elegant\u0103 \u0219i practic\u0103, salopeta din fleece Leokid este conceput\u0103 pentru copiii de la 9 luni la 5 ani. Aceasta este confec\u021bionat\u0103 dintr-o \u021bes\u0103tur\u0103 moale, cu o densitate de 200 g\/m2, care elimin\u0103 eficient umezeala, p\u0103str\u00e2nd \u00een acela\u0219i timp c\u0103ldura \u00een interior. Structura fleece permite pielii s\u0103 respire. Materialul s\u0103u tehnologic elimin\u0103 eficient umezeala chiar \u0219i [&hellip;]","og_url":"https:\/\/bunnyboo.ro\/produs\/salopeta-fleece-snowberry-gray-stellar\/","og_site_name":"Bunny Boo","article_modified_time":"2026-02-04T13:51:51+00:00","og_image":[{"width":1600,"height":2000,"url":"https:\/\/bunnyboo.ro\/wp-content\/uploads\/2023\/08\/gray-stellar_1-1.png","type":"image\/png"}],"twitter_card":"summary_large_image","twitter_misc":{"Est. reading time":"2 minutes"},"schema":{"@context":"https:\/\/schema.org","@graph":[{"@type":"WebPage","@id":"https:\/\/bunnyboo.ro\/produs\/salopeta-fleece-snowberry-gray-stellar\/","url":"https:\/\/bunnyboo.ro\/produs\/salopeta-fleece-snowberry-gray-stellar\/","name":"Salopeta Fleece Snowberry Gray Stellar","isPartOf":{"@id":"https:\/\/bunnyboo.ro\/#website"},"primaryImageOfPage":{"@id":"https:\/\/bunnyboo.ro\/produs\/salopeta-fleece-snowberry-gray-stellar\/#primaryimage"},"image":{"@id":"https:\/\/bunnyboo.ro\/produs\/salopeta-fleece-snowberry-gray-stellar\/#primaryimage"},"thumbnailUrl":"https:\/\/bunnyboo.ro\/wp-content\/uploads\/2023\/08\/gray-stellar_1-1.png","datePublished":"2023-08-02T13:38:50+00:00","dateModified":"2026-02-04T13:51:51+00:00","breadcrumb":{"@id":"https:\/\/bunnyboo.ro\/produs\/salopeta-fleece-snowberry-gray-stellar\/#breadcrumb"},"inLanguage":"en-US","potentialAction":[{"@type":"ReadAction","target":["https:\/\/bunnyboo.ro\/produs\/salopeta-fleece-snowberry-gray-stellar\/"]}]},{"@type":"ImageObject","inLanguage":"en-US","@id":"https:\/\/bunnyboo.ro\/produs\/salopeta-fleece-snowberry-gray-stellar\/#primaryimage","url":"https:\/\/bunnyboo.ro\/wp-content\/uploads\/2023\/08\/gray-stellar_1-1.png","contentUrl":"https:\/\/bunnyboo.ro\/wp-content\/uploads\/2023\/08\/gray-stellar_1-1.png","width":1600,"height":2000},{"@type":"BreadcrumbList","@id":"https:\/\/bunnyboo.ro\/produs\/salopeta-fleece-snowberry-gray-stellar\/#breadcrumb","itemListElement":[{"@type":"ListItem","position":1,"name":"Home","item":"https:\/\/bunnyboo.ro\/en\/"},{"@type":"ListItem","position":2,"name":"New","item":"https:\/\/bunnyboo.ro\/en\/shop\/"},{"@type":"ListItem","position":3,"name":"Salopeta Fleece Snowberry Gray Stellar"}]},{"@type":"WebSite","@id":"https:\/\/bunnyboo.ro\/#website","url":"https:\/\/bunnyboo.ro\/","name":"Bunny Boo","description":"Bunny Boo","publisher":{"@id":"https:\/\/bunnyboo.ro\/#organization"},"potentialAction":[{"@type":"SearchAction","target":{"@type":"EntryPoint","urlTemplate":"https:\/\/bunnyboo.ro\/?s={search_term_string}"},"query-input":"required name=search_term_string"}],"inLanguage":"en-US"},{"@type":"Organization","@id":"https:\/\/bunnyboo.ro\/#organization","name":"Bunny Boo","url":"https:\/\/bunnyboo.ro\/","logo":{"@type":"ImageObject","inLanguage":"en-US","@id":"https:\/\/bunnyboo.ro\/#\/schema\/logo\/image\/","url":"https:\/\/bunnyboo.ro\/wp-content\/uploads\/2024\/03\/Logo-website-black.png","contentUrl":"https:\/\/bunnyboo.ro\/wp-content\/uploads\/2024\/03\/Logo-website-black.png","width":2422,"height":946,"caption":"Bunny Boo"},"image":{"@id":"https:\/\/bunnyboo.ro\/#\/schema\/logo\/image\/"}}]}},"_links":{"self":[{"href":"https:\/\/bunnyboo.ro\/en\/wp-json\/wp\/v2\/product\/6944","targetHints":{"allow":["GET"]}}],"collection":[{"href":"https:\/\/bunnyboo.ro\/en\/wp-json\/wp\/v2\/product"}],"about":[{"href":"https:\/\/bunnyboo.ro\/en\/wp-json\/wp\/v2\/types\/product"}],"replies":[{"embeddable":true,"href":"https:\/\/bunnyboo.ro\/en\/wp-json\/wp\/v2\/comments?post=6944"}],"wp:featuredmedia":[{"embeddable":true,"href":"https:\/\/bunnyboo.ro\/en\/wp-json\/wp\/v2\/media\/8568"}],"wp:attachment":[{"href":"https:\/\/bunnyboo.ro\/en\/wp-json\/wp\/v2\/media?parent=6944"}],"wp:term":[{"taxonomy":"product_brand","embeddable":true,"href":"https:\/\/bunnyboo.ro\/en\/wp-json\/wp\/v2\/product_brand?post=6944"},{"taxonomy":"product_cat","embeddable":true,"href":"https:\/\/bunnyboo.ro\/en\/wp-json\/wp\/v2\/product_cat?post=6944"},{"taxonomy":"product_tag","embeddable":true,"href":"https:\/\/bunnyboo.ro\/en\/wp-json\/wp\/v2\/product_tag?post=6944"}],"curies":[{"name":"wp","href":"https:\/\/api.w.org\/{rel}","templated":true}]}}