{"id":6702,"date":"2023-07-27T13:55:32","date_gmt":"2023-07-27T13:55:32","guid":{"rendered":"https:\/\/bunnyboo.ro\/product\/sezut-bebelusi-pentru-scaunul-tobo-natural\/"},"modified":"2024-11-05T13:22:51","modified_gmt":"2024-11-05T11:22:51","slug":"sezut-bebelusi-pentru-scaunul-tobo-natural","status":"publish","type":"product","link":"https:\/\/bunnyboo.ro\/en\/produs\/sezut-bebelusi-pentru-scaunul-tobo-natural\/","title":{"rendered":"Sezut Bebelusi pentru Scaunul Tobo &#8211; Natural"},"content":{"rendered":"<p>Sezutul pentru bebelusi v\u0103 permite s\u0103 utiliza\u021bi scaunul TOBO pentru bebelusi incepand de la 6 p\u00e2n\u0103 la aproximativ 36 de luni. Sp\u0103tarul s\u0103u va asigura confortul \u0219i sprijinul optim.<\/p>\n<p>Setul contine:<\/p>\n<ul>\n<li>Un spatar din lemn pentru bebelusi<\/li>\n<li> O centur\u0103 de lemn \u00eenf\u0103\u015furat\u0103 <\/li>\n<li>Ham de siguranta in 5 puncte<\/li>\n<\/ul>\n<p>Pentru bebelusii de&nbsp; 6 &#8211; 18 luni recomandam folosirea pernei, care ofera un suport mai optim. Tavita op\u021bionala este u\u0219or de ata\u0219at la setul pentru bebelu\u0219i.<\/p>\n<p>V\u0103 rug\u0103m s\u0103 re\u021bine\u021bi: sezutul pentru bebelu\u0219i este un accesoriu; scaunul \u00eenalt Tobo se vinde separat.<\/p>\n<p>Specificatii:<\/p>\n<ul>\n<li style=\"-webkit-font-smoothing: antialiased; margin: 0px; padding: 0px 0px 0px 15px; border: 0px; font-variant-numeric: inherit; font-variant-east-asian: inherit; font-variant-alternates: inherit; font-stretch: inherit; line-height: inherit; font-optical-sizing: inherit; font-kerning: inherit; font-feature-settings: inherit; font-variation-settings: inherit; vertical-align: baseline; position: relative;\">Pentru copii incepand de la 6 luni<\/li>\n<li style=\"-webkit-font-smoothing: antialiased; margin: 0px; padding: 0px 0px 0px 15px; border: 0px; font-variant-numeric: inherit; font-variant-east-asian: inherit; font-variant-alternates: inherit; font-stretch: inherit; line-height: inherit; font-optical-sizing: inherit; font-kerning: inherit; font-feature-settings: inherit; font-variation-settings: inherit; vertical-align: baseline; position: relative;\">Conform cu standardul de siguranta: EN14988:2017+A1:2020<\/li>\n<li style=\"-webkit-font-smoothing: antialiased; margin: 0px; padding: 0px 0px 0px 15px; border: 0px; font-variant-numeric: inherit; font-variant-east-asian: inherit; font-variant-alternates: inherit; font-stretch: inherit; line-height: inherit; font-optical-sizing: inherit; font-kerning: inherit; font-feature-settings: inherit; font-variation-settings: inherit; vertical-align: baseline; position: relative;\">Usor de ansamblat<\/li>\n<li style=\"-webkit-font-smoothing: antialiased; margin: 0px; padding: 0px 0px 0px 15px; border: 0px; font-variant-numeric: inherit; font-variant-east-asian: inherit; font-variant-alternates: inherit; font-stretch: inherit; line-height: inherit; font-optical-sizing: inherit; font-kerning: inherit; font-feature-settings: inherit; font-variation-settings: inherit; vertical-align: baseline; position: relative;\">Accesorii optionale: tavita, perna<\/li>\n<\/ul>\n<p style=\"margin-bottom: 0px; -webkit-font-smoothing: antialiased; padding: 0px 0px 0px 15px; border: 0px; font-variant-numeric: inherit; font-variant-east-asian: inherit; font-variant-alternates: inherit; font-stretch: inherit; line-height: inherit; font-optical-sizing: inherit; font-kerning: inherit; font-feature-settings: inherit; font-variation-settings: inherit; vertical-align: baseline; position: relative;\">Materiale: lemn de fag<\/p>\n<p style=\"margin-bottom: 0px; -webkit-font-smoothing: antialiased; padding: 0px 0px 0px 15px; border: 0px; font-variant-numeric: inherit; font-variant-east-asian: inherit; font-variant-alternates: inherit; font-stretch: inherit; line-height: inherit; font-optical-sizing: inherit; font-kerning: inherit; font-feature-settings: inherit; font-variation-settings: inherit; vertical-align: baseline; position: relative;\">Cur\u0103\u021ba\u021bi scaunul numai cu s\u0103pun sau alt detergent u\u0219or, netoxic \u0219i ap\u0103 fierbinte. \u0218terge\u021bi excesul de lichid cu o c\u00e2rp\u0103 uscat\u0103.<\/p>\n<p style=\"margin-bottom: 0px; -webkit-font-smoothing: antialiased; padding: 0px 0px 0px 15px; border: 0px; font-variant-numeric: inherit; font-variant-east-asian: inherit; font-variant-alternates: inherit; font-stretch: inherit; line-height: inherit; font-optical-sizing: inherit; font-kerning: inherit; font-feature-settings: inherit; font-variation-settings: inherit; vertical-align: baseline; position: relative;\"><\/p>\n","protected":false},"excerpt":{"rendered":"<p>Sezutul pentru bebelusi v\u0103 permite s\u0103 utiliza\u021bi scaunul TOBO pentru bebelusi incepand de la 6 p\u00e2n\u0103 la aproximativ 36 de luni. Sp\u0103tarul s\u0103u va asigura confortul \u0219i sprijinul optim. Setul contine: Un spatar din lemn pentru bebelusi O centur\u0103 de lemn \u00eenf\u0103\u015furat\u0103 Ham de siguranta in 5 puncte Pentru bebelusii de&nbsp; 6 &#8211; 18 luni [&hellip;]<\/p>\n","protected":false},"featured_media":6696,"comment_status":"open","ping_status":"closed","template":"","meta":{"site-sidebar-layout":"default","site-content-layout":"","ast-site-content-layout":"","site-content-style":"default","site-sidebar-style":"default","ast-global-header-display":"","ast-banner-title-visibility":"","ast-main-header-display":"","ast-hfb-above-header-display":"","ast-hfb-below-header-display":"","ast-hfb-mobile-header-display":"","site-post-title":"","ast-breadcrumbs-content":"","ast-featured-img":"","footer-sml-layout":"","theme-transparent-header-meta":"","adv-header-id-meta":"","stick-header-meta":"","header-above-stick-meta":"","header-main-stick-meta":"","header-below-stick-meta":"","astra-migrate-meta-layouts":"default","ast-page-background-enabled":"default","ast-page-background-meta":{"desktop":{"background-color":"","background-image":"","background-repeat":"repeat","background-position":"center center","background-size":"auto","background-attachment":"scroll","background-type":"","background-media":"","overlay-type":"","overlay-color":"","overlay-opacity":"","overlay-gradient":""},"tablet":{"background-color":"","background-image":"","background-repeat":"repeat","background-position":"center center","background-size":"auto","background-attachment":"scroll","background-type":"","background-media":"","overlay-type":"","overlay-color":"","overlay-opacity":"","overlay-gradient":""},"mobile":{"background-color":"","background-image":"","background-repeat":"repeat","background-position":"center center","background-size":"auto","background-attachment":"scroll","background-type":"","background-media":"","overlay-type":"","overlay-color":"","overlay-opacity":"","overlay-gradient":""}},"ast-content-background-meta":{"desktop":{"background-color":"var(--ast-global-color-5)","background-image":"","background-repeat":"repeat","background-position":"center center","background-size":"auto","background-attachment":"scroll","background-type":"","background-media":"","overlay-type":"","overlay-color":"","overlay-opacity":"","overlay-gradient":""},"tablet":{"background-color":"var(--ast-global-color-5)","background-image":"","background-repeat":"repeat","background-position":"center center","background-size":"auto","background-attachment":"scroll","background-type":"","background-media":"","overlay-type":"","overlay-color":"","overlay-opacity":"","overlay-gradient":""},"mobile":{"background-color":"var(--ast-global-color-5)","background-image":"","background-repeat":"repeat","background-position":"center center","background-size":"auto","background-attachment":"scroll","background-type":"","background-media":"","overlay-type":"","overlay-color":"","overlay-opacity":"","overlay-gradient":""}}},"product_brand":[],"product_cat":[89],"product_tag":[],"class_list":{"0":"post-6702","1":"product","2":"type-product","3":"status-publish","4":"has-post-thumbnail","6":"product_cat-primul-scaun-al-puiului-tau","7":"desktop-align-left","8":"tablet-align-left","9":"mobile-align-left","10":"ast-product-gallery-layout-horizontal-slider","11":"ast-product-tabs-layout-vertical","12":"ast-qv-on-image","14":"first","15":"onbackorder","16":"shipping-taxable","17":"purchasable","18":"product-type-simple"},"yoast_head":"<!-- This site is optimized with the Yoast SEO plugin v22.6 - https:\/\/yoast.com\/wordpress\/plugins\/seo\/ -->\n<title>Sezut Bebelusi pentru Scaunul Tobo - Natural<\/title>\n<meta name=\"robots\" content=\"index, follow, max-snippet:-1, max-image-preview:large, max-video-preview:-1\" \/>\n<link rel=\"canonical\" href=\"https:\/\/bunnyboo.ro\/produs\/sezut-bebelusi-pentru-scaunul-tobo-natural\/\" \/>\n<meta property=\"og:locale\" content=\"en_US\" \/>\n<meta property=\"og:type\" content=\"article\" \/>\n<meta property=\"og:title\" content=\"Sezut Bebelusi pentru Scaunul Tobo - Natural\" \/>\n<meta property=\"og:description\" content=\"Sezutul pentru bebelusi v\u0103 permite s\u0103 utiliza\u021bi scaunul TOBO pentru bebelusi incepand de la 6 p\u00e2n\u0103 la aproximativ 36 de luni. Sp\u0103tarul s\u0103u va asigura confortul \u0219i sprijinul optim. Setul contine: Un spatar din lemn pentru bebelusi O centur\u0103 de lemn \u00eenf\u0103\u015furat\u0103 Ham de siguranta in 5 puncte Pentru bebelusii de&nbsp; 6 &#8211; 18 luni [&hellip;]\" \/>\n<meta property=\"og:url\" content=\"https:\/\/bunnyboo.ro\/produs\/sezut-bebelusi-pentru-scaunul-tobo-natural\/\" \/>\n<meta property=\"og:site_name\" content=\"Bunny Boo\" \/>\n<meta property=\"article:modified_time\" content=\"2024-11-05T11:22:51+00:00\" \/>\n<meta property=\"og:image\" content=\"https:\/\/bunnyboo.ro\/wp-content\/uploads\/2023\/07\/TOBO_WOOD_BABYSET2_3-4_ZOOM-1024x1024.png\" \/>\n\t<meta property=\"og:image:width\" content=\"1024\" \/>\n\t<meta property=\"og:image:height\" content=\"1024\" \/>\n\t<meta property=\"og:image:type\" content=\"image\/png\" \/>\n<meta name=\"twitter:card\" content=\"summary_large_image\" \/>\n<meta name=\"twitter:label1\" content=\"Est. reading time\" \/>\n\t<meta name=\"twitter:data1\" content=\"1 minute\" \/>\n<script type=\"application\/ld+json\" class=\"yoast-schema-graph\">{\"@context\":\"https:\/\/schema.org\",\"@graph\":[{\"@type\":\"WebPage\",\"@id\":\"https:\/\/bunnyboo.ro\/produs\/sezut-bebelusi-pentru-scaunul-tobo-natural\/\",\"url\":\"https:\/\/bunnyboo.ro\/produs\/sezut-bebelusi-pentru-scaunul-tobo-natural\/\",\"name\":\"Sezut Bebelusi pentru Scaunul Tobo - Natural\",\"isPartOf\":{\"@id\":\"https:\/\/bunnyboo.ro\/#website\"},\"primaryImageOfPage\":{\"@id\":\"https:\/\/bunnyboo.ro\/produs\/sezut-bebelusi-pentru-scaunul-tobo-natural\/#primaryimage\"},\"image\":{\"@id\":\"https:\/\/bunnyboo.ro\/produs\/sezut-bebelusi-pentru-scaunul-tobo-natural\/#primaryimage\"},\"thumbnailUrl\":\"https:\/\/bunnyboo.ro\/wp-content\/uploads\/2023\/07\/TOBO_WOOD_BABYSET2_3-4_ZOOM.png\",\"datePublished\":\"2023-07-27T13:55:32+00:00\",\"dateModified\":\"2024-11-05T11:22:51+00:00\",\"breadcrumb\":{\"@id\":\"https:\/\/bunnyboo.ro\/produs\/sezut-bebelusi-pentru-scaunul-tobo-natural\/#breadcrumb\"},\"inLanguage\":\"en-US\",\"potentialAction\":[{\"@type\":\"ReadAction\",\"target\":[\"https:\/\/bunnyboo.ro\/produs\/sezut-bebelusi-pentru-scaunul-tobo-natural\/\"]}]},{\"@type\":\"ImageObject\",\"inLanguage\":\"en-US\",\"@id\":\"https:\/\/bunnyboo.ro\/produs\/sezut-bebelusi-pentru-scaunul-tobo-natural\/#primaryimage\",\"url\":\"https:\/\/bunnyboo.ro\/wp-content\/uploads\/2023\/07\/TOBO_WOOD_BABYSET2_3-4_ZOOM.png\",\"contentUrl\":\"https:\/\/bunnyboo.ro\/wp-content\/uploads\/2023\/07\/TOBO_WOOD_BABYSET2_3-4_ZOOM.png\",\"width\":2000,\"height\":2000,\"caption\":\"TOBO_WOOD_BABYSET2_3-4_ZOOM\"},{\"@type\":\"BreadcrumbList\",\"@id\":\"https:\/\/bunnyboo.ro\/produs\/sezut-bebelusi-pentru-scaunul-tobo-natural\/#breadcrumb\",\"itemListElement\":[{\"@type\":\"ListItem\",\"position\":1,\"name\":\"Home\",\"item\":\"https:\/\/bunnyboo.ro\/en\/\"},{\"@type\":\"ListItem\",\"position\":2,\"name\":\"New\",\"item\":\"https:\/\/bunnyboo.ro\/en\/shop\/\"},{\"@type\":\"ListItem\",\"position\":3,\"name\":\"Sezut Bebelusi pentru Scaunul Tobo &#8211; Natural\"}]},{\"@type\":\"WebSite\",\"@id\":\"https:\/\/bunnyboo.ro\/#website\",\"url\":\"https:\/\/bunnyboo.ro\/\",\"name\":\"Bunny Boo\",\"description\":\"Bunny Boo\",\"publisher\":{\"@id\":\"https:\/\/bunnyboo.ro\/#organization\"},\"potentialAction\":[{\"@type\":\"SearchAction\",\"target\":{\"@type\":\"EntryPoint\",\"urlTemplate\":\"https:\/\/bunnyboo.ro\/?s={search_term_string}\"},\"query-input\":\"required name=search_term_string\"}],\"inLanguage\":\"en-US\"},{\"@type\":\"Organization\",\"@id\":\"https:\/\/bunnyboo.ro\/#organization\",\"name\":\"Bunny Boo\",\"url\":\"https:\/\/bunnyboo.ro\/\",\"logo\":{\"@type\":\"ImageObject\",\"inLanguage\":\"en-US\",\"@id\":\"https:\/\/bunnyboo.ro\/#\/schema\/logo\/image\/\",\"url\":\"https:\/\/bunnyboo.ro\/wp-content\/uploads\/2024\/03\/Logo-website-black.png\",\"contentUrl\":\"https:\/\/bunnyboo.ro\/wp-content\/uploads\/2024\/03\/Logo-website-black.png\",\"width\":2422,\"height\":946,\"caption\":\"Bunny Boo\"},\"image\":{\"@id\":\"https:\/\/bunnyboo.ro\/#\/schema\/logo\/image\/\"}}]}<\/script>\n<!-- \/ Yoast SEO plugin. -->","yoast_head_json":{"title":"Sezut Bebelusi pentru Scaunul Tobo - Natural","robots":{"index":"index","follow":"follow","max-snippet":"max-snippet:-1","max-image-preview":"max-image-preview:large","max-video-preview":"max-video-preview:-1"},"canonical":"https:\/\/bunnyboo.ro\/produs\/sezut-bebelusi-pentru-scaunul-tobo-natural\/","og_locale":"en_US","og_type":"article","og_title":"Sezut Bebelusi pentru Scaunul Tobo - Natural","og_description":"Sezutul pentru bebelusi v\u0103 permite s\u0103 utiliza\u021bi scaunul TOBO pentru bebelusi incepand de la 6 p\u00e2n\u0103 la aproximativ 36 de luni. Sp\u0103tarul s\u0103u va asigura confortul \u0219i sprijinul optim. Setul contine: Un spatar din lemn pentru bebelusi O centur\u0103 de lemn \u00eenf\u0103\u015furat\u0103 Ham de siguranta in 5 puncte Pentru bebelusii de&nbsp; 6 &#8211; 18 luni [&hellip;]","og_url":"https:\/\/bunnyboo.ro\/produs\/sezut-bebelusi-pentru-scaunul-tobo-natural\/","og_site_name":"Bunny Boo","article_modified_time":"2024-11-05T11:22:51+00:00","og_image":[{"width":1024,"height":1024,"url":"https:\/\/bunnyboo.ro\/wp-content\/uploads\/2023\/07\/TOBO_WOOD_BABYSET2_3-4_ZOOM-1024x1024.png","type":"image\/png"}],"twitter_card":"summary_large_image","twitter_misc":{"Est. reading time":"1 minute"},"schema":{"@context":"https:\/\/schema.org","@graph":[{"@type":"WebPage","@id":"https:\/\/bunnyboo.ro\/produs\/sezut-bebelusi-pentru-scaunul-tobo-natural\/","url":"https:\/\/bunnyboo.ro\/produs\/sezut-bebelusi-pentru-scaunul-tobo-natural\/","name":"Sezut Bebelusi pentru Scaunul Tobo - Natural","isPartOf":{"@id":"https:\/\/bunnyboo.ro\/#website"},"primaryImageOfPage":{"@id":"https:\/\/bunnyboo.ro\/produs\/sezut-bebelusi-pentru-scaunul-tobo-natural\/#primaryimage"},"image":{"@id":"https:\/\/bunnyboo.ro\/produs\/sezut-bebelusi-pentru-scaunul-tobo-natural\/#primaryimage"},"thumbnailUrl":"https:\/\/bunnyboo.ro\/wp-content\/uploads\/2023\/07\/TOBO_WOOD_BABYSET2_3-4_ZOOM.png","datePublished":"2023-07-27T13:55:32+00:00","dateModified":"2024-11-05T11:22:51+00:00","breadcrumb":{"@id":"https:\/\/bunnyboo.ro\/produs\/sezut-bebelusi-pentru-scaunul-tobo-natural\/#breadcrumb"},"inLanguage":"en-US","potentialAction":[{"@type":"ReadAction","target":["https:\/\/bunnyboo.ro\/produs\/sezut-bebelusi-pentru-scaunul-tobo-natural\/"]}]},{"@type":"ImageObject","inLanguage":"en-US","@id":"https:\/\/bunnyboo.ro\/produs\/sezut-bebelusi-pentru-scaunul-tobo-natural\/#primaryimage","url":"https:\/\/bunnyboo.ro\/wp-content\/uploads\/2023\/07\/TOBO_WOOD_BABYSET2_3-4_ZOOM.png","contentUrl":"https:\/\/bunnyboo.ro\/wp-content\/uploads\/2023\/07\/TOBO_WOOD_BABYSET2_3-4_ZOOM.png","width":2000,"height":2000,"caption":"TOBO_WOOD_BABYSET2_3-4_ZOOM"},{"@type":"BreadcrumbList","@id":"https:\/\/bunnyboo.ro\/produs\/sezut-bebelusi-pentru-scaunul-tobo-natural\/#breadcrumb","itemListElement":[{"@type":"ListItem","position":1,"name":"Home","item":"https:\/\/bunnyboo.ro\/en\/"},{"@type":"ListItem","position":2,"name":"New","item":"https:\/\/bunnyboo.ro\/en\/shop\/"},{"@type":"ListItem","position":3,"name":"Sezut Bebelusi pentru Scaunul Tobo &#8211; Natural"}]},{"@type":"WebSite","@id":"https:\/\/bunnyboo.ro\/#website","url":"https:\/\/bunnyboo.ro\/","name":"Bunny Boo","description":"Bunny Boo","publisher":{"@id":"https:\/\/bunnyboo.ro\/#organization"},"potentialAction":[{"@type":"SearchAction","target":{"@type":"EntryPoint","urlTemplate":"https:\/\/bunnyboo.ro\/?s={search_term_string}"},"query-input":"required name=search_term_string"}],"inLanguage":"en-US"},{"@type":"Organization","@id":"https:\/\/bunnyboo.ro\/#organization","name":"Bunny Boo","url":"https:\/\/bunnyboo.ro\/","logo":{"@type":"ImageObject","inLanguage":"en-US","@id":"https:\/\/bunnyboo.ro\/#\/schema\/logo\/image\/","url":"https:\/\/bunnyboo.ro\/wp-content\/uploads\/2024\/03\/Logo-website-black.png","contentUrl":"https:\/\/bunnyboo.ro\/wp-content\/uploads\/2024\/03\/Logo-website-black.png","width":2422,"height":946,"caption":"Bunny Boo"},"image":{"@id":"https:\/\/bunnyboo.ro\/#\/schema\/logo\/image\/"}}]}},"_links":{"self":[{"href":"https:\/\/bunnyboo.ro\/en\/wp-json\/wp\/v2\/product\/6702","targetHints":{"allow":["GET"]}}],"collection":[{"href":"https:\/\/bunnyboo.ro\/en\/wp-json\/wp\/v2\/product"}],"about":[{"href":"https:\/\/bunnyboo.ro\/en\/wp-json\/wp\/v2\/types\/product"}],"replies":[{"embeddable":true,"href":"https:\/\/bunnyboo.ro\/en\/wp-json\/wp\/v2\/comments?post=6702"}],"wp:featuredmedia":[{"embeddable":true,"href":"https:\/\/bunnyboo.ro\/en\/wp-json\/wp\/v2\/media\/6696"}],"wp:attachment":[{"href":"https:\/\/bunnyboo.ro\/en\/wp-json\/wp\/v2\/media?parent=6702"}],"wp:term":[{"taxonomy":"product_brand","embeddable":true,"href":"https:\/\/bunnyboo.ro\/en\/wp-json\/wp\/v2\/product_brand?post=6702"},{"taxonomy":"product_cat","embeddable":true,"href":"https:\/\/bunnyboo.ro\/en\/wp-json\/wp\/v2\/product_cat?post=6702"},{"taxonomy":"product_tag","embeddable":true,"href":"https:\/\/bunnyboo.ro\/en\/wp-json\/wp\/v2\/product_tag?post=6702"}],"curies":[{"name":"wp","href":"https:\/\/api.w.org\/{rel}","templated":true}]}}