{"id":6695,"date":"2023-07-27T13:29:14","date_gmt":"2023-07-27T13:29:14","guid":{"rendered":"https:\/\/bunnyboo.ro\/product\/scaun-de-masa-tobo-natural\/"},"modified":"2024-06-10T14:22:02","modified_gmt":"2024-06-10T11:22:02","slug":"scaun-de-masa-tobo-natural","status":"publish","type":"product","link":"https:\/\/bunnyboo.ro\/en\/produs\/scaun-de-masa-tobo-natural\/","title":{"rendered":"Scaun de Masa Tobo &#8211; Natural"},"content":{"rendered":"<p>Cu designul s\u0103u elegant, realizat din materiale naturale de cea mai inalta calitate, noul scaun TOBO se adapteaza perfect pentru nevoile bebelu\u0219ilor incepand de la 6 luni (cu sezutul pentru bebelu\u0219i),&nbsp;&nbsp;\u0219i va cre\u0219te odat\u0103 cu ei, an de an!<\/p>\n<p>Simplu \u0219i elegant, scaunul Tobo se va potrivi \u00een orice camer\u0103 a casei, de la buc\u0103t\u0103rie p\u00e2n\u0103 la sufragerie, inclusiv in dormitorul micu\u021bului.<\/p>\n<p>Specificatii:<\/p>\n<ul>\n<li style=\"-webkit-font-smoothing: antialiased; margin: 0px; padding: 0px 0px 0px 15px; border: 0px; font-variant-numeric: inherit; font-variant-east-asian: inherit; font-variant-alternates: inherit; font-stretch: inherit; line-height: inherit; font-optical-sizing: inherit; font-kerning: inherit; font-feature-settings: inherit; font-variation-settings: inherit; vertical-align: baseline; position: relative;\">Pentru copii incepand de la 6 luni<\/li>\n<li style=\"-webkit-font-smoothing: antialiased; margin: 0px; padding: 0px 0px 0px 15px; border: 0px; font-variant-numeric: inherit; font-variant-east-asian: inherit; font-variant-alternates: inherit; font-stretch: inherit; line-height: inherit; font-optical-sizing: inherit; font-kerning: inherit; font-feature-settings: inherit; font-variation-settings: inherit; vertical-align: baseline; position: relative;\">Sezut reglabil in 3 inaltimi (54\/49\/44 cm), 4 pozitii reglabile pentru suportul de picioruse<\/li>\n<li style=\"-webkit-font-smoothing: antialiased; margin: 0px; padding: 0px 0px 0px 15px; border: 0px; font-variant-numeric: inherit; font-variant-east-asian: inherit; font-variant-alternates: inherit; font-stretch: inherit; line-height: inherit; font-optical-sizing: inherit; font-kerning: inherit; font-feature-settings: inherit; font-variation-settings: inherit; vertical-align: baseline; position: relative;\">Conform cu standardul de siguranta: EN14988:2017+A1:2020<\/li>\n<li style=\"-webkit-font-smoothing: antialiased; margin: 0px; padding: 0px 0px 0px 15px; border: 0px; font-variant-numeric: inherit; font-variant-east-asian: inherit; font-variant-alternates: inherit; font-stretch: inherit; line-height: inherit; font-optical-sizing: inherit; font-kerning: inherit; font-feature-settings: inherit; font-variation-settings: inherit; vertical-align: baseline; position: relative;\">Usor de ansamblat<\/li>\n<li style=\"-webkit-font-smoothing: antialiased; margin: 0px; padding: 0px 0px 0px 15px; border: 0px; font-variant-numeric: inherit; font-variant-east-asian: inherit; font-variant-alternates: inherit; font-stretch: inherit; line-height: inherit; font-optical-sizing: inherit; font-kerning: inherit; font-feature-settings: inherit; font-variation-settings: inherit; vertical-align: baseline; position: relative;\">Accesorii optionale: sezut pentru bebelusi, perna, tavita<\/li>\n<li style=\"-webkit-font-smoothing: antialiased; margin: 0px; padding: 0px 0px 0px 15px; border: 0px; font-variant-numeric: inherit; font-variant-east-asian: inherit; font-variant-alternates: inherit; font-stretch: inherit; line-height: inherit; font-optical-sizing: inherit; font-kerning: inherit; font-feature-settings: inherit; font-variation-settings: inherit; vertical-align: baseline; position: relative;\">Dimensiuni scaun ansamblat: H 83 x W 42 x D 49 cm<\/li>\n<\/ul>\n<p style=\"-webkit-font-smoothing: antialiased; margin: 0px; padding: 0px 0px 0px 15px; border: 0px; font-variant-numeric: inherit; font-variant-east-asian: inherit; font-variant-alternates: inherit; font-stretch: inherit; line-height: inherit; font-optical-sizing: inherit; font-kerning: inherit; font-feature-settings: inherit; font-variation-settings: inherit; vertical-align: baseline; position: relative;\">Materiale: lemn de fag<\/p>\n<p style=\"-webkit-font-smoothing: antialiased; margin: 0px; padding: 0px 0px 0px 15px; border: 0px; font-variant-numeric: inherit; font-variant-east-asian: inherit; font-variant-alternates: inherit; font-stretch: inherit; line-height: inherit; font-optical-sizing: inherit; font-kerning: inherit; font-feature-settings: inherit; font-variation-settings: inherit; vertical-align: baseline; position: relative;\">Cur\u0103\u021ba\u021bi scaunul numai cu s\u0103pun sau alt detergent u\u0219or, netoxic \u0219i ap\u0103 fierbinte. \u0218terge\u021bi excesul de lichid cu o c\u00e2rp\u0103 uscat\u0103.<\/p>\n<p style=\"-webkit-font-smoothing: antialiased; margin: 0px; padding: 0px 0px 0px 15px; border: 0px; font-variant-numeric: inherit; font-variant-east-asian: inherit; font-variant-alternates: inherit; font-stretch: inherit; line-height: inherit; font-optical-sizing: inherit; font-kerning: inherit; font-feature-settings: inherit; font-variation-settings: inherit; vertical-align: baseline; position: relative;\"><\/p>\n<p style=\"-webkit-font-smoothing: antialiased; margin: 0px; padding: 0px 0px 0px 15px; border: 0px; font-variant-numeric: inherit; font-variant-east-asian: inherit; font-variant-alternates: inherit; font-stretch: inherit; line-height: inherit; font-optical-sizing: inherit; font-kerning: inherit; font-feature-settings: inherit; font-variation-settings: inherit; vertical-align: baseline; position: relative;\"><\/p>\n<p style=\"-webkit-font-smoothing: antialiased; margin: 0px; padding: 0px 0px 0px 15px; border: 0px; font-variant-numeric: inherit; font-variant-east-asian: inherit; font-variant-alternates: inherit; font-stretch: inherit; line-height: inherit; font-optical-sizing: inherit; font-kerning: inherit; font-feature-settings: inherit; font-variation-settings: inherit; vertical-align: baseline; position: relative;\"><\/p>\n","protected":false},"excerpt":{"rendered":"<p>Cu designul s\u0103u elegant, realizat din materiale naturale de cea mai inalta calitate, noul scaun TOBO se adapteaza perfect pentru nevoile bebelu\u0219ilor incepand de la 6 luni (cu sezutul pentru bebelu\u0219i),&nbsp;&nbsp;\u0219i va cre\u0219te odat\u0103 cu ei, an de an! Simplu \u0219i elegant, scaunul Tobo se va potrivi \u00een orice camer\u0103 a casei, de la buc\u0103t\u0103rie [&hellip;]<\/p>\n","protected":false},"featured_media":6688,"comment_status":"open","ping_status":"closed","template":"","meta":{"site-sidebar-layout":"default","site-content-layout":"","ast-site-content-layout":"","site-content-style":"default","site-sidebar-style":"default","ast-global-header-display":"","ast-banner-title-visibility":"","ast-main-header-display":"","ast-hfb-above-header-display":"","ast-hfb-below-header-display":"","ast-hfb-mobile-header-display":"","site-post-title":"","ast-breadcrumbs-content":"","ast-featured-img":"","footer-sml-layout":"","theme-transparent-header-meta":"","adv-header-id-meta":"","stick-header-meta":"","header-above-stick-meta":"","header-main-stick-meta":"","header-below-stick-meta":"","astra-migrate-meta-layouts":"default","ast-page-background-enabled":"default","ast-page-background-meta":{"desktop":{"background-color":"","background-image":"","background-repeat":"repeat","background-position":"center center","background-size":"auto","background-attachment":"scroll","background-type":"","background-media":"","overlay-type":"","overlay-color":"","overlay-opacity":"","overlay-gradient":""},"tablet":{"background-color":"","background-image":"","background-repeat":"repeat","background-position":"center center","background-size":"auto","background-attachment":"scroll","background-type":"","background-media":"","overlay-type":"","overlay-color":"","overlay-opacity":"","overlay-gradient":""},"mobile":{"background-color":"","background-image":"","background-repeat":"repeat","background-position":"center center","background-size":"auto","background-attachment":"scroll","background-type":"","background-media":"","overlay-type":"","overlay-color":"","overlay-opacity":"","overlay-gradient":""}},"ast-content-background-meta":{"desktop":{"background-color":"var(--ast-global-color-5)","background-image":"","background-repeat":"repeat","background-position":"center center","background-size":"auto","background-attachment":"scroll","background-type":"","background-media":"","overlay-type":"","overlay-color":"","overlay-opacity":"","overlay-gradient":""},"tablet":{"background-color":"var(--ast-global-color-5)","background-image":"","background-repeat":"repeat","background-position":"center center","background-size":"auto","background-attachment":"scroll","background-type":"","background-media":"","overlay-type":"","overlay-color":"","overlay-opacity":"","overlay-gradient":""},"mobile":{"background-color":"var(--ast-global-color-5)","background-image":"","background-repeat":"repeat","background-position":"center center","background-size":"auto","background-attachment":"scroll","background-type":"","background-media":"","overlay-type":"","overlay-color":"","overlay-opacity":"","overlay-gradient":""}}},"product_brand":[],"product_cat":[65,89],"product_tag":[],"class_list":{"0":"post-6695","1":"product","2":"type-product","3":"status-publish","4":"has-post-thumbnail","6":"product_cat-noutati-minunate-pentru-puiul-tau","7":"product_cat-primul-scaun-al-puiului-tau","8":"desktop-align-left","9":"tablet-align-left","10":"mobile-align-left","11":"ast-product-gallery-layout-horizontal-slider","12":"ast-product-tabs-layout-vertical","13":"ast-qv-on-image","15":"first","16":"onbackorder","17":"shipping-taxable","18":"purchasable","19":"product-type-simple"},"yoast_head":"<!-- This site is optimized with the Yoast SEO plugin v22.6 - https:\/\/yoast.com\/wordpress\/plugins\/seo\/ -->\n<title>Scaun de Masa Tobo - Natural<\/title>\n<meta name=\"robots\" content=\"index, follow, max-snippet:-1, max-image-preview:large, max-video-preview:-1\" \/>\n<link rel=\"canonical\" href=\"https:\/\/bunnyboo.ro\/produs\/scaun-de-masa-tobo-natural\/\" \/>\n<meta property=\"og:locale\" content=\"en_US\" \/>\n<meta property=\"og:type\" content=\"article\" \/>\n<meta property=\"og:title\" content=\"Scaun de Masa Tobo - Natural\" \/>\n<meta property=\"og:description\" content=\"Cu designul s\u0103u elegant, realizat din materiale naturale de cea mai inalta calitate, noul scaun TOBO se adapteaza perfect pentru nevoile bebelu\u0219ilor incepand de la 6 luni (cu sezutul pentru bebelu\u0219i),&nbsp;&nbsp;\u0219i va cre\u0219te odat\u0103 cu ei, an de an! Simplu \u0219i elegant, scaunul Tobo se va potrivi \u00een orice camer\u0103 a casei, de la buc\u0103t\u0103rie [&hellip;]\" \/>\n<meta property=\"og:url\" content=\"https:\/\/bunnyboo.ro\/produs\/scaun-de-masa-tobo-natural\/\" \/>\n<meta property=\"og:site_name\" content=\"Bunny Boo\" \/>\n<meta property=\"article:modified_time\" content=\"2024-06-10T11:22:02+00:00\" \/>\n<meta property=\"og:image\" content=\"https:\/\/bunnyboo.ro\/wp-content\/uploads\/2023\/07\/TOBO_WOOD_BABY_3-4.jpg\" \/>\n\t<meta property=\"og:image:width\" content=\"2000\" \/>\n\t<meta property=\"og:image:height\" content=\"2000\" \/>\n\t<meta property=\"og:image:type\" content=\"image\/jpeg\" \/>\n<meta name=\"twitter:card\" content=\"summary_large_image\" \/>\n<meta name=\"twitter:label1\" content=\"Est. reading time\" \/>\n\t<meta name=\"twitter:data1\" content=\"1 minute\" \/>\n<script type=\"application\/ld+json\" class=\"yoast-schema-graph\">{\"@context\":\"https:\/\/schema.org\",\"@graph\":[{\"@type\":\"WebPage\",\"@id\":\"https:\/\/bunnyboo.ro\/produs\/scaun-de-masa-tobo-natural\/\",\"url\":\"https:\/\/bunnyboo.ro\/produs\/scaun-de-masa-tobo-natural\/\",\"name\":\"Scaun de Masa Tobo - Natural\",\"isPartOf\":{\"@id\":\"https:\/\/bunnyboo.ro\/#website\"},\"primaryImageOfPage\":{\"@id\":\"https:\/\/bunnyboo.ro\/produs\/scaun-de-masa-tobo-natural\/#primaryimage\"},\"image\":{\"@id\":\"https:\/\/bunnyboo.ro\/produs\/scaun-de-masa-tobo-natural\/#primaryimage\"},\"thumbnailUrl\":\"https:\/\/bunnyboo.ro\/wp-content\/uploads\/2023\/07\/TOBO_WOOD_BABY_3-4.jpg\",\"datePublished\":\"2023-07-27T13:29:14+00:00\",\"dateModified\":\"2024-06-10T11:22:02+00:00\",\"breadcrumb\":{\"@id\":\"https:\/\/bunnyboo.ro\/produs\/scaun-de-masa-tobo-natural\/#breadcrumb\"},\"inLanguage\":\"en-US\",\"potentialAction\":[{\"@type\":\"ReadAction\",\"target\":[\"https:\/\/bunnyboo.ro\/produs\/scaun-de-masa-tobo-natural\/\"]}]},{\"@type\":\"ImageObject\",\"inLanguage\":\"en-US\",\"@id\":\"https:\/\/bunnyboo.ro\/produs\/scaun-de-masa-tobo-natural\/#primaryimage\",\"url\":\"https:\/\/bunnyboo.ro\/wp-content\/uploads\/2023\/07\/TOBO_WOOD_BABY_3-4.jpg\",\"contentUrl\":\"https:\/\/bunnyboo.ro\/wp-content\/uploads\/2023\/07\/TOBO_WOOD_BABY_3-4.jpg\",\"width\":2000,\"height\":2000,\"caption\":\"TOBO_WOOD_BABY_3-4\"},{\"@type\":\"BreadcrumbList\",\"@id\":\"https:\/\/bunnyboo.ro\/produs\/scaun-de-masa-tobo-natural\/#breadcrumb\",\"itemListElement\":[{\"@type\":\"ListItem\",\"position\":1,\"name\":\"Home\",\"item\":\"https:\/\/bunnyboo.ro\/en\/\"},{\"@type\":\"ListItem\",\"position\":2,\"name\":\"New\",\"item\":\"https:\/\/bunnyboo.ro\/en\/shop\/\"},{\"@type\":\"ListItem\",\"position\":3,\"name\":\"Scaun de Masa Tobo &#8211; Natural\"}]},{\"@type\":\"WebSite\",\"@id\":\"https:\/\/bunnyboo.ro\/#website\",\"url\":\"https:\/\/bunnyboo.ro\/\",\"name\":\"Bunny Boo\",\"description\":\"Bunny Boo\",\"publisher\":{\"@id\":\"https:\/\/bunnyboo.ro\/#organization\"},\"potentialAction\":[{\"@type\":\"SearchAction\",\"target\":{\"@type\":\"EntryPoint\",\"urlTemplate\":\"https:\/\/bunnyboo.ro\/?s={search_term_string}\"},\"query-input\":\"required name=search_term_string\"}],\"inLanguage\":\"en-US\"},{\"@type\":\"Organization\",\"@id\":\"https:\/\/bunnyboo.ro\/#organization\",\"name\":\"Bunny Boo\",\"url\":\"https:\/\/bunnyboo.ro\/\",\"logo\":{\"@type\":\"ImageObject\",\"inLanguage\":\"en-US\",\"@id\":\"https:\/\/bunnyboo.ro\/#\/schema\/logo\/image\/\",\"url\":\"https:\/\/bunnyboo.ro\/wp-content\/uploads\/2024\/03\/Logo-website-black.png\",\"contentUrl\":\"https:\/\/bunnyboo.ro\/wp-content\/uploads\/2024\/03\/Logo-website-black.png\",\"width\":2422,\"height\":946,\"caption\":\"Bunny Boo\"},\"image\":{\"@id\":\"https:\/\/bunnyboo.ro\/#\/schema\/logo\/image\/\"}}]}<\/script>\n<!-- \/ Yoast SEO plugin. -->","yoast_head_json":{"title":"Scaun de Masa Tobo - Natural","robots":{"index":"index","follow":"follow","max-snippet":"max-snippet:-1","max-image-preview":"max-image-preview:large","max-video-preview":"max-video-preview:-1"},"canonical":"https:\/\/bunnyboo.ro\/produs\/scaun-de-masa-tobo-natural\/","og_locale":"en_US","og_type":"article","og_title":"Scaun de Masa Tobo - Natural","og_description":"Cu designul s\u0103u elegant, realizat din materiale naturale de cea mai inalta calitate, noul scaun TOBO se adapteaza perfect pentru nevoile bebelu\u0219ilor incepand de la 6 luni (cu sezutul pentru bebelu\u0219i),&nbsp;&nbsp;\u0219i va cre\u0219te odat\u0103 cu ei, an de an! Simplu \u0219i elegant, scaunul Tobo se va potrivi \u00een orice camer\u0103 a casei, de la buc\u0103t\u0103rie [&hellip;]","og_url":"https:\/\/bunnyboo.ro\/produs\/scaun-de-masa-tobo-natural\/","og_site_name":"Bunny Boo","article_modified_time":"2024-06-10T11:22:02+00:00","og_image":[{"width":2000,"height":2000,"url":"https:\/\/bunnyboo.ro\/wp-content\/uploads\/2023\/07\/TOBO_WOOD_BABY_3-4.jpg","type":"image\/jpeg"}],"twitter_card":"summary_large_image","twitter_misc":{"Est. reading time":"1 minute"},"schema":{"@context":"https:\/\/schema.org","@graph":[{"@type":"WebPage","@id":"https:\/\/bunnyboo.ro\/produs\/scaun-de-masa-tobo-natural\/","url":"https:\/\/bunnyboo.ro\/produs\/scaun-de-masa-tobo-natural\/","name":"Scaun de Masa Tobo - Natural","isPartOf":{"@id":"https:\/\/bunnyboo.ro\/#website"},"primaryImageOfPage":{"@id":"https:\/\/bunnyboo.ro\/produs\/scaun-de-masa-tobo-natural\/#primaryimage"},"image":{"@id":"https:\/\/bunnyboo.ro\/produs\/scaun-de-masa-tobo-natural\/#primaryimage"},"thumbnailUrl":"https:\/\/bunnyboo.ro\/wp-content\/uploads\/2023\/07\/TOBO_WOOD_BABY_3-4.jpg","datePublished":"2023-07-27T13:29:14+00:00","dateModified":"2024-06-10T11:22:02+00:00","breadcrumb":{"@id":"https:\/\/bunnyboo.ro\/produs\/scaun-de-masa-tobo-natural\/#breadcrumb"},"inLanguage":"en-US","potentialAction":[{"@type":"ReadAction","target":["https:\/\/bunnyboo.ro\/produs\/scaun-de-masa-tobo-natural\/"]}]},{"@type":"ImageObject","inLanguage":"en-US","@id":"https:\/\/bunnyboo.ro\/produs\/scaun-de-masa-tobo-natural\/#primaryimage","url":"https:\/\/bunnyboo.ro\/wp-content\/uploads\/2023\/07\/TOBO_WOOD_BABY_3-4.jpg","contentUrl":"https:\/\/bunnyboo.ro\/wp-content\/uploads\/2023\/07\/TOBO_WOOD_BABY_3-4.jpg","width":2000,"height":2000,"caption":"TOBO_WOOD_BABY_3-4"},{"@type":"BreadcrumbList","@id":"https:\/\/bunnyboo.ro\/produs\/scaun-de-masa-tobo-natural\/#breadcrumb","itemListElement":[{"@type":"ListItem","position":1,"name":"Home","item":"https:\/\/bunnyboo.ro\/en\/"},{"@type":"ListItem","position":2,"name":"New","item":"https:\/\/bunnyboo.ro\/en\/shop\/"},{"@type":"ListItem","position":3,"name":"Scaun de Masa Tobo &#8211; Natural"}]},{"@type":"WebSite","@id":"https:\/\/bunnyboo.ro\/#website","url":"https:\/\/bunnyboo.ro\/","name":"Bunny Boo","description":"Bunny Boo","publisher":{"@id":"https:\/\/bunnyboo.ro\/#organization"},"potentialAction":[{"@type":"SearchAction","target":{"@type":"EntryPoint","urlTemplate":"https:\/\/bunnyboo.ro\/?s={search_term_string}"},"query-input":"required name=search_term_string"}],"inLanguage":"en-US"},{"@type":"Organization","@id":"https:\/\/bunnyboo.ro\/#organization","name":"Bunny Boo","url":"https:\/\/bunnyboo.ro\/","logo":{"@type":"ImageObject","inLanguage":"en-US","@id":"https:\/\/bunnyboo.ro\/#\/schema\/logo\/image\/","url":"https:\/\/bunnyboo.ro\/wp-content\/uploads\/2024\/03\/Logo-website-black.png","contentUrl":"https:\/\/bunnyboo.ro\/wp-content\/uploads\/2024\/03\/Logo-website-black.png","width":2422,"height":946,"caption":"Bunny Boo"},"image":{"@id":"https:\/\/bunnyboo.ro\/#\/schema\/logo\/image\/"}}]}},"_links":{"self":[{"href":"https:\/\/bunnyboo.ro\/en\/wp-json\/wp\/v2\/product\/6695","targetHints":{"allow":["GET"]}}],"collection":[{"href":"https:\/\/bunnyboo.ro\/en\/wp-json\/wp\/v2\/product"}],"about":[{"href":"https:\/\/bunnyboo.ro\/en\/wp-json\/wp\/v2\/types\/product"}],"replies":[{"embeddable":true,"href":"https:\/\/bunnyboo.ro\/en\/wp-json\/wp\/v2\/comments?post=6695"}],"wp:featuredmedia":[{"embeddable":true,"href":"https:\/\/bunnyboo.ro\/en\/wp-json\/wp\/v2\/media\/6688"}],"wp:attachment":[{"href":"https:\/\/bunnyboo.ro\/en\/wp-json\/wp\/v2\/media?parent=6695"}],"wp:term":[{"taxonomy":"product_brand","embeddable":true,"href":"https:\/\/bunnyboo.ro\/en\/wp-json\/wp\/v2\/product_brand?post=6695"},{"taxonomy":"product_cat","embeddable":true,"href":"https:\/\/bunnyboo.ro\/en\/wp-json\/wp\/v2\/product_cat?post=6695"},{"taxonomy":"product_tag","embeddable":true,"href":"https:\/\/bunnyboo.ro\/en\/wp-json\/wp\/v2\/product_tag?post=6695"}],"curies":[{"name":"wp","href":"https:\/\/api.w.org\/{rel}","templated":true}]}}