{"id":6580,"date":"2023-07-19T18:02:40","date_gmt":"2023-07-19T18:02:40","guid":{"rendered":"https:\/\/bunnyboo.ro\/product\/cana-pentru-bebelusi-amelio-liewood-tuscany-rose\/"},"modified":"2025-11-04T10:48:29","modified_gmt":"2025-11-04T08:48:29","slug":"cana-pentru-bebelusi-amelio-liewood-tuscany-rose","status":"publish","type":"product","link":"https:\/\/bunnyboo.ro\/en\/produs\/cana-pentru-bebelusi-amelio-liewood-tuscany-rose\/","title":{"rendered":"Cana pentru bebelusi Amelio &#8211; Liewood &#8211; Tuscany Rose"},"content":{"rendered":"<p>Face\u021bi timpul mesei o distrac\u021bie suplimentar\u0103 pentru micu\u021bul dumneavoastra cu cana Amelio. Realizat\u0103 din silicon durabil \u0219i f\u0103r\u0103 zgomot, cana se poate sp\u0103la \u00een ma\u0219ina de sp\u0103lat vase \u0219i este disponibil\u0103 \u00een teme juc\u0103u\u0219e. <\/p>\n<p>Pahar din silicon Cu motiv juc\u0103u\u0219 3D<\/p>\n<p>Material silen\u021bios \u0219i durabil<\/p>\n<p>Se poate sp\u0103la \u00een ma\u0219ina de sp\u0103lat vase p\u00e2n\u0103 la 60 \u00b0C <\/p>\n<p>Dimensiuni: Diametru (cm) 6,8, Inaltime (cm) 10,5, Latime (cm) 11,8, Capacitate (Ml) 160<\/p>\n","protected":false},"excerpt":{"rendered":"<p>Face\u021bi timpul mesei o distrac\u021bie suplimentar\u0103 pentru micu\u021bul dumneavoastra cu cana Amelio. Realizat\u0103 din silicon durabil \u0219i f\u0103r\u0103 zgomot, cana se poate sp\u0103la \u00een ma\u0219ina de sp\u0103lat vase \u0219i este disponibil\u0103 \u00een teme juc\u0103u\u0219e. Pahar din silicon Cu motiv juc\u0103u\u0219 3D Material silen\u021bios \u0219i durabil Se poate sp\u0103la \u00een ma\u0219ina de sp\u0103lat vase p\u00e2n\u0103 la [&hellip;]<\/p>\n","protected":false},"featured_media":6578,"comment_status":"open","ping_status":"closed","template":"","meta":{"site-sidebar-layout":"default","site-content-layout":"","ast-site-content-layout":"default","site-content-style":"default","site-sidebar-style":"default","ast-global-header-display":"","ast-banner-title-visibility":"","ast-main-header-display":"","ast-hfb-above-header-display":"","ast-hfb-below-header-display":"","ast-hfb-mobile-header-display":"","site-post-title":"","ast-breadcrumbs-content":"","ast-featured-img":"","footer-sml-layout":"","theme-transparent-header-meta":"default","adv-header-id-meta":"","stick-header-meta":"default","header-above-stick-meta":"","header-main-stick-meta":"","header-below-stick-meta":"","astra-migrate-meta-layouts":"set","ast-page-background-enabled":"default","ast-page-background-meta":{"desktop":{"background-color":"","background-image":"","background-repeat":"repeat","background-position":"center center","background-size":"auto","background-attachment":"scroll","background-type":"","background-media":"","overlay-type":"","overlay-color":"","overlay-opacity":"","overlay-gradient":""},"tablet":{"background-color":"","background-image":"","background-repeat":"repeat","background-position":"center center","background-size":"auto","background-attachment":"scroll","background-type":"","background-media":"","overlay-type":"","overlay-color":"","overlay-opacity":"","overlay-gradient":""},"mobile":{"background-color":"","background-image":"","background-repeat":"repeat","background-position":"center center","background-size":"auto","background-attachment":"scroll","background-type":"","background-media":"","overlay-type":"","overlay-color":"","overlay-opacity":"","overlay-gradient":""}},"ast-content-background-meta":{"desktop":{"background-color":"var(--ast-global-color-5)","background-image":"","background-repeat":"repeat","background-position":"center center","background-size":"auto","background-attachment":"scroll","background-type":"","background-media":"","overlay-type":"","overlay-color":"","overlay-opacity":"","overlay-gradient":""},"tablet":{"background-color":"var(--ast-global-color-5)","background-image":"","background-repeat":"repeat","background-position":"center center","background-size":"auto","background-attachment":"scroll","background-type":"","background-media":"","overlay-type":"","overlay-color":"","overlay-opacity":"","overlay-gradient":""},"mobile":{"background-color":"var(--ast-global-color-5)","background-image":"","background-repeat":"repeat","background-position":"center center","background-size":"auto","background-attachment":"scroll","background-type":"","background-media":"","overlay-type":"","overlay-color":"","overlay-opacity":"","overlay-gradient":""}}},"product_brand":[],"product_cat":[75,132],"product_tag":[],"class_list":{"0":"post-6580","1":"product","2":"type-product","3":"status-publish","4":"has-post-thumbnail","6":"product_cat-sticla-de-apa-favorita","7":"product_cat-reduceri-pentru-tine","8":"desktop-align-left","9":"tablet-align-left","10":"mobile-align-left","11":"ast-product-gallery-layout-horizontal-slider","12":"ast-product-tabs-layout-vertical","13":"ast-qv-on-image","15":"first","16":"instock","17":"sale","18":"shipping-taxable","19":"purchasable","20":"product-type-simple"},"yoast_head":"<!-- This site is optimized with the Yoast SEO plugin v22.6 - https:\/\/yoast.com\/wordpress\/plugins\/seo\/ -->\n<title>Cana pentru bebelusi Amelio - Liewood - Tuscany Rose<\/title>\n<meta name=\"robots\" content=\"index, follow, max-snippet:-1, max-image-preview:large, max-video-preview:-1\" \/>\n<link rel=\"canonical\" href=\"https:\/\/bunnyboo.ro\/produs\/cana-pentru-bebelusi-amelio-liewood-tuscany-rose\/\" \/>\n<meta property=\"og:locale\" content=\"en_US\" \/>\n<meta property=\"og:type\" content=\"article\" \/>\n<meta property=\"og:title\" content=\"Cana pentru bebelusi Amelio - Liewood - Tuscany Rose\" \/>\n<meta property=\"og:description\" content=\"Face\u021bi timpul mesei o distrac\u021bie suplimentar\u0103 pentru micu\u021bul dumneavoastra cu cana Amelio. Realizat\u0103 din silicon durabil \u0219i f\u0103r\u0103 zgomot, cana se poate sp\u0103la \u00een ma\u0219ina de sp\u0103lat vase \u0219i este disponibil\u0103 \u00een teme juc\u0103u\u0219e. Pahar din silicon Cu motiv juc\u0103u\u0219 3D Material silen\u021bios \u0219i durabil Se poate sp\u0103la \u00een ma\u0219ina de sp\u0103lat vase p\u00e2n\u0103 la [&hellip;]\" \/>\n<meta property=\"og:url\" content=\"https:\/\/bunnyboo.ro\/produs\/cana-pentru-bebelusi-amelio-liewood-tuscany-rose\/\" \/>\n<meta property=\"og:site_name\" content=\"Bunny Boo\" \/>\n<meta property=\"article:modified_time\" content=\"2025-11-04T08:48:29+00:00\" \/>\n<meta property=\"og:image\" content=\"https:\/\/bunnyboo.ro\/wp-content\/uploads\/2023\/07\/0D883F23-5EE6-4276-BED6-3D01E44F369C-scaled.png\" \/>\n\t<meta property=\"og:image:width\" content=\"2560\" \/>\n\t<meta property=\"og:image:height\" content=\"2239\" \/>\n\t<meta property=\"og:image:type\" content=\"image\/png\" \/>\n<meta name=\"twitter:card\" content=\"summary_large_image\" \/>\n<script type=\"application\/ld+json\" class=\"yoast-schema-graph\">{\"@context\":\"https:\/\/schema.org\",\"@graph\":[{\"@type\":\"WebPage\",\"@id\":\"https:\/\/bunnyboo.ro\/produs\/cana-pentru-bebelusi-amelio-liewood-tuscany-rose\/\",\"url\":\"https:\/\/bunnyboo.ro\/produs\/cana-pentru-bebelusi-amelio-liewood-tuscany-rose\/\",\"name\":\"Cana pentru bebelusi Amelio - Liewood - Tuscany Rose\",\"isPartOf\":{\"@id\":\"https:\/\/bunnyboo.ro\/#website\"},\"primaryImageOfPage\":{\"@id\":\"https:\/\/bunnyboo.ro\/produs\/cana-pentru-bebelusi-amelio-liewood-tuscany-rose\/#primaryimage\"},\"image\":{\"@id\":\"https:\/\/bunnyboo.ro\/produs\/cana-pentru-bebelusi-amelio-liewood-tuscany-rose\/#primaryimage\"},\"thumbnailUrl\":\"https:\/\/bunnyboo.ro\/wp-content\/uploads\/2023\/07\/0D883F23-5EE6-4276-BED6-3D01E44F369C-scaled.png\",\"datePublished\":\"2023-07-19T18:02:40+00:00\",\"dateModified\":\"2025-11-04T08:48:29+00:00\",\"breadcrumb\":{\"@id\":\"https:\/\/bunnyboo.ro\/produs\/cana-pentru-bebelusi-amelio-liewood-tuscany-rose\/#breadcrumb\"},\"inLanguage\":\"en-US\",\"potentialAction\":[{\"@type\":\"ReadAction\",\"target\":[\"https:\/\/bunnyboo.ro\/produs\/cana-pentru-bebelusi-amelio-liewood-tuscany-rose\/\"]}]},{\"@type\":\"ImageObject\",\"inLanguage\":\"en-US\",\"@id\":\"https:\/\/bunnyboo.ro\/produs\/cana-pentru-bebelusi-amelio-liewood-tuscany-rose\/#primaryimage\",\"url\":\"https:\/\/bunnyboo.ro\/wp-content\/uploads\/2023\/07\/0D883F23-5EE6-4276-BED6-3D01E44F369C-scaled.png\",\"contentUrl\":\"https:\/\/bunnyboo.ro\/wp-content\/uploads\/2023\/07\/0D883F23-5EE6-4276-BED6-3D01E44F369C-scaled.png\",\"width\":2560,\"height\":2239,\"caption\":\"0D883F23-5EE6-4276-BED6-3D01E44F369C\"},{\"@type\":\"BreadcrumbList\",\"@id\":\"https:\/\/bunnyboo.ro\/produs\/cana-pentru-bebelusi-amelio-liewood-tuscany-rose\/#breadcrumb\",\"itemListElement\":[{\"@type\":\"ListItem\",\"position\":1,\"name\":\"Home\",\"item\":\"https:\/\/bunnyboo.ro\/en\/\"},{\"@type\":\"ListItem\",\"position\":2,\"name\":\"New\",\"item\":\"https:\/\/bunnyboo.ro\/en\/shop\/\"},{\"@type\":\"ListItem\",\"position\":3,\"name\":\"Cana pentru bebelusi Amelio &#8211; Liewood &#8211; Tuscany Rose\"}]},{\"@type\":\"WebSite\",\"@id\":\"https:\/\/bunnyboo.ro\/#website\",\"url\":\"https:\/\/bunnyboo.ro\/\",\"name\":\"Bunny Boo\",\"description\":\"Bunny Boo\",\"publisher\":{\"@id\":\"https:\/\/bunnyboo.ro\/#organization\"},\"potentialAction\":[{\"@type\":\"SearchAction\",\"target\":{\"@type\":\"EntryPoint\",\"urlTemplate\":\"https:\/\/bunnyboo.ro\/?s={search_term_string}\"},\"query-input\":\"required name=search_term_string\"}],\"inLanguage\":\"en-US\"},{\"@type\":\"Organization\",\"@id\":\"https:\/\/bunnyboo.ro\/#organization\",\"name\":\"Bunny Boo\",\"url\":\"https:\/\/bunnyboo.ro\/\",\"logo\":{\"@type\":\"ImageObject\",\"inLanguage\":\"en-US\",\"@id\":\"https:\/\/bunnyboo.ro\/#\/schema\/logo\/image\/\",\"url\":\"https:\/\/bunnyboo.ro\/wp-content\/uploads\/2024\/03\/Logo-website-black.png\",\"contentUrl\":\"https:\/\/bunnyboo.ro\/wp-content\/uploads\/2024\/03\/Logo-website-black.png\",\"width\":2422,\"height\":946,\"caption\":\"Bunny Boo\"},\"image\":{\"@id\":\"https:\/\/bunnyboo.ro\/#\/schema\/logo\/image\/\"}}]}<\/script>\n<!-- \/ Yoast SEO plugin. -->","yoast_head_json":{"title":"Cana pentru bebelusi Amelio - Liewood - Tuscany Rose","robots":{"index":"index","follow":"follow","max-snippet":"max-snippet:-1","max-image-preview":"max-image-preview:large","max-video-preview":"max-video-preview:-1"},"canonical":"https:\/\/bunnyboo.ro\/produs\/cana-pentru-bebelusi-amelio-liewood-tuscany-rose\/","og_locale":"en_US","og_type":"article","og_title":"Cana pentru bebelusi Amelio - Liewood - Tuscany Rose","og_description":"Face\u021bi timpul mesei o distrac\u021bie suplimentar\u0103 pentru micu\u021bul dumneavoastra cu cana Amelio. Realizat\u0103 din silicon durabil \u0219i f\u0103r\u0103 zgomot, cana se poate sp\u0103la \u00een ma\u0219ina de sp\u0103lat vase \u0219i este disponibil\u0103 \u00een teme juc\u0103u\u0219e. Pahar din silicon Cu motiv juc\u0103u\u0219 3D Material silen\u021bios \u0219i durabil Se poate sp\u0103la \u00een ma\u0219ina de sp\u0103lat vase p\u00e2n\u0103 la [&hellip;]","og_url":"https:\/\/bunnyboo.ro\/produs\/cana-pentru-bebelusi-amelio-liewood-tuscany-rose\/","og_site_name":"Bunny Boo","article_modified_time":"2025-11-04T08:48:29+00:00","og_image":[{"width":2560,"height":2239,"url":"https:\/\/bunnyboo.ro\/wp-content\/uploads\/2023\/07\/0D883F23-5EE6-4276-BED6-3D01E44F369C-scaled.png","type":"image\/png"}],"twitter_card":"summary_large_image","schema":{"@context":"https:\/\/schema.org","@graph":[{"@type":"WebPage","@id":"https:\/\/bunnyboo.ro\/produs\/cana-pentru-bebelusi-amelio-liewood-tuscany-rose\/","url":"https:\/\/bunnyboo.ro\/produs\/cana-pentru-bebelusi-amelio-liewood-tuscany-rose\/","name":"Cana pentru bebelusi Amelio - Liewood - Tuscany Rose","isPartOf":{"@id":"https:\/\/bunnyboo.ro\/#website"},"primaryImageOfPage":{"@id":"https:\/\/bunnyboo.ro\/produs\/cana-pentru-bebelusi-amelio-liewood-tuscany-rose\/#primaryimage"},"image":{"@id":"https:\/\/bunnyboo.ro\/produs\/cana-pentru-bebelusi-amelio-liewood-tuscany-rose\/#primaryimage"},"thumbnailUrl":"https:\/\/bunnyboo.ro\/wp-content\/uploads\/2023\/07\/0D883F23-5EE6-4276-BED6-3D01E44F369C-scaled.png","datePublished":"2023-07-19T18:02:40+00:00","dateModified":"2025-11-04T08:48:29+00:00","breadcrumb":{"@id":"https:\/\/bunnyboo.ro\/produs\/cana-pentru-bebelusi-amelio-liewood-tuscany-rose\/#breadcrumb"},"inLanguage":"en-US","potentialAction":[{"@type":"ReadAction","target":["https:\/\/bunnyboo.ro\/produs\/cana-pentru-bebelusi-amelio-liewood-tuscany-rose\/"]}]},{"@type":"ImageObject","inLanguage":"en-US","@id":"https:\/\/bunnyboo.ro\/produs\/cana-pentru-bebelusi-amelio-liewood-tuscany-rose\/#primaryimage","url":"https:\/\/bunnyboo.ro\/wp-content\/uploads\/2023\/07\/0D883F23-5EE6-4276-BED6-3D01E44F369C-scaled.png","contentUrl":"https:\/\/bunnyboo.ro\/wp-content\/uploads\/2023\/07\/0D883F23-5EE6-4276-BED6-3D01E44F369C-scaled.png","width":2560,"height":2239,"caption":"0D883F23-5EE6-4276-BED6-3D01E44F369C"},{"@type":"BreadcrumbList","@id":"https:\/\/bunnyboo.ro\/produs\/cana-pentru-bebelusi-amelio-liewood-tuscany-rose\/#breadcrumb","itemListElement":[{"@type":"ListItem","position":1,"name":"Home","item":"https:\/\/bunnyboo.ro\/en\/"},{"@type":"ListItem","position":2,"name":"New","item":"https:\/\/bunnyboo.ro\/en\/shop\/"},{"@type":"ListItem","position":3,"name":"Cana pentru bebelusi Amelio &#8211; Liewood &#8211; Tuscany Rose"}]},{"@type":"WebSite","@id":"https:\/\/bunnyboo.ro\/#website","url":"https:\/\/bunnyboo.ro\/","name":"Bunny Boo","description":"Bunny Boo","publisher":{"@id":"https:\/\/bunnyboo.ro\/#organization"},"potentialAction":[{"@type":"SearchAction","target":{"@type":"EntryPoint","urlTemplate":"https:\/\/bunnyboo.ro\/?s={search_term_string}"},"query-input":"required name=search_term_string"}],"inLanguage":"en-US"},{"@type":"Organization","@id":"https:\/\/bunnyboo.ro\/#organization","name":"Bunny Boo","url":"https:\/\/bunnyboo.ro\/","logo":{"@type":"ImageObject","inLanguage":"en-US","@id":"https:\/\/bunnyboo.ro\/#\/schema\/logo\/image\/","url":"https:\/\/bunnyboo.ro\/wp-content\/uploads\/2024\/03\/Logo-website-black.png","contentUrl":"https:\/\/bunnyboo.ro\/wp-content\/uploads\/2024\/03\/Logo-website-black.png","width":2422,"height":946,"caption":"Bunny Boo"},"image":{"@id":"https:\/\/bunnyboo.ro\/#\/schema\/logo\/image\/"}}]}},"_links":{"self":[{"href":"https:\/\/bunnyboo.ro\/en\/wp-json\/wp\/v2\/product\/6580","targetHints":{"allow":["GET"]}}],"collection":[{"href":"https:\/\/bunnyboo.ro\/en\/wp-json\/wp\/v2\/product"}],"about":[{"href":"https:\/\/bunnyboo.ro\/en\/wp-json\/wp\/v2\/types\/product"}],"replies":[{"embeddable":true,"href":"https:\/\/bunnyboo.ro\/en\/wp-json\/wp\/v2\/comments?post=6580"}],"wp:featuredmedia":[{"embeddable":true,"href":"https:\/\/bunnyboo.ro\/en\/wp-json\/wp\/v2\/media\/6578"}],"wp:attachment":[{"href":"https:\/\/bunnyboo.ro\/en\/wp-json\/wp\/v2\/media?parent=6580"}],"wp:term":[{"taxonomy":"product_brand","embeddable":true,"href":"https:\/\/bunnyboo.ro\/en\/wp-json\/wp\/v2\/product_brand?post=6580"},{"taxonomy":"product_cat","embeddable":true,"href":"https:\/\/bunnyboo.ro\/en\/wp-json\/wp\/v2\/product_cat?post=6580"},{"taxonomy":"product_tag","embeddable":true,"href":"https:\/\/bunnyboo.ro\/en\/wp-json\/wp\/v2\/product_tag?post=6580"}],"curies":[{"name":"wp","href":"https:\/\/api.w.org\/{rel}","templated":true}]}}