{"id":6569,"date":"2023-07-19T17:40:55","date_gmt":"2023-07-19T17:40:55","guid":{"rendered":"https:\/\/bunnyboo.ro\/product\/set-silicon-kine-liewood-blue-fog-mix\/"},"modified":"2026-01-10T13:46:14","modified_gmt":"2026-01-10T11:46:14","slug":"set-silicon-kine-liewood-blue-fog-mix","status":"publish","type":"product","link":"https:\/\/bunnyboo.ro\/en\/produs\/set-silicon-kine-liewood-blue-fog-mix\/","title":{"rendered":"Set de masa din silicon Kine Liewood &#8211; Blue Fog Mix"},"content":{"rendered":"<p>Elevati experienta de a lua masa cu setul  din silicon Blue Frog Mix de la Liewood.<br \/>\nAcest set nu numai c\u0103 aduce un design vesel, dar este \u0219i practic, datorit\u0103 materialelor de calitate superioar\u0103 folosite.<br \/>\nAduce\u021bi dimensiuni juc\u0103u\u0219e mesei dvs. cu acest set de vesel\u0103 colorat din silicon cu motive 3D juc\u0103u\u0219e. O compila\u021bie a castronului Emily, a paharului Chaves \u0219i a farfurii Panama, acest set ofer\u0103 o experien\u021b\u0103 de luat masa distractiv\u0103 \u0219i sigur\u0103, f\u0103r\u0103 zgomot \u0219i durabil\u0103. U\u0219or de cur\u0103\u021bat \u0219i se poate sp\u0103la \u00een ma\u0219ina de sp\u0103lat vase pentru un plus de confort.  <\/p>\n<p>Set de vesel\u0103 din silicon cu motive 3D <\/p>\n<p>\u00cen teme juc\u0103u\u0219e care prind via\u021b\u0103 \u00een efecte 3D<\/p>\n<p>Setul este compus din: bol Emily, can\u0103 Chaves \u0219i farfurie Panama <\/p>\n<p>\u00cen siguran\u021b\u0103 \u0219i f\u0103r\u0103 zgomot <\/p>\n<p>Material durabil <\/p>\n<p>Se poate sp\u0103la \u00een ma\u0219ina de sp\u0103lat vase p\u00e2n\u0103 la 60 \u00b0C <\/p>\n<p>Dimensiuni: Pahar Chaves: Diametru (cm) 7, Inaltime (cm) 7,5, Latime (cm) 9,5, Capacitate (ml) 220. Bol Emily: Diametru (cm) 12, Inaltime (cm) 4,5, Capacitate (ml) 400. Farfurie Panama: Diametru (cm) 17, \u00cen\u0103l\u021bime (cm) 2<\/p>\n","protected":false},"excerpt":{"rendered":"<p>Elevati experienta de a lua masa cu setul din silicon Blue Frog Mix de la Liewood. Acest set nu numai c\u0103 aduce un design vesel, dar este \u0219i practic, datorit\u0103 materialelor de calitate superioar\u0103 folosite. Aduce\u021bi dimensiuni juc\u0103u\u0219e mesei dvs. cu acest set de vesel\u0103 colorat din silicon cu motive 3D juc\u0103u\u0219e. O compila\u021bie a [&hellip;]<\/p>\n","protected":false},"featured_media":6568,"comment_status":"open","ping_status":"closed","template":"","meta":{"site-sidebar-layout":"default","site-content-layout":"","ast-site-content-layout":"default","site-content-style":"default","site-sidebar-style":"default","ast-global-header-display":"","ast-banner-title-visibility":"","ast-main-header-display":"","ast-hfb-above-header-display":"","ast-hfb-below-header-display":"","ast-hfb-mobile-header-display":"","site-post-title":"","ast-breadcrumbs-content":"","ast-featured-img":"","footer-sml-layout":"","theme-transparent-header-meta":"default","adv-header-id-meta":"","stick-header-meta":"default","header-above-stick-meta":"","header-main-stick-meta":"","header-below-stick-meta":"","astra-migrate-meta-layouts":"set","ast-page-background-enabled":"default","ast-page-background-meta":{"desktop":{"background-color":"","background-image":"","background-repeat":"repeat","background-position":"center center","background-size":"auto","background-attachment":"scroll","background-type":"","background-media":"","overlay-type":"","overlay-color":"","overlay-opacity":"","overlay-gradient":""},"tablet":{"background-color":"","background-image":"","background-repeat":"repeat","background-position":"center center","background-size":"auto","background-attachment":"scroll","background-type":"","background-media":"","overlay-type":"","overlay-color":"","overlay-opacity":"","overlay-gradient":""},"mobile":{"background-color":"","background-image":"","background-repeat":"repeat","background-position":"center center","background-size":"auto","background-attachment":"scroll","background-type":"","background-media":"","overlay-type":"","overlay-color":"","overlay-opacity":"","overlay-gradient":""}},"ast-content-background-meta":{"desktop":{"background-color":"var(--ast-global-color-5)","background-image":"","background-repeat":"repeat","background-position":"center center","background-size":"auto","background-attachment":"scroll","background-type":"","background-media":"","overlay-type":"","overlay-color":"","overlay-opacity":"","overlay-gradient":""},"tablet":{"background-color":"var(--ast-global-color-5)","background-image":"","background-repeat":"repeat","background-position":"center center","background-size":"auto","background-attachment":"scroll","background-type":"","background-media":"","overlay-type":"","overlay-color":"","overlay-opacity":"","overlay-gradient":""},"mobile":{"background-color":"var(--ast-global-color-5)","background-image":"","background-repeat":"repeat","background-position":"center center","background-size":"auto","background-attachment":"scroll","background-type":"","background-media":"","overlay-type":"","overlay-color":"","overlay-opacity":"","overlay-gradient":""}}},"product_brand":[],"product_cat":[65,83,132],"product_tag":[],"class_list":{"0":"post-6569","1":"product","2":"type-product","3":"status-publish","4":"has-post-thumbnail","6":"product_cat-noutati-minunate-pentru-puiul-tau","7":"product_cat-seturi-de-masa-moderne","8":"product_cat-reduceri-pentru-tine","9":"desktop-align-left","10":"tablet-align-left","11":"mobile-align-left","12":"ast-product-gallery-layout-horizontal-slider","13":"ast-product-gallery-with-no-image","14":"ast-product-tabs-layout-vertical","15":"ast-qv-on-image","17":"first","18":"instock","19":"sale","20":"shipping-taxable","21":"purchasable","22":"product-type-simple"},"yoast_head":"<!-- This site is optimized with the Yoast SEO plugin v22.6 - https:\/\/yoast.com\/wordpress\/plugins\/seo\/ -->\n<title>Set de masa din silicon Kine Liewood - Blue Fog Mix<\/title>\n<meta name=\"robots\" content=\"index, follow, max-snippet:-1, max-image-preview:large, max-video-preview:-1\" \/>\n<link rel=\"canonical\" href=\"https:\/\/bunnyboo.ro\/produs\/set-silicon-kine-liewood-blue-fog-mix\/\" \/>\n<meta property=\"og:locale\" content=\"en_US\" \/>\n<meta property=\"og:type\" content=\"article\" \/>\n<meta property=\"og:title\" content=\"Set de masa din silicon Kine Liewood - Blue Fog Mix\" \/>\n<meta property=\"og:description\" content=\"Elevati experienta de a lua masa cu setul din silicon Blue Frog Mix de la Liewood. Acest set nu numai c\u0103 aduce un design vesel, dar este \u0219i practic, datorit\u0103 materialelor de calitate superioar\u0103 folosite. Aduce\u021bi dimensiuni juc\u0103u\u0219e mesei dvs. cu acest set de vesel\u0103 colorat din silicon cu motive 3D juc\u0103u\u0219e. O compila\u021bie a [&hellip;]\" \/>\n<meta property=\"og:url\" content=\"https:\/\/bunnyboo.ro\/produs\/set-silicon-kine-liewood-blue-fog-mix\/\" \/>\n<meta property=\"og:site_name\" content=\"Bunny Boo\" \/>\n<meta property=\"article:modified_time\" content=\"2026-01-10T11:46:14+00:00\" \/>\n<meta property=\"og:image\" content=\"https:\/\/bunnyboo.ro\/wp-content\/uploads\/2023\/07\/45CBE0E1-EBF9-4DF6-B6CB-4D204CE39FFB-scaled.png\" \/>\n\t<meta property=\"og:image:width\" content=\"2560\" \/>\n\t<meta property=\"og:image:height\" content=\"1670\" \/>\n\t<meta property=\"og:image:type\" content=\"image\/png\" \/>\n<meta name=\"twitter:card\" content=\"summary_large_image\" \/>\n<meta name=\"twitter:label1\" content=\"Est. reading time\" \/>\n\t<meta name=\"twitter:data1\" content=\"1 minute\" \/>\n<script type=\"application\/ld+json\" class=\"yoast-schema-graph\">{\"@context\":\"https:\/\/schema.org\",\"@graph\":[{\"@type\":\"WebPage\",\"@id\":\"https:\/\/bunnyboo.ro\/produs\/set-silicon-kine-liewood-blue-fog-mix\/\",\"url\":\"https:\/\/bunnyboo.ro\/produs\/set-silicon-kine-liewood-blue-fog-mix\/\",\"name\":\"Set de masa din silicon Kine Liewood - Blue Fog Mix\",\"isPartOf\":{\"@id\":\"https:\/\/bunnyboo.ro\/#website\"},\"primaryImageOfPage\":{\"@id\":\"https:\/\/bunnyboo.ro\/produs\/set-silicon-kine-liewood-blue-fog-mix\/#primaryimage\"},\"image\":{\"@id\":\"https:\/\/bunnyboo.ro\/produs\/set-silicon-kine-liewood-blue-fog-mix\/#primaryimage\"},\"thumbnailUrl\":\"https:\/\/bunnyboo.ro\/wp-content\/uploads\/2023\/07\/45CBE0E1-EBF9-4DF6-B6CB-4D204CE39FFB-scaled.png\",\"datePublished\":\"2023-07-19T17:40:55+00:00\",\"dateModified\":\"2026-01-10T11:46:14+00:00\",\"breadcrumb\":{\"@id\":\"https:\/\/bunnyboo.ro\/produs\/set-silicon-kine-liewood-blue-fog-mix\/#breadcrumb\"},\"inLanguage\":\"en-US\",\"potentialAction\":[{\"@type\":\"ReadAction\",\"target\":[\"https:\/\/bunnyboo.ro\/produs\/set-silicon-kine-liewood-blue-fog-mix\/\"]}]},{\"@type\":\"ImageObject\",\"inLanguage\":\"en-US\",\"@id\":\"https:\/\/bunnyboo.ro\/produs\/set-silicon-kine-liewood-blue-fog-mix\/#primaryimage\",\"url\":\"https:\/\/bunnyboo.ro\/wp-content\/uploads\/2023\/07\/45CBE0E1-EBF9-4DF6-B6CB-4D204CE39FFB-scaled.png\",\"contentUrl\":\"https:\/\/bunnyboo.ro\/wp-content\/uploads\/2023\/07\/45CBE0E1-EBF9-4DF6-B6CB-4D204CE39FFB-scaled.png\",\"width\":2560,\"height\":1670,\"caption\":\"45CBE0E1-EBF9-4DF6-B6CB-4D204CE39FFB\"},{\"@type\":\"BreadcrumbList\",\"@id\":\"https:\/\/bunnyboo.ro\/produs\/set-silicon-kine-liewood-blue-fog-mix\/#breadcrumb\",\"itemListElement\":[{\"@type\":\"ListItem\",\"position\":1,\"name\":\"Home\",\"item\":\"https:\/\/bunnyboo.ro\/en\/\"},{\"@type\":\"ListItem\",\"position\":2,\"name\":\"New\",\"item\":\"https:\/\/bunnyboo.ro\/en\/shop\/\"},{\"@type\":\"ListItem\",\"position\":3,\"name\":\"Set de masa din silicon Kine Liewood &#8211; Blue Fog Mix\"}]},{\"@type\":\"WebSite\",\"@id\":\"https:\/\/bunnyboo.ro\/#website\",\"url\":\"https:\/\/bunnyboo.ro\/\",\"name\":\"Bunny Boo\",\"description\":\"Bunny Boo\",\"publisher\":{\"@id\":\"https:\/\/bunnyboo.ro\/#organization\"},\"potentialAction\":[{\"@type\":\"SearchAction\",\"target\":{\"@type\":\"EntryPoint\",\"urlTemplate\":\"https:\/\/bunnyboo.ro\/?s={search_term_string}\"},\"query-input\":\"required name=search_term_string\"}],\"inLanguage\":\"en-US\"},{\"@type\":\"Organization\",\"@id\":\"https:\/\/bunnyboo.ro\/#organization\",\"name\":\"Bunny Boo\",\"url\":\"https:\/\/bunnyboo.ro\/\",\"logo\":{\"@type\":\"ImageObject\",\"inLanguage\":\"en-US\",\"@id\":\"https:\/\/bunnyboo.ro\/#\/schema\/logo\/image\/\",\"url\":\"https:\/\/bunnyboo.ro\/wp-content\/uploads\/2024\/03\/Logo-website-black.png\",\"contentUrl\":\"https:\/\/bunnyboo.ro\/wp-content\/uploads\/2024\/03\/Logo-website-black.png\",\"width\":2422,\"height\":946,\"caption\":\"Bunny Boo\"},\"image\":{\"@id\":\"https:\/\/bunnyboo.ro\/#\/schema\/logo\/image\/\"}}]}<\/script>\n<!-- \/ Yoast SEO plugin. -->","yoast_head_json":{"title":"Set de masa din silicon Kine Liewood - Blue Fog Mix","robots":{"index":"index","follow":"follow","max-snippet":"max-snippet:-1","max-image-preview":"max-image-preview:large","max-video-preview":"max-video-preview:-1"},"canonical":"https:\/\/bunnyboo.ro\/produs\/set-silicon-kine-liewood-blue-fog-mix\/","og_locale":"en_US","og_type":"article","og_title":"Set de masa din silicon Kine Liewood - Blue Fog Mix","og_description":"Elevati experienta de a lua masa cu setul din silicon Blue Frog Mix de la Liewood. Acest set nu numai c\u0103 aduce un design vesel, dar este \u0219i practic, datorit\u0103 materialelor de calitate superioar\u0103 folosite. Aduce\u021bi dimensiuni juc\u0103u\u0219e mesei dvs. cu acest set de vesel\u0103 colorat din silicon cu motive 3D juc\u0103u\u0219e. O compila\u021bie a [&hellip;]","og_url":"https:\/\/bunnyboo.ro\/produs\/set-silicon-kine-liewood-blue-fog-mix\/","og_site_name":"Bunny Boo","article_modified_time":"2026-01-10T11:46:14+00:00","og_image":[{"width":2560,"height":1670,"url":"https:\/\/bunnyboo.ro\/wp-content\/uploads\/2023\/07\/45CBE0E1-EBF9-4DF6-B6CB-4D204CE39FFB-scaled.png","type":"image\/png"}],"twitter_card":"summary_large_image","twitter_misc":{"Est. reading time":"1 minute"},"schema":{"@context":"https:\/\/schema.org","@graph":[{"@type":"WebPage","@id":"https:\/\/bunnyboo.ro\/produs\/set-silicon-kine-liewood-blue-fog-mix\/","url":"https:\/\/bunnyboo.ro\/produs\/set-silicon-kine-liewood-blue-fog-mix\/","name":"Set de masa din silicon Kine Liewood - Blue Fog Mix","isPartOf":{"@id":"https:\/\/bunnyboo.ro\/#website"},"primaryImageOfPage":{"@id":"https:\/\/bunnyboo.ro\/produs\/set-silicon-kine-liewood-blue-fog-mix\/#primaryimage"},"image":{"@id":"https:\/\/bunnyboo.ro\/produs\/set-silicon-kine-liewood-blue-fog-mix\/#primaryimage"},"thumbnailUrl":"https:\/\/bunnyboo.ro\/wp-content\/uploads\/2023\/07\/45CBE0E1-EBF9-4DF6-B6CB-4D204CE39FFB-scaled.png","datePublished":"2023-07-19T17:40:55+00:00","dateModified":"2026-01-10T11:46:14+00:00","breadcrumb":{"@id":"https:\/\/bunnyboo.ro\/produs\/set-silicon-kine-liewood-blue-fog-mix\/#breadcrumb"},"inLanguage":"en-US","potentialAction":[{"@type":"ReadAction","target":["https:\/\/bunnyboo.ro\/produs\/set-silicon-kine-liewood-blue-fog-mix\/"]}]},{"@type":"ImageObject","inLanguage":"en-US","@id":"https:\/\/bunnyboo.ro\/produs\/set-silicon-kine-liewood-blue-fog-mix\/#primaryimage","url":"https:\/\/bunnyboo.ro\/wp-content\/uploads\/2023\/07\/45CBE0E1-EBF9-4DF6-B6CB-4D204CE39FFB-scaled.png","contentUrl":"https:\/\/bunnyboo.ro\/wp-content\/uploads\/2023\/07\/45CBE0E1-EBF9-4DF6-B6CB-4D204CE39FFB-scaled.png","width":2560,"height":1670,"caption":"45CBE0E1-EBF9-4DF6-B6CB-4D204CE39FFB"},{"@type":"BreadcrumbList","@id":"https:\/\/bunnyboo.ro\/produs\/set-silicon-kine-liewood-blue-fog-mix\/#breadcrumb","itemListElement":[{"@type":"ListItem","position":1,"name":"Home","item":"https:\/\/bunnyboo.ro\/en\/"},{"@type":"ListItem","position":2,"name":"New","item":"https:\/\/bunnyboo.ro\/en\/shop\/"},{"@type":"ListItem","position":3,"name":"Set de masa din silicon Kine Liewood &#8211; Blue Fog Mix"}]},{"@type":"WebSite","@id":"https:\/\/bunnyboo.ro\/#website","url":"https:\/\/bunnyboo.ro\/","name":"Bunny Boo","description":"Bunny Boo","publisher":{"@id":"https:\/\/bunnyboo.ro\/#organization"},"potentialAction":[{"@type":"SearchAction","target":{"@type":"EntryPoint","urlTemplate":"https:\/\/bunnyboo.ro\/?s={search_term_string}"},"query-input":"required name=search_term_string"}],"inLanguage":"en-US"},{"@type":"Organization","@id":"https:\/\/bunnyboo.ro\/#organization","name":"Bunny Boo","url":"https:\/\/bunnyboo.ro\/","logo":{"@type":"ImageObject","inLanguage":"en-US","@id":"https:\/\/bunnyboo.ro\/#\/schema\/logo\/image\/","url":"https:\/\/bunnyboo.ro\/wp-content\/uploads\/2024\/03\/Logo-website-black.png","contentUrl":"https:\/\/bunnyboo.ro\/wp-content\/uploads\/2024\/03\/Logo-website-black.png","width":2422,"height":946,"caption":"Bunny Boo"},"image":{"@id":"https:\/\/bunnyboo.ro\/#\/schema\/logo\/image\/"}}]}},"_links":{"self":[{"href":"https:\/\/bunnyboo.ro\/en\/wp-json\/wp\/v2\/product\/6569","targetHints":{"allow":["GET"]}}],"collection":[{"href":"https:\/\/bunnyboo.ro\/en\/wp-json\/wp\/v2\/product"}],"about":[{"href":"https:\/\/bunnyboo.ro\/en\/wp-json\/wp\/v2\/types\/product"}],"replies":[{"embeddable":true,"href":"https:\/\/bunnyboo.ro\/en\/wp-json\/wp\/v2\/comments?post=6569"}],"wp:featuredmedia":[{"embeddable":true,"href":"https:\/\/bunnyboo.ro\/en\/wp-json\/wp\/v2\/media\/6568"}],"wp:attachment":[{"href":"https:\/\/bunnyboo.ro\/en\/wp-json\/wp\/v2\/media?parent=6569"}],"wp:term":[{"taxonomy":"product_brand","embeddable":true,"href":"https:\/\/bunnyboo.ro\/en\/wp-json\/wp\/v2\/product_brand?post=6569"},{"taxonomy":"product_cat","embeddable":true,"href":"https:\/\/bunnyboo.ro\/en\/wp-json\/wp\/v2\/product_cat?post=6569"},{"taxonomy":"product_tag","embeddable":true,"href":"https:\/\/bunnyboo.ro\/en\/wp-json\/wp\/v2\/product_tag?post=6569"}],"curies":[{"name":"wp","href":"https:\/\/api.w.org\/{rel}","templated":true}]}}