{"id":6567,"date":"2023-07-19T17:29:04","date_gmt":"2023-07-19T17:29:04","guid":{"rendered":"https:\/\/bunnyboo.ro\/product\/set-cani-tuscany\/"},"modified":"2025-12-21T16:38:19","modified_gmt":"2025-12-21T14:38:19","slug":"set-cani-tuscany","status":"publish","type":"product","link":"https:\/\/bunnyboo.ro\/en\/produs\/set-cani-tuscany\/","title":{"rendered":"Set 2 cani din silicon Liewood &#8211; Tuscany Rose"},"content":{"rendered":"<p class=\"MsoNormal\" style=\"margin: 0cm 0cm 0.0001pt;\">Setul const\u0103 din dou\u0103 c\u0103ni cu un elefant pe o parte a cupei \u0219i o girafa pe cealalt\u0103 parte. Aceste dou\u0103 animalute cu efecte 3D sunt ceva ce copilul t\u0103u va iubi cu siguran\u021b\u0103.<\/p>\n<p class=\"MsoNormal\" style=\"margin: 0cm 0cm 0.0001pt;\"><\/p>\n<p class=\"MsoNormal\" style=\"margin: 0cm 0cm 0.0001pt;\">Material: Fabricat din silicon 100%.<\/p>\n<p class=\"MsoNormal\" style=\"margin: 0cm 0cm 0.0001pt;\">Se poate sp\u0103la \u00een ma\u0219ina de sp\u0103lat vase, vine \u00eentr-un set de dou\u0103.&nbsp;<\/p>\n<p class=\"MsoNormal\" style=\"margin: 0cm 0cm 0.0001pt;\">Brand: LIEWOOD<\/p>\n","protected":false},"excerpt":{"rendered":"<p>Setul const\u0103 din dou\u0103 c\u0103ni cu un elefant pe o parte a cupei \u0219i o girafa pe cealalt\u0103 parte. Aceste dou\u0103 animalute cu efecte 3D sunt ceva ce copilul t\u0103u va iubi cu siguran\u021b\u0103. Material: Fabricat din silicon 100%. Se poate sp\u0103la \u00een ma\u0219ina de sp\u0103lat vase, vine \u00eentr-un set de dou\u0103.&nbsp; Brand: LIEWOOD<\/p>\n","protected":false},"featured_media":6565,"comment_status":"open","ping_status":"closed","template":"","meta":{"site-sidebar-layout":"default","site-content-layout":"","ast-site-content-layout":"","site-content-style":"default","site-sidebar-style":"default","ast-global-header-display":"","ast-banner-title-visibility":"","ast-main-header-display":"","ast-hfb-above-header-display":"","ast-hfb-below-header-display":"","ast-hfb-mobile-header-display":"","site-post-title":"","ast-breadcrumbs-content":"","ast-featured-img":"","footer-sml-layout":"","theme-transparent-header-meta":"","adv-header-id-meta":"","stick-header-meta":"","header-above-stick-meta":"","header-main-stick-meta":"","header-below-stick-meta":"","astra-migrate-meta-layouts":"default","ast-page-background-enabled":"default","ast-page-background-meta":{"desktop":{"background-color":"","background-image":"","background-repeat":"repeat","background-position":"center center","background-size":"auto","background-attachment":"scroll","background-type":"","background-media":"","overlay-type":"","overlay-color":"","overlay-opacity":"","overlay-gradient":""},"tablet":{"background-color":"","background-image":"","background-repeat":"repeat","background-position":"center center","background-size":"auto","background-attachment":"scroll","background-type":"","background-media":"","overlay-type":"","overlay-color":"","overlay-opacity":"","overlay-gradient":""},"mobile":{"background-color":"","background-image":"","background-repeat":"repeat","background-position":"center center","background-size":"auto","background-attachment":"scroll","background-type":"","background-media":"","overlay-type":"","overlay-color":"","overlay-opacity":"","overlay-gradient":""}},"ast-content-background-meta":{"desktop":{"background-color":"var(--ast-global-color-5)","background-image":"","background-repeat":"repeat","background-position":"center center","background-size":"auto","background-attachment":"scroll","background-type":"","background-media":"","overlay-type":"","overlay-color":"","overlay-opacity":"","overlay-gradient":""},"tablet":{"background-color":"var(--ast-global-color-5)","background-image":"","background-repeat":"repeat","background-position":"center center","background-size":"auto","background-attachment":"scroll","background-type":"","background-media":"","overlay-type":"","overlay-color":"","overlay-opacity":"","overlay-gradient":""},"mobile":{"background-color":"var(--ast-global-color-5)","background-image":"","background-repeat":"repeat","background-position":"center center","background-size":"auto","background-attachment":"scroll","background-type":"","background-media":"","overlay-type":"","overlay-color":"","overlay-opacity":"","overlay-gradient":""}}},"product_brand":[],"product_cat":[65,75,83,132],"product_tag":[],"class_list":{"0":"post-6567","1":"product","2":"type-product","3":"status-publish","4":"has-post-thumbnail","6":"product_cat-noutati-minunate-pentru-puiul-tau","7":"product_cat-sticla-de-apa-favorita","8":"product_cat-seturi-de-masa-moderne","9":"product_cat-reduceri-pentru-tine","10":"desktop-align-left","11":"tablet-align-left","12":"mobile-align-left","13":"ast-product-gallery-layout-horizontal-slider","14":"ast-product-tabs-layout-vertical","15":"ast-qv-on-image","17":"first","18":"instock","19":"sale","20":"shipping-taxable","21":"purchasable","22":"product-type-simple"},"yoast_head":"<!-- This site is optimized with the Yoast SEO plugin v22.6 - https:\/\/yoast.com\/wordpress\/plugins\/seo\/ -->\n<title>Set 2 cani din silicon Liewood - Tuscany Rose<\/title>\n<meta name=\"robots\" content=\"index, follow, max-snippet:-1, max-image-preview:large, max-video-preview:-1\" \/>\n<link rel=\"canonical\" href=\"https:\/\/bunnyboo.ro\/produs\/set-cani-tuscany\/\" \/>\n<meta property=\"og:locale\" content=\"en_US\" \/>\n<meta property=\"og:type\" content=\"article\" \/>\n<meta property=\"og:title\" content=\"Set 2 cani din silicon Liewood - Tuscany Rose\" \/>\n<meta property=\"og:description\" content=\"Setul const\u0103 din dou\u0103 c\u0103ni cu un elefant pe o parte a cupei \u0219i o girafa pe cealalt\u0103 parte. Aceste dou\u0103 animalute cu efecte 3D sunt ceva ce copilul t\u0103u va iubi cu siguran\u021b\u0103. Material: Fabricat din silicon 100%. Se poate sp\u0103la \u00een ma\u0219ina de sp\u0103lat vase, vine \u00eentr-un set de dou\u0103.&nbsp; Brand: LIEWOOD\" \/>\n<meta property=\"og:url\" content=\"https:\/\/bunnyboo.ro\/produs\/set-cani-tuscany\/\" \/>\n<meta property=\"og:site_name\" content=\"Bunny Boo\" \/>\n<meta property=\"article:modified_time\" content=\"2025-12-21T14:38:19+00:00\" \/>\n<meta property=\"og:image\" content=\"https:\/\/bunnyboo.ro\/wp-content\/uploads\/2023\/07\/67B35D6E-A11D-437A-926E-80D2ABA68013-scaled.png\" \/>\n\t<meta property=\"og:image:width\" content=\"2560\" \/>\n\t<meta property=\"og:image:height\" content=\"1287\" \/>\n\t<meta property=\"og:image:type\" content=\"image\/png\" \/>\n<meta name=\"twitter:card\" content=\"summary_large_image\" \/>\n<script type=\"application\/ld+json\" class=\"yoast-schema-graph\">{\"@context\":\"https:\/\/schema.org\",\"@graph\":[{\"@type\":\"WebPage\",\"@id\":\"https:\/\/bunnyboo.ro\/produs\/set-cani-tuscany\/\",\"url\":\"https:\/\/bunnyboo.ro\/produs\/set-cani-tuscany\/\",\"name\":\"Set 2 cani din silicon Liewood - Tuscany Rose\",\"isPartOf\":{\"@id\":\"https:\/\/bunnyboo.ro\/#website\"},\"primaryImageOfPage\":{\"@id\":\"https:\/\/bunnyboo.ro\/produs\/set-cani-tuscany\/#primaryimage\"},\"image\":{\"@id\":\"https:\/\/bunnyboo.ro\/produs\/set-cani-tuscany\/#primaryimage\"},\"thumbnailUrl\":\"https:\/\/bunnyboo.ro\/wp-content\/uploads\/2023\/07\/67B35D6E-A11D-437A-926E-80D2ABA68013-scaled.png\",\"datePublished\":\"2023-07-19T17:29:04+00:00\",\"dateModified\":\"2025-12-21T14:38:19+00:00\",\"breadcrumb\":{\"@id\":\"https:\/\/bunnyboo.ro\/produs\/set-cani-tuscany\/#breadcrumb\"},\"inLanguage\":\"en-US\",\"potentialAction\":[{\"@type\":\"ReadAction\",\"target\":[\"https:\/\/bunnyboo.ro\/produs\/set-cani-tuscany\/\"]}]},{\"@type\":\"ImageObject\",\"inLanguage\":\"en-US\",\"@id\":\"https:\/\/bunnyboo.ro\/produs\/set-cani-tuscany\/#primaryimage\",\"url\":\"https:\/\/bunnyboo.ro\/wp-content\/uploads\/2023\/07\/67B35D6E-A11D-437A-926E-80D2ABA68013-scaled.png\",\"contentUrl\":\"https:\/\/bunnyboo.ro\/wp-content\/uploads\/2023\/07\/67B35D6E-A11D-437A-926E-80D2ABA68013-scaled.png\",\"width\":2560,\"height\":1287,\"caption\":\"67B35D6E-A11D-437A-926E-80D2ABA68013\"},{\"@type\":\"BreadcrumbList\",\"@id\":\"https:\/\/bunnyboo.ro\/produs\/set-cani-tuscany\/#breadcrumb\",\"itemListElement\":[{\"@type\":\"ListItem\",\"position\":1,\"name\":\"Home\",\"item\":\"https:\/\/bunnyboo.ro\/en\/\"},{\"@type\":\"ListItem\",\"position\":2,\"name\":\"New\",\"item\":\"https:\/\/bunnyboo.ro\/en\/shop\/\"},{\"@type\":\"ListItem\",\"position\":3,\"name\":\"Set 2 cani din silicon Liewood &#8211; Tuscany Rose\"}]},{\"@type\":\"WebSite\",\"@id\":\"https:\/\/bunnyboo.ro\/#website\",\"url\":\"https:\/\/bunnyboo.ro\/\",\"name\":\"Bunny Boo\",\"description\":\"Bunny Boo\",\"publisher\":{\"@id\":\"https:\/\/bunnyboo.ro\/#organization\"},\"potentialAction\":[{\"@type\":\"SearchAction\",\"target\":{\"@type\":\"EntryPoint\",\"urlTemplate\":\"https:\/\/bunnyboo.ro\/?s={search_term_string}\"},\"query-input\":\"required name=search_term_string\"}],\"inLanguage\":\"en-US\"},{\"@type\":\"Organization\",\"@id\":\"https:\/\/bunnyboo.ro\/#organization\",\"name\":\"Bunny Boo\",\"url\":\"https:\/\/bunnyboo.ro\/\",\"logo\":{\"@type\":\"ImageObject\",\"inLanguage\":\"en-US\",\"@id\":\"https:\/\/bunnyboo.ro\/#\/schema\/logo\/image\/\",\"url\":\"https:\/\/bunnyboo.ro\/wp-content\/uploads\/2024\/03\/Logo-website-black.png\",\"contentUrl\":\"https:\/\/bunnyboo.ro\/wp-content\/uploads\/2024\/03\/Logo-website-black.png\",\"width\":2422,\"height\":946,\"caption\":\"Bunny Boo\"},\"image\":{\"@id\":\"https:\/\/bunnyboo.ro\/#\/schema\/logo\/image\/\"}}]}<\/script>\n<!-- \/ Yoast SEO plugin. -->","yoast_head_json":{"title":"Set 2 cani din silicon Liewood - Tuscany Rose","robots":{"index":"index","follow":"follow","max-snippet":"max-snippet:-1","max-image-preview":"max-image-preview:large","max-video-preview":"max-video-preview:-1"},"canonical":"https:\/\/bunnyboo.ro\/produs\/set-cani-tuscany\/","og_locale":"en_US","og_type":"article","og_title":"Set 2 cani din silicon Liewood - Tuscany Rose","og_description":"Setul const\u0103 din dou\u0103 c\u0103ni cu un elefant pe o parte a cupei \u0219i o girafa pe cealalt\u0103 parte. Aceste dou\u0103 animalute cu efecte 3D sunt ceva ce copilul t\u0103u va iubi cu siguran\u021b\u0103. Material: Fabricat din silicon 100%. Se poate sp\u0103la \u00een ma\u0219ina de sp\u0103lat vase, vine \u00eentr-un set de dou\u0103.&nbsp; Brand: LIEWOOD","og_url":"https:\/\/bunnyboo.ro\/produs\/set-cani-tuscany\/","og_site_name":"Bunny Boo","article_modified_time":"2025-12-21T14:38:19+00:00","og_image":[{"width":2560,"height":1287,"url":"https:\/\/bunnyboo.ro\/wp-content\/uploads\/2023\/07\/67B35D6E-A11D-437A-926E-80D2ABA68013-scaled.png","type":"image\/png"}],"twitter_card":"summary_large_image","schema":{"@context":"https:\/\/schema.org","@graph":[{"@type":"WebPage","@id":"https:\/\/bunnyboo.ro\/produs\/set-cani-tuscany\/","url":"https:\/\/bunnyboo.ro\/produs\/set-cani-tuscany\/","name":"Set 2 cani din silicon Liewood - Tuscany Rose","isPartOf":{"@id":"https:\/\/bunnyboo.ro\/#website"},"primaryImageOfPage":{"@id":"https:\/\/bunnyboo.ro\/produs\/set-cani-tuscany\/#primaryimage"},"image":{"@id":"https:\/\/bunnyboo.ro\/produs\/set-cani-tuscany\/#primaryimage"},"thumbnailUrl":"https:\/\/bunnyboo.ro\/wp-content\/uploads\/2023\/07\/67B35D6E-A11D-437A-926E-80D2ABA68013-scaled.png","datePublished":"2023-07-19T17:29:04+00:00","dateModified":"2025-12-21T14:38:19+00:00","breadcrumb":{"@id":"https:\/\/bunnyboo.ro\/produs\/set-cani-tuscany\/#breadcrumb"},"inLanguage":"en-US","potentialAction":[{"@type":"ReadAction","target":["https:\/\/bunnyboo.ro\/produs\/set-cani-tuscany\/"]}]},{"@type":"ImageObject","inLanguage":"en-US","@id":"https:\/\/bunnyboo.ro\/produs\/set-cani-tuscany\/#primaryimage","url":"https:\/\/bunnyboo.ro\/wp-content\/uploads\/2023\/07\/67B35D6E-A11D-437A-926E-80D2ABA68013-scaled.png","contentUrl":"https:\/\/bunnyboo.ro\/wp-content\/uploads\/2023\/07\/67B35D6E-A11D-437A-926E-80D2ABA68013-scaled.png","width":2560,"height":1287,"caption":"67B35D6E-A11D-437A-926E-80D2ABA68013"},{"@type":"BreadcrumbList","@id":"https:\/\/bunnyboo.ro\/produs\/set-cani-tuscany\/#breadcrumb","itemListElement":[{"@type":"ListItem","position":1,"name":"Home","item":"https:\/\/bunnyboo.ro\/en\/"},{"@type":"ListItem","position":2,"name":"New","item":"https:\/\/bunnyboo.ro\/en\/shop\/"},{"@type":"ListItem","position":3,"name":"Set 2 cani din silicon Liewood &#8211; Tuscany Rose"}]},{"@type":"WebSite","@id":"https:\/\/bunnyboo.ro\/#website","url":"https:\/\/bunnyboo.ro\/","name":"Bunny Boo","description":"Bunny Boo","publisher":{"@id":"https:\/\/bunnyboo.ro\/#organization"},"potentialAction":[{"@type":"SearchAction","target":{"@type":"EntryPoint","urlTemplate":"https:\/\/bunnyboo.ro\/?s={search_term_string}"},"query-input":"required name=search_term_string"}],"inLanguage":"en-US"},{"@type":"Organization","@id":"https:\/\/bunnyboo.ro\/#organization","name":"Bunny Boo","url":"https:\/\/bunnyboo.ro\/","logo":{"@type":"ImageObject","inLanguage":"en-US","@id":"https:\/\/bunnyboo.ro\/#\/schema\/logo\/image\/","url":"https:\/\/bunnyboo.ro\/wp-content\/uploads\/2024\/03\/Logo-website-black.png","contentUrl":"https:\/\/bunnyboo.ro\/wp-content\/uploads\/2024\/03\/Logo-website-black.png","width":2422,"height":946,"caption":"Bunny Boo"},"image":{"@id":"https:\/\/bunnyboo.ro\/#\/schema\/logo\/image\/"}}]}},"_links":{"self":[{"href":"https:\/\/bunnyboo.ro\/en\/wp-json\/wp\/v2\/product\/6567","targetHints":{"allow":["GET"]}}],"collection":[{"href":"https:\/\/bunnyboo.ro\/en\/wp-json\/wp\/v2\/product"}],"about":[{"href":"https:\/\/bunnyboo.ro\/en\/wp-json\/wp\/v2\/types\/product"}],"replies":[{"embeddable":true,"href":"https:\/\/bunnyboo.ro\/en\/wp-json\/wp\/v2\/comments?post=6567"}],"wp:featuredmedia":[{"embeddable":true,"href":"https:\/\/bunnyboo.ro\/en\/wp-json\/wp\/v2\/media\/6565"}],"wp:attachment":[{"href":"https:\/\/bunnyboo.ro\/en\/wp-json\/wp\/v2\/media?parent=6567"}],"wp:term":[{"taxonomy":"product_brand","embeddable":true,"href":"https:\/\/bunnyboo.ro\/en\/wp-json\/wp\/v2\/product_brand?post=6567"},{"taxonomy":"product_cat","embeddable":true,"href":"https:\/\/bunnyboo.ro\/en\/wp-json\/wp\/v2\/product_cat?post=6567"},{"taxonomy":"product_tag","embeddable":true,"href":"https:\/\/bunnyboo.ro\/en\/wp-json\/wp\/v2\/product_tag?post=6567"}],"curies":[{"name":"wp","href":"https:\/\/api.w.org\/{rel}","templated":true}]}}