{"id":6063,"date":"2023-02-13T14:33:17","date_gmt":"2023-02-13T14:33:17","guid":{"rendered":"https:\/\/bunnyboo.ro\/product\/set-de-joaca-stapelstein-original-rainbow-pastel\/"},"modified":"2026-03-16T17:58:57","modified_gmt":"2026-03-16T15:58:57","slug":"set-de-joaca-stapelstein-original-rainbow-pastel","status":"publish","type":"product","link":"https:\/\/bunnyboo.ro\/en\/produs\/set-de-joaca-stapelstein-original-rainbow-pastel\/","title":{"rendered":"Set de joaca Stapelstein Original Rainbow Pastel"},"content":{"rendered":"<p>Noul set de joaca Stapelstein\u00ae Original rainbow pastel este esential in joaca imaginativa si dinamica.<\/p>\n<p>Datorit\u0103 culorilor deschise, se potrive\u0219te \u00een orice interior. Elementele Stapelstein\u00ae Original \u00een culori pastelate pot fi combinate cu toate celelalte elemente Original \u0219i Board. Mai ales \u00een combina\u021bie cu rainbow original, apar combina\u021bii de culori grozave, care \u00eencurajeaz\u0103 mi\u0219carea, precum \u0219i jocul imaginativ de stivuire.<\/p>\n<p>Pentru mai mult\u0103 mi\u0219care, joac\u0103 \u0219i fantezie \u00een via\u021ba de zi cu zi a copiilor.<\/p>\n<ul>\n<li>Juc\u0103rie de stivuire sigur\u0103: f\u0103r\u0103 col\u021buri ascu\u021bite, impermeabil\u0103, rezistent\u0103 la saliva \u0219i la UV.<\/li>\n<li>Greutate de 180 g<\/li>\n<li>Greutate suportata: pana la 180 de kg<\/li>\n<li>Dimensiuni: diametru:\u00a0\u00a027.5 cm, inaltime: 12 cm<\/li>\n<li>Material: EPP reciclabil (polipropilen\u0103 expandat\u0103)<\/li>\n<\/ul>\n<p>&nbsp;<\/p>\n<p>Dac\u0103 dori\u021bi s\u0103 utiliza\u021bi produsele Stapelstein\u00ae pentru jocuri de echilibru, cel mai bine este s\u0103 face\u021bi acest lucru pe o suprafa\u021b\u0103 plan\u0103 \u0219i anti-alunecare. Stivui\u021bi elementele Stapelstein\u00ae doar c\u00e2t de sus v\u0103 sim\u021bi\u021bi \u00een siguran\u021b\u0103. V\u0103 recomand\u0103m s\u0103 stivui\u021bi maxim 3 elemente dac\u0103 dori\u021bi s\u0103 urca\u021bi pe un turn.<\/p>\n<p>Produsele de la Stapelstein\u00ae sunt rezistente la ap\u0103, astfel pot folosite si \u00een ap\u0103. Cu toate acestea, ele nu \u00eenlocuiesc un ajutor pentru flotabilitate! Copiii mici trebuie supraveghea\u021bi atunci c\u00e2nd se joac\u0103 \u00een ap\u0103 cu produse de la Stapelstein\u00ae.<\/p>\n<p>\u0218tia\u021bi c\u0103 elementele Stapelstein\u00ae Original pot scoate sunete frumoase de tobe atunci c\u00e2nd plutesc \u00een ap\u0103?<\/p>\n<p>Obiectele \u0219i suprafe\u021bele ascu\u021bite precum foarfecele, pietrele, cu\u021bitele, cuiele, s\u00e2rma sau din\u021bii mici a copiilor pot l\u0103sa urme permanente pe produsele Stapelstein\u00ae.<\/p>\n<p>Livrare in 4-5 zile.<\/p>\n<p>&nbsp;<\/p>\n","protected":false},"excerpt":{"rendered":"<p>Noul set de joaca Stapelstein\u00ae Original rainbow pastel este esential in joaca imaginativa si dinamica. Datorit\u0103 culorilor deschise, se potrive\u0219te \u00een orice interior. Elementele Stapelstein\u00ae Original \u00een culori pastelate pot fi combinate cu toate celelalte elemente Original \u0219i Board. Mai ales \u00een combina\u021bie cu rainbow original, apar combina\u021bii de culori grozave, care \u00eencurajeaz\u0103 mi\u0219carea, precum [&hellip;]<\/p>\n","protected":false},"featured_media":6060,"comment_status":"open","ping_status":"closed","template":"","meta":{"site-sidebar-layout":"default","site-content-layout":"","ast-site-content-layout":"default","site-content-style":"default","site-sidebar-style":"default","ast-global-header-display":"","ast-banner-title-visibility":"","ast-main-header-display":"","ast-hfb-above-header-display":"","ast-hfb-below-header-display":"","ast-hfb-mobile-header-display":"","site-post-title":"","ast-breadcrumbs-content":"","ast-featured-img":"","footer-sml-layout":"","theme-transparent-header-meta":"default","adv-header-id-meta":"","stick-header-meta":"default","header-above-stick-meta":"","header-main-stick-meta":"","header-below-stick-meta":"","astra-migrate-meta-layouts":"set","ast-page-background-enabled":"default","ast-page-background-meta":{"desktop":{"background-color":"","background-image":"","background-repeat":"repeat","background-position":"center center","background-size":"auto","background-attachment":"scroll","background-type":"","background-media":"","overlay-type":"","overlay-color":"","overlay-opacity":"","overlay-gradient":""},"tablet":{"background-color":"","background-image":"","background-repeat":"repeat","background-position":"center center","background-size":"auto","background-attachment":"scroll","background-type":"","background-media":"","overlay-type":"","overlay-color":"","overlay-opacity":"","overlay-gradient":""},"mobile":{"background-color":"","background-image":"","background-repeat":"repeat","background-position":"center center","background-size":"auto","background-attachment":"scroll","background-type":"","background-media":"","overlay-type":"","overlay-color":"","overlay-opacity":"","overlay-gradient":""}},"ast-content-background-meta":{"desktop":{"background-color":"var(--ast-global-color-5)","background-image":"","background-repeat":"repeat","background-position":"center center","background-size":"auto","background-attachment":"scroll","background-type":"","background-media":"","overlay-type":"","overlay-color":"","overlay-opacity":"","overlay-gradient":""},"tablet":{"background-color":"var(--ast-global-color-5)","background-image":"","background-repeat":"repeat","background-position":"center center","background-size":"auto","background-attachment":"scroll","background-type":"","background-media":"","overlay-type":"","overlay-color":"","overlay-opacity":"","overlay-gradient":""},"mobile":{"background-color":"var(--ast-global-color-5)","background-image":"","background-repeat":"repeat","background-position":"center center","background-size":"auto","background-attachment":"scroll","background-type":"","background-media":"","overlay-type":"","overlay-color":"","overlay-opacity":"","overlay-gradient":""}}},"product_brand":[],"product_cat":[71],"product_tag":[],"class_list":{"0":"post-6063","1":"product","2":"type-product","3":"status-publish","4":"has-post-thumbnail","6":"product_cat-seturi-de-joaca-colorate-si-distractive","7":"desktop-align-left","8":"tablet-align-left","9":"mobile-align-left","10":"ast-product-gallery-layout-horizontal-slider","11":"ast-product-tabs-layout-vertical","12":"ast-qv-on-image","14":"first","15":"instock","16":"shipping-taxable","17":"purchasable","18":"product-type-simple"},"yoast_head":"<!-- This site is optimized with the Yoast SEO plugin v22.6 - https:\/\/yoast.com\/wordpress\/plugins\/seo\/ -->\n<title>Set de joaca Stapelstein Original Rainbow Pastel<\/title>\n<meta name=\"robots\" content=\"index, follow, max-snippet:-1, max-image-preview:large, max-video-preview:-1\" \/>\n<link rel=\"canonical\" href=\"https:\/\/bunnyboo.ro\/produs\/set-de-joaca-stapelstein-original-rainbow-pastel\/\" \/>\n<meta property=\"og:locale\" content=\"en_US\" \/>\n<meta property=\"og:type\" content=\"article\" \/>\n<meta property=\"og:title\" content=\"Set de joaca Stapelstein Original Rainbow Pastel\" \/>\n<meta property=\"og:description\" content=\"Noul set de joaca Stapelstein\u00ae Original rainbow pastel este esential in joaca imaginativa si dinamica. Datorit\u0103 culorilor deschise, se potrive\u0219te \u00een orice interior. Elementele Stapelstein\u00ae Original \u00een culori pastelate pot fi combinate cu toate celelalte elemente Original \u0219i Board. Mai ales \u00een combina\u021bie cu rainbow original, apar combina\u021bii de culori grozave, care \u00eencurajeaz\u0103 mi\u0219carea, precum [&hellip;]\" \/>\n<meta property=\"og:url\" content=\"https:\/\/bunnyboo.ro\/produs\/set-de-joaca-stapelstein-original-rainbow-pastel\/\" \/>\n<meta property=\"og:site_name\" content=\"Bunny Boo\" \/>\n<meta property=\"article:modified_time\" content=\"2026-03-16T15:58:57+00:00\" \/>\n<meta property=\"og:image\" content=\"https:\/\/bunnyboo.ro\/wp-content\/uploads\/2023\/02\/PASTEL-Rainbow-basic_Physical-shadow-1-2.png\" \/>\n\t<meta property=\"og:image:width\" content=\"1000\" \/>\n\t<meta property=\"og:image:height\" content=\"1250\" \/>\n\t<meta property=\"og:image:type\" content=\"image\/png\" \/>\n<meta name=\"twitter:card\" content=\"summary_large_image\" \/>\n<meta name=\"twitter:label1\" content=\"Est. reading time\" \/>\n\t<meta name=\"twitter:data1\" content=\"1 minute\" \/>\n<script type=\"application\/ld+json\" class=\"yoast-schema-graph\">{\"@context\":\"https:\/\/schema.org\",\"@graph\":[{\"@type\":\"WebPage\",\"@id\":\"https:\/\/bunnyboo.ro\/produs\/set-de-joaca-stapelstein-original-rainbow-pastel\/\",\"url\":\"https:\/\/bunnyboo.ro\/produs\/set-de-joaca-stapelstein-original-rainbow-pastel\/\",\"name\":\"Set de joaca Stapelstein Original Rainbow Pastel\",\"isPartOf\":{\"@id\":\"https:\/\/bunnyboo.ro\/#website\"},\"primaryImageOfPage\":{\"@id\":\"https:\/\/bunnyboo.ro\/produs\/set-de-joaca-stapelstein-original-rainbow-pastel\/#primaryimage\"},\"image\":{\"@id\":\"https:\/\/bunnyboo.ro\/produs\/set-de-joaca-stapelstein-original-rainbow-pastel\/#primaryimage\"},\"thumbnailUrl\":\"https:\/\/bunnyboo.ro\/wp-content\/uploads\/2023\/02\/PASTEL-Rainbow-basic_Physical-shadow-1-2.png\",\"datePublished\":\"2023-02-13T14:33:17+00:00\",\"dateModified\":\"2026-03-16T15:58:57+00:00\",\"breadcrumb\":{\"@id\":\"https:\/\/bunnyboo.ro\/produs\/set-de-joaca-stapelstein-original-rainbow-pastel\/#breadcrumb\"},\"inLanguage\":\"en-US\",\"potentialAction\":[{\"@type\":\"ReadAction\",\"target\":[\"https:\/\/bunnyboo.ro\/produs\/set-de-joaca-stapelstein-original-rainbow-pastel\/\"]}]},{\"@type\":\"ImageObject\",\"inLanguage\":\"en-US\",\"@id\":\"https:\/\/bunnyboo.ro\/produs\/set-de-joaca-stapelstein-original-rainbow-pastel\/#primaryimage\",\"url\":\"https:\/\/bunnyboo.ro\/wp-content\/uploads\/2023\/02\/PASTEL-Rainbow-basic_Physical-shadow-1-2.png\",\"contentUrl\":\"https:\/\/bunnyboo.ro\/wp-content\/uploads\/2023\/02\/PASTEL-Rainbow-basic_Physical-shadow-1-2.png\",\"width\":1000,\"height\":1250,\"caption\":\"PASTEL-Rainbow-basic_Physical-shadow-1-2\"},{\"@type\":\"BreadcrumbList\",\"@id\":\"https:\/\/bunnyboo.ro\/produs\/set-de-joaca-stapelstein-original-rainbow-pastel\/#breadcrumb\",\"itemListElement\":[{\"@type\":\"ListItem\",\"position\":1,\"name\":\"Home\",\"item\":\"https:\/\/bunnyboo.ro\/en\/\"},{\"@type\":\"ListItem\",\"position\":2,\"name\":\"New\",\"item\":\"https:\/\/bunnyboo.ro\/en\/shop\/\"},{\"@type\":\"ListItem\",\"position\":3,\"name\":\"Set de joaca Stapelstein Original Rainbow Pastel\"}]},{\"@type\":\"WebSite\",\"@id\":\"https:\/\/bunnyboo.ro\/#website\",\"url\":\"https:\/\/bunnyboo.ro\/\",\"name\":\"Bunny Boo\",\"description\":\"Bunny Boo\",\"publisher\":{\"@id\":\"https:\/\/bunnyboo.ro\/#organization\"},\"potentialAction\":[{\"@type\":\"SearchAction\",\"target\":{\"@type\":\"EntryPoint\",\"urlTemplate\":\"https:\/\/bunnyboo.ro\/?s={search_term_string}\"},\"query-input\":\"required name=search_term_string\"}],\"inLanguage\":\"en-US\"},{\"@type\":\"Organization\",\"@id\":\"https:\/\/bunnyboo.ro\/#organization\",\"name\":\"Bunny Boo\",\"url\":\"https:\/\/bunnyboo.ro\/\",\"logo\":{\"@type\":\"ImageObject\",\"inLanguage\":\"en-US\",\"@id\":\"https:\/\/bunnyboo.ro\/#\/schema\/logo\/image\/\",\"url\":\"https:\/\/bunnyboo.ro\/wp-content\/uploads\/2024\/03\/Logo-website-black.png\",\"contentUrl\":\"https:\/\/bunnyboo.ro\/wp-content\/uploads\/2024\/03\/Logo-website-black.png\",\"width\":2422,\"height\":946,\"caption\":\"Bunny Boo\"},\"image\":{\"@id\":\"https:\/\/bunnyboo.ro\/#\/schema\/logo\/image\/\"}}]}<\/script>\n<!-- \/ Yoast SEO plugin. -->","yoast_head_json":{"title":"Set de joaca Stapelstein Original Rainbow Pastel","robots":{"index":"index","follow":"follow","max-snippet":"max-snippet:-1","max-image-preview":"max-image-preview:large","max-video-preview":"max-video-preview:-1"},"canonical":"https:\/\/bunnyboo.ro\/produs\/set-de-joaca-stapelstein-original-rainbow-pastel\/","og_locale":"en_US","og_type":"article","og_title":"Set de joaca Stapelstein Original Rainbow Pastel","og_description":"Noul set de joaca Stapelstein\u00ae Original rainbow pastel este esential in joaca imaginativa si dinamica. Datorit\u0103 culorilor deschise, se potrive\u0219te \u00een orice interior. Elementele Stapelstein\u00ae Original \u00een culori pastelate pot fi combinate cu toate celelalte elemente Original \u0219i Board. Mai ales \u00een combina\u021bie cu rainbow original, apar combina\u021bii de culori grozave, care \u00eencurajeaz\u0103 mi\u0219carea, precum [&hellip;]","og_url":"https:\/\/bunnyboo.ro\/produs\/set-de-joaca-stapelstein-original-rainbow-pastel\/","og_site_name":"Bunny Boo","article_modified_time":"2026-03-16T15:58:57+00:00","og_image":[{"width":1000,"height":1250,"url":"https:\/\/bunnyboo.ro\/wp-content\/uploads\/2023\/02\/PASTEL-Rainbow-basic_Physical-shadow-1-2.png","type":"image\/png"}],"twitter_card":"summary_large_image","twitter_misc":{"Est. reading time":"1 minute"},"schema":{"@context":"https:\/\/schema.org","@graph":[{"@type":"WebPage","@id":"https:\/\/bunnyboo.ro\/produs\/set-de-joaca-stapelstein-original-rainbow-pastel\/","url":"https:\/\/bunnyboo.ro\/produs\/set-de-joaca-stapelstein-original-rainbow-pastel\/","name":"Set de joaca Stapelstein Original Rainbow Pastel","isPartOf":{"@id":"https:\/\/bunnyboo.ro\/#website"},"primaryImageOfPage":{"@id":"https:\/\/bunnyboo.ro\/produs\/set-de-joaca-stapelstein-original-rainbow-pastel\/#primaryimage"},"image":{"@id":"https:\/\/bunnyboo.ro\/produs\/set-de-joaca-stapelstein-original-rainbow-pastel\/#primaryimage"},"thumbnailUrl":"https:\/\/bunnyboo.ro\/wp-content\/uploads\/2023\/02\/PASTEL-Rainbow-basic_Physical-shadow-1-2.png","datePublished":"2023-02-13T14:33:17+00:00","dateModified":"2026-03-16T15:58:57+00:00","breadcrumb":{"@id":"https:\/\/bunnyboo.ro\/produs\/set-de-joaca-stapelstein-original-rainbow-pastel\/#breadcrumb"},"inLanguage":"en-US","potentialAction":[{"@type":"ReadAction","target":["https:\/\/bunnyboo.ro\/produs\/set-de-joaca-stapelstein-original-rainbow-pastel\/"]}]},{"@type":"ImageObject","inLanguage":"en-US","@id":"https:\/\/bunnyboo.ro\/produs\/set-de-joaca-stapelstein-original-rainbow-pastel\/#primaryimage","url":"https:\/\/bunnyboo.ro\/wp-content\/uploads\/2023\/02\/PASTEL-Rainbow-basic_Physical-shadow-1-2.png","contentUrl":"https:\/\/bunnyboo.ro\/wp-content\/uploads\/2023\/02\/PASTEL-Rainbow-basic_Physical-shadow-1-2.png","width":1000,"height":1250,"caption":"PASTEL-Rainbow-basic_Physical-shadow-1-2"},{"@type":"BreadcrumbList","@id":"https:\/\/bunnyboo.ro\/produs\/set-de-joaca-stapelstein-original-rainbow-pastel\/#breadcrumb","itemListElement":[{"@type":"ListItem","position":1,"name":"Home","item":"https:\/\/bunnyboo.ro\/en\/"},{"@type":"ListItem","position":2,"name":"New","item":"https:\/\/bunnyboo.ro\/en\/shop\/"},{"@type":"ListItem","position":3,"name":"Set de joaca Stapelstein Original Rainbow Pastel"}]},{"@type":"WebSite","@id":"https:\/\/bunnyboo.ro\/#website","url":"https:\/\/bunnyboo.ro\/","name":"Bunny Boo","description":"Bunny Boo","publisher":{"@id":"https:\/\/bunnyboo.ro\/#organization"},"potentialAction":[{"@type":"SearchAction","target":{"@type":"EntryPoint","urlTemplate":"https:\/\/bunnyboo.ro\/?s={search_term_string}"},"query-input":"required name=search_term_string"}],"inLanguage":"en-US"},{"@type":"Organization","@id":"https:\/\/bunnyboo.ro\/#organization","name":"Bunny Boo","url":"https:\/\/bunnyboo.ro\/","logo":{"@type":"ImageObject","inLanguage":"en-US","@id":"https:\/\/bunnyboo.ro\/#\/schema\/logo\/image\/","url":"https:\/\/bunnyboo.ro\/wp-content\/uploads\/2024\/03\/Logo-website-black.png","contentUrl":"https:\/\/bunnyboo.ro\/wp-content\/uploads\/2024\/03\/Logo-website-black.png","width":2422,"height":946,"caption":"Bunny Boo"},"image":{"@id":"https:\/\/bunnyboo.ro\/#\/schema\/logo\/image\/"}}]}},"_links":{"self":[{"href":"https:\/\/bunnyboo.ro\/en\/wp-json\/wp\/v2\/product\/6063","targetHints":{"allow":["GET"]}}],"collection":[{"href":"https:\/\/bunnyboo.ro\/en\/wp-json\/wp\/v2\/product"}],"about":[{"href":"https:\/\/bunnyboo.ro\/en\/wp-json\/wp\/v2\/types\/product"}],"replies":[{"embeddable":true,"href":"https:\/\/bunnyboo.ro\/en\/wp-json\/wp\/v2\/comments?post=6063"}],"wp:featuredmedia":[{"embeddable":true,"href":"https:\/\/bunnyboo.ro\/en\/wp-json\/wp\/v2\/media\/6060"}],"wp:attachment":[{"href":"https:\/\/bunnyboo.ro\/en\/wp-json\/wp\/v2\/media?parent=6063"}],"wp:term":[{"taxonomy":"product_brand","embeddable":true,"href":"https:\/\/bunnyboo.ro\/en\/wp-json\/wp\/v2\/product_brand?post=6063"},{"taxonomy":"product_cat","embeddable":true,"href":"https:\/\/bunnyboo.ro\/en\/wp-json\/wp\/v2\/product_cat?post=6063"},{"taxonomy":"product_tag","embeddable":true,"href":"https:\/\/bunnyboo.ro\/en\/wp-json\/wp\/v2\/product_tag?post=6063"}],"curies":[{"name":"wp","href":"https:\/\/api.w.org\/{rel}","templated":true}]}}