{"id":6034,"date":"2023-02-06T14:28:00","date_gmt":"2023-02-06T14:28:00","guid":{"rendered":"https:\/\/bunnyboo.ro\/product\/placa-de-echilibru-wobbel-original-natur-lacuita-cu-strat-de-lana-verde-forest\/"},"modified":"2025-11-12T13:56:52","modified_gmt":"2025-11-12T11:56:52","slug":"placa-de-echilibru-wobbel-original-natur-lacuita-cu-strat-de-lana-verde-forest","status":"publish","type":"product","link":"https:\/\/bunnyboo.ro\/en\/produs\/placa-de-echilibru-wobbel-original-natur-lacuita-cu-strat-de-lana-verde-forest\/","title":{"rendered":"Placa de echilibru Wobbel Original, natur, lacuita, cu strat de lana verde Forest"},"content":{"rendered":"<p style=\"margin-bottom: 1rem;\">Povestea placii de echilibru Wobbel<\/p>\n<p style=\"margin-bottom: 1rem;\">Placa de echilibru Wobbel isi are originea \u00een \u0219colile Waldorf. Wobbel este o placa de echilibru clasica prezentata \u00eentr-un design modern si contemporan. Wobbel: juc\u0103ria din lemn care mi\u0219c\u0103 oameni de toate varstele.\u00a0Jucarie educativa din lemn, Montessori.<\/p>\n<p style=\"margin-bottom: 1rem;\">Putere<\/p>\n<p style=\"margin-bottom: 1rem;\">Wobbel stimuleaz\u0103 echilibrul \u0219i for\u021ba \u00een timpul jocului \u0219i a utiliz\u0103rii sale. \u00cen mod juc\u0103u\u0219, dar foarte eficient, aceasta stimuleaza con\u0219tientizarea \u0219i echilibrul fizic. Atunci c\u00e2nd se utilizeaz\u0103 ca dispozitiv de antrenament, anumite grupe musculare pot fi izolate, \u00een timp ce alte exerci\u021bii antreneaza grupe mari de mu\u0219chi. Acest lucru este valabil pentru copii (tineri), adul\u021bi \u0219i chiar v\u00e2rstnici.<\/p>\n<p style=\"margin-bottom: 1rem;\">Imaginatie<\/p>\n<p style=\"margin-bottom: 1rem;\">Al\u0103turi de capacit\u0103\u021bile sale de dezvoltare, Wobbel inspira datorit\u0103 formei curbe impresionante, dar nedefinite. Aceast\u0103 form\u0103 stimuleaz\u0103 creativitatea, imaginatia copiilor in privinta modului de utilizare. Arunca\u021bi o privire asupra paginii de fotografii pentru c\u00e2teva dintre utiliz\u0103ri.<\/p>\n<p style=\"margin-bottom: 1rem;\">Pace \u0219i lini\u0219te<\/p>\n<p style=\"margin-bottom: 1rem;\">Wobbel func\u021bioneaz\u0103 ca un magnet pentru copii. Poate fi folosita atat pentru jocuri de grup\u00a0exuberante , dar \u0219i pentru momente de lini\u0219te \u0219i joc individual.<\/p>\n<p style=\"margin-bottom: 1rem;\">Frumusete<\/p>\n<p style=\"margin-bottom: 1rem;\">Placa Wobbel este fabricata din mai multe straturi de lemn de fag european (FSC), care sunt stivuite \u0219i presate sub inalta presiune,\u00a0avand proiectat\u0103 o curb\u0103 unic\u0103. Exist\u0103 mai multe op\u021biuni de culoare \u0219i poate fi prev\u0103zuta cu p\u00e2sl\u0103 natural\u0103 din l\u00e2n\u0103 sau plut\u0103 natural\u0103.<\/p>\n<p style=\"margin-bottom: 1rem;\">Din cauza formei si a modului in care arata, Wobbel este\u00a0singura juc\u0103rie care nu trebuie s\u0103 fie pusa la loc dup\u0103 ce joaca s-a incheiat. Arat\u0103 grozav oriunde. Este destinata utiliz\u0103rii \u00een interior, dar cu suficient\u0103 aten\u021bie poate fi folosita si \u00een exterior.<\/p>\n<p style=\"margin-bottom: 1rem;\">Practica<\/p>\n<p style=\"margin-bottom: 1rem;\">Copiii au imaginatie bogata \u0219i continu\u0103 s\u0103 g\u0103seasc\u0103 noi utiliz\u0103ri pentru placa Wobbel. De exemplu, este ideala \u00een buc\u0103t\u0103rie, unde copiii o pot folosi ca inaltator pentru a-si putea sp\u0103la m\u00e2inile f\u0103r\u0103 ajutor sau pentru a coace prajiturele.<\/p>\n<p style=\"margin-bottom: 1rem;\">Dimensiuni Wobbel Original: aprox\u00a090 x 30 centimetri<\/p>\n<p style=\"margin-bottom: 1rem;\">Greutate Wobbel Original: approx\u00a04.5 kilograme<\/p>\n<p style=\"margin-bottom: 1rem;\">Varsta recomandata: de la 0 la 100 de ani<\/p>\n<p style=\"margin-bottom: 0px;\">Greutate suportata:\u00a0pana la 200 kilograme<\/p>\n<p>&nbsp;<\/p>\n<p>Disponibil pentru precomanda cu livrare in aproximativ 2 saptamani.<\/p>\n","protected":false},"excerpt":{"rendered":"<p>Povestea placii de echilibru Wobbel Placa de echilibru Wobbel isi are originea \u00een \u0219colile Waldorf. Wobbel este o placa de echilibru clasica prezentata \u00eentr-un design modern si contemporan. Wobbel: juc\u0103ria din lemn care mi\u0219c\u0103 oameni de toate varstele.\u00a0Jucarie educativa din lemn, Montessori. Putere Wobbel stimuleaz\u0103 echilibrul \u0219i for\u021ba \u00een timpul jocului \u0219i a utiliz\u0103rii sale. [&hellip;]<\/p>\n","protected":false},"featured_media":6032,"comment_status":"open","ping_status":"closed","template":"","meta":{"site-sidebar-layout":"default","site-content-layout":"","ast-site-content-layout":"default","site-content-style":"default","site-sidebar-style":"default","ast-global-header-display":"","ast-banner-title-visibility":"","ast-main-header-display":"","ast-hfb-above-header-display":"","ast-hfb-below-header-display":"","ast-hfb-mobile-header-display":"","site-post-title":"","ast-breadcrumbs-content":"","ast-featured-img":"","footer-sml-layout":"","theme-transparent-header-meta":"default","adv-header-id-meta":"","stick-header-meta":"default","header-above-stick-meta":"","header-main-stick-meta":"","header-below-stick-meta":"","astra-migrate-meta-layouts":"set","ast-page-background-enabled":"default","ast-page-background-meta":{"desktop":{"background-color":"","background-image":"","background-repeat":"repeat","background-position":"center center","background-size":"auto","background-attachment":"scroll","background-type":"","background-media":"","overlay-type":"","overlay-color":"","overlay-opacity":"","overlay-gradient":""},"tablet":{"background-color":"","background-image":"","background-repeat":"repeat","background-position":"center center","background-size":"auto","background-attachment":"scroll","background-type":"","background-media":"","overlay-type":"","overlay-color":"","overlay-opacity":"","overlay-gradient":""},"mobile":{"background-color":"","background-image":"","background-repeat":"repeat","background-position":"center center","background-size":"auto","background-attachment":"scroll","background-type":"","background-media":"","overlay-type":"","overlay-color":"","overlay-opacity":"","overlay-gradient":""}},"ast-content-background-meta":{"desktop":{"background-color":"var(--ast-global-color-5)","background-image":"","background-repeat":"repeat","background-position":"center center","background-size":"auto","background-attachment":"scroll","background-type":"","background-media":"","overlay-type":"","overlay-color":"","overlay-opacity":"","overlay-gradient":""},"tablet":{"background-color":"var(--ast-global-color-5)","background-image":"","background-repeat":"repeat","background-position":"center center","background-size":"auto","background-attachment":"scroll","background-type":"","background-media":"","overlay-type":"","overlay-color":"","overlay-opacity":"","overlay-gradient":""},"mobile":{"background-color":"var(--ast-global-color-5)","background-image":"","background-repeat":"repeat","background-position":"center center","background-size":"auto","background-attachment":"scroll","background-type":"","background-media":"","overlay-type":"","overlay-color":"","overlay-opacity":"","overlay-gradient":""}}},"product_brand":[],"product_cat":[70],"product_tag":[],"class_list":{"0":"post-6034","1":"product","2":"type-product","3":"status-publish","4":"has-post-thumbnail","6":"product_cat-placa-ta-de-echilibru-favorita","7":"desktop-align-left","8":"tablet-align-left","9":"mobile-align-left","10":"ast-product-gallery-layout-horizontal-slider","11":"ast-product-tabs-layout-vertical","12":"ast-qv-on-image","14":"first","15":"onbackorder","16":"shipping-taxable","17":"purchasable","18":"product-type-simple"},"yoast_head":"<!-- This site is optimized with the Yoast SEO plugin v22.6 - https:\/\/yoast.com\/wordpress\/plugins\/seo\/ -->\n<title>Placa de echilibru Wobbel Original, natur, lacuita, cu strat de lana verde Forest<\/title>\n<meta name=\"robots\" content=\"index, follow, max-snippet:-1, max-image-preview:large, max-video-preview:-1\" \/>\n<link rel=\"canonical\" href=\"https:\/\/bunnyboo.ro\/produs\/placa-de-echilibru-wobbel-original-natur-lacuita-cu-strat-de-lana-verde-forest\/\" \/>\n<meta property=\"og:locale\" content=\"en_US\" \/>\n<meta property=\"og:type\" content=\"article\" \/>\n<meta property=\"og:title\" content=\"Placa de echilibru Wobbel Original, natur, lacuita, cu strat de lana verde Forest\" \/>\n<meta property=\"og:description\" content=\"Povestea placii de echilibru Wobbel Placa de echilibru Wobbel isi are originea \u00een \u0219colile Waldorf. Wobbel este o placa de echilibru clasica prezentata \u00eentr-un design modern si contemporan. Wobbel: juc\u0103ria din lemn care mi\u0219c\u0103 oameni de toate varstele.\u00a0Jucarie educativa din lemn, Montessori. Putere Wobbel stimuleaz\u0103 echilibrul \u0219i for\u021ba \u00een timpul jocului \u0219i a utiliz\u0103rii sale. [&hellip;]\" \/>\n<meta property=\"og:url\" content=\"https:\/\/bunnyboo.ro\/produs\/placa-de-echilibru-wobbel-original-natur-lacuita-cu-strat-de-lana-verde-forest\/\" \/>\n<meta property=\"og:site_name\" content=\"Bunny Boo\" \/>\n<meta property=\"article:modified_time\" content=\"2025-11-12T11:56:52+00:00\" \/>\n<meta property=\"og:image\" content=\"https:\/\/bunnyboo.ro\/wp-content\/uploads\/2023\/02\/wobbel-original-transparent-lacquer-2.png\" \/>\n\t<meta property=\"og:image:width\" content=\"2048\" \/>\n\t<meta property=\"og:image:height\" content=\"2048\" \/>\n\t<meta property=\"og:image:type\" content=\"image\/png\" \/>\n<meta name=\"twitter:card\" content=\"summary_large_image\" \/>\n<meta name=\"twitter:label1\" content=\"Est. reading time\" \/>\n\t<meta name=\"twitter:data1\" content=\"2 minutes\" \/>\n<script type=\"application\/ld+json\" class=\"yoast-schema-graph\">{\"@context\":\"https:\/\/schema.org\",\"@graph\":[{\"@type\":\"WebPage\",\"@id\":\"https:\/\/bunnyboo.ro\/produs\/placa-de-echilibru-wobbel-original-natur-lacuita-cu-strat-de-lana-verde-forest\/\",\"url\":\"https:\/\/bunnyboo.ro\/produs\/placa-de-echilibru-wobbel-original-natur-lacuita-cu-strat-de-lana-verde-forest\/\",\"name\":\"Placa de echilibru Wobbel Original, natur, lacuita, cu strat de lana verde Forest\",\"isPartOf\":{\"@id\":\"https:\/\/bunnyboo.ro\/#website\"},\"primaryImageOfPage\":{\"@id\":\"https:\/\/bunnyboo.ro\/produs\/placa-de-echilibru-wobbel-original-natur-lacuita-cu-strat-de-lana-verde-forest\/#primaryimage\"},\"image\":{\"@id\":\"https:\/\/bunnyboo.ro\/produs\/placa-de-echilibru-wobbel-original-natur-lacuita-cu-strat-de-lana-verde-forest\/#primaryimage\"},\"thumbnailUrl\":\"https:\/\/bunnyboo.ro\/wp-content\/uploads\/2023\/02\/wobbel-original-transparent-lacquer-2.png\",\"datePublished\":\"2023-02-06T14:28:00+00:00\",\"dateModified\":\"2025-11-12T11:56:52+00:00\",\"breadcrumb\":{\"@id\":\"https:\/\/bunnyboo.ro\/produs\/placa-de-echilibru-wobbel-original-natur-lacuita-cu-strat-de-lana-verde-forest\/#breadcrumb\"},\"inLanguage\":\"en-US\",\"potentialAction\":[{\"@type\":\"ReadAction\",\"target\":[\"https:\/\/bunnyboo.ro\/produs\/placa-de-echilibru-wobbel-original-natur-lacuita-cu-strat-de-lana-verde-forest\/\"]}]},{\"@type\":\"ImageObject\",\"inLanguage\":\"en-US\",\"@id\":\"https:\/\/bunnyboo.ro\/produs\/placa-de-echilibru-wobbel-original-natur-lacuita-cu-strat-de-lana-verde-forest\/#primaryimage\",\"url\":\"https:\/\/bunnyboo.ro\/wp-content\/uploads\/2023\/02\/wobbel-original-transparent-lacquer-2.png\",\"contentUrl\":\"https:\/\/bunnyboo.ro\/wp-content\/uploads\/2023\/02\/wobbel-original-transparent-lacquer-2.png\",\"width\":2048,\"height\":2048,\"caption\":\"wobbel-original-transparent-lacquer (2)\"},{\"@type\":\"BreadcrumbList\",\"@id\":\"https:\/\/bunnyboo.ro\/produs\/placa-de-echilibru-wobbel-original-natur-lacuita-cu-strat-de-lana-verde-forest\/#breadcrumb\",\"itemListElement\":[{\"@type\":\"ListItem\",\"position\":1,\"name\":\"Home\",\"item\":\"https:\/\/bunnyboo.ro\/en\/\"},{\"@type\":\"ListItem\",\"position\":2,\"name\":\"New\",\"item\":\"https:\/\/bunnyboo.ro\/en\/shop\/\"},{\"@type\":\"ListItem\",\"position\":3,\"name\":\"Placa de echilibru Wobbel Original, natur, lacuita, cu strat de lana verde Forest\"}]},{\"@type\":\"WebSite\",\"@id\":\"https:\/\/bunnyboo.ro\/#website\",\"url\":\"https:\/\/bunnyboo.ro\/\",\"name\":\"Bunny Boo\",\"description\":\"Bunny Boo\",\"publisher\":{\"@id\":\"https:\/\/bunnyboo.ro\/#organization\"},\"potentialAction\":[{\"@type\":\"SearchAction\",\"target\":{\"@type\":\"EntryPoint\",\"urlTemplate\":\"https:\/\/bunnyboo.ro\/?s={search_term_string}\"},\"query-input\":\"required name=search_term_string\"}],\"inLanguage\":\"en-US\"},{\"@type\":\"Organization\",\"@id\":\"https:\/\/bunnyboo.ro\/#organization\",\"name\":\"Bunny Boo\",\"url\":\"https:\/\/bunnyboo.ro\/\",\"logo\":{\"@type\":\"ImageObject\",\"inLanguage\":\"en-US\",\"@id\":\"https:\/\/bunnyboo.ro\/#\/schema\/logo\/image\/\",\"url\":\"https:\/\/bunnyboo.ro\/wp-content\/uploads\/2024\/03\/Logo-website-black.png\",\"contentUrl\":\"https:\/\/bunnyboo.ro\/wp-content\/uploads\/2024\/03\/Logo-website-black.png\",\"width\":2422,\"height\":946,\"caption\":\"Bunny Boo\"},\"image\":{\"@id\":\"https:\/\/bunnyboo.ro\/#\/schema\/logo\/image\/\"}}]}<\/script>\n<!-- \/ Yoast SEO plugin. -->","yoast_head_json":{"title":"Placa de echilibru Wobbel Original, natur, lacuita, cu strat de lana verde Forest","robots":{"index":"index","follow":"follow","max-snippet":"max-snippet:-1","max-image-preview":"max-image-preview:large","max-video-preview":"max-video-preview:-1"},"canonical":"https:\/\/bunnyboo.ro\/produs\/placa-de-echilibru-wobbel-original-natur-lacuita-cu-strat-de-lana-verde-forest\/","og_locale":"en_US","og_type":"article","og_title":"Placa de echilibru Wobbel Original, natur, lacuita, cu strat de lana verde Forest","og_description":"Povestea placii de echilibru Wobbel Placa de echilibru Wobbel isi are originea \u00een \u0219colile Waldorf. Wobbel este o placa de echilibru clasica prezentata \u00eentr-un design modern si contemporan. Wobbel: juc\u0103ria din lemn care mi\u0219c\u0103 oameni de toate varstele.\u00a0Jucarie educativa din lemn, Montessori. Putere Wobbel stimuleaz\u0103 echilibrul \u0219i for\u021ba \u00een timpul jocului \u0219i a utiliz\u0103rii sale. [&hellip;]","og_url":"https:\/\/bunnyboo.ro\/produs\/placa-de-echilibru-wobbel-original-natur-lacuita-cu-strat-de-lana-verde-forest\/","og_site_name":"Bunny Boo","article_modified_time":"2025-11-12T11:56:52+00:00","og_image":[{"width":2048,"height":2048,"url":"https:\/\/bunnyboo.ro\/wp-content\/uploads\/2023\/02\/wobbel-original-transparent-lacquer-2.png","type":"image\/png"}],"twitter_card":"summary_large_image","twitter_misc":{"Est. reading time":"2 minutes"},"schema":{"@context":"https:\/\/schema.org","@graph":[{"@type":"WebPage","@id":"https:\/\/bunnyboo.ro\/produs\/placa-de-echilibru-wobbel-original-natur-lacuita-cu-strat-de-lana-verde-forest\/","url":"https:\/\/bunnyboo.ro\/produs\/placa-de-echilibru-wobbel-original-natur-lacuita-cu-strat-de-lana-verde-forest\/","name":"Placa de echilibru Wobbel Original, natur, lacuita, cu strat de lana verde Forest","isPartOf":{"@id":"https:\/\/bunnyboo.ro\/#website"},"primaryImageOfPage":{"@id":"https:\/\/bunnyboo.ro\/produs\/placa-de-echilibru-wobbel-original-natur-lacuita-cu-strat-de-lana-verde-forest\/#primaryimage"},"image":{"@id":"https:\/\/bunnyboo.ro\/produs\/placa-de-echilibru-wobbel-original-natur-lacuita-cu-strat-de-lana-verde-forest\/#primaryimage"},"thumbnailUrl":"https:\/\/bunnyboo.ro\/wp-content\/uploads\/2023\/02\/wobbel-original-transparent-lacquer-2.png","datePublished":"2023-02-06T14:28:00+00:00","dateModified":"2025-11-12T11:56:52+00:00","breadcrumb":{"@id":"https:\/\/bunnyboo.ro\/produs\/placa-de-echilibru-wobbel-original-natur-lacuita-cu-strat-de-lana-verde-forest\/#breadcrumb"},"inLanguage":"en-US","potentialAction":[{"@type":"ReadAction","target":["https:\/\/bunnyboo.ro\/produs\/placa-de-echilibru-wobbel-original-natur-lacuita-cu-strat-de-lana-verde-forest\/"]}]},{"@type":"ImageObject","inLanguage":"en-US","@id":"https:\/\/bunnyboo.ro\/produs\/placa-de-echilibru-wobbel-original-natur-lacuita-cu-strat-de-lana-verde-forest\/#primaryimage","url":"https:\/\/bunnyboo.ro\/wp-content\/uploads\/2023\/02\/wobbel-original-transparent-lacquer-2.png","contentUrl":"https:\/\/bunnyboo.ro\/wp-content\/uploads\/2023\/02\/wobbel-original-transparent-lacquer-2.png","width":2048,"height":2048,"caption":"wobbel-original-transparent-lacquer (2)"},{"@type":"BreadcrumbList","@id":"https:\/\/bunnyboo.ro\/produs\/placa-de-echilibru-wobbel-original-natur-lacuita-cu-strat-de-lana-verde-forest\/#breadcrumb","itemListElement":[{"@type":"ListItem","position":1,"name":"Home","item":"https:\/\/bunnyboo.ro\/en\/"},{"@type":"ListItem","position":2,"name":"New","item":"https:\/\/bunnyboo.ro\/en\/shop\/"},{"@type":"ListItem","position":3,"name":"Placa de echilibru Wobbel Original, natur, lacuita, cu strat de lana verde Forest"}]},{"@type":"WebSite","@id":"https:\/\/bunnyboo.ro\/#website","url":"https:\/\/bunnyboo.ro\/","name":"Bunny Boo","description":"Bunny Boo","publisher":{"@id":"https:\/\/bunnyboo.ro\/#organization"},"potentialAction":[{"@type":"SearchAction","target":{"@type":"EntryPoint","urlTemplate":"https:\/\/bunnyboo.ro\/?s={search_term_string}"},"query-input":"required name=search_term_string"}],"inLanguage":"en-US"},{"@type":"Organization","@id":"https:\/\/bunnyboo.ro\/#organization","name":"Bunny Boo","url":"https:\/\/bunnyboo.ro\/","logo":{"@type":"ImageObject","inLanguage":"en-US","@id":"https:\/\/bunnyboo.ro\/#\/schema\/logo\/image\/","url":"https:\/\/bunnyboo.ro\/wp-content\/uploads\/2024\/03\/Logo-website-black.png","contentUrl":"https:\/\/bunnyboo.ro\/wp-content\/uploads\/2024\/03\/Logo-website-black.png","width":2422,"height":946,"caption":"Bunny Boo"},"image":{"@id":"https:\/\/bunnyboo.ro\/#\/schema\/logo\/image\/"}}]}},"_links":{"self":[{"href":"https:\/\/bunnyboo.ro\/en\/wp-json\/wp\/v2\/product\/6034","targetHints":{"allow":["GET"]}}],"collection":[{"href":"https:\/\/bunnyboo.ro\/en\/wp-json\/wp\/v2\/product"}],"about":[{"href":"https:\/\/bunnyboo.ro\/en\/wp-json\/wp\/v2\/types\/product"}],"replies":[{"embeddable":true,"href":"https:\/\/bunnyboo.ro\/en\/wp-json\/wp\/v2\/comments?post=6034"}],"wp:featuredmedia":[{"embeddable":true,"href":"https:\/\/bunnyboo.ro\/en\/wp-json\/wp\/v2\/media\/6032"}],"wp:attachment":[{"href":"https:\/\/bunnyboo.ro\/en\/wp-json\/wp\/v2\/media?parent=6034"}],"wp:term":[{"taxonomy":"product_brand","embeddable":true,"href":"https:\/\/bunnyboo.ro\/en\/wp-json\/wp\/v2\/product_brand?post=6034"},{"taxonomy":"product_cat","embeddable":true,"href":"https:\/\/bunnyboo.ro\/en\/wp-json\/wp\/v2\/product_cat?post=6034"},{"taxonomy":"product_tag","embeddable":true,"href":"https:\/\/bunnyboo.ro\/en\/wp-json\/wp\/v2\/product_tag?post=6034"}],"curies":[{"name":"wp","href":"https:\/\/api.w.org\/{rel}","templated":true}]}}