{"id":5936,"date":"2023-01-17T11:25:31","date_gmt":"2023-01-17T11:25:31","guid":{"rendered":"https:\/\/bunnyboo.ro\/product\/masa-big-top-golden-white\/"},"modified":"2026-02-16T11:29:23","modified_gmt":"2026-02-16T09:29:23","slug":"masa-big-top-golden-white","status":"publish","type":"product","link":"https:\/\/bunnyboo.ro\/en\/produs\/masa-big-top-golden-white\/","title":{"rendered":"Masa \u201cBig Top\u201d Golden\/White"},"content":{"rendered":"<p><span class=\"selectable-text copyable-text\">Copiii creativi au nevoie de un spa\u021biu de lucru creativ. Dac\u0103 ave\u021bi un mic artist acas\u0103, acesta este biroul perfect! <\/span><\/p>\n<p><span class=\"selectable-text copyable-text\">Biroul circ are un compartiment pe care \u00eel pute\u021bi deschide \u0219i \u00eenchide cu u\u0219urin\u021b\u0103, pentru toate accesoriile artistice necesare precum pensule, h\u00e2rtie, creioane, pixuri \u0219i foarfece. <\/span><\/p>\n<p><span class=\"selectable-text copyable-text\">Masa \u201eBig Top\u201d \u00eei ofer\u0103 copilului dumneavoastr\u0103 \u0219i posibilitatea de a juca piese fantastice \u00een decorul unui circ, un teatru, o cas\u0103 sau poate fi chiar un magazin!<\/span><\/p>\n<p><span class=\"selectable-text copyable-text\"><br \/><\/span><\/p>\n<p><span class=\"selectable-text copyable-text\">Dimensiuni:&nbsp;&nbsp;60 x 45 x 113 cm&nbsp;<\/span><\/p>\n<p>Material: Lemn de mesteac\u0103n&nbsp;<\/p>\n<p>Vopsit cu vopsea ecologic\u0103, netoxic\u0103 pe baz\u0103 de ap\u0103 (raftul fi cur\u0103\u021bat \u00een mod normal, culoarea nu se estompeaz\u0103).<\/p>\n<p><span class=\"selectable-text copyable-text\"><\/span>Termen de livrare: 15 zile lucr\u0103toare.<\/p>\n","protected":false},"excerpt":{"rendered":"<p>Copiii creativi au nevoie de un spa\u021biu de lucru creativ. Dac\u0103 ave\u021bi un mic artist acas\u0103, acesta este biroul perfect! Biroul circ are un compartiment pe care \u00eel pute\u021bi deschide \u0219i \u00eenchide cu u\u0219urin\u021b\u0103, pentru toate accesoriile artistice necesare precum pensule, h\u00e2rtie, creioane, pixuri \u0219i foarfece. Masa \u201eBig Top\u201d \u00eei ofer\u0103 copilului dumneavoastr\u0103 \u0219i posibilitatea [&hellip;]<\/p>\n","protected":false},"featured_media":5929,"comment_status":"open","ping_status":"closed","template":"","meta":{"site-sidebar-layout":"default","site-content-layout":"","ast-site-content-layout":"","site-content-style":"default","site-sidebar-style":"default","ast-global-header-display":"","ast-banner-title-visibility":"","ast-main-header-display":"","ast-hfb-above-header-display":"","ast-hfb-below-header-display":"","ast-hfb-mobile-header-display":"","site-post-title":"","ast-breadcrumbs-content":"","ast-featured-img":"","footer-sml-layout":"","theme-transparent-header-meta":"","adv-header-id-meta":"","stick-header-meta":"","header-above-stick-meta":"","header-main-stick-meta":"","header-below-stick-meta":"","astra-migrate-meta-layouts":"default","ast-page-background-enabled":"default","ast-page-background-meta":{"desktop":{"background-color":"","background-image":"","background-repeat":"repeat","background-position":"center center","background-size":"auto","background-attachment":"scroll","background-type":"","background-media":"","overlay-type":"","overlay-color":"","overlay-opacity":"","overlay-gradient":""},"tablet":{"background-color":"","background-image":"","background-repeat":"repeat","background-position":"center center","background-size":"auto","background-attachment":"scroll","background-type":"","background-media":"","overlay-type":"","overlay-color":"","overlay-opacity":"","overlay-gradient":""},"mobile":{"background-color":"","background-image":"","background-repeat":"repeat","background-position":"center center","background-size":"auto","background-attachment":"scroll","background-type":"","background-media":"","overlay-type":"","overlay-color":"","overlay-opacity":"","overlay-gradient":""}},"ast-content-background-meta":{"desktop":{"background-color":"var(--ast-global-color-5)","background-image":"","background-repeat":"repeat","background-position":"center center","background-size":"auto","background-attachment":"scroll","background-type":"","background-media":"","overlay-type":"","overlay-color":"","overlay-opacity":"","overlay-gradient":""},"tablet":{"background-color":"var(--ast-global-color-5)","background-image":"","background-repeat":"repeat","background-position":"center center","background-size":"auto","background-attachment":"scroll","background-type":"","background-media":"","overlay-type":"","overlay-color":"","overlay-opacity":"","overlay-gradient":""},"mobile":{"background-color":"var(--ast-global-color-5)","background-image":"","background-repeat":"repeat","background-position":"center center","background-size":"auto","background-attachment":"scroll","background-type":"","background-media":"","overlay-type":"","overlay-color":"","overlay-opacity":"","overlay-gradient":""}}},"product_brand":[],"product_cat":[123],"product_tag":[],"class_list":{"0":"post-5936","1":"product","2":"type-product","3":"status-publish","4":"has-post-thumbnail","6":"product_cat-mobilier-pentru-casa-sau-gradina-ta","7":"desktop-align-left","8":"tablet-align-left","9":"mobile-align-left","10":"ast-product-gallery-layout-horizontal-slider","11":"ast-product-tabs-layout-vertical","12":"ast-qv-on-image","14":"first","15":"onbackorder","16":"shipping-taxable","17":"purchasable","18":"product-type-simple"},"yoast_head":"<!-- This site is optimized with the Yoast SEO plugin v22.6 - https:\/\/yoast.com\/wordpress\/plugins\/seo\/ -->\n<title>Masa \u201cBig Top\u201d Golden\/White<\/title>\n<meta name=\"robots\" content=\"index, follow, max-snippet:-1, max-image-preview:large, max-video-preview:-1\" \/>\n<link rel=\"canonical\" href=\"https:\/\/bunnyboo.ro\/produs\/masa-big-top-golden-white\/\" \/>\n<meta property=\"og:locale\" content=\"en_US\" \/>\n<meta property=\"og:type\" content=\"article\" \/>\n<meta property=\"og:title\" content=\"Masa \u201cBig Top\u201d Golden\/White\" \/>\n<meta property=\"og:description\" content=\"Copiii creativi au nevoie de un spa\u021biu de lucru creativ. Dac\u0103 ave\u021bi un mic artist acas\u0103, acesta este biroul perfect! Biroul circ are un compartiment pe care \u00eel pute\u021bi deschide \u0219i \u00eenchide cu u\u0219urin\u021b\u0103, pentru toate accesoriile artistice necesare precum pensule, h\u00e2rtie, creioane, pixuri \u0219i foarfece. Masa \u201eBig Top\u201d \u00eei ofer\u0103 copilului dumneavoastr\u0103 \u0219i posibilitatea [&hellip;]\" \/>\n<meta property=\"og:url\" content=\"https:\/\/bunnyboo.ro\/produs\/masa-big-top-golden-white\/\" \/>\n<meta property=\"og:site_name\" content=\"Bunny Boo\" \/>\n<meta property=\"article:modified_time\" content=\"2026-02-16T09:29:23+00:00\" \/>\n<meta property=\"og:image\" content=\"https:\/\/bunnyboo.ro\/wp-content\/uploads\/2023\/01\/Schreibtisch-fuer-Kinder-im-Zirkusstil-Holz-nachhaltig-768x576.jpeg\" \/>\n\t<meta property=\"og:image:width\" content=\"768\" \/>\n\t<meta property=\"og:image:height\" content=\"576\" \/>\n\t<meta property=\"og:image:type\" content=\"image\/jpeg\" \/>\n<meta name=\"twitter:card\" content=\"summary_large_image\" \/>\n<meta name=\"twitter:label1\" content=\"Est. reading time\" \/>\n\t<meta name=\"twitter:data1\" content=\"1 minute\" \/>\n<script type=\"application\/ld+json\" class=\"yoast-schema-graph\">{\"@context\":\"https:\/\/schema.org\",\"@graph\":[{\"@type\":\"WebPage\",\"@id\":\"https:\/\/bunnyboo.ro\/produs\/masa-big-top-golden-white\/\",\"url\":\"https:\/\/bunnyboo.ro\/produs\/masa-big-top-golden-white\/\",\"name\":\"Masa \u201cBig Top\u201d Golden\/White\",\"isPartOf\":{\"@id\":\"https:\/\/bunnyboo.ro\/#website\"},\"primaryImageOfPage\":{\"@id\":\"https:\/\/bunnyboo.ro\/produs\/masa-big-top-golden-white\/#primaryimage\"},\"image\":{\"@id\":\"https:\/\/bunnyboo.ro\/produs\/masa-big-top-golden-white\/#primaryimage\"},\"thumbnailUrl\":\"https:\/\/bunnyboo.ro\/wp-content\/uploads\/2023\/01\/Schreibtisch-fuer-Kinder-im-Zirkusstil-Holz-nachhaltig-768x576.jpeg\",\"datePublished\":\"2023-01-17T11:25:31+00:00\",\"dateModified\":\"2026-02-16T09:29:23+00:00\",\"breadcrumb\":{\"@id\":\"https:\/\/bunnyboo.ro\/produs\/masa-big-top-golden-white\/#breadcrumb\"},\"inLanguage\":\"en-US\",\"potentialAction\":[{\"@type\":\"ReadAction\",\"target\":[\"https:\/\/bunnyboo.ro\/produs\/masa-big-top-golden-white\/\"]}]},{\"@type\":\"ImageObject\",\"inLanguage\":\"en-US\",\"@id\":\"https:\/\/bunnyboo.ro\/produs\/masa-big-top-golden-white\/#primaryimage\",\"url\":\"https:\/\/bunnyboo.ro\/wp-content\/uploads\/2023\/01\/Schreibtisch-fuer-Kinder-im-Zirkusstil-Holz-nachhaltig-768x576.jpeg\",\"contentUrl\":\"https:\/\/bunnyboo.ro\/wp-content\/uploads\/2023\/01\/Schreibtisch-fuer-Kinder-im-Zirkusstil-Holz-nachhaltig-768x576.jpeg\",\"width\":768,\"height\":576,\"caption\":\"Schreibtisch-fuer-Kinder-im-Zirkusstil-Holz-nachhaltig-768x576\"},{\"@type\":\"BreadcrumbList\",\"@id\":\"https:\/\/bunnyboo.ro\/produs\/masa-big-top-golden-white\/#breadcrumb\",\"itemListElement\":[{\"@type\":\"ListItem\",\"position\":1,\"name\":\"Home\",\"item\":\"https:\/\/bunnyboo.ro\/en\/\"},{\"@type\":\"ListItem\",\"position\":2,\"name\":\"New\",\"item\":\"https:\/\/bunnyboo.ro\/en\/shop\/\"},{\"@type\":\"ListItem\",\"position\":3,\"name\":\"Masa \u201cBig Top\u201d Golden\/White\"}]},{\"@type\":\"WebSite\",\"@id\":\"https:\/\/bunnyboo.ro\/#website\",\"url\":\"https:\/\/bunnyboo.ro\/\",\"name\":\"Bunny Boo\",\"description\":\"Bunny Boo\",\"publisher\":{\"@id\":\"https:\/\/bunnyboo.ro\/#organization\"},\"potentialAction\":[{\"@type\":\"SearchAction\",\"target\":{\"@type\":\"EntryPoint\",\"urlTemplate\":\"https:\/\/bunnyboo.ro\/?s={search_term_string}\"},\"query-input\":\"required name=search_term_string\"}],\"inLanguage\":\"en-US\"},{\"@type\":\"Organization\",\"@id\":\"https:\/\/bunnyboo.ro\/#organization\",\"name\":\"Bunny Boo\",\"url\":\"https:\/\/bunnyboo.ro\/\",\"logo\":{\"@type\":\"ImageObject\",\"inLanguage\":\"en-US\",\"@id\":\"https:\/\/bunnyboo.ro\/#\/schema\/logo\/image\/\",\"url\":\"https:\/\/bunnyboo.ro\/wp-content\/uploads\/2024\/03\/Logo-website-black.png\",\"contentUrl\":\"https:\/\/bunnyboo.ro\/wp-content\/uploads\/2024\/03\/Logo-website-black.png\",\"width\":2422,\"height\":946,\"caption\":\"Bunny Boo\"},\"image\":{\"@id\":\"https:\/\/bunnyboo.ro\/#\/schema\/logo\/image\/\"}}]}<\/script>\n<!-- \/ Yoast SEO plugin. -->","yoast_head_json":{"title":"Masa \u201cBig Top\u201d Golden\/White","robots":{"index":"index","follow":"follow","max-snippet":"max-snippet:-1","max-image-preview":"max-image-preview:large","max-video-preview":"max-video-preview:-1"},"canonical":"https:\/\/bunnyboo.ro\/produs\/masa-big-top-golden-white\/","og_locale":"en_US","og_type":"article","og_title":"Masa \u201cBig Top\u201d Golden\/White","og_description":"Copiii creativi au nevoie de un spa\u021biu de lucru creativ. Dac\u0103 ave\u021bi un mic artist acas\u0103, acesta este biroul perfect! Biroul circ are un compartiment pe care \u00eel pute\u021bi deschide \u0219i \u00eenchide cu u\u0219urin\u021b\u0103, pentru toate accesoriile artistice necesare precum pensule, h\u00e2rtie, creioane, pixuri \u0219i foarfece. Masa \u201eBig Top\u201d \u00eei ofer\u0103 copilului dumneavoastr\u0103 \u0219i posibilitatea [&hellip;]","og_url":"https:\/\/bunnyboo.ro\/produs\/masa-big-top-golden-white\/","og_site_name":"Bunny Boo","article_modified_time":"2026-02-16T09:29:23+00:00","og_image":[{"width":768,"height":576,"url":"https:\/\/bunnyboo.ro\/wp-content\/uploads\/2023\/01\/Schreibtisch-fuer-Kinder-im-Zirkusstil-Holz-nachhaltig-768x576.jpeg","type":"image\/jpeg"}],"twitter_card":"summary_large_image","twitter_misc":{"Est. reading time":"1 minute"},"schema":{"@context":"https:\/\/schema.org","@graph":[{"@type":"WebPage","@id":"https:\/\/bunnyboo.ro\/produs\/masa-big-top-golden-white\/","url":"https:\/\/bunnyboo.ro\/produs\/masa-big-top-golden-white\/","name":"Masa \u201cBig Top\u201d Golden\/White","isPartOf":{"@id":"https:\/\/bunnyboo.ro\/#website"},"primaryImageOfPage":{"@id":"https:\/\/bunnyboo.ro\/produs\/masa-big-top-golden-white\/#primaryimage"},"image":{"@id":"https:\/\/bunnyboo.ro\/produs\/masa-big-top-golden-white\/#primaryimage"},"thumbnailUrl":"https:\/\/bunnyboo.ro\/wp-content\/uploads\/2023\/01\/Schreibtisch-fuer-Kinder-im-Zirkusstil-Holz-nachhaltig-768x576.jpeg","datePublished":"2023-01-17T11:25:31+00:00","dateModified":"2026-02-16T09:29:23+00:00","breadcrumb":{"@id":"https:\/\/bunnyboo.ro\/produs\/masa-big-top-golden-white\/#breadcrumb"},"inLanguage":"en-US","potentialAction":[{"@type":"ReadAction","target":["https:\/\/bunnyboo.ro\/produs\/masa-big-top-golden-white\/"]}]},{"@type":"ImageObject","inLanguage":"en-US","@id":"https:\/\/bunnyboo.ro\/produs\/masa-big-top-golden-white\/#primaryimage","url":"https:\/\/bunnyboo.ro\/wp-content\/uploads\/2023\/01\/Schreibtisch-fuer-Kinder-im-Zirkusstil-Holz-nachhaltig-768x576.jpeg","contentUrl":"https:\/\/bunnyboo.ro\/wp-content\/uploads\/2023\/01\/Schreibtisch-fuer-Kinder-im-Zirkusstil-Holz-nachhaltig-768x576.jpeg","width":768,"height":576,"caption":"Schreibtisch-fuer-Kinder-im-Zirkusstil-Holz-nachhaltig-768x576"},{"@type":"BreadcrumbList","@id":"https:\/\/bunnyboo.ro\/produs\/masa-big-top-golden-white\/#breadcrumb","itemListElement":[{"@type":"ListItem","position":1,"name":"Home","item":"https:\/\/bunnyboo.ro\/en\/"},{"@type":"ListItem","position":2,"name":"New","item":"https:\/\/bunnyboo.ro\/en\/shop\/"},{"@type":"ListItem","position":3,"name":"Masa \u201cBig Top\u201d Golden\/White"}]},{"@type":"WebSite","@id":"https:\/\/bunnyboo.ro\/#website","url":"https:\/\/bunnyboo.ro\/","name":"Bunny Boo","description":"Bunny Boo","publisher":{"@id":"https:\/\/bunnyboo.ro\/#organization"},"potentialAction":[{"@type":"SearchAction","target":{"@type":"EntryPoint","urlTemplate":"https:\/\/bunnyboo.ro\/?s={search_term_string}"},"query-input":"required name=search_term_string"}],"inLanguage":"en-US"},{"@type":"Organization","@id":"https:\/\/bunnyboo.ro\/#organization","name":"Bunny Boo","url":"https:\/\/bunnyboo.ro\/","logo":{"@type":"ImageObject","inLanguage":"en-US","@id":"https:\/\/bunnyboo.ro\/#\/schema\/logo\/image\/","url":"https:\/\/bunnyboo.ro\/wp-content\/uploads\/2024\/03\/Logo-website-black.png","contentUrl":"https:\/\/bunnyboo.ro\/wp-content\/uploads\/2024\/03\/Logo-website-black.png","width":2422,"height":946,"caption":"Bunny Boo"},"image":{"@id":"https:\/\/bunnyboo.ro\/#\/schema\/logo\/image\/"}}]}},"_links":{"self":[{"href":"https:\/\/bunnyboo.ro\/en\/wp-json\/wp\/v2\/product\/5936","targetHints":{"allow":["GET"]}}],"collection":[{"href":"https:\/\/bunnyboo.ro\/en\/wp-json\/wp\/v2\/product"}],"about":[{"href":"https:\/\/bunnyboo.ro\/en\/wp-json\/wp\/v2\/types\/product"}],"replies":[{"embeddable":true,"href":"https:\/\/bunnyboo.ro\/en\/wp-json\/wp\/v2\/comments?post=5936"}],"wp:featuredmedia":[{"embeddable":true,"href":"https:\/\/bunnyboo.ro\/en\/wp-json\/wp\/v2\/media\/5929"}],"wp:attachment":[{"href":"https:\/\/bunnyboo.ro\/en\/wp-json\/wp\/v2\/media?parent=5936"}],"wp:term":[{"taxonomy":"product_brand","embeddable":true,"href":"https:\/\/bunnyboo.ro\/en\/wp-json\/wp\/v2\/product_brand?post=5936"},{"taxonomy":"product_cat","embeddable":true,"href":"https:\/\/bunnyboo.ro\/en\/wp-json\/wp\/v2\/product_cat?post=5936"},{"taxonomy":"product_tag","embeddable":true,"href":"https:\/\/bunnyboo.ro\/en\/wp-json\/wp\/v2\/product_tag?post=5936"}],"curies":[{"name":"wp","href":"https:\/\/api.w.org\/{rel}","templated":true}]}}