{"id":5923,"date":"2023-01-16T16:04:26","date_gmt":"2023-01-16T16:04:26","guid":{"rendered":"https:\/\/bunnyboo.ro\/product\/taburet-din-lemn-cu-spatiu-de-depozitare-the-roll-up-dusty-pink\/"},"modified":"2023-01-16T16:04:26","modified_gmt":"2023-01-16T16:04:26","slug":"taburet-din-lemn-cu-spatiu-de-depozitare-the-roll-up-dusty-pink","status":"publish","type":"product","link":"https:\/\/bunnyboo.ro\/en\/produs\/taburet-din-lemn-cu-spatiu-de-depozitare-the-roll-up-dusty-pink\/","title":{"rendered":"Taburet din lemn cu spatiu de depozitare \u201cThe Roll Up\u201d Dusty Pink"},"content":{"rendered":"<p>Acest taburet din lemn este un accesoriu vesel \u0219i \u00een acela\u0219i timp practic, potrivit \u00een orice camera de copii. Partea de sus este deta\u0219abil\u0103, \u00een interior pute\u021bi depozita jucarii, p\u0103turi sau alte obiecte necesare.<\/p>\n<p><\/p>\n<p>Dimensiuni:&nbsp;<\/p>\n<p>27 cm x 27 cm x 29 cm<\/p>\n<p><\/p>\n<p>Material: Placaj de mesteac\u0103n de 18 mm<\/p>\n<p><\/p>\n<p>Vopsit cu vopsea ecologic\u0103, netoxic\u0103 pe baz\u0103 de ap\u0103 (raftul fi cur\u0103\u021bat \u00een mod normal, culoarea nu se estompeaz\u0103).<\/p>\n<p>Termen de livrare: 15 zile lucr\u0103toare.<\/p>\n","protected":false},"excerpt":{"rendered":"<p>Acest taburet din lemn este un accesoriu vesel \u0219i \u00een acela\u0219i timp practic, potrivit \u00een orice camera de copii. Partea de sus este deta\u0219abil\u0103, \u00een interior pute\u021bi depozita jucarii, p\u0103turi sau alte obiecte necesare. Dimensiuni:&nbsp; 27 cm x 27 cm x 29 cm Material: Placaj de mesteac\u0103n de 18 mm Vopsit cu vopsea ecologic\u0103, netoxic\u0103 [&hellip;]<\/p>\n","protected":false},"featured_media":5921,"comment_status":"open","ping_status":"closed","template":"","meta":{"site-sidebar-layout":"default","site-content-layout":"","ast-site-content-layout":"","site-content-style":"default","site-sidebar-style":"default","ast-global-header-display":"","ast-banner-title-visibility":"","ast-main-header-display":"","ast-hfb-above-header-display":"","ast-hfb-below-header-display":"","ast-hfb-mobile-header-display":"","site-post-title":"","ast-breadcrumbs-content":"","ast-featured-img":"","footer-sml-layout":"","theme-transparent-header-meta":"","adv-header-id-meta":"","stick-header-meta":"","header-above-stick-meta":"","header-main-stick-meta":"","header-below-stick-meta":"","astra-migrate-meta-layouts":"default","ast-page-background-enabled":"default","ast-page-background-meta":{"desktop":{"background-color":"","background-image":"","background-repeat":"repeat","background-position":"center center","background-size":"auto","background-attachment":"scroll","background-type":"","background-media":"","overlay-type":"","overlay-color":"","overlay-opacity":"","overlay-gradient":""},"tablet":{"background-color":"","background-image":"","background-repeat":"repeat","background-position":"center center","background-size":"auto","background-attachment":"scroll","background-type":"","background-media":"","overlay-type":"","overlay-color":"","overlay-opacity":"","overlay-gradient":""},"mobile":{"background-color":"","background-image":"","background-repeat":"repeat","background-position":"center center","background-size":"auto","background-attachment":"scroll","background-type":"","background-media":"","overlay-type":"","overlay-color":"","overlay-opacity":"","overlay-gradient":""}},"ast-content-background-meta":{"desktop":{"background-color":"var(--ast-global-color-5)","background-image":"","background-repeat":"repeat","background-position":"center center","background-size":"auto","background-attachment":"scroll","background-type":"","background-media":"","overlay-type":"","overlay-color":"","overlay-opacity":"","overlay-gradient":""},"tablet":{"background-color":"var(--ast-global-color-5)","background-image":"","background-repeat":"repeat","background-position":"center center","background-size":"auto","background-attachment":"scroll","background-type":"","background-media":"","overlay-type":"","overlay-color":"","overlay-opacity":"","overlay-gradient":""},"mobile":{"background-color":"var(--ast-global-color-5)","background-image":"","background-repeat":"repeat","background-position":"center center","background-size":"auto","background-attachment":"scroll","background-type":"","background-media":"","overlay-type":"","overlay-color":"","overlay-opacity":"","overlay-gradient":""}}},"product_brand":[],"product_cat":[116,123],"product_tag":[],"class_list":{"0":"post-5923","1":"product","2":"type-product","3":"status-publish","4":"has-post-thumbnail","6":"product_cat-etajere-colorate-pentru-camera-copilului","7":"product_cat-mobilier-pentru-casa-sau-gradina-ta","8":"desktop-align-left","9":"tablet-align-left","10":"mobile-align-left","11":"ast-product-gallery-layout-horizontal-slider","12":"ast-product-tabs-layout-vertical","13":"ast-qv-on-image","15":"first","16":"onbackorder","17":"shipping-taxable","18":"purchasable","19":"product-type-simple"},"yoast_head":"<!-- This site is optimized with the Yoast SEO plugin v22.6 - https:\/\/yoast.com\/wordpress\/plugins\/seo\/ -->\n<title>Taburet din lemn cu spatiu de depozitare \u201cThe Roll Up\u201d Dusty Pink<\/title>\n<meta name=\"robots\" content=\"index, follow, max-snippet:-1, max-image-preview:large, max-video-preview:-1\" \/>\n<link rel=\"canonical\" href=\"https:\/\/bunnyboo.ro\/produs\/taburet-din-lemn-cu-spatiu-de-depozitare-the-roll-up-dusty-pink\/\" \/>\n<meta property=\"og:locale\" content=\"en_US\" \/>\n<meta property=\"og:type\" content=\"article\" \/>\n<meta property=\"og:title\" content=\"Taburet din lemn cu spatiu de depozitare \u201cThe Roll Up\u201d Dusty Pink\" \/>\n<meta property=\"og:description\" content=\"Acest taburet din lemn este un accesoriu vesel \u0219i \u00een acela\u0219i timp practic, potrivit \u00een orice camera de copii. Partea de sus este deta\u0219abil\u0103, \u00een interior pute\u021bi depozita jucarii, p\u0103turi sau alte obiecte necesare. Dimensiuni:&nbsp; 27 cm x 27 cm x 29 cm Material: Placaj de mesteac\u0103n de 18 mm Vopsit cu vopsea ecologic\u0103, netoxic\u0103 [&hellip;]\" \/>\n<meta property=\"og:url\" content=\"https:\/\/bunnyboo.ro\/produs\/taburet-din-lemn-cu-spatiu-de-depozitare-the-roll-up-dusty-pink\/\" \/>\n<meta property=\"og:site_name\" content=\"Bunny Boo\" \/>\n<meta property=\"og:image\" content=\"https:\/\/bunnyboo.ro\/wp-content\/uploads\/2023\/01\/all-1600x1200-2-768x576.jpeg\" \/>\n\t<meta property=\"og:image:width\" content=\"768\" \/>\n\t<meta property=\"og:image:height\" content=\"576\" \/>\n\t<meta property=\"og:image:type\" content=\"image\/jpeg\" \/>\n<meta name=\"twitter:card\" content=\"summary_large_image\" \/>\n<script type=\"application\/ld+json\" class=\"yoast-schema-graph\">{\"@context\":\"https:\/\/schema.org\",\"@graph\":[{\"@type\":\"WebPage\",\"@id\":\"https:\/\/bunnyboo.ro\/produs\/taburet-din-lemn-cu-spatiu-de-depozitare-the-roll-up-dusty-pink\/\",\"url\":\"https:\/\/bunnyboo.ro\/produs\/taburet-din-lemn-cu-spatiu-de-depozitare-the-roll-up-dusty-pink\/\",\"name\":\"Taburet din lemn cu spatiu de depozitare \u201cThe Roll Up\u201d Dusty Pink\",\"isPartOf\":{\"@id\":\"https:\/\/bunnyboo.ro\/#website\"},\"primaryImageOfPage\":{\"@id\":\"https:\/\/bunnyboo.ro\/produs\/taburet-din-lemn-cu-spatiu-de-depozitare-the-roll-up-dusty-pink\/#primaryimage\"},\"image\":{\"@id\":\"https:\/\/bunnyboo.ro\/produs\/taburet-din-lemn-cu-spatiu-de-depozitare-the-roll-up-dusty-pink\/#primaryimage\"},\"thumbnailUrl\":\"https:\/\/bunnyboo.ro\/wp-content\/uploads\/2023\/01\/all-1600x1200-2-768x576.jpeg\",\"datePublished\":\"2023-01-16T16:04:26+00:00\",\"dateModified\":\"2023-01-16T16:04:26+00:00\",\"breadcrumb\":{\"@id\":\"https:\/\/bunnyboo.ro\/produs\/taburet-din-lemn-cu-spatiu-de-depozitare-the-roll-up-dusty-pink\/#breadcrumb\"},\"inLanguage\":\"en-US\",\"potentialAction\":[{\"@type\":\"ReadAction\",\"target\":[\"https:\/\/bunnyboo.ro\/produs\/taburet-din-lemn-cu-spatiu-de-depozitare-the-roll-up-dusty-pink\/\"]}]},{\"@type\":\"ImageObject\",\"inLanguage\":\"en-US\",\"@id\":\"https:\/\/bunnyboo.ro\/produs\/taburet-din-lemn-cu-spatiu-de-depozitare-the-roll-up-dusty-pink\/#primaryimage\",\"url\":\"https:\/\/bunnyboo.ro\/wp-content\/uploads\/2023\/01\/all-1600x1200-2-768x576.jpeg\",\"contentUrl\":\"https:\/\/bunnyboo.ro\/wp-content\/uploads\/2023\/01\/all-1600x1200-2-768x576.jpeg\",\"width\":768,\"height\":576,\"caption\":\"all-1600x1200-2-768x576\"},{\"@type\":\"BreadcrumbList\",\"@id\":\"https:\/\/bunnyboo.ro\/produs\/taburet-din-lemn-cu-spatiu-de-depozitare-the-roll-up-dusty-pink\/#breadcrumb\",\"itemListElement\":[{\"@type\":\"ListItem\",\"position\":1,\"name\":\"Home\",\"item\":\"https:\/\/bunnyboo.ro\/en\/\"},{\"@type\":\"ListItem\",\"position\":2,\"name\":\"New\",\"item\":\"https:\/\/bunnyboo.ro\/en\/shop\/\"},{\"@type\":\"ListItem\",\"position\":3,\"name\":\"Taburet din lemn cu spatiu de depozitare \u201cThe Roll Up\u201d Dusty Pink\"}]},{\"@type\":\"WebSite\",\"@id\":\"https:\/\/bunnyboo.ro\/#website\",\"url\":\"https:\/\/bunnyboo.ro\/\",\"name\":\"Bunny Boo\",\"description\":\"Bunny Boo\",\"publisher\":{\"@id\":\"https:\/\/bunnyboo.ro\/#organization\"},\"potentialAction\":[{\"@type\":\"SearchAction\",\"target\":{\"@type\":\"EntryPoint\",\"urlTemplate\":\"https:\/\/bunnyboo.ro\/?s={search_term_string}\"},\"query-input\":\"required name=search_term_string\"}],\"inLanguage\":\"en-US\"},{\"@type\":\"Organization\",\"@id\":\"https:\/\/bunnyboo.ro\/#organization\",\"name\":\"Bunny Boo\",\"url\":\"https:\/\/bunnyboo.ro\/\",\"logo\":{\"@type\":\"ImageObject\",\"inLanguage\":\"en-US\",\"@id\":\"https:\/\/bunnyboo.ro\/#\/schema\/logo\/image\/\",\"url\":\"https:\/\/bunnyboo.ro\/wp-content\/uploads\/2024\/03\/Logo-website-black.png\",\"contentUrl\":\"https:\/\/bunnyboo.ro\/wp-content\/uploads\/2024\/03\/Logo-website-black.png\",\"width\":2422,\"height\":946,\"caption\":\"Bunny Boo\"},\"image\":{\"@id\":\"https:\/\/bunnyboo.ro\/#\/schema\/logo\/image\/\"}}]}<\/script>\n<!-- \/ Yoast SEO plugin. -->","yoast_head_json":{"title":"Taburet din lemn cu spatiu de depozitare \u201cThe Roll Up\u201d Dusty Pink","robots":{"index":"index","follow":"follow","max-snippet":"max-snippet:-1","max-image-preview":"max-image-preview:large","max-video-preview":"max-video-preview:-1"},"canonical":"https:\/\/bunnyboo.ro\/produs\/taburet-din-lemn-cu-spatiu-de-depozitare-the-roll-up-dusty-pink\/","og_locale":"en_US","og_type":"article","og_title":"Taburet din lemn cu spatiu de depozitare \u201cThe Roll Up\u201d Dusty Pink","og_description":"Acest taburet din lemn este un accesoriu vesel \u0219i \u00een acela\u0219i timp practic, potrivit \u00een orice camera de copii. Partea de sus este deta\u0219abil\u0103, \u00een interior pute\u021bi depozita jucarii, p\u0103turi sau alte obiecte necesare. Dimensiuni:&nbsp; 27 cm x 27 cm x 29 cm Material: Placaj de mesteac\u0103n de 18 mm Vopsit cu vopsea ecologic\u0103, netoxic\u0103 [&hellip;]","og_url":"https:\/\/bunnyboo.ro\/produs\/taburet-din-lemn-cu-spatiu-de-depozitare-the-roll-up-dusty-pink\/","og_site_name":"Bunny Boo","og_image":[{"width":768,"height":576,"url":"https:\/\/bunnyboo.ro\/wp-content\/uploads\/2023\/01\/all-1600x1200-2-768x576.jpeg","type":"image\/jpeg"}],"twitter_card":"summary_large_image","schema":{"@context":"https:\/\/schema.org","@graph":[{"@type":"WebPage","@id":"https:\/\/bunnyboo.ro\/produs\/taburet-din-lemn-cu-spatiu-de-depozitare-the-roll-up-dusty-pink\/","url":"https:\/\/bunnyboo.ro\/produs\/taburet-din-lemn-cu-spatiu-de-depozitare-the-roll-up-dusty-pink\/","name":"Taburet din lemn cu spatiu de depozitare \u201cThe Roll Up\u201d Dusty Pink","isPartOf":{"@id":"https:\/\/bunnyboo.ro\/#website"},"primaryImageOfPage":{"@id":"https:\/\/bunnyboo.ro\/produs\/taburet-din-lemn-cu-spatiu-de-depozitare-the-roll-up-dusty-pink\/#primaryimage"},"image":{"@id":"https:\/\/bunnyboo.ro\/produs\/taburet-din-lemn-cu-spatiu-de-depozitare-the-roll-up-dusty-pink\/#primaryimage"},"thumbnailUrl":"https:\/\/bunnyboo.ro\/wp-content\/uploads\/2023\/01\/all-1600x1200-2-768x576.jpeg","datePublished":"2023-01-16T16:04:26+00:00","dateModified":"2023-01-16T16:04:26+00:00","breadcrumb":{"@id":"https:\/\/bunnyboo.ro\/produs\/taburet-din-lemn-cu-spatiu-de-depozitare-the-roll-up-dusty-pink\/#breadcrumb"},"inLanguage":"en-US","potentialAction":[{"@type":"ReadAction","target":["https:\/\/bunnyboo.ro\/produs\/taburet-din-lemn-cu-spatiu-de-depozitare-the-roll-up-dusty-pink\/"]}]},{"@type":"ImageObject","inLanguage":"en-US","@id":"https:\/\/bunnyboo.ro\/produs\/taburet-din-lemn-cu-spatiu-de-depozitare-the-roll-up-dusty-pink\/#primaryimage","url":"https:\/\/bunnyboo.ro\/wp-content\/uploads\/2023\/01\/all-1600x1200-2-768x576.jpeg","contentUrl":"https:\/\/bunnyboo.ro\/wp-content\/uploads\/2023\/01\/all-1600x1200-2-768x576.jpeg","width":768,"height":576,"caption":"all-1600x1200-2-768x576"},{"@type":"BreadcrumbList","@id":"https:\/\/bunnyboo.ro\/produs\/taburet-din-lemn-cu-spatiu-de-depozitare-the-roll-up-dusty-pink\/#breadcrumb","itemListElement":[{"@type":"ListItem","position":1,"name":"Home","item":"https:\/\/bunnyboo.ro\/en\/"},{"@type":"ListItem","position":2,"name":"New","item":"https:\/\/bunnyboo.ro\/en\/shop\/"},{"@type":"ListItem","position":3,"name":"Taburet din lemn cu spatiu de depozitare \u201cThe Roll Up\u201d Dusty Pink"}]},{"@type":"WebSite","@id":"https:\/\/bunnyboo.ro\/#website","url":"https:\/\/bunnyboo.ro\/","name":"Bunny Boo","description":"Bunny Boo","publisher":{"@id":"https:\/\/bunnyboo.ro\/#organization"},"potentialAction":[{"@type":"SearchAction","target":{"@type":"EntryPoint","urlTemplate":"https:\/\/bunnyboo.ro\/?s={search_term_string}"},"query-input":"required name=search_term_string"}],"inLanguage":"en-US"},{"@type":"Organization","@id":"https:\/\/bunnyboo.ro\/#organization","name":"Bunny Boo","url":"https:\/\/bunnyboo.ro\/","logo":{"@type":"ImageObject","inLanguage":"en-US","@id":"https:\/\/bunnyboo.ro\/#\/schema\/logo\/image\/","url":"https:\/\/bunnyboo.ro\/wp-content\/uploads\/2024\/03\/Logo-website-black.png","contentUrl":"https:\/\/bunnyboo.ro\/wp-content\/uploads\/2024\/03\/Logo-website-black.png","width":2422,"height":946,"caption":"Bunny Boo"},"image":{"@id":"https:\/\/bunnyboo.ro\/#\/schema\/logo\/image\/"}}]}},"_links":{"self":[{"href":"https:\/\/bunnyboo.ro\/en\/wp-json\/wp\/v2\/product\/5923","targetHints":{"allow":["GET"]}}],"collection":[{"href":"https:\/\/bunnyboo.ro\/en\/wp-json\/wp\/v2\/product"}],"about":[{"href":"https:\/\/bunnyboo.ro\/en\/wp-json\/wp\/v2\/types\/product"}],"replies":[{"embeddable":true,"href":"https:\/\/bunnyboo.ro\/en\/wp-json\/wp\/v2\/comments?post=5923"}],"wp:featuredmedia":[{"embeddable":true,"href":"https:\/\/bunnyboo.ro\/en\/wp-json\/wp\/v2\/media\/5921"}],"wp:attachment":[{"href":"https:\/\/bunnyboo.ro\/en\/wp-json\/wp\/v2\/media?parent=5923"}],"wp:term":[{"taxonomy":"product_brand","embeddable":true,"href":"https:\/\/bunnyboo.ro\/en\/wp-json\/wp\/v2\/product_brand?post=5923"},{"taxonomy":"product_cat","embeddable":true,"href":"https:\/\/bunnyboo.ro\/en\/wp-json\/wp\/v2\/product_cat?post=5923"},{"taxonomy":"product_tag","embeddable":true,"href":"https:\/\/bunnyboo.ro\/en\/wp-json\/wp\/v2\/product_tag?post=5923"}],"curies":[{"name":"wp","href":"https:\/\/api.w.org\/{rel}","templated":true}]}}