{"id":5912,"date":"2023-01-16T14:29:17","date_gmt":"2023-01-16T14:29:17","guid":{"rendered":"https:\/\/bunnyboo.ro\/product\/raft-racheta-gold-white-natural\/"},"modified":"2023-01-16T14:29:17","modified_gmt":"2023-01-16T14:29:17","slug":"raft-racheta-gold-white-natural","status":"publish","type":"product","link":"https:\/\/bunnyboo.ro\/en\/produs\/raft-racheta-gold-white-natural\/","title":{"rendered":"Raft Racheta Gold\/White\/Natural"},"content":{"rendered":"<p>Acest raft in tematica vesela creeaz\u0103 magie pe pere\u021bii camerelor celor mici.<\/p>\n<p><\/p>\n<p>Aceast raft in forma de racheta este un loc pentru toate animalele de plus \u0219i alte jucarii indragite deosebite. Designul, modul atent in care este realizat&nbsp; constituie elementele de baza pentru ca aceasta piesa de decor sa fie un adevarat center-piece al camerei.&nbsp;<\/p>\n<p><\/p>\n<p>Dimensiuni:&nbsp;<\/p>\n<p>38 cm x 56 cm x 16 cm<\/p>\n<p>Material: Placaj de mesteac\u0103n de 10 mm<\/p>\n<p><\/p>\n<p>Vopsit cu vopsea ecologic\u0103, netoxic\u0103 pe baz\u0103 de ap\u0103 (raftul fi cur\u0103\u021bat \u00een mod normal, culoarea nu se estompeaz\u0103).<\/p>\n<p>Termen de livrare: 15 zile lucr\u0103toare.<\/p>\n","protected":false},"excerpt":{"rendered":"<p>Acest raft in tematica vesela creeaz\u0103 magie pe pere\u021bii camerelor celor mici. Aceast raft in forma de racheta este un loc pentru toate animalele de plus \u0219i alte jucarii indragite deosebite. Designul, modul atent in care este realizat&nbsp; constituie elementele de baza pentru ca aceasta piesa de decor sa fie un adevarat center-piece al camerei.&nbsp; [&hellip;]<\/p>\n","protected":false},"featured_media":5907,"comment_status":"open","ping_status":"closed","template":"","meta":{"site-sidebar-layout":"default","site-content-layout":"","ast-site-content-layout":"","site-content-style":"default","site-sidebar-style":"default","ast-global-header-display":"","ast-banner-title-visibility":"","ast-main-header-display":"","ast-hfb-above-header-display":"","ast-hfb-below-header-display":"","ast-hfb-mobile-header-display":"","site-post-title":"","ast-breadcrumbs-content":"","ast-featured-img":"","footer-sml-layout":"","theme-transparent-header-meta":"","adv-header-id-meta":"","stick-header-meta":"","header-above-stick-meta":"","header-main-stick-meta":"","header-below-stick-meta":"","astra-migrate-meta-layouts":"default","ast-page-background-enabled":"default","ast-page-background-meta":{"desktop":{"background-color":"","background-image":"","background-repeat":"repeat","background-position":"center center","background-size":"auto","background-attachment":"scroll","background-type":"","background-media":"","overlay-type":"","overlay-color":"","overlay-opacity":"","overlay-gradient":""},"tablet":{"background-color":"","background-image":"","background-repeat":"repeat","background-position":"center center","background-size":"auto","background-attachment":"scroll","background-type":"","background-media":"","overlay-type":"","overlay-color":"","overlay-opacity":"","overlay-gradient":""},"mobile":{"background-color":"","background-image":"","background-repeat":"repeat","background-position":"center center","background-size":"auto","background-attachment":"scroll","background-type":"","background-media":"","overlay-type":"","overlay-color":"","overlay-opacity":"","overlay-gradient":""}},"ast-content-background-meta":{"desktop":{"background-color":"var(--ast-global-color-5)","background-image":"","background-repeat":"repeat","background-position":"center center","background-size":"auto","background-attachment":"scroll","background-type":"","background-media":"","overlay-type":"","overlay-color":"","overlay-opacity":"","overlay-gradient":""},"tablet":{"background-color":"var(--ast-global-color-5)","background-image":"","background-repeat":"repeat","background-position":"center center","background-size":"auto","background-attachment":"scroll","background-type":"","background-media":"","overlay-type":"","overlay-color":"","overlay-opacity":"","overlay-gradient":""},"mobile":{"background-color":"var(--ast-global-color-5)","background-image":"","background-repeat":"repeat","background-position":"center center","background-size":"auto","background-attachment":"scroll","background-type":"","background-media":"","overlay-type":"","overlay-color":"","overlay-opacity":"","overlay-gradient":""}}},"product_brand":[],"product_cat":[116],"product_tag":[],"class_list":{"0":"post-5912","1":"product","2":"type-product","3":"status-publish","4":"has-post-thumbnail","6":"product_cat-etajere-colorate-pentru-camera-copilului","7":"desktop-align-left","8":"tablet-align-left","9":"mobile-align-left","10":"ast-product-gallery-layout-horizontal-slider","11":"ast-product-tabs-layout-vertical","12":"ast-qv-on-image","14":"first","15":"onbackorder","16":"shipping-taxable","17":"purchasable","18":"product-type-simple"},"yoast_head":"<!-- This site is optimized with the Yoast SEO plugin v22.6 - https:\/\/yoast.com\/wordpress\/plugins\/seo\/ -->\n<title>Raft Racheta Gold\/White\/Natural<\/title>\n<meta name=\"robots\" content=\"index, follow, max-snippet:-1, max-image-preview:large, max-video-preview:-1\" \/>\n<link rel=\"canonical\" href=\"https:\/\/bunnyboo.ro\/produs\/raft-racheta-gold-white-natural\/\" \/>\n<meta property=\"og:locale\" content=\"en_US\" \/>\n<meta property=\"og:type\" content=\"article\" \/>\n<meta property=\"og:title\" content=\"Raft Racheta Gold\/White\/Natural\" \/>\n<meta property=\"og:description\" content=\"Acest raft in tematica vesela creeaz\u0103 magie pe pere\u021bii camerelor celor mici. Aceast raft in forma de racheta este un loc pentru toate animalele de plus \u0219i alte jucarii indragite deosebite. Designul, modul atent in care este realizat&nbsp; constituie elementele de baza pentru ca aceasta piesa de decor sa fie un adevarat center-piece al camerei.&nbsp; [&hellip;]\" \/>\n<meta property=\"og:url\" content=\"https:\/\/bunnyboo.ro\/produs\/raft-racheta-gold-white-natural\/\" \/>\n<meta property=\"og:site_name\" content=\"Bunny Boo\" \/>\n<meta property=\"og:image\" content=\"https:\/\/bunnyboo.ro\/wp-content\/uploads\/2023\/01\/all-1600x1200-28-768x576.jpeg\" \/>\n\t<meta property=\"og:image:width\" content=\"768\" \/>\n\t<meta property=\"og:image:height\" content=\"576\" \/>\n\t<meta property=\"og:image:type\" content=\"image\/jpeg\" \/>\n<meta name=\"twitter:card\" content=\"summary_large_image\" \/>\n<script type=\"application\/ld+json\" class=\"yoast-schema-graph\">{\"@context\":\"https:\/\/schema.org\",\"@graph\":[{\"@type\":\"WebPage\",\"@id\":\"https:\/\/bunnyboo.ro\/produs\/raft-racheta-gold-white-natural\/\",\"url\":\"https:\/\/bunnyboo.ro\/produs\/raft-racheta-gold-white-natural\/\",\"name\":\"Raft Racheta Gold\/White\/Natural\",\"isPartOf\":{\"@id\":\"https:\/\/bunnyboo.ro\/#website\"},\"primaryImageOfPage\":{\"@id\":\"https:\/\/bunnyboo.ro\/produs\/raft-racheta-gold-white-natural\/#primaryimage\"},\"image\":{\"@id\":\"https:\/\/bunnyboo.ro\/produs\/raft-racheta-gold-white-natural\/#primaryimage\"},\"thumbnailUrl\":\"https:\/\/bunnyboo.ro\/wp-content\/uploads\/2023\/01\/all-1600x1200-28-768x576.jpeg\",\"datePublished\":\"2023-01-16T14:29:17+00:00\",\"dateModified\":\"2023-01-16T14:29:17+00:00\",\"breadcrumb\":{\"@id\":\"https:\/\/bunnyboo.ro\/produs\/raft-racheta-gold-white-natural\/#breadcrumb\"},\"inLanguage\":\"en-US\",\"potentialAction\":[{\"@type\":\"ReadAction\",\"target\":[\"https:\/\/bunnyboo.ro\/produs\/raft-racheta-gold-white-natural\/\"]}]},{\"@type\":\"ImageObject\",\"inLanguage\":\"en-US\",\"@id\":\"https:\/\/bunnyboo.ro\/produs\/raft-racheta-gold-white-natural\/#primaryimage\",\"url\":\"https:\/\/bunnyboo.ro\/wp-content\/uploads\/2023\/01\/all-1600x1200-28-768x576.jpeg\",\"contentUrl\":\"https:\/\/bunnyboo.ro\/wp-content\/uploads\/2023\/01\/all-1600x1200-28-768x576.jpeg\",\"width\":768,\"height\":576,\"caption\":\"all-1600x1200-28-768x576\"},{\"@type\":\"BreadcrumbList\",\"@id\":\"https:\/\/bunnyboo.ro\/produs\/raft-racheta-gold-white-natural\/#breadcrumb\",\"itemListElement\":[{\"@type\":\"ListItem\",\"position\":1,\"name\":\"Home\",\"item\":\"https:\/\/bunnyboo.ro\/en\/\"},{\"@type\":\"ListItem\",\"position\":2,\"name\":\"New\",\"item\":\"https:\/\/bunnyboo.ro\/en\/shop\/\"},{\"@type\":\"ListItem\",\"position\":3,\"name\":\"Raft Racheta Gold\/White\/Natural\"}]},{\"@type\":\"WebSite\",\"@id\":\"https:\/\/bunnyboo.ro\/#website\",\"url\":\"https:\/\/bunnyboo.ro\/\",\"name\":\"Bunny Boo\",\"description\":\"Bunny Boo\",\"publisher\":{\"@id\":\"https:\/\/bunnyboo.ro\/#organization\"},\"potentialAction\":[{\"@type\":\"SearchAction\",\"target\":{\"@type\":\"EntryPoint\",\"urlTemplate\":\"https:\/\/bunnyboo.ro\/?s={search_term_string}\"},\"query-input\":\"required name=search_term_string\"}],\"inLanguage\":\"en-US\"},{\"@type\":\"Organization\",\"@id\":\"https:\/\/bunnyboo.ro\/#organization\",\"name\":\"Bunny Boo\",\"url\":\"https:\/\/bunnyboo.ro\/\",\"logo\":{\"@type\":\"ImageObject\",\"inLanguage\":\"en-US\",\"@id\":\"https:\/\/bunnyboo.ro\/#\/schema\/logo\/image\/\",\"url\":\"https:\/\/bunnyboo.ro\/wp-content\/uploads\/2024\/03\/Logo-website-black.png\",\"contentUrl\":\"https:\/\/bunnyboo.ro\/wp-content\/uploads\/2024\/03\/Logo-website-black.png\",\"width\":2422,\"height\":946,\"caption\":\"Bunny Boo\"},\"image\":{\"@id\":\"https:\/\/bunnyboo.ro\/#\/schema\/logo\/image\/\"}}]}<\/script>\n<!-- \/ Yoast SEO plugin. -->","yoast_head_json":{"title":"Raft Racheta Gold\/White\/Natural","robots":{"index":"index","follow":"follow","max-snippet":"max-snippet:-1","max-image-preview":"max-image-preview:large","max-video-preview":"max-video-preview:-1"},"canonical":"https:\/\/bunnyboo.ro\/produs\/raft-racheta-gold-white-natural\/","og_locale":"en_US","og_type":"article","og_title":"Raft Racheta Gold\/White\/Natural","og_description":"Acest raft in tematica vesela creeaz\u0103 magie pe pere\u021bii camerelor celor mici. Aceast raft in forma de racheta este un loc pentru toate animalele de plus \u0219i alte jucarii indragite deosebite. Designul, modul atent in care este realizat&nbsp; constituie elementele de baza pentru ca aceasta piesa de decor sa fie un adevarat center-piece al camerei.&nbsp; [&hellip;]","og_url":"https:\/\/bunnyboo.ro\/produs\/raft-racheta-gold-white-natural\/","og_site_name":"Bunny Boo","og_image":[{"width":768,"height":576,"url":"https:\/\/bunnyboo.ro\/wp-content\/uploads\/2023\/01\/all-1600x1200-28-768x576.jpeg","type":"image\/jpeg"}],"twitter_card":"summary_large_image","schema":{"@context":"https:\/\/schema.org","@graph":[{"@type":"WebPage","@id":"https:\/\/bunnyboo.ro\/produs\/raft-racheta-gold-white-natural\/","url":"https:\/\/bunnyboo.ro\/produs\/raft-racheta-gold-white-natural\/","name":"Raft Racheta Gold\/White\/Natural","isPartOf":{"@id":"https:\/\/bunnyboo.ro\/#website"},"primaryImageOfPage":{"@id":"https:\/\/bunnyboo.ro\/produs\/raft-racheta-gold-white-natural\/#primaryimage"},"image":{"@id":"https:\/\/bunnyboo.ro\/produs\/raft-racheta-gold-white-natural\/#primaryimage"},"thumbnailUrl":"https:\/\/bunnyboo.ro\/wp-content\/uploads\/2023\/01\/all-1600x1200-28-768x576.jpeg","datePublished":"2023-01-16T14:29:17+00:00","dateModified":"2023-01-16T14:29:17+00:00","breadcrumb":{"@id":"https:\/\/bunnyboo.ro\/produs\/raft-racheta-gold-white-natural\/#breadcrumb"},"inLanguage":"en-US","potentialAction":[{"@type":"ReadAction","target":["https:\/\/bunnyboo.ro\/produs\/raft-racheta-gold-white-natural\/"]}]},{"@type":"ImageObject","inLanguage":"en-US","@id":"https:\/\/bunnyboo.ro\/produs\/raft-racheta-gold-white-natural\/#primaryimage","url":"https:\/\/bunnyboo.ro\/wp-content\/uploads\/2023\/01\/all-1600x1200-28-768x576.jpeg","contentUrl":"https:\/\/bunnyboo.ro\/wp-content\/uploads\/2023\/01\/all-1600x1200-28-768x576.jpeg","width":768,"height":576,"caption":"all-1600x1200-28-768x576"},{"@type":"BreadcrumbList","@id":"https:\/\/bunnyboo.ro\/produs\/raft-racheta-gold-white-natural\/#breadcrumb","itemListElement":[{"@type":"ListItem","position":1,"name":"Home","item":"https:\/\/bunnyboo.ro\/en\/"},{"@type":"ListItem","position":2,"name":"New","item":"https:\/\/bunnyboo.ro\/en\/shop\/"},{"@type":"ListItem","position":3,"name":"Raft Racheta Gold\/White\/Natural"}]},{"@type":"WebSite","@id":"https:\/\/bunnyboo.ro\/#website","url":"https:\/\/bunnyboo.ro\/","name":"Bunny Boo","description":"Bunny Boo","publisher":{"@id":"https:\/\/bunnyboo.ro\/#organization"},"potentialAction":[{"@type":"SearchAction","target":{"@type":"EntryPoint","urlTemplate":"https:\/\/bunnyboo.ro\/?s={search_term_string}"},"query-input":"required name=search_term_string"}],"inLanguage":"en-US"},{"@type":"Organization","@id":"https:\/\/bunnyboo.ro\/#organization","name":"Bunny Boo","url":"https:\/\/bunnyboo.ro\/","logo":{"@type":"ImageObject","inLanguage":"en-US","@id":"https:\/\/bunnyboo.ro\/#\/schema\/logo\/image\/","url":"https:\/\/bunnyboo.ro\/wp-content\/uploads\/2024\/03\/Logo-website-black.png","contentUrl":"https:\/\/bunnyboo.ro\/wp-content\/uploads\/2024\/03\/Logo-website-black.png","width":2422,"height":946,"caption":"Bunny Boo"},"image":{"@id":"https:\/\/bunnyboo.ro\/#\/schema\/logo\/image\/"}}]}},"_links":{"self":[{"href":"https:\/\/bunnyboo.ro\/en\/wp-json\/wp\/v2\/product\/5912","targetHints":{"allow":["GET"]}}],"collection":[{"href":"https:\/\/bunnyboo.ro\/en\/wp-json\/wp\/v2\/product"}],"about":[{"href":"https:\/\/bunnyboo.ro\/en\/wp-json\/wp\/v2\/types\/product"}],"replies":[{"embeddable":true,"href":"https:\/\/bunnyboo.ro\/en\/wp-json\/wp\/v2\/comments?post=5912"}],"wp:featuredmedia":[{"embeddable":true,"href":"https:\/\/bunnyboo.ro\/en\/wp-json\/wp\/v2\/media\/5907"}],"wp:attachment":[{"href":"https:\/\/bunnyboo.ro\/en\/wp-json\/wp\/v2\/media?parent=5912"}],"wp:term":[{"taxonomy":"product_brand","embeddable":true,"href":"https:\/\/bunnyboo.ro\/en\/wp-json\/wp\/v2\/product_brand?post=5912"},{"taxonomy":"product_cat","embeddable":true,"href":"https:\/\/bunnyboo.ro\/en\/wp-json\/wp\/v2\/product_cat?post=5912"},{"taxonomy":"product_tag","embeddable":true,"href":"https:\/\/bunnyboo.ro\/en\/wp-json\/wp\/v2\/product_tag?post=5912"}],"curies":[{"name":"wp","href":"https:\/\/api.w.org\/{rel}","templated":true}]}}