{"id":5872,"date":"2023-01-11T12:35:41","date_gmt":"2023-01-11T12:35:41","guid":{"rendered":"https:\/\/bunnyboo.ro\/product\/masa-de-infasat-noga-gentle-white\/"},"modified":"2023-01-11T12:35:41","modified_gmt":"2023-01-11T12:35:41","slug":"masa-de-infasat-noga-gentle-white","status":"publish","type":"product","link":"https:\/\/bunnyboo.ro\/en\/produs\/masa-de-infasat-noga-gentle-white\/","title":{"rendered":"Masa de infasat NOGA Gentle White"},"content":{"rendered":"<p style=\"margin-bottom: 10px;\">Masa de infasat Noga se deschide usor, si se fixeaza pe perete pentru a economisi spa\u021biu! \u00cenchisa, forma sa curbat\u0103 \u0219i trapezoidal\u0103 confera spatiului un design deosebit. Odat\u0103 deschisa, Noga ofer\u0103 tot confortul necesar \u0219i v\u0103 permite s\u0103 p\u0103stra\u021bi produse de \u00eengrijire a bebelu\u0219ului pe rafturi.<\/p>\n<p style=\"margin-bottom: 10px;\">Capacul mesei este acoperit cu un strat mat de \u00eenalt\u0103 rezisten\u021b\u0103.<\/p>\n<p style=\"margin-bottom: 10px;\">Detalii: 2 rafturi montate, se monteaz\u0103 pe perete cu 2 \u0219uruburi<\/p>\n<p style=\"margin-bottom: 10px;\">Material: lemn de plop,&nbsp;vopsea non-toxica<\/p>\n<p style=\"margin-bottom: 10px;\">Dimensiuni:<\/p>\n<ul>\n<li style=\"margin-bottom: 10px;\">\u00cen\u0103l\u021bime \u00eenchis\u0103: 90 cm <\/li>\n<li style=\"margin-bottom: 10px;\">L\u0103\u021bime: 70 cm <\/li>\n<li style=\"margin-bottom: 10px;\">Ad\u00e2ncime: 25 cm <\/li>\n<li style=\"margin-bottom: 10px;\">\u00cen\u0103l\u021bime deschis\u0103: 90 cm <\/li>\n<li style=\"margin-bottom: 10px;\">L\u0103\u021bime: 70 cm <\/li>\n<li style=\"margin-bottom: 10px;\">Ad\u00e2ncime: 91 cm<\/li>\n<\/ul>\n<p style=\"margin-bottom: 10px;\">Conform standardului european EN12 221<\/p>\n<p style=\"margin-bottom: 10px;\">V\u00e2rsta: 0 &#8211; 3 ani<\/p>\n","protected":false},"excerpt":{"rendered":"<p>Masa de infasat Noga se deschide usor, si se fixeaza pe perete pentru a economisi spa\u021biu! \u00cenchisa, forma sa curbat\u0103 \u0219i trapezoidal\u0103 confera spatiului un design deosebit. Odat\u0103 deschisa, Noga ofer\u0103 tot confortul necesar \u0219i v\u0103 permite s\u0103 p\u0103stra\u021bi produse de \u00eengrijire a bebelu\u0219ului pe rafturi. Capacul mesei este acoperit cu un strat mat de [&hellip;]<\/p>\n","protected":false},"featured_media":5864,"comment_status":"open","ping_status":"closed","template":"","meta":{"site-sidebar-layout":"default","site-content-layout":"","ast-site-content-layout":"","site-content-style":"default","site-sidebar-style":"default","ast-global-header-display":"","ast-banner-title-visibility":"","ast-main-header-display":"","ast-hfb-above-header-display":"","ast-hfb-below-header-display":"","ast-hfb-mobile-header-display":"","site-post-title":"","ast-breadcrumbs-content":"","ast-featured-img":"","footer-sml-layout":"","theme-transparent-header-meta":"","adv-header-id-meta":"","stick-header-meta":"","header-above-stick-meta":"","header-main-stick-meta":"","header-below-stick-meta":"","astra-migrate-meta-layouts":"default","ast-page-background-enabled":"default","ast-page-background-meta":{"desktop":{"background-color":"","background-image":"","background-repeat":"repeat","background-position":"center center","background-size":"auto","background-attachment":"scroll","background-type":"","background-media":"","overlay-type":"","overlay-color":"","overlay-opacity":"","overlay-gradient":""},"tablet":{"background-color":"","background-image":"","background-repeat":"repeat","background-position":"center center","background-size":"auto","background-attachment":"scroll","background-type":"","background-media":"","overlay-type":"","overlay-color":"","overlay-opacity":"","overlay-gradient":""},"mobile":{"background-color":"","background-image":"","background-repeat":"repeat","background-position":"center center","background-size":"auto","background-attachment":"scroll","background-type":"","background-media":"","overlay-type":"","overlay-color":"","overlay-opacity":"","overlay-gradient":""}},"ast-content-background-meta":{"desktop":{"background-color":"var(--ast-global-color-5)","background-image":"","background-repeat":"repeat","background-position":"center center","background-size":"auto","background-attachment":"scroll","background-type":"","background-media":"","overlay-type":"","overlay-color":"","overlay-opacity":"","overlay-gradient":""},"tablet":{"background-color":"var(--ast-global-color-5)","background-image":"","background-repeat":"repeat","background-position":"center center","background-size":"auto","background-attachment":"scroll","background-type":"","background-media":"","overlay-type":"","overlay-color":"","overlay-opacity":"","overlay-gradient":""},"mobile":{"background-color":"var(--ast-global-color-5)","background-image":"","background-repeat":"repeat","background-position":"center center","background-size":"auto","background-attachment":"scroll","background-type":"","background-media":"","overlay-type":"","overlay-color":"","overlay-opacity":"","overlay-gradient":""}}},"product_brand":[],"product_cat":[123],"product_tag":[],"class_list":{"0":"post-5872","1":"product","2":"type-product","3":"status-publish","4":"has-post-thumbnail","6":"product_cat-mobilier-pentru-casa-sau-gradina-ta","7":"desktop-align-left","8":"tablet-align-left","9":"mobile-align-left","10":"ast-product-gallery-layout-horizontal-slider","11":"ast-product-tabs-layout-vertical","12":"ast-qv-on-image","14":"first","15":"onbackorder","16":"shipping-taxable","17":"purchasable","18":"product-type-simple"},"yoast_head":"<!-- This site is optimized with the Yoast SEO plugin v22.6 - https:\/\/yoast.com\/wordpress\/plugins\/seo\/ -->\n<title>Masa de infasat NOGA Gentle White<\/title>\n<meta name=\"robots\" content=\"index, follow, max-snippet:-1, max-image-preview:large, max-video-preview:-1\" \/>\n<link rel=\"canonical\" href=\"https:\/\/bunnyboo.ro\/produs\/masa-de-infasat-noga-gentle-white\/\" \/>\n<meta property=\"og:locale\" content=\"en_US\" \/>\n<meta property=\"og:type\" content=\"article\" \/>\n<meta property=\"og:title\" content=\"Masa de infasat NOGA Gentle White\" \/>\n<meta property=\"og:description\" content=\"Masa de infasat Noga se deschide usor, si se fixeaza pe perete pentru a economisi spa\u021biu! \u00cenchisa, forma sa curbat\u0103 \u0219i trapezoidal\u0103 confera spatiului un design deosebit. Odat\u0103 deschisa, Noga ofer\u0103 tot confortul necesar \u0219i v\u0103 permite s\u0103 p\u0103stra\u021bi produse de \u00eengrijire a bebelu\u0219ului pe rafturi. Capacul mesei este acoperit cu un strat mat de [&hellip;]\" \/>\n<meta property=\"og:url\" content=\"https:\/\/bunnyboo.ro\/produs\/masa-de-infasat-noga-gentle-white\/\" \/>\n<meta property=\"og:site_name\" content=\"Bunny Boo\" \/>\n<meta property=\"og:image\" content=\"https:\/\/bunnyboo.ro\/wp-content\/uploads\/2023\/01\/noga-wall-mounted-changing-table-charlie-crane6.jpeg\" \/>\n\t<meta property=\"og:image:width\" content=\"800\" \/>\n\t<meta property=\"og:image:height\" content=\"800\" \/>\n\t<meta property=\"og:image:type\" content=\"image\/jpeg\" \/>\n<meta name=\"twitter:card\" content=\"summary_large_image\" \/>\n<meta name=\"twitter:label1\" content=\"Est. reading time\" \/>\n\t<meta name=\"twitter:data1\" content=\"1 minute\" \/>\n<script type=\"application\/ld+json\" class=\"yoast-schema-graph\">{\"@context\":\"https:\/\/schema.org\",\"@graph\":[{\"@type\":\"WebPage\",\"@id\":\"https:\/\/bunnyboo.ro\/produs\/masa-de-infasat-noga-gentle-white\/\",\"url\":\"https:\/\/bunnyboo.ro\/produs\/masa-de-infasat-noga-gentle-white\/\",\"name\":\"Masa de infasat NOGA Gentle White\",\"isPartOf\":{\"@id\":\"https:\/\/bunnyboo.ro\/#website\"},\"primaryImageOfPage\":{\"@id\":\"https:\/\/bunnyboo.ro\/produs\/masa-de-infasat-noga-gentle-white\/#primaryimage\"},\"image\":{\"@id\":\"https:\/\/bunnyboo.ro\/produs\/masa-de-infasat-noga-gentle-white\/#primaryimage\"},\"thumbnailUrl\":\"https:\/\/bunnyboo.ro\/wp-content\/uploads\/2023\/01\/noga-wall-mounted-changing-table-charlie-crane6.jpeg\",\"datePublished\":\"2023-01-11T12:35:41+00:00\",\"dateModified\":\"2023-01-11T12:35:41+00:00\",\"breadcrumb\":{\"@id\":\"https:\/\/bunnyboo.ro\/produs\/masa-de-infasat-noga-gentle-white\/#breadcrumb\"},\"inLanguage\":\"en-US\",\"potentialAction\":[{\"@type\":\"ReadAction\",\"target\":[\"https:\/\/bunnyboo.ro\/produs\/masa-de-infasat-noga-gentle-white\/\"]}]},{\"@type\":\"ImageObject\",\"inLanguage\":\"en-US\",\"@id\":\"https:\/\/bunnyboo.ro\/produs\/masa-de-infasat-noga-gentle-white\/#primaryimage\",\"url\":\"https:\/\/bunnyboo.ro\/wp-content\/uploads\/2023\/01\/noga-wall-mounted-changing-table-charlie-crane6.jpeg\",\"contentUrl\":\"https:\/\/bunnyboo.ro\/wp-content\/uploads\/2023\/01\/noga-wall-mounted-changing-table-charlie-crane6.jpeg\",\"width\":800,\"height\":800,\"caption\":\"noga-wall-mounted-changing-table-charlie-crane6\"},{\"@type\":\"BreadcrumbList\",\"@id\":\"https:\/\/bunnyboo.ro\/produs\/masa-de-infasat-noga-gentle-white\/#breadcrumb\",\"itemListElement\":[{\"@type\":\"ListItem\",\"position\":1,\"name\":\"Home\",\"item\":\"https:\/\/bunnyboo.ro\/en\/\"},{\"@type\":\"ListItem\",\"position\":2,\"name\":\"New\",\"item\":\"https:\/\/bunnyboo.ro\/en\/shop\/\"},{\"@type\":\"ListItem\",\"position\":3,\"name\":\"Masa de infasat NOGA Gentle White\"}]},{\"@type\":\"WebSite\",\"@id\":\"https:\/\/bunnyboo.ro\/#website\",\"url\":\"https:\/\/bunnyboo.ro\/\",\"name\":\"Bunny Boo\",\"description\":\"Bunny Boo\",\"publisher\":{\"@id\":\"https:\/\/bunnyboo.ro\/#organization\"},\"potentialAction\":[{\"@type\":\"SearchAction\",\"target\":{\"@type\":\"EntryPoint\",\"urlTemplate\":\"https:\/\/bunnyboo.ro\/?s={search_term_string}\"},\"query-input\":\"required name=search_term_string\"}],\"inLanguage\":\"en-US\"},{\"@type\":\"Organization\",\"@id\":\"https:\/\/bunnyboo.ro\/#organization\",\"name\":\"Bunny Boo\",\"url\":\"https:\/\/bunnyboo.ro\/\",\"logo\":{\"@type\":\"ImageObject\",\"inLanguage\":\"en-US\",\"@id\":\"https:\/\/bunnyboo.ro\/#\/schema\/logo\/image\/\",\"url\":\"https:\/\/bunnyboo.ro\/wp-content\/uploads\/2024\/03\/Logo-website-black.png\",\"contentUrl\":\"https:\/\/bunnyboo.ro\/wp-content\/uploads\/2024\/03\/Logo-website-black.png\",\"width\":2422,\"height\":946,\"caption\":\"Bunny Boo\"},\"image\":{\"@id\":\"https:\/\/bunnyboo.ro\/#\/schema\/logo\/image\/\"}}]}<\/script>\n<!-- \/ Yoast SEO plugin. -->","yoast_head_json":{"title":"Masa de infasat NOGA Gentle White","robots":{"index":"index","follow":"follow","max-snippet":"max-snippet:-1","max-image-preview":"max-image-preview:large","max-video-preview":"max-video-preview:-1"},"canonical":"https:\/\/bunnyboo.ro\/produs\/masa-de-infasat-noga-gentle-white\/","og_locale":"en_US","og_type":"article","og_title":"Masa de infasat NOGA Gentle White","og_description":"Masa de infasat Noga se deschide usor, si se fixeaza pe perete pentru a economisi spa\u021biu! \u00cenchisa, forma sa curbat\u0103 \u0219i trapezoidal\u0103 confera spatiului un design deosebit. Odat\u0103 deschisa, Noga ofer\u0103 tot confortul necesar \u0219i v\u0103 permite s\u0103 p\u0103stra\u021bi produse de \u00eengrijire a bebelu\u0219ului pe rafturi. Capacul mesei este acoperit cu un strat mat de [&hellip;]","og_url":"https:\/\/bunnyboo.ro\/produs\/masa-de-infasat-noga-gentle-white\/","og_site_name":"Bunny Boo","og_image":[{"width":800,"height":800,"url":"https:\/\/bunnyboo.ro\/wp-content\/uploads\/2023\/01\/noga-wall-mounted-changing-table-charlie-crane6.jpeg","type":"image\/jpeg"}],"twitter_card":"summary_large_image","twitter_misc":{"Est. reading time":"1 minute"},"schema":{"@context":"https:\/\/schema.org","@graph":[{"@type":"WebPage","@id":"https:\/\/bunnyboo.ro\/produs\/masa-de-infasat-noga-gentle-white\/","url":"https:\/\/bunnyboo.ro\/produs\/masa-de-infasat-noga-gentle-white\/","name":"Masa de infasat NOGA Gentle White","isPartOf":{"@id":"https:\/\/bunnyboo.ro\/#website"},"primaryImageOfPage":{"@id":"https:\/\/bunnyboo.ro\/produs\/masa-de-infasat-noga-gentle-white\/#primaryimage"},"image":{"@id":"https:\/\/bunnyboo.ro\/produs\/masa-de-infasat-noga-gentle-white\/#primaryimage"},"thumbnailUrl":"https:\/\/bunnyboo.ro\/wp-content\/uploads\/2023\/01\/noga-wall-mounted-changing-table-charlie-crane6.jpeg","datePublished":"2023-01-11T12:35:41+00:00","dateModified":"2023-01-11T12:35:41+00:00","breadcrumb":{"@id":"https:\/\/bunnyboo.ro\/produs\/masa-de-infasat-noga-gentle-white\/#breadcrumb"},"inLanguage":"en-US","potentialAction":[{"@type":"ReadAction","target":["https:\/\/bunnyboo.ro\/produs\/masa-de-infasat-noga-gentle-white\/"]}]},{"@type":"ImageObject","inLanguage":"en-US","@id":"https:\/\/bunnyboo.ro\/produs\/masa-de-infasat-noga-gentle-white\/#primaryimage","url":"https:\/\/bunnyboo.ro\/wp-content\/uploads\/2023\/01\/noga-wall-mounted-changing-table-charlie-crane6.jpeg","contentUrl":"https:\/\/bunnyboo.ro\/wp-content\/uploads\/2023\/01\/noga-wall-mounted-changing-table-charlie-crane6.jpeg","width":800,"height":800,"caption":"noga-wall-mounted-changing-table-charlie-crane6"},{"@type":"BreadcrumbList","@id":"https:\/\/bunnyboo.ro\/produs\/masa-de-infasat-noga-gentle-white\/#breadcrumb","itemListElement":[{"@type":"ListItem","position":1,"name":"Home","item":"https:\/\/bunnyboo.ro\/en\/"},{"@type":"ListItem","position":2,"name":"New","item":"https:\/\/bunnyboo.ro\/en\/shop\/"},{"@type":"ListItem","position":3,"name":"Masa de infasat NOGA Gentle White"}]},{"@type":"WebSite","@id":"https:\/\/bunnyboo.ro\/#website","url":"https:\/\/bunnyboo.ro\/","name":"Bunny Boo","description":"Bunny Boo","publisher":{"@id":"https:\/\/bunnyboo.ro\/#organization"},"potentialAction":[{"@type":"SearchAction","target":{"@type":"EntryPoint","urlTemplate":"https:\/\/bunnyboo.ro\/?s={search_term_string}"},"query-input":"required name=search_term_string"}],"inLanguage":"en-US"},{"@type":"Organization","@id":"https:\/\/bunnyboo.ro\/#organization","name":"Bunny Boo","url":"https:\/\/bunnyboo.ro\/","logo":{"@type":"ImageObject","inLanguage":"en-US","@id":"https:\/\/bunnyboo.ro\/#\/schema\/logo\/image\/","url":"https:\/\/bunnyboo.ro\/wp-content\/uploads\/2024\/03\/Logo-website-black.png","contentUrl":"https:\/\/bunnyboo.ro\/wp-content\/uploads\/2024\/03\/Logo-website-black.png","width":2422,"height":946,"caption":"Bunny Boo"},"image":{"@id":"https:\/\/bunnyboo.ro\/#\/schema\/logo\/image\/"}}]}},"_links":{"self":[{"href":"https:\/\/bunnyboo.ro\/en\/wp-json\/wp\/v2\/product\/5872","targetHints":{"allow":["GET"]}}],"collection":[{"href":"https:\/\/bunnyboo.ro\/en\/wp-json\/wp\/v2\/product"}],"about":[{"href":"https:\/\/bunnyboo.ro\/en\/wp-json\/wp\/v2\/types\/product"}],"replies":[{"embeddable":true,"href":"https:\/\/bunnyboo.ro\/en\/wp-json\/wp\/v2\/comments?post=5872"}],"wp:featuredmedia":[{"embeddable":true,"href":"https:\/\/bunnyboo.ro\/en\/wp-json\/wp\/v2\/media\/5864"}],"wp:attachment":[{"href":"https:\/\/bunnyboo.ro\/en\/wp-json\/wp\/v2\/media?parent=5872"}],"wp:term":[{"taxonomy":"product_brand","embeddable":true,"href":"https:\/\/bunnyboo.ro\/en\/wp-json\/wp\/v2\/product_brand?post=5872"},{"taxonomy":"product_cat","embeddable":true,"href":"https:\/\/bunnyboo.ro\/en\/wp-json\/wp\/v2\/product_cat?post=5872"},{"taxonomy":"product_tag","embeddable":true,"href":"https:\/\/bunnyboo.ro\/en\/wp-json\/wp\/v2\/product_tag?post=5872"}],"curies":[{"name":"wp","href":"https:\/\/api.w.org\/{rel}","templated":true}]}}