{"id":5846,"date":"2023-01-10T12:58:01","date_gmt":"2023-01-10T12:58:01","guid":{"rendered":"https:\/\/bunnyboo.ro\/product\/patut-balansoar-kumi-mesh-desert-cu-saltea\/"},"modified":"2025-06-02T12:20:55","modified_gmt":"2025-06-02T09:20:55","slug":"patut-balansoar-kumi-mesh-desert-cu-saltea","status":"publish","type":"product","link":"https:\/\/bunnyboo.ro\/en\/produs\/patut-balansoar-kumi-mesh-desert-cu-saltea\/","title":{"rendered":"Patut Balansoar KUMI Mesh \/ Desert cu Saltea"},"content":{"rendered":"<p>Dup\u0103 c\u0103ldura p\u00e2ntecului matern, leag\u0103nul este locul \u00een care bebelu\u0219ul \u00ee\u0219i va petrece cea mai mare parte a timpului \u00een primele luni de via\u021b\u0103 \u2013 locul \u00een care se va trezi treptat la lumea din exterior. Prin urmare, Charlie Crane a proiectat KUMI at\u00e2t ca un cocon lini\u015ftitor, c\u00e2t \u015fi ca un spa\u0163iu deschis c\u0103tre lumea exterioar\u0103.<\/p>\n<p><\/p>\n<p>Designul KUMI \u00eembin\u0103 tradi\u021bia \u0219i modernitatea. P\u0103streaz\u0103 vechiul leag\u0103n lateral, o mi\u0219care delicat\u0103 care \u00eei ajut\u0103 pe bebelu\u0219i s\u0103 adoarm\u0103, schi\u021b\u00e2nd \u00een acela\u0219i timp linii minimaliste \u0219i contemporane, mul\u021bumit\u0103 \u00een special \u0219ireturilor care \u00eel \u00eenconjoar\u0103, oferindu-i at\u00e2t lumina, c\u00e2t \u0219i siguran\u021b\u0103.<\/p>\n<p><\/p>\n<p>\u00cen timpul asamblarii, p\u0103rin\u021bii leag\u0103 ei \u00een\u0219i\u0219i corzile. Un gest cu mare valoare emo\u021bional\u0103 deoarece este vorba de a participa la construirea cuibului copilului s\u0103u.<\/p>\n<div><\/div>\n<div>Dimensiuni patut: 81 x 56 x 72 cm<\/div>\n<div>Dimensiuni saltea: 68 x 40 x 5 cm&nbsp;<\/div>\n","protected":false},"excerpt":{"rendered":"<p>Dup\u0103 c\u0103ldura p\u00e2ntecului matern, leag\u0103nul este locul \u00een care bebelu\u0219ul \u00ee\u0219i va petrece cea mai mare parte a timpului \u00een primele luni de via\u021b\u0103 \u2013 locul \u00een care se va trezi treptat la lumea din exterior. Prin urmare, Charlie Crane a proiectat KUMI at\u00e2t ca un cocon lini\u015ftitor, c\u00e2t \u015fi ca un spa\u0163iu deschis c\u0103tre [&hellip;]<\/p>\n","protected":false},"featured_media":5840,"comment_status":"open","ping_status":"closed","template":"","meta":{"site-sidebar-layout":"default","site-content-layout":"","ast-site-content-layout":"","site-content-style":"default","site-sidebar-style":"default","ast-global-header-display":"","ast-banner-title-visibility":"","ast-main-header-display":"","ast-hfb-above-header-display":"","ast-hfb-below-header-display":"","ast-hfb-mobile-header-display":"","site-post-title":"","ast-breadcrumbs-content":"","ast-featured-img":"","footer-sml-layout":"","theme-transparent-header-meta":"","adv-header-id-meta":"","stick-header-meta":"","header-above-stick-meta":"","header-main-stick-meta":"","header-below-stick-meta":"","astra-migrate-meta-layouts":"default","ast-page-background-enabled":"default","ast-page-background-meta":{"desktop":{"background-color":"","background-image":"","background-repeat":"repeat","background-position":"center center","background-size":"auto","background-attachment":"scroll","background-type":"","background-media":"","overlay-type":"","overlay-color":"","overlay-opacity":"","overlay-gradient":""},"tablet":{"background-color":"","background-image":"","background-repeat":"repeat","background-position":"center center","background-size":"auto","background-attachment":"scroll","background-type":"","background-media":"","overlay-type":"","overlay-color":"","overlay-opacity":"","overlay-gradient":""},"mobile":{"background-color":"","background-image":"","background-repeat":"repeat","background-position":"center center","background-size":"auto","background-attachment":"scroll","background-type":"","background-media":"","overlay-type":"","overlay-color":"","overlay-opacity":"","overlay-gradient":""}},"ast-content-background-meta":{"desktop":{"background-color":"var(--ast-global-color-5)","background-image":"","background-repeat":"repeat","background-position":"center center","background-size":"auto","background-attachment":"scroll","background-type":"","background-media":"","overlay-type":"","overlay-color":"","overlay-opacity":"","overlay-gradient":""},"tablet":{"background-color":"var(--ast-global-color-5)","background-image":"","background-repeat":"repeat","background-position":"center center","background-size":"auto","background-attachment":"scroll","background-type":"","background-media":"","overlay-type":"","overlay-color":"","overlay-opacity":"","overlay-gradient":""},"mobile":{"background-color":"var(--ast-global-color-5)","background-image":"","background-repeat":"repeat","background-position":"center center","background-size":"auto","background-attachment":"scroll","background-type":"","background-media":"","overlay-type":"","overlay-color":"","overlay-opacity":"","overlay-gradient":""}}},"product_brand":[],"product_cat":[65,123,132],"product_tag":[],"class_list":{"0":"post-5846","1":"product","2":"type-product","3":"status-publish","4":"has-post-thumbnail","6":"product_cat-noutati-minunate-pentru-puiul-tau","7":"product_cat-mobilier-pentru-casa-sau-gradina-ta","8":"product_cat-reduceri-pentru-tine","9":"desktop-align-left","10":"tablet-align-left","11":"mobile-align-left","12":"ast-product-gallery-layout-horizontal-slider","13":"ast-product-tabs-layout-vertical","14":"ast-qv-on-image","16":"first","17":"instock","18":"sale","19":"shipping-taxable","20":"purchasable","21":"product-type-simple"},"yoast_head":"<!-- This site is optimized with the Yoast SEO plugin v22.6 - https:\/\/yoast.com\/wordpress\/plugins\/seo\/ -->\n<title>Patut Balansoar KUMI Mesh \/ Desert cu Saltea<\/title>\n<meta name=\"robots\" content=\"index, follow, max-snippet:-1, max-image-preview:large, max-video-preview:-1\" \/>\n<link rel=\"canonical\" href=\"https:\/\/bunnyboo.ro\/produs\/patut-balansoar-kumi-mesh-desert-cu-saltea\/\" \/>\n<meta property=\"og:locale\" content=\"en_US\" \/>\n<meta property=\"og:type\" content=\"article\" \/>\n<meta property=\"og:title\" content=\"Patut Balansoar KUMI Mesh \/ Desert cu Saltea\" \/>\n<meta property=\"og:description\" content=\"Dup\u0103 c\u0103ldura p\u00e2ntecului matern, leag\u0103nul este locul \u00een care bebelu\u0219ul \u00ee\u0219i va petrece cea mai mare parte a timpului \u00een primele luni de via\u021b\u0103 \u2013 locul \u00een care se va trezi treptat la lumea din exterior. Prin urmare, Charlie Crane a proiectat KUMI at\u00e2t ca un cocon lini\u015ftitor, c\u00e2t \u015fi ca un spa\u0163iu deschis c\u0103tre [&hellip;]\" \/>\n<meta property=\"og:url\" content=\"https:\/\/bunnyboo.ro\/produs\/patut-balansoar-kumi-mesh-desert-cu-saltea\/\" \/>\n<meta property=\"og:site_name\" content=\"Bunny Boo\" \/>\n<meta property=\"article:modified_time\" content=\"2025-06-02T09:20:55+00:00\" \/>\n<meta property=\"og:image\" content=\"https:\/\/bunnyboo.ro\/wp-content\/uploads\/2023\/01\/kumi-mini-crib-desert3.jpeg\" \/>\n\t<meta property=\"og:image:width\" content=\"1000\" \/>\n\t<meta property=\"og:image:height\" content=\"1000\" \/>\n\t<meta property=\"og:image:type\" content=\"image\/jpeg\" \/>\n<meta name=\"twitter:card\" content=\"summary_large_image\" \/>\n<meta name=\"twitter:label1\" content=\"Est. reading time\" \/>\n\t<meta name=\"twitter:data1\" content=\"1 minute\" \/>\n<script type=\"application\/ld+json\" class=\"yoast-schema-graph\">{\"@context\":\"https:\/\/schema.org\",\"@graph\":[{\"@type\":\"WebPage\",\"@id\":\"https:\/\/bunnyboo.ro\/produs\/patut-balansoar-kumi-mesh-desert-cu-saltea\/\",\"url\":\"https:\/\/bunnyboo.ro\/produs\/patut-balansoar-kumi-mesh-desert-cu-saltea\/\",\"name\":\"Patut Balansoar KUMI Mesh \/ Desert cu Saltea\",\"isPartOf\":{\"@id\":\"https:\/\/bunnyboo.ro\/#website\"},\"primaryImageOfPage\":{\"@id\":\"https:\/\/bunnyboo.ro\/produs\/patut-balansoar-kumi-mesh-desert-cu-saltea\/#primaryimage\"},\"image\":{\"@id\":\"https:\/\/bunnyboo.ro\/produs\/patut-balansoar-kumi-mesh-desert-cu-saltea\/#primaryimage\"},\"thumbnailUrl\":\"https:\/\/bunnyboo.ro\/wp-content\/uploads\/2023\/01\/kumi-mini-crib-desert3.jpeg\",\"datePublished\":\"2023-01-10T12:58:01+00:00\",\"dateModified\":\"2025-06-02T09:20:55+00:00\",\"breadcrumb\":{\"@id\":\"https:\/\/bunnyboo.ro\/produs\/patut-balansoar-kumi-mesh-desert-cu-saltea\/#breadcrumb\"},\"inLanguage\":\"en-US\",\"potentialAction\":[{\"@type\":\"ReadAction\",\"target\":[\"https:\/\/bunnyboo.ro\/produs\/patut-balansoar-kumi-mesh-desert-cu-saltea\/\"]}]},{\"@type\":\"ImageObject\",\"inLanguage\":\"en-US\",\"@id\":\"https:\/\/bunnyboo.ro\/produs\/patut-balansoar-kumi-mesh-desert-cu-saltea\/#primaryimage\",\"url\":\"https:\/\/bunnyboo.ro\/wp-content\/uploads\/2023\/01\/kumi-mini-crib-desert3.jpeg\",\"contentUrl\":\"https:\/\/bunnyboo.ro\/wp-content\/uploads\/2023\/01\/kumi-mini-crib-desert3.jpeg\",\"width\":1000,\"height\":1000,\"caption\":\"kumi-mini-crib-desert3\"},{\"@type\":\"BreadcrumbList\",\"@id\":\"https:\/\/bunnyboo.ro\/produs\/patut-balansoar-kumi-mesh-desert-cu-saltea\/#breadcrumb\",\"itemListElement\":[{\"@type\":\"ListItem\",\"position\":1,\"name\":\"Home\",\"item\":\"https:\/\/bunnyboo.ro\/en\/\"},{\"@type\":\"ListItem\",\"position\":2,\"name\":\"New\",\"item\":\"https:\/\/bunnyboo.ro\/en\/shop\/\"},{\"@type\":\"ListItem\",\"position\":3,\"name\":\"Patut Balansoar KUMI Mesh \/ Desert cu Saltea\"}]},{\"@type\":\"WebSite\",\"@id\":\"https:\/\/bunnyboo.ro\/#website\",\"url\":\"https:\/\/bunnyboo.ro\/\",\"name\":\"Bunny Boo\",\"description\":\"Bunny Boo\",\"publisher\":{\"@id\":\"https:\/\/bunnyboo.ro\/#organization\"},\"potentialAction\":[{\"@type\":\"SearchAction\",\"target\":{\"@type\":\"EntryPoint\",\"urlTemplate\":\"https:\/\/bunnyboo.ro\/?s={search_term_string}\"},\"query-input\":\"required name=search_term_string\"}],\"inLanguage\":\"en-US\"},{\"@type\":\"Organization\",\"@id\":\"https:\/\/bunnyboo.ro\/#organization\",\"name\":\"Bunny Boo\",\"url\":\"https:\/\/bunnyboo.ro\/\",\"logo\":{\"@type\":\"ImageObject\",\"inLanguage\":\"en-US\",\"@id\":\"https:\/\/bunnyboo.ro\/#\/schema\/logo\/image\/\",\"url\":\"https:\/\/bunnyboo.ro\/wp-content\/uploads\/2024\/03\/Logo-website-black.png\",\"contentUrl\":\"https:\/\/bunnyboo.ro\/wp-content\/uploads\/2024\/03\/Logo-website-black.png\",\"width\":2422,\"height\":946,\"caption\":\"Bunny Boo\"},\"image\":{\"@id\":\"https:\/\/bunnyboo.ro\/#\/schema\/logo\/image\/\"}}]}<\/script>\n<!-- \/ Yoast SEO plugin. -->","yoast_head_json":{"title":"Patut Balansoar KUMI Mesh \/ Desert cu Saltea","robots":{"index":"index","follow":"follow","max-snippet":"max-snippet:-1","max-image-preview":"max-image-preview:large","max-video-preview":"max-video-preview:-1"},"canonical":"https:\/\/bunnyboo.ro\/produs\/patut-balansoar-kumi-mesh-desert-cu-saltea\/","og_locale":"en_US","og_type":"article","og_title":"Patut Balansoar KUMI Mesh \/ Desert cu Saltea","og_description":"Dup\u0103 c\u0103ldura p\u00e2ntecului matern, leag\u0103nul este locul \u00een care bebelu\u0219ul \u00ee\u0219i va petrece cea mai mare parte a timpului \u00een primele luni de via\u021b\u0103 \u2013 locul \u00een care se va trezi treptat la lumea din exterior. Prin urmare, Charlie Crane a proiectat KUMI at\u00e2t ca un cocon lini\u015ftitor, c\u00e2t \u015fi ca un spa\u0163iu deschis c\u0103tre [&hellip;]","og_url":"https:\/\/bunnyboo.ro\/produs\/patut-balansoar-kumi-mesh-desert-cu-saltea\/","og_site_name":"Bunny Boo","article_modified_time":"2025-06-02T09:20:55+00:00","og_image":[{"width":1000,"height":1000,"url":"https:\/\/bunnyboo.ro\/wp-content\/uploads\/2023\/01\/kumi-mini-crib-desert3.jpeg","type":"image\/jpeg"}],"twitter_card":"summary_large_image","twitter_misc":{"Est. reading time":"1 minute"},"schema":{"@context":"https:\/\/schema.org","@graph":[{"@type":"WebPage","@id":"https:\/\/bunnyboo.ro\/produs\/patut-balansoar-kumi-mesh-desert-cu-saltea\/","url":"https:\/\/bunnyboo.ro\/produs\/patut-balansoar-kumi-mesh-desert-cu-saltea\/","name":"Patut Balansoar KUMI Mesh \/ Desert cu Saltea","isPartOf":{"@id":"https:\/\/bunnyboo.ro\/#website"},"primaryImageOfPage":{"@id":"https:\/\/bunnyboo.ro\/produs\/patut-balansoar-kumi-mesh-desert-cu-saltea\/#primaryimage"},"image":{"@id":"https:\/\/bunnyboo.ro\/produs\/patut-balansoar-kumi-mesh-desert-cu-saltea\/#primaryimage"},"thumbnailUrl":"https:\/\/bunnyboo.ro\/wp-content\/uploads\/2023\/01\/kumi-mini-crib-desert3.jpeg","datePublished":"2023-01-10T12:58:01+00:00","dateModified":"2025-06-02T09:20:55+00:00","breadcrumb":{"@id":"https:\/\/bunnyboo.ro\/produs\/patut-balansoar-kumi-mesh-desert-cu-saltea\/#breadcrumb"},"inLanguage":"en-US","potentialAction":[{"@type":"ReadAction","target":["https:\/\/bunnyboo.ro\/produs\/patut-balansoar-kumi-mesh-desert-cu-saltea\/"]}]},{"@type":"ImageObject","inLanguage":"en-US","@id":"https:\/\/bunnyboo.ro\/produs\/patut-balansoar-kumi-mesh-desert-cu-saltea\/#primaryimage","url":"https:\/\/bunnyboo.ro\/wp-content\/uploads\/2023\/01\/kumi-mini-crib-desert3.jpeg","contentUrl":"https:\/\/bunnyboo.ro\/wp-content\/uploads\/2023\/01\/kumi-mini-crib-desert3.jpeg","width":1000,"height":1000,"caption":"kumi-mini-crib-desert3"},{"@type":"BreadcrumbList","@id":"https:\/\/bunnyboo.ro\/produs\/patut-balansoar-kumi-mesh-desert-cu-saltea\/#breadcrumb","itemListElement":[{"@type":"ListItem","position":1,"name":"Home","item":"https:\/\/bunnyboo.ro\/en\/"},{"@type":"ListItem","position":2,"name":"New","item":"https:\/\/bunnyboo.ro\/en\/shop\/"},{"@type":"ListItem","position":3,"name":"Patut Balansoar KUMI Mesh \/ Desert cu Saltea"}]},{"@type":"WebSite","@id":"https:\/\/bunnyboo.ro\/#website","url":"https:\/\/bunnyboo.ro\/","name":"Bunny Boo","description":"Bunny Boo","publisher":{"@id":"https:\/\/bunnyboo.ro\/#organization"},"potentialAction":[{"@type":"SearchAction","target":{"@type":"EntryPoint","urlTemplate":"https:\/\/bunnyboo.ro\/?s={search_term_string}"},"query-input":"required name=search_term_string"}],"inLanguage":"en-US"},{"@type":"Organization","@id":"https:\/\/bunnyboo.ro\/#organization","name":"Bunny Boo","url":"https:\/\/bunnyboo.ro\/","logo":{"@type":"ImageObject","inLanguage":"en-US","@id":"https:\/\/bunnyboo.ro\/#\/schema\/logo\/image\/","url":"https:\/\/bunnyboo.ro\/wp-content\/uploads\/2024\/03\/Logo-website-black.png","contentUrl":"https:\/\/bunnyboo.ro\/wp-content\/uploads\/2024\/03\/Logo-website-black.png","width":2422,"height":946,"caption":"Bunny Boo"},"image":{"@id":"https:\/\/bunnyboo.ro\/#\/schema\/logo\/image\/"}}]}},"_links":{"self":[{"href":"https:\/\/bunnyboo.ro\/en\/wp-json\/wp\/v2\/product\/5846","targetHints":{"allow":["GET"]}}],"collection":[{"href":"https:\/\/bunnyboo.ro\/en\/wp-json\/wp\/v2\/product"}],"about":[{"href":"https:\/\/bunnyboo.ro\/en\/wp-json\/wp\/v2\/types\/product"}],"replies":[{"embeddable":true,"href":"https:\/\/bunnyboo.ro\/en\/wp-json\/wp\/v2\/comments?post=5846"}],"wp:featuredmedia":[{"embeddable":true,"href":"https:\/\/bunnyboo.ro\/en\/wp-json\/wp\/v2\/media\/5840"}],"wp:attachment":[{"href":"https:\/\/bunnyboo.ro\/en\/wp-json\/wp\/v2\/media?parent=5846"}],"wp:term":[{"taxonomy":"product_brand","embeddable":true,"href":"https:\/\/bunnyboo.ro\/en\/wp-json\/wp\/v2\/product_brand?post=5846"},{"taxonomy":"product_cat","embeddable":true,"href":"https:\/\/bunnyboo.ro\/en\/wp-json\/wp\/v2\/product_cat?post=5846"},{"taxonomy":"product_tag","embeddable":true,"href":"https:\/\/bunnyboo.ro\/en\/wp-json\/wp\/v2\/product_tag?post=5846"}],"curies":[{"name":"wp","href":"https:\/\/api.w.org\/{rel}","templated":true}]}}