{"id":5838,"date":"2023-01-10T12:48:37","date_gmt":"2023-01-10T12:48:37","guid":{"rendered":"https:\/\/bunnyboo.ro\/product\/arc-cu-activitati-levo\/"},"modified":"2025-12-05T11:36:50","modified_gmt":"2025-12-05T09:36:50","slug":"arc-cu-activitati-levo","status":"publish","type":"product","link":"https:\/\/bunnyboo.ro\/en\/produs\/arc-cu-activitati-levo\/","title":{"rendered":"Arc de activitati LEVO"},"content":{"rendered":"<p>Arcul de activitati cu jucariile sale din lemn a fost proiectat pentru rockerul LEVO, este ideal pentru a stimula bebelusul inca de la nastere. Juc\u0103riile sale din lemn natural: nor, inel \u0219i margele de lemn vor permite copilului s\u0103 fie trezit \u0219i distrat \u00een propriul sau balansoar LEVO.<\/p>\n<p>Aceast\u0103 versiune din lemn de fag completeaz\u0103 balansoarul pentru bebelu\u0219i LEVO.<\/p>\n<p>Dimensiuni: 49 x 44 x 5 cm<\/p>\n<p><\/p>\n","protected":false},"excerpt":{"rendered":"<p>Arcul de activitati cu jucariile sale din lemn a fost proiectat pentru rockerul LEVO, este ideal pentru a stimula bebelusul inca de la nastere. Juc\u0103riile sale din lemn natural: nor, inel \u0219i margele de lemn vor permite copilului s\u0103 fie trezit \u0219i distrat \u00een propriul sau balansoar LEVO. Aceast\u0103 versiune din lemn de fag completeaz\u0103 [&hellip;]<\/p>\n","protected":false},"featured_media":5835,"comment_status":"open","ping_status":"closed","template":"","meta":{"site-sidebar-layout":"default","site-content-layout":"","ast-site-content-layout":"","site-content-style":"default","site-sidebar-style":"default","ast-global-header-display":"","ast-banner-title-visibility":"","ast-main-header-display":"","ast-hfb-above-header-display":"","ast-hfb-below-header-display":"","ast-hfb-mobile-header-display":"","site-post-title":"","ast-breadcrumbs-content":"","ast-featured-img":"","footer-sml-layout":"","theme-transparent-header-meta":"","adv-header-id-meta":"","stick-header-meta":"","header-above-stick-meta":"","header-main-stick-meta":"","header-below-stick-meta":"","astra-migrate-meta-layouts":"default","ast-page-background-enabled":"default","ast-page-background-meta":{"desktop":{"background-color":"","background-image":"","background-repeat":"repeat","background-position":"center center","background-size":"auto","background-attachment":"scroll","background-type":"","background-media":"","overlay-type":"","overlay-color":"","overlay-opacity":"","overlay-gradient":""},"tablet":{"background-color":"","background-image":"","background-repeat":"repeat","background-position":"center center","background-size":"auto","background-attachment":"scroll","background-type":"","background-media":"","overlay-type":"","overlay-color":"","overlay-opacity":"","overlay-gradient":""},"mobile":{"background-color":"","background-image":"","background-repeat":"repeat","background-position":"center center","background-size":"auto","background-attachment":"scroll","background-type":"","background-media":"","overlay-type":"","overlay-color":"","overlay-opacity":"","overlay-gradient":""}},"ast-content-background-meta":{"desktop":{"background-color":"var(--ast-global-color-5)","background-image":"","background-repeat":"repeat","background-position":"center center","background-size":"auto","background-attachment":"scroll","background-type":"","background-media":"","overlay-type":"","overlay-color":"","overlay-opacity":"","overlay-gradient":""},"tablet":{"background-color":"var(--ast-global-color-5)","background-image":"","background-repeat":"repeat","background-position":"center center","background-size":"auto","background-attachment":"scroll","background-type":"","background-media":"","overlay-type":"","overlay-color":"","overlay-opacity":"","overlay-gradient":""},"mobile":{"background-color":"var(--ast-global-color-5)","background-image":"","background-repeat":"repeat","background-position":"center center","background-size":"auto","background-attachment":"scroll","background-type":"","background-media":"","overlay-type":"","overlay-color":"","overlay-opacity":"","overlay-gradient":""}}},"product_brand":[],"product_cat":[69],"product_tag":[],"class_list":{"0":"post-5838","1":"product","2":"type-product","3":"status-publish","4":"has-post-thumbnail","6":"product_cat-must-have-pentru-bebelusul-tau","7":"desktop-align-left","8":"tablet-align-left","9":"mobile-align-left","10":"ast-product-gallery-layout-horizontal-slider","11":"ast-product-tabs-layout-vertical","12":"ast-qv-on-image","14":"first","15":"outofstock","16":"shipping-taxable","17":"purchasable","18":"product-type-simple"},"yoast_head":"<!-- This site is optimized with the Yoast SEO plugin v22.6 - https:\/\/yoast.com\/wordpress\/plugins\/seo\/ -->\n<title>Arc de activitati LEVO<\/title>\n<meta name=\"robots\" content=\"index, follow, max-snippet:-1, max-image-preview:large, max-video-preview:-1\" \/>\n<link rel=\"canonical\" href=\"https:\/\/bunnyboo.ro\/produs\/arc-cu-activitati-levo\/\" \/>\n<meta property=\"og:locale\" content=\"en_US\" \/>\n<meta property=\"og:type\" content=\"article\" \/>\n<meta property=\"og:title\" content=\"Arc de activitati LEVO\" \/>\n<meta property=\"og:description\" content=\"Arcul de activitati cu jucariile sale din lemn a fost proiectat pentru rockerul LEVO, este ideal pentru a stimula bebelusul inca de la nastere. Juc\u0103riile sale din lemn natural: nor, inel \u0219i margele de lemn vor permite copilului s\u0103 fie trezit \u0219i distrat \u00een propriul sau balansoar LEVO. Aceast\u0103 versiune din lemn de fag completeaz\u0103 [&hellip;]\" \/>\n<meta property=\"og:url\" content=\"https:\/\/bunnyboo.ro\/produs\/arc-cu-activitati-levo\/\" \/>\n<meta property=\"og:site_name\" content=\"Bunny Boo\" \/>\n<meta property=\"article:modified_time\" content=\"2025-12-05T09:36:50+00:00\" \/>\n<meta property=\"og:image\" content=\"https:\/\/bunnyboo.ro\/wp-content\/uploads\/2023\/01\/levo-beech-ark-with-wood-toys-charlie-crane.jpeg\" \/>\n\t<meta property=\"og:image:width\" content=\"800\" \/>\n\t<meta property=\"og:image:height\" content=\"800\" \/>\n\t<meta property=\"og:image:type\" content=\"image\/jpeg\" \/>\n<meta name=\"twitter:card\" content=\"summary_large_image\" \/>\n<script type=\"application\/ld+json\" class=\"yoast-schema-graph\">{\"@context\":\"https:\/\/schema.org\",\"@graph\":[{\"@type\":\"WebPage\",\"@id\":\"https:\/\/bunnyboo.ro\/produs\/arc-cu-activitati-levo\/\",\"url\":\"https:\/\/bunnyboo.ro\/produs\/arc-cu-activitati-levo\/\",\"name\":\"Arc de activitati LEVO\",\"isPartOf\":{\"@id\":\"https:\/\/bunnyboo.ro\/#website\"},\"primaryImageOfPage\":{\"@id\":\"https:\/\/bunnyboo.ro\/produs\/arc-cu-activitati-levo\/#primaryimage\"},\"image\":{\"@id\":\"https:\/\/bunnyboo.ro\/produs\/arc-cu-activitati-levo\/#primaryimage\"},\"thumbnailUrl\":\"https:\/\/bunnyboo.ro\/wp-content\/uploads\/2023\/01\/levo-beech-ark-with-wood-toys-charlie-crane.jpeg\",\"datePublished\":\"2023-01-10T12:48:37+00:00\",\"dateModified\":\"2025-12-05T09:36:50+00:00\",\"breadcrumb\":{\"@id\":\"https:\/\/bunnyboo.ro\/produs\/arc-cu-activitati-levo\/#breadcrumb\"},\"inLanguage\":\"en-US\",\"potentialAction\":[{\"@type\":\"ReadAction\",\"target\":[\"https:\/\/bunnyboo.ro\/produs\/arc-cu-activitati-levo\/\"]}]},{\"@type\":\"ImageObject\",\"inLanguage\":\"en-US\",\"@id\":\"https:\/\/bunnyboo.ro\/produs\/arc-cu-activitati-levo\/#primaryimage\",\"url\":\"https:\/\/bunnyboo.ro\/wp-content\/uploads\/2023\/01\/levo-beech-ark-with-wood-toys-charlie-crane.jpeg\",\"contentUrl\":\"https:\/\/bunnyboo.ro\/wp-content\/uploads\/2023\/01\/levo-beech-ark-with-wood-toys-charlie-crane.jpeg\",\"width\":800,\"height\":800,\"caption\":\"levo-beech-ark-with-wood-toys-charlie-crane\"},{\"@type\":\"BreadcrumbList\",\"@id\":\"https:\/\/bunnyboo.ro\/produs\/arc-cu-activitati-levo\/#breadcrumb\",\"itemListElement\":[{\"@type\":\"ListItem\",\"position\":1,\"name\":\"Home\",\"item\":\"https:\/\/bunnyboo.ro\/en\/\"},{\"@type\":\"ListItem\",\"position\":2,\"name\":\"New\",\"item\":\"https:\/\/bunnyboo.ro\/en\/shop\/\"},{\"@type\":\"ListItem\",\"position\":3,\"name\":\"Arc de activitati LEVO\"}]},{\"@type\":\"WebSite\",\"@id\":\"https:\/\/bunnyboo.ro\/#website\",\"url\":\"https:\/\/bunnyboo.ro\/\",\"name\":\"Bunny Boo\",\"description\":\"Bunny Boo\",\"publisher\":{\"@id\":\"https:\/\/bunnyboo.ro\/#organization\"},\"potentialAction\":[{\"@type\":\"SearchAction\",\"target\":{\"@type\":\"EntryPoint\",\"urlTemplate\":\"https:\/\/bunnyboo.ro\/?s={search_term_string}\"},\"query-input\":\"required name=search_term_string\"}],\"inLanguage\":\"en-US\"},{\"@type\":\"Organization\",\"@id\":\"https:\/\/bunnyboo.ro\/#organization\",\"name\":\"Bunny Boo\",\"url\":\"https:\/\/bunnyboo.ro\/\",\"logo\":{\"@type\":\"ImageObject\",\"inLanguage\":\"en-US\",\"@id\":\"https:\/\/bunnyboo.ro\/#\/schema\/logo\/image\/\",\"url\":\"https:\/\/bunnyboo.ro\/wp-content\/uploads\/2024\/03\/Logo-website-black.png\",\"contentUrl\":\"https:\/\/bunnyboo.ro\/wp-content\/uploads\/2024\/03\/Logo-website-black.png\",\"width\":2422,\"height\":946,\"caption\":\"Bunny Boo\"},\"image\":{\"@id\":\"https:\/\/bunnyboo.ro\/#\/schema\/logo\/image\/\"}}]}<\/script>\n<!-- \/ Yoast SEO plugin. -->","yoast_head_json":{"title":"Arc de activitati LEVO","robots":{"index":"index","follow":"follow","max-snippet":"max-snippet:-1","max-image-preview":"max-image-preview:large","max-video-preview":"max-video-preview:-1"},"canonical":"https:\/\/bunnyboo.ro\/produs\/arc-cu-activitati-levo\/","og_locale":"en_US","og_type":"article","og_title":"Arc de activitati LEVO","og_description":"Arcul de activitati cu jucariile sale din lemn a fost proiectat pentru rockerul LEVO, este ideal pentru a stimula bebelusul inca de la nastere. Juc\u0103riile sale din lemn natural: nor, inel \u0219i margele de lemn vor permite copilului s\u0103 fie trezit \u0219i distrat \u00een propriul sau balansoar LEVO. Aceast\u0103 versiune din lemn de fag completeaz\u0103 [&hellip;]","og_url":"https:\/\/bunnyboo.ro\/produs\/arc-cu-activitati-levo\/","og_site_name":"Bunny Boo","article_modified_time":"2025-12-05T09:36:50+00:00","og_image":[{"width":800,"height":800,"url":"https:\/\/bunnyboo.ro\/wp-content\/uploads\/2023\/01\/levo-beech-ark-with-wood-toys-charlie-crane.jpeg","type":"image\/jpeg"}],"twitter_card":"summary_large_image","schema":{"@context":"https:\/\/schema.org","@graph":[{"@type":"WebPage","@id":"https:\/\/bunnyboo.ro\/produs\/arc-cu-activitati-levo\/","url":"https:\/\/bunnyboo.ro\/produs\/arc-cu-activitati-levo\/","name":"Arc de activitati LEVO","isPartOf":{"@id":"https:\/\/bunnyboo.ro\/#website"},"primaryImageOfPage":{"@id":"https:\/\/bunnyboo.ro\/produs\/arc-cu-activitati-levo\/#primaryimage"},"image":{"@id":"https:\/\/bunnyboo.ro\/produs\/arc-cu-activitati-levo\/#primaryimage"},"thumbnailUrl":"https:\/\/bunnyboo.ro\/wp-content\/uploads\/2023\/01\/levo-beech-ark-with-wood-toys-charlie-crane.jpeg","datePublished":"2023-01-10T12:48:37+00:00","dateModified":"2025-12-05T09:36:50+00:00","breadcrumb":{"@id":"https:\/\/bunnyboo.ro\/produs\/arc-cu-activitati-levo\/#breadcrumb"},"inLanguage":"en-US","potentialAction":[{"@type":"ReadAction","target":["https:\/\/bunnyboo.ro\/produs\/arc-cu-activitati-levo\/"]}]},{"@type":"ImageObject","inLanguage":"en-US","@id":"https:\/\/bunnyboo.ro\/produs\/arc-cu-activitati-levo\/#primaryimage","url":"https:\/\/bunnyboo.ro\/wp-content\/uploads\/2023\/01\/levo-beech-ark-with-wood-toys-charlie-crane.jpeg","contentUrl":"https:\/\/bunnyboo.ro\/wp-content\/uploads\/2023\/01\/levo-beech-ark-with-wood-toys-charlie-crane.jpeg","width":800,"height":800,"caption":"levo-beech-ark-with-wood-toys-charlie-crane"},{"@type":"BreadcrumbList","@id":"https:\/\/bunnyboo.ro\/produs\/arc-cu-activitati-levo\/#breadcrumb","itemListElement":[{"@type":"ListItem","position":1,"name":"Home","item":"https:\/\/bunnyboo.ro\/en\/"},{"@type":"ListItem","position":2,"name":"New","item":"https:\/\/bunnyboo.ro\/en\/shop\/"},{"@type":"ListItem","position":3,"name":"Arc de activitati LEVO"}]},{"@type":"WebSite","@id":"https:\/\/bunnyboo.ro\/#website","url":"https:\/\/bunnyboo.ro\/","name":"Bunny Boo","description":"Bunny Boo","publisher":{"@id":"https:\/\/bunnyboo.ro\/#organization"},"potentialAction":[{"@type":"SearchAction","target":{"@type":"EntryPoint","urlTemplate":"https:\/\/bunnyboo.ro\/?s={search_term_string}"},"query-input":"required name=search_term_string"}],"inLanguage":"en-US"},{"@type":"Organization","@id":"https:\/\/bunnyboo.ro\/#organization","name":"Bunny Boo","url":"https:\/\/bunnyboo.ro\/","logo":{"@type":"ImageObject","inLanguage":"en-US","@id":"https:\/\/bunnyboo.ro\/#\/schema\/logo\/image\/","url":"https:\/\/bunnyboo.ro\/wp-content\/uploads\/2024\/03\/Logo-website-black.png","contentUrl":"https:\/\/bunnyboo.ro\/wp-content\/uploads\/2024\/03\/Logo-website-black.png","width":2422,"height":946,"caption":"Bunny Boo"},"image":{"@id":"https:\/\/bunnyboo.ro\/#\/schema\/logo\/image\/"}}]}},"_links":{"self":[{"href":"https:\/\/bunnyboo.ro\/en\/wp-json\/wp\/v2\/product\/5838","targetHints":{"allow":["GET"]}}],"collection":[{"href":"https:\/\/bunnyboo.ro\/en\/wp-json\/wp\/v2\/product"}],"about":[{"href":"https:\/\/bunnyboo.ro\/en\/wp-json\/wp\/v2\/types\/product"}],"replies":[{"embeddable":true,"href":"https:\/\/bunnyboo.ro\/en\/wp-json\/wp\/v2\/comments?post=5838"}],"wp:featuredmedia":[{"embeddable":true,"href":"https:\/\/bunnyboo.ro\/en\/wp-json\/wp\/v2\/media\/5835"}],"wp:attachment":[{"href":"https:\/\/bunnyboo.ro\/en\/wp-json\/wp\/v2\/media?parent=5838"}],"wp:term":[{"taxonomy":"product_brand","embeddable":true,"href":"https:\/\/bunnyboo.ro\/en\/wp-json\/wp\/v2\/product_brand?post=5838"},{"taxonomy":"product_cat","embeddable":true,"href":"https:\/\/bunnyboo.ro\/en\/wp-json\/wp\/v2\/product_cat?post=5838"},{"taxonomy":"product_tag","embeddable":true,"href":"https:\/\/bunnyboo.ro\/en\/wp-json\/wp\/v2\/product_tag?post=5838"}],"curies":[{"name":"wp","href":"https:\/\/api.w.org\/{rel}","templated":true}]}}