{"id":5820,"date":"2023-01-10T12:20:18","date_gmt":"2023-01-10T12:20:18","guid":{"rendered":"https:\/\/bunnyboo.ro\/product\/balansoar-levo-cu-perna-organic-white\/"},"modified":"2026-01-28T23:12:53","modified_gmt":"2026-01-28T21:12:53","slug":"balansoar-levo-cu-perna-organic-white","status":"publish","type":"product","link":"https:\/\/bunnyboo.ro\/en\/produs\/balansoar-levo-cu-perna-organic-white\/","title":{"rendered":"Balansoar pentru Bebelusi Levo cu perna Organic White"},"content":{"rendered":"<p>Un must have de la na\u0219tere p\u00e2n\u0103 la 7 luni, balansoarul LEVO se potrive\u0219te perfect in orice interior.<\/p>\n<p>&nbsp;<\/p>\n<p>Conceptul \u0219i designul s\u0103u din lemn contrasteaz\u0103 cu mobilierul obi\u0219nuit pentru copii. Leg\u0103natul natural urmareste \u00eencet mi\u0219c\u0103rile bebelu\u0219ilor.<\/p>\n<p>&nbsp;<\/p>\n<p>Scaunul LEVO este acum reglabil \u0219i permite pozi\u021bionarea hamului \u00een dou\u0103 pozi\u021bii diferite. Cu noul s\u0103u ham deta\u0219abil, LEVO se transform\u0103 \u00eentr-un balansoar frumos c\u00e2nd copilul cre\u0219te. Astfel, rockerul nostru se adapteaz\u0103 ritmului copilului, oferind mai mult confort pentru mul\u021bi ani de acum \u00eenainte.<\/p>\n<p>&nbsp;<\/p>\n<p>Aceast\u0103 versiune din lemn de fag cu perna Organic White este una dintre cele mai populare din colec\u021bia noastr\u0103. Perna Organic White este o \u021bes\u0103tur\u0103 organic\u0103 \u0219i netratat\u0103, are \u00een mod natural puncte mici \u0219i poate s\u0103 nu fie uniform\u0103.<\/p>\n<p>Dimensiuni: 38 x 70 x 45 cm.<\/p>\n","protected":false},"excerpt":{"rendered":"<p>Un must have de la na\u0219tere p\u00e2n\u0103 la 7 luni, balansoarul LEVO se potrive\u0219te perfect in orice interior. &nbsp; Conceptul \u0219i designul s\u0103u din lemn contrasteaz\u0103 cu mobilierul obi\u0219nuit pentru copii. Leg\u0103natul natural urmareste \u00eencet mi\u0219c\u0103rile bebelu\u0219ilor. &nbsp; Scaunul LEVO este acum reglabil \u0219i permite pozi\u021bionarea hamului \u00een dou\u0103 pozi\u021bii diferite. Cu noul s\u0103u ham [&hellip;]<\/p>\n","protected":false},"featured_media":5806,"comment_status":"open","ping_status":"closed","template":"","meta":{"site-sidebar-layout":"default","site-content-layout":"","ast-site-content-layout":"default","site-content-style":"default","site-sidebar-style":"default","ast-global-header-display":"","ast-banner-title-visibility":"","ast-main-header-display":"","ast-hfb-above-header-display":"","ast-hfb-below-header-display":"","ast-hfb-mobile-header-display":"","site-post-title":"","ast-breadcrumbs-content":"","ast-featured-img":"","footer-sml-layout":"","theme-transparent-header-meta":"default","adv-header-id-meta":"","stick-header-meta":"default","header-above-stick-meta":"","header-main-stick-meta":"","header-below-stick-meta":"","astra-migrate-meta-layouts":"set","ast-page-background-enabled":"default","ast-page-background-meta":{"desktop":{"background-color":"","background-image":"","background-repeat":"repeat","background-position":"center center","background-size":"auto","background-attachment":"scroll","background-type":"","background-media":"","overlay-type":"","overlay-color":"","overlay-opacity":"","overlay-gradient":""},"tablet":{"background-color":"","background-image":"","background-repeat":"repeat","background-position":"center center","background-size":"auto","background-attachment":"scroll","background-type":"","background-media":"","overlay-type":"","overlay-color":"","overlay-opacity":"","overlay-gradient":""},"mobile":{"background-color":"","background-image":"","background-repeat":"repeat","background-position":"center center","background-size":"auto","background-attachment":"scroll","background-type":"","background-media":"","overlay-type":"","overlay-color":"","overlay-opacity":"","overlay-gradient":""}},"ast-content-background-meta":{"desktop":{"background-color":"var(--ast-global-color-5)","background-image":"","background-repeat":"repeat","background-position":"center center","background-size":"auto","background-attachment":"scroll","background-type":"","background-media":"","overlay-type":"","overlay-color":"","overlay-opacity":"","overlay-gradient":""},"tablet":{"background-color":"var(--ast-global-color-5)","background-image":"","background-repeat":"repeat","background-position":"center center","background-size":"auto","background-attachment":"scroll","background-type":"","background-media":"","overlay-type":"","overlay-color":"","overlay-opacity":"","overlay-gradient":""},"mobile":{"background-color":"var(--ast-global-color-5)","background-image":"","background-repeat":"repeat","background-position":"center center","background-size":"auto","background-attachment":"scroll","background-type":"","background-media":"","overlay-type":"","overlay-color":"","overlay-opacity":"","overlay-gradient":""}}},"product_brand":[],"product_cat":[69],"product_tag":[],"class_list":{"0":"post-5820","1":"product","2":"type-product","3":"status-publish","4":"has-post-thumbnail","6":"product_cat-must-have-pentru-bebelusul-tau","7":"desktop-align-left","8":"tablet-align-left","9":"mobile-align-left","10":"ast-product-gallery-layout-horizontal-slider","11":"ast-product-tabs-layout-vertical","12":"ast-qv-on-image","14":"first","15":"onbackorder","16":"shipping-taxable","17":"purchasable","18":"product-type-simple"},"yoast_head":"<!-- This site is optimized with the Yoast SEO plugin v22.6 - https:\/\/yoast.com\/wordpress\/plugins\/seo\/ -->\n<title>Balansoar pentru Bebelusi Levo cu perna Organic White<\/title>\n<meta name=\"robots\" content=\"index, follow, max-snippet:-1, max-image-preview:large, max-video-preview:-1\" \/>\n<link rel=\"canonical\" href=\"https:\/\/bunnyboo.ro\/en\/produs\/balansoar-levo-cu-perna-organic-white\/\" \/>\n<meta property=\"og:locale\" content=\"en_US\" \/>\n<meta property=\"og:type\" content=\"article\" \/>\n<meta property=\"og:title\" content=\"Balansoar pentru Bebelusi Levo cu perna Organic White\" \/>\n<meta property=\"og:description\" content=\"Un must have de la na\u0219tere p\u00e2n\u0103 la 7 luni, balansoarul LEVO se potrive\u0219te perfect in orice interior. &nbsp; Conceptul \u0219i designul s\u0103u din lemn contrasteaz\u0103 cu mobilierul obi\u0219nuit pentru copii. Leg\u0103natul natural urmareste \u00eencet mi\u0219c\u0103rile bebelu\u0219ilor. &nbsp; Scaunul LEVO este acum reglabil \u0219i permite pozi\u021bionarea hamului \u00een dou\u0103 pozi\u021bii diferite. Cu noul s\u0103u ham [&hellip;]\" \/>\n<meta property=\"og:url\" content=\"https:\/\/bunnyboo.ro\/en\/produs\/balansoar-levo-cu-perna-organic-white\/\" \/>\n<meta property=\"og:site_name\" content=\"Bunny Boo\" \/>\n<meta property=\"article:modified_time\" content=\"2026-01-28T21:12:53+00:00\" \/>\n<meta property=\"og:image\" content=\"https:\/\/bunnyboo.ro\/wp-content\/uploads\/2023\/01\/CharlieCraneLEVORockerInBeechOrganicWhite1.jpeg\" \/>\n\t<meta property=\"og:image:width\" content=\"1200\" \/>\n\t<meta property=\"og:image:height\" content=\"1200\" \/>\n\t<meta property=\"og:image:type\" content=\"image\/jpeg\" \/>\n<meta name=\"twitter:card\" content=\"summary_large_image\" \/>\n<meta name=\"twitter:label1\" content=\"Est. reading time\" \/>\n\t<meta name=\"twitter:data1\" content=\"1 minute\" \/>\n<script type=\"application\/ld+json\" class=\"yoast-schema-graph\">{\"@context\":\"https:\/\/schema.org\",\"@graph\":[{\"@type\":\"WebPage\",\"@id\":\"https:\/\/bunnyboo.ro\/en\/produs\/balansoar-levo-cu-perna-organic-white\/\",\"url\":\"https:\/\/bunnyboo.ro\/en\/produs\/balansoar-levo-cu-perna-organic-white\/\",\"name\":\"Balansoar pentru Bebelusi Levo cu perna Organic White\",\"isPartOf\":{\"@id\":\"https:\/\/bunnyboo.ro\/#website\"},\"primaryImageOfPage\":{\"@id\":\"https:\/\/bunnyboo.ro\/en\/produs\/balansoar-levo-cu-perna-organic-white\/#primaryimage\"},\"image\":{\"@id\":\"https:\/\/bunnyboo.ro\/en\/produs\/balansoar-levo-cu-perna-organic-white\/#primaryimage\"},\"thumbnailUrl\":\"https:\/\/bunnyboo.ro\/wp-content\/uploads\/2023\/01\/CharlieCraneLEVORockerInBeechOrganicWhite1.jpeg\",\"datePublished\":\"2023-01-10T12:20:18+00:00\",\"dateModified\":\"2026-01-28T21:12:53+00:00\",\"breadcrumb\":{\"@id\":\"https:\/\/bunnyboo.ro\/en\/produs\/balansoar-levo-cu-perna-organic-white\/#breadcrumb\"},\"inLanguage\":\"en-US\",\"potentialAction\":[{\"@type\":\"ReadAction\",\"target\":[\"https:\/\/bunnyboo.ro\/en\/produs\/balansoar-levo-cu-perna-organic-white\/\"]}]},{\"@type\":\"ImageObject\",\"inLanguage\":\"en-US\",\"@id\":\"https:\/\/bunnyboo.ro\/en\/produs\/balansoar-levo-cu-perna-organic-white\/#primaryimage\",\"url\":\"https:\/\/bunnyboo.ro\/wp-content\/uploads\/2023\/01\/CharlieCraneLEVORockerInBeechOrganicWhite1.jpeg\",\"contentUrl\":\"https:\/\/bunnyboo.ro\/wp-content\/uploads\/2023\/01\/CharlieCraneLEVORockerInBeechOrganicWhite1.jpeg\",\"width\":1200,\"height\":1200,\"caption\":\"CharlieCraneLEVORockerInBeechOrganicWhite1\"},{\"@type\":\"BreadcrumbList\",\"@id\":\"https:\/\/bunnyboo.ro\/en\/produs\/balansoar-levo-cu-perna-organic-white\/#breadcrumb\",\"itemListElement\":[{\"@type\":\"ListItem\",\"position\":1,\"name\":\"Home\",\"item\":\"https:\/\/bunnyboo.ro\/en\/\"},{\"@type\":\"ListItem\",\"position\":2,\"name\":\"New\",\"item\":\"https:\/\/bunnyboo.ro\/en\/shop\/\"},{\"@type\":\"ListItem\",\"position\":3,\"name\":\"Balansoar pentru Bebelusi Levo cu perna Organic White\"}]},{\"@type\":\"WebSite\",\"@id\":\"https:\/\/bunnyboo.ro\/#website\",\"url\":\"https:\/\/bunnyboo.ro\/\",\"name\":\"Bunny Boo\",\"description\":\"Bunny Boo\",\"publisher\":{\"@id\":\"https:\/\/bunnyboo.ro\/#organization\"},\"potentialAction\":[{\"@type\":\"SearchAction\",\"target\":{\"@type\":\"EntryPoint\",\"urlTemplate\":\"https:\/\/bunnyboo.ro\/?s={search_term_string}\"},\"query-input\":\"required name=search_term_string\"}],\"inLanguage\":\"en-US\"},{\"@type\":\"Organization\",\"@id\":\"https:\/\/bunnyboo.ro\/#organization\",\"name\":\"Bunny Boo\",\"url\":\"https:\/\/bunnyboo.ro\/\",\"logo\":{\"@type\":\"ImageObject\",\"inLanguage\":\"en-US\",\"@id\":\"https:\/\/bunnyboo.ro\/#\/schema\/logo\/image\/\",\"url\":\"https:\/\/bunnyboo.ro\/wp-content\/uploads\/2024\/03\/Logo-website-black.png\",\"contentUrl\":\"https:\/\/bunnyboo.ro\/wp-content\/uploads\/2024\/03\/Logo-website-black.png\",\"width\":2422,\"height\":946,\"caption\":\"Bunny Boo\"},\"image\":{\"@id\":\"https:\/\/bunnyboo.ro\/#\/schema\/logo\/image\/\"}}]}<\/script>\n<!-- \/ Yoast SEO plugin. -->","yoast_head_json":{"title":"Balansoar pentru Bebelusi Levo cu perna Organic White","robots":{"index":"index","follow":"follow","max-snippet":"max-snippet:-1","max-image-preview":"max-image-preview:large","max-video-preview":"max-video-preview:-1"},"canonical":"https:\/\/bunnyboo.ro\/en\/produs\/balansoar-levo-cu-perna-organic-white\/","og_locale":"en_US","og_type":"article","og_title":"Balansoar pentru Bebelusi Levo cu perna Organic White","og_description":"Un must have de la na\u0219tere p\u00e2n\u0103 la 7 luni, balansoarul LEVO se potrive\u0219te perfect in orice interior. &nbsp; Conceptul \u0219i designul s\u0103u din lemn contrasteaz\u0103 cu mobilierul obi\u0219nuit pentru copii. Leg\u0103natul natural urmareste \u00eencet mi\u0219c\u0103rile bebelu\u0219ilor. &nbsp; Scaunul LEVO este acum reglabil \u0219i permite pozi\u021bionarea hamului \u00een dou\u0103 pozi\u021bii diferite. Cu noul s\u0103u ham [&hellip;]","og_url":"https:\/\/bunnyboo.ro\/en\/produs\/balansoar-levo-cu-perna-organic-white\/","og_site_name":"Bunny Boo","article_modified_time":"2026-01-28T21:12:53+00:00","og_image":[{"width":1200,"height":1200,"url":"https:\/\/bunnyboo.ro\/wp-content\/uploads\/2023\/01\/CharlieCraneLEVORockerInBeechOrganicWhite1.jpeg","type":"image\/jpeg"}],"twitter_card":"summary_large_image","twitter_misc":{"Est. reading time":"1 minute"},"schema":{"@context":"https:\/\/schema.org","@graph":[{"@type":"WebPage","@id":"https:\/\/bunnyboo.ro\/en\/produs\/balansoar-levo-cu-perna-organic-white\/","url":"https:\/\/bunnyboo.ro\/en\/produs\/balansoar-levo-cu-perna-organic-white\/","name":"Balansoar pentru Bebelusi Levo cu perna Organic White","isPartOf":{"@id":"https:\/\/bunnyboo.ro\/#website"},"primaryImageOfPage":{"@id":"https:\/\/bunnyboo.ro\/en\/produs\/balansoar-levo-cu-perna-organic-white\/#primaryimage"},"image":{"@id":"https:\/\/bunnyboo.ro\/en\/produs\/balansoar-levo-cu-perna-organic-white\/#primaryimage"},"thumbnailUrl":"https:\/\/bunnyboo.ro\/wp-content\/uploads\/2023\/01\/CharlieCraneLEVORockerInBeechOrganicWhite1.jpeg","datePublished":"2023-01-10T12:20:18+00:00","dateModified":"2026-01-28T21:12:53+00:00","breadcrumb":{"@id":"https:\/\/bunnyboo.ro\/en\/produs\/balansoar-levo-cu-perna-organic-white\/#breadcrumb"},"inLanguage":"en-US","potentialAction":[{"@type":"ReadAction","target":["https:\/\/bunnyboo.ro\/en\/produs\/balansoar-levo-cu-perna-organic-white\/"]}]},{"@type":"ImageObject","inLanguage":"en-US","@id":"https:\/\/bunnyboo.ro\/en\/produs\/balansoar-levo-cu-perna-organic-white\/#primaryimage","url":"https:\/\/bunnyboo.ro\/wp-content\/uploads\/2023\/01\/CharlieCraneLEVORockerInBeechOrganicWhite1.jpeg","contentUrl":"https:\/\/bunnyboo.ro\/wp-content\/uploads\/2023\/01\/CharlieCraneLEVORockerInBeechOrganicWhite1.jpeg","width":1200,"height":1200,"caption":"CharlieCraneLEVORockerInBeechOrganicWhite1"},{"@type":"BreadcrumbList","@id":"https:\/\/bunnyboo.ro\/en\/produs\/balansoar-levo-cu-perna-organic-white\/#breadcrumb","itemListElement":[{"@type":"ListItem","position":1,"name":"Home","item":"https:\/\/bunnyboo.ro\/en\/"},{"@type":"ListItem","position":2,"name":"New","item":"https:\/\/bunnyboo.ro\/en\/shop\/"},{"@type":"ListItem","position":3,"name":"Balansoar pentru Bebelusi Levo cu perna Organic White"}]},{"@type":"WebSite","@id":"https:\/\/bunnyboo.ro\/#website","url":"https:\/\/bunnyboo.ro\/","name":"Bunny Boo","description":"Bunny Boo","publisher":{"@id":"https:\/\/bunnyboo.ro\/#organization"},"potentialAction":[{"@type":"SearchAction","target":{"@type":"EntryPoint","urlTemplate":"https:\/\/bunnyboo.ro\/?s={search_term_string}"},"query-input":"required name=search_term_string"}],"inLanguage":"en-US"},{"@type":"Organization","@id":"https:\/\/bunnyboo.ro\/#organization","name":"Bunny Boo","url":"https:\/\/bunnyboo.ro\/","logo":{"@type":"ImageObject","inLanguage":"en-US","@id":"https:\/\/bunnyboo.ro\/#\/schema\/logo\/image\/","url":"https:\/\/bunnyboo.ro\/wp-content\/uploads\/2024\/03\/Logo-website-black.png","contentUrl":"https:\/\/bunnyboo.ro\/wp-content\/uploads\/2024\/03\/Logo-website-black.png","width":2422,"height":946,"caption":"Bunny Boo"},"image":{"@id":"https:\/\/bunnyboo.ro\/#\/schema\/logo\/image\/"}}]}},"_links":{"self":[{"href":"https:\/\/bunnyboo.ro\/en\/wp-json\/wp\/v2\/product\/5820","targetHints":{"allow":["GET"]}}],"collection":[{"href":"https:\/\/bunnyboo.ro\/en\/wp-json\/wp\/v2\/product"}],"about":[{"href":"https:\/\/bunnyboo.ro\/en\/wp-json\/wp\/v2\/types\/product"}],"replies":[{"embeddable":true,"href":"https:\/\/bunnyboo.ro\/en\/wp-json\/wp\/v2\/comments?post=5820"}],"wp:featuredmedia":[{"embeddable":true,"href":"https:\/\/bunnyboo.ro\/en\/wp-json\/wp\/v2\/media\/5806"}],"wp:attachment":[{"href":"https:\/\/bunnyboo.ro\/en\/wp-json\/wp\/v2\/media?parent=5820"}],"wp:term":[{"taxonomy":"product_brand","embeddable":true,"href":"https:\/\/bunnyboo.ro\/en\/wp-json\/wp\/v2\/product_brand?post=5820"},{"taxonomy":"product_cat","embeddable":true,"href":"https:\/\/bunnyboo.ro\/en\/wp-json\/wp\/v2\/product_cat?post=5820"},{"taxonomy":"product_tag","embeddable":true,"href":"https:\/\/bunnyboo.ro\/en\/wp-json\/wp\/v2\/product_tag?post=5820"}],"curies":[{"name":"wp","href":"https:\/\/api.w.org\/{rel}","templated":true}]}}