{"id":5156,"date":"2022-08-23T15:12:27","date_gmt":"2022-08-23T15:12:27","guid":{"rendered":"https:\/\/bunnyboo.ro\/product\/leokid-footmuff-eddy-sea-moss\/"},"modified":"2026-04-20T12:03:04","modified_gmt":"2026-04-20T09:03:04","slug":"leokid-footmuff-eddy-sea-moss","status":"publish","type":"product","link":"https:\/\/bunnyboo.ro\/en\/produs\/leokid-footmuff-eddy-sea-moss\/","title":{"rendered":"Leokid Footmuff Eddy Sea Moss"},"content":{"rendered":"<p>Sacul de toamna\/iarna Footmuff Leokid Light Eddy este f\u0103cut pentru bebelu\u0219i cu \u00een\u0103l\u021bimea de p\u00e2n\u0103 la 80 cm.<\/p>\n<p>Datorit\u0103 faptului ca este deosebit de usor \u0219i compact, accesoriul este perfect si usor de luat \u00een c\u0103l\u0103torie.<\/p>\n<p>Acesta men\u021bine c\u0103ldura corpului \u00een timpul plimb\u0103rilor \u0219i protejeaz\u0103 copilul de v\u00e2nt, ploaie \u0219i z\u0103pad\u0103.<\/p>\n<p>La modelul Eddy fermoarul cu protectie impotriva vantului se afla in partea de mijloc.<\/p>\n<p>Pe p\u0103r\u021bile laterale ale sacului exist\u0103 capse pentru a fixa gulerul deschis.<\/p>\n<p>Str\u00e2ngerea glugii cu \u0219iretul reglabil \u0219i protec\u021bia \u00eempotriva v\u00e2ntului permit p\u0103strarea c\u0103ldurii \u00een interiorul c\u0103ciulii.<\/p>\n<p>Sacul footmuff poate fi folosit \u00een fiecare p\u0103tu\u021b, c\u0103rucior \u0219i scaun auto cu centuri de siguran\u021b\u0103 \u00een trei \u0219i cinci puncte, deoarece are o form\u0103 clasic\u0103 \u0219i un sistem universal de fante pentru centurile de siguran\u021b\u0103.<\/p>\n<p>&nbsp;<\/p>\n<p>Brandul Leokid este apreciat pentru confort, c\u0103ldur\u0103, bucurie, design unic \u0219i detalii inteligente.<\/p>\n<p>&nbsp;<\/p>\n<p>Utilizare:<\/p>\n<p>Sacul Footmuff Leokid Light Compact poate fi folosit \u00een orice p\u0103tu\u021b, c\u0103rucior sau scaun auto. Pentru plimbari toamna, iarna, primavara si chiar si in serile de vara r\u0103coroase.<\/p>\n<p>&nbsp;<\/p>\n<p>CARACTERISTICI<\/p>\n<ul>\n<li>Pentru temperaturi de p\u00e2n\u0103 la -20\u02daC<\/li>\n<li>Dimensiune footmuff compact: 95 cm x 55 x 6 cm.<\/li>\n<li>Greutate light: 660 g.<\/li>\n<li>Umplutura hypoallergenica<\/li>\n<li>Fante pentru centurile de siguran\u021b\u0103 cu trei \u0219i cinci puncte: da.<\/li>\n<li>Str\u00e2ngerea glugii: da.<\/li>\n<li>Ata\u0219are la c\u0103rucior \u0219i elemente anti-alunecare: da.<\/li>\n<li>Fermoar la mijloc cu protectie impotriva vantului: da.<\/li>\n<li>Cusaturi impermeabile<\/li>\n<li>Elemente reflectorizante<\/li>\n<li>Capse pe p\u0103r\u021bile laterale ale c\u0103ciulii pentru fixarea gulerului: da.<\/li>\n<\/ul>\n<p>&nbsp;<\/p>\n<p>MATERIAL<\/p>\n<p>Exterior: 100% nailon.<\/p>\n<p>C\u0103ptu\u0219eal\u0103: 100% nailon.<\/p>\n<p>Umplutura: 100% poliester.<\/p>\n<p>&nbsp;<\/p>\n<p>A se pastra intr-un loc uscat si racoros.<\/p>\n<p>Usor de intretinut.<\/p>\n<p>Presp\u0103larea este obligatorie.<\/p>\n<p>Se spal\u0103 cu culori similare la 30 de grade. Nu sp\u0103la\u021bi pe dos. \u00cenchide\u021bi fermoarele \u00eenainte de sp\u0103lare. Asezati \u0219iretul elastic cu \u00eencuietoarea din plastic \u00een buzunarul special.<\/p>\n","protected":false},"excerpt":{"rendered":"<p>Sacul de toamna\/iarna Footmuff Leokid Light Eddy este f\u0103cut pentru bebelu\u0219i cu \u00een\u0103l\u021bimea de p\u00e2n\u0103 la 80 cm. Datorit\u0103 faptului ca este deosebit de usor \u0219i compact, accesoriul este perfect si usor de luat \u00een c\u0103l\u0103torie. Acesta men\u021bine c\u0103ldura corpului \u00een timpul plimb\u0103rilor \u0219i protejeaz\u0103 copilul de v\u00e2nt, ploaie \u0219i z\u0103pad\u0103. La modelul Eddy fermoarul [&hellip;]<\/p>\n","protected":false},"featured_media":35334,"comment_status":"open","ping_status":"closed","template":"","meta":{"site-sidebar-layout":"default","site-content-layout":"","ast-site-content-layout":"default","site-content-style":"default","site-sidebar-style":"default","ast-global-header-display":"","ast-banner-title-visibility":"","ast-main-header-display":"","ast-hfb-above-header-display":"","ast-hfb-below-header-display":"","ast-hfb-mobile-header-display":"","site-post-title":"","ast-breadcrumbs-content":"","ast-featured-img":"","footer-sml-layout":"","theme-transparent-header-meta":"default","adv-header-id-meta":"","stick-header-meta":"default","header-above-stick-meta":"","header-main-stick-meta":"","header-below-stick-meta":"","astra-migrate-meta-layouts":"set","ast-page-background-enabled":"default","ast-page-background-meta":{"desktop":{"background-color":"","background-image":"","background-repeat":"repeat","background-position":"center center","background-size":"auto","background-attachment":"scroll","background-type":"","background-media":"","overlay-type":"","overlay-color":"","overlay-opacity":"","overlay-gradient":""},"tablet":{"background-color":"","background-image":"","background-repeat":"repeat","background-position":"center center","background-size":"auto","background-attachment":"scroll","background-type":"","background-media":"","overlay-type":"","overlay-color":"","overlay-opacity":"","overlay-gradient":""},"mobile":{"background-color":"","background-image":"","background-repeat":"repeat","background-position":"center center","background-size":"auto","background-attachment":"scroll","background-type":"","background-media":"","overlay-type":"","overlay-color":"","overlay-opacity":"","overlay-gradient":""}},"ast-content-background-meta":{"desktop":{"background-color":"var(--ast-global-color-5)","background-image":"","background-repeat":"repeat","background-position":"center center","background-size":"auto","background-attachment":"scroll","background-type":"","background-media":"","overlay-type":"","overlay-color":"","overlay-opacity":"","overlay-gradient":""},"tablet":{"background-color":"var(--ast-global-color-5)","background-image":"","background-repeat":"repeat","background-position":"center center","background-size":"auto","background-attachment":"scroll","background-type":"","background-media":"","overlay-type":"","overlay-color":"","overlay-opacity":"","overlay-gradient":""},"mobile":{"background-color":"var(--ast-global-color-5)","background-image":"","background-repeat":"repeat","background-position":"center center","background-size":"auto","background-attachment":"scroll","background-type":"","background-media":"","overlay-type":"","overlay-color":"","overlay-opacity":"","overlay-gradient":""}}},"product_brand":[],"product_cat":[92,132],"product_tag":[],"class_list":{"0":"post-5156","1":"product","2":"type-product","3":"status-publish","4":"has-post-thumbnail","6":"product_cat-plimbari-confortabile-in-sezonul-rece","7":"product_cat-reduceri-pentru-tine","8":"desktop-align-left","9":"tablet-align-left","10":"mobile-align-left","11":"ast-product-gallery-layout-horizontal-slider","12":"ast-product-tabs-layout-vertical","13":"ast-qv-on-image","15":"first","16":"instock","17":"sale","18":"shipping-taxable","19":"purchasable","20":"product-type-simple"},"yoast_head":"<!-- This site is optimized with the Yoast SEO plugin v22.6 - https:\/\/yoast.com\/wordpress\/plugins\/seo\/ -->\n<title>Leokid Footmuff Eddy Sea Moss<\/title>\n<meta name=\"robots\" content=\"index, follow, max-snippet:-1, max-image-preview:large, max-video-preview:-1\" \/>\n<link rel=\"canonical\" href=\"https:\/\/bunnyboo.ro\/produs\/leokid-footmuff-eddy-sea-moss\/\" \/>\n<meta property=\"og:locale\" content=\"en_US\" \/>\n<meta property=\"og:type\" content=\"article\" \/>\n<meta property=\"og:title\" content=\"Leokid Footmuff Eddy Sea Moss\" \/>\n<meta property=\"og:description\" content=\"Sacul de toamna\/iarna Footmuff Leokid Light Eddy este f\u0103cut pentru bebelu\u0219i cu \u00een\u0103l\u021bimea de p\u00e2n\u0103 la 80 cm. Datorit\u0103 faptului ca este deosebit de usor \u0219i compact, accesoriul este perfect si usor de luat \u00een c\u0103l\u0103torie. Acesta men\u021bine c\u0103ldura corpului \u00een timpul plimb\u0103rilor \u0219i protejeaz\u0103 copilul de v\u00e2nt, ploaie \u0219i z\u0103pad\u0103. La modelul Eddy fermoarul [&hellip;]\" \/>\n<meta property=\"og:url\" content=\"https:\/\/bunnyboo.ro\/produs\/leokid-footmuff-eddy-sea-moss\/\" \/>\n<meta property=\"og:site_name\" content=\"Bunny Boo\" \/>\n<meta property=\"article:modified_time\" content=\"2026-04-20T09:03:04+00:00\" \/>\n<meta property=\"og:image\" content=\"https:\/\/bunnyboo.ro\/wp-content\/uploads\/2022\/08\/Top_all_konvert-scaled-removebg-preview.png\" \/>\n\t<meta property=\"og:image:width\" content=\"447\" \/>\n\t<meta property=\"og:image:height\" content=\"559\" \/>\n\t<meta property=\"og:image:type\" content=\"image\/png\" \/>\n<meta name=\"twitter:card\" content=\"summary_large_image\" \/>\n<meta name=\"twitter:label1\" content=\"Est. reading time\" \/>\n\t<meta name=\"twitter:data1\" content=\"2 minutes\" \/>\n<script type=\"application\/ld+json\" class=\"yoast-schema-graph\">{\"@context\":\"https:\/\/schema.org\",\"@graph\":[{\"@type\":\"WebPage\",\"@id\":\"https:\/\/bunnyboo.ro\/produs\/leokid-footmuff-eddy-sea-moss\/\",\"url\":\"https:\/\/bunnyboo.ro\/produs\/leokid-footmuff-eddy-sea-moss\/\",\"name\":\"Leokid Footmuff Eddy Sea Moss\",\"isPartOf\":{\"@id\":\"https:\/\/bunnyboo.ro\/#website\"},\"primaryImageOfPage\":{\"@id\":\"https:\/\/bunnyboo.ro\/produs\/leokid-footmuff-eddy-sea-moss\/#primaryimage\"},\"image\":{\"@id\":\"https:\/\/bunnyboo.ro\/produs\/leokid-footmuff-eddy-sea-moss\/#primaryimage\"},\"thumbnailUrl\":\"https:\/\/bunnyboo.ro\/wp-content\/uploads\/2022\/08\/Top_all_konvert-scaled-removebg-preview.png\",\"datePublished\":\"2022-08-23T15:12:27+00:00\",\"dateModified\":\"2026-04-20T09:03:04+00:00\",\"breadcrumb\":{\"@id\":\"https:\/\/bunnyboo.ro\/produs\/leokid-footmuff-eddy-sea-moss\/#breadcrumb\"},\"inLanguage\":\"en-US\",\"potentialAction\":[{\"@type\":\"ReadAction\",\"target\":[\"https:\/\/bunnyboo.ro\/produs\/leokid-footmuff-eddy-sea-moss\/\"]}]},{\"@type\":\"ImageObject\",\"inLanguage\":\"en-US\",\"@id\":\"https:\/\/bunnyboo.ro\/produs\/leokid-footmuff-eddy-sea-moss\/#primaryimage\",\"url\":\"https:\/\/bunnyboo.ro\/wp-content\/uploads\/2022\/08\/Top_all_konvert-scaled-removebg-preview.png\",\"contentUrl\":\"https:\/\/bunnyboo.ro\/wp-content\/uploads\/2022\/08\/Top_all_konvert-scaled-removebg-preview.png\",\"width\":447,\"height\":559},{\"@type\":\"BreadcrumbList\",\"@id\":\"https:\/\/bunnyboo.ro\/produs\/leokid-footmuff-eddy-sea-moss\/#breadcrumb\",\"itemListElement\":[{\"@type\":\"ListItem\",\"position\":1,\"name\":\"Home\",\"item\":\"https:\/\/bunnyboo.ro\/en\/\"},{\"@type\":\"ListItem\",\"position\":2,\"name\":\"New\",\"item\":\"https:\/\/bunnyboo.ro\/en\/shop\/\"},{\"@type\":\"ListItem\",\"position\":3,\"name\":\"Leokid Footmuff Eddy Sea Moss\"}]},{\"@type\":\"WebSite\",\"@id\":\"https:\/\/bunnyboo.ro\/#website\",\"url\":\"https:\/\/bunnyboo.ro\/\",\"name\":\"Bunny Boo\",\"description\":\"Bunny Boo\",\"publisher\":{\"@id\":\"https:\/\/bunnyboo.ro\/#organization\"},\"potentialAction\":[{\"@type\":\"SearchAction\",\"target\":{\"@type\":\"EntryPoint\",\"urlTemplate\":\"https:\/\/bunnyboo.ro\/?s={search_term_string}\"},\"query-input\":\"required name=search_term_string\"}],\"inLanguage\":\"en-US\"},{\"@type\":\"Organization\",\"@id\":\"https:\/\/bunnyboo.ro\/#organization\",\"name\":\"Bunny Boo\",\"url\":\"https:\/\/bunnyboo.ro\/\",\"logo\":{\"@type\":\"ImageObject\",\"inLanguage\":\"en-US\",\"@id\":\"https:\/\/bunnyboo.ro\/#\/schema\/logo\/image\/\",\"url\":\"https:\/\/bunnyboo.ro\/wp-content\/uploads\/2024\/03\/Logo-website-black.png\",\"contentUrl\":\"https:\/\/bunnyboo.ro\/wp-content\/uploads\/2024\/03\/Logo-website-black.png\",\"width\":2422,\"height\":946,\"caption\":\"Bunny Boo\"},\"image\":{\"@id\":\"https:\/\/bunnyboo.ro\/#\/schema\/logo\/image\/\"}}]}<\/script>\n<!-- \/ Yoast SEO plugin. -->","yoast_head_json":{"title":"Leokid Footmuff Eddy Sea Moss","robots":{"index":"index","follow":"follow","max-snippet":"max-snippet:-1","max-image-preview":"max-image-preview:large","max-video-preview":"max-video-preview:-1"},"canonical":"https:\/\/bunnyboo.ro\/produs\/leokid-footmuff-eddy-sea-moss\/","og_locale":"en_US","og_type":"article","og_title":"Leokid Footmuff Eddy Sea Moss","og_description":"Sacul de toamna\/iarna Footmuff Leokid Light Eddy este f\u0103cut pentru bebelu\u0219i cu \u00een\u0103l\u021bimea de p\u00e2n\u0103 la 80 cm. Datorit\u0103 faptului ca este deosebit de usor \u0219i compact, accesoriul este perfect si usor de luat \u00een c\u0103l\u0103torie. Acesta men\u021bine c\u0103ldura corpului \u00een timpul plimb\u0103rilor \u0219i protejeaz\u0103 copilul de v\u00e2nt, ploaie \u0219i z\u0103pad\u0103. La modelul Eddy fermoarul [&hellip;]","og_url":"https:\/\/bunnyboo.ro\/produs\/leokid-footmuff-eddy-sea-moss\/","og_site_name":"Bunny Boo","article_modified_time":"2026-04-20T09:03:04+00:00","og_image":[{"width":447,"height":559,"url":"https:\/\/bunnyboo.ro\/wp-content\/uploads\/2022\/08\/Top_all_konvert-scaled-removebg-preview.png","type":"image\/png"}],"twitter_card":"summary_large_image","twitter_misc":{"Est. reading time":"2 minutes"},"schema":{"@context":"https:\/\/schema.org","@graph":[{"@type":"WebPage","@id":"https:\/\/bunnyboo.ro\/produs\/leokid-footmuff-eddy-sea-moss\/","url":"https:\/\/bunnyboo.ro\/produs\/leokid-footmuff-eddy-sea-moss\/","name":"Leokid Footmuff Eddy Sea Moss","isPartOf":{"@id":"https:\/\/bunnyboo.ro\/#website"},"primaryImageOfPage":{"@id":"https:\/\/bunnyboo.ro\/produs\/leokid-footmuff-eddy-sea-moss\/#primaryimage"},"image":{"@id":"https:\/\/bunnyboo.ro\/produs\/leokid-footmuff-eddy-sea-moss\/#primaryimage"},"thumbnailUrl":"https:\/\/bunnyboo.ro\/wp-content\/uploads\/2022\/08\/Top_all_konvert-scaled-removebg-preview.png","datePublished":"2022-08-23T15:12:27+00:00","dateModified":"2026-04-20T09:03:04+00:00","breadcrumb":{"@id":"https:\/\/bunnyboo.ro\/produs\/leokid-footmuff-eddy-sea-moss\/#breadcrumb"},"inLanguage":"en-US","potentialAction":[{"@type":"ReadAction","target":["https:\/\/bunnyboo.ro\/produs\/leokid-footmuff-eddy-sea-moss\/"]}]},{"@type":"ImageObject","inLanguage":"en-US","@id":"https:\/\/bunnyboo.ro\/produs\/leokid-footmuff-eddy-sea-moss\/#primaryimage","url":"https:\/\/bunnyboo.ro\/wp-content\/uploads\/2022\/08\/Top_all_konvert-scaled-removebg-preview.png","contentUrl":"https:\/\/bunnyboo.ro\/wp-content\/uploads\/2022\/08\/Top_all_konvert-scaled-removebg-preview.png","width":447,"height":559},{"@type":"BreadcrumbList","@id":"https:\/\/bunnyboo.ro\/produs\/leokid-footmuff-eddy-sea-moss\/#breadcrumb","itemListElement":[{"@type":"ListItem","position":1,"name":"Home","item":"https:\/\/bunnyboo.ro\/en\/"},{"@type":"ListItem","position":2,"name":"New","item":"https:\/\/bunnyboo.ro\/en\/shop\/"},{"@type":"ListItem","position":3,"name":"Leokid Footmuff Eddy Sea Moss"}]},{"@type":"WebSite","@id":"https:\/\/bunnyboo.ro\/#website","url":"https:\/\/bunnyboo.ro\/","name":"Bunny Boo","description":"Bunny Boo","publisher":{"@id":"https:\/\/bunnyboo.ro\/#organization"},"potentialAction":[{"@type":"SearchAction","target":{"@type":"EntryPoint","urlTemplate":"https:\/\/bunnyboo.ro\/?s={search_term_string}"},"query-input":"required name=search_term_string"}],"inLanguage":"en-US"},{"@type":"Organization","@id":"https:\/\/bunnyboo.ro\/#organization","name":"Bunny Boo","url":"https:\/\/bunnyboo.ro\/","logo":{"@type":"ImageObject","inLanguage":"en-US","@id":"https:\/\/bunnyboo.ro\/#\/schema\/logo\/image\/","url":"https:\/\/bunnyboo.ro\/wp-content\/uploads\/2024\/03\/Logo-website-black.png","contentUrl":"https:\/\/bunnyboo.ro\/wp-content\/uploads\/2024\/03\/Logo-website-black.png","width":2422,"height":946,"caption":"Bunny Boo"},"image":{"@id":"https:\/\/bunnyboo.ro\/#\/schema\/logo\/image\/"}}]}},"_links":{"self":[{"href":"https:\/\/bunnyboo.ro\/en\/wp-json\/wp\/v2\/product\/5156","targetHints":{"allow":["GET"]}}],"collection":[{"href":"https:\/\/bunnyboo.ro\/en\/wp-json\/wp\/v2\/product"}],"about":[{"href":"https:\/\/bunnyboo.ro\/en\/wp-json\/wp\/v2\/types\/product"}],"replies":[{"embeddable":true,"href":"https:\/\/bunnyboo.ro\/en\/wp-json\/wp\/v2\/comments?post=5156"}],"wp:featuredmedia":[{"embeddable":true,"href":"https:\/\/bunnyboo.ro\/en\/wp-json\/wp\/v2\/media\/35334"}],"wp:attachment":[{"href":"https:\/\/bunnyboo.ro\/en\/wp-json\/wp\/v2\/media?parent=5156"}],"wp:term":[{"taxonomy":"product_brand","embeddable":true,"href":"https:\/\/bunnyboo.ro\/en\/wp-json\/wp\/v2\/product_brand?post=5156"},{"taxonomy":"product_cat","embeddable":true,"href":"https:\/\/bunnyboo.ro\/en\/wp-json\/wp\/v2\/product_cat?post=5156"},{"taxonomy":"product_tag","embeddable":true,"href":"https:\/\/bunnyboo.ro\/en\/wp-json\/wp\/v2\/product_tag?post=5156"}],"curies":[{"name":"wp","href":"https:\/\/api.w.org\/{rel}","templated":true}]}}