{"id":5061,"date":"2022-08-03T16:57:25","date_gmt":"2022-08-03T16:57:25","guid":{"rendered":"https:\/\/bunnyboo.ro\/product\/ghirlanda-stelute\/"},"modified":"2025-11-11T13:03:26","modified_gmt":"2025-11-11T11:03:26","slug":"ghirlanda-stelute","status":"publish","type":"product","link":"https:\/\/bunnyboo.ro\/en\/produs\/ghirlanda-stelute\/","title":{"rendered":"Ghirlanda Stars Silver &#8211; Spinkie"},"content":{"rendered":"<div>Deosebita! \u00cen fiecare palat \u0219i fiecare camer\u0103 regal\u0103, ghirlandele eviden\u021biaz\u0103 m\u0103re\u021bia micului prin\u021b sau micutei prin\u021bese \u0219i a micului cavaler sau z\u00e2ne. Acela\u0219i lucru este valabil \u0219i pentru re\u0219edin\u021bele de var\u0103 \u0219i corturile temporare din gr\u0103din\u0103!<\/div>\n<div>Ghirlandele sunt un ornament pentru orice interior. Le pute\u021bi folosi pentru a face parte din decorul pentru un spectacol de p\u0103pu\u0219i, o petrecere de ziua de na\u0219tere sau un bal mascat. Pot transforma camera unui copil \u00eentr-un regat magic, creand o atmosfer\u0103 de basm pentru citirea unei c\u0103r\u021bi la culcare.<\/div>\n<div><\/div>\n<div>Ghirlandele sunt un accesoriu minunat pentru baldachin, p\u0103tu\u021b, cort de joaca, ca decora\u021biuni de perete sau pe fereastr\u0103.<\/div>\n<div><\/div>\n<div>Fiecare ghirlanda are 2 metri si 8 stelute.<\/div>\n<div><\/div>\n<p style=\"margin-bottom: 10px;\"><span style=\"background-color: #f8f9fa; color: #202124; font-family: inherit; font-size: 28px; white-space: pre-wrap;\">\u00a0<\/span><\/p>\n","protected":false},"excerpt":{"rendered":"<p>Deosebita! \u00cen fiecare palat \u0219i fiecare camer\u0103 regal\u0103, ghirlandele eviden\u021biaz\u0103 m\u0103re\u021bia micului prin\u021b sau micutei prin\u021bese \u0219i a micului cavaler sau z\u00e2ne. Acela\u0219i lucru este valabil \u0219i pentru re\u0219edin\u021bele de var\u0103 \u0219i corturile temporare din gr\u0103din\u0103! Ghirlandele sunt un ornament pentru orice interior. Le pute\u021bi folosi pentru a face parte din decorul pentru un spectacol [&hellip;]<\/p>\n","protected":false},"featured_media":5060,"comment_status":"open","ping_status":"closed","template":"","meta":{"site-sidebar-layout":"default","site-content-layout":"","ast-site-content-layout":"default","site-content-style":"default","site-sidebar-style":"default","ast-global-header-display":"","ast-banner-title-visibility":"","ast-main-header-display":"","ast-hfb-above-header-display":"","ast-hfb-below-header-display":"","ast-hfb-mobile-header-display":"","site-post-title":"","ast-breadcrumbs-content":"","ast-featured-img":"","footer-sml-layout":"","theme-transparent-header-meta":"default","adv-header-id-meta":"","stick-header-meta":"default","header-above-stick-meta":"","header-main-stick-meta":"","header-below-stick-meta":"","astra-migrate-meta-layouts":"set","ast-page-background-enabled":"default","ast-page-background-meta":{"desktop":{"background-color":"","background-image":"","background-repeat":"repeat","background-position":"center center","background-size":"auto","background-attachment":"scroll","background-type":"","background-media":"","overlay-type":"","overlay-color":"","overlay-opacity":"","overlay-gradient":""},"tablet":{"background-color":"","background-image":"","background-repeat":"repeat","background-position":"center center","background-size":"auto","background-attachment":"scroll","background-type":"","background-media":"","overlay-type":"","overlay-color":"","overlay-opacity":"","overlay-gradient":""},"mobile":{"background-color":"","background-image":"","background-repeat":"repeat","background-position":"center center","background-size":"auto","background-attachment":"scroll","background-type":"","background-media":"","overlay-type":"","overlay-color":"","overlay-opacity":"","overlay-gradient":""}},"ast-content-background-meta":{"desktop":{"background-color":"var(--ast-global-color-5)","background-image":"","background-repeat":"repeat","background-position":"center center","background-size":"auto","background-attachment":"scroll","background-type":"","background-media":"","overlay-type":"","overlay-color":"","overlay-opacity":"","overlay-gradient":""},"tablet":{"background-color":"var(--ast-global-color-5)","background-image":"","background-repeat":"repeat","background-position":"center center","background-size":"auto","background-attachment":"scroll","background-type":"","background-media":"","overlay-type":"","overlay-color":"","overlay-opacity":"","overlay-gradient":""},"mobile":{"background-color":"var(--ast-global-color-5)","background-image":"","background-repeat":"repeat","background-position":"center center","background-size":"auto","background-attachment":"scroll","background-type":"","background-media":"","overlay-type":"","overlay-color":"","overlay-opacity":"","overlay-gradient":""}}},"product_brand":[],"product_cat":[293,59,113],"product_tag":[],"class_list":{"0":"post-5061","1":"product","2":"type-product","3":"status-publish","4":"has-post-thumbnail","6":"product_cat-decoratiuni-fairytale-si-jucarii-minunate","7":"product_cat-decoratiuni-pentru-o-camera-perfecta","8":"product_cat-baldachine-delicate-pentru-camera-micutului","9":"pa_culoare-ivory","10":"pa_culoare-silver","11":"desktop-align-left","12":"tablet-align-left","13":"mobile-align-left","14":"ast-product-gallery-layout-horizontal-slider","15":"ast-product-gallery-with-no-image","16":"ast-product-tabs-layout-vertical","17":"ast-qv-on-image","19":"first","20":"instock","21":"shipping-taxable","22":"purchasable","23":"product-type-simple"},"yoast_head":"<!-- This site is optimized with the Yoast SEO plugin v22.6 - https:\/\/yoast.com\/wordpress\/plugins\/seo\/ -->\n<title>Ghirlanda Stars Silver - Spinkie<\/title>\n<meta name=\"robots\" content=\"index, follow, max-snippet:-1, max-image-preview:large, max-video-preview:-1\" \/>\n<link rel=\"canonical\" href=\"https:\/\/bunnyboo.ro\/produs\/ghirlanda-stelute\/\" \/>\n<meta property=\"og:locale\" content=\"en_US\" \/>\n<meta property=\"og:type\" content=\"article\" \/>\n<meta property=\"og:title\" content=\"Ghirlanda Stars Silver - Spinkie\" \/>\n<meta property=\"og:description\" content=\"Deosebita! \u00cen fiecare palat \u0219i fiecare camer\u0103 regal\u0103, ghirlandele eviden\u021biaz\u0103 m\u0103re\u021bia micului prin\u021b sau micutei prin\u021bese \u0219i a micului cavaler sau z\u00e2ne. Acela\u0219i lucru este valabil \u0219i pentru re\u0219edin\u021bele de var\u0103 \u0219i corturile temporare din gr\u0103din\u0103! Ghirlandele sunt un ornament pentru orice interior. Le pute\u021bi folosi pentru a face parte din decorul pentru un spectacol [&hellip;]\" \/>\n<meta property=\"og:url\" content=\"https:\/\/bunnyboo.ro\/produs\/ghirlanda-stelute\/\" \/>\n<meta property=\"og:site_name\" content=\"Bunny Boo\" \/>\n<meta property=\"article:modified_time\" content=\"2025-11-11T11:03:26+00:00\" \/>\n<meta property=\"og:image\" content=\"https:\/\/bunnyboo.ro\/wp-content\/uploads\/2022\/08\/WhatsApp-Image-2022-08-03-at-5.02.04-PM-2.jpeg\" \/>\n\t<meta property=\"og:image:width\" content=\"1080\" \/>\n\t<meta property=\"og:image:height\" content=\"1080\" \/>\n\t<meta property=\"og:image:type\" content=\"image\/jpeg\" \/>\n<meta name=\"twitter:card\" content=\"summary_large_image\" \/>\n<meta name=\"twitter:label1\" content=\"Est. reading time\" \/>\n\t<meta name=\"twitter:data1\" content=\"1 minute\" \/>\n<script type=\"application\/ld+json\" class=\"yoast-schema-graph\">{\"@context\":\"https:\/\/schema.org\",\"@graph\":[{\"@type\":\"WebPage\",\"@id\":\"https:\/\/bunnyboo.ro\/produs\/ghirlanda-stelute\/\",\"url\":\"https:\/\/bunnyboo.ro\/produs\/ghirlanda-stelute\/\",\"name\":\"Ghirlanda Stars Silver - Spinkie\",\"isPartOf\":{\"@id\":\"https:\/\/bunnyboo.ro\/#website\"},\"primaryImageOfPage\":{\"@id\":\"https:\/\/bunnyboo.ro\/produs\/ghirlanda-stelute\/#primaryimage\"},\"image\":{\"@id\":\"https:\/\/bunnyboo.ro\/produs\/ghirlanda-stelute\/#primaryimage\"},\"thumbnailUrl\":\"https:\/\/bunnyboo.ro\/wp-content\/uploads\/2022\/08\/WhatsApp-Image-2022-08-03-at-5.02.04-PM-2.jpeg\",\"datePublished\":\"2022-08-03T16:57:25+00:00\",\"dateModified\":\"2025-11-11T11:03:26+00:00\",\"breadcrumb\":{\"@id\":\"https:\/\/bunnyboo.ro\/produs\/ghirlanda-stelute\/#breadcrumb\"},\"inLanguage\":\"en-US\",\"potentialAction\":[{\"@type\":\"ReadAction\",\"target\":[\"https:\/\/bunnyboo.ro\/produs\/ghirlanda-stelute\/\"]}]},{\"@type\":\"ImageObject\",\"inLanguage\":\"en-US\",\"@id\":\"https:\/\/bunnyboo.ro\/produs\/ghirlanda-stelute\/#primaryimage\",\"url\":\"https:\/\/bunnyboo.ro\/wp-content\/uploads\/2022\/08\/WhatsApp-Image-2022-08-03-at-5.02.04-PM-2.jpeg\",\"contentUrl\":\"https:\/\/bunnyboo.ro\/wp-content\/uploads\/2022\/08\/WhatsApp-Image-2022-08-03-at-5.02.04-PM-2.jpeg\",\"width\":1080,\"height\":1080,\"caption\":\"WhatsApp Image 2022-08-03 at 5\"},{\"@type\":\"BreadcrumbList\",\"@id\":\"https:\/\/bunnyboo.ro\/produs\/ghirlanda-stelute\/#breadcrumb\",\"itemListElement\":[{\"@type\":\"ListItem\",\"position\":1,\"name\":\"Home\",\"item\":\"https:\/\/bunnyboo.ro\/en\/\"},{\"@type\":\"ListItem\",\"position\":2,\"name\":\"New\",\"item\":\"https:\/\/bunnyboo.ro\/en\/shop\/\"},{\"@type\":\"ListItem\",\"position\":3,\"name\":\"Ghirlanda Stars Silver &#8211; Spinkie\"}]},{\"@type\":\"WebSite\",\"@id\":\"https:\/\/bunnyboo.ro\/#website\",\"url\":\"https:\/\/bunnyboo.ro\/\",\"name\":\"Bunny Boo\",\"description\":\"Bunny Boo\",\"publisher\":{\"@id\":\"https:\/\/bunnyboo.ro\/#organization\"},\"potentialAction\":[{\"@type\":\"SearchAction\",\"target\":{\"@type\":\"EntryPoint\",\"urlTemplate\":\"https:\/\/bunnyboo.ro\/?s={search_term_string}\"},\"query-input\":\"required name=search_term_string\"}],\"inLanguage\":\"en-US\"},{\"@type\":\"Organization\",\"@id\":\"https:\/\/bunnyboo.ro\/#organization\",\"name\":\"Bunny Boo\",\"url\":\"https:\/\/bunnyboo.ro\/\",\"logo\":{\"@type\":\"ImageObject\",\"inLanguage\":\"en-US\",\"@id\":\"https:\/\/bunnyboo.ro\/#\/schema\/logo\/image\/\",\"url\":\"https:\/\/bunnyboo.ro\/wp-content\/uploads\/2024\/03\/Logo-website-black.png\",\"contentUrl\":\"https:\/\/bunnyboo.ro\/wp-content\/uploads\/2024\/03\/Logo-website-black.png\",\"width\":2422,\"height\":946,\"caption\":\"Bunny Boo\"},\"image\":{\"@id\":\"https:\/\/bunnyboo.ro\/#\/schema\/logo\/image\/\"}}]}<\/script>\n<!-- \/ Yoast SEO plugin. -->","yoast_head_json":{"title":"Ghirlanda Stars Silver - Spinkie","robots":{"index":"index","follow":"follow","max-snippet":"max-snippet:-1","max-image-preview":"max-image-preview:large","max-video-preview":"max-video-preview:-1"},"canonical":"https:\/\/bunnyboo.ro\/produs\/ghirlanda-stelute\/","og_locale":"en_US","og_type":"article","og_title":"Ghirlanda Stars Silver - Spinkie","og_description":"Deosebita! \u00cen fiecare palat \u0219i fiecare camer\u0103 regal\u0103, ghirlandele eviden\u021biaz\u0103 m\u0103re\u021bia micului prin\u021b sau micutei prin\u021bese \u0219i a micului cavaler sau z\u00e2ne. Acela\u0219i lucru este valabil \u0219i pentru re\u0219edin\u021bele de var\u0103 \u0219i corturile temporare din gr\u0103din\u0103! Ghirlandele sunt un ornament pentru orice interior. Le pute\u021bi folosi pentru a face parte din decorul pentru un spectacol [&hellip;]","og_url":"https:\/\/bunnyboo.ro\/produs\/ghirlanda-stelute\/","og_site_name":"Bunny Boo","article_modified_time":"2025-11-11T11:03:26+00:00","og_image":[{"width":1080,"height":1080,"url":"https:\/\/bunnyboo.ro\/wp-content\/uploads\/2022\/08\/WhatsApp-Image-2022-08-03-at-5.02.04-PM-2.jpeg","type":"image\/jpeg"}],"twitter_card":"summary_large_image","twitter_misc":{"Est. reading time":"1 minute"},"schema":{"@context":"https:\/\/schema.org","@graph":[{"@type":"WebPage","@id":"https:\/\/bunnyboo.ro\/produs\/ghirlanda-stelute\/","url":"https:\/\/bunnyboo.ro\/produs\/ghirlanda-stelute\/","name":"Ghirlanda Stars Silver - Spinkie","isPartOf":{"@id":"https:\/\/bunnyboo.ro\/#website"},"primaryImageOfPage":{"@id":"https:\/\/bunnyboo.ro\/produs\/ghirlanda-stelute\/#primaryimage"},"image":{"@id":"https:\/\/bunnyboo.ro\/produs\/ghirlanda-stelute\/#primaryimage"},"thumbnailUrl":"https:\/\/bunnyboo.ro\/wp-content\/uploads\/2022\/08\/WhatsApp-Image-2022-08-03-at-5.02.04-PM-2.jpeg","datePublished":"2022-08-03T16:57:25+00:00","dateModified":"2025-11-11T11:03:26+00:00","breadcrumb":{"@id":"https:\/\/bunnyboo.ro\/produs\/ghirlanda-stelute\/#breadcrumb"},"inLanguage":"en-US","potentialAction":[{"@type":"ReadAction","target":["https:\/\/bunnyboo.ro\/produs\/ghirlanda-stelute\/"]}]},{"@type":"ImageObject","inLanguage":"en-US","@id":"https:\/\/bunnyboo.ro\/produs\/ghirlanda-stelute\/#primaryimage","url":"https:\/\/bunnyboo.ro\/wp-content\/uploads\/2022\/08\/WhatsApp-Image-2022-08-03-at-5.02.04-PM-2.jpeg","contentUrl":"https:\/\/bunnyboo.ro\/wp-content\/uploads\/2022\/08\/WhatsApp-Image-2022-08-03-at-5.02.04-PM-2.jpeg","width":1080,"height":1080,"caption":"WhatsApp Image 2022-08-03 at 5"},{"@type":"BreadcrumbList","@id":"https:\/\/bunnyboo.ro\/produs\/ghirlanda-stelute\/#breadcrumb","itemListElement":[{"@type":"ListItem","position":1,"name":"Home","item":"https:\/\/bunnyboo.ro\/en\/"},{"@type":"ListItem","position":2,"name":"New","item":"https:\/\/bunnyboo.ro\/en\/shop\/"},{"@type":"ListItem","position":3,"name":"Ghirlanda Stars Silver &#8211; Spinkie"}]},{"@type":"WebSite","@id":"https:\/\/bunnyboo.ro\/#website","url":"https:\/\/bunnyboo.ro\/","name":"Bunny Boo","description":"Bunny Boo","publisher":{"@id":"https:\/\/bunnyboo.ro\/#organization"},"potentialAction":[{"@type":"SearchAction","target":{"@type":"EntryPoint","urlTemplate":"https:\/\/bunnyboo.ro\/?s={search_term_string}"},"query-input":"required name=search_term_string"}],"inLanguage":"en-US"},{"@type":"Organization","@id":"https:\/\/bunnyboo.ro\/#organization","name":"Bunny Boo","url":"https:\/\/bunnyboo.ro\/","logo":{"@type":"ImageObject","inLanguage":"en-US","@id":"https:\/\/bunnyboo.ro\/#\/schema\/logo\/image\/","url":"https:\/\/bunnyboo.ro\/wp-content\/uploads\/2024\/03\/Logo-website-black.png","contentUrl":"https:\/\/bunnyboo.ro\/wp-content\/uploads\/2024\/03\/Logo-website-black.png","width":2422,"height":946,"caption":"Bunny Boo"},"image":{"@id":"https:\/\/bunnyboo.ro\/#\/schema\/logo\/image\/"}}]}},"_links":{"self":[{"href":"https:\/\/bunnyboo.ro\/en\/wp-json\/wp\/v2\/product\/5061","targetHints":{"allow":["GET"]}}],"collection":[{"href":"https:\/\/bunnyboo.ro\/en\/wp-json\/wp\/v2\/product"}],"about":[{"href":"https:\/\/bunnyboo.ro\/en\/wp-json\/wp\/v2\/types\/product"}],"replies":[{"embeddable":true,"href":"https:\/\/bunnyboo.ro\/en\/wp-json\/wp\/v2\/comments?post=5061"}],"wp:featuredmedia":[{"embeddable":true,"href":"https:\/\/bunnyboo.ro\/en\/wp-json\/wp\/v2\/media\/5060"}],"wp:attachment":[{"href":"https:\/\/bunnyboo.ro\/en\/wp-json\/wp\/v2\/media?parent=5061"}],"wp:term":[{"taxonomy":"product_brand","embeddable":true,"href":"https:\/\/bunnyboo.ro\/en\/wp-json\/wp\/v2\/product_brand?post=5061"},{"taxonomy":"product_cat","embeddable":true,"href":"https:\/\/bunnyboo.ro\/en\/wp-json\/wp\/v2\/product_cat?post=5061"},{"taxonomy":"product_tag","embeddable":true,"href":"https:\/\/bunnyboo.ro\/en\/wp-json\/wp\/v2\/product_tag?post=5061"}],"curies":[{"name":"wp","href":"https:\/\/api.w.org\/{rel}","templated":true}]}}