{"id":4791,"date":"2022-05-17T11:33:15","date_gmt":"2022-05-17T11:33:15","guid":{"rendered":"https:\/\/bunnyboo.ro\/product\/husa-respirabila-3d-pentru-carucior-leokid-iceland-story\/"},"modified":"2026-02-02T11:03:24","modified_gmt":"2026-02-02T09:03:24","slug":"husa-respirabila-3d-pentru-carucior-leokid-iceland-story","status":"publish","type":"product","link":"https:\/\/bunnyboo.ro\/en\/produs\/husa-respirabila-3d-pentru-carucior-leokid-iceland-story\/","title":{"rendered":"Husa Respirabil\u0103 3D pentru C\u0103rucior Leokid &#8211; Iceland story"},"content":{"rendered":"<p style=\"margin-bottom: 1rem;\">Protectia Respirabil\u0103 3D pentru C\u0103rucior Leokid este usor de instalat pe carucior, fiind realizata dintr-o panza de bumbac absorbanta pe partea frontala si o plasa 3D pe partea din spate, ce permite trecerea aerului.&nbsp;<\/p>\n<p style=\"margin-bottom: 1rem;\">Este un accesoriu perfect pentru plimbari in zilele calduroase.<\/p>\n<p style=\"margin-bottom: 1rem;\">Dimensiuni: 71 \u0445 47&nbsp;cm<\/p>\n<p style=\"margin-bottom: 1rem;\">Ingrijire: se spala in masina de spalat rufe la max. 40 de grade.<\/p>\n<p style=\"margin-bottom: 1rem;\"><\/p>\n<p style=\"margin-bottom: 1rem;\"><\/p>\n","protected":false},"excerpt":{"rendered":"<p>Protectia Respirabil\u0103 3D pentru C\u0103rucior Leokid este usor de instalat pe carucior, fiind realizata dintr-o panza de bumbac absorbanta pe partea frontala si o plasa 3D pe partea din spate, ce permite trecerea aerului.&nbsp; Este un accesoriu perfect pentru plimbari in zilele calduroase. Dimensiuni: 71 \u0445 47&nbsp;cm Ingrijire: se spala in masina de spalat rufe [&hellip;]<\/p>\n","protected":false},"featured_media":4788,"comment_status":"open","ping_status":"closed","template":"","meta":{"site-sidebar-layout":"default","site-content-layout":"","ast-site-content-layout":"","site-content-style":"default","site-sidebar-style":"default","ast-global-header-display":"","ast-banner-title-visibility":"","ast-main-header-display":"","ast-hfb-above-header-display":"","ast-hfb-below-header-display":"","ast-hfb-mobile-header-display":"","site-post-title":"","ast-breadcrumbs-content":"","ast-featured-img":"","footer-sml-layout":"","theme-transparent-header-meta":"","adv-header-id-meta":"","stick-header-meta":"","header-above-stick-meta":"","header-main-stick-meta":"","header-below-stick-meta":"","astra-migrate-meta-layouts":"default","ast-page-background-enabled":"default","ast-page-background-meta":{"desktop":{"background-color":"","background-image":"","background-repeat":"repeat","background-position":"center center","background-size":"auto","background-attachment":"scroll","background-type":"","background-media":"","overlay-type":"","overlay-color":"","overlay-opacity":"","overlay-gradient":""},"tablet":{"background-color":"","background-image":"","background-repeat":"repeat","background-position":"center center","background-size":"auto","background-attachment":"scroll","background-type":"","background-media":"","overlay-type":"","overlay-color":"","overlay-opacity":"","overlay-gradient":""},"mobile":{"background-color":"","background-image":"","background-repeat":"repeat","background-position":"center center","background-size":"auto","background-attachment":"scroll","background-type":"","background-media":"","overlay-type":"","overlay-color":"","overlay-opacity":"","overlay-gradient":""}},"ast-content-background-meta":{"desktop":{"background-color":"var(--ast-global-color-5)","background-image":"","background-repeat":"repeat","background-position":"center center","background-size":"auto","background-attachment":"scroll","background-type":"","background-media":"","overlay-type":"","overlay-color":"","overlay-opacity":"","overlay-gradient":""},"tablet":{"background-color":"var(--ast-global-color-5)","background-image":"","background-repeat":"repeat","background-position":"center center","background-size":"auto","background-attachment":"scroll","background-type":"","background-media":"","overlay-type":"","overlay-color":"","overlay-opacity":"","overlay-gradient":""},"mobile":{"background-color":"var(--ast-global-color-5)","background-image":"","background-repeat":"repeat","background-position":"center center","background-size":"auto","background-attachment":"scroll","background-type":"","background-media":"","overlay-type":"","overlay-color":"","overlay-opacity":"","overlay-gradient":""}}},"product_brand":[],"product_cat":[84,86,96,132],"product_tag":[],"class_list":{"0":"post-4791","1":"product","2":"type-product","3":"status-publish","4":"has-post-thumbnail","6":"product_cat-esentiale-pentru-plaja","7":"product_cat-ingrijire-pentru-puiul-tau-mic","8":"product_cat-necesare-pentru-masina-in-sezonul-cald","9":"product_cat-reduceri-pentru-tine","10":"desktop-align-left","11":"tablet-align-left","12":"mobile-align-left","13":"ast-product-gallery-layout-horizontal-slider","14":"ast-product-tabs-layout-vertical","15":"ast-qv-on-image","17":"first","18":"instock","19":"sale","20":"shipping-taxable","21":"purchasable","22":"product-type-simple"},"yoast_head":"<!-- This site is optimized with the Yoast SEO plugin v22.6 - https:\/\/yoast.com\/wordpress\/plugins\/seo\/ -->\n<title>Husa Respirabil\u0103 3D pentru C\u0103rucior Leokid - Iceland story<\/title>\n<meta name=\"robots\" content=\"index, follow, max-snippet:-1, max-image-preview:large, max-video-preview:-1\" \/>\n<link rel=\"canonical\" href=\"https:\/\/bunnyboo.ro\/produs\/husa-respirabila-3d-pentru-carucior-leokid-iceland-story\/\" \/>\n<meta property=\"og:locale\" content=\"en_US\" \/>\n<meta property=\"og:type\" content=\"article\" \/>\n<meta property=\"og:title\" content=\"Husa Respirabil\u0103 3D pentru C\u0103rucior Leokid - Iceland story\" \/>\n<meta property=\"og:description\" content=\"Protectia Respirabil\u0103 3D pentru C\u0103rucior Leokid este usor de instalat pe carucior, fiind realizata dintr-o panza de bumbac absorbanta pe partea frontala si o plasa 3D pe partea din spate, ce permite trecerea aerului.&nbsp; Este un accesoriu perfect pentru plimbari in zilele calduroase. Dimensiuni: 71 \u0445 47&nbsp;cm Ingrijire: se spala in masina de spalat rufe [&hellip;]\" \/>\n<meta property=\"og:url\" content=\"https:\/\/bunnyboo.ro\/produs\/husa-respirabila-3d-pentru-carucior-leokid-iceland-story\/\" \/>\n<meta property=\"og:site_name\" content=\"Bunny Boo\" \/>\n<meta property=\"article:modified_time\" content=\"2026-02-02T09:03:24+00:00\" \/>\n<meta property=\"og:image\" content=\"https:\/\/bunnyboo.ro\/wp-content\/uploads\/2022\/05\/06-1-scaled.jpeg\" \/>\n\t<meta property=\"og:image:width\" content=\"1948\" \/>\n\t<meta property=\"og:image:height\" content=\"2560\" \/>\n\t<meta property=\"og:image:type\" content=\"image\/jpeg\" \/>\n<meta name=\"twitter:card\" content=\"summary_large_image\" \/>\n<script type=\"application\/ld+json\" class=\"yoast-schema-graph\">{\"@context\":\"https:\/\/schema.org\",\"@graph\":[{\"@type\":\"WebPage\",\"@id\":\"https:\/\/bunnyboo.ro\/produs\/husa-respirabila-3d-pentru-carucior-leokid-iceland-story\/\",\"url\":\"https:\/\/bunnyboo.ro\/produs\/husa-respirabila-3d-pentru-carucior-leokid-iceland-story\/\",\"name\":\"Husa Respirabil\u0103 3D pentru C\u0103rucior Leokid - Iceland story\",\"isPartOf\":{\"@id\":\"https:\/\/bunnyboo.ro\/#website\"},\"primaryImageOfPage\":{\"@id\":\"https:\/\/bunnyboo.ro\/produs\/husa-respirabila-3d-pentru-carucior-leokid-iceland-story\/#primaryimage\"},\"image\":{\"@id\":\"https:\/\/bunnyboo.ro\/produs\/husa-respirabila-3d-pentru-carucior-leokid-iceland-story\/#primaryimage\"},\"thumbnailUrl\":\"https:\/\/bunnyboo.ro\/wp-content\/uploads\/2022\/05\/06-1-scaled.jpeg\",\"datePublished\":\"2022-05-17T11:33:15+00:00\",\"dateModified\":\"2026-02-02T09:03:24+00:00\",\"breadcrumb\":{\"@id\":\"https:\/\/bunnyboo.ro\/produs\/husa-respirabila-3d-pentru-carucior-leokid-iceland-story\/#breadcrumb\"},\"inLanguage\":\"en-US\",\"potentialAction\":[{\"@type\":\"ReadAction\",\"target\":[\"https:\/\/bunnyboo.ro\/produs\/husa-respirabila-3d-pentru-carucior-leokid-iceland-story\/\"]}]},{\"@type\":\"ImageObject\",\"inLanguage\":\"en-US\",\"@id\":\"https:\/\/bunnyboo.ro\/produs\/husa-respirabila-3d-pentru-carucior-leokid-iceland-story\/#primaryimage\",\"url\":\"https:\/\/bunnyboo.ro\/wp-content\/uploads\/2022\/05\/06-1-scaled.jpeg\",\"contentUrl\":\"https:\/\/bunnyboo.ro\/wp-content\/uploads\/2022\/05\/06-1-scaled.jpeg\",\"width\":1948,\"height\":2560,\"caption\":\"06 (1)\"},{\"@type\":\"BreadcrumbList\",\"@id\":\"https:\/\/bunnyboo.ro\/produs\/husa-respirabila-3d-pentru-carucior-leokid-iceland-story\/#breadcrumb\",\"itemListElement\":[{\"@type\":\"ListItem\",\"position\":1,\"name\":\"Home\",\"item\":\"https:\/\/bunnyboo.ro\/en\/\"},{\"@type\":\"ListItem\",\"position\":2,\"name\":\"New\",\"item\":\"https:\/\/bunnyboo.ro\/en\/shop\/\"},{\"@type\":\"ListItem\",\"position\":3,\"name\":\"Husa Respirabil\u0103 3D pentru C\u0103rucior Leokid &#8211; Iceland story\"}]},{\"@type\":\"WebSite\",\"@id\":\"https:\/\/bunnyboo.ro\/#website\",\"url\":\"https:\/\/bunnyboo.ro\/\",\"name\":\"Bunny Boo\",\"description\":\"Bunny Boo\",\"publisher\":{\"@id\":\"https:\/\/bunnyboo.ro\/#organization\"},\"potentialAction\":[{\"@type\":\"SearchAction\",\"target\":{\"@type\":\"EntryPoint\",\"urlTemplate\":\"https:\/\/bunnyboo.ro\/?s={search_term_string}\"},\"query-input\":\"required name=search_term_string\"}],\"inLanguage\":\"en-US\"},{\"@type\":\"Organization\",\"@id\":\"https:\/\/bunnyboo.ro\/#organization\",\"name\":\"Bunny Boo\",\"url\":\"https:\/\/bunnyboo.ro\/\",\"logo\":{\"@type\":\"ImageObject\",\"inLanguage\":\"en-US\",\"@id\":\"https:\/\/bunnyboo.ro\/#\/schema\/logo\/image\/\",\"url\":\"https:\/\/bunnyboo.ro\/wp-content\/uploads\/2024\/03\/Logo-website-black.png\",\"contentUrl\":\"https:\/\/bunnyboo.ro\/wp-content\/uploads\/2024\/03\/Logo-website-black.png\",\"width\":2422,\"height\":946,\"caption\":\"Bunny Boo\"},\"image\":{\"@id\":\"https:\/\/bunnyboo.ro\/#\/schema\/logo\/image\/\"}}]}<\/script>\n<!-- \/ Yoast SEO plugin. -->","yoast_head_json":{"title":"Husa Respirabil\u0103 3D pentru C\u0103rucior Leokid - Iceland story","robots":{"index":"index","follow":"follow","max-snippet":"max-snippet:-1","max-image-preview":"max-image-preview:large","max-video-preview":"max-video-preview:-1"},"canonical":"https:\/\/bunnyboo.ro\/produs\/husa-respirabila-3d-pentru-carucior-leokid-iceland-story\/","og_locale":"en_US","og_type":"article","og_title":"Husa Respirabil\u0103 3D pentru C\u0103rucior Leokid - Iceland story","og_description":"Protectia Respirabil\u0103 3D pentru C\u0103rucior Leokid este usor de instalat pe carucior, fiind realizata dintr-o panza de bumbac absorbanta pe partea frontala si o plasa 3D pe partea din spate, ce permite trecerea aerului.&nbsp; Este un accesoriu perfect pentru plimbari in zilele calduroase. Dimensiuni: 71 \u0445 47&nbsp;cm Ingrijire: se spala in masina de spalat rufe [&hellip;]","og_url":"https:\/\/bunnyboo.ro\/produs\/husa-respirabila-3d-pentru-carucior-leokid-iceland-story\/","og_site_name":"Bunny Boo","article_modified_time":"2026-02-02T09:03:24+00:00","og_image":[{"width":1948,"height":2560,"url":"https:\/\/bunnyboo.ro\/wp-content\/uploads\/2022\/05\/06-1-scaled.jpeg","type":"image\/jpeg"}],"twitter_card":"summary_large_image","schema":{"@context":"https:\/\/schema.org","@graph":[{"@type":"WebPage","@id":"https:\/\/bunnyboo.ro\/produs\/husa-respirabila-3d-pentru-carucior-leokid-iceland-story\/","url":"https:\/\/bunnyboo.ro\/produs\/husa-respirabila-3d-pentru-carucior-leokid-iceland-story\/","name":"Husa Respirabil\u0103 3D pentru C\u0103rucior Leokid - Iceland story","isPartOf":{"@id":"https:\/\/bunnyboo.ro\/#website"},"primaryImageOfPage":{"@id":"https:\/\/bunnyboo.ro\/produs\/husa-respirabila-3d-pentru-carucior-leokid-iceland-story\/#primaryimage"},"image":{"@id":"https:\/\/bunnyboo.ro\/produs\/husa-respirabila-3d-pentru-carucior-leokid-iceland-story\/#primaryimage"},"thumbnailUrl":"https:\/\/bunnyboo.ro\/wp-content\/uploads\/2022\/05\/06-1-scaled.jpeg","datePublished":"2022-05-17T11:33:15+00:00","dateModified":"2026-02-02T09:03:24+00:00","breadcrumb":{"@id":"https:\/\/bunnyboo.ro\/produs\/husa-respirabila-3d-pentru-carucior-leokid-iceland-story\/#breadcrumb"},"inLanguage":"en-US","potentialAction":[{"@type":"ReadAction","target":["https:\/\/bunnyboo.ro\/produs\/husa-respirabila-3d-pentru-carucior-leokid-iceland-story\/"]}]},{"@type":"ImageObject","inLanguage":"en-US","@id":"https:\/\/bunnyboo.ro\/produs\/husa-respirabila-3d-pentru-carucior-leokid-iceland-story\/#primaryimage","url":"https:\/\/bunnyboo.ro\/wp-content\/uploads\/2022\/05\/06-1-scaled.jpeg","contentUrl":"https:\/\/bunnyboo.ro\/wp-content\/uploads\/2022\/05\/06-1-scaled.jpeg","width":1948,"height":2560,"caption":"06 (1)"},{"@type":"BreadcrumbList","@id":"https:\/\/bunnyboo.ro\/produs\/husa-respirabila-3d-pentru-carucior-leokid-iceland-story\/#breadcrumb","itemListElement":[{"@type":"ListItem","position":1,"name":"Home","item":"https:\/\/bunnyboo.ro\/en\/"},{"@type":"ListItem","position":2,"name":"New","item":"https:\/\/bunnyboo.ro\/en\/shop\/"},{"@type":"ListItem","position":3,"name":"Husa Respirabil\u0103 3D pentru C\u0103rucior Leokid &#8211; Iceland story"}]},{"@type":"WebSite","@id":"https:\/\/bunnyboo.ro\/#website","url":"https:\/\/bunnyboo.ro\/","name":"Bunny Boo","description":"Bunny Boo","publisher":{"@id":"https:\/\/bunnyboo.ro\/#organization"},"potentialAction":[{"@type":"SearchAction","target":{"@type":"EntryPoint","urlTemplate":"https:\/\/bunnyboo.ro\/?s={search_term_string}"},"query-input":"required name=search_term_string"}],"inLanguage":"en-US"},{"@type":"Organization","@id":"https:\/\/bunnyboo.ro\/#organization","name":"Bunny Boo","url":"https:\/\/bunnyboo.ro\/","logo":{"@type":"ImageObject","inLanguage":"en-US","@id":"https:\/\/bunnyboo.ro\/#\/schema\/logo\/image\/","url":"https:\/\/bunnyboo.ro\/wp-content\/uploads\/2024\/03\/Logo-website-black.png","contentUrl":"https:\/\/bunnyboo.ro\/wp-content\/uploads\/2024\/03\/Logo-website-black.png","width":2422,"height":946,"caption":"Bunny Boo"},"image":{"@id":"https:\/\/bunnyboo.ro\/#\/schema\/logo\/image\/"}}]}},"_links":{"self":[{"href":"https:\/\/bunnyboo.ro\/en\/wp-json\/wp\/v2\/product\/4791","targetHints":{"allow":["GET"]}}],"collection":[{"href":"https:\/\/bunnyboo.ro\/en\/wp-json\/wp\/v2\/product"}],"about":[{"href":"https:\/\/bunnyboo.ro\/en\/wp-json\/wp\/v2\/types\/product"}],"replies":[{"embeddable":true,"href":"https:\/\/bunnyboo.ro\/en\/wp-json\/wp\/v2\/comments?post=4791"}],"wp:featuredmedia":[{"embeddable":true,"href":"https:\/\/bunnyboo.ro\/en\/wp-json\/wp\/v2\/media\/4788"}],"wp:attachment":[{"href":"https:\/\/bunnyboo.ro\/en\/wp-json\/wp\/v2\/media?parent=4791"}],"wp:term":[{"taxonomy":"product_brand","embeddable":true,"href":"https:\/\/bunnyboo.ro\/en\/wp-json\/wp\/v2\/product_brand?post=4791"},{"taxonomy":"product_cat","embeddable":true,"href":"https:\/\/bunnyboo.ro\/en\/wp-json\/wp\/v2\/product_cat?post=4791"},{"taxonomy":"product_tag","embeddable":true,"href":"https:\/\/bunnyboo.ro\/en\/wp-json\/wp\/v2\/product_tag?post=4791"}],"curies":[{"name":"wp","href":"https:\/\/api.w.org\/{rel}","templated":true}]}}