{"id":4651,"date":"2022-05-03T10:40:23","date_gmt":"2022-05-03T10:40:23","guid":{"rendered":"https:\/\/bunnyboo.ro\/product\/set-2-bavete-andrea-liewood-khaki-golden-caramel-mix\/"},"modified":"2024-10-22T12:29:20","modified_gmt":"2024-10-22T09:29:20","slug":"set-2-bavete-andrea-liewood-khaki-golden-caramel-mix","status":"publish","type":"product","link":"https:\/\/bunnyboo.ro\/en\/produs\/set-2-bavete-andrea-liewood-khaki-golden-caramel-mix\/","title":{"rendered":"Set 2 Bavete Andrea Liewood &#8211; Khaki\/Golden Caramel Mix"},"content":{"rendered":"<p style=\"margin-bottom: 10px;\">Cea mai dr\u0103gu\u021b\u0103 \u0219i moale bavet\u0103 pentru copilul t\u0103u! Aceasta bavet\u0103 combin\u0103 dou\u0103 \u021bes\u0103turi foarte frumoase: \u00een partea din fa\u021b\u0103 g\u0103se\u0219ti o \u021bes\u0103tur\u0103 de muselin\u0103 delicat\u0103, creponat\u0103, din bumbac organic pur, iar partea din spate este constituit\u0103, de asemenea, din bumbac organic pur pufos. Este confortabil\u0103 \u0219i incredibil de moale.<\/p>\n<p style=\"margin-bottom: 10px;\">Calitate: 100% bumbac organic.<\/p>\n<p style=\"margin-bottom: 10px;\">Dimensiuni: L\u0103\u021bime: 37 cm \u00cen\u0103l\u021bime: 18 cm.<\/p>\n<p style=\"margin-bottom: 10px;\">Instruc\u021biuni de sp\u0103lare: <\/p>\n<ul>\n<li style=\"margin-bottom: 10px;\">Sp\u0103larea automat\u0103 la 40 de grade. <\/li>\n<li style=\"margin-bottom: 10px;\">Se spal\u0103 cu culori similare. <\/li>\n<li style=\"margin-bottom: 10px;\">Contrac\u021bia maxim\u0103 p\u00e2n\u0103 la 5%.<\/li>\n<\/ul>\n","protected":false},"excerpt":{"rendered":"<p>Cea mai dr\u0103gu\u021b\u0103 \u0219i moale bavet\u0103 pentru copilul t\u0103u! Aceasta bavet\u0103 combin\u0103 dou\u0103 \u021bes\u0103turi foarte frumoase: \u00een partea din fa\u021b\u0103 g\u0103se\u0219ti o \u021bes\u0103tur\u0103 de muselin\u0103 delicat\u0103, creponat\u0103, din bumbac organic pur, iar partea din spate este constituit\u0103, de asemenea, din bumbac organic pur pufos. Este confortabil\u0103 \u0219i incredibil de moale. Calitate: 100% bumbac organic. Dimensiuni: [&hellip;]<\/p>\n","protected":false},"featured_media":4648,"comment_status":"open","ping_status":"closed","template":"","meta":{"site-sidebar-layout":"default","site-content-layout":"","ast-site-content-layout":"default","site-content-style":"default","site-sidebar-style":"default","ast-global-header-display":"","ast-banner-title-visibility":"","ast-main-header-display":"","ast-hfb-above-header-display":"","ast-hfb-below-header-display":"","ast-hfb-mobile-header-display":"","site-post-title":"","ast-breadcrumbs-content":"","ast-featured-img":"","footer-sml-layout":"","theme-transparent-header-meta":"default","adv-header-id-meta":"","stick-header-meta":"default","header-above-stick-meta":"","header-main-stick-meta":"","header-below-stick-meta":"","astra-migrate-meta-layouts":"set","ast-page-background-enabled":"default","ast-page-background-meta":{"desktop":{"background-color":"","background-image":"","background-repeat":"repeat","background-position":"center center","background-size":"auto","background-attachment":"scroll","background-type":"","background-media":"","overlay-type":"","overlay-color":"","overlay-opacity":"","overlay-gradient":""},"tablet":{"background-color":"","background-image":"","background-repeat":"repeat","background-position":"center center","background-size":"auto","background-attachment":"scroll","background-type":"","background-media":"","overlay-type":"","overlay-color":"","overlay-opacity":"","overlay-gradient":""},"mobile":{"background-color":"","background-image":"","background-repeat":"repeat","background-position":"center center","background-size":"auto","background-attachment":"scroll","background-type":"","background-media":"","overlay-type":"","overlay-color":"","overlay-opacity":"","overlay-gradient":""}},"ast-content-background-meta":{"desktop":{"background-color":"var(--ast-global-color-5)","background-image":"","background-repeat":"repeat","background-position":"center center","background-size":"auto","background-attachment":"scroll","background-type":"","background-media":"","overlay-type":"","overlay-color":"","overlay-opacity":"","overlay-gradient":""},"tablet":{"background-color":"var(--ast-global-color-5)","background-image":"","background-repeat":"repeat","background-position":"center center","background-size":"auto","background-attachment":"scroll","background-type":"","background-media":"","overlay-type":"","overlay-color":"","overlay-opacity":"","overlay-gradient":""},"mobile":{"background-color":"var(--ast-global-color-5)","background-image":"","background-repeat":"repeat","background-position":"center center","background-size":"auto","background-attachment":"scroll","background-type":"","background-media":"","overlay-type":"","overlay-color":"","overlay-opacity":"","overlay-gradient":""}}},"product_brand":[],"product_cat":[63,132],"product_tag":[],"class_list":{"0":"post-4651","1":"product","2":"type-product","3":"status-publish","4":"has-post-thumbnail","6":"product_cat-inceput-de-diversificare-distractiv","7":"product_cat-reduceri-pentru-tine","8":"desktop-align-left","9":"tablet-align-left","10":"mobile-align-left","11":"ast-product-gallery-layout-horizontal-slider","12":"ast-product-tabs-layout-vertical","13":"ast-qv-on-image","15":"first","16":"instock","17":"sale","18":"shipping-taxable","19":"purchasable","20":"product-type-simple"},"yoast_head":"<!-- This site is optimized with the Yoast SEO plugin v22.6 - https:\/\/yoast.com\/wordpress\/plugins\/seo\/ -->\n<title>Set 2 Bavete Andrea Liewood - Khaki\/Golden Caramel Mix<\/title>\n<meta name=\"robots\" content=\"index, follow, max-snippet:-1, max-image-preview:large, max-video-preview:-1\" \/>\n<link rel=\"canonical\" href=\"https:\/\/bunnyboo.ro\/produs\/set-2-bavete-andrea-liewood-khaki-golden-caramel-mix\/\" \/>\n<meta property=\"og:locale\" content=\"en_US\" \/>\n<meta property=\"og:type\" content=\"article\" \/>\n<meta property=\"og:title\" content=\"Set 2 Bavete Andrea Liewood - Khaki\/Golden Caramel Mix\" \/>\n<meta property=\"og:description\" content=\"Cea mai dr\u0103gu\u021b\u0103 \u0219i moale bavet\u0103 pentru copilul t\u0103u! Aceasta bavet\u0103 combin\u0103 dou\u0103 \u021bes\u0103turi foarte frumoase: \u00een partea din fa\u021b\u0103 g\u0103se\u0219ti o \u021bes\u0103tur\u0103 de muselin\u0103 delicat\u0103, creponat\u0103, din bumbac organic pur, iar partea din spate este constituit\u0103, de asemenea, din bumbac organic pur pufos. Este confortabil\u0103 \u0219i incredibil de moale. Calitate: 100% bumbac organic. Dimensiuni: [&hellip;]\" \/>\n<meta property=\"og:url\" content=\"https:\/\/bunnyboo.ro\/produs\/set-2-bavete-andrea-liewood-khaki-golden-caramel-mix\/\" \/>\n<meta property=\"og:site_name\" content=\"Bunny Boo\" \/>\n<meta property=\"article:modified_time\" content=\"2024-10-22T09:29:20+00:00\" \/>\n<meta property=\"og:image\" content=\"https:\/\/bunnyboo.ro\/wp-content\/uploads\/2022\/05\/LW12753-4010-Khaki-golden-caramel-mix-Main.jpg\" \/>\n\t<meta property=\"og:image:width\" content=\"1182\" \/>\n\t<meta property=\"og:image:height\" content=\"723\" \/>\n\t<meta property=\"og:image:type\" content=\"image\/jpeg\" \/>\n<meta name=\"twitter:card\" content=\"summary_large_image\" \/>\n<script type=\"application\/ld+json\" class=\"yoast-schema-graph\">{\"@context\":\"https:\/\/schema.org\",\"@graph\":[{\"@type\":\"WebPage\",\"@id\":\"https:\/\/bunnyboo.ro\/produs\/set-2-bavete-andrea-liewood-khaki-golden-caramel-mix\/\",\"url\":\"https:\/\/bunnyboo.ro\/produs\/set-2-bavete-andrea-liewood-khaki-golden-caramel-mix\/\",\"name\":\"Set 2 Bavete Andrea Liewood - Khaki\/Golden Caramel Mix\",\"isPartOf\":{\"@id\":\"https:\/\/bunnyboo.ro\/#website\"},\"primaryImageOfPage\":{\"@id\":\"https:\/\/bunnyboo.ro\/produs\/set-2-bavete-andrea-liewood-khaki-golden-caramel-mix\/#primaryimage\"},\"image\":{\"@id\":\"https:\/\/bunnyboo.ro\/produs\/set-2-bavete-andrea-liewood-khaki-golden-caramel-mix\/#primaryimage\"},\"thumbnailUrl\":\"https:\/\/bunnyboo.ro\/wp-content\/uploads\/2022\/05\/LW12753-4010-Khaki-golden-caramel-mix-Main.jpg\",\"datePublished\":\"2022-05-03T10:40:23+00:00\",\"dateModified\":\"2024-10-22T09:29:20+00:00\",\"breadcrumb\":{\"@id\":\"https:\/\/bunnyboo.ro\/produs\/set-2-bavete-andrea-liewood-khaki-golden-caramel-mix\/#breadcrumb\"},\"inLanguage\":\"en-US\",\"potentialAction\":[{\"@type\":\"ReadAction\",\"target\":[\"https:\/\/bunnyboo.ro\/produs\/set-2-bavete-andrea-liewood-khaki-golden-caramel-mix\/\"]}]},{\"@type\":\"ImageObject\",\"inLanguage\":\"en-US\",\"@id\":\"https:\/\/bunnyboo.ro\/produs\/set-2-bavete-andrea-liewood-khaki-golden-caramel-mix\/#primaryimage\",\"url\":\"https:\/\/bunnyboo.ro\/wp-content\/uploads\/2022\/05\/LW12753-4010-Khaki-golden-caramel-mix-Main.jpg\",\"contentUrl\":\"https:\/\/bunnyboo.ro\/wp-content\/uploads\/2022\/05\/LW12753-4010-Khaki-golden-caramel-mix-Main.jpg\",\"width\":1182,\"height\":723,\"caption\":\"LW12753 - 4010 Khaki-golden caramel mix - Main\"},{\"@type\":\"BreadcrumbList\",\"@id\":\"https:\/\/bunnyboo.ro\/produs\/set-2-bavete-andrea-liewood-khaki-golden-caramel-mix\/#breadcrumb\",\"itemListElement\":[{\"@type\":\"ListItem\",\"position\":1,\"name\":\"Home\",\"item\":\"https:\/\/bunnyboo.ro\/en\/\"},{\"@type\":\"ListItem\",\"position\":2,\"name\":\"New\",\"item\":\"https:\/\/bunnyboo.ro\/en\/shop\/\"},{\"@type\":\"ListItem\",\"position\":3,\"name\":\"Set 2 Bavete Andrea Liewood &#8211; Khaki\/Golden Caramel Mix\"}]},{\"@type\":\"WebSite\",\"@id\":\"https:\/\/bunnyboo.ro\/#website\",\"url\":\"https:\/\/bunnyboo.ro\/\",\"name\":\"Bunny Boo\",\"description\":\"Bunny Boo\",\"publisher\":{\"@id\":\"https:\/\/bunnyboo.ro\/#organization\"},\"potentialAction\":[{\"@type\":\"SearchAction\",\"target\":{\"@type\":\"EntryPoint\",\"urlTemplate\":\"https:\/\/bunnyboo.ro\/?s={search_term_string}\"},\"query-input\":\"required name=search_term_string\"}],\"inLanguage\":\"en-US\"},{\"@type\":\"Organization\",\"@id\":\"https:\/\/bunnyboo.ro\/#organization\",\"name\":\"Bunny Boo\",\"url\":\"https:\/\/bunnyboo.ro\/\",\"logo\":{\"@type\":\"ImageObject\",\"inLanguage\":\"en-US\",\"@id\":\"https:\/\/bunnyboo.ro\/#\/schema\/logo\/image\/\",\"url\":\"https:\/\/bunnyboo.ro\/wp-content\/uploads\/2024\/03\/Logo-website-black.png\",\"contentUrl\":\"https:\/\/bunnyboo.ro\/wp-content\/uploads\/2024\/03\/Logo-website-black.png\",\"width\":2422,\"height\":946,\"caption\":\"Bunny Boo\"},\"image\":{\"@id\":\"https:\/\/bunnyboo.ro\/#\/schema\/logo\/image\/\"}}]}<\/script>\n<!-- \/ Yoast SEO plugin. -->","yoast_head_json":{"title":"Set 2 Bavete Andrea Liewood - Khaki\/Golden Caramel Mix","robots":{"index":"index","follow":"follow","max-snippet":"max-snippet:-1","max-image-preview":"max-image-preview:large","max-video-preview":"max-video-preview:-1"},"canonical":"https:\/\/bunnyboo.ro\/produs\/set-2-bavete-andrea-liewood-khaki-golden-caramel-mix\/","og_locale":"en_US","og_type":"article","og_title":"Set 2 Bavete Andrea Liewood - Khaki\/Golden Caramel Mix","og_description":"Cea mai dr\u0103gu\u021b\u0103 \u0219i moale bavet\u0103 pentru copilul t\u0103u! Aceasta bavet\u0103 combin\u0103 dou\u0103 \u021bes\u0103turi foarte frumoase: \u00een partea din fa\u021b\u0103 g\u0103se\u0219ti o \u021bes\u0103tur\u0103 de muselin\u0103 delicat\u0103, creponat\u0103, din bumbac organic pur, iar partea din spate este constituit\u0103, de asemenea, din bumbac organic pur pufos. Este confortabil\u0103 \u0219i incredibil de moale. Calitate: 100% bumbac organic. Dimensiuni: [&hellip;]","og_url":"https:\/\/bunnyboo.ro\/produs\/set-2-bavete-andrea-liewood-khaki-golden-caramel-mix\/","og_site_name":"Bunny Boo","article_modified_time":"2024-10-22T09:29:20+00:00","og_image":[{"width":1182,"height":723,"url":"https:\/\/bunnyboo.ro\/wp-content\/uploads\/2022\/05\/LW12753-4010-Khaki-golden-caramel-mix-Main.jpg","type":"image\/jpeg"}],"twitter_card":"summary_large_image","schema":{"@context":"https:\/\/schema.org","@graph":[{"@type":"WebPage","@id":"https:\/\/bunnyboo.ro\/produs\/set-2-bavete-andrea-liewood-khaki-golden-caramel-mix\/","url":"https:\/\/bunnyboo.ro\/produs\/set-2-bavete-andrea-liewood-khaki-golden-caramel-mix\/","name":"Set 2 Bavete Andrea Liewood - Khaki\/Golden Caramel Mix","isPartOf":{"@id":"https:\/\/bunnyboo.ro\/#website"},"primaryImageOfPage":{"@id":"https:\/\/bunnyboo.ro\/produs\/set-2-bavete-andrea-liewood-khaki-golden-caramel-mix\/#primaryimage"},"image":{"@id":"https:\/\/bunnyboo.ro\/produs\/set-2-bavete-andrea-liewood-khaki-golden-caramel-mix\/#primaryimage"},"thumbnailUrl":"https:\/\/bunnyboo.ro\/wp-content\/uploads\/2022\/05\/LW12753-4010-Khaki-golden-caramel-mix-Main.jpg","datePublished":"2022-05-03T10:40:23+00:00","dateModified":"2024-10-22T09:29:20+00:00","breadcrumb":{"@id":"https:\/\/bunnyboo.ro\/produs\/set-2-bavete-andrea-liewood-khaki-golden-caramel-mix\/#breadcrumb"},"inLanguage":"en-US","potentialAction":[{"@type":"ReadAction","target":["https:\/\/bunnyboo.ro\/produs\/set-2-bavete-andrea-liewood-khaki-golden-caramel-mix\/"]}]},{"@type":"ImageObject","inLanguage":"en-US","@id":"https:\/\/bunnyboo.ro\/produs\/set-2-bavete-andrea-liewood-khaki-golden-caramel-mix\/#primaryimage","url":"https:\/\/bunnyboo.ro\/wp-content\/uploads\/2022\/05\/LW12753-4010-Khaki-golden-caramel-mix-Main.jpg","contentUrl":"https:\/\/bunnyboo.ro\/wp-content\/uploads\/2022\/05\/LW12753-4010-Khaki-golden-caramel-mix-Main.jpg","width":1182,"height":723,"caption":"LW12753 - 4010 Khaki-golden caramel mix - Main"},{"@type":"BreadcrumbList","@id":"https:\/\/bunnyboo.ro\/produs\/set-2-bavete-andrea-liewood-khaki-golden-caramel-mix\/#breadcrumb","itemListElement":[{"@type":"ListItem","position":1,"name":"Home","item":"https:\/\/bunnyboo.ro\/en\/"},{"@type":"ListItem","position":2,"name":"New","item":"https:\/\/bunnyboo.ro\/en\/shop\/"},{"@type":"ListItem","position":3,"name":"Set 2 Bavete Andrea Liewood &#8211; Khaki\/Golden Caramel Mix"}]},{"@type":"WebSite","@id":"https:\/\/bunnyboo.ro\/#website","url":"https:\/\/bunnyboo.ro\/","name":"Bunny Boo","description":"Bunny Boo","publisher":{"@id":"https:\/\/bunnyboo.ro\/#organization"},"potentialAction":[{"@type":"SearchAction","target":{"@type":"EntryPoint","urlTemplate":"https:\/\/bunnyboo.ro\/?s={search_term_string}"},"query-input":"required name=search_term_string"}],"inLanguage":"en-US"},{"@type":"Organization","@id":"https:\/\/bunnyboo.ro\/#organization","name":"Bunny Boo","url":"https:\/\/bunnyboo.ro\/","logo":{"@type":"ImageObject","inLanguage":"en-US","@id":"https:\/\/bunnyboo.ro\/#\/schema\/logo\/image\/","url":"https:\/\/bunnyboo.ro\/wp-content\/uploads\/2024\/03\/Logo-website-black.png","contentUrl":"https:\/\/bunnyboo.ro\/wp-content\/uploads\/2024\/03\/Logo-website-black.png","width":2422,"height":946,"caption":"Bunny Boo"},"image":{"@id":"https:\/\/bunnyboo.ro\/#\/schema\/logo\/image\/"}}]}},"_links":{"self":[{"href":"https:\/\/bunnyboo.ro\/en\/wp-json\/wp\/v2\/product\/4651","targetHints":{"allow":["GET"]}}],"collection":[{"href":"https:\/\/bunnyboo.ro\/en\/wp-json\/wp\/v2\/product"}],"about":[{"href":"https:\/\/bunnyboo.ro\/en\/wp-json\/wp\/v2\/types\/product"}],"replies":[{"embeddable":true,"href":"https:\/\/bunnyboo.ro\/en\/wp-json\/wp\/v2\/comments?post=4651"}],"wp:featuredmedia":[{"embeddable":true,"href":"https:\/\/bunnyboo.ro\/en\/wp-json\/wp\/v2\/media\/4648"}],"wp:attachment":[{"href":"https:\/\/bunnyboo.ro\/en\/wp-json\/wp\/v2\/media?parent=4651"}],"wp:term":[{"taxonomy":"product_brand","embeddable":true,"href":"https:\/\/bunnyboo.ro\/en\/wp-json\/wp\/v2\/product_brand?post=4651"},{"taxonomy":"product_cat","embeddable":true,"href":"https:\/\/bunnyboo.ro\/en\/wp-json\/wp\/v2\/product_cat?post=4651"},{"taxonomy":"product_tag","embeddable":true,"href":"https:\/\/bunnyboo.ro\/en\/wp-json\/wp\/v2\/product_tag?post=4651"}],"curies":[{"name":"wp","href":"https:\/\/api.w.org\/{rel}","templated":true}]}}