{"id":4005,"date":"2022-03-20T19:19:06","date_gmt":"2022-03-20T19:19:06","guid":{"rendered":"https:\/\/bunnyboo.ro\/product\/set-de-masa-paul-liewood-rabbit-whale-blue-multi-mix\/"},"modified":"2026-03-26T10:25:13","modified_gmt":"2026-03-26T08:25:13","slug":"set-de-masa-paul-liewood-rabbit-whale-blue-multi-mix","status":"publish","type":"product","link":"https:\/\/bunnyboo.ro\/en\/produs\/set-de-masa-paul-liewood-rabbit-whale-blue-multi-mix\/","title":{"rendered":"Set de masa Paul Liewood &#8211; Rabbit\/Whale Blue Multi Mix"},"content":{"rendered":"<p class=\"MsoNormal\" style=\"margin: 0cm 0cm 7.5pt; background-image: initial; background-position: initial; background-size: initial; background-repeat: initial; background-attachment: initial; background-origin: initial; background-clip: initial;\">Set de vesel\u0103 pentru copilul t\u0103u, care va face orele de mas\u0103 \u0219i mai distractive. PLA este un material fabricat din surse regenerabile, deci \u00een loc s\u0103 fie bazat pe plastic, este bazat pe plante.&nbsp;<o:p><\/o:p><\/p>\n<p class=\"MsoNormal\" style=\"margin: 0cm 0cm 7.5pt; background-image: initial; background-position: initial; background-size: initial; background-repeat: initial; background-attachment: initial; background-origin: initial; background-clip: initial;\">Fabricat din produse agricole, granulatul PLA poate fi transformat \u00een produse sigure, durabile, care las\u0103 o amprent\u0103 ecologic\u0103 mai mic\u0103 dec\u00e2t plasticul pe baz\u0103 de virgin\u0103.<o:p><\/o:p><\/p>\n<p class=\"MsoNormal\" style=\"margin: 0cm 0cm 7.5pt; background-image: initial; background-position: initial; background-size: initial; background-repeat: initial; background-attachment: initial; background-origin: initial; background-clip: initial;\">&nbsp;<\/p>\n<p class=\"MsoNormal\" style=\"margin: 0cm 0cm 7.5pt; background-image: initial; background-position: initial; background-size: initial; background-repeat: initial; background-attachment: initial; background-origin: initial; background-clip: initial;\">\u2022 Material: 100% PLA \u2022 Setul include: o farfurie, un bol, o cea\u0219c\u0103 \u0219i o lingur\u0103 &#8211; toate cu reliefuri pentru animale \u2022 Se poate introduce \u00een cuptorul cu microunde \u0219i \u00een ma\u0219ina de sp\u0103lat vase la maxim 65 de grade \u0219i \u00een condi\u021bii de siguran\u021b\u0103 pentru contactul cu alimentele.<o:p><\/o:p><\/p>\n<p><\/p>\n<p class=\"MsoNormal\" style=\"margin: 0cm 0cm 7.5pt; background-image: initial; background-position: initial; background-size: initial; background-repeat: initial; background-attachment: initial; background-origin: initial; background-clip: initial;\">Calitate: 100% PLA<o:p><\/o:p><\/p>\n<p class=\"MsoNormal\" style=\"margin: 0cm 0cm 7.5pt; background-image: initial; background-position: initial; background-size: initial; background-repeat: initial; background-attachment: initial; background-origin: initial; background-clip: initial;\">Dimensiuni: Plac\u0103 D: 20 cm x H: 1,4 cm \/ Bol D: 15 cm x H: 4,7 cm \/ Cup\u0103 D: 7,5 cm<o:p><\/o:p><\/p>\n<p class=\"MsoNormal\" style=\"margin: 0cm 0cm 0.0001pt;\">&nbsp;<\/p>\n","protected":false},"excerpt":{"rendered":"<p>Set de vesel\u0103 pentru copilul t\u0103u, care va face orele de mas\u0103 \u0219i mai distractive. PLA este un material fabricat din surse regenerabile, deci \u00een loc s\u0103 fie bazat pe plastic, este bazat pe plante.&nbsp; Fabricat din produse agricole, granulatul PLA poate fi transformat \u00een produse sigure, durabile, care las\u0103 o amprent\u0103 ecologic\u0103 mai mic\u0103 [&hellip;]<\/p>\n","protected":false},"featured_media":4003,"comment_status":"open","ping_status":"closed","template":"","meta":{"site-sidebar-layout":"default","site-content-layout":"","ast-site-content-layout":"default","site-content-style":"default","site-sidebar-style":"default","ast-global-header-display":"","ast-banner-title-visibility":"","ast-main-header-display":"","ast-hfb-above-header-display":"","ast-hfb-below-header-display":"","ast-hfb-mobile-header-display":"","site-post-title":"","ast-breadcrumbs-content":"","ast-featured-img":"","footer-sml-layout":"","theme-transparent-header-meta":"default","adv-header-id-meta":"","stick-header-meta":"default","header-above-stick-meta":"","header-main-stick-meta":"","header-below-stick-meta":"","astra-migrate-meta-layouts":"set","ast-page-background-enabled":"default","ast-page-background-meta":{"desktop":{"background-color":"","background-image":"","background-repeat":"repeat","background-position":"center center","background-size":"auto","background-attachment":"scroll","background-type":"","background-media":"","overlay-type":"","overlay-color":"","overlay-opacity":"","overlay-gradient":""},"tablet":{"background-color":"","background-image":"","background-repeat":"repeat","background-position":"center center","background-size":"auto","background-attachment":"scroll","background-type":"","background-media":"","overlay-type":"","overlay-color":"","overlay-opacity":"","overlay-gradient":""},"mobile":{"background-color":"","background-image":"","background-repeat":"repeat","background-position":"center center","background-size":"auto","background-attachment":"scroll","background-type":"","background-media":"","overlay-type":"","overlay-color":"","overlay-opacity":"","overlay-gradient":""}},"ast-content-background-meta":{"desktop":{"background-color":"var(--ast-global-color-5)","background-image":"","background-repeat":"repeat","background-position":"center center","background-size":"auto","background-attachment":"scroll","background-type":"","background-media":"","overlay-type":"","overlay-color":"","overlay-opacity":"","overlay-gradient":""},"tablet":{"background-color":"var(--ast-global-color-5)","background-image":"","background-repeat":"repeat","background-position":"center center","background-size":"auto","background-attachment":"scroll","background-type":"","background-media":"","overlay-type":"","overlay-color":"","overlay-opacity":"","overlay-gradient":""},"mobile":{"background-color":"var(--ast-global-color-5)","background-image":"","background-repeat":"repeat","background-position":"center center","background-size":"auto","background-attachment":"scroll","background-type":"","background-media":"","overlay-type":"","overlay-color":"","overlay-opacity":"","overlay-gradient":""}}},"product_brand":[],"product_cat":[83,132],"product_tag":[],"class_list":{"0":"post-4005","1":"product","2":"type-product","3":"status-publish","4":"has-post-thumbnail","6":"product_cat-seturi-de-masa-moderne","7":"product_cat-reduceri-pentru-tine","8":"desktop-align-left","9":"tablet-align-left","10":"mobile-align-left","11":"ast-product-gallery-layout-horizontal-slider","12":"ast-product-gallery-with-no-image","13":"ast-product-tabs-layout-vertical","14":"ast-qv-on-image","16":"first","17":"instock","18":"sale","19":"shipping-taxable","20":"purchasable","21":"product-type-simple"},"yoast_head":"<!-- This site is optimized with the Yoast SEO plugin v22.6 - https:\/\/yoast.com\/wordpress\/plugins\/seo\/ -->\n<title>Set de masa Paul Liewood - Rabbit\/Whale Blue Multi Mix<\/title>\n<meta name=\"robots\" content=\"index, follow, max-snippet:-1, max-image-preview:large, max-video-preview:-1\" \/>\n<link rel=\"canonical\" href=\"https:\/\/bunnyboo.ro\/produs\/set-de-masa-paul-liewood-rabbit-whale-blue-multi-mix\/\" \/>\n<meta property=\"og:locale\" content=\"en_US\" \/>\n<meta property=\"og:type\" content=\"article\" \/>\n<meta property=\"og:title\" content=\"Set de masa Paul Liewood - Rabbit\/Whale Blue Multi Mix\" \/>\n<meta property=\"og:description\" content=\"Set de vesel\u0103 pentru copilul t\u0103u, care va face orele de mas\u0103 \u0219i mai distractive. PLA este un material fabricat din surse regenerabile, deci \u00een loc s\u0103 fie bazat pe plastic, este bazat pe plante.&nbsp; Fabricat din produse agricole, granulatul PLA poate fi transformat \u00een produse sigure, durabile, care las\u0103 o amprent\u0103 ecologic\u0103 mai mic\u0103 [&hellip;]\" \/>\n<meta property=\"og:url\" content=\"https:\/\/bunnyboo.ro\/produs\/set-de-masa-paul-liewood-rabbit-whale-blue-multi-mix\/\" \/>\n<meta property=\"og:site_name\" content=\"Bunny Boo\" \/>\n<meta property=\"article:modified_time\" content=\"2026-03-26T08:25:13+00:00\" \/>\n<meta property=\"og:image\" content=\"https:\/\/bunnyboo.ro\/wp-content\/uploads\/2022\/03\/paul-rabbit-whale-blue-multi-mix-dinnerware-set-liewood.jpeg\" \/>\n\t<meta property=\"og:image:width\" content=\"800\" \/>\n\t<meta property=\"og:image:height\" content=\"800\" \/>\n\t<meta property=\"og:image:type\" content=\"image\/jpeg\" \/>\n<meta name=\"twitter:card\" content=\"summary_large_image\" \/>\n<meta name=\"twitter:label1\" content=\"Est. reading time\" \/>\n\t<meta name=\"twitter:data1\" content=\"1 minute\" \/>\n<script type=\"application\/ld+json\" class=\"yoast-schema-graph\">{\"@context\":\"https:\/\/schema.org\",\"@graph\":[{\"@type\":\"WebPage\",\"@id\":\"https:\/\/bunnyboo.ro\/produs\/set-de-masa-paul-liewood-rabbit-whale-blue-multi-mix\/\",\"url\":\"https:\/\/bunnyboo.ro\/produs\/set-de-masa-paul-liewood-rabbit-whale-blue-multi-mix\/\",\"name\":\"Set de masa Paul Liewood - Rabbit\/Whale Blue Multi Mix\",\"isPartOf\":{\"@id\":\"https:\/\/bunnyboo.ro\/#website\"},\"primaryImageOfPage\":{\"@id\":\"https:\/\/bunnyboo.ro\/produs\/set-de-masa-paul-liewood-rabbit-whale-blue-multi-mix\/#primaryimage\"},\"image\":{\"@id\":\"https:\/\/bunnyboo.ro\/produs\/set-de-masa-paul-liewood-rabbit-whale-blue-multi-mix\/#primaryimage\"},\"thumbnailUrl\":\"https:\/\/bunnyboo.ro\/wp-content\/uploads\/2022\/03\/paul-rabbit-whale-blue-multi-mix-dinnerware-set-liewood.jpeg\",\"datePublished\":\"2022-03-20T19:19:06+00:00\",\"dateModified\":\"2026-03-26T08:25:13+00:00\",\"breadcrumb\":{\"@id\":\"https:\/\/bunnyboo.ro\/produs\/set-de-masa-paul-liewood-rabbit-whale-blue-multi-mix\/#breadcrumb\"},\"inLanguage\":\"en-US\",\"potentialAction\":[{\"@type\":\"ReadAction\",\"target\":[\"https:\/\/bunnyboo.ro\/produs\/set-de-masa-paul-liewood-rabbit-whale-blue-multi-mix\/\"]}]},{\"@type\":\"ImageObject\",\"inLanguage\":\"en-US\",\"@id\":\"https:\/\/bunnyboo.ro\/produs\/set-de-masa-paul-liewood-rabbit-whale-blue-multi-mix\/#primaryimage\",\"url\":\"https:\/\/bunnyboo.ro\/wp-content\/uploads\/2022\/03\/paul-rabbit-whale-blue-multi-mix-dinnerware-set-liewood.jpeg\",\"contentUrl\":\"https:\/\/bunnyboo.ro\/wp-content\/uploads\/2022\/03\/paul-rabbit-whale-blue-multi-mix-dinnerware-set-liewood.jpeg\",\"width\":800,\"height\":800,\"caption\":\"paul-rabbit-whale-blue-multi-mix-dinnerware-set-liewood\"},{\"@type\":\"BreadcrumbList\",\"@id\":\"https:\/\/bunnyboo.ro\/produs\/set-de-masa-paul-liewood-rabbit-whale-blue-multi-mix\/#breadcrumb\",\"itemListElement\":[{\"@type\":\"ListItem\",\"position\":1,\"name\":\"Home\",\"item\":\"https:\/\/bunnyboo.ro\/en\/\"},{\"@type\":\"ListItem\",\"position\":2,\"name\":\"New\",\"item\":\"https:\/\/bunnyboo.ro\/en\/shop\/\"},{\"@type\":\"ListItem\",\"position\":3,\"name\":\"Set de masa Paul Liewood &#8211; Rabbit\/Whale Blue Multi Mix\"}]},{\"@type\":\"WebSite\",\"@id\":\"https:\/\/bunnyboo.ro\/#website\",\"url\":\"https:\/\/bunnyboo.ro\/\",\"name\":\"Bunny Boo\",\"description\":\"Bunny Boo\",\"publisher\":{\"@id\":\"https:\/\/bunnyboo.ro\/#organization\"},\"potentialAction\":[{\"@type\":\"SearchAction\",\"target\":{\"@type\":\"EntryPoint\",\"urlTemplate\":\"https:\/\/bunnyboo.ro\/?s={search_term_string}\"},\"query-input\":\"required name=search_term_string\"}],\"inLanguage\":\"en-US\"},{\"@type\":\"Organization\",\"@id\":\"https:\/\/bunnyboo.ro\/#organization\",\"name\":\"Bunny Boo\",\"url\":\"https:\/\/bunnyboo.ro\/\",\"logo\":{\"@type\":\"ImageObject\",\"inLanguage\":\"en-US\",\"@id\":\"https:\/\/bunnyboo.ro\/#\/schema\/logo\/image\/\",\"url\":\"https:\/\/bunnyboo.ro\/wp-content\/uploads\/2024\/03\/Logo-website-black.png\",\"contentUrl\":\"https:\/\/bunnyboo.ro\/wp-content\/uploads\/2024\/03\/Logo-website-black.png\",\"width\":2422,\"height\":946,\"caption\":\"Bunny Boo\"},\"image\":{\"@id\":\"https:\/\/bunnyboo.ro\/#\/schema\/logo\/image\/\"}}]}<\/script>\n<!-- \/ Yoast SEO plugin. -->","yoast_head_json":{"title":"Set de masa Paul Liewood - Rabbit\/Whale Blue Multi Mix","robots":{"index":"index","follow":"follow","max-snippet":"max-snippet:-1","max-image-preview":"max-image-preview:large","max-video-preview":"max-video-preview:-1"},"canonical":"https:\/\/bunnyboo.ro\/produs\/set-de-masa-paul-liewood-rabbit-whale-blue-multi-mix\/","og_locale":"en_US","og_type":"article","og_title":"Set de masa Paul Liewood - Rabbit\/Whale Blue Multi Mix","og_description":"Set de vesel\u0103 pentru copilul t\u0103u, care va face orele de mas\u0103 \u0219i mai distractive. PLA este un material fabricat din surse regenerabile, deci \u00een loc s\u0103 fie bazat pe plastic, este bazat pe plante.&nbsp; Fabricat din produse agricole, granulatul PLA poate fi transformat \u00een produse sigure, durabile, care las\u0103 o amprent\u0103 ecologic\u0103 mai mic\u0103 [&hellip;]","og_url":"https:\/\/bunnyboo.ro\/produs\/set-de-masa-paul-liewood-rabbit-whale-blue-multi-mix\/","og_site_name":"Bunny Boo","article_modified_time":"2026-03-26T08:25:13+00:00","og_image":[{"width":800,"height":800,"url":"https:\/\/bunnyboo.ro\/wp-content\/uploads\/2022\/03\/paul-rabbit-whale-blue-multi-mix-dinnerware-set-liewood.jpeg","type":"image\/jpeg"}],"twitter_card":"summary_large_image","twitter_misc":{"Est. reading time":"1 minute"},"schema":{"@context":"https:\/\/schema.org","@graph":[{"@type":"WebPage","@id":"https:\/\/bunnyboo.ro\/produs\/set-de-masa-paul-liewood-rabbit-whale-blue-multi-mix\/","url":"https:\/\/bunnyboo.ro\/produs\/set-de-masa-paul-liewood-rabbit-whale-blue-multi-mix\/","name":"Set de masa Paul Liewood - Rabbit\/Whale Blue Multi Mix","isPartOf":{"@id":"https:\/\/bunnyboo.ro\/#website"},"primaryImageOfPage":{"@id":"https:\/\/bunnyboo.ro\/produs\/set-de-masa-paul-liewood-rabbit-whale-blue-multi-mix\/#primaryimage"},"image":{"@id":"https:\/\/bunnyboo.ro\/produs\/set-de-masa-paul-liewood-rabbit-whale-blue-multi-mix\/#primaryimage"},"thumbnailUrl":"https:\/\/bunnyboo.ro\/wp-content\/uploads\/2022\/03\/paul-rabbit-whale-blue-multi-mix-dinnerware-set-liewood.jpeg","datePublished":"2022-03-20T19:19:06+00:00","dateModified":"2026-03-26T08:25:13+00:00","breadcrumb":{"@id":"https:\/\/bunnyboo.ro\/produs\/set-de-masa-paul-liewood-rabbit-whale-blue-multi-mix\/#breadcrumb"},"inLanguage":"en-US","potentialAction":[{"@type":"ReadAction","target":["https:\/\/bunnyboo.ro\/produs\/set-de-masa-paul-liewood-rabbit-whale-blue-multi-mix\/"]}]},{"@type":"ImageObject","inLanguage":"en-US","@id":"https:\/\/bunnyboo.ro\/produs\/set-de-masa-paul-liewood-rabbit-whale-blue-multi-mix\/#primaryimage","url":"https:\/\/bunnyboo.ro\/wp-content\/uploads\/2022\/03\/paul-rabbit-whale-blue-multi-mix-dinnerware-set-liewood.jpeg","contentUrl":"https:\/\/bunnyboo.ro\/wp-content\/uploads\/2022\/03\/paul-rabbit-whale-blue-multi-mix-dinnerware-set-liewood.jpeg","width":800,"height":800,"caption":"paul-rabbit-whale-blue-multi-mix-dinnerware-set-liewood"},{"@type":"BreadcrumbList","@id":"https:\/\/bunnyboo.ro\/produs\/set-de-masa-paul-liewood-rabbit-whale-blue-multi-mix\/#breadcrumb","itemListElement":[{"@type":"ListItem","position":1,"name":"Home","item":"https:\/\/bunnyboo.ro\/en\/"},{"@type":"ListItem","position":2,"name":"New","item":"https:\/\/bunnyboo.ro\/en\/shop\/"},{"@type":"ListItem","position":3,"name":"Set de masa Paul Liewood &#8211; Rabbit\/Whale Blue Multi Mix"}]},{"@type":"WebSite","@id":"https:\/\/bunnyboo.ro\/#website","url":"https:\/\/bunnyboo.ro\/","name":"Bunny Boo","description":"Bunny Boo","publisher":{"@id":"https:\/\/bunnyboo.ro\/#organization"},"potentialAction":[{"@type":"SearchAction","target":{"@type":"EntryPoint","urlTemplate":"https:\/\/bunnyboo.ro\/?s={search_term_string}"},"query-input":"required name=search_term_string"}],"inLanguage":"en-US"},{"@type":"Organization","@id":"https:\/\/bunnyboo.ro\/#organization","name":"Bunny Boo","url":"https:\/\/bunnyboo.ro\/","logo":{"@type":"ImageObject","inLanguage":"en-US","@id":"https:\/\/bunnyboo.ro\/#\/schema\/logo\/image\/","url":"https:\/\/bunnyboo.ro\/wp-content\/uploads\/2024\/03\/Logo-website-black.png","contentUrl":"https:\/\/bunnyboo.ro\/wp-content\/uploads\/2024\/03\/Logo-website-black.png","width":2422,"height":946,"caption":"Bunny Boo"},"image":{"@id":"https:\/\/bunnyboo.ro\/#\/schema\/logo\/image\/"}}]}},"_links":{"self":[{"href":"https:\/\/bunnyboo.ro\/en\/wp-json\/wp\/v2\/product\/4005","targetHints":{"allow":["GET"]}}],"collection":[{"href":"https:\/\/bunnyboo.ro\/en\/wp-json\/wp\/v2\/product"}],"about":[{"href":"https:\/\/bunnyboo.ro\/en\/wp-json\/wp\/v2\/types\/product"}],"replies":[{"embeddable":true,"href":"https:\/\/bunnyboo.ro\/en\/wp-json\/wp\/v2\/comments?post=4005"}],"wp:featuredmedia":[{"embeddable":true,"href":"https:\/\/bunnyboo.ro\/en\/wp-json\/wp\/v2\/media\/4003"}],"wp:attachment":[{"href":"https:\/\/bunnyboo.ro\/en\/wp-json\/wp\/v2\/media?parent=4005"}],"wp:term":[{"taxonomy":"product_brand","embeddable":true,"href":"https:\/\/bunnyboo.ro\/en\/wp-json\/wp\/v2\/product_brand?post=4005"},{"taxonomy":"product_cat","embeddable":true,"href":"https:\/\/bunnyboo.ro\/en\/wp-json\/wp\/v2\/product_cat?post=4005"},{"taxonomy":"product_tag","embeddable":true,"href":"https:\/\/bunnyboo.ro\/en\/wp-json\/wp\/v2\/product_tag?post=4005"}],"curies":[{"name":"wp","href":"https:\/\/api.w.org\/{rel}","templated":true}]}}