{"id":3995,"date":"2022-03-20T19:15:16","date_gmt":"2022-03-20T19:15:16","guid":{"rendered":"https:\/\/bunnyboo.ro\/product\/set-2-cani-din-silicon-liewood-mr-bear-cat-tuscany-rose-pale-tuscany-mix\/"},"modified":"2025-11-04T09:02:47","modified_gmt":"2025-11-04T07:02:47","slug":"set-2-cani-din-silicon-liewood-mr-bear-cat-tuscany-rose-pale-tuscany-mix","status":"publish","type":"product","link":"https:\/\/bunnyboo.ro\/en\/produs\/set-2-cani-din-silicon-liewood-mr-bear-cat-tuscany-rose-pale-tuscany-mix\/","title":{"rendered":"Set 2 cani din silicon Liewood Mr Bear &#8211; Cat Tuscany Rose\/Pale Tuscany Mix"},"content":{"rendered":"<p class=\"MsoNormal\" style=\"margin: 0cm 0cm 7.5pt;\">Perfect pentru a st\u0103p\u00e2ni abilit\u0103\u021bile de a bea, paharul Neil \u201ef\u0103r\u0103 scurgeri\u201d are un capac deta\u0219abil cu o tetina mica \u0219i m\u00e2nere netede. M\u00e2nerele asigur\u0103 o prindere fixa \u0219i permit copilului s\u0103 exerseze \u021binerea \u0219i \u00eenclinarea \u0219i s\u0103 se preg\u0103teasc\u0103 pentru utilizarea unei cani deschise.<o:p><\/o:p><\/p>\n<p class=\"MsoNormal\" style=\"margin: 0cm 0cm 7.5pt;\">&nbsp;<\/p>\n<p class=\"MsoNormal\" style=\"margin: 0cm 0cm 7.5pt;\">\u2022 Material: 100% silicon<o:p><\/o:p><\/p>\n<p class=\"MsoNormal\" style=\"margin: 0cm 0cm 7.5pt;\">\u2022 U\u0219oare \u0219i u\u0219or de apucat de m\u00e2inile mici<o:p><\/o:p><\/p>\n<p class=\"MsoNormal\" style=\"margin: 0cm 0cm 7.5pt;\">\u2022 F\u0103r\u0103 substan\u021be chimice d\u0103un\u0103toare precum ftala\u021bi<o:p><\/o:p><\/p>\n<p class=\"MsoNormal\" style=\"margin: 0cm 0cm 7.5pt;\">\u2022 Nu se pot sparge<o:p><\/o:p><\/p>\n<p class=\"MsoNormal\" style=\"margin: 0cm 0cm 7.5pt;\">\u2022 Se poate sp\u0103la \u00een ma\u0219ina de sp\u0103lat vase la maxim 65 de grade<o:p><\/o:p><\/p>\n<p class=\"MsoNormal\" style=\"margin: 0cm 0cm 7.5pt;\">\u2022 2 cani<o:p><\/o:p><\/p>\n<p class=\"MsoNormal\" style=\"margin: 0cm 0cm 7.5pt;\">&nbsp;<\/p>\n","protected":false},"excerpt":{"rendered":"<p>Perfect pentru a st\u0103p\u00e2ni abilit\u0103\u021bile de a bea, paharul Neil \u201ef\u0103r\u0103 scurgeri\u201d are un capac deta\u0219abil cu o tetina mica \u0219i m\u00e2nere netede. M\u00e2nerele asigur\u0103 o prindere fixa \u0219i permit copilului s\u0103 exerseze \u021binerea \u0219i \u00eenclinarea \u0219i s\u0103 se preg\u0103teasc\u0103 pentru utilizarea unei cani deschise. &nbsp; \u2022 Material: 100% silicon \u2022 U\u0219oare \u0219i u\u0219or de [&hellip;]<\/p>\n","protected":false},"featured_media":3993,"comment_status":"open","ping_status":"closed","template":"","meta":{"site-sidebar-layout":"default","site-content-layout":"","ast-site-content-layout":"default","site-content-style":"default","site-sidebar-style":"default","ast-global-header-display":"","ast-banner-title-visibility":"","ast-main-header-display":"","ast-hfb-above-header-display":"","ast-hfb-below-header-display":"","ast-hfb-mobile-header-display":"","site-post-title":"","ast-breadcrumbs-content":"","ast-featured-img":"","footer-sml-layout":"","theme-transparent-header-meta":"default","adv-header-id-meta":"","stick-header-meta":"default","header-above-stick-meta":"","header-main-stick-meta":"","header-below-stick-meta":"","astra-migrate-meta-layouts":"set","ast-page-background-enabled":"default","ast-page-background-meta":{"desktop":{"background-color":"","background-image":"","background-repeat":"repeat","background-position":"center center","background-size":"auto","background-attachment":"scroll","background-type":"","background-media":"","overlay-type":"","overlay-color":"","overlay-opacity":"","overlay-gradient":""},"tablet":{"background-color":"","background-image":"","background-repeat":"repeat","background-position":"center center","background-size":"auto","background-attachment":"scroll","background-type":"","background-media":"","overlay-type":"","overlay-color":"","overlay-opacity":"","overlay-gradient":""},"mobile":{"background-color":"","background-image":"","background-repeat":"repeat","background-position":"center center","background-size":"auto","background-attachment":"scroll","background-type":"","background-media":"","overlay-type":"","overlay-color":"","overlay-opacity":"","overlay-gradient":""}},"ast-content-background-meta":{"desktop":{"background-color":"var(--ast-global-color-5)","background-image":"","background-repeat":"repeat","background-position":"center center","background-size":"auto","background-attachment":"scroll","background-type":"","background-media":"","overlay-type":"","overlay-color":"","overlay-opacity":"","overlay-gradient":""},"tablet":{"background-color":"var(--ast-global-color-5)","background-image":"","background-repeat":"repeat","background-position":"center center","background-size":"auto","background-attachment":"scroll","background-type":"","background-media":"","overlay-type":"","overlay-color":"","overlay-opacity":"","overlay-gradient":""},"mobile":{"background-color":"var(--ast-global-color-5)","background-image":"","background-repeat":"repeat","background-position":"center center","background-size":"auto","background-attachment":"scroll","background-type":"","background-media":"","overlay-type":"","overlay-color":"","overlay-opacity":"","overlay-gradient":""}}},"product_brand":[],"product_cat":[75],"product_tag":[],"class_list":{"0":"post-3995","1":"product","2":"type-product","3":"status-publish","4":"has-post-thumbnail","6":"product_cat-sticla-de-apa-favorita","7":"desktop-align-left","8":"tablet-align-left","9":"mobile-align-left","10":"ast-product-gallery-layout-horizontal-slider","11":"ast-product-tabs-layout-vertical","12":"ast-qv-on-image","14":"first","15":"instock","16":"sale","17":"shipping-taxable","18":"purchasable","19":"product-type-simple"},"yoast_head":"<!-- This site is optimized with the Yoast SEO plugin v22.6 - https:\/\/yoast.com\/wordpress\/plugins\/seo\/ -->\n<title>Set 2 cani din silicon Liewood Mr Bear - Cat Tuscany Rose\/Pale Tuscany Mix<\/title>\n<meta name=\"robots\" content=\"index, follow, max-snippet:-1, max-image-preview:large, max-video-preview:-1\" \/>\n<link rel=\"canonical\" href=\"https:\/\/bunnyboo.ro\/produs\/set-2-cani-din-silicon-liewood-mr-bear-cat-tuscany-rose-pale-tuscany-mix\/\" \/>\n<meta property=\"og:locale\" content=\"en_US\" \/>\n<meta property=\"og:type\" content=\"article\" \/>\n<meta property=\"og:title\" content=\"Set 2 cani din silicon Liewood Mr Bear - Cat Tuscany Rose\/Pale Tuscany Mix\" \/>\n<meta property=\"og:description\" content=\"Perfect pentru a st\u0103p\u00e2ni abilit\u0103\u021bile de a bea, paharul Neil \u201ef\u0103r\u0103 scurgeri\u201d are un capac deta\u0219abil cu o tetina mica \u0219i m\u00e2nere netede. M\u00e2nerele asigur\u0103 o prindere fixa \u0219i permit copilului s\u0103 exerseze \u021binerea \u0219i \u00eenclinarea \u0219i s\u0103 se preg\u0103teasc\u0103 pentru utilizarea unei cani deschise. &nbsp; \u2022 Material: 100% silicon \u2022 U\u0219oare \u0219i u\u0219or de [&hellip;]\" \/>\n<meta property=\"og:url\" content=\"https:\/\/bunnyboo.ro\/produs\/set-2-cani-din-silicon-liewood-mr-bear-cat-tuscany-rose-pale-tuscany-mix\/\" \/>\n<meta property=\"og:site_name\" content=\"Bunny Boo\" \/>\n<meta property=\"article:modified_time\" content=\"2025-11-04T07:02:47+00:00\" \/>\n<meta property=\"og:image\" content=\"https:\/\/bunnyboo.ro\/wp-content\/uploads\/2022\/03\/2D13B14A-1AA8-49ED-B4A2-B852D7305A0F.jpeg\" \/>\n\t<meta property=\"og:image:width\" content=\"1000\" \/>\n\t<meta property=\"og:image:height\" content=\"1000\" \/>\n\t<meta property=\"og:image:type\" content=\"image\/jpeg\" \/>\n<meta name=\"twitter:card\" content=\"summary_large_image\" \/>\n<script type=\"application\/ld+json\" class=\"yoast-schema-graph\">{\"@context\":\"https:\/\/schema.org\",\"@graph\":[{\"@type\":\"WebPage\",\"@id\":\"https:\/\/bunnyboo.ro\/produs\/set-2-cani-din-silicon-liewood-mr-bear-cat-tuscany-rose-pale-tuscany-mix\/\",\"url\":\"https:\/\/bunnyboo.ro\/produs\/set-2-cani-din-silicon-liewood-mr-bear-cat-tuscany-rose-pale-tuscany-mix\/\",\"name\":\"Set 2 cani din silicon Liewood Mr Bear - Cat Tuscany Rose\/Pale Tuscany Mix\",\"isPartOf\":{\"@id\":\"https:\/\/bunnyboo.ro\/#website\"},\"primaryImageOfPage\":{\"@id\":\"https:\/\/bunnyboo.ro\/produs\/set-2-cani-din-silicon-liewood-mr-bear-cat-tuscany-rose-pale-tuscany-mix\/#primaryimage\"},\"image\":{\"@id\":\"https:\/\/bunnyboo.ro\/produs\/set-2-cani-din-silicon-liewood-mr-bear-cat-tuscany-rose-pale-tuscany-mix\/#primaryimage\"},\"thumbnailUrl\":\"https:\/\/bunnyboo.ro\/wp-content\/uploads\/2022\/03\/2D13B14A-1AA8-49ED-B4A2-B852D7305A0F.jpeg\",\"datePublished\":\"2022-03-20T19:15:16+00:00\",\"dateModified\":\"2025-11-04T07:02:47+00:00\",\"breadcrumb\":{\"@id\":\"https:\/\/bunnyboo.ro\/produs\/set-2-cani-din-silicon-liewood-mr-bear-cat-tuscany-rose-pale-tuscany-mix\/#breadcrumb\"},\"inLanguage\":\"en-US\",\"potentialAction\":[{\"@type\":\"ReadAction\",\"target\":[\"https:\/\/bunnyboo.ro\/produs\/set-2-cani-din-silicon-liewood-mr-bear-cat-tuscany-rose-pale-tuscany-mix\/\"]}]},{\"@type\":\"ImageObject\",\"inLanguage\":\"en-US\",\"@id\":\"https:\/\/bunnyboo.ro\/produs\/set-2-cani-din-silicon-liewood-mr-bear-cat-tuscany-rose-pale-tuscany-mix\/#primaryimage\",\"url\":\"https:\/\/bunnyboo.ro\/wp-content\/uploads\/2022\/03\/2D13B14A-1AA8-49ED-B4A2-B852D7305A0F.jpeg\",\"contentUrl\":\"https:\/\/bunnyboo.ro\/wp-content\/uploads\/2022\/03\/2D13B14A-1AA8-49ED-B4A2-B852D7305A0F.jpeg\",\"width\":1000,\"height\":1000,\"caption\":\"2D13B14A-1AA8-49ED-B4A2-B852D7305A0F\"},{\"@type\":\"BreadcrumbList\",\"@id\":\"https:\/\/bunnyboo.ro\/produs\/set-2-cani-din-silicon-liewood-mr-bear-cat-tuscany-rose-pale-tuscany-mix\/#breadcrumb\",\"itemListElement\":[{\"@type\":\"ListItem\",\"position\":1,\"name\":\"Home\",\"item\":\"https:\/\/bunnyboo.ro\/en\/\"},{\"@type\":\"ListItem\",\"position\":2,\"name\":\"New\",\"item\":\"https:\/\/bunnyboo.ro\/en\/shop\/\"},{\"@type\":\"ListItem\",\"position\":3,\"name\":\"Set 2 cani din silicon Liewood Mr Bear &#8211; Cat Tuscany Rose\/Pale Tuscany Mix\"}]},{\"@type\":\"WebSite\",\"@id\":\"https:\/\/bunnyboo.ro\/#website\",\"url\":\"https:\/\/bunnyboo.ro\/\",\"name\":\"Bunny Boo\",\"description\":\"Bunny Boo\",\"publisher\":{\"@id\":\"https:\/\/bunnyboo.ro\/#organization\"},\"potentialAction\":[{\"@type\":\"SearchAction\",\"target\":{\"@type\":\"EntryPoint\",\"urlTemplate\":\"https:\/\/bunnyboo.ro\/?s={search_term_string}\"},\"query-input\":\"required name=search_term_string\"}],\"inLanguage\":\"en-US\"},{\"@type\":\"Organization\",\"@id\":\"https:\/\/bunnyboo.ro\/#organization\",\"name\":\"Bunny Boo\",\"url\":\"https:\/\/bunnyboo.ro\/\",\"logo\":{\"@type\":\"ImageObject\",\"inLanguage\":\"en-US\",\"@id\":\"https:\/\/bunnyboo.ro\/#\/schema\/logo\/image\/\",\"url\":\"https:\/\/bunnyboo.ro\/wp-content\/uploads\/2024\/03\/Logo-website-black.png\",\"contentUrl\":\"https:\/\/bunnyboo.ro\/wp-content\/uploads\/2024\/03\/Logo-website-black.png\",\"width\":2422,\"height\":946,\"caption\":\"Bunny Boo\"},\"image\":{\"@id\":\"https:\/\/bunnyboo.ro\/#\/schema\/logo\/image\/\"}}]}<\/script>\n<!-- \/ Yoast SEO plugin. -->","yoast_head_json":{"title":"Set 2 cani din silicon Liewood Mr Bear - Cat Tuscany Rose\/Pale Tuscany Mix","robots":{"index":"index","follow":"follow","max-snippet":"max-snippet:-1","max-image-preview":"max-image-preview:large","max-video-preview":"max-video-preview:-1"},"canonical":"https:\/\/bunnyboo.ro\/produs\/set-2-cani-din-silicon-liewood-mr-bear-cat-tuscany-rose-pale-tuscany-mix\/","og_locale":"en_US","og_type":"article","og_title":"Set 2 cani din silicon Liewood Mr Bear - Cat Tuscany Rose\/Pale Tuscany Mix","og_description":"Perfect pentru a st\u0103p\u00e2ni abilit\u0103\u021bile de a bea, paharul Neil \u201ef\u0103r\u0103 scurgeri\u201d are un capac deta\u0219abil cu o tetina mica \u0219i m\u00e2nere netede. M\u00e2nerele asigur\u0103 o prindere fixa \u0219i permit copilului s\u0103 exerseze \u021binerea \u0219i \u00eenclinarea \u0219i s\u0103 se preg\u0103teasc\u0103 pentru utilizarea unei cani deschise. &nbsp; \u2022 Material: 100% silicon \u2022 U\u0219oare \u0219i u\u0219or de [&hellip;]","og_url":"https:\/\/bunnyboo.ro\/produs\/set-2-cani-din-silicon-liewood-mr-bear-cat-tuscany-rose-pale-tuscany-mix\/","og_site_name":"Bunny Boo","article_modified_time":"2025-11-04T07:02:47+00:00","og_image":[{"width":1000,"height":1000,"url":"https:\/\/bunnyboo.ro\/wp-content\/uploads\/2022\/03\/2D13B14A-1AA8-49ED-B4A2-B852D7305A0F.jpeg","type":"image\/jpeg"}],"twitter_card":"summary_large_image","schema":{"@context":"https:\/\/schema.org","@graph":[{"@type":"WebPage","@id":"https:\/\/bunnyboo.ro\/produs\/set-2-cani-din-silicon-liewood-mr-bear-cat-tuscany-rose-pale-tuscany-mix\/","url":"https:\/\/bunnyboo.ro\/produs\/set-2-cani-din-silicon-liewood-mr-bear-cat-tuscany-rose-pale-tuscany-mix\/","name":"Set 2 cani din silicon Liewood Mr Bear - Cat Tuscany Rose\/Pale Tuscany Mix","isPartOf":{"@id":"https:\/\/bunnyboo.ro\/#website"},"primaryImageOfPage":{"@id":"https:\/\/bunnyboo.ro\/produs\/set-2-cani-din-silicon-liewood-mr-bear-cat-tuscany-rose-pale-tuscany-mix\/#primaryimage"},"image":{"@id":"https:\/\/bunnyboo.ro\/produs\/set-2-cani-din-silicon-liewood-mr-bear-cat-tuscany-rose-pale-tuscany-mix\/#primaryimage"},"thumbnailUrl":"https:\/\/bunnyboo.ro\/wp-content\/uploads\/2022\/03\/2D13B14A-1AA8-49ED-B4A2-B852D7305A0F.jpeg","datePublished":"2022-03-20T19:15:16+00:00","dateModified":"2025-11-04T07:02:47+00:00","breadcrumb":{"@id":"https:\/\/bunnyboo.ro\/produs\/set-2-cani-din-silicon-liewood-mr-bear-cat-tuscany-rose-pale-tuscany-mix\/#breadcrumb"},"inLanguage":"en-US","potentialAction":[{"@type":"ReadAction","target":["https:\/\/bunnyboo.ro\/produs\/set-2-cani-din-silicon-liewood-mr-bear-cat-tuscany-rose-pale-tuscany-mix\/"]}]},{"@type":"ImageObject","inLanguage":"en-US","@id":"https:\/\/bunnyboo.ro\/produs\/set-2-cani-din-silicon-liewood-mr-bear-cat-tuscany-rose-pale-tuscany-mix\/#primaryimage","url":"https:\/\/bunnyboo.ro\/wp-content\/uploads\/2022\/03\/2D13B14A-1AA8-49ED-B4A2-B852D7305A0F.jpeg","contentUrl":"https:\/\/bunnyboo.ro\/wp-content\/uploads\/2022\/03\/2D13B14A-1AA8-49ED-B4A2-B852D7305A0F.jpeg","width":1000,"height":1000,"caption":"2D13B14A-1AA8-49ED-B4A2-B852D7305A0F"},{"@type":"BreadcrumbList","@id":"https:\/\/bunnyboo.ro\/produs\/set-2-cani-din-silicon-liewood-mr-bear-cat-tuscany-rose-pale-tuscany-mix\/#breadcrumb","itemListElement":[{"@type":"ListItem","position":1,"name":"Home","item":"https:\/\/bunnyboo.ro\/en\/"},{"@type":"ListItem","position":2,"name":"New","item":"https:\/\/bunnyboo.ro\/en\/shop\/"},{"@type":"ListItem","position":3,"name":"Set 2 cani din silicon Liewood Mr Bear &#8211; Cat Tuscany Rose\/Pale Tuscany Mix"}]},{"@type":"WebSite","@id":"https:\/\/bunnyboo.ro\/#website","url":"https:\/\/bunnyboo.ro\/","name":"Bunny Boo","description":"Bunny Boo","publisher":{"@id":"https:\/\/bunnyboo.ro\/#organization"},"potentialAction":[{"@type":"SearchAction","target":{"@type":"EntryPoint","urlTemplate":"https:\/\/bunnyboo.ro\/?s={search_term_string}"},"query-input":"required name=search_term_string"}],"inLanguage":"en-US"},{"@type":"Organization","@id":"https:\/\/bunnyboo.ro\/#organization","name":"Bunny Boo","url":"https:\/\/bunnyboo.ro\/","logo":{"@type":"ImageObject","inLanguage":"en-US","@id":"https:\/\/bunnyboo.ro\/#\/schema\/logo\/image\/","url":"https:\/\/bunnyboo.ro\/wp-content\/uploads\/2024\/03\/Logo-website-black.png","contentUrl":"https:\/\/bunnyboo.ro\/wp-content\/uploads\/2024\/03\/Logo-website-black.png","width":2422,"height":946,"caption":"Bunny Boo"},"image":{"@id":"https:\/\/bunnyboo.ro\/#\/schema\/logo\/image\/"}}]}},"_links":{"self":[{"href":"https:\/\/bunnyboo.ro\/en\/wp-json\/wp\/v2\/product\/3995","targetHints":{"allow":["GET"]}}],"collection":[{"href":"https:\/\/bunnyboo.ro\/en\/wp-json\/wp\/v2\/product"}],"about":[{"href":"https:\/\/bunnyboo.ro\/en\/wp-json\/wp\/v2\/types\/product"}],"replies":[{"embeddable":true,"href":"https:\/\/bunnyboo.ro\/en\/wp-json\/wp\/v2\/comments?post=3995"}],"wp:featuredmedia":[{"embeddable":true,"href":"https:\/\/bunnyboo.ro\/en\/wp-json\/wp\/v2\/media\/3993"}],"wp:attachment":[{"href":"https:\/\/bunnyboo.ro\/en\/wp-json\/wp\/v2\/media?parent=3995"}],"wp:term":[{"taxonomy":"product_brand","embeddable":true,"href":"https:\/\/bunnyboo.ro\/en\/wp-json\/wp\/v2\/product_brand?post=3995"},{"taxonomy":"product_cat","embeddable":true,"href":"https:\/\/bunnyboo.ro\/en\/wp-json\/wp\/v2\/product_cat?post=3995"},{"taxonomy":"product_tag","embeddable":true,"href":"https:\/\/bunnyboo.ro\/en\/wp-json\/wp\/v2\/product_tag?post=3995"}],"curies":[{"name":"wp","href":"https:\/\/api.w.org\/{rel}","templated":true}]}}