{"id":3682,"date":"2024-05-14T17:13:52","date_gmt":"2024-05-14T14:13:52","guid":{"rendered":"https:\/\/bunnyboo.ro\/?post_type=product&#038;p=3682"},"modified":"2026-04-20T12:13:36","modified_gmt":"2026-04-20T09:13:36","slug":"cos-din-ratan-original-luggy-rose-ollieella","status":"publish","type":"product","link":"https:\/\/bunnyboo.ro\/en\/produs\/cos-din-ratan-original-luggy-rose-ollieella\/","title":{"rendered":"Cos din Ratan Original Luggy Rose &#8211; Ollie Ella"},"content":{"rendered":"<p>Un co\u0219 mic cu ro\u021bi pentru copilul t\u0103u, perfect pentru depozitarea \u0219i transportul celor mai pre\u021buite comori ale acestuia. Co\u0219ul Luggy Original va merge cu copilul t\u0103u peste tot, de la plaj\u0103 la locul de joac\u0103 sau pentru a te ajuta cu cumparaturile s\u0103pt\u0103m\u00e2nale! Noi iubim Luggy \u00een design de inspira\u021bie vintage!<\/p>\n<p>&nbsp;<\/p>\n<p>Dimensiuni: 55 x 30 x 20 cm<\/p>\n","protected":false},"excerpt":{"rendered":"<p>Un co\u0219 mic cu ro\u021bi pentru copilul t\u0103u, perfect pentru depozitarea \u0219i transportul celor mai pre\u021buite comori ale acestuia. Co\u0219ul Luggy Original va merge cu copilul t\u0103u peste tot, de la plaj\u0103 la locul de joac\u0103 sau pentru a te ajuta cu cumparaturile s\u0103pt\u0103m\u00e2nale! Noi iubim Luggy \u00een design de inspira\u021bie vintage! &nbsp; Dimensiuni: 55 [&hellip;]<\/p>\n","protected":false},"featured_media":35346,"comment_status":"open","ping_status":"closed","template":"","meta":{"site-sidebar-layout":"default","site-content-layout":"","ast-site-content-layout":"default","site-content-style":"default","site-sidebar-style":"default","ast-global-header-display":"","ast-banner-title-visibility":"","ast-main-header-display":"","ast-hfb-above-header-display":"","ast-hfb-below-header-display":"","ast-hfb-mobile-header-display":"","site-post-title":"","ast-breadcrumbs-content":"","ast-featured-img":"","footer-sml-layout":"","theme-transparent-header-meta":"default","adv-header-id-meta":"","stick-header-meta":"default","header-above-stick-meta":"","header-main-stick-meta":"","header-below-stick-meta":"","astra-migrate-meta-layouts":"set","ast-page-background-enabled":"default","ast-page-background-meta":{"desktop":{"background-color":"","background-image":"","background-repeat":"repeat","background-position":"center center","background-size":"auto","background-attachment":"scroll","background-type":"","background-media":"","overlay-type":"","overlay-color":"","overlay-opacity":"","overlay-gradient":""},"tablet":{"background-color":"","background-image":"","background-repeat":"repeat","background-position":"center center","background-size":"auto","background-attachment":"scroll","background-type":"","background-media":"","overlay-type":"","overlay-color":"","overlay-opacity":"","overlay-gradient":""},"mobile":{"background-color":"","background-image":"","background-repeat":"repeat","background-position":"center center","background-size":"auto","background-attachment":"scroll","background-type":"","background-media":"","overlay-type":"","overlay-color":"","overlay-opacity":"","overlay-gradient":""}},"ast-content-background-meta":{"desktop":{"background-color":"var(--ast-global-color-5)","background-image":"","background-repeat":"repeat","background-position":"center center","background-size":"auto","background-attachment":"scroll","background-type":"","background-media":"","overlay-type":"","overlay-color":"","overlay-opacity":"","overlay-gradient":""},"tablet":{"background-color":"var(--ast-global-color-5)","background-image":"","background-repeat":"repeat","background-position":"center center","background-size":"auto","background-attachment":"scroll","background-type":"","background-media":"","overlay-type":"","overlay-color":"","overlay-opacity":"","overlay-gradient":""},"mobile":{"background-color":"var(--ast-global-color-5)","background-image":"","background-repeat":"repeat","background-position":"center center","background-size":"auto","background-attachment":"scroll","background-type":"","background-media":"","overlay-type":"","overlay-color":"","overlay-opacity":"","overlay-gradient":""}}},"product_brand":[],"product_cat":[56,65,67,94,99],"product_tag":[],"class_list":{"0":"post-3682","1":"product","2":"type-product","3":"status-publish","4":"has-post-thumbnail","6":"product_cat-casuta-jucariilor-voastre-este-aici","7":"product_cat-noutati-minunate-pentru-puiul-tau","8":"product_cat-papusi-adorabile-si-accesoriile-lor-deosebite","9":"product_cat-distractie-in-natura","10":"product_cat-genti-ghiozdane-pentru-mama-si-pui","11":"desktop-align-left","12":"tablet-align-left","13":"mobile-align-left","14":"ast-product-gallery-layout-horizontal-slider","15":"ast-product-tabs-layout-vertical","16":"ast-qv-on-image","18":"first","19":"instock","20":"shipping-taxable","21":"purchasable","22":"product-type-simple"},"yoast_head":"<!-- This site is optimized with the Yoast SEO plugin v22.6 - https:\/\/yoast.com\/wordpress\/plugins\/seo\/ -->\n<title>Cos din Ratan Original Luggy Rose - Ollie Ella<\/title>\n<meta name=\"robots\" content=\"index, follow, max-snippet:-1, max-image-preview:large, max-video-preview:-1\" \/>\n<link rel=\"canonical\" href=\"https:\/\/bunnyboo.ro\/produs\/cos-din-ratan-original-luggy-rose-ollieella\/\" \/>\n<meta property=\"og:locale\" content=\"en_US\" \/>\n<meta property=\"og:type\" content=\"article\" \/>\n<meta property=\"og:title\" content=\"Cos din Ratan Original Luggy Rose - Ollie Ella\" \/>\n<meta property=\"og:description\" content=\"Un co\u0219 mic cu ro\u021bi pentru copilul t\u0103u, perfect pentru depozitarea \u0219i transportul celor mai pre\u021buite comori ale acestuia. Co\u0219ul Luggy Original va merge cu copilul t\u0103u peste tot, de la plaj\u0103 la locul de joac\u0103 sau pentru a te ajuta cu cumparaturile s\u0103pt\u0103m\u00e2nale! Noi iubim Luggy \u00een design de inspira\u021bie vintage! &nbsp; Dimensiuni: 55 [&hellip;]\" \/>\n<meta property=\"og:url\" content=\"https:\/\/bunnyboo.ro\/produs\/cos-din-ratan-original-luggy-rose-ollieella\/\" \/>\n<meta property=\"og:site_name\" content=\"Bunny Boo\" \/>\n<meta property=\"article:modified_time\" content=\"2026-04-20T09:13:36+00:00\" \/>\n<meta property=\"og:image\" content=\"https:\/\/bunnyboo.ro\/wp-content\/uploads\/2024\/05\/oe-storie-rose-front_594dece1-498d-457f-89a1-e0b9094f8ab4-removebg-preview.png\" \/>\n\t<meta property=\"og:image:width\" content=\"500\" \/>\n\t<meta property=\"og:image:height\" content=\"500\" \/>\n\t<meta property=\"og:image:type\" content=\"image\/png\" \/>\n<meta name=\"twitter:card\" content=\"summary_large_image\" \/>\n<meta name=\"twitter:label1\" content=\"Est. reading time\" \/>\n\t<meta name=\"twitter:data1\" content=\"1 minute\" \/>\n<script type=\"application\/ld+json\" class=\"yoast-schema-graph\">{\"@context\":\"https:\/\/schema.org\",\"@graph\":[{\"@type\":\"WebPage\",\"@id\":\"https:\/\/bunnyboo.ro\/produs\/cos-din-ratan-original-luggy-rose-ollieella\/\",\"url\":\"https:\/\/bunnyboo.ro\/produs\/cos-din-ratan-original-luggy-rose-ollieella\/\",\"name\":\"Cos din Ratan Original Luggy Rose - Ollie Ella\",\"isPartOf\":{\"@id\":\"https:\/\/bunnyboo.ro\/#website\"},\"primaryImageOfPage\":{\"@id\":\"https:\/\/bunnyboo.ro\/produs\/cos-din-ratan-original-luggy-rose-ollieella\/#primaryimage\"},\"image\":{\"@id\":\"https:\/\/bunnyboo.ro\/produs\/cos-din-ratan-original-luggy-rose-ollieella\/#primaryimage\"},\"thumbnailUrl\":\"https:\/\/bunnyboo.ro\/wp-content\/uploads\/2024\/05\/oe-storie-rose-front_594dece1-498d-457f-89a1-e0b9094f8ab4-removebg-preview.png\",\"datePublished\":\"2024-05-14T14:13:52+00:00\",\"dateModified\":\"2026-04-20T09:13:36+00:00\",\"breadcrumb\":{\"@id\":\"https:\/\/bunnyboo.ro\/produs\/cos-din-ratan-original-luggy-rose-ollieella\/#breadcrumb\"},\"inLanguage\":\"en-US\",\"potentialAction\":[{\"@type\":\"ReadAction\",\"target\":[\"https:\/\/bunnyboo.ro\/produs\/cos-din-ratan-original-luggy-rose-ollieella\/\"]}]},{\"@type\":\"ImageObject\",\"inLanguage\":\"en-US\",\"@id\":\"https:\/\/bunnyboo.ro\/produs\/cos-din-ratan-original-luggy-rose-ollieella\/#primaryimage\",\"url\":\"https:\/\/bunnyboo.ro\/wp-content\/uploads\/2024\/05\/oe-storie-rose-front_594dece1-498d-457f-89a1-e0b9094f8ab4-removebg-preview.png\",\"contentUrl\":\"https:\/\/bunnyboo.ro\/wp-content\/uploads\/2024\/05\/oe-storie-rose-front_594dece1-498d-457f-89a1-e0b9094f8ab4-removebg-preview.png\",\"width\":500,\"height\":500},{\"@type\":\"BreadcrumbList\",\"@id\":\"https:\/\/bunnyboo.ro\/produs\/cos-din-ratan-original-luggy-rose-ollieella\/#breadcrumb\",\"itemListElement\":[{\"@type\":\"ListItem\",\"position\":1,\"name\":\"Home\",\"item\":\"https:\/\/bunnyboo.ro\/en\/\"},{\"@type\":\"ListItem\",\"position\":2,\"name\":\"New\",\"item\":\"https:\/\/bunnyboo.ro\/en\/shop\/\"},{\"@type\":\"ListItem\",\"position\":3,\"name\":\"Cos din Ratan Original Luggy Rose &#8211; Ollie Ella\"}]},{\"@type\":\"WebSite\",\"@id\":\"https:\/\/bunnyboo.ro\/#website\",\"url\":\"https:\/\/bunnyboo.ro\/\",\"name\":\"Bunny Boo\",\"description\":\"Bunny Boo\",\"publisher\":{\"@id\":\"https:\/\/bunnyboo.ro\/#organization\"},\"potentialAction\":[{\"@type\":\"SearchAction\",\"target\":{\"@type\":\"EntryPoint\",\"urlTemplate\":\"https:\/\/bunnyboo.ro\/?s={search_term_string}\"},\"query-input\":\"required name=search_term_string\"}],\"inLanguage\":\"en-US\"},{\"@type\":\"Organization\",\"@id\":\"https:\/\/bunnyboo.ro\/#organization\",\"name\":\"Bunny Boo\",\"url\":\"https:\/\/bunnyboo.ro\/\",\"logo\":{\"@type\":\"ImageObject\",\"inLanguage\":\"en-US\",\"@id\":\"https:\/\/bunnyboo.ro\/#\/schema\/logo\/image\/\",\"url\":\"https:\/\/bunnyboo.ro\/wp-content\/uploads\/2024\/03\/Logo-website-black.png\",\"contentUrl\":\"https:\/\/bunnyboo.ro\/wp-content\/uploads\/2024\/03\/Logo-website-black.png\",\"width\":2422,\"height\":946,\"caption\":\"Bunny Boo\"},\"image\":{\"@id\":\"https:\/\/bunnyboo.ro\/#\/schema\/logo\/image\/\"}}]}<\/script>\n<!-- \/ Yoast SEO plugin. -->","yoast_head_json":{"title":"Cos din Ratan Original Luggy Rose - Ollie Ella","robots":{"index":"index","follow":"follow","max-snippet":"max-snippet:-1","max-image-preview":"max-image-preview:large","max-video-preview":"max-video-preview:-1"},"canonical":"https:\/\/bunnyboo.ro\/produs\/cos-din-ratan-original-luggy-rose-ollieella\/","og_locale":"en_US","og_type":"article","og_title":"Cos din Ratan Original Luggy Rose - Ollie Ella","og_description":"Un co\u0219 mic cu ro\u021bi pentru copilul t\u0103u, perfect pentru depozitarea \u0219i transportul celor mai pre\u021buite comori ale acestuia. Co\u0219ul Luggy Original va merge cu copilul t\u0103u peste tot, de la plaj\u0103 la locul de joac\u0103 sau pentru a te ajuta cu cumparaturile s\u0103pt\u0103m\u00e2nale! Noi iubim Luggy \u00een design de inspira\u021bie vintage! &nbsp; Dimensiuni: 55 [&hellip;]","og_url":"https:\/\/bunnyboo.ro\/produs\/cos-din-ratan-original-luggy-rose-ollieella\/","og_site_name":"Bunny Boo","article_modified_time":"2026-04-20T09:13:36+00:00","og_image":[{"width":500,"height":500,"url":"https:\/\/bunnyboo.ro\/wp-content\/uploads\/2024\/05\/oe-storie-rose-front_594dece1-498d-457f-89a1-e0b9094f8ab4-removebg-preview.png","type":"image\/png"}],"twitter_card":"summary_large_image","twitter_misc":{"Est. reading time":"1 minute"},"schema":{"@context":"https:\/\/schema.org","@graph":[{"@type":"WebPage","@id":"https:\/\/bunnyboo.ro\/produs\/cos-din-ratan-original-luggy-rose-ollieella\/","url":"https:\/\/bunnyboo.ro\/produs\/cos-din-ratan-original-luggy-rose-ollieella\/","name":"Cos din Ratan Original Luggy Rose - Ollie Ella","isPartOf":{"@id":"https:\/\/bunnyboo.ro\/#website"},"primaryImageOfPage":{"@id":"https:\/\/bunnyboo.ro\/produs\/cos-din-ratan-original-luggy-rose-ollieella\/#primaryimage"},"image":{"@id":"https:\/\/bunnyboo.ro\/produs\/cos-din-ratan-original-luggy-rose-ollieella\/#primaryimage"},"thumbnailUrl":"https:\/\/bunnyboo.ro\/wp-content\/uploads\/2024\/05\/oe-storie-rose-front_594dece1-498d-457f-89a1-e0b9094f8ab4-removebg-preview.png","datePublished":"2024-05-14T14:13:52+00:00","dateModified":"2026-04-20T09:13:36+00:00","breadcrumb":{"@id":"https:\/\/bunnyboo.ro\/produs\/cos-din-ratan-original-luggy-rose-ollieella\/#breadcrumb"},"inLanguage":"en-US","potentialAction":[{"@type":"ReadAction","target":["https:\/\/bunnyboo.ro\/produs\/cos-din-ratan-original-luggy-rose-ollieella\/"]}]},{"@type":"ImageObject","inLanguage":"en-US","@id":"https:\/\/bunnyboo.ro\/produs\/cos-din-ratan-original-luggy-rose-ollieella\/#primaryimage","url":"https:\/\/bunnyboo.ro\/wp-content\/uploads\/2024\/05\/oe-storie-rose-front_594dece1-498d-457f-89a1-e0b9094f8ab4-removebg-preview.png","contentUrl":"https:\/\/bunnyboo.ro\/wp-content\/uploads\/2024\/05\/oe-storie-rose-front_594dece1-498d-457f-89a1-e0b9094f8ab4-removebg-preview.png","width":500,"height":500},{"@type":"BreadcrumbList","@id":"https:\/\/bunnyboo.ro\/produs\/cos-din-ratan-original-luggy-rose-ollieella\/#breadcrumb","itemListElement":[{"@type":"ListItem","position":1,"name":"Home","item":"https:\/\/bunnyboo.ro\/en\/"},{"@type":"ListItem","position":2,"name":"New","item":"https:\/\/bunnyboo.ro\/en\/shop\/"},{"@type":"ListItem","position":3,"name":"Cos din Ratan Original Luggy Rose &#8211; Ollie Ella"}]},{"@type":"WebSite","@id":"https:\/\/bunnyboo.ro\/#website","url":"https:\/\/bunnyboo.ro\/","name":"Bunny Boo","description":"Bunny Boo","publisher":{"@id":"https:\/\/bunnyboo.ro\/#organization"},"potentialAction":[{"@type":"SearchAction","target":{"@type":"EntryPoint","urlTemplate":"https:\/\/bunnyboo.ro\/?s={search_term_string}"},"query-input":"required name=search_term_string"}],"inLanguage":"en-US"},{"@type":"Organization","@id":"https:\/\/bunnyboo.ro\/#organization","name":"Bunny Boo","url":"https:\/\/bunnyboo.ro\/","logo":{"@type":"ImageObject","inLanguage":"en-US","@id":"https:\/\/bunnyboo.ro\/#\/schema\/logo\/image\/","url":"https:\/\/bunnyboo.ro\/wp-content\/uploads\/2024\/03\/Logo-website-black.png","contentUrl":"https:\/\/bunnyboo.ro\/wp-content\/uploads\/2024\/03\/Logo-website-black.png","width":2422,"height":946,"caption":"Bunny Boo"},"image":{"@id":"https:\/\/bunnyboo.ro\/#\/schema\/logo\/image\/"}}]}},"_links":{"self":[{"href":"https:\/\/bunnyboo.ro\/en\/wp-json\/wp\/v2\/product\/3682","targetHints":{"allow":["GET"]}}],"collection":[{"href":"https:\/\/bunnyboo.ro\/en\/wp-json\/wp\/v2\/product"}],"about":[{"href":"https:\/\/bunnyboo.ro\/en\/wp-json\/wp\/v2\/types\/product"}],"replies":[{"embeddable":true,"href":"https:\/\/bunnyboo.ro\/en\/wp-json\/wp\/v2\/comments?post=3682"}],"wp:featuredmedia":[{"embeddable":true,"href":"https:\/\/bunnyboo.ro\/en\/wp-json\/wp\/v2\/media\/35346"}],"wp:attachment":[{"href":"https:\/\/bunnyboo.ro\/en\/wp-json\/wp\/v2\/media?parent=3682"}],"wp:term":[{"taxonomy":"product_brand","embeddable":true,"href":"https:\/\/bunnyboo.ro\/en\/wp-json\/wp\/v2\/product_brand?post=3682"},{"taxonomy":"product_cat","embeddable":true,"href":"https:\/\/bunnyboo.ro\/en\/wp-json\/wp\/v2\/product_cat?post=3682"},{"taxonomy":"product_tag","embeddable":true,"href":"https:\/\/bunnyboo.ro\/en\/wp-json\/wp\/v2\/product_tag?post=3682"}],"curies":[{"name":"wp","href":"https:\/\/api.w.org\/{rel}","templated":true}]}}