{"id":35537,"date":"2026-05-05T13:59:49","date_gmt":"2026-05-05T10:59:49","guid":{"rendered":"https:\/\/bunnyboo.ro\/?post_type=product&#038;p=35537"},"modified":"2026-05-05T14:00:16","modified_gmt":"2026-05-05T11:00:16","slug":"microfon-karaoke-beinta-liewood-2","status":"publish","type":"product","link":"https:\/\/bunnyboo.ro\/en\/produs\/microfon-karaoke-beinta-liewood-2\/","title":{"rendered":"Microfon Karaoke Beinta &#8211; Liewood"},"content":{"rendered":"<div class=\"pointer-mode H_6D6F\">\n<div class=\"D_F ek_BB H_6D6F aw_2941hk ba_10I1Qt az_oOItw ay_Z1nkUQx I_kt4zd\">\n<div id=\"app\" class=\"D_F ek_BB H_6D6F cZ1RN91d_n s_1HCsWR aw_Z22yhkg I_kt4zd az_DW ba_Z2gmOa3 ay_Z1cYiMT c2hBT4u_Zm6i39 cZTwBjO_Zdogtk\" tabindex=\"-1\" data-test-id=\"mail-app\">\n<div class=\"I_ZnwrMC D_F em_N o_h W_6D6F H_6D6F\" data-test-id=\"content-area\">\n<div class=\"D_F em_N o_h s_1HCsWR\" data-test-id=\"content-below-tabs\">\n<div id=\"mail-app-component-container\" class=\"D_F em_N ej_eUh o_h\">\n<div id=\"mail-app-component\" class=\"em_N ek_BB gl_C j_ZUs0f0 o_h p_R D_F s_e5X x_Z14vXdP\" data-yaft-module=\"norrin_main\" data-test-id=\"mail-app-component\">\n<div class=\"F_N gl_C o_h D_F p_R U_0 I_ZkbNhI\" data-test-id=\"mail-app-main-content\">\n<div class=\"D_F ek_BB p_a Z_0 L_0 R_0 T_0 B_0 cZ1RN91d_GG I_ZnwrMC\" data-test-id=\"message-group-view\">\n<div class=\"iz_A I_ZkbNhI em_0 Z_0\" role=\"main\" data-test-id=\"message-group-view-scroller\" aria-label=\"Message View\">\n<div data-test-id=\"focus-group\" aria-label=\"Keyboard navigation group. Use arrow keys to navigate, or tab to the next group.\">\n<div class=\"p_R b_2w4lU5 I_ZkbNhI em_N it_689y X_fq7 N_6LEV iu_FJ is_Z2bg7IA iv_0 iv3_dRA cZdTOHS_28Otf4 j_ZUs0f0 message-view\" tabindex=\"40\" data-test-id=\"message-view\" data-test-expanded=\"true\" data-iskeynav=\"true\">\n<div data-test-id=\"message-body-container\">\n<div class=\"I_ZkbNhI D_FY W_6D6F\" data-test-id=\"message-view-body\">\n<div class=\"msg-body P_wpofO mq_AS\" data-test-id=\"message-view-body-content\">\n<div class=\"jb_0 X_6MGW N_6Fd5\">\n<div>\n<div id=\"yiv3802657369\">\n<div>\n<p>BEINTA \u2013 Microfon karaoke wireless cu schimbare de voce<\/p>\n<p>Transform\u0103 momentele de zi cu zi \u00eentr-un adev\u0103rat spectacol cu microfonul karaoke wireless BEINTA \u2013 ideal pentru petreceri, \u00eent\u00e2lniri de joac\u0103 sau reprezenta\u021bii spontane. Cu func\u021bii distractive de modificare a vocii (robot, monstru, bebelu\u0219 \u0219i altele) \u0219i posibilitate de conectare TWS pentru duete, BEINTA se conecteaz\u0103 u\u0219or la orice dispozitiv pentru o experien\u021b\u0103 de c\u00e2ntat interactiv\u0103 \u0219i plin\u0103 de veselie.<\/p>\n<p>Caracteristici:<\/p>\n<ul>\n<li>Microfon karaoke wireless distractiv<\/li>\n<li>Se conecteaz\u0103 u\u0219or la dispozitivul preferat pentru a c\u00e2nta al\u0103turi de melodiile favorite<\/li>\n<li>Func\u021bie unic\u0103 de modificare a vocii: robot, monstru, bebelu\u0219 \u0219i multe altele<\/li>\n<li>Re\u00eenc\u0103rcabil, cu cablu USB-C inclus<\/li>\n<li>Mod TWS pentru conectarea a dou\u0103 microfoane \u0219i interpretarea duetelor<\/li>\n<li>Ideal pentru petreceri aniversare sau pentru a aduce z\u00e2mbete \u00eentr-o sear\u0103 obi\u0219nuit\u0103<\/li>\n<\/ul>\n<p>Dimensiuni: Diametru \u2013 6,3 cm | Lungime \u2013 20,1 cm<\/p>\n<\/div>\n<\/div>\n<\/div>\n<\/div>\n<\/div>\n<\/div>\n<\/div>\n<\/div>\n<\/div>\n<\/div>\n<\/div>\n<\/div>\n<div class=\"B_0 Z_d48 p_f L_3o4BO K_3DpOq D_F cZW7ROP_n eo_HB ek_FB ab_CH\" data-test-id=\"compact-compose-container\"><\/div>\n<\/div>\n<\/div>\n<\/div>\n<\/div>\n<\/div>\n<\/div>\n<\/div>\n","protected":false},"excerpt":{"rendered":"<p>BEINTA \u2013 Microfon karaoke wireless cu schimbare de voce Transform\u0103 momentele de zi cu zi \u00eentr-un adev\u0103rat spectacol cu microfonul karaoke wireless BEINTA \u2013 ideal pentru petreceri, \u00eent\u00e2lniri de joac\u0103 sau reprezenta\u021bii spontane. Cu func\u021bii distractive de modificare a vocii (robot, monstru, bebelu\u0219 \u0219i altele) \u0219i posibilitate de conectare TWS pentru duete, BEINTA se conecteaz\u0103 [&hellip;]<\/p>\n","protected":false},"featured_media":31279,"comment_status":"open","ping_status":"closed","template":"","meta":{"site-sidebar-layout":"default","site-content-layout":"","ast-site-content-layout":"default","site-content-style":"default","site-sidebar-style":"default","ast-global-header-display":"","ast-banner-title-visibility":"","ast-main-header-display":"","ast-hfb-above-header-display":"","ast-hfb-below-header-display":"","ast-hfb-mobile-header-display":"","site-post-title":"","ast-breadcrumbs-content":"","ast-featured-img":"","footer-sml-layout":"","theme-transparent-header-meta":"default","adv-header-id-meta":"","stick-header-meta":"default","header-above-stick-meta":"","header-main-stick-meta":"","header-below-stick-meta":"","astra-migrate-meta-layouts":"set","ast-page-background-enabled":"default","ast-page-background-meta":{"desktop":{"background-color":"","background-image":"","background-repeat":"repeat","background-position":"center center","background-size":"auto","background-attachment":"scroll","background-type":"","background-media":"","overlay-type":"","overlay-color":"","overlay-opacity":"","overlay-gradient":""},"tablet":{"background-color":"","background-image":"","background-repeat":"repeat","background-position":"center center","background-size":"auto","background-attachment":"scroll","background-type":"","background-media":"","overlay-type":"","overlay-color":"","overlay-opacity":"","overlay-gradient":""},"mobile":{"background-color":"","background-image":"","background-repeat":"repeat","background-position":"center center","background-size":"auto","background-attachment":"scroll","background-type":"","background-media":"","overlay-type":"","overlay-color":"","overlay-opacity":"","overlay-gradient":""}},"ast-content-background-meta":{"desktop":{"background-color":"var(--ast-global-color-5)","background-image":"","background-repeat":"repeat","background-position":"center center","background-size":"auto","background-attachment":"scroll","background-type":"","background-media":"","overlay-type":"","overlay-color":"","overlay-opacity":"","overlay-gradient":""},"tablet":{"background-color":"var(--ast-global-color-5)","background-image":"","background-repeat":"repeat","background-position":"center center","background-size":"auto","background-attachment":"scroll","background-type":"","background-media":"","overlay-type":"","overlay-color":"","overlay-opacity":"","overlay-gradient":""},"mobile":{"background-color":"var(--ast-global-color-5)","background-image":"","background-repeat":"repeat","background-position":"center center","background-size":"auto","background-attachment":"scroll","background-type":"","background-media":"","overlay-type":"","overlay-color":"","overlay-opacity":"","overlay-gradient":""}}},"product_brand":[],"product_cat":[274,293,65,67,132],"product_tag":[],"class_list":{"0":"post-35537","1":"product","2":"type-product","3":"status-publish","4":"has-post-thumbnail","6":"product_cat-fotografie-si-distractie-in-acelasi-timp","7":"product_cat-decoratiuni-fairytale-si-jucarii-minunate","8":"product_cat-noutati-minunate-pentru-puiul-tau","9":"product_cat-papusi-adorabile-si-accesoriile-lor-deosebite","10":"product_cat-reduceri-pentru-tine","11":"desktop-align-left","12":"tablet-align-left","13":"mobile-align-left","14":"ast-product-gallery-layout-horizontal-slider","15":"ast-product-tabs-layout-vertical","16":"ast-qv-on-image","18":"first","19":"instock","20":"shipping-taxable","21":"purchasable","22":"product-type-simple"},"yoast_head":"<!-- This site is optimized with the Yoast SEO plugin v22.6 - https:\/\/yoast.com\/wordpress\/plugins\/seo\/ -->\n<title>Microfon Karaoke Beinta - Liewood<\/title>\n<meta name=\"robots\" content=\"index, follow, max-snippet:-1, max-image-preview:large, max-video-preview:-1\" \/>\n<link rel=\"canonical\" href=\"https:\/\/bunnyboo.ro\/produs\/microfon-karaoke-beinta-liewood-2\/\" \/>\n<meta property=\"og:locale\" content=\"ro_RO\" \/>\n<meta property=\"og:type\" content=\"article\" \/>\n<meta property=\"og:title\" content=\"Microfon Karaoke Beinta - Liewood\" \/>\n<meta property=\"og:description\" content=\"BEINTA \u2013 Microfon karaoke wireless cu schimbare de voce Transform\u0103 momentele de zi cu zi \u00eentr-un adev\u0103rat spectacol cu microfonul karaoke wireless BEINTA \u2013 ideal pentru petreceri, \u00eent\u00e2lniri de joac\u0103 sau reprezenta\u021bii spontane. Cu func\u021bii distractive de modificare a vocii (robot, monstru, bebelu\u0219 \u0219i altele) \u0219i posibilitate de conectare TWS pentru duete, BEINTA se conecteaz\u0103 [&hellip;]\" \/>\n<meta property=\"og:url\" content=\"https:\/\/bunnyboo.ro\/produs\/microfon-karaoke-beinta-liewood-2\/\" \/>\n<meta property=\"og:site_name\" content=\"Bunny Boo\" \/>\n<meta property=\"article:modified_time\" content=\"2026-05-05T11:00:16+00:00\" \/>\n<meta property=\"og:image\" content=\"https:\/\/bunnyboo.ro\/wp-content\/uploads\/2025\/08\/Beinta_Karaoke_Microphone_LW20397_1232_Peach_Sea_shell_1.png\" \/>\n\t<meta property=\"og:image:width\" content=\"2000\" \/>\n\t<meta property=\"og:image:height\" content=\"2000\" \/>\n\t<meta property=\"og:image:type\" content=\"image\/png\" \/>\n<meta name=\"twitter:card\" content=\"summary_large_image\" \/>\n<meta name=\"twitter:label1\" content=\"Est. reading time\" \/>\n\t<meta name=\"twitter:data1\" content=\"1 minut\" \/>\n<script type=\"application\/ld+json\" class=\"yoast-schema-graph\">{\"@context\":\"https:\/\/schema.org\",\"@graph\":[{\"@type\":\"WebPage\",\"@id\":\"https:\/\/bunnyboo.ro\/produs\/microfon-karaoke-beinta-liewood-2\/\",\"url\":\"https:\/\/bunnyboo.ro\/produs\/microfon-karaoke-beinta-liewood-2\/\",\"name\":\"Microfon Karaoke Beinta - Liewood\",\"isPartOf\":{\"@id\":\"https:\/\/bunnyboo.ro\/#website\"},\"primaryImageOfPage\":{\"@id\":\"https:\/\/bunnyboo.ro\/produs\/microfon-karaoke-beinta-liewood-2\/#primaryimage\"},\"image\":{\"@id\":\"https:\/\/bunnyboo.ro\/produs\/microfon-karaoke-beinta-liewood-2\/#primaryimage\"},\"thumbnailUrl\":\"https:\/\/bunnyboo.ro\/wp-content\/uploads\/2025\/08\/Beinta_Karaoke_Microphone_LW20397_1232_Peach_Sea_shell_1.png\",\"datePublished\":\"2026-05-05T10:59:49+00:00\",\"dateModified\":\"2026-05-05T11:00:16+00:00\",\"breadcrumb\":{\"@id\":\"https:\/\/bunnyboo.ro\/produs\/microfon-karaoke-beinta-liewood-2\/#breadcrumb\"},\"inLanguage\":\"ro-RO\",\"potentialAction\":[{\"@type\":\"ReadAction\",\"target\":[\"https:\/\/bunnyboo.ro\/produs\/microfon-karaoke-beinta-liewood-2\/\"]}]},{\"@type\":\"ImageObject\",\"inLanguage\":\"ro-RO\",\"@id\":\"https:\/\/bunnyboo.ro\/produs\/microfon-karaoke-beinta-liewood-2\/#primaryimage\",\"url\":\"https:\/\/bunnyboo.ro\/wp-content\/uploads\/2025\/08\/Beinta_Karaoke_Microphone_LW20397_1232_Peach_Sea_shell_1.png\",\"contentUrl\":\"https:\/\/bunnyboo.ro\/wp-content\/uploads\/2025\/08\/Beinta_Karaoke_Microphone_LW20397_1232_Peach_Sea_shell_1.png\",\"width\":2000,\"height\":2000},{\"@type\":\"BreadcrumbList\",\"@id\":\"https:\/\/bunnyboo.ro\/produs\/microfon-karaoke-beinta-liewood-2\/#breadcrumb\",\"itemListElement\":[{\"@type\":\"ListItem\",\"position\":1,\"name\":\"Home\",\"item\":\"https:\/\/bunnyboo.ro\/en\/\"},{\"@type\":\"ListItem\",\"position\":2,\"name\":\"New\",\"item\":\"https:\/\/bunnyboo.ro\/en\/shop\/\"},{\"@type\":\"ListItem\",\"position\":3,\"name\":\"Microfon Karaoke Beinta &#8211; Liewood\"}]},{\"@type\":\"WebSite\",\"@id\":\"https:\/\/bunnyboo.ro\/#website\",\"url\":\"https:\/\/bunnyboo.ro\/\",\"name\":\"Bunny Boo\",\"description\":\"Bunny Boo\",\"publisher\":{\"@id\":\"https:\/\/bunnyboo.ro\/#organization\"},\"potentialAction\":[{\"@type\":\"SearchAction\",\"target\":{\"@type\":\"EntryPoint\",\"urlTemplate\":\"https:\/\/bunnyboo.ro\/?s={search_term_string}\"},\"query-input\":\"required name=search_term_string\"}],\"inLanguage\":\"ro-RO\"},{\"@type\":\"Organization\",\"@id\":\"https:\/\/bunnyboo.ro\/#organization\",\"name\":\"Bunny Boo\",\"url\":\"https:\/\/bunnyboo.ro\/\",\"logo\":{\"@type\":\"ImageObject\",\"inLanguage\":\"ro-RO\",\"@id\":\"https:\/\/bunnyboo.ro\/#\/schema\/logo\/image\/\",\"url\":\"https:\/\/bunnyboo.ro\/wp-content\/uploads\/2024\/03\/Logo-website-black.png\",\"contentUrl\":\"https:\/\/bunnyboo.ro\/wp-content\/uploads\/2024\/03\/Logo-website-black.png\",\"width\":2422,\"height\":946,\"caption\":\"Bunny Boo\"},\"image\":{\"@id\":\"https:\/\/bunnyboo.ro\/#\/schema\/logo\/image\/\"}}]}<\/script>\n<!-- \/ Yoast SEO plugin. -->","yoast_head_json":{"title":"Microfon Karaoke Beinta - Liewood","robots":{"index":"index","follow":"follow","max-snippet":"max-snippet:-1","max-image-preview":"max-image-preview:large","max-video-preview":"max-video-preview:-1"},"canonical":"https:\/\/bunnyboo.ro\/produs\/microfon-karaoke-beinta-liewood-2\/","og_locale":"ro_RO","og_type":"article","og_title":"Microfon Karaoke Beinta - Liewood","og_description":"BEINTA \u2013 Microfon karaoke wireless cu schimbare de voce Transform\u0103 momentele de zi cu zi \u00eentr-un adev\u0103rat spectacol cu microfonul karaoke wireless BEINTA \u2013 ideal pentru petreceri, \u00eent\u00e2lniri de joac\u0103 sau reprezenta\u021bii spontane. Cu func\u021bii distractive de modificare a vocii (robot, monstru, bebelu\u0219 \u0219i altele) \u0219i posibilitate de conectare TWS pentru duete, BEINTA se conecteaz\u0103 [&hellip;]","og_url":"https:\/\/bunnyboo.ro\/produs\/microfon-karaoke-beinta-liewood-2\/","og_site_name":"Bunny Boo","article_modified_time":"2026-05-05T11:00:16+00:00","og_image":[{"width":2000,"height":2000,"url":"https:\/\/bunnyboo.ro\/wp-content\/uploads\/2025\/08\/Beinta_Karaoke_Microphone_LW20397_1232_Peach_Sea_shell_1.png","type":"image\/png"}],"twitter_card":"summary_large_image","twitter_misc":{"Est. reading time":"1 minut"},"schema":{"@context":"https:\/\/schema.org","@graph":[{"@type":"WebPage","@id":"https:\/\/bunnyboo.ro\/produs\/microfon-karaoke-beinta-liewood-2\/","url":"https:\/\/bunnyboo.ro\/produs\/microfon-karaoke-beinta-liewood-2\/","name":"Microfon Karaoke Beinta - Liewood","isPartOf":{"@id":"https:\/\/bunnyboo.ro\/#website"},"primaryImageOfPage":{"@id":"https:\/\/bunnyboo.ro\/produs\/microfon-karaoke-beinta-liewood-2\/#primaryimage"},"image":{"@id":"https:\/\/bunnyboo.ro\/produs\/microfon-karaoke-beinta-liewood-2\/#primaryimage"},"thumbnailUrl":"https:\/\/bunnyboo.ro\/wp-content\/uploads\/2025\/08\/Beinta_Karaoke_Microphone_LW20397_1232_Peach_Sea_shell_1.png","datePublished":"2026-05-05T10:59:49+00:00","dateModified":"2026-05-05T11:00:16+00:00","breadcrumb":{"@id":"https:\/\/bunnyboo.ro\/produs\/microfon-karaoke-beinta-liewood-2\/#breadcrumb"},"inLanguage":"ro-RO","potentialAction":[{"@type":"ReadAction","target":["https:\/\/bunnyboo.ro\/produs\/microfon-karaoke-beinta-liewood-2\/"]}]},{"@type":"ImageObject","inLanguage":"ro-RO","@id":"https:\/\/bunnyboo.ro\/produs\/microfon-karaoke-beinta-liewood-2\/#primaryimage","url":"https:\/\/bunnyboo.ro\/wp-content\/uploads\/2025\/08\/Beinta_Karaoke_Microphone_LW20397_1232_Peach_Sea_shell_1.png","contentUrl":"https:\/\/bunnyboo.ro\/wp-content\/uploads\/2025\/08\/Beinta_Karaoke_Microphone_LW20397_1232_Peach_Sea_shell_1.png","width":2000,"height":2000},{"@type":"BreadcrumbList","@id":"https:\/\/bunnyboo.ro\/produs\/microfon-karaoke-beinta-liewood-2\/#breadcrumb","itemListElement":[{"@type":"ListItem","position":1,"name":"Home","item":"https:\/\/bunnyboo.ro\/en\/"},{"@type":"ListItem","position":2,"name":"New","item":"https:\/\/bunnyboo.ro\/en\/shop\/"},{"@type":"ListItem","position":3,"name":"Microfon Karaoke Beinta &#8211; Liewood"}]},{"@type":"WebSite","@id":"https:\/\/bunnyboo.ro\/#website","url":"https:\/\/bunnyboo.ro\/","name":"Bunny Boo","description":"Bunny Boo","publisher":{"@id":"https:\/\/bunnyboo.ro\/#organization"},"potentialAction":[{"@type":"SearchAction","target":{"@type":"EntryPoint","urlTemplate":"https:\/\/bunnyboo.ro\/?s={search_term_string}"},"query-input":"required name=search_term_string"}],"inLanguage":"ro-RO"},{"@type":"Organization","@id":"https:\/\/bunnyboo.ro\/#organization","name":"Bunny Boo","url":"https:\/\/bunnyboo.ro\/","logo":{"@type":"ImageObject","inLanguage":"ro-RO","@id":"https:\/\/bunnyboo.ro\/#\/schema\/logo\/image\/","url":"https:\/\/bunnyboo.ro\/wp-content\/uploads\/2024\/03\/Logo-website-black.png","contentUrl":"https:\/\/bunnyboo.ro\/wp-content\/uploads\/2024\/03\/Logo-website-black.png","width":2422,"height":946,"caption":"Bunny Boo"},"image":{"@id":"https:\/\/bunnyboo.ro\/#\/schema\/logo\/image\/"}}]}},"_links":{"self":[{"href":"https:\/\/bunnyboo.ro\/en\/wp-json\/wp\/v2\/product\/35537","targetHints":{"allow":["GET"]}}],"collection":[{"href":"https:\/\/bunnyboo.ro\/en\/wp-json\/wp\/v2\/product"}],"about":[{"href":"https:\/\/bunnyboo.ro\/en\/wp-json\/wp\/v2\/types\/product"}],"replies":[{"embeddable":true,"href":"https:\/\/bunnyboo.ro\/en\/wp-json\/wp\/v2\/comments?post=35537"}],"wp:featuredmedia":[{"embeddable":true,"href":"https:\/\/bunnyboo.ro\/en\/wp-json\/wp\/v2\/media\/31279"}],"wp:attachment":[{"href":"https:\/\/bunnyboo.ro\/en\/wp-json\/wp\/v2\/media?parent=35537"}],"wp:term":[{"taxonomy":"product_brand","embeddable":true,"href":"https:\/\/bunnyboo.ro\/en\/wp-json\/wp\/v2\/product_brand?post=35537"},{"taxonomy":"product_cat","embeddable":true,"href":"https:\/\/bunnyboo.ro\/en\/wp-json\/wp\/v2\/product_cat?post=35537"},{"taxonomy":"product_tag","embeddable":true,"href":"https:\/\/bunnyboo.ro\/en\/wp-json\/wp\/v2\/product_tag?post=35537"}],"curies":[{"name":"wp","href":"https:\/\/api.w.org\/{rel}","templated":true}]}}