{"id":35096,"date":"2026-03-17T13:16:48","date_gmt":"2026-03-17T11:16:48","guid":{"rendered":"https:\/\/bunnyboo.ro\/?post_type=product&#038;p=35096"},"modified":"2026-03-31T12:13:16","modified_gmt":"2026-03-31T09:13:16","slug":"iepuras-din-plus-binky-bunny-hop","status":"publish","type":"product","link":"https:\/\/bunnyboo.ro\/en\/produs\/iepuras-din-plus-binky-bunny-hop\/","title":{"rendered":"Iepuras din plus Binky Bunny &#8211; Hop"},"content":{"rendered":"<p>Micu\u021b, dar plin de personalitate, Binky Bunny Hop este mereu \u00een centrul aten\u021biei. Organizator natural al petrecerilor de ceai \u0219i al micilor aventuri secrete, Dot p\u0103streaz\u0103 lucrurile dulci, ordonate \u0219i pline de magie \u2013 iar suzeta ei morcov este \u00eentotdeauna \u00eentr-un loc important (\u0219i ea \u0219tie exact unde).<\/p>\n<p>Gura iepura\u0219ului este magnetic\u0103, astfel \u00eenc\u00e2t poate \u021bine suzeta \u00een form\u0103 de morcov, poate prinde gust\u0103ri magnetice de joac\u0103 sau poate \u00eemp\u0103r\u021bi \u201epupici\u201d cu al\u021bi prieteni magnetici.<\/p>\n<p>&nbsp;<\/p>\n<p>Caracteristici<\/p>\n<ul>\n<li>Gur\u0103 magnetic\u0103 pentru suzeta morcov \u0219i accesorii magnetice de joac\u0103<\/li>\n<li>Magnet ascuns \u00een partea din spate a g\u00e2tului, pentru a putea fi purtat de al\u021bi prieteni magnetici<\/li>\n<li>Corp flexibil, u\u0219or ponderat \u00een interior pentru o senza\u021bie realist\u0103<\/li>\n<li>Recomandat pentru copii de la 10 luni \u00een sus<\/li>\n<li>Se recomand\u0103 supravegherea unui adult \u00een timpul utiliz\u0103rii<\/li>\n<\/ul>\n<p>Con\u021binutul pachetului<\/p>\n<ul>\n<li>Iepura\u0219ul Binky Bunny Hop<\/li>\n<li>Suzet\u0103 magnetic\u0103 \u00een form\u0103 de morcov<\/li>\n<\/ul>\n<p>Dimensiuni<\/p>\n<p>&nbsp;<\/p>\n<ul>\n<li>23 \u00d7 8 \u00d7 16 cm<\/li>\n<li>Greutate: 0,11 kg<\/li>\n<\/ul>\n<p>&nbsp;<\/p>\n<p>\u00centre\u021binere<\/p>\n<ul>\n<li>Se spal\u0103 la ma\u0219in\u0103 pe program delicat, \u00een sac pentru rufe<\/li>\n<li>Nu se folose\u0219te \u00een\u0103lbitor<\/li>\n<li>Nu se las\u0103 la \u00eenmuiat \u0219i nu se freac\u0103<\/li>\n<li>Se usuc\u0103 imediat dup\u0103 sp\u0103lare<\/li>\n<li>Nu se usuc\u0103 \u00een usc\u0103tor, nu se calc\u0103 \u0219i nu se cur\u0103\u021b\u0103 chimic<\/li>\n<\/ul>\n","protected":false},"excerpt":{"rendered":"<p>Micu\u021b, dar plin de personalitate, Binky Bunny Hop este mereu \u00een centrul aten\u021biei. Organizator natural al petrecerilor de ceai \u0219i al micilor aventuri secrete, Dot p\u0103streaz\u0103 lucrurile dulci, ordonate \u0219i pline de magie \u2013 iar suzeta ei morcov este \u00eentotdeauna \u00eentr-un loc important (\u0219i ea \u0219tie exact unde). Gura iepura\u0219ului este magnetic\u0103, astfel \u00eenc\u00e2t poate [&hellip;]<\/p>\n","protected":false},"featured_media":35101,"comment_status":"open","ping_status":"closed","template":"","meta":{"site-sidebar-layout":"default","site-content-layout":"","ast-site-content-layout":"default","site-content-style":"default","site-sidebar-style":"default","ast-global-header-display":"","ast-banner-title-visibility":"","ast-main-header-display":"","ast-hfb-above-header-display":"","ast-hfb-below-header-display":"","ast-hfb-mobile-header-display":"","site-post-title":"","ast-breadcrumbs-content":"","ast-featured-img":"","footer-sml-layout":"","theme-transparent-header-meta":"default","adv-header-id-meta":"","stick-header-meta":"default","header-above-stick-meta":"","header-main-stick-meta":"","header-below-stick-meta":"","astra-migrate-meta-layouts":"set","ast-page-background-enabled":"default","ast-page-background-meta":{"desktop":{"background-color":"","background-image":"","background-repeat":"repeat","background-position":"center center","background-size":"auto","background-attachment":"scroll","background-type":"","background-media":"","overlay-type":"","overlay-color":"","overlay-opacity":"","overlay-gradient":""},"tablet":{"background-color":"","background-image":"","background-repeat":"repeat","background-position":"center center","background-size":"auto","background-attachment":"scroll","background-type":"","background-media":"","overlay-type":"","overlay-color":"","overlay-opacity":"","overlay-gradient":""},"mobile":{"background-color":"","background-image":"","background-repeat":"repeat","background-position":"center center","background-size":"auto","background-attachment":"scroll","background-type":"","background-media":"","overlay-type":"","overlay-color":"","overlay-opacity":"","overlay-gradient":""}},"ast-content-background-meta":{"desktop":{"background-color":"var(--ast-global-color-5)","background-image":"","background-repeat":"repeat","background-position":"center center","background-size":"auto","background-attachment":"scroll","background-type":"","background-media":"","overlay-type":"","overlay-color":"","overlay-opacity":"","overlay-gradient":""},"tablet":{"background-color":"var(--ast-global-color-5)","background-image":"","background-repeat":"repeat","background-position":"center center","background-size":"auto","background-attachment":"scroll","background-type":"","background-media":"","overlay-type":"","overlay-color":"","overlay-opacity":"","overlay-gradient":""},"mobile":{"background-color":"var(--ast-global-color-5)","background-image":"","background-repeat":"repeat","background-position":"center center","background-size":"auto","background-attachment":"scroll","background-type":"","background-media":"","overlay-type":"","overlay-color":"","overlay-opacity":"","overlay-gradient":""}}},"product_brand":[],"product_cat":[52,65],"product_tag":[],"class_list":{"0":"post-35096","1":"product","2":"type-product","3":"status-publish","4":"has-post-thumbnail","6":"product_cat-cei-mai-buni-prieteni","7":"product_cat-noutati-minunate-pentru-puiul-tau","8":"desktop-align-left","9":"tablet-align-left","10":"mobile-align-left","11":"ast-product-gallery-layout-horizontal-slider","12":"ast-product-tabs-layout-vertical","13":"ast-qv-on-image","15":"first","16":"instock","17":"shipping-taxable","18":"purchasable","19":"product-type-simple"},"yoast_head":"<!-- This site is optimized with the Yoast SEO plugin v22.6 - https:\/\/yoast.com\/wordpress\/plugins\/seo\/ -->\n<title>Iepuras din plus Binky Bunny - Hop<\/title>\n<meta name=\"robots\" content=\"index, follow, max-snippet:-1, max-image-preview:large, max-video-preview:-1\" \/>\n<link rel=\"canonical\" href=\"https:\/\/bunnyboo.ro\/produs\/iepuras-din-plus-binky-bunny-hop\/\" \/>\n<meta property=\"og:locale\" content=\"en_US\" \/>\n<meta property=\"og:type\" content=\"article\" \/>\n<meta property=\"og:title\" content=\"Iepuras din plus Binky Bunny - Hop\" \/>\n<meta property=\"og:description\" content=\"Micu\u021b, dar plin de personalitate, Binky Bunny Hop este mereu \u00een centrul aten\u021biei. Organizator natural al petrecerilor de ceai \u0219i al micilor aventuri secrete, Dot p\u0103streaz\u0103 lucrurile dulci, ordonate \u0219i pline de magie \u2013 iar suzeta ei morcov este \u00eentotdeauna \u00eentr-un loc important (\u0219i ea \u0219tie exact unde). Gura iepura\u0219ului este magnetic\u0103, astfel \u00eenc\u00e2t poate [&hellip;]\" \/>\n<meta property=\"og:url\" content=\"https:\/\/bunnyboo.ro\/produs\/iepuras-din-plus-binky-bunny-hop\/\" \/>\n<meta property=\"og:site_name\" content=\"Bunny Boo\" \/>\n<meta property=\"article:modified_time\" content=\"2026-03-31T09:13:16+00:00\" \/>\n<meta property=\"og:image\" content=\"https:\/\/bunnyboo.ro\/wp-content\/uploads\/2026\/03\/Binky_Barnyard_Hop_2_web.png\" \/>\n\t<meta property=\"og:image:width\" content=\"800\" \/>\n\t<meta property=\"og:image:height\" content=\"800\" \/>\n\t<meta property=\"og:image:type\" content=\"image\/png\" \/>\n<meta name=\"twitter:card\" content=\"summary_large_image\" \/>\n<meta name=\"twitter:label1\" content=\"Est. reading time\" \/>\n\t<meta name=\"twitter:data1\" content=\"2 minutes\" \/>\n<script type=\"application\/ld+json\" class=\"yoast-schema-graph\">{\"@context\":\"https:\/\/schema.org\",\"@graph\":[{\"@type\":\"WebPage\",\"@id\":\"https:\/\/bunnyboo.ro\/produs\/iepuras-din-plus-binky-bunny-hop\/\",\"url\":\"https:\/\/bunnyboo.ro\/produs\/iepuras-din-plus-binky-bunny-hop\/\",\"name\":\"Iepuras din plus Binky Bunny - Hop\",\"isPartOf\":{\"@id\":\"https:\/\/bunnyboo.ro\/#website\"},\"primaryImageOfPage\":{\"@id\":\"https:\/\/bunnyboo.ro\/produs\/iepuras-din-plus-binky-bunny-hop\/#primaryimage\"},\"image\":{\"@id\":\"https:\/\/bunnyboo.ro\/produs\/iepuras-din-plus-binky-bunny-hop\/#primaryimage\"},\"thumbnailUrl\":\"https:\/\/bunnyboo.ro\/wp-content\/uploads\/2026\/03\/Binky_Barnyard_Hop_2_web.png\",\"datePublished\":\"2026-03-17T11:16:48+00:00\",\"dateModified\":\"2026-03-31T09:13:16+00:00\",\"breadcrumb\":{\"@id\":\"https:\/\/bunnyboo.ro\/produs\/iepuras-din-plus-binky-bunny-hop\/#breadcrumb\"},\"inLanguage\":\"en-US\",\"potentialAction\":[{\"@type\":\"ReadAction\",\"target\":[\"https:\/\/bunnyboo.ro\/produs\/iepuras-din-plus-binky-bunny-hop\/\"]}]},{\"@type\":\"ImageObject\",\"inLanguage\":\"en-US\",\"@id\":\"https:\/\/bunnyboo.ro\/produs\/iepuras-din-plus-binky-bunny-hop\/#primaryimage\",\"url\":\"https:\/\/bunnyboo.ro\/wp-content\/uploads\/2026\/03\/Binky_Barnyard_Hop_2_web.png\",\"contentUrl\":\"https:\/\/bunnyboo.ro\/wp-content\/uploads\/2026\/03\/Binky_Barnyard_Hop_2_web.png\",\"width\":800,\"height\":800},{\"@type\":\"BreadcrumbList\",\"@id\":\"https:\/\/bunnyboo.ro\/produs\/iepuras-din-plus-binky-bunny-hop\/#breadcrumb\",\"itemListElement\":[{\"@type\":\"ListItem\",\"position\":1,\"name\":\"Home\",\"item\":\"https:\/\/bunnyboo.ro\/en\/\"},{\"@type\":\"ListItem\",\"position\":2,\"name\":\"New\",\"item\":\"https:\/\/bunnyboo.ro\/en\/shop\/\"},{\"@type\":\"ListItem\",\"position\":3,\"name\":\"Iepuras din plus Binky Bunny &#8211; Hop\"}]},{\"@type\":\"WebSite\",\"@id\":\"https:\/\/bunnyboo.ro\/#website\",\"url\":\"https:\/\/bunnyboo.ro\/\",\"name\":\"Bunny Boo\",\"description\":\"Bunny Boo\",\"publisher\":{\"@id\":\"https:\/\/bunnyboo.ro\/#organization\"},\"potentialAction\":[{\"@type\":\"SearchAction\",\"target\":{\"@type\":\"EntryPoint\",\"urlTemplate\":\"https:\/\/bunnyboo.ro\/?s={search_term_string}\"},\"query-input\":\"required name=search_term_string\"}],\"inLanguage\":\"en-US\"},{\"@type\":\"Organization\",\"@id\":\"https:\/\/bunnyboo.ro\/#organization\",\"name\":\"Bunny Boo\",\"url\":\"https:\/\/bunnyboo.ro\/\",\"logo\":{\"@type\":\"ImageObject\",\"inLanguage\":\"en-US\",\"@id\":\"https:\/\/bunnyboo.ro\/#\/schema\/logo\/image\/\",\"url\":\"https:\/\/bunnyboo.ro\/wp-content\/uploads\/2024\/03\/Logo-website-black.png\",\"contentUrl\":\"https:\/\/bunnyboo.ro\/wp-content\/uploads\/2024\/03\/Logo-website-black.png\",\"width\":2422,\"height\":946,\"caption\":\"Bunny Boo\"},\"image\":{\"@id\":\"https:\/\/bunnyboo.ro\/#\/schema\/logo\/image\/\"}}]}<\/script>\n<!-- \/ Yoast SEO plugin. -->","yoast_head_json":{"title":"Iepuras din plus Binky Bunny - Hop","robots":{"index":"index","follow":"follow","max-snippet":"max-snippet:-1","max-image-preview":"max-image-preview:large","max-video-preview":"max-video-preview:-1"},"canonical":"https:\/\/bunnyboo.ro\/produs\/iepuras-din-plus-binky-bunny-hop\/","og_locale":"en_US","og_type":"article","og_title":"Iepuras din plus Binky Bunny - Hop","og_description":"Micu\u021b, dar plin de personalitate, Binky Bunny Hop este mereu \u00een centrul aten\u021biei. Organizator natural al petrecerilor de ceai \u0219i al micilor aventuri secrete, Dot p\u0103streaz\u0103 lucrurile dulci, ordonate \u0219i pline de magie \u2013 iar suzeta ei morcov este \u00eentotdeauna \u00eentr-un loc important (\u0219i ea \u0219tie exact unde). Gura iepura\u0219ului este magnetic\u0103, astfel \u00eenc\u00e2t poate [&hellip;]","og_url":"https:\/\/bunnyboo.ro\/produs\/iepuras-din-plus-binky-bunny-hop\/","og_site_name":"Bunny Boo","article_modified_time":"2026-03-31T09:13:16+00:00","og_image":[{"width":800,"height":800,"url":"https:\/\/bunnyboo.ro\/wp-content\/uploads\/2026\/03\/Binky_Barnyard_Hop_2_web.png","type":"image\/png"}],"twitter_card":"summary_large_image","twitter_misc":{"Est. reading time":"2 minutes"},"schema":{"@context":"https:\/\/schema.org","@graph":[{"@type":"WebPage","@id":"https:\/\/bunnyboo.ro\/produs\/iepuras-din-plus-binky-bunny-hop\/","url":"https:\/\/bunnyboo.ro\/produs\/iepuras-din-plus-binky-bunny-hop\/","name":"Iepuras din plus Binky Bunny - Hop","isPartOf":{"@id":"https:\/\/bunnyboo.ro\/#website"},"primaryImageOfPage":{"@id":"https:\/\/bunnyboo.ro\/produs\/iepuras-din-plus-binky-bunny-hop\/#primaryimage"},"image":{"@id":"https:\/\/bunnyboo.ro\/produs\/iepuras-din-plus-binky-bunny-hop\/#primaryimage"},"thumbnailUrl":"https:\/\/bunnyboo.ro\/wp-content\/uploads\/2026\/03\/Binky_Barnyard_Hop_2_web.png","datePublished":"2026-03-17T11:16:48+00:00","dateModified":"2026-03-31T09:13:16+00:00","breadcrumb":{"@id":"https:\/\/bunnyboo.ro\/produs\/iepuras-din-plus-binky-bunny-hop\/#breadcrumb"},"inLanguage":"en-US","potentialAction":[{"@type":"ReadAction","target":["https:\/\/bunnyboo.ro\/produs\/iepuras-din-plus-binky-bunny-hop\/"]}]},{"@type":"ImageObject","inLanguage":"en-US","@id":"https:\/\/bunnyboo.ro\/produs\/iepuras-din-plus-binky-bunny-hop\/#primaryimage","url":"https:\/\/bunnyboo.ro\/wp-content\/uploads\/2026\/03\/Binky_Barnyard_Hop_2_web.png","contentUrl":"https:\/\/bunnyboo.ro\/wp-content\/uploads\/2026\/03\/Binky_Barnyard_Hop_2_web.png","width":800,"height":800},{"@type":"BreadcrumbList","@id":"https:\/\/bunnyboo.ro\/produs\/iepuras-din-plus-binky-bunny-hop\/#breadcrumb","itemListElement":[{"@type":"ListItem","position":1,"name":"Home","item":"https:\/\/bunnyboo.ro\/en\/"},{"@type":"ListItem","position":2,"name":"New","item":"https:\/\/bunnyboo.ro\/en\/shop\/"},{"@type":"ListItem","position":3,"name":"Iepuras din plus Binky Bunny &#8211; Hop"}]},{"@type":"WebSite","@id":"https:\/\/bunnyboo.ro\/#website","url":"https:\/\/bunnyboo.ro\/","name":"Bunny Boo","description":"Bunny Boo","publisher":{"@id":"https:\/\/bunnyboo.ro\/#organization"},"potentialAction":[{"@type":"SearchAction","target":{"@type":"EntryPoint","urlTemplate":"https:\/\/bunnyboo.ro\/?s={search_term_string}"},"query-input":"required name=search_term_string"}],"inLanguage":"en-US"},{"@type":"Organization","@id":"https:\/\/bunnyboo.ro\/#organization","name":"Bunny Boo","url":"https:\/\/bunnyboo.ro\/","logo":{"@type":"ImageObject","inLanguage":"en-US","@id":"https:\/\/bunnyboo.ro\/#\/schema\/logo\/image\/","url":"https:\/\/bunnyboo.ro\/wp-content\/uploads\/2024\/03\/Logo-website-black.png","contentUrl":"https:\/\/bunnyboo.ro\/wp-content\/uploads\/2024\/03\/Logo-website-black.png","width":2422,"height":946,"caption":"Bunny Boo"},"image":{"@id":"https:\/\/bunnyboo.ro\/#\/schema\/logo\/image\/"}}]}},"_links":{"self":[{"href":"https:\/\/bunnyboo.ro\/en\/wp-json\/wp\/v2\/product\/35096","targetHints":{"allow":["GET"]}}],"collection":[{"href":"https:\/\/bunnyboo.ro\/en\/wp-json\/wp\/v2\/product"}],"about":[{"href":"https:\/\/bunnyboo.ro\/en\/wp-json\/wp\/v2\/types\/product"}],"replies":[{"embeddable":true,"href":"https:\/\/bunnyboo.ro\/en\/wp-json\/wp\/v2\/comments?post=35096"}],"wp:featuredmedia":[{"embeddable":true,"href":"https:\/\/bunnyboo.ro\/en\/wp-json\/wp\/v2\/media\/35101"}],"wp:attachment":[{"href":"https:\/\/bunnyboo.ro\/en\/wp-json\/wp\/v2\/media?parent=35096"}],"wp:term":[{"taxonomy":"product_brand","embeddable":true,"href":"https:\/\/bunnyboo.ro\/en\/wp-json\/wp\/v2\/product_brand?post=35096"},{"taxonomy":"product_cat","embeddable":true,"href":"https:\/\/bunnyboo.ro\/en\/wp-json\/wp\/v2\/product_cat?post=35096"},{"taxonomy":"product_tag","embeddable":true,"href":"https:\/\/bunnyboo.ro\/en\/wp-json\/wp\/v2\/product_tag?post=35096"}],"curies":[{"name":"wp","href":"https:\/\/api.w.org\/{rel}","templated":true}]}}