{"id":35081,"date":"2026-03-17T13:16:38","date_gmt":"2026-03-17T11:16:38","guid":{"rendered":"https:\/\/bunnyboo.ro\/?post_type=product&#038;p=35081"},"modified":"2026-04-04T11:57:56","modified_gmt":"2026-04-04T08:57:56","slug":"mielut-din-plus-binky-lamb-may","status":"publish","type":"product","link":"https:\/\/bunnyboo.ro\/en\/produs\/mielut-din-plus-binky-lamb-may\/","title":{"rendered":"Mielut din plus Binky Lamb &#8211; May"},"content":{"rendered":"<p>Un prieten bl\u00e2nd pentru momente lini\u0219tite<\/p>\n<p>Binky Lamb May este o juc\u0103rie de plu\u0219 delicat\u0103, calm\u0103 \u0219i mereu gata s\u0103 p\u0103streze cele mai pre\u021bioase secrete. Cu un fleece moale ca un nor \u0219i o personalitate lini\u0219tit\u0103, May devine rapid prietenul preferat al celor mici atunci c\u00e2nd au nevoie de confort \u0219i lini\u0219te.<\/p>\n<p>May nu \u021bine doar suzeta \u2013 ea creeaz\u0103 atmosfera perfect\u0103 pentru momente de relaxare \u0219i \u00eembr\u0103\u021bi\u0219\u0103ri.<\/p>\n<p>Guri\u021ba magnetic\u0103 \u00eei permite s\u0103 \u021bin\u0103 suzeta sau s\u0103 interac\u021bioneze cu alte accesorii magnetice din colec\u021bia Binky.<\/p>\n<p>Caracteristici<\/p>\n<ul>\n<li>Gur\u0103 magnetic\u0103 pentru suzet\u0103 \u0219i accesorii magnetice<\/li>\n<li>Magnet \u00een partea din spate a g\u00e2tului, pentru a putea fi purtat\u0103 de p\u0103pu\u0219ile Dream Dinkum sau anim\u0103lu\u021bele Dinkum Pets<\/li>\n<li>Corp flexibil cu o greutate delicat\u0103 \u00een interior<\/li>\n<li>Material moale, tip fleece<\/li>\n<li>Recomandat\u0103 pentru copii de la 10 luni<\/li>\n<\/ul>\n<p>Se recomand\u0103 supravegherea copiilor \u00een timpul utiliz\u0103rii.<\/p>\n<p>Con\u021binutul pachetului<\/p>\n<ul>\n<li>Binky Lamb May<\/li>\n<li>Suzet\u0103 magnetic\u0103 Peach<\/li>\n<\/ul>\n<p>Dimensiuni<\/p>\n<ul>\n<li>23 \u00d7 8 \u00d7 16 cm<\/li>\n<li>Greutate: 0,11 kg<\/li>\n<\/ul>\n","protected":false},"excerpt":{"rendered":"<p>Un prieten bl\u00e2nd pentru momente lini\u0219tite Binky Lamb May este o juc\u0103rie de plu\u0219 delicat\u0103, calm\u0103 \u0219i mereu gata s\u0103 p\u0103streze cele mai pre\u021bioase secrete. Cu un fleece moale ca un nor \u0219i o personalitate lini\u0219tit\u0103, May devine rapid prietenul preferat al celor mici atunci c\u00e2nd au nevoie de confort \u0219i lini\u0219te. May nu \u021bine [&hellip;]<\/p>\n","protected":false},"featured_media":35082,"comment_status":"open","ping_status":"closed","template":"","meta":{"site-sidebar-layout":"default","site-content-layout":"","ast-site-content-layout":"default","site-content-style":"default","site-sidebar-style":"default","ast-global-header-display":"","ast-banner-title-visibility":"","ast-main-header-display":"","ast-hfb-above-header-display":"","ast-hfb-below-header-display":"","ast-hfb-mobile-header-display":"","site-post-title":"","ast-breadcrumbs-content":"","ast-featured-img":"","footer-sml-layout":"","theme-transparent-header-meta":"default","adv-header-id-meta":"","stick-header-meta":"default","header-above-stick-meta":"","header-main-stick-meta":"","header-below-stick-meta":"","astra-migrate-meta-layouts":"set","ast-page-background-enabled":"default","ast-page-background-meta":{"desktop":{"background-color":"","background-image":"","background-repeat":"repeat","background-position":"center center","background-size":"auto","background-attachment":"scroll","background-type":"","background-media":"","overlay-type":"","overlay-color":"","overlay-opacity":"","overlay-gradient":""},"tablet":{"background-color":"","background-image":"","background-repeat":"repeat","background-position":"center center","background-size":"auto","background-attachment":"scroll","background-type":"","background-media":"","overlay-type":"","overlay-color":"","overlay-opacity":"","overlay-gradient":""},"mobile":{"background-color":"","background-image":"","background-repeat":"repeat","background-position":"center center","background-size":"auto","background-attachment":"scroll","background-type":"","background-media":"","overlay-type":"","overlay-color":"","overlay-opacity":"","overlay-gradient":""}},"ast-content-background-meta":{"desktop":{"background-color":"var(--ast-global-color-5)","background-image":"","background-repeat":"repeat","background-position":"center center","background-size":"auto","background-attachment":"scroll","background-type":"","background-media":"","overlay-type":"","overlay-color":"","overlay-opacity":"","overlay-gradient":""},"tablet":{"background-color":"var(--ast-global-color-5)","background-image":"","background-repeat":"repeat","background-position":"center center","background-size":"auto","background-attachment":"scroll","background-type":"","background-media":"","overlay-type":"","overlay-color":"","overlay-opacity":"","overlay-gradient":""},"mobile":{"background-color":"var(--ast-global-color-5)","background-image":"","background-repeat":"repeat","background-position":"center center","background-size":"auto","background-attachment":"scroll","background-type":"","background-media":"","overlay-type":"","overlay-color":"","overlay-opacity":"","overlay-gradient":""}}},"product_brand":[],"product_cat":[52,65],"product_tag":[],"class_list":{"0":"post-35081","1":"product","2":"type-product","3":"status-publish","4":"has-post-thumbnail","6":"product_cat-cei-mai-buni-prieteni","7":"product_cat-noutati-minunate-pentru-puiul-tau","8":"desktop-align-left","9":"tablet-align-left","10":"mobile-align-left","11":"ast-product-gallery-layout-horizontal-slider","12":"ast-product-tabs-layout-vertical","13":"ast-qv-on-image","15":"first","16":"instock","17":"shipping-taxable","18":"purchasable","19":"product-type-simple"},"yoast_head":"<!-- This site is optimized with the Yoast SEO plugin v22.6 - https:\/\/yoast.com\/wordpress\/plugins\/seo\/ -->\n<title>Mielut din plus Binky Lamb - May<\/title>\n<meta name=\"robots\" content=\"index, follow, max-snippet:-1, max-image-preview:large, max-video-preview:-1\" \/>\n<link rel=\"canonical\" href=\"https:\/\/bunnyboo.ro\/produs\/mielut-din-plus-binky-lamb-may\/\" \/>\n<meta property=\"og:locale\" content=\"en_US\" \/>\n<meta property=\"og:type\" content=\"article\" \/>\n<meta property=\"og:title\" content=\"Mielut din plus Binky Lamb - May\" \/>\n<meta property=\"og:description\" content=\"Un prieten bl\u00e2nd pentru momente lini\u0219tite Binky Lamb May este o juc\u0103rie de plu\u0219 delicat\u0103, calm\u0103 \u0219i mereu gata s\u0103 p\u0103streze cele mai pre\u021bioase secrete. Cu un fleece moale ca un nor \u0219i o personalitate lini\u0219tit\u0103, May devine rapid prietenul preferat al celor mici atunci c\u00e2nd au nevoie de confort \u0219i lini\u0219te. May nu \u021bine [&hellip;]\" \/>\n<meta property=\"og:url\" content=\"https:\/\/bunnyboo.ro\/produs\/mielut-din-plus-binky-lamb-may\/\" \/>\n<meta property=\"og:site_name\" content=\"Bunny Boo\" \/>\n<meta property=\"article:modified_time\" content=\"2026-04-04T08:57:56+00:00\" \/>\n<meta property=\"og:image\" content=\"https:\/\/bunnyboo.ro\/wp-content\/uploads\/2026\/03\/Binky_Barnyard_May_02_web.png\" \/>\n\t<meta property=\"og:image:width\" content=\"800\" \/>\n\t<meta property=\"og:image:height\" content=\"800\" \/>\n\t<meta property=\"og:image:type\" content=\"image\/png\" \/>\n<meta name=\"twitter:card\" content=\"summary_large_image\" \/>\n<meta name=\"twitter:label1\" content=\"Est. reading time\" \/>\n\t<meta name=\"twitter:data1\" content=\"2 minutes\" \/>\n<script type=\"application\/ld+json\" class=\"yoast-schema-graph\">{\"@context\":\"https:\/\/schema.org\",\"@graph\":[{\"@type\":\"WebPage\",\"@id\":\"https:\/\/bunnyboo.ro\/produs\/mielut-din-plus-binky-lamb-may\/\",\"url\":\"https:\/\/bunnyboo.ro\/produs\/mielut-din-plus-binky-lamb-may\/\",\"name\":\"Mielut din plus Binky Lamb - May\",\"isPartOf\":{\"@id\":\"https:\/\/bunnyboo.ro\/#website\"},\"primaryImageOfPage\":{\"@id\":\"https:\/\/bunnyboo.ro\/produs\/mielut-din-plus-binky-lamb-may\/#primaryimage\"},\"image\":{\"@id\":\"https:\/\/bunnyboo.ro\/produs\/mielut-din-plus-binky-lamb-may\/#primaryimage\"},\"thumbnailUrl\":\"https:\/\/bunnyboo.ro\/wp-content\/uploads\/2026\/03\/Binky_Barnyard_May_02_web.png\",\"datePublished\":\"2026-03-17T11:16:38+00:00\",\"dateModified\":\"2026-04-04T08:57:56+00:00\",\"breadcrumb\":{\"@id\":\"https:\/\/bunnyboo.ro\/produs\/mielut-din-plus-binky-lamb-may\/#breadcrumb\"},\"inLanguage\":\"en-US\",\"potentialAction\":[{\"@type\":\"ReadAction\",\"target\":[\"https:\/\/bunnyboo.ro\/produs\/mielut-din-plus-binky-lamb-may\/\"]}]},{\"@type\":\"ImageObject\",\"inLanguage\":\"en-US\",\"@id\":\"https:\/\/bunnyboo.ro\/produs\/mielut-din-plus-binky-lamb-may\/#primaryimage\",\"url\":\"https:\/\/bunnyboo.ro\/wp-content\/uploads\/2026\/03\/Binky_Barnyard_May_02_web.png\",\"contentUrl\":\"https:\/\/bunnyboo.ro\/wp-content\/uploads\/2026\/03\/Binky_Barnyard_May_02_web.png\",\"width\":800,\"height\":800},{\"@type\":\"BreadcrumbList\",\"@id\":\"https:\/\/bunnyboo.ro\/produs\/mielut-din-plus-binky-lamb-may\/#breadcrumb\",\"itemListElement\":[{\"@type\":\"ListItem\",\"position\":1,\"name\":\"Home\",\"item\":\"https:\/\/bunnyboo.ro\/en\/\"},{\"@type\":\"ListItem\",\"position\":2,\"name\":\"New\",\"item\":\"https:\/\/bunnyboo.ro\/en\/shop\/\"},{\"@type\":\"ListItem\",\"position\":3,\"name\":\"Mielut din plus Binky Lamb &#8211; May\"}]},{\"@type\":\"WebSite\",\"@id\":\"https:\/\/bunnyboo.ro\/#website\",\"url\":\"https:\/\/bunnyboo.ro\/\",\"name\":\"Bunny Boo\",\"description\":\"Bunny Boo\",\"publisher\":{\"@id\":\"https:\/\/bunnyboo.ro\/#organization\"},\"potentialAction\":[{\"@type\":\"SearchAction\",\"target\":{\"@type\":\"EntryPoint\",\"urlTemplate\":\"https:\/\/bunnyboo.ro\/?s={search_term_string}\"},\"query-input\":\"required name=search_term_string\"}],\"inLanguage\":\"en-US\"},{\"@type\":\"Organization\",\"@id\":\"https:\/\/bunnyboo.ro\/#organization\",\"name\":\"Bunny Boo\",\"url\":\"https:\/\/bunnyboo.ro\/\",\"logo\":{\"@type\":\"ImageObject\",\"inLanguage\":\"en-US\",\"@id\":\"https:\/\/bunnyboo.ro\/#\/schema\/logo\/image\/\",\"url\":\"https:\/\/bunnyboo.ro\/wp-content\/uploads\/2024\/03\/Logo-website-black.png\",\"contentUrl\":\"https:\/\/bunnyboo.ro\/wp-content\/uploads\/2024\/03\/Logo-website-black.png\",\"width\":2422,\"height\":946,\"caption\":\"Bunny Boo\"},\"image\":{\"@id\":\"https:\/\/bunnyboo.ro\/#\/schema\/logo\/image\/\"}}]}<\/script>\n<!-- \/ Yoast SEO plugin. -->","yoast_head_json":{"title":"Mielut din plus Binky Lamb - May","robots":{"index":"index","follow":"follow","max-snippet":"max-snippet:-1","max-image-preview":"max-image-preview:large","max-video-preview":"max-video-preview:-1"},"canonical":"https:\/\/bunnyboo.ro\/produs\/mielut-din-plus-binky-lamb-may\/","og_locale":"en_US","og_type":"article","og_title":"Mielut din plus Binky Lamb - May","og_description":"Un prieten bl\u00e2nd pentru momente lini\u0219tite Binky Lamb May este o juc\u0103rie de plu\u0219 delicat\u0103, calm\u0103 \u0219i mereu gata s\u0103 p\u0103streze cele mai pre\u021bioase secrete. Cu un fleece moale ca un nor \u0219i o personalitate lini\u0219tit\u0103, May devine rapid prietenul preferat al celor mici atunci c\u00e2nd au nevoie de confort \u0219i lini\u0219te. May nu \u021bine [&hellip;]","og_url":"https:\/\/bunnyboo.ro\/produs\/mielut-din-plus-binky-lamb-may\/","og_site_name":"Bunny Boo","article_modified_time":"2026-04-04T08:57:56+00:00","og_image":[{"width":800,"height":800,"url":"https:\/\/bunnyboo.ro\/wp-content\/uploads\/2026\/03\/Binky_Barnyard_May_02_web.png","type":"image\/png"}],"twitter_card":"summary_large_image","twitter_misc":{"Est. reading time":"2 minutes"},"schema":{"@context":"https:\/\/schema.org","@graph":[{"@type":"WebPage","@id":"https:\/\/bunnyboo.ro\/produs\/mielut-din-plus-binky-lamb-may\/","url":"https:\/\/bunnyboo.ro\/produs\/mielut-din-plus-binky-lamb-may\/","name":"Mielut din plus Binky Lamb - May","isPartOf":{"@id":"https:\/\/bunnyboo.ro\/#website"},"primaryImageOfPage":{"@id":"https:\/\/bunnyboo.ro\/produs\/mielut-din-plus-binky-lamb-may\/#primaryimage"},"image":{"@id":"https:\/\/bunnyboo.ro\/produs\/mielut-din-plus-binky-lamb-may\/#primaryimage"},"thumbnailUrl":"https:\/\/bunnyboo.ro\/wp-content\/uploads\/2026\/03\/Binky_Barnyard_May_02_web.png","datePublished":"2026-03-17T11:16:38+00:00","dateModified":"2026-04-04T08:57:56+00:00","breadcrumb":{"@id":"https:\/\/bunnyboo.ro\/produs\/mielut-din-plus-binky-lamb-may\/#breadcrumb"},"inLanguage":"en-US","potentialAction":[{"@type":"ReadAction","target":["https:\/\/bunnyboo.ro\/produs\/mielut-din-plus-binky-lamb-may\/"]}]},{"@type":"ImageObject","inLanguage":"en-US","@id":"https:\/\/bunnyboo.ro\/produs\/mielut-din-plus-binky-lamb-may\/#primaryimage","url":"https:\/\/bunnyboo.ro\/wp-content\/uploads\/2026\/03\/Binky_Barnyard_May_02_web.png","contentUrl":"https:\/\/bunnyboo.ro\/wp-content\/uploads\/2026\/03\/Binky_Barnyard_May_02_web.png","width":800,"height":800},{"@type":"BreadcrumbList","@id":"https:\/\/bunnyboo.ro\/produs\/mielut-din-plus-binky-lamb-may\/#breadcrumb","itemListElement":[{"@type":"ListItem","position":1,"name":"Home","item":"https:\/\/bunnyboo.ro\/en\/"},{"@type":"ListItem","position":2,"name":"New","item":"https:\/\/bunnyboo.ro\/en\/shop\/"},{"@type":"ListItem","position":3,"name":"Mielut din plus Binky Lamb &#8211; May"}]},{"@type":"WebSite","@id":"https:\/\/bunnyboo.ro\/#website","url":"https:\/\/bunnyboo.ro\/","name":"Bunny Boo","description":"Bunny Boo","publisher":{"@id":"https:\/\/bunnyboo.ro\/#organization"},"potentialAction":[{"@type":"SearchAction","target":{"@type":"EntryPoint","urlTemplate":"https:\/\/bunnyboo.ro\/?s={search_term_string}"},"query-input":"required name=search_term_string"}],"inLanguage":"en-US"},{"@type":"Organization","@id":"https:\/\/bunnyboo.ro\/#organization","name":"Bunny Boo","url":"https:\/\/bunnyboo.ro\/","logo":{"@type":"ImageObject","inLanguage":"en-US","@id":"https:\/\/bunnyboo.ro\/#\/schema\/logo\/image\/","url":"https:\/\/bunnyboo.ro\/wp-content\/uploads\/2024\/03\/Logo-website-black.png","contentUrl":"https:\/\/bunnyboo.ro\/wp-content\/uploads\/2024\/03\/Logo-website-black.png","width":2422,"height":946,"caption":"Bunny Boo"},"image":{"@id":"https:\/\/bunnyboo.ro\/#\/schema\/logo\/image\/"}}]}},"_links":{"self":[{"href":"https:\/\/bunnyboo.ro\/en\/wp-json\/wp\/v2\/product\/35081","targetHints":{"allow":["GET"]}}],"collection":[{"href":"https:\/\/bunnyboo.ro\/en\/wp-json\/wp\/v2\/product"}],"about":[{"href":"https:\/\/bunnyboo.ro\/en\/wp-json\/wp\/v2\/types\/product"}],"replies":[{"embeddable":true,"href":"https:\/\/bunnyboo.ro\/en\/wp-json\/wp\/v2\/comments?post=35081"}],"wp:featuredmedia":[{"embeddable":true,"href":"https:\/\/bunnyboo.ro\/en\/wp-json\/wp\/v2\/media\/35082"}],"wp:attachment":[{"href":"https:\/\/bunnyboo.ro\/en\/wp-json\/wp\/v2\/media?parent=35081"}],"wp:term":[{"taxonomy":"product_brand","embeddable":true,"href":"https:\/\/bunnyboo.ro\/en\/wp-json\/wp\/v2\/product_brand?post=35081"},{"taxonomy":"product_cat","embeddable":true,"href":"https:\/\/bunnyboo.ro\/en\/wp-json\/wp\/v2\/product_cat?post=35081"},{"taxonomy":"product_tag","embeddable":true,"href":"https:\/\/bunnyboo.ro\/en\/wp-json\/wp\/v2\/product_tag?post=35081"}],"curies":[{"name":"wp","href":"https:\/\/api.w.org\/{rel}","templated":true}]}}