{"id":34986,"date":"2026-03-17T12:27:21","date_gmt":"2026-03-17T10:27:21","guid":{"rendered":"https:\/\/bunnyboo.ro\/?post_type=product&#038;p=34986"},"modified":"2026-03-17T12:27:21","modified_gmt":"2026-03-17T10:27:21","slug":"marsupiu-matlasat-dinkum-dolls-lavender","status":"publish","type":"product","link":"https:\/\/bunnyboo.ro\/en\/produs\/marsupiu-matlasat-dinkum-dolls-lavender\/","title":{"rendered":"Marsupiu matlasat Dinkum Dolls &#8211; Lavender"},"content":{"rendered":"<p>Pentru aventuri mici \u0219i momente pline de imagina\u021bie<\/p>\n<p>Acest marsupiu delicat pentru p\u0103pu\u0219i Dinkum este companionul perfect pentru dimine\u021bi lini\u0219tite \u0219i plimb\u0103ri printre flori. \u00cen nuan\u021ba calmant\u0103 de lavand\u0103, le permite celor mici s\u0103 \u00ee\u0219i ia p\u0103pu\u0219a preferat\u0103 oriunde merg.<\/p>\n<p>Practic \u0219i confortabil, marsupiul ofer\u0103 libertate de mi\u0219care pentru a aduna pietricele, flori sau alte mici comori, p\u0103str\u00e2nd \u00een acela\u0219i timp p\u0103pu\u0219a Dinkum aproape.<\/p>\n<p>Moale, confortabil \u0219i de dimensiunea perfect\u0103 pentru joaca de zi cu zi.<\/p>\n<p>Caracteristici<\/p>\n<ul>\n<li>Bretele c\u0103ptu\u0219ite pentru confort<\/li>\n<li>Se poate purta \u00een fa\u021b\u0103 sau \u00een spate<\/li>\n<li>Fabricat din canvas din bumbac \u0219i chingi textile, cu catarame din plastic<\/li>\n<li>Potrivit pentru majoritatea p\u0103pu\u0219ilor de p\u00e2n\u0103 la 34 cm<\/li>\n<li>Greutate maxim\u0103 recomandat\u0103: 0,5 kg<\/li>\n<li>Livrat \u00eentr-o cutie cadou elegant\u0103<\/li>\n<li>Recomandat pentru copii 18 luni+<\/li>\n<\/ul>\n<p>Con\u021binutul pachetului<\/p>\n<ul>\n<li>Dinkum Dolls Quilted Carrier \u2013 Lavender<\/li>\n<li>Cutie cadou din carton<\/li>\n<\/ul>\n<p>Dimensiuni produs<\/p>\n<ul>\n<li>20 \u00d7 15 \u00d7 6 cm<\/li>\n<li>Potrivit pentru majoritatea p\u0103pu\u0219ilor de 34 cm<\/li>\n<\/ul>\n<p>Dimensiuni ambalaj<\/p>\n<ul>\n<li>26 \u00d7 17 \u00d7 7 cm<\/li>\n<li>Greutate: 0,2 kg<\/li>\n<\/ul>\n","protected":false},"excerpt":{"rendered":"<p>Pentru aventuri mici \u0219i momente pline de imagina\u021bie Acest marsupiu delicat pentru p\u0103pu\u0219i Dinkum este companionul perfect pentru dimine\u021bi lini\u0219tite \u0219i plimb\u0103ri printre flori. \u00cen nuan\u021ba calmant\u0103 de lavand\u0103, le permite celor mici s\u0103 \u00ee\u0219i ia p\u0103pu\u0219a preferat\u0103 oriunde merg. Practic \u0219i confortabil, marsupiul ofer\u0103 libertate de mi\u0219care pentru a aduna pietricele, flori sau alte [&hellip;]<\/p>\n","protected":false},"featured_media":34987,"comment_status":"open","ping_status":"closed","template":"","meta":{"site-sidebar-layout":"default","site-content-layout":"","ast-site-content-layout":"default","site-content-style":"default","site-sidebar-style":"default","ast-global-header-display":"","ast-banner-title-visibility":"","ast-main-header-display":"","ast-hfb-above-header-display":"","ast-hfb-below-header-display":"","ast-hfb-mobile-header-display":"","site-post-title":"","ast-breadcrumbs-content":"","ast-featured-img":"","footer-sml-layout":"","theme-transparent-header-meta":"default","adv-header-id-meta":"","stick-header-meta":"default","header-above-stick-meta":"","header-main-stick-meta":"","header-below-stick-meta":"","astra-migrate-meta-layouts":"set","ast-page-background-enabled":"default","ast-page-background-meta":{"desktop":{"background-color":"","background-image":"","background-repeat":"repeat","background-position":"center center","background-size":"auto","background-attachment":"scroll","background-type":"","background-media":"","overlay-type":"","overlay-color":"","overlay-opacity":"","overlay-gradient":""},"tablet":{"background-color":"","background-image":"","background-repeat":"repeat","background-position":"center center","background-size":"auto","background-attachment":"scroll","background-type":"","background-media":"","overlay-type":"","overlay-color":"","overlay-opacity":"","overlay-gradient":""},"mobile":{"background-color":"","background-image":"","background-repeat":"repeat","background-position":"center center","background-size":"auto","background-attachment":"scroll","background-type":"","background-media":"","overlay-type":"","overlay-color":"","overlay-opacity":"","overlay-gradient":""}},"ast-content-background-meta":{"desktop":{"background-color":"var(--ast-global-color-5)","background-image":"","background-repeat":"repeat","background-position":"center center","background-size":"auto","background-attachment":"scroll","background-type":"","background-media":"","overlay-type":"","overlay-color":"","overlay-opacity":"","overlay-gradient":""},"tablet":{"background-color":"var(--ast-global-color-5)","background-image":"","background-repeat":"repeat","background-position":"center center","background-size":"auto","background-attachment":"scroll","background-type":"","background-media":"","overlay-type":"","overlay-color":"","overlay-opacity":"","overlay-gradient":""},"mobile":{"background-color":"var(--ast-global-color-5)","background-image":"","background-repeat":"repeat","background-position":"center center","background-size":"auto","background-attachment":"scroll","background-type":"","background-media":"","overlay-type":"","overlay-color":"","overlay-opacity":"","overlay-gradient":""}}},"product_brand":[],"product_cat":[65,67],"product_tag":[],"class_list":{"0":"post-34986","1":"product","2":"type-product","3":"status-publish","4":"has-post-thumbnail","6":"product_cat-noutati-minunate-pentru-puiul-tau","7":"product_cat-papusi-adorabile-si-accesoriile-lor-deosebite","8":"desktop-align-left","9":"tablet-align-left","10":"mobile-align-left","11":"ast-product-gallery-layout-horizontal-slider","12":"ast-product-tabs-layout-vertical","13":"ast-qv-on-image","15":"first","16":"instock","17":"shipping-taxable","18":"purchasable","19":"product-type-simple"},"yoast_head":"<!-- This site is optimized with the Yoast SEO plugin v22.6 - https:\/\/yoast.com\/wordpress\/plugins\/seo\/ -->\n<title>Marsupiu matlasat Dinkum Dolls - Lavender<\/title>\n<meta name=\"robots\" content=\"index, follow, max-snippet:-1, max-image-preview:large, max-video-preview:-1\" \/>\n<link rel=\"canonical\" href=\"https:\/\/bunnyboo.ro\/produs\/marsupiu-matlasat-dinkum-dolls-lavender\/\" \/>\n<meta property=\"og:locale\" content=\"en_US\" \/>\n<meta property=\"og:type\" content=\"article\" \/>\n<meta property=\"og:title\" content=\"Marsupiu matlasat Dinkum Dolls - Lavender\" \/>\n<meta property=\"og:description\" content=\"Pentru aventuri mici \u0219i momente pline de imagina\u021bie Acest marsupiu delicat pentru p\u0103pu\u0219i Dinkum este companionul perfect pentru dimine\u021bi lini\u0219tite \u0219i plimb\u0103ri printre flori. \u00cen nuan\u021ba calmant\u0103 de lavand\u0103, le permite celor mici s\u0103 \u00ee\u0219i ia p\u0103pu\u0219a preferat\u0103 oriunde merg. Practic \u0219i confortabil, marsupiul ofer\u0103 libertate de mi\u0219care pentru a aduna pietricele, flori sau alte [&hellip;]\" \/>\n<meta property=\"og:url\" content=\"https:\/\/bunnyboo.ro\/produs\/marsupiu-matlasat-dinkum-dolls-lavender\/\" \/>\n<meta property=\"og:site_name\" content=\"Bunny Boo\" \/>\n<meta property=\"og:image\" content=\"https:\/\/bunnyboo.ro\/wp-content\/uploads\/2026\/03\/Dinkum-Dolls-Quilted-Carrier_Lavender.png\" \/>\n\t<meta property=\"og:image:width\" content=\"2000\" \/>\n\t<meta property=\"og:image:height\" content=\"2000\" \/>\n\t<meta property=\"og:image:type\" content=\"image\/png\" \/>\n<meta name=\"twitter:card\" content=\"summary_large_image\" \/>\n<meta name=\"twitter:label1\" content=\"Est. reading time\" \/>\n\t<meta name=\"twitter:data1\" content=\"2 minutes\" \/>\n<script type=\"application\/ld+json\" class=\"yoast-schema-graph\">{\"@context\":\"https:\/\/schema.org\",\"@graph\":[{\"@type\":\"WebPage\",\"@id\":\"https:\/\/bunnyboo.ro\/produs\/marsupiu-matlasat-dinkum-dolls-lavender\/\",\"url\":\"https:\/\/bunnyboo.ro\/produs\/marsupiu-matlasat-dinkum-dolls-lavender\/\",\"name\":\"Marsupiu matlasat Dinkum Dolls - Lavender\",\"isPartOf\":{\"@id\":\"https:\/\/bunnyboo.ro\/#website\"},\"primaryImageOfPage\":{\"@id\":\"https:\/\/bunnyboo.ro\/produs\/marsupiu-matlasat-dinkum-dolls-lavender\/#primaryimage\"},\"image\":{\"@id\":\"https:\/\/bunnyboo.ro\/produs\/marsupiu-matlasat-dinkum-dolls-lavender\/#primaryimage\"},\"thumbnailUrl\":\"https:\/\/bunnyboo.ro\/wp-content\/uploads\/2026\/03\/Dinkum-Dolls-Quilted-Carrier_Lavender.png\",\"datePublished\":\"2026-03-17T10:27:21+00:00\",\"dateModified\":\"2026-03-17T10:27:21+00:00\",\"breadcrumb\":{\"@id\":\"https:\/\/bunnyboo.ro\/produs\/marsupiu-matlasat-dinkum-dolls-lavender\/#breadcrumb\"},\"inLanguage\":\"en-US\",\"potentialAction\":[{\"@type\":\"ReadAction\",\"target\":[\"https:\/\/bunnyboo.ro\/produs\/marsupiu-matlasat-dinkum-dolls-lavender\/\"]}]},{\"@type\":\"ImageObject\",\"inLanguage\":\"en-US\",\"@id\":\"https:\/\/bunnyboo.ro\/produs\/marsupiu-matlasat-dinkum-dolls-lavender\/#primaryimage\",\"url\":\"https:\/\/bunnyboo.ro\/wp-content\/uploads\/2026\/03\/Dinkum-Dolls-Quilted-Carrier_Lavender.png\",\"contentUrl\":\"https:\/\/bunnyboo.ro\/wp-content\/uploads\/2026\/03\/Dinkum-Dolls-Quilted-Carrier_Lavender.png\",\"width\":2000,\"height\":2000},{\"@type\":\"BreadcrumbList\",\"@id\":\"https:\/\/bunnyboo.ro\/produs\/marsupiu-matlasat-dinkum-dolls-lavender\/#breadcrumb\",\"itemListElement\":[{\"@type\":\"ListItem\",\"position\":1,\"name\":\"Home\",\"item\":\"https:\/\/bunnyboo.ro\/en\/\"},{\"@type\":\"ListItem\",\"position\":2,\"name\":\"New\",\"item\":\"https:\/\/bunnyboo.ro\/en\/shop\/\"},{\"@type\":\"ListItem\",\"position\":3,\"name\":\"Marsupiu matlasat Dinkum Dolls &#8211; Lavender\"}]},{\"@type\":\"WebSite\",\"@id\":\"https:\/\/bunnyboo.ro\/#website\",\"url\":\"https:\/\/bunnyboo.ro\/\",\"name\":\"Bunny Boo\",\"description\":\"Bunny Boo\",\"publisher\":{\"@id\":\"https:\/\/bunnyboo.ro\/#organization\"},\"potentialAction\":[{\"@type\":\"SearchAction\",\"target\":{\"@type\":\"EntryPoint\",\"urlTemplate\":\"https:\/\/bunnyboo.ro\/?s={search_term_string}\"},\"query-input\":\"required name=search_term_string\"}],\"inLanguage\":\"en-US\"},{\"@type\":\"Organization\",\"@id\":\"https:\/\/bunnyboo.ro\/#organization\",\"name\":\"Bunny Boo\",\"url\":\"https:\/\/bunnyboo.ro\/\",\"logo\":{\"@type\":\"ImageObject\",\"inLanguage\":\"en-US\",\"@id\":\"https:\/\/bunnyboo.ro\/#\/schema\/logo\/image\/\",\"url\":\"https:\/\/bunnyboo.ro\/wp-content\/uploads\/2024\/03\/Logo-website-black.png\",\"contentUrl\":\"https:\/\/bunnyboo.ro\/wp-content\/uploads\/2024\/03\/Logo-website-black.png\",\"width\":2422,\"height\":946,\"caption\":\"Bunny Boo\"},\"image\":{\"@id\":\"https:\/\/bunnyboo.ro\/#\/schema\/logo\/image\/\"}}]}<\/script>\n<!-- \/ Yoast SEO plugin. -->","yoast_head_json":{"title":"Marsupiu matlasat Dinkum Dolls - Lavender","robots":{"index":"index","follow":"follow","max-snippet":"max-snippet:-1","max-image-preview":"max-image-preview:large","max-video-preview":"max-video-preview:-1"},"canonical":"https:\/\/bunnyboo.ro\/produs\/marsupiu-matlasat-dinkum-dolls-lavender\/","og_locale":"en_US","og_type":"article","og_title":"Marsupiu matlasat Dinkum Dolls - Lavender","og_description":"Pentru aventuri mici \u0219i momente pline de imagina\u021bie Acest marsupiu delicat pentru p\u0103pu\u0219i Dinkum este companionul perfect pentru dimine\u021bi lini\u0219tite \u0219i plimb\u0103ri printre flori. \u00cen nuan\u021ba calmant\u0103 de lavand\u0103, le permite celor mici s\u0103 \u00ee\u0219i ia p\u0103pu\u0219a preferat\u0103 oriunde merg. Practic \u0219i confortabil, marsupiul ofer\u0103 libertate de mi\u0219care pentru a aduna pietricele, flori sau alte [&hellip;]","og_url":"https:\/\/bunnyboo.ro\/produs\/marsupiu-matlasat-dinkum-dolls-lavender\/","og_site_name":"Bunny Boo","og_image":[{"width":2000,"height":2000,"url":"https:\/\/bunnyboo.ro\/wp-content\/uploads\/2026\/03\/Dinkum-Dolls-Quilted-Carrier_Lavender.png","type":"image\/png"}],"twitter_card":"summary_large_image","twitter_misc":{"Est. reading time":"2 minutes"},"schema":{"@context":"https:\/\/schema.org","@graph":[{"@type":"WebPage","@id":"https:\/\/bunnyboo.ro\/produs\/marsupiu-matlasat-dinkum-dolls-lavender\/","url":"https:\/\/bunnyboo.ro\/produs\/marsupiu-matlasat-dinkum-dolls-lavender\/","name":"Marsupiu matlasat Dinkum Dolls - Lavender","isPartOf":{"@id":"https:\/\/bunnyboo.ro\/#website"},"primaryImageOfPage":{"@id":"https:\/\/bunnyboo.ro\/produs\/marsupiu-matlasat-dinkum-dolls-lavender\/#primaryimage"},"image":{"@id":"https:\/\/bunnyboo.ro\/produs\/marsupiu-matlasat-dinkum-dolls-lavender\/#primaryimage"},"thumbnailUrl":"https:\/\/bunnyboo.ro\/wp-content\/uploads\/2026\/03\/Dinkum-Dolls-Quilted-Carrier_Lavender.png","datePublished":"2026-03-17T10:27:21+00:00","dateModified":"2026-03-17T10:27:21+00:00","breadcrumb":{"@id":"https:\/\/bunnyboo.ro\/produs\/marsupiu-matlasat-dinkum-dolls-lavender\/#breadcrumb"},"inLanguage":"en-US","potentialAction":[{"@type":"ReadAction","target":["https:\/\/bunnyboo.ro\/produs\/marsupiu-matlasat-dinkum-dolls-lavender\/"]}]},{"@type":"ImageObject","inLanguage":"en-US","@id":"https:\/\/bunnyboo.ro\/produs\/marsupiu-matlasat-dinkum-dolls-lavender\/#primaryimage","url":"https:\/\/bunnyboo.ro\/wp-content\/uploads\/2026\/03\/Dinkum-Dolls-Quilted-Carrier_Lavender.png","contentUrl":"https:\/\/bunnyboo.ro\/wp-content\/uploads\/2026\/03\/Dinkum-Dolls-Quilted-Carrier_Lavender.png","width":2000,"height":2000},{"@type":"BreadcrumbList","@id":"https:\/\/bunnyboo.ro\/produs\/marsupiu-matlasat-dinkum-dolls-lavender\/#breadcrumb","itemListElement":[{"@type":"ListItem","position":1,"name":"Home","item":"https:\/\/bunnyboo.ro\/en\/"},{"@type":"ListItem","position":2,"name":"New","item":"https:\/\/bunnyboo.ro\/en\/shop\/"},{"@type":"ListItem","position":3,"name":"Marsupiu matlasat Dinkum Dolls &#8211; Lavender"}]},{"@type":"WebSite","@id":"https:\/\/bunnyboo.ro\/#website","url":"https:\/\/bunnyboo.ro\/","name":"Bunny Boo","description":"Bunny Boo","publisher":{"@id":"https:\/\/bunnyboo.ro\/#organization"},"potentialAction":[{"@type":"SearchAction","target":{"@type":"EntryPoint","urlTemplate":"https:\/\/bunnyboo.ro\/?s={search_term_string}"},"query-input":"required name=search_term_string"}],"inLanguage":"en-US"},{"@type":"Organization","@id":"https:\/\/bunnyboo.ro\/#organization","name":"Bunny Boo","url":"https:\/\/bunnyboo.ro\/","logo":{"@type":"ImageObject","inLanguage":"en-US","@id":"https:\/\/bunnyboo.ro\/#\/schema\/logo\/image\/","url":"https:\/\/bunnyboo.ro\/wp-content\/uploads\/2024\/03\/Logo-website-black.png","contentUrl":"https:\/\/bunnyboo.ro\/wp-content\/uploads\/2024\/03\/Logo-website-black.png","width":2422,"height":946,"caption":"Bunny Boo"},"image":{"@id":"https:\/\/bunnyboo.ro\/#\/schema\/logo\/image\/"}}]}},"_links":{"self":[{"href":"https:\/\/bunnyboo.ro\/en\/wp-json\/wp\/v2\/product\/34986","targetHints":{"allow":["GET"]}}],"collection":[{"href":"https:\/\/bunnyboo.ro\/en\/wp-json\/wp\/v2\/product"}],"about":[{"href":"https:\/\/bunnyboo.ro\/en\/wp-json\/wp\/v2\/types\/product"}],"replies":[{"embeddable":true,"href":"https:\/\/bunnyboo.ro\/en\/wp-json\/wp\/v2\/comments?post=34986"}],"wp:featuredmedia":[{"embeddable":true,"href":"https:\/\/bunnyboo.ro\/en\/wp-json\/wp\/v2\/media\/34987"}],"wp:attachment":[{"href":"https:\/\/bunnyboo.ro\/en\/wp-json\/wp\/v2\/media?parent=34986"}],"wp:term":[{"taxonomy":"product_brand","embeddable":true,"href":"https:\/\/bunnyboo.ro\/en\/wp-json\/wp\/v2\/product_brand?post=34986"},{"taxonomy":"product_cat","embeddable":true,"href":"https:\/\/bunnyboo.ro\/en\/wp-json\/wp\/v2\/product_cat?post=34986"},{"taxonomy":"product_tag","embeddable":true,"href":"https:\/\/bunnyboo.ro\/en\/wp-json\/wp\/v2\/product_tag?post=34986"}],"curies":[{"name":"wp","href":"https:\/\/api.w.org\/{rel}","templated":true}]}}