{"id":34948,"date":"2026-03-16T20:24:58","date_gmt":"2026-03-16T18:24:58","guid":{"rendered":"https:\/\/bunnyboo.ro\/?post_type=product&#038;p=34948"},"modified":"2026-03-26T11:56:04","modified_gmt":"2026-03-26T09:56:04","slug":"set-de-joaca-stapelstein-dynamic-complete-super-confetti","status":"publish","type":"product","link":"https:\/\/bunnyboo.ro\/en\/produs\/set-de-joaca-stapelstein-dynamic-complete-super-confetti\/","title":{"rendered":"Set de joaca Stapelstein Dynamic complete super confetti"},"content":{"rendered":"<p>Stapelstein Dynamic Complete este setul complet \u201eall-in-one\u201d, conceput pentru \u0219coli, centre de terapie, familii sau pentru oricine dore\u0219te o solu\u021bie versatil\u0103 pentru mi\u0219care \u0219i joac\u0103.<\/p>\n<p>Toate elementele pot fi stivuite unele \u00een altele, form\u00e2nd un turn compact \u0219i colorat care economise\u0219te spa\u021biu. \u00cen c\u00e2teva secunde, acesta se poate transforma \u00eentr-un scaun ergonomic, \u00eentr-un instrument pentru exerci\u021bii de echilibru sau \u00eentr-un peisaj creativ de joac\u0103.<\/p>\n<p>Sistemul este reglabil pe \u00een\u0103l\u021bime, stabil \u0219i rezistent, suport\u00e2nd o greutate de p\u00e2n\u0103 la 120 kg, fiind potrivit at\u00e2t pentru copii, c\u00e2t \u0219i pentru adul\u021bi. \u00cen acela\u0219i timp, aduce \u00een orice spa\u021biu o atmosfer\u0103 vesel\u0103 \u0219i promoveaz\u0103 o cultur\u0103 a mi\u0219c\u0103rii s\u0103n\u0103toase.<\/p>\n<p>Avantaje principale<\/p>\n<p>\u2022toate elementele se stivuiesc \u0219i economisesc spa\u021biu<\/p>\n<p>\u2022spa\u021biu de depozitare integrat \u00een interiorul elementelor<\/p>\n<p>\u2022\u00een\u0103l\u021bime reglabil\u0103 (27\u201346 cm)<\/p>\n<p>\u2022adaptabil rapid la diferite pozi\u021bii de \u0219edere sau activit\u0103\u021bi<\/p>\n<p>\u2022potrivit pentru gr\u0103dini\u021be, \u0219coli, terapii sau acas\u0103<\/p>\n<p>\u2022fabricat \u00een Germania<\/p>\n<p>\u2e3b<\/p>\n<p>Con\u021binutul setului<\/p>\n<p>\u20221 Base \u2013 super confetti<\/p>\n<p>\u20222 Stapelstein Original \u2013 super confetti<\/p>\n<p>\u20221 Board \u2013 super confetti<\/p>\n<p>\u20221 set Stapelstein Inside Rainbow Classic, format din:<\/p>\n<p>\u20222 elemente Inside L<\/p>\n<p>\u20222 elemente Inside M<\/p>\n<p>\u20222 elemente Inside S<\/p>\n<p>\u2e3b<\/p>\n<p>Dimensiuni \u0219i specifica\u021bii<\/p>\n<p>Base<\/p>\n<p>\u2022\u00een\u0103l\u021bime: 27 cm<\/p>\n<p>\u2022diametru: 31,5 cm<\/p>\n<p>\u2022greutate: 610 g<\/p>\n<p>Board<\/p>\n<p>\u2022\u00een\u0103l\u021bime: 8,4 cm<\/p>\n<p>\u2022diametru: 35,5 cm<\/p>\n<p>\u2022greutate: 268 g<\/p>\n<p>Stapelstein Original<\/p>\n<p>\u2022\u00een\u0103l\u021bime: 12 cm<\/p>\n<p>\u2022diametru: 27,5 cm<\/p>\n<p>\u2022greutate: 180 g<\/p>\n<p>Set complet (Base + 2 Original + Board)<\/p>\n<p>\u2022\u00een\u0103l\u021bime total\u0103: 45,5 cm<\/p>\n<p>\u2022diametru: 35,5 cm<\/p>\n<p>\u2022capacitate maxim\u0103: 120 kg<\/p>\n<p>\u2e3b<\/p>\n<p>Dimensiuni elemente Stapelstein Inside<\/p>\n<p>Inside L<\/p>\n<p>\u2022\u00een\u0103l\u021bime: 8,76 cm<\/p>\n<p>\u2022diametru: 21,11 cm<\/p>\n<p>\u2022greutate: 71 g<\/p>\n<p>Inside M<\/p>\n<p>\u2022\u00een\u0103l\u021bime: 6,61 cm<\/p>\n<p>\u2022diametru: 15,56 cm<\/p>\n<p>\u2022greutate: 38 g<\/p>\n<p>Inside S<\/p>\n<p>\u2022\u00een\u0103l\u021bime: 4,22 cm<\/p>\n<p>\u2022diametru: 9,35 cm<\/p>\n<p>\u2022greutate: 12 g<\/p>\n<p>Toate elementele Inside pot suporta o greutate de p\u00e2n\u0103 la 50 kg.<\/p>\n","protected":false},"excerpt":{"rendered":"<p>Stapelstein Dynamic Complete este setul complet \u201eall-in-one\u201d, conceput pentru \u0219coli, centre de terapie, familii sau pentru oricine dore\u0219te o solu\u021bie versatil\u0103 pentru mi\u0219care \u0219i joac\u0103. Toate elementele pot fi stivuite unele \u00een altele, form\u00e2nd un turn compact \u0219i colorat care economise\u0219te spa\u021biu. \u00cen c\u00e2teva secunde, acesta se poate transforma \u00eentr-un scaun ergonomic, \u00eentr-un instrument pentru [&hellip;]<\/p>\n","protected":false},"featured_media":34949,"comment_status":"open","ping_status":"closed","template":"","meta":{"site-sidebar-layout":"default","site-content-layout":"","ast-site-content-layout":"default","site-content-style":"default","site-sidebar-style":"default","ast-global-header-display":"","ast-banner-title-visibility":"","ast-main-header-display":"","ast-hfb-above-header-display":"","ast-hfb-below-header-display":"","ast-hfb-mobile-header-display":"","site-post-title":"","ast-breadcrumbs-content":"","ast-featured-img":"","footer-sml-layout":"","theme-transparent-header-meta":"default","adv-header-id-meta":"","stick-header-meta":"default","header-above-stick-meta":"","header-main-stick-meta":"","header-below-stick-meta":"","astra-migrate-meta-layouts":"set","ast-page-background-enabled":"default","ast-page-background-meta":{"desktop":{"background-color":"","background-image":"","background-repeat":"repeat","background-position":"center center","background-size":"auto","background-attachment":"scroll","background-type":"","background-media":"","overlay-type":"","overlay-color":"","overlay-opacity":"","overlay-gradient":""},"tablet":{"background-color":"","background-image":"","background-repeat":"repeat","background-position":"center center","background-size":"auto","background-attachment":"scroll","background-type":"","background-media":"","overlay-type":"","overlay-color":"","overlay-opacity":"","overlay-gradient":""},"mobile":{"background-color":"","background-image":"","background-repeat":"repeat","background-position":"center center","background-size":"auto","background-attachment":"scroll","background-type":"","background-media":"","overlay-type":"","overlay-color":"","overlay-opacity":"","overlay-gradient":""}},"ast-content-background-meta":{"desktop":{"background-color":"var(--ast-global-color-5)","background-image":"","background-repeat":"repeat","background-position":"center center","background-size":"auto","background-attachment":"scroll","background-type":"","background-media":"","overlay-type":"","overlay-color":"","overlay-opacity":"","overlay-gradient":""},"tablet":{"background-color":"var(--ast-global-color-5)","background-image":"","background-repeat":"repeat","background-position":"center center","background-size":"auto","background-attachment":"scroll","background-type":"","background-media":"","overlay-type":"","overlay-color":"","overlay-opacity":"","overlay-gradient":""},"mobile":{"background-color":"var(--ast-global-color-5)","background-image":"","background-repeat":"repeat","background-position":"center center","background-size":"auto","background-attachment":"scroll","background-type":"","background-media":"","overlay-type":"","overlay-color":"","overlay-opacity":"","overlay-gradient":""}}},"product_brand":[],"product_cat":[65,71,132],"product_tag":[],"class_list":{"0":"post-34948","1":"product","2":"type-product","3":"status-publish","4":"has-post-thumbnail","6":"product_cat-noutati-minunate-pentru-puiul-tau","7":"product_cat-seturi-de-joaca-colorate-si-distractive","8":"product_cat-reduceri-pentru-tine","9":"desktop-align-left","10":"tablet-align-left","11":"mobile-align-left","12":"ast-product-gallery-layout-horizontal-slider","13":"ast-product-tabs-layout-vertical","14":"ast-qv-on-image","16":"first","17":"instock","18":"sale","19":"shipping-taxable","20":"purchasable","21":"product-type-simple"},"yoast_head":"<!-- This site is optimized with the Yoast SEO plugin v22.6 - https:\/\/yoast.com\/wordpress\/plugins\/seo\/ -->\n<title>Set de joaca Stapelstein Dynamic complete super confetti<\/title>\n<meta name=\"robots\" content=\"index, follow, max-snippet:-1, max-image-preview:large, max-video-preview:-1\" \/>\n<link rel=\"canonical\" href=\"https:\/\/bunnyboo.ro\/produs\/set-de-joaca-stapelstein-dynamic-complete-super-confetti\/\" \/>\n<meta property=\"og:locale\" content=\"en_US\" \/>\n<meta property=\"og:type\" content=\"article\" \/>\n<meta property=\"og:title\" content=\"Set de joaca Stapelstein Dynamic complete super confetti\" \/>\n<meta property=\"og:description\" content=\"Stapelstein Dynamic Complete este setul complet \u201eall-in-one\u201d, conceput pentru \u0219coli, centre de terapie, familii sau pentru oricine dore\u0219te o solu\u021bie versatil\u0103 pentru mi\u0219care \u0219i joac\u0103. Toate elementele pot fi stivuite unele \u00een altele, form\u00e2nd un turn compact \u0219i colorat care economise\u0219te spa\u021biu. \u00cen c\u00e2teva secunde, acesta se poate transforma \u00eentr-un scaun ergonomic, \u00eentr-un instrument pentru [&hellip;]\" \/>\n<meta property=\"og:url\" content=\"https:\/\/bunnyboo.ro\/produs\/set-de-joaca-stapelstein-dynamic-complete-super-confetti\/\" \/>\n<meta property=\"og:site_name\" content=\"Bunny Boo\" \/>\n<meta property=\"article:modified_time\" content=\"2026-03-26T09:56:04+00:00\" \/>\n<meta property=\"og:image\" content=\"https:\/\/bunnyboo.ro\/wp-content\/uploads\/2026\/03\/Stapelstein-Dynamic-complete-super-confetti-819x1024.png\" \/>\n\t<meta property=\"og:image:width\" content=\"819\" \/>\n\t<meta property=\"og:image:height\" content=\"1024\" \/>\n\t<meta property=\"og:image:type\" content=\"image\/png\" \/>\n<meta name=\"twitter:card\" content=\"summary_large_image\" \/>\n<meta name=\"twitter:label1\" content=\"Est. reading time\" \/>\n\t<meta name=\"twitter:data1\" content=\"2 minutes\" \/>\n<script type=\"application\/ld+json\" class=\"yoast-schema-graph\">{\"@context\":\"https:\/\/schema.org\",\"@graph\":[{\"@type\":\"WebPage\",\"@id\":\"https:\/\/bunnyboo.ro\/produs\/set-de-joaca-stapelstein-dynamic-complete-super-confetti\/\",\"url\":\"https:\/\/bunnyboo.ro\/produs\/set-de-joaca-stapelstein-dynamic-complete-super-confetti\/\",\"name\":\"Set de joaca Stapelstein Dynamic complete super confetti\",\"isPartOf\":{\"@id\":\"https:\/\/bunnyboo.ro\/#website\"},\"primaryImageOfPage\":{\"@id\":\"https:\/\/bunnyboo.ro\/produs\/set-de-joaca-stapelstein-dynamic-complete-super-confetti\/#primaryimage\"},\"image\":{\"@id\":\"https:\/\/bunnyboo.ro\/produs\/set-de-joaca-stapelstein-dynamic-complete-super-confetti\/#primaryimage\"},\"thumbnailUrl\":\"https:\/\/bunnyboo.ro\/wp-content\/uploads\/2026\/03\/Stapelstein-Dynamic-complete-super-confetti-scaled.png\",\"datePublished\":\"2026-03-16T18:24:58+00:00\",\"dateModified\":\"2026-03-26T09:56:04+00:00\",\"breadcrumb\":{\"@id\":\"https:\/\/bunnyboo.ro\/produs\/set-de-joaca-stapelstein-dynamic-complete-super-confetti\/#breadcrumb\"},\"inLanguage\":\"en-US\",\"potentialAction\":[{\"@type\":\"ReadAction\",\"target\":[\"https:\/\/bunnyboo.ro\/produs\/set-de-joaca-stapelstein-dynamic-complete-super-confetti\/\"]}]},{\"@type\":\"ImageObject\",\"inLanguage\":\"en-US\",\"@id\":\"https:\/\/bunnyboo.ro\/produs\/set-de-joaca-stapelstein-dynamic-complete-super-confetti\/#primaryimage\",\"url\":\"https:\/\/bunnyboo.ro\/wp-content\/uploads\/2026\/03\/Stapelstein-Dynamic-complete-super-confetti-scaled.png\",\"contentUrl\":\"https:\/\/bunnyboo.ro\/wp-content\/uploads\/2026\/03\/Stapelstein-Dynamic-complete-super-confetti-scaled.png\",\"width\":2049,\"height\":2560},{\"@type\":\"BreadcrumbList\",\"@id\":\"https:\/\/bunnyboo.ro\/produs\/set-de-joaca-stapelstein-dynamic-complete-super-confetti\/#breadcrumb\",\"itemListElement\":[{\"@type\":\"ListItem\",\"position\":1,\"name\":\"Home\",\"item\":\"https:\/\/bunnyboo.ro\/en\/\"},{\"@type\":\"ListItem\",\"position\":2,\"name\":\"New\",\"item\":\"https:\/\/bunnyboo.ro\/en\/shop\/\"},{\"@type\":\"ListItem\",\"position\":3,\"name\":\"Set de joaca Stapelstein Dynamic complete super confetti\"}]},{\"@type\":\"WebSite\",\"@id\":\"https:\/\/bunnyboo.ro\/#website\",\"url\":\"https:\/\/bunnyboo.ro\/\",\"name\":\"Bunny Boo\",\"description\":\"Bunny Boo\",\"publisher\":{\"@id\":\"https:\/\/bunnyboo.ro\/#organization\"},\"potentialAction\":[{\"@type\":\"SearchAction\",\"target\":{\"@type\":\"EntryPoint\",\"urlTemplate\":\"https:\/\/bunnyboo.ro\/?s={search_term_string}\"},\"query-input\":\"required name=search_term_string\"}],\"inLanguage\":\"en-US\"},{\"@type\":\"Organization\",\"@id\":\"https:\/\/bunnyboo.ro\/#organization\",\"name\":\"Bunny Boo\",\"url\":\"https:\/\/bunnyboo.ro\/\",\"logo\":{\"@type\":\"ImageObject\",\"inLanguage\":\"en-US\",\"@id\":\"https:\/\/bunnyboo.ro\/#\/schema\/logo\/image\/\",\"url\":\"https:\/\/bunnyboo.ro\/wp-content\/uploads\/2024\/03\/Logo-website-black.png\",\"contentUrl\":\"https:\/\/bunnyboo.ro\/wp-content\/uploads\/2024\/03\/Logo-website-black.png\",\"width\":2422,\"height\":946,\"caption\":\"Bunny Boo\"},\"image\":{\"@id\":\"https:\/\/bunnyboo.ro\/#\/schema\/logo\/image\/\"}}]}<\/script>\n<!-- \/ Yoast SEO plugin. -->","yoast_head_json":{"title":"Set de joaca Stapelstein Dynamic complete super confetti","robots":{"index":"index","follow":"follow","max-snippet":"max-snippet:-1","max-image-preview":"max-image-preview:large","max-video-preview":"max-video-preview:-1"},"canonical":"https:\/\/bunnyboo.ro\/produs\/set-de-joaca-stapelstein-dynamic-complete-super-confetti\/","og_locale":"en_US","og_type":"article","og_title":"Set de joaca Stapelstein Dynamic complete super confetti","og_description":"Stapelstein Dynamic Complete este setul complet \u201eall-in-one\u201d, conceput pentru \u0219coli, centre de terapie, familii sau pentru oricine dore\u0219te o solu\u021bie versatil\u0103 pentru mi\u0219care \u0219i joac\u0103. Toate elementele pot fi stivuite unele \u00een altele, form\u00e2nd un turn compact \u0219i colorat care economise\u0219te spa\u021biu. \u00cen c\u00e2teva secunde, acesta se poate transforma \u00eentr-un scaun ergonomic, \u00eentr-un instrument pentru [&hellip;]","og_url":"https:\/\/bunnyboo.ro\/produs\/set-de-joaca-stapelstein-dynamic-complete-super-confetti\/","og_site_name":"Bunny Boo","article_modified_time":"2026-03-26T09:56:04+00:00","og_image":[{"width":819,"height":1024,"url":"https:\/\/bunnyboo.ro\/wp-content\/uploads\/2026\/03\/Stapelstein-Dynamic-complete-super-confetti-819x1024.png","type":"image\/png"}],"twitter_card":"summary_large_image","twitter_misc":{"Est. reading time":"2 minutes"},"schema":{"@context":"https:\/\/schema.org","@graph":[{"@type":"WebPage","@id":"https:\/\/bunnyboo.ro\/produs\/set-de-joaca-stapelstein-dynamic-complete-super-confetti\/","url":"https:\/\/bunnyboo.ro\/produs\/set-de-joaca-stapelstein-dynamic-complete-super-confetti\/","name":"Set de joaca Stapelstein Dynamic complete super confetti","isPartOf":{"@id":"https:\/\/bunnyboo.ro\/#website"},"primaryImageOfPage":{"@id":"https:\/\/bunnyboo.ro\/produs\/set-de-joaca-stapelstein-dynamic-complete-super-confetti\/#primaryimage"},"image":{"@id":"https:\/\/bunnyboo.ro\/produs\/set-de-joaca-stapelstein-dynamic-complete-super-confetti\/#primaryimage"},"thumbnailUrl":"https:\/\/bunnyboo.ro\/wp-content\/uploads\/2026\/03\/Stapelstein-Dynamic-complete-super-confetti-scaled.png","datePublished":"2026-03-16T18:24:58+00:00","dateModified":"2026-03-26T09:56:04+00:00","breadcrumb":{"@id":"https:\/\/bunnyboo.ro\/produs\/set-de-joaca-stapelstein-dynamic-complete-super-confetti\/#breadcrumb"},"inLanguage":"en-US","potentialAction":[{"@type":"ReadAction","target":["https:\/\/bunnyboo.ro\/produs\/set-de-joaca-stapelstein-dynamic-complete-super-confetti\/"]}]},{"@type":"ImageObject","inLanguage":"en-US","@id":"https:\/\/bunnyboo.ro\/produs\/set-de-joaca-stapelstein-dynamic-complete-super-confetti\/#primaryimage","url":"https:\/\/bunnyboo.ro\/wp-content\/uploads\/2026\/03\/Stapelstein-Dynamic-complete-super-confetti-scaled.png","contentUrl":"https:\/\/bunnyboo.ro\/wp-content\/uploads\/2026\/03\/Stapelstein-Dynamic-complete-super-confetti-scaled.png","width":2049,"height":2560},{"@type":"BreadcrumbList","@id":"https:\/\/bunnyboo.ro\/produs\/set-de-joaca-stapelstein-dynamic-complete-super-confetti\/#breadcrumb","itemListElement":[{"@type":"ListItem","position":1,"name":"Home","item":"https:\/\/bunnyboo.ro\/en\/"},{"@type":"ListItem","position":2,"name":"New","item":"https:\/\/bunnyboo.ro\/en\/shop\/"},{"@type":"ListItem","position":3,"name":"Set de joaca Stapelstein Dynamic complete super confetti"}]},{"@type":"WebSite","@id":"https:\/\/bunnyboo.ro\/#website","url":"https:\/\/bunnyboo.ro\/","name":"Bunny Boo","description":"Bunny Boo","publisher":{"@id":"https:\/\/bunnyboo.ro\/#organization"},"potentialAction":[{"@type":"SearchAction","target":{"@type":"EntryPoint","urlTemplate":"https:\/\/bunnyboo.ro\/?s={search_term_string}"},"query-input":"required name=search_term_string"}],"inLanguage":"en-US"},{"@type":"Organization","@id":"https:\/\/bunnyboo.ro\/#organization","name":"Bunny Boo","url":"https:\/\/bunnyboo.ro\/","logo":{"@type":"ImageObject","inLanguage":"en-US","@id":"https:\/\/bunnyboo.ro\/#\/schema\/logo\/image\/","url":"https:\/\/bunnyboo.ro\/wp-content\/uploads\/2024\/03\/Logo-website-black.png","contentUrl":"https:\/\/bunnyboo.ro\/wp-content\/uploads\/2024\/03\/Logo-website-black.png","width":2422,"height":946,"caption":"Bunny Boo"},"image":{"@id":"https:\/\/bunnyboo.ro\/#\/schema\/logo\/image\/"}}]}},"_links":{"self":[{"href":"https:\/\/bunnyboo.ro\/en\/wp-json\/wp\/v2\/product\/34948","targetHints":{"allow":["GET"]}}],"collection":[{"href":"https:\/\/bunnyboo.ro\/en\/wp-json\/wp\/v2\/product"}],"about":[{"href":"https:\/\/bunnyboo.ro\/en\/wp-json\/wp\/v2\/types\/product"}],"replies":[{"embeddable":true,"href":"https:\/\/bunnyboo.ro\/en\/wp-json\/wp\/v2\/comments?post=34948"}],"wp:featuredmedia":[{"embeddable":true,"href":"https:\/\/bunnyboo.ro\/en\/wp-json\/wp\/v2\/media\/34949"}],"wp:attachment":[{"href":"https:\/\/bunnyboo.ro\/en\/wp-json\/wp\/v2\/media?parent=34948"}],"wp:term":[{"taxonomy":"product_brand","embeddable":true,"href":"https:\/\/bunnyboo.ro\/en\/wp-json\/wp\/v2\/product_brand?post=34948"},{"taxonomy":"product_cat","embeddable":true,"href":"https:\/\/bunnyboo.ro\/en\/wp-json\/wp\/v2\/product_cat?post=34948"},{"taxonomy":"product_tag","embeddable":true,"href":"https:\/\/bunnyboo.ro\/en\/wp-json\/wp\/v2\/product_tag?post=34948"}],"curies":[{"name":"wp","href":"https:\/\/api.w.org\/{rel}","templated":true}]}}