{"id":34893,"date":"2026-03-16T20:03:56","date_gmt":"2026-03-16T18:03:56","guid":{"rendered":"https:\/\/bunnyboo.ro\/?post_type=product&#038;p=34893"},"modified":"2026-03-16T20:12:24","modified_gmt":"2026-03-16T18:12:24","slug":"set-de-joaca-grimms-x-stapelstein-classic","status":"publish","type":"product","link":"https:\/\/bunnyboo.ro\/en\/produs\/set-de-joaca-grimms-x-stapelstein-classic\/","title":{"rendered":"Set de joaca Grimms x Stapelstein Classic"},"content":{"rendered":"<p>Distrac\u021bie garantat\u0103 pentru copii \u0219i adul\u021bi! Colaborarea dintre GRIMM\u2019S \u0219i Stapelstein\u00ae arat\u0103 c\u00e2t de captivant \u0219i intuitiv poate fi jocul liber.<\/p>\n<p>Acest set transform\u0103 mi\u0219carea \u0219i explorarea \u00eentr-o experien\u021b\u0103 creativ\u0103, \u00eencuraj\u00e2nd imagina\u021bia, coordonarea \u0219i experimentarea.<\/p>\n<p>Ce con\u021bine setul<\/p>\n<ul>\n<li>3 discuri din lemn cu g\u0103uri de dimensiuni diferite<\/li>\n<li>3 bile din lemn \u00een trei m\u0103rimi diferite<\/li>\n<li>6 elemente Stapelstein\u00ae Original \u00een culorile curcubeu (classic sau pastel)<\/li>\n<\/ul>\n<p>Discurile \u0219i bilele sunt perfect armonizate cromatic cu paleta inspirat\u0103 de designul Bauhaus specific Stapelstein.<\/p>\n<p>Cum se folose\u0219te<\/p>\n<p>Plaseaz\u0103 discurile \u00een elementele Stapelstein\u00ae, alege una sau mai multe bile \u0219i las\u0103-le s\u0103 se rostogoleasc\u0103. Copiii pot observa:<\/p>\n<ul>\n<li>cum se mi\u0219c\u0103 bilele de dimensiuni diferite<\/li>\n<li>ce sunete produc c\u00e2nd se rostogolesc<\/li>\n<li>c\u00e2t de repede sau \u00eencet se deplaseaz\u0103<\/li>\n<li>ce se \u00eent\u00e2mpl\u0103 dac\u0103 ruleaz\u0103 toate cele trei bile simultan<\/li>\n<\/ul>\n<p>Pentru \u0219i mai mult\u0103 distrac\u021bie, micile g\u0103uri suplimentare din discuri pot fi folosite pentru a introduce paie sau flori, transform\u00e2ndu-le \u00een obstacole care fac jocul \u0219i mai provocator.<\/p>\n<p>Discurile pot fi folosite \u0219i pentru construirea unor lumi de joac\u0103 creative, fiind compatibile cu alte juc\u0103rii GRIMM\u2019S.<\/p>\n<p>Siguran\u021b\u0103<\/p>\n<p>Din cauza pieselor mici care pot fi \u00eenghi\u021bite, produsul este recomandat copiilor de la 3 ani \u00een sus.<\/p>\n<p>Material \u0219i sustenabilitate<\/p>\n<p>Produsele sunt realizate din EPP (polipropilen\u0103 expandat\u0103) \u2013 un material ecologic \u0219i durabil, f\u0103r\u0103 substan\u021be nocive, plastifian\u021bi sau aditivi periculo\u0219i.<\/p>\n<p>Caracteristici:<\/p>\n<ul>\n<li>100% reciclabil<\/li>\n<li>f\u0103r\u0103 miros<\/li>\n<li>foarte rezistent \u0219i durabil<\/li>\n<li>testat de organisme independente din UE pentru siguran\u021b\u0103 \u0219i calitate<\/li>\n<li>fabricat \u00een Germania<\/li>\n<li>certificat pentru calitate, design \u0219i sus\u021binerea dezvolt\u0103rii copiilor<\/li>\n<\/ul>\n<p>Utilizare \u00een interior \u0219i exterior<\/p>\n<p>Elementele Stapelstein\u00ae pot fi utilizate at\u00e2t \u00een interior, c\u00e2t \u0219i \u00een aer liber.<\/p>\n<p>Totu\u0219i, nu sunt concepute pentru depozitare permanent\u0103 \u00een exterior. Expunerea \u00eendelungat\u0103 la soare direct poate duce la decolorare \u0219i uzur\u0103 a materialului. Pentru o durat\u0103 de via\u021b\u0103 c\u00e2t mai mare, se recomand\u0103 depozitarea \u00eentr-un loc protejat.<\/p>\n<p>Datorit\u0103 culorilor deschise, se potrive\u0219te \u00een orice interior. Elementele Stapelstein\u00ae Original pot fi combinate cu toate celelalte elemente Original \u0219i Board. Mai ales \u00een combina\u021bie cu rainbow original, apar combina\u021bii de culori grozave, care \u00eencurajeaz\u0103 mi\u0219carea, precum \u0219i jocul imaginativ de stivuire.<\/p>\n<p>Pentru mai mult\u0103 mi\u0219care, joac\u0103 \u0219i fantezie \u00een via\u021ba de zi cu zi a copiilor.<\/p>\n<ul>\n<li>Greutate de 180 g<\/li>\n<li>Greutate placa: 268 g<\/li>\n<li>Greutate suportata: pana la 180 de kg<\/li>\n<li>Greutate suportata placa: pana la 120 de kg<\/li>\n<li>Dimensiuni: diametru:\u00a0\u00a0<span style=\"text-indent: -23px;\">35.5 cm<\/span>, inaltime: 12 cm<\/li>\n<li>Dimensiuni placa: diametru:\u00a0\u00a027.5 cm, inaltime: 8.4 cm<\/li>\n<li>Material: EPP reciclabil (polipropilen\u0103 expandat\u0103)<\/li>\n<\/ul>\n<p>&nbsp;<\/p>\n<p>Dac\u0103 dori\u021bi s\u0103 utiliza\u021bi produsele Stapelstein\u00ae pentru jocuri de echilibru, cel mai bine este s\u0103 face\u021bi acest lucru pe o suprafa\u021b\u0103 plan\u0103 \u0219i anti-alunecare. Stivui\u021bi elementele Stapelstein\u00ae doar c\u00e2t de sus v\u0103 sim\u021bi\u021bi \u00een siguran\u021b\u0103. V\u0103 recomand\u0103m s\u0103 stivui\u021bi maxim 3 elemente dac\u0103 dori\u021bi s\u0103 urca\u021bi pe un turn.<\/p>\n<p>Produsele de la Stapelstein\u00ae sunt rezistente la ap\u0103, astfel pot folosite si \u00een ap\u0103. Cu toate acestea, ele nu \u00eenlocuiesc un ajutor pentru flotabilitate! Copiii mici trebuie supraveghea\u021bi atunci c\u00e2nd se joac\u0103 \u00een ap\u0103 cu produse de la Stapelstein\u00ae.<\/p>\n<p>\u0218tia\u021bi c\u0103 elementele Stapelstein\u00ae Original pot scoate sunete frumoase de tobe atunci c\u00e2nd plutesc \u00een ap\u0103?<\/p>\n<p>Obiectele \u0219i suprafe\u021bele ascu\u021bite precum foarfecele, pietrele, cu\u021bitele, cuiele, s\u00e2rma sau din\u021bii mici a copiilor pot l\u0103sa urme permanente pe produsele Stapelstein\u00ae.<\/p>\n","protected":false},"excerpt":{"rendered":"<p>Distrac\u021bie garantat\u0103 pentru copii \u0219i adul\u021bi! Colaborarea dintre GRIMM\u2019S \u0219i Stapelstein\u00ae arat\u0103 c\u00e2t de captivant \u0219i intuitiv poate fi jocul liber. Acest set transform\u0103 mi\u0219carea \u0219i explorarea \u00eentr-o experien\u021b\u0103 creativ\u0103, \u00eencuraj\u00e2nd imagina\u021bia, coordonarea \u0219i experimentarea. Ce con\u021bine setul 3 discuri din lemn cu g\u0103uri de dimensiuni diferite 3 bile din lemn \u00een trei m\u0103rimi diferite [&hellip;]<\/p>\n","protected":false},"featured_media":34894,"comment_status":"open","ping_status":"closed","template":"","meta":{"site-sidebar-layout":"default","site-content-layout":"","ast-site-content-layout":"default","site-content-style":"default","site-sidebar-style":"default","ast-global-header-display":"","ast-banner-title-visibility":"","ast-main-header-display":"","ast-hfb-above-header-display":"","ast-hfb-below-header-display":"","ast-hfb-mobile-header-display":"","site-post-title":"","ast-breadcrumbs-content":"","ast-featured-img":"","footer-sml-layout":"","theme-transparent-header-meta":"default","adv-header-id-meta":"","stick-header-meta":"default","header-above-stick-meta":"","header-main-stick-meta":"","header-below-stick-meta":"","astra-migrate-meta-layouts":"set","ast-page-background-enabled":"default","ast-page-background-meta":{"desktop":{"background-color":"","background-image":"","background-repeat":"repeat","background-position":"center center","background-size":"auto","background-attachment":"scroll","background-type":"","background-media":"","overlay-type":"","overlay-color":"","overlay-opacity":"","overlay-gradient":""},"tablet":{"background-color":"","background-image":"","background-repeat":"repeat","background-position":"center center","background-size":"auto","background-attachment":"scroll","background-type":"","background-media":"","overlay-type":"","overlay-color":"","overlay-opacity":"","overlay-gradient":""},"mobile":{"background-color":"","background-image":"","background-repeat":"repeat","background-position":"center center","background-size":"auto","background-attachment":"scroll","background-type":"","background-media":"","overlay-type":"","overlay-color":"","overlay-opacity":"","overlay-gradient":""}},"ast-content-background-meta":{"desktop":{"background-color":"var(--ast-global-color-5)","background-image":"","background-repeat":"repeat","background-position":"center center","background-size":"auto","background-attachment":"scroll","background-type":"","background-media":"","overlay-type":"","overlay-color":"","overlay-opacity":"","overlay-gradient":""},"tablet":{"background-color":"var(--ast-global-color-5)","background-image":"","background-repeat":"repeat","background-position":"center center","background-size":"auto","background-attachment":"scroll","background-type":"","background-media":"","overlay-type":"","overlay-color":"","overlay-opacity":"","overlay-gradient":""},"mobile":{"background-color":"var(--ast-global-color-5)","background-image":"","background-repeat":"repeat","background-position":"center center","background-size":"auto","background-attachment":"scroll","background-type":"","background-media":"","overlay-type":"","overlay-color":"","overlay-opacity":"","overlay-gradient":""}}},"product_brand":[],"product_cat":[65,71],"product_tag":[],"class_list":{"0":"post-34893","1":"product","2":"type-product","3":"status-publish","4":"has-post-thumbnail","6":"product_cat-noutati-minunate-pentru-puiul-tau","7":"product_cat-seturi-de-joaca-colorate-si-distractive","8":"desktop-align-left","9":"tablet-align-left","10":"mobile-align-left","11":"ast-product-gallery-layout-horizontal-slider","12":"ast-product-tabs-layout-vertical","13":"ast-qv-on-image","15":"first","16":"instock","17":"shipping-taxable","18":"purchasable","19":"product-type-simple"},"yoast_head":"<!-- This site is optimized with the Yoast SEO plugin v22.6 - https:\/\/yoast.com\/wordpress\/plugins\/seo\/ -->\n<title>Set de joaca Grimms x Stapelstein Classic<\/title>\n<meta name=\"robots\" content=\"index, follow, max-snippet:-1, max-image-preview:large, max-video-preview:-1\" \/>\n<link rel=\"canonical\" href=\"https:\/\/bunnyboo.ro\/produs\/set-de-joaca-grimms-x-stapelstein-classic\/\" \/>\n<meta property=\"og:locale\" content=\"en_US\" \/>\n<meta property=\"og:type\" content=\"article\" \/>\n<meta property=\"og:title\" content=\"Set de joaca Grimms x Stapelstein Classic\" \/>\n<meta property=\"og:description\" content=\"Distrac\u021bie garantat\u0103 pentru copii \u0219i adul\u021bi! Colaborarea dintre GRIMM\u2019S \u0219i Stapelstein\u00ae arat\u0103 c\u00e2t de captivant \u0219i intuitiv poate fi jocul liber. Acest set transform\u0103 mi\u0219carea \u0219i explorarea \u00eentr-o experien\u021b\u0103 creativ\u0103, \u00eencuraj\u00e2nd imagina\u021bia, coordonarea \u0219i experimentarea. Ce con\u021bine setul 3 discuri din lemn cu g\u0103uri de dimensiuni diferite 3 bile din lemn \u00een trei m\u0103rimi diferite [&hellip;]\" \/>\n<meta property=\"og:url\" content=\"https:\/\/bunnyboo.ro\/produs\/set-de-joaca-grimms-x-stapelstein-classic\/\" \/>\n<meta property=\"og:site_name\" content=\"Bunny Boo\" \/>\n<meta property=\"article:modified_time\" content=\"2026-03-16T18:12:24+00:00\" \/>\n<meta property=\"og:image\" content=\"https:\/\/bunnyboo.ro\/wp-content\/uploads\/2026\/03\/Grimms-x-Stapelstein-Set-classic-819x1024.png\" \/>\n\t<meta property=\"og:image:width\" content=\"819\" \/>\n\t<meta property=\"og:image:height\" content=\"1024\" \/>\n\t<meta property=\"og:image:type\" content=\"image\/png\" \/>\n<meta name=\"twitter:card\" content=\"summary_large_image\" \/>\n<meta name=\"twitter:label1\" content=\"Est. reading time\" \/>\n\t<meta name=\"twitter:data1\" content=\"4 minutes\" \/>\n<script type=\"application\/ld+json\" class=\"yoast-schema-graph\">{\"@context\":\"https:\/\/schema.org\",\"@graph\":[{\"@type\":\"WebPage\",\"@id\":\"https:\/\/bunnyboo.ro\/produs\/set-de-joaca-grimms-x-stapelstein-classic\/\",\"url\":\"https:\/\/bunnyboo.ro\/produs\/set-de-joaca-grimms-x-stapelstein-classic\/\",\"name\":\"Set de joaca Grimms x Stapelstein Classic\",\"isPartOf\":{\"@id\":\"https:\/\/bunnyboo.ro\/#website\"},\"primaryImageOfPage\":{\"@id\":\"https:\/\/bunnyboo.ro\/produs\/set-de-joaca-grimms-x-stapelstein-classic\/#primaryimage\"},\"image\":{\"@id\":\"https:\/\/bunnyboo.ro\/produs\/set-de-joaca-grimms-x-stapelstein-classic\/#primaryimage\"},\"thumbnailUrl\":\"https:\/\/bunnyboo.ro\/wp-content\/uploads\/2026\/03\/Grimms-x-Stapelstein-Set-classic-scaled.png\",\"datePublished\":\"2026-03-16T18:03:56+00:00\",\"dateModified\":\"2026-03-16T18:12:24+00:00\",\"breadcrumb\":{\"@id\":\"https:\/\/bunnyboo.ro\/produs\/set-de-joaca-grimms-x-stapelstein-classic\/#breadcrumb\"},\"inLanguage\":\"en-US\",\"potentialAction\":[{\"@type\":\"ReadAction\",\"target\":[\"https:\/\/bunnyboo.ro\/produs\/set-de-joaca-grimms-x-stapelstein-classic\/\"]}]},{\"@type\":\"ImageObject\",\"inLanguage\":\"en-US\",\"@id\":\"https:\/\/bunnyboo.ro\/produs\/set-de-joaca-grimms-x-stapelstein-classic\/#primaryimage\",\"url\":\"https:\/\/bunnyboo.ro\/wp-content\/uploads\/2026\/03\/Grimms-x-Stapelstein-Set-classic-scaled.png\",\"contentUrl\":\"https:\/\/bunnyboo.ro\/wp-content\/uploads\/2026\/03\/Grimms-x-Stapelstein-Set-classic-scaled.png\",\"width\":2049,\"height\":2560},{\"@type\":\"BreadcrumbList\",\"@id\":\"https:\/\/bunnyboo.ro\/produs\/set-de-joaca-grimms-x-stapelstein-classic\/#breadcrumb\",\"itemListElement\":[{\"@type\":\"ListItem\",\"position\":1,\"name\":\"Home\",\"item\":\"https:\/\/bunnyboo.ro\/en\/\"},{\"@type\":\"ListItem\",\"position\":2,\"name\":\"New\",\"item\":\"https:\/\/bunnyboo.ro\/en\/shop\/\"},{\"@type\":\"ListItem\",\"position\":3,\"name\":\"Set de joaca Grimms x Stapelstein Classic\"}]},{\"@type\":\"WebSite\",\"@id\":\"https:\/\/bunnyboo.ro\/#website\",\"url\":\"https:\/\/bunnyboo.ro\/\",\"name\":\"Bunny Boo\",\"description\":\"Bunny Boo\",\"publisher\":{\"@id\":\"https:\/\/bunnyboo.ro\/#organization\"},\"potentialAction\":[{\"@type\":\"SearchAction\",\"target\":{\"@type\":\"EntryPoint\",\"urlTemplate\":\"https:\/\/bunnyboo.ro\/?s={search_term_string}\"},\"query-input\":\"required name=search_term_string\"}],\"inLanguage\":\"en-US\"},{\"@type\":\"Organization\",\"@id\":\"https:\/\/bunnyboo.ro\/#organization\",\"name\":\"Bunny Boo\",\"url\":\"https:\/\/bunnyboo.ro\/\",\"logo\":{\"@type\":\"ImageObject\",\"inLanguage\":\"en-US\",\"@id\":\"https:\/\/bunnyboo.ro\/#\/schema\/logo\/image\/\",\"url\":\"https:\/\/bunnyboo.ro\/wp-content\/uploads\/2024\/03\/Logo-website-black.png\",\"contentUrl\":\"https:\/\/bunnyboo.ro\/wp-content\/uploads\/2024\/03\/Logo-website-black.png\",\"width\":2422,\"height\":946,\"caption\":\"Bunny Boo\"},\"image\":{\"@id\":\"https:\/\/bunnyboo.ro\/#\/schema\/logo\/image\/\"}}]}<\/script>\n<!-- \/ Yoast SEO plugin. -->","yoast_head_json":{"title":"Set de joaca Grimms x Stapelstein Classic","robots":{"index":"index","follow":"follow","max-snippet":"max-snippet:-1","max-image-preview":"max-image-preview:large","max-video-preview":"max-video-preview:-1"},"canonical":"https:\/\/bunnyboo.ro\/produs\/set-de-joaca-grimms-x-stapelstein-classic\/","og_locale":"en_US","og_type":"article","og_title":"Set de joaca Grimms x Stapelstein Classic","og_description":"Distrac\u021bie garantat\u0103 pentru copii \u0219i adul\u021bi! Colaborarea dintre GRIMM\u2019S \u0219i Stapelstein\u00ae arat\u0103 c\u00e2t de captivant \u0219i intuitiv poate fi jocul liber. Acest set transform\u0103 mi\u0219carea \u0219i explorarea \u00eentr-o experien\u021b\u0103 creativ\u0103, \u00eencuraj\u00e2nd imagina\u021bia, coordonarea \u0219i experimentarea. Ce con\u021bine setul 3 discuri din lemn cu g\u0103uri de dimensiuni diferite 3 bile din lemn \u00een trei m\u0103rimi diferite [&hellip;]","og_url":"https:\/\/bunnyboo.ro\/produs\/set-de-joaca-grimms-x-stapelstein-classic\/","og_site_name":"Bunny Boo","article_modified_time":"2026-03-16T18:12:24+00:00","og_image":[{"width":819,"height":1024,"url":"https:\/\/bunnyboo.ro\/wp-content\/uploads\/2026\/03\/Grimms-x-Stapelstein-Set-classic-819x1024.png","type":"image\/png"}],"twitter_card":"summary_large_image","twitter_misc":{"Est. reading time":"4 minutes"},"schema":{"@context":"https:\/\/schema.org","@graph":[{"@type":"WebPage","@id":"https:\/\/bunnyboo.ro\/produs\/set-de-joaca-grimms-x-stapelstein-classic\/","url":"https:\/\/bunnyboo.ro\/produs\/set-de-joaca-grimms-x-stapelstein-classic\/","name":"Set de joaca Grimms x Stapelstein Classic","isPartOf":{"@id":"https:\/\/bunnyboo.ro\/#website"},"primaryImageOfPage":{"@id":"https:\/\/bunnyboo.ro\/produs\/set-de-joaca-grimms-x-stapelstein-classic\/#primaryimage"},"image":{"@id":"https:\/\/bunnyboo.ro\/produs\/set-de-joaca-grimms-x-stapelstein-classic\/#primaryimage"},"thumbnailUrl":"https:\/\/bunnyboo.ro\/wp-content\/uploads\/2026\/03\/Grimms-x-Stapelstein-Set-classic-scaled.png","datePublished":"2026-03-16T18:03:56+00:00","dateModified":"2026-03-16T18:12:24+00:00","breadcrumb":{"@id":"https:\/\/bunnyboo.ro\/produs\/set-de-joaca-grimms-x-stapelstein-classic\/#breadcrumb"},"inLanguage":"en-US","potentialAction":[{"@type":"ReadAction","target":["https:\/\/bunnyboo.ro\/produs\/set-de-joaca-grimms-x-stapelstein-classic\/"]}]},{"@type":"ImageObject","inLanguage":"en-US","@id":"https:\/\/bunnyboo.ro\/produs\/set-de-joaca-grimms-x-stapelstein-classic\/#primaryimage","url":"https:\/\/bunnyboo.ro\/wp-content\/uploads\/2026\/03\/Grimms-x-Stapelstein-Set-classic-scaled.png","contentUrl":"https:\/\/bunnyboo.ro\/wp-content\/uploads\/2026\/03\/Grimms-x-Stapelstein-Set-classic-scaled.png","width":2049,"height":2560},{"@type":"BreadcrumbList","@id":"https:\/\/bunnyboo.ro\/produs\/set-de-joaca-grimms-x-stapelstein-classic\/#breadcrumb","itemListElement":[{"@type":"ListItem","position":1,"name":"Home","item":"https:\/\/bunnyboo.ro\/en\/"},{"@type":"ListItem","position":2,"name":"New","item":"https:\/\/bunnyboo.ro\/en\/shop\/"},{"@type":"ListItem","position":3,"name":"Set de joaca Grimms x Stapelstein Classic"}]},{"@type":"WebSite","@id":"https:\/\/bunnyboo.ro\/#website","url":"https:\/\/bunnyboo.ro\/","name":"Bunny Boo","description":"Bunny Boo","publisher":{"@id":"https:\/\/bunnyboo.ro\/#organization"},"potentialAction":[{"@type":"SearchAction","target":{"@type":"EntryPoint","urlTemplate":"https:\/\/bunnyboo.ro\/?s={search_term_string}"},"query-input":"required name=search_term_string"}],"inLanguage":"en-US"},{"@type":"Organization","@id":"https:\/\/bunnyboo.ro\/#organization","name":"Bunny Boo","url":"https:\/\/bunnyboo.ro\/","logo":{"@type":"ImageObject","inLanguage":"en-US","@id":"https:\/\/bunnyboo.ro\/#\/schema\/logo\/image\/","url":"https:\/\/bunnyboo.ro\/wp-content\/uploads\/2024\/03\/Logo-website-black.png","contentUrl":"https:\/\/bunnyboo.ro\/wp-content\/uploads\/2024\/03\/Logo-website-black.png","width":2422,"height":946,"caption":"Bunny Boo"},"image":{"@id":"https:\/\/bunnyboo.ro\/#\/schema\/logo\/image\/"}}]}},"_links":{"self":[{"href":"https:\/\/bunnyboo.ro\/en\/wp-json\/wp\/v2\/product\/34893","targetHints":{"allow":["GET"]}}],"collection":[{"href":"https:\/\/bunnyboo.ro\/en\/wp-json\/wp\/v2\/product"}],"about":[{"href":"https:\/\/bunnyboo.ro\/en\/wp-json\/wp\/v2\/types\/product"}],"replies":[{"embeddable":true,"href":"https:\/\/bunnyboo.ro\/en\/wp-json\/wp\/v2\/comments?post=34893"}],"wp:featuredmedia":[{"embeddable":true,"href":"https:\/\/bunnyboo.ro\/en\/wp-json\/wp\/v2\/media\/34894"}],"wp:attachment":[{"href":"https:\/\/bunnyboo.ro\/en\/wp-json\/wp\/v2\/media?parent=34893"}],"wp:term":[{"taxonomy":"product_brand","embeddable":true,"href":"https:\/\/bunnyboo.ro\/en\/wp-json\/wp\/v2\/product_brand?post=34893"},{"taxonomy":"product_cat","embeddable":true,"href":"https:\/\/bunnyboo.ro\/en\/wp-json\/wp\/v2\/product_cat?post=34893"},{"taxonomy":"product_tag","embeddable":true,"href":"https:\/\/bunnyboo.ro\/en\/wp-json\/wp\/v2\/product_tag?post=34893"}],"curies":[{"name":"wp","href":"https:\/\/api.w.org\/{rel}","templated":true}]}}