{"id":34881,"date":"2026-03-16T19:57:45","date_gmt":"2026-03-16T17:57:45","guid":{"rendered":"https:\/\/bunnyboo.ro\/?post_type=product&#038;p=34881"},"modified":"2026-03-17T11:22:41","modified_gmt":"2026-03-17T09:22:41","slug":"placa-echilibru-stapelstein-spring-special-petal","status":"publish","type":"product","link":"https:\/\/bunnyboo.ro\/en\/produs\/placa-echilibru-stapelstein-spring-special-petal\/","title":{"rendered":"Placa echilibru Stapelstein Spring Special Petal"},"content":{"rendered":"<ul>\n<li>ajut\u0103 la dezvoltarea echilibrului \u00eentr-un mod distractiv<\/li>\n<li>extinde jocurile active bazate pe echilibru \u0219i rotire<\/li>\n<li>utilizare multipl\u0103, contribuie la \u00eent\u0103rirea trunchiului \u0219i la antrenarea echilibrului<\/li>\n<\/ul>\n<p>Descriere:<\/p>\n<p>Este un produs complementar pentru varianta Original. Board-ul este un element multifunc\u021bional, ideal pentru exerci\u021bii de echilibru \u0219i pentru \u0219edere dinamic\u0103. Poate fi folosit ca baz\u0103 solid\u0103 pentru o stiv\u0103 mare de elemente sau, \u00eentorc\u00e2nd stiva invers, se poate crea un fel de scaun de echilibru cu \u00een\u0103l\u021bime reglabil\u0103 u\u0219or. Folosit singur, poate fi aruncat ca un disc, \u00eenv\u00e2rtit ca un titirez \u0219i utilizat pentru jocuri de echilibru, at\u00e2t \u00een interior, c\u00e2t \u0219i afar\u0103.<\/p>\n<p>Ce include:<\/p>\n<ul>\n<li>1 x Balance Board<\/li>\n<\/ul>\n<p>Compatibilitate:<\/p>\n<ul>\n<li>se poate combina cu toate celelalte produse Stapelstein<\/li>\n<\/ul>\n<p>Dimensiuni:<\/p>\n<ul>\n<li>\u00een\u0103l\u021bime: 3.31 in \u2248 8,4 cm<\/li>\n<li>diametru: 13.98 in \u2248 35,5 cm<\/li>\n<\/ul>\n<p>V\u00e2rste:<\/p>\n<ul>\n<li>1\u201399 ani<\/li>\n<li>potrivit pentru toat\u0103 familia<\/li>\n<\/ul>\n","protected":false},"excerpt":{"rendered":"<p>ajut\u0103 la dezvoltarea echilibrului \u00eentr-un mod distractiv extinde jocurile active bazate pe echilibru \u0219i rotire utilizare multipl\u0103, contribuie la \u00eent\u0103rirea trunchiului \u0219i la antrenarea echilibrului Descriere: Este un produs complementar pentru varianta Original. Board-ul este un element multifunc\u021bional, ideal pentru exerci\u021bii de echilibru \u0219i pentru \u0219edere dinamic\u0103. Poate fi folosit ca baz\u0103 solid\u0103 pentru o [&hellip;]<\/p>\n","protected":false},"featured_media":34882,"comment_status":"open","ping_status":"closed","template":"","meta":{"site-sidebar-layout":"default","site-content-layout":"","ast-site-content-layout":"default","site-content-style":"default","site-sidebar-style":"default","ast-global-header-display":"","ast-banner-title-visibility":"","ast-main-header-display":"","ast-hfb-above-header-display":"","ast-hfb-below-header-display":"","ast-hfb-mobile-header-display":"","site-post-title":"","ast-breadcrumbs-content":"","ast-featured-img":"","footer-sml-layout":"","theme-transparent-header-meta":"default","adv-header-id-meta":"","stick-header-meta":"default","header-above-stick-meta":"","header-main-stick-meta":"","header-below-stick-meta":"","astra-migrate-meta-layouts":"set","ast-page-background-enabled":"default","ast-page-background-meta":{"desktop":{"background-color":"","background-image":"","background-repeat":"repeat","background-position":"center center","background-size":"auto","background-attachment":"scroll","background-type":"","background-media":"","overlay-type":"","overlay-color":"","overlay-opacity":"","overlay-gradient":""},"tablet":{"background-color":"","background-image":"","background-repeat":"repeat","background-position":"center center","background-size":"auto","background-attachment":"scroll","background-type":"","background-media":"","overlay-type":"","overlay-color":"","overlay-opacity":"","overlay-gradient":""},"mobile":{"background-color":"","background-image":"","background-repeat":"repeat","background-position":"center center","background-size":"auto","background-attachment":"scroll","background-type":"","background-media":"","overlay-type":"","overlay-color":"","overlay-opacity":"","overlay-gradient":""}},"ast-content-background-meta":{"desktop":{"background-color":"var(--ast-global-color-5)","background-image":"","background-repeat":"repeat","background-position":"center center","background-size":"auto","background-attachment":"scroll","background-type":"","background-media":"","overlay-type":"","overlay-color":"","overlay-opacity":"","overlay-gradient":""},"tablet":{"background-color":"var(--ast-global-color-5)","background-image":"","background-repeat":"repeat","background-position":"center center","background-size":"auto","background-attachment":"scroll","background-type":"","background-media":"","overlay-type":"","overlay-color":"","overlay-opacity":"","overlay-gradient":""},"mobile":{"background-color":"var(--ast-global-color-5)","background-image":"","background-repeat":"repeat","background-position":"center center","background-size":"auto","background-attachment":"scroll","background-type":"","background-media":"","overlay-type":"","overlay-color":"","overlay-opacity":"","overlay-gradient":""}}},"product_brand":[],"product_cat":[65,70,71],"product_tag":[],"class_list":{"0":"post-34881","1":"product","2":"type-product","3":"status-publish","4":"has-post-thumbnail","6":"product_cat-noutati-minunate-pentru-puiul-tau","7":"product_cat-placa-ta-de-echilibru-favorita","8":"product_cat-seturi-de-joaca-colorate-si-distractive","9":"desktop-align-left","10":"tablet-align-left","11":"mobile-align-left","12":"ast-product-gallery-layout-horizontal-slider","13":"ast-product-tabs-layout-vertical","14":"ast-qv-on-image","16":"first","17":"instock","18":"shipping-taxable","19":"purchasable","20":"product-type-simple"},"yoast_head":"<!-- This site is optimized with the Yoast SEO plugin v22.6 - https:\/\/yoast.com\/wordpress\/plugins\/seo\/ -->\n<title>Placa echilibru Stapelstein Spring Special Petal<\/title>\n<meta name=\"robots\" content=\"index, follow, max-snippet:-1, max-image-preview:large, max-video-preview:-1\" \/>\n<link rel=\"canonical\" href=\"https:\/\/bunnyboo.ro\/produs\/placa-echilibru-stapelstein-spring-special-petal\/\" \/>\n<meta property=\"og:locale\" content=\"en_US\" \/>\n<meta property=\"og:type\" content=\"article\" \/>\n<meta property=\"og:title\" content=\"Placa echilibru Stapelstein Spring Special Petal\" \/>\n<meta property=\"og:description\" content=\"ajut\u0103 la dezvoltarea echilibrului \u00eentr-un mod distractiv extinde jocurile active bazate pe echilibru \u0219i rotire utilizare multipl\u0103, contribuie la \u00eent\u0103rirea trunchiului \u0219i la antrenarea echilibrului Descriere: Este un produs complementar pentru varianta Original. Board-ul este un element multifunc\u021bional, ideal pentru exerci\u021bii de echilibru \u0219i pentru \u0219edere dinamic\u0103. Poate fi folosit ca baz\u0103 solid\u0103 pentru o [&hellip;]\" \/>\n<meta property=\"og:url\" content=\"https:\/\/bunnyboo.ro\/produs\/placa-echilibru-stapelstein-spring-special-petal\/\" \/>\n<meta property=\"og:site_name\" content=\"Bunny Boo\" \/>\n<meta property=\"article:modified_time\" content=\"2026-03-17T09:22:41+00:00\" \/>\n<meta property=\"og:image\" content=\"https:\/\/bunnyboo.ro\/wp-content\/uploads\/2026\/03\/Stapelstein-Board-original-spring-special-petal-front-shadow.png\" \/>\n\t<meta property=\"og:image:width\" content=\"1000\" \/>\n\t<meta property=\"og:image:height\" content=\"1250\" \/>\n\t<meta property=\"og:image:type\" content=\"image\/png\" \/>\n<meta name=\"twitter:card\" content=\"summary_large_image\" \/>\n<meta name=\"twitter:label1\" content=\"Est. reading time\" \/>\n\t<meta name=\"twitter:data1\" content=\"1 minute\" \/>\n<script type=\"application\/ld+json\" class=\"yoast-schema-graph\">{\"@context\":\"https:\/\/schema.org\",\"@graph\":[{\"@type\":\"WebPage\",\"@id\":\"https:\/\/bunnyboo.ro\/produs\/placa-echilibru-stapelstein-spring-special-petal\/\",\"url\":\"https:\/\/bunnyboo.ro\/produs\/placa-echilibru-stapelstein-spring-special-petal\/\",\"name\":\"Placa echilibru Stapelstein Spring Special Petal\",\"isPartOf\":{\"@id\":\"https:\/\/bunnyboo.ro\/#website\"},\"primaryImageOfPage\":{\"@id\":\"https:\/\/bunnyboo.ro\/produs\/placa-echilibru-stapelstein-spring-special-petal\/#primaryimage\"},\"image\":{\"@id\":\"https:\/\/bunnyboo.ro\/produs\/placa-echilibru-stapelstein-spring-special-petal\/#primaryimage\"},\"thumbnailUrl\":\"https:\/\/bunnyboo.ro\/wp-content\/uploads\/2026\/03\/Stapelstein-Board-original-spring-special-petal-front-shadow.png\",\"datePublished\":\"2026-03-16T17:57:45+00:00\",\"dateModified\":\"2026-03-17T09:22:41+00:00\",\"breadcrumb\":{\"@id\":\"https:\/\/bunnyboo.ro\/produs\/placa-echilibru-stapelstein-spring-special-petal\/#breadcrumb\"},\"inLanguage\":\"en-US\",\"potentialAction\":[{\"@type\":\"ReadAction\",\"target\":[\"https:\/\/bunnyboo.ro\/produs\/placa-echilibru-stapelstein-spring-special-petal\/\"]}]},{\"@type\":\"ImageObject\",\"inLanguage\":\"en-US\",\"@id\":\"https:\/\/bunnyboo.ro\/produs\/placa-echilibru-stapelstein-spring-special-petal\/#primaryimage\",\"url\":\"https:\/\/bunnyboo.ro\/wp-content\/uploads\/2026\/03\/Stapelstein-Board-original-spring-special-petal-front-shadow.png\",\"contentUrl\":\"https:\/\/bunnyboo.ro\/wp-content\/uploads\/2026\/03\/Stapelstein-Board-original-spring-special-petal-front-shadow.png\",\"width\":1000,\"height\":1250},{\"@type\":\"BreadcrumbList\",\"@id\":\"https:\/\/bunnyboo.ro\/produs\/placa-echilibru-stapelstein-spring-special-petal\/#breadcrumb\",\"itemListElement\":[{\"@type\":\"ListItem\",\"position\":1,\"name\":\"Home\",\"item\":\"https:\/\/bunnyboo.ro\/en\/\"},{\"@type\":\"ListItem\",\"position\":2,\"name\":\"New\",\"item\":\"https:\/\/bunnyboo.ro\/en\/shop\/\"},{\"@type\":\"ListItem\",\"position\":3,\"name\":\"Placa echilibru Stapelstein Spring Special Petal\"}]},{\"@type\":\"WebSite\",\"@id\":\"https:\/\/bunnyboo.ro\/#website\",\"url\":\"https:\/\/bunnyboo.ro\/\",\"name\":\"Bunny Boo\",\"description\":\"Bunny Boo\",\"publisher\":{\"@id\":\"https:\/\/bunnyboo.ro\/#organization\"},\"potentialAction\":[{\"@type\":\"SearchAction\",\"target\":{\"@type\":\"EntryPoint\",\"urlTemplate\":\"https:\/\/bunnyboo.ro\/?s={search_term_string}\"},\"query-input\":\"required name=search_term_string\"}],\"inLanguage\":\"en-US\"},{\"@type\":\"Organization\",\"@id\":\"https:\/\/bunnyboo.ro\/#organization\",\"name\":\"Bunny Boo\",\"url\":\"https:\/\/bunnyboo.ro\/\",\"logo\":{\"@type\":\"ImageObject\",\"inLanguage\":\"en-US\",\"@id\":\"https:\/\/bunnyboo.ro\/#\/schema\/logo\/image\/\",\"url\":\"https:\/\/bunnyboo.ro\/wp-content\/uploads\/2024\/03\/Logo-website-black.png\",\"contentUrl\":\"https:\/\/bunnyboo.ro\/wp-content\/uploads\/2024\/03\/Logo-website-black.png\",\"width\":2422,\"height\":946,\"caption\":\"Bunny Boo\"},\"image\":{\"@id\":\"https:\/\/bunnyboo.ro\/#\/schema\/logo\/image\/\"}}]}<\/script>\n<!-- \/ Yoast SEO plugin. -->","yoast_head_json":{"title":"Placa echilibru Stapelstein Spring Special Petal","robots":{"index":"index","follow":"follow","max-snippet":"max-snippet:-1","max-image-preview":"max-image-preview:large","max-video-preview":"max-video-preview:-1"},"canonical":"https:\/\/bunnyboo.ro\/produs\/placa-echilibru-stapelstein-spring-special-petal\/","og_locale":"en_US","og_type":"article","og_title":"Placa echilibru Stapelstein Spring Special Petal","og_description":"ajut\u0103 la dezvoltarea echilibrului \u00eentr-un mod distractiv extinde jocurile active bazate pe echilibru \u0219i rotire utilizare multipl\u0103, contribuie la \u00eent\u0103rirea trunchiului \u0219i la antrenarea echilibrului Descriere: Este un produs complementar pentru varianta Original. Board-ul este un element multifunc\u021bional, ideal pentru exerci\u021bii de echilibru \u0219i pentru \u0219edere dinamic\u0103. Poate fi folosit ca baz\u0103 solid\u0103 pentru o [&hellip;]","og_url":"https:\/\/bunnyboo.ro\/produs\/placa-echilibru-stapelstein-spring-special-petal\/","og_site_name":"Bunny Boo","article_modified_time":"2026-03-17T09:22:41+00:00","og_image":[{"width":1000,"height":1250,"url":"https:\/\/bunnyboo.ro\/wp-content\/uploads\/2026\/03\/Stapelstein-Board-original-spring-special-petal-front-shadow.png","type":"image\/png"}],"twitter_card":"summary_large_image","twitter_misc":{"Est. reading time":"1 minute"},"schema":{"@context":"https:\/\/schema.org","@graph":[{"@type":"WebPage","@id":"https:\/\/bunnyboo.ro\/produs\/placa-echilibru-stapelstein-spring-special-petal\/","url":"https:\/\/bunnyboo.ro\/produs\/placa-echilibru-stapelstein-spring-special-petal\/","name":"Placa echilibru Stapelstein Spring Special Petal","isPartOf":{"@id":"https:\/\/bunnyboo.ro\/#website"},"primaryImageOfPage":{"@id":"https:\/\/bunnyboo.ro\/produs\/placa-echilibru-stapelstein-spring-special-petal\/#primaryimage"},"image":{"@id":"https:\/\/bunnyboo.ro\/produs\/placa-echilibru-stapelstein-spring-special-petal\/#primaryimage"},"thumbnailUrl":"https:\/\/bunnyboo.ro\/wp-content\/uploads\/2026\/03\/Stapelstein-Board-original-spring-special-petal-front-shadow.png","datePublished":"2026-03-16T17:57:45+00:00","dateModified":"2026-03-17T09:22:41+00:00","breadcrumb":{"@id":"https:\/\/bunnyboo.ro\/produs\/placa-echilibru-stapelstein-spring-special-petal\/#breadcrumb"},"inLanguage":"en-US","potentialAction":[{"@type":"ReadAction","target":["https:\/\/bunnyboo.ro\/produs\/placa-echilibru-stapelstein-spring-special-petal\/"]}]},{"@type":"ImageObject","inLanguage":"en-US","@id":"https:\/\/bunnyboo.ro\/produs\/placa-echilibru-stapelstein-spring-special-petal\/#primaryimage","url":"https:\/\/bunnyboo.ro\/wp-content\/uploads\/2026\/03\/Stapelstein-Board-original-spring-special-petal-front-shadow.png","contentUrl":"https:\/\/bunnyboo.ro\/wp-content\/uploads\/2026\/03\/Stapelstein-Board-original-spring-special-petal-front-shadow.png","width":1000,"height":1250},{"@type":"BreadcrumbList","@id":"https:\/\/bunnyboo.ro\/produs\/placa-echilibru-stapelstein-spring-special-petal\/#breadcrumb","itemListElement":[{"@type":"ListItem","position":1,"name":"Home","item":"https:\/\/bunnyboo.ro\/en\/"},{"@type":"ListItem","position":2,"name":"New","item":"https:\/\/bunnyboo.ro\/en\/shop\/"},{"@type":"ListItem","position":3,"name":"Placa echilibru Stapelstein Spring Special Petal"}]},{"@type":"WebSite","@id":"https:\/\/bunnyboo.ro\/#website","url":"https:\/\/bunnyboo.ro\/","name":"Bunny Boo","description":"Bunny Boo","publisher":{"@id":"https:\/\/bunnyboo.ro\/#organization"},"potentialAction":[{"@type":"SearchAction","target":{"@type":"EntryPoint","urlTemplate":"https:\/\/bunnyboo.ro\/?s={search_term_string}"},"query-input":"required name=search_term_string"}],"inLanguage":"en-US"},{"@type":"Organization","@id":"https:\/\/bunnyboo.ro\/#organization","name":"Bunny Boo","url":"https:\/\/bunnyboo.ro\/","logo":{"@type":"ImageObject","inLanguage":"en-US","@id":"https:\/\/bunnyboo.ro\/#\/schema\/logo\/image\/","url":"https:\/\/bunnyboo.ro\/wp-content\/uploads\/2024\/03\/Logo-website-black.png","contentUrl":"https:\/\/bunnyboo.ro\/wp-content\/uploads\/2024\/03\/Logo-website-black.png","width":2422,"height":946,"caption":"Bunny Boo"},"image":{"@id":"https:\/\/bunnyboo.ro\/#\/schema\/logo\/image\/"}}]}},"_links":{"self":[{"href":"https:\/\/bunnyboo.ro\/en\/wp-json\/wp\/v2\/product\/34881","targetHints":{"allow":["GET"]}}],"collection":[{"href":"https:\/\/bunnyboo.ro\/en\/wp-json\/wp\/v2\/product"}],"about":[{"href":"https:\/\/bunnyboo.ro\/en\/wp-json\/wp\/v2\/types\/product"}],"replies":[{"embeddable":true,"href":"https:\/\/bunnyboo.ro\/en\/wp-json\/wp\/v2\/comments?post=34881"}],"wp:featuredmedia":[{"embeddable":true,"href":"https:\/\/bunnyboo.ro\/en\/wp-json\/wp\/v2\/media\/34882"}],"wp:attachment":[{"href":"https:\/\/bunnyboo.ro\/en\/wp-json\/wp\/v2\/media?parent=34881"}],"wp:term":[{"taxonomy":"product_brand","embeddable":true,"href":"https:\/\/bunnyboo.ro\/en\/wp-json\/wp\/v2\/product_brand?post=34881"},{"taxonomy":"product_cat","embeddable":true,"href":"https:\/\/bunnyboo.ro\/en\/wp-json\/wp\/v2\/product_cat?post=34881"},{"taxonomy":"product_tag","embeddable":true,"href":"https:\/\/bunnyboo.ro\/en\/wp-json\/wp\/v2\/product_tag?post=34881"}],"curies":[{"name":"wp","href":"https:\/\/api.w.org\/{rel}","templated":true}]}}