{"id":34734,"date":"2026-03-05T13:47:30","date_gmt":"2026-03-05T11:47:30","guid":{"rendered":"https:\/\/bunnyboo.ro\/?post_type=product&#038;p=34734"},"modified":"2026-03-05T21:20:30","modified_gmt":"2026-03-05T19:20:30","slug":"papusa-textila-superherorosa-35-cm-little-dutch","status":"publish","type":"product","link":"https:\/\/bunnyboo.ro\/en\/produs\/papusa-textila-superherorosa-35-cm-little-dutch\/","title":{"rendered":"Papusa textila &#8211; Superhero Rosa &#8211; 35 cm &#8211; Little Dutch"},"content":{"rendered":"<p>Superhero Rosa este o p\u0103pu\u0219\u0103 textil\u0103 special\u0103 din colec\u021bia Little Dutch, gata s\u0103 porneasc\u0103 \u00een cele mai curajoase aventuri al\u0103turi de copii.<\/p>\n<p>Cu masc\u0103 cool, detalii aurii str\u0103lucitoare \u0219i o pelerin\u0103 moale, Rosa este preg\u0103tit\u0103 s\u0103 salveze ziua \u00een orice poveste imaginat\u0103. Chipul prietenos \u0219i materialul pl\u0103cut la atingere o fac perfect\u0103 pentru joac\u0103, \u00eembr\u0103\u021bi\u0219\u0103ri \u0219i momente de confort.<\/p>\n<p>Aceast\u0103 p\u0103pu\u0219\u0103 stimuleaz\u0103 imagina\u021bia \u0219i joaca de rol, oferind copiilor ocazia de a crea propriile lor pove\u0219ti cu supereroi.<\/p>\n<p>Superhero Rosa vine ambalat\u0103 \u00eentr-o cutie frumoas\u0103, fiind un cadou ideal pentru micii aventurieri.<\/p>\n<p>Caracteristici:<\/p>\n<p>&nbsp;<\/p>\n<ul>\n<li>Dimensiune: 35 cm<\/li>\n<li>Material: poliester moale<\/li>\n<li>V\u00e2rsta recomandat\u0103: 12 luni+<\/li>\n<li>Brand: Little Dutch<\/li>\n<\/ul>\n<p>&nbsp;<\/p>\n<p>&nbsp;<\/p>\n<p>&nbsp;<\/p>\n","protected":false},"excerpt":{"rendered":"<p>Superhero Rosa este o p\u0103pu\u0219\u0103 textil\u0103 special\u0103 din colec\u021bia Little Dutch, gata s\u0103 porneasc\u0103 \u00een cele mai curajoase aventuri al\u0103turi de copii. Cu masc\u0103 cool, detalii aurii str\u0103lucitoare \u0219i o pelerin\u0103 moale, Rosa este preg\u0103tit\u0103 s\u0103 salveze ziua \u00een orice poveste imaginat\u0103. Chipul prietenos \u0219i materialul pl\u0103cut la atingere o fac perfect\u0103 pentru joac\u0103, \u00eembr\u0103\u021bi\u0219\u0103ri [&hellip;]<\/p>\n","protected":false},"featured_media":34735,"comment_status":"open","ping_status":"closed","template":"","meta":{"site-sidebar-layout":"default","site-content-layout":"","ast-site-content-layout":"default","site-content-style":"default","site-sidebar-style":"default","ast-global-header-display":"","ast-banner-title-visibility":"","ast-main-header-display":"","ast-hfb-above-header-display":"","ast-hfb-below-header-display":"","ast-hfb-mobile-header-display":"","site-post-title":"","ast-breadcrumbs-content":"","ast-featured-img":"","footer-sml-layout":"","theme-transparent-header-meta":"default","adv-header-id-meta":"","stick-header-meta":"default","header-above-stick-meta":"","header-main-stick-meta":"","header-below-stick-meta":"","astra-migrate-meta-layouts":"set","ast-page-background-enabled":"default","ast-page-background-meta":{"desktop":{"background-color":"","background-image":"","background-repeat":"repeat","background-position":"center center","background-size":"auto","background-attachment":"scroll","background-type":"","background-media":"","overlay-type":"","overlay-color":"","overlay-opacity":"","overlay-gradient":""},"tablet":{"background-color":"","background-image":"","background-repeat":"repeat","background-position":"center center","background-size":"auto","background-attachment":"scroll","background-type":"","background-media":"","overlay-type":"","overlay-color":"","overlay-opacity":"","overlay-gradient":""},"mobile":{"background-color":"","background-image":"","background-repeat":"repeat","background-position":"center center","background-size":"auto","background-attachment":"scroll","background-type":"","background-media":"","overlay-type":"","overlay-color":"","overlay-opacity":"","overlay-gradient":""}},"ast-content-background-meta":{"desktop":{"background-color":"var(--ast-global-color-5)","background-image":"","background-repeat":"repeat","background-position":"center center","background-size":"auto","background-attachment":"scroll","background-type":"","background-media":"","overlay-type":"","overlay-color":"","overlay-opacity":"","overlay-gradient":""},"tablet":{"background-color":"var(--ast-global-color-5)","background-image":"","background-repeat":"repeat","background-position":"center center","background-size":"auto","background-attachment":"scroll","background-type":"","background-media":"","overlay-type":"","overlay-color":"","overlay-opacity":"","overlay-gradient":""},"mobile":{"background-color":"var(--ast-global-color-5)","background-image":"","background-repeat":"repeat","background-position":"center center","background-size":"auto","background-attachment":"scroll","background-type":"","background-media":"","overlay-type":"","overlay-color":"","overlay-opacity":"","overlay-gradient":""}}},"product_brand":[],"product_cat":[65,67],"product_tag":[],"class_list":{"0":"post-34734","1":"product","2":"type-product","3":"status-publish","4":"has-post-thumbnail","6":"product_cat-noutati-minunate-pentru-puiul-tau","7":"product_cat-papusi-adorabile-si-accesoriile-lor-deosebite","8":"desktop-align-left","9":"tablet-align-left","10":"mobile-align-left","11":"ast-product-gallery-layout-horizontal-slider","12":"ast-product-tabs-layout-vertical","13":"ast-qv-on-image","15":"first","16":"instock","17":"shipping-taxable","18":"purchasable","19":"product-type-simple"},"yoast_head":"<!-- This site is optimized with the Yoast SEO plugin v22.6 - https:\/\/yoast.com\/wordpress\/plugins\/seo\/ -->\n<title>Papusa textila - Superhero Rosa - 35 cm - Little Dutch<\/title>\n<meta name=\"robots\" content=\"index, follow, max-snippet:-1, max-image-preview:large, max-video-preview:-1\" \/>\n<link rel=\"canonical\" href=\"https:\/\/bunnyboo.ro\/produs\/papusa-textila-superherorosa-35-cm-little-dutch\/\" \/>\n<meta property=\"og:locale\" content=\"en_US\" \/>\n<meta property=\"og:type\" content=\"article\" \/>\n<meta property=\"og:title\" content=\"Papusa textila - Superhero Rosa - 35 cm - Little Dutch\" \/>\n<meta property=\"og:description\" content=\"Superhero Rosa este o p\u0103pu\u0219\u0103 textil\u0103 special\u0103 din colec\u021bia Little Dutch, gata s\u0103 porneasc\u0103 \u00een cele mai curajoase aventuri al\u0103turi de copii. Cu masc\u0103 cool, detalii aurii str\u0103lucitoare \u0219i o pelerin\u0103 moale, Rosa este preg\u0103tit\u0103 s\u0103 salveze ziua \u00een orice poveste imaginat\u0103. Chipul prietenos \u0219i materialul pl\u0103cut la atingere o fac perfect\u0103 pentru joac\u0103, \u00eembr\u0103\u021bi\u0219\u0103ri [&hellip;]\" \/>\n<meta property=\"og:url\" content=\"https:\/\/bunnyboo.ro\/produs\/papusa-textila-superherorosa-35-cm-little-dutch\/\" \/>\n<meta property=\"og:site_name\" content=\"Bunny Boo\" \/>\n<meta property=\"article:modified_time\" content=\"2026-03-05T19:20:30+00:00\" \/>\n<meta property=\"og:image\" content=\"https:\/\/bunnyboo.ro\/wp-content\/uploads\/2026\/03\/IMG_1563.png\" \/>\n\t<meta property=\"og:image:width\" content=\"1200\" \/>\n\t<meta property=\"og:image:height\" content=\"1200\" \/>\n\t<meta property=\"og:image:type\" content=\"image\/png\" \/>\n<meta name=\"twitter:card\" content=\"summary_large_image\" \/>\n<meta name=\"twitter:label1\" content=\"Est. reading time\" \/>\n\t<meta name=\"twitter:data1\" content=\"1 minute\" \/>\n<script type=\"application\/ld+json\" class=\"yoast-schema-graph\">{\"@context\":\"https:\/\/schema.org\",\"@graph\":[{\"@type\":\"WebPage\",\"@id\":\"https:\/\/bunnyboo.ro\/produs\/papusa-textila-superherorosa-35-cm-little-dutch\/\",\"url\":\"https:\/\/bunnyboo.ro\/produs\/papusa-textila-superherorosa-35-cm-little-dutch\/\",\"name\":\"Papusa textila - Superhero Rosa - 35 cm - Little Dutch\",\"isPartOf\":{\"@id\":\"https:\/\/bunnyboo.ro\/#website\"},\"primaryImageOfPage\":{\"@id\":\"https:\/\/bunnyboo.ro\/produs\/papusa-textila-superherorosa-35-cm-little-dutch\/#primaryimage\"},\"image\":{\"@id\":\"https:\/\/bunnyboo.ro\/produs\/papusa-textila-superherorosa-35-cm-little-dutch\/#primaryimage\"},\"thumbnailUrl\":\"https:\/\/bunnyboo.ro\/wp-content\/uploads\/2026\/03\/IMG_1563.png\",\"datePublished\":\"2026-03-05T11:47:30+00:00\",\"dateModified\":\"2026-03-05T19:20:30+00:00\",\"breadcrumb\":{\"@id\":\"https:\/\/bunnyboo.ro\/produs\/papusa-textila-superherorosa-35-cm-little-dutch\/#breadcrumb\"},\"inLanguage\":\"en-US\",\"potentialAction\":[{\"@type\":\"ReadAction\",\"target\":[\"https:\/\/bunnyboo.ro\/produs\/papusa-textila-superherorosa-35-cm-little-dutch\/\"]}]},{\"@type\":\"ImageObject\",\"inLanguage\":\"en-US\",\"@id\":\"https:\/\/bunnyboo.ro\/produs\/papusa-textila-superherorosa-35-cm-little-dutch\/#primaryimage\",\"url\":\"https:\/\/bunnyboo.ro\/wp-content\/uploads\/2026\/03\/IMG_1563.png\",\"contentUrl\":\"https:\/\/bunnyboo.ro\/wp-content\/uploads\/2026\/03\/IMG_1563.png\",\"width\":1200,\"height\":1200},{\"@type\":\"BreadcrumbList\",\"@id\":\"https:\/\/bunnyboo.ro\/produs\/papusa-textila-superherorosa-35-cm-little-dutch\/#breadcrumb\",\"itemListElement\":[{\"@type\":\"ListItem\",\"position\":1,\"name\":\"Home\",\"item\":\"https:\/\/bunnyboo.ro\/en\/\"},{\"@type\":\"ListItem\",\"position\":2,\"name\":\"New\",\"item\":\"https:\/\/bunnyboo.ro\/en\/shop\/\"},{\"@type\":\"ListItem\",\"position\":3,\"name\":\"Papusa textila &#8211; Superhero Rosa &#8211; 35 cm &#8211; Little Dutch\"}]},{\"@type\":\"WebSite\",\"@id\":\"https:\/\/bunnyboo.ro\/#website\",\"url\":\"https:\/\/bunnyboo.ro\/\",\"name\":\"Bunny Boo\",\"description\":\"Bunny Boo\",\"publisher\":{\"@id\":\"https:\/\/bunnyboo.ro\/#organization\"},\"potentialAction\":[{\"@type\":\"SearchAction\",\"target\":{\"@type\":\"EntryPoint\",\"urlTemplate\":\"https:\/\/bunnyboo.ro\/?s={search_term_string}\"},\"query-input\":\"required name=search_term_string\"}],\"inLanguage\":\"en-US\"},{\"@type\":\"Organization\",\"@id\":\"https:\/\/bunnyboo.ro\/#organization\",\"name\":\"Bunny Boo\",\"url\":\"https:\/\/bunnyboo.ro\/\",\"logo\":{\"@type\":\"ImageObject\",\"inLanguage\":\"en-US\",\"@id\":\"https:\/\/bunnyboo.ro\/#\/schema\/logo\/image\/\",\"url\":\"https:\/\/bunnyboo.ro\/wp-content\/uploads\/2024\/03\/Logo-website-black.png\",\"contentUrl\":\"https:\/\/bunnyboo.ro\/wp-content\/uploads\/2024\/03\/Logo-website-black.png\",\"width\":2422,\"height\":946,\"caption\":\"Bunny Boo\"},\"image\":{\"@id\":\"https:\/\/bunnyboo.ro\/#\/schema\/logo\/image\/\"}}]}<\/script>\n<!-- \/ Yoast SEO plugin. -->","yoast_head_json":{"title":"Papusa textila - Superhero Rosa - 35 cm - Little Dutch","robots":{"index":"index","follow":"follow","max-snippet":"max-snippet:-1","max-image-preview":"max-image-preview:large","max-video-preview":"max-video-preview:-1"},"canonical":"https:\/\/bunnyboo.ro\/produs\/papusa-textila-superherorosa-35-cm-little-dutch\/","og_locale":"en_US","og_type":"article","og_title":"Papusa textila - Superhero Rosa - 35 cm - Little Dutch","og_description":"Superhero Rosa este o p\u0103pu\u0219\u0103 textil\u0103 special\u0103 din colec\u021bia Little Dutch, gata s\u0103 porneasc\u0103 \u00een cele mai curajoase aventuri al\u0103turi de copii. Cu masc\u0103 cool, detalii aurii str\u0103lucitoare \u0219i o pelerin\u0103 moale, Rosa este preg\u0103tit\u0103 s\u0103 salveze ziua \u00een orice poveste imaginat\u0103. Chipul prietenos \u0219i materialul pl\u0103cut la atingere o fac perfect\u0103 pentru joac\u0103, \u00eembr\u0103\u021bi\u0219\u0103ri [&hellip;]","og_url":"https:\/\/bunnyboo.ro\/produs\/papusa-textila-superherorosa-35-cm-little-dutch\/","og_site_name":"Bunny Boo","article_modified_time":"2026-03-05T19:20:30+00:00","og_image":[{"width":1200,"height":1200,"url":"https:\/\/bunnyboo.ro\/wp-content\/uploads\/2026\/03\/IMG_1563.png","type":"image\/png"}],"twitter_card":"summary_large_image","twitter_misc":{"Est. reading time":"1 minute"},"schema":{"@context":"https:\/\/schema.org","@graph":[{"@type":"WebPage","@id":"https:\/\/bunnyboo.ro\/produs\/papusa-textila-superherorosa-35-cm-little-dutch\/","url":"https:\/\/bunnyboo.ro\/produs\/papusa-textila-superherorosa-35-cm-little-dutch\/","name":"Papusa textila - Superhero Rosa - 35 cm - Little Dutch","isPartOf":{"@id":"https:\/\/bunnyboo.ro\/#website"},"primaryImageOfPage":{"@id":"https:\/\/bunnyboo.ro\/produs\/papusa-textila-superherorosa-35-cm-little-dutch\/#primaryimage"},"image":{"@id":"https:\/\/bunnyboo.ro\/produs\/papusa-textila-superherorosa-35-cm-little-dutch\/#primaryimage"},"thumbnailUrl":"https:\/\/bunnyboo.ro\/wp-content\/uploads\/2026\/03\/IMG_1563.png","datePublished":"2026-03-05T11:47:30+00:00","dateModified":"2026-03-05T19:20:30+00:00","breadcrumb":{"@id":"https:\/\/bunnyboo.ro\/produs\/papusa-textila-superherorosa-35-cm-little-dutch\/#breadcrumb"},"inLanguage":"en-US","potentialAction":[{"@type":"ReadAction","target":["https:\/\/bunnyboo.ro\/produs\/papusa-textila-superherorosa-35-cm-little-dutch\/"]}]},{"@type":"ImageObject","inLanguage":"en-US","@id":"https:\/\/bunnyboo.ro\/produs\/papusa-textila-superherorosa-35-cm-little-dutch\/#primaryimage","url":"https:\/\/bunnyboo.ro\/wp-content\/uploads\/2026\/03\/IMG_1563.png","contentUrl":"https:\/\/bunnyboo.ro\/wp-content\/uploads\/2026\/03\/IMG_1563.png","width":1200,"height":1200},{"@type":"BreadcrumbList","@id":"https:\/\/bunnyboo.ro\/produs\/papusa-textila-superherorosa-35-cm-little-dutch\/#breadcrumb","itemListElement":[{"@type":"ListItem","position":1,"name":"Home","item":"https:\/\/bunnyboo.ro\/en\/"},{"@type":"ListItem","position":2,"name":"New","item":"https:\/\/bunnyboo.ro\/en\/shop\/"},{"@type":"ListItem","position":3,"name":"Papusa textila &#8211; Superhero Rosa &#8211; 35 cm &#8211; Little Dutch"}]},{"@type":"WebSite","@id":"https:\/\/bunnyboo.ro\/#website","url":"https:\/\/bunnyboo.ro\/","name":"Bunny Boo","description":"Bunny Boo","publisher":{"@id":"https:\/\/bunnyboo.ro\/#organization"},"potentialAction":[{"@type":"SearchAction","target":{"@type":"EntryPoint","urlTemplate":"https:\/\/bunnyboo.ro\/?s={search_term_string}"},"query-input":"required name=search_term_string"}],"inLanguage":"en-US"},{"@type":"Organization","@id":"https:\/\/bunnyboo.ro\/#organization","name":"Bunny Boo","url":"https:\/\/bunnyboo.ro\/","logo":{"@type":"ImageObject","inLanguage":"en-US","@id":"https:\/\/bunnyboo.ro\/#\/schema\/logo\/image\/","url":"https:\/\/bunnyboo.ro\/wp-content\/uploads\/2024\/03\/Logo-website-black.png","contentUrl":"https:\/\/bunnyboo.ro\/wp-content\/uploads\/2024\/03\/Logo-website-black.png","width":2422,"height":946,"caption":"Bunny Boo"},"image":{"@id":"https:\/\/bunnyboo.ro\/#\/schema\/logo\/image\/"}}]}},"_links":{"self":[{"href":"https:\/\/bunnyboo.ro\/en\/wp-json\/wp\/v2\/product\/34734","targetHints":{"allow":["GET"]}}],"collection":[{"href":"https:\/\/bunnyboo.ro\/en\/wp-json\/wp\/v2\/product"}],"about":[{"href":"https:\/\/bunnyboo.ro\/en\/wp-json\/wp\/v2\/types\/product"}],"replies":[{"embeddable":true,"href":"https:\/\/bunnyboo.ro\/en\/wp-json\/wp\/v2\/comments?post=34734"}],"wp:featuredmedia":[{"embeddable":true,"href":"https:\/\/bunnyboo.ro\/en\/wp-json\/wp\/v2\/media\/34735"}],"wp:attachment":[{"href":"https:\/\/bunnyboo.ro\/en\/wp-json\/wp\/v2\/media?parent=34734"}],"wp:term":[{"taxonomy":"product_brand","embeddable":true,"href":"https:\/\/bunnyboo.ro\/en\/wp-json\/wp\/v2\/product_brand?post=34734"},{"taxonomy":"product_cat","embeddable":true,"href":"https:\/\/bunnyboo.ro\/en\/wp-json\/wp\/v2\/product_cat?post=34734"},{"taxonomy":"product_tag","embeddable":true,"href":"https:\/\/bunnyboo.ro\/en\/wp-json\/wp\/v2\/product_tag?post=34734"}],"curies":[{"name":"wp","href":"https:\/\/api.w.org\/{rel}","templated":true}]}}