{"id":34433,"date":"2026-02-12T14:46:04","date_gmt":"2026-02-12T12:46:04","guid":{"rendered":"https:\/\/bunnyboo.ro\/?post_type=product&#038;p=34433"},"modified":"2026-03-26T14:58:29","modified_gmt":"2026-03-26T12:58:29","slug":"set-magnetic-glitter-castle-pack-48-piese-connetix","status":"publish","type":"product","link":"https:\/\/bunnyboo.ro\/en\/produs\/set-magnetic-glitter-castle-pack-48-piese-connetix\/","title":{"rendered":"Set magnetic Glitter Castle Pack 48 piese &#8211; Connetix"},"content":{"rendered":"<div class=\"I_ZiTj5d C_1GbO8e W_6D6F D_F ek_BB z_n m_22RyjK em_N O_0 ah_16P6j9 ai_Zc7bQR\" role=\"region\" data-test-id=\"message-view-body\" aria-labelledby=\"message-view-body-landmark\">\n<div class=\"msg-body mq_AS\" data-test-id=\"message-view-body-content\">\n<div class=\"je_2kCCw7 jb_dm5 X_7sfl N_7sfl\">\n<div>\n<div id=\"yiv5054255212\">\n<div>\n<p>Creat pentru imagina\u021bii mari \u0219i mici exploratori ai pove\u0219tilor, setul CONNETIX cu pl\u0103ci glitter adaug\u0103 un strop de magie fiec\u0103rei construc\u021bii. \u00cen culori pastel \u0219i curcubeu vibrante, cu efect str\u0103lucitor multidimensional, acest pachet transform\u0103 fiecare crea\u021bie \u00eentr-un adev\u0103rat spectacol vizual.<\/p>\n<p>Setul include p\u0103trate \u0219i o combina\u021bie de triunghiuri isoscele \u0219i echilaterale, perfecte pentru construirea de castele str\u0103lucitoare, turnuri, poduri, animale \u0219i multe alte crea\u021bii imaginative.<\/p>\n<p>Joac\u0103 liber\u0103 \u0219i \u00eenv\u0103\u021bare prin explorare<\/p>\n<p>Designul unic CONNETIX cu margini te\u015fite permite luminii s\u0103 p\u0103trund\u0103 prin piese, eviden\u021biind particulele fine iridescente \u0219i cre\u00e2nd reflexii spectaculoase din orice unghi.<\/p>\n<p>Copiii vor descoperi:<\/p>\n<ul>\n<li>explorarea culorilor \u0219i a luminii<\/li>\n<li>dezvoltarea abilit\u0103\u021bilor STEAM<\/li>\n<li>pove\u0219ti \u0219i lumi fantastice<\/li>\n<li>\u00eenv\u0103\u021bare practic\u0103, prin joac\u0103 activ\u0103<\/li>\n<\/ul>\n<p>Acest set open-ended stimuleaz\u0103 creativitatea, g\u00e2ndirea logic\u0103 \u0219i ore \u00eentregi de distrac\u021bie educativ\u0103.<\/p>\n<p>Cre\u0219te odat\u0103 cu copilul<\/p>\n<p>Conceput pentru a fi iubit de copii de toate v\u00e2rstele, acest set ofer\u0103 nenum\u0103rate posibilit\u0103\u021bi de creare, \u00eenv\u0103\u021bare \u0219i joac\u0103. Pe m\u0103sur\u0103 ce cresc, copiii \u00ee\u0219i pot dezvolta abilit\u0103\u021bile \u0219i pot construi structuri tot mai complexe.<\/p>\n<p>Poate fi utilizat ca set individual sau combinat cu alte pachete CONNETIX pentru construc\u021bii \u0219i mai spectaculoase.<\/p>\n<p>Calitate premium &amp; siguran\u021b\u0103 sporit\u0103<\/p>\n<ul>\n<li>Design exclusiv cu margini te\u015fite pentru rezisten\u021b\u0103 \u0219i efect vizual clar<\/li>\n<li>Magne\u021bi puternici pentru construc\u021bii stabile<\/li>\n<li>Plastic ABS non-toxic<\/li>\n<li>F\u0103r\u0103 BPA \u0219i ftala\u021bi<\/li>\n<li>Sigilat ultrasonic \u0219i nituit pentru durabilitate maxim\u0103<\/li>\n<li>Recomandat pentru copii 3+ ani<\/li>\n<\/ul>\n<div dir=\"ltr\"><\/div>\n<\/div>\n<\/div>\n<\/div>\n<\/div>\n<\/div>\n<\/div>\n<div class=\"D_F eo_HB U_0 ab_C gl_C crqN_6Fd5 H_3n93F\" data-test-id=\"reply-toolbar\"><button class=\"r_P e_Z1mIQBG A_6EGz fd_N u_e69 i_N D_F ab_C gl_C k_w j4_1mc63A lv4_2k4xdS j0_1mc63A cZIxwby_dRA H_7ceA P_ODIi5 q_ZiTj5d b_22gXSO C_1GbO8e b4_Z2utlOw q4_WEuPY b0_Z2utlOw q0_Z25M4so \"><span class=\"o_h D_F ab_C crqN_1dRDFl\"><span class=\"G_e o_h P_Z20vKSK J_x \">Reply<\/span><\/span><\/button><\/div>\n","protected":false},"excerpt":{"rendered":"<p>Creat pentru imagina\u021bii mari \u0219i mici exploratori ai pove\u0219tilor, setul CONNETIX cu pl\u0103ci glitter adaug\u0103 un strop de magie fiec\u0103rei construc\u021bii. \u00cen culori pastel \u0219i curcubeu vibrante, cu efect str\u0103lucitor multidimensional, acest pachet transform\u0103 fiecare crea\u021bie \u00eentr-un adev\u0103rat spectacol vizual. Setul include p\u0103trate \u0219i o combina\u021bie de triunghiuri isoscele \u0219i echilaterale, perfecte pentru construirea de [&hellip;]<\/p>\n","protected":false},"featured_media":34434,"comment_status":"open","ping_status":"closed","template":"","meta":{"site-sidebar-layout":"default","site-content-layout":"","ast-site-content-layout":"default","site-content-style":"default","site-sidebar-style":"default","ast-global-header-display":"","ast-banner-title-visibility":"","ast-main-header-display":"","ast-hfb-above-header-display":"","ast-hfb-below-header-display":"","ast-hfb-mobile-header-display":"","site-post-title":"","ast-breadcrumbs-content":"","ast-featured-img":"","footer-sml-layout":"","theme-transparent-header-meta":"default","adv-header-id-meta":"","stick-header-meta":"default","header-above-stick-meta":"","header-main-stick-meta":"","header-below-stick-meta":"","astra-migrate-meta-layouts":"set","ast-page-background-enabled":"default","ast-page-background-meta":{"desktop":{"background-color":"","background-image":"","background-repeat":"repeat","background-position":"center center","background-size":"auto","background-attachment":"scroll","background-type":"","background-media":"","overlay-type":"","overlay-color":"","overlay-opacity":"","overlay-gradient":""},"tablet":{"background-color":"","background-image":"","background-repeat":"repeat","background-position":"center center","background-size":"auto","background-attachment":"scroll","background-type":"","background-media":"","overlay-type":"","overlay-color":"","overlay-opacity":"","overlay-gradient":""},"mobile":{"background-color":"","background-image":"","background-repeat":"repeat","background-position":"center center","background-size":"auto","background-attachment":"scroll","background-type":"","background-media":"","overlay-type":"","overlay-color":"","overlay-opacity":"","overlay-gradient":""}},"ast-content-background-meta":{"desktop":{"background-color":"var(--ast-global-color-5)","background-image":"","background-repeat":"repeat","background-position":"center center","background-size":"auto","background-attachment":"scroll","background-type":"","background-media":"","overlay-type":"","overlay-color":"","overlay-opacity":"","overlay-gradient":""},"tablet":{"background-color":"var(--ast-global-color-5)","background-image":"","background-repeat":"repeat","background-position":"center center","background-size":"auto","background-attachment":"scroll","background-type":"","background-media":"","overlay-type":"","overlay-color":"","overlay-opacity":"","overlay-gradient":""},"mobile":{"background-color":"var(--ast-global-color-5)","background-image":"","background-repeat":"repeat","background-position":"center center","background-size":"auto","background-attachment":"scroll","background-type":"","background-media":"","overlay-type":"","overlay-color":"","overlay-opacity":"","overlay-gradient":""}}},"product_brand":[],"product_cat":[65,95,132],"product_tag":[],"class_list":{"0":"post-34433","1":"product","2":"type-product","3":"status-publish","4":"has-post-thumbnail","6":"product_cat-noutati-minunate-pentru-puiul-tau","7":"product_cat-distractie-fara-limite-cu-seturile-magnetice","8":"product_cat-reduceri-pentru-tine","9":"desktop-align-left","10":"tablet-align-left","11":"mobile-align-left","12":"ast-product-gallery-layout-horizontal-slider","13":"ast-product-tabs-layout-vertical","14":"ast-qv-on-image","16":"first","17":"instock","18":"sale","19":"shipping-taxable","20":"purchasable","21":"product-type-simple"},"yoast_head":"<!-- This site is optimized with the Yoast SEO plugin v22.6 - https:\/\/yoast.com\/wordpress\/plugins\/seo\/ -->\n<title>Set magnetic Glitter Castle Pack 48 piese - Connetix<\/title>\n<meta name=\"robots\" content=\"index, follow, max-snippet:-1, max-image-preview:large, max-video-preview:-1\" \/>\n<link rel=\"canonical\" href=\"https:\/\/bunnyboo.ro\/produs\/set-magnetic-glitter-castle-pack-48-piese-connetix\/\" \/>\n<meta property=\"og:locale\" content=\"en_US\" \/>\n<meta property=\"og:type\" content=\"article\" \/>\n<meta property=\"og:title\" content=\"Set magnetic Glitter Castle Pack 48 piese - Connetix\" \/>\n<meta property=\"og:description\" content=\"Creat pentru imagina\u021bii mari \u0219i mici exploratori ai pove\u0219tilor, setul CONNETIX cu pl\u0103ci glitter adaug\u0103 un strop de magie fiec\u0103rei construc\u021bii. \u00cen culori pastel \u0219i curcubeu vibrante, cu efect str\u0103lucitor multidimensional, acest pachet transform\u0103 fiecare crea\u021bie \u00eentr-un adev\u0103rat spectacol vizual. Setul include p\u0103trate \u0219i o combina\u021bie de triunghiuri isoscele \u0219i echilaterale, perfecte pentru construirea de [&hellip;]\" \/>\n<meta property=\"og:url\" content=\"https:\/\/bunnyboo.ro\/produs\/set-magnetic-glitter-castle-pack-48-piese-connetix\/\" \/>\n<meta property=\"og:site_name\" content=\"Bunny Boo\" \/>\n<meta property=\"article:modified_time\" content=\"2026-03-26T12:58:29+00:00\" \/>\n<meta property=\"og:image\" content=\"https:\/\/bunnyboo.ro\/wp-content\/uploads\/2026\/02\/2-removebg-preview.png\" \/>\n\t<meta property=\"og:image:width\" content=\"500\" \/>\n\t<meta property=\"og:image:height\" content=\"500\" \/>\n\t<meta property=\"og:image:type\" content=\"image\/png\" \/>\n<meta name=\"twitter:card\" content=\"summary_large_image\" \/>\n<meta name=\"twitter:label1\" content=\"Est. reading time\" \/>\n\t<meta name=\"twitter:data1\" content=\"2 minutes\" \/>\n<script type=\"application\/ld+json\" class=\"yoast-schema-graph\">{\"@context\":\"https:\/\/schema.org\",\"@graph\":[{\"@type\":\"WebPage\",\"@id\":\"https:\/\/bunnyboo.ro\/produs\/set-magnetic-glitter-castle-pack-48-piese-connetix\/\",\"url\":\"https:\/\/bunnyboo.ro\/produs\/set-magnetic-glitter-castle-pack-48-piese-connetix\/\",\"name\":\"Set magnetic Glitter Castle Pack 48 piese - Connetix\",\"isPartOf\":{\"@id\":\"https:\/\/bunnyboo.ro\/#website\"},\"primaryImageOfPage\":{\"@id\":\"https:\/\/bunnyboo.ro\/produs\/set-magnetic-glitter-castle-pack-48-piese-connetix\/#primaryimage\"},\"image\":{\"@id\":\"https:\/\/bunnyboo.ro\/produs\/set-magnetic-glitter-castle-pack-48-piese-connetix\/#primaryimage\"},\"thumbnailUrl\":\"https:\/\/bunnyboo.ro\/wp-content\/uploads\/2026\/02\/2-removebg-preview.png\",\"datePublished\":\"2026-02-12T12:46:04+00:00\",\"dateModified\":\"2026-03-26T12:58:29+00:00\",\"breadcrumb\":{\"@id\":\"https:\/\/bunnyboo.ro\/produs\/set-magnetic-glitter-castle-pack-48-piese-connetix\/#breadcrumb\"},\"inLanguage\":\"en-US\",\"potentialAction\":[{\"@type\":\"ReadAction\",\"target\":[\"https:\/\/bunnyboo.ro\/produs\/set-magnetic-glitter-castle-pack-48-piese-connetix\/\"]}]},{\"@type\":\"ImageObject\",\"inLanguage\":\"en-US\",\"@id\":\"https:\/\/bunnyboo.ro\/produs\/set-magnetic-glitter-castle-pack-48-piese-connetix\/#primaryimage\",\"url\":\"https:\/\/bunnyboo.ro\/wp-content\/uploads\/2026\/02\/2-removebg-preview.png\",\"contentUrl\":\"https:\/\/bunnyboo.ro\/wp-content\/uploads\/2026\/02\/2-removebg-preview.png\",\"width\":500,\"height\":500},{\"@type\":\"BreadcrumbList\",\"@id\":\"https:\/\/bunnyboo.ro\/produs\/set-magnetic-glitter-castle-pack-48-piese-connetix\/#breadcrumb\",\"itemListElement\":[{\"@type\":\"ListItem\",\"position\":1,\"name\":\"Home\",\"item\":\"https:\/\/bunnyboo.ro\/en\/\"},{\"@type\":\"ListItem\",\"position\":2,\"name\":\"New\",\"item\":\"https:\/\/bunnyboo.ro\/en\/shop\/\"},{\"@type\":\"ListItem\",\"position\":3,\"name\":\"Set magnetic Glitter Castle Pack 48 piese &#8211; Connetix\"}]},{\"@type\":\"WebSite\",\"@id\":\"https:\/\/bunnyboo.ro\/#website\",\"url\":\"https:\/\/bunnyboo.ro\/\",\"name\":\"Bunny Boo\",\"description\":\"Bunny Boo\",\"publisher\":{\"@id\":\"https:\/\/bunnyboo.ro\/#organization\"},\"potentialAction\":[{\"@type\":\"SearchAction\",\"target\":{\"@type\":\"EntryPoint\",\"urlTemplate\":\"https:\/\/bunnyboo.ro\/?s={search_term_string}\"},\"query-input\":\"required name=search_term_string\"}],\"inLanguage\":\"en-US\"},{\"@type\":\"Organization\",\"@id\":\"https:\/\/bunnyboo.ro\/#organization\",\"name\":\"Bunny Boo\",\"url\":\"https:\/\/bunnyboo.ro\/\",\"logo\":{\"@type\":\"ImageObject\",\"inLanguage\":\"en-US\",\"@id\":\"https:\/\/bunnyboo.ro\/#\/schema\/logo\/image\/\",\"url\":\"https:\/\/bunnyboo.ro\/wp-content\/uploads\/2024\/03\/Logo-website-black.png\",\"contentUrl\":\"https:\/\/bunnyboo.ro\/wp-content\/uploads\/2024\/03\/Logo-website-black.png\",\"width\":2422,\"height\":946,\"caption\":\"Bunny Boo\"},\"image\":{\"@id\":\"https:\/\/bunnyboo.ro\/#\/schema\/logo\/image\/\"}}]}<\/script>\n<!-- \/ Yoast SEO plugin. -->","yoast_head_json":{"title":"Set magnetic Glitter Castle Pack 48 piese - Connetix","robots":{"index":"index","follow":"follow","max-snippet":"max-snippet:-1","max-image-preview":"max-image-preview:large","max-video-preview":"max-video-preview:-1"},"canonical":"https:\/\/bunnyboo.ro\/produs\/set-magnetic-glitter-castle-pack-48-piese-connetix\/","og_locale":"en_US","og_type":"article","og_title":"Set magnetic Glitter Castle Pack 48 piese - Connetix","og_description":"Creat pentru imagina\u021bii mari \u0219i mici exploratori ai pove\u0219tilor, setul CONNETIX cu pl\u0103ci glitter adaug\u0103 un strop de magie fiec\u0103rei construc\u021bii. \u00cen culori pastel \u0219i curcubeu vibrante, cu efect str\u0103lucitor multidimensional, acest pachet transform\u0103 fiecare crea\u021bie \u00eentr-un adev\u0103rat spectacol vizual. Setul include p\u0103trate \u0219i o combina\u021bie de triunghiuri isoscele \u0219i echilaterale, perfecte pentru construirea de [&hellip;]","og_url":"https:\/\/bunnyboo.ro\/produs\/set-magnetic-glitter-castle-pack-48-piese-connetix\/","og_site_name":"Bunny Boo","article_modified_time":"2026-03-26T12:58:29+00:00","og_image":[{"width":500,"height":500,"url":"https:\/\/bunnyboo.ro\/wp-content\/uploads\/2026\/02\/2-removebg-preview.png","type":"image\/png"}],"twitter_card":"summary_large_image","twitter_misc":{"Est. reading time":"2 minutes"},"schema":{"@context":"https:\/\/schema.org","@graph":[{"@type":"WebPage","@id":"https:\/\/bunnyboo.ro\/produs\/set-magnetic-glitter-castle-pack-48-piese-connetix\/","url":"https:\/\/bunnyboo.ro\/produs\/set-magnetic-glitter-castle-pack-48-piese-connetix\/","name":"Set magnetic Glitter Castle Pack 48 piese - Connetix","isPartOf":{"@id":"https:\/\/bunnyboo.ro\/#website"},"primaryImageOfPage":{"@id":"https:\/\/bunnyboo.ro\/produs\/set-magnetic-glitter-castle-pack-48-piese-connetix\/#primaryimage"},"image":{"@id":"https:\/\/bunnyboo.ro\/produs\/set-magnetic-glitter-castle-pack-48-piese-connetix\/#primaryimage"},"thumbnailUrl":"https:\/\/bunnyboo.ro\/wp-content\/uploads\/2026\/02\/2-removebg-preview.png","datePublished":"2026-02-12T12:46:04+00:00","dateModified":"2026-03-26T12:58:29+00:00","breadcrumb":{"@id":"https:\/\/bunnyboo.ro\/produs\/set-magnetic-glitter-castle-pack-48-piese-connetix\/#breadcrumb"},"inLanguage":"en-US","potentialAction":[{"@type":"ReadAction","target":["https:\/\/bunnyboo.ro\/produs\/set-magnetic-glitter-castle-pack-48-piese-connetix\/"]}]},{"@type":"ImageObject","inLanguage":"en-US","@id":"https:\/\/bunnyboo.ro\/produs\/set-magnetic-glitter-castle-pack-48-piese-connetix\/#primaryimage","url":"https:\/\/bunnyboo.ro\/wp-content\/uploads\/2026\/02\/2-removebg-preview.png","contentUrl":"https:\/\/bunnyboo.ro\/wp-content\/uploads\/2026\/02\/2-removebg-preview.png","width":500,"height":500},{"@type":"BreadcrumbList","@id":"https:\/\/bunnyboo.ro\/produs\/set-magnetic-glitter-castle-pack-48-piese-connetix\/#breadcrumb","itemListElement":[{"@type":"ListItem","position":1,"name":"Home","item":"https:\/\/bunnyboo.ro\/en\/"},{"@type":"ListItem","position":2,"name":"New","item":"https:\/\/bunnyboo.ro\/en\/shop\/"},{"@type":"ListItem","position":3,"name":"Set magnetic Glitter Castle Pack 48 piese &#8211; Connetix"}]},{"@type":"WebSite","@id":"https:\/\/bunnyboo.ro\/#website","url":"https:\/\/bunnyboo.ro\/","name":"Bunny Boo","description":"Bunny Boo","publisher":{"@id":"https:\/\/bunnyboo.ro\/#organization"},"potentialAction":[{"@type":"SearchAction","target":{"@type":"EntryPoint","urlTemplate":"https:\/\/bunnyboo.ro\/?s={search_term_string}"},"query-input":"required name=search_term_string"}],"inLanguage":"en-US"},{"@type":"Organization","@id":"https:\/\/bunnyboo.ro\/#organization","name":"Bunny Boo","url":"https:\/\/bunnyboo.ro\/","logo":{"@type":"ImageObject","inLanguage":"en-US","@id":"https:\/\/bunnyboo.ro\/#\/schema\/logo\/image\/","url":"https:\/\/bunnyboo.ro\/wp-content\/uploads\/2024\/03\/Logo-website-black.png","contentUrl":"https:\/\/bunnyboo.ro\/wp-content\/uploads\/2024\/03\/Logo-website-black.png","width":2422,"height":946,"caption":"Bunny Boo"},"image":{"@id":"https:\/\/bunnyboo.ro\/#\/schema\/logo\/image\/"}}]}},"_links":{"self":[{"href":"https:\/\/bunnyboo.ro\/en\/wp-json\/wp\/v2\/product\/34433","targetHints":{"allow":["GET"]}}],"collection":[{"href":"https:\/\/bunnyboo.ro\/en\/wp-json\/wp\/v2\/product"}],"about":[{"href":"https:\/\/bunnyboo.ro\/en\/wp-json\/wp\/v2\/types\/product"}],"replies":[{"embeddable":true,"href":"https:\/\/bunnyboo.ro\/en\/wp-json\/wp\/v2\/comments?post=34433"}],"wp:featuredmedia":[{"embeddable":true,"href":"https:\/\/bunnyboo.ro\/en\/wp-json\/wp\/v2\/media\/34434"}],"wp:attachment":[{"href":"https:\/\/bunnyboo.ro\/en\/wp-json\/wp\/v2\/media?parent=34433"}],"wp:term":[{"taxonomy":"product_brand","embeddable":true,"href":"https:\/\/bunnyboo.ro\/en\/wp-json\/wp\/v2\/product_brand?post=34433"},{"taxonomy":"product_cat","embeddable":true,"href":"https:\/\/bunnyboo.ro\/en\/wp-json\/wp\/v2\/product_cat?post=34433"},{"taxonomy":"product_tag","embeddable":true,"href":"https:\/\/bunnyboo.ro\/en\/wp-json\/wp\/v2\/product_tag?post=34433"}],"curies":[{"name":"wp","href":"https:\/\/api.w.org\/{rel}","templated":true}]}}